{"id":9801,"date":"2024-11-11T10:06:13","date_gmt":"2024-11-11T10:06:13","guid":{"rendered":"http:\/\/3.126.27.25\/?post_type=product&#038;p=9801"},"modified":"2024-11-14T14:59:18","modified_gmt":"2024-11-14T14:59:18","slug":"vitaminum-c-kalcium-strong","status":"publish","type":"product","link":"https:\/\/alcedrix.com\/sq\/shop\/vitaminum-c-kalcium-strong\/","title":{"rendered":"Vitaminum C + Kalcium Strong"},"content":{"rendered":"<p>Vitamin C + Kalcium Strong suplement ushqimor \u00ebsht\u00eb nj\u00eb kombinim i kujdessh\u00ebm p\u00ebrb\u00ebr\u00ebsish, fal\u00eb t\u00eb cil\u00ebve:<\/p>\n<ul>\n<li>Ndihmon n\u00eb funksionimin e duhur t\u00eb sistemit imunitar dhe mbrojtjen e qelizave nga stresi oksidativ (vitamina C)<\/li>\n<li>Rrit thithjen e hekurit (vitamina C)<\/li>\n<li>Kontribuon n\u00eb reduktimin e lodhjes dhe t\u00ebrheqjes (vitamina C)<\/li>\n<li>Mb\u00ebshtet funksionimin e muskujve dhe enzimeve tret\u00ebse dhe ruan transmetimin e duhur t\u00eb sistemit nervor (kalciumi)<\/li>\n<li>Merr pjes\u00eb n\u00eb proceset e koagulimit t\u00eb gjakut (kalciumi)<\/li>\n<\/ul>\n<p><strong>Indikacionet<\/strong><\/p>\n<ul>\n<li>Vitamina C kontribuon n\u00eb formimin e kolagjenit p\u00ebr funksionin e duhur t\u00eb kockave, kartilagjin\u00ebs, mishrave t\u00eb dh\u00ebmb\u00ebve, dh\u00ebmb\u00ebve dhe l\u00ebkur\u00ebs.<\/li>\n<li>Kalciumi \u00ebsht\u00eb i nevojsh\u00ebm p\u00ebr ruajtjen e kockave dhe dh\u00ebmb\u00ebve t\u00eb sh\u00ebndetsh\u00ebm.<\/li>\n<\/ul>\n<p><strong>Si t\u00eb p\u00ebrdoret<\/strong><br \/>\nMerrni 1 kapsul\u00eb n\u00eb dit\u00eb me uj\u00eb. Mos e tejkaloni doz\u00ebn e rekomanduar, pra 1 kapsul\u00eb n\u00eb dit\u00eb.<\/p>","protected":false},"excerpt":{"rendered":"<p>Vitamin C + Kalcium Strong suplement ushqimor \u00ebsht\u00eb nj\u00eb kombinim i kujdessh\u00ebm p\u00ebrb\u00ebr\u00ebsish, fal\u00eb t\u00eb cil\u00ebve: Ndihmon n\u00eb funksionimin e duhur t\u00eb sistemit imunitar dhe mbrojtjen e qelizave nga stresi oksidativ (vitamina C) Rrit thithjen e hekurit (vitamina C) Kontribuon n\u00eb reduktimin e lodhjes dhe t\u00ebrheqjes (vitamina C) Mb\u00ebshtet funksionimin e muskujve dhe enzimeve tret\u00ebse [&hellip;]<\/p>","protected":false},"featured_media":9838,"template":"","meta":[],"product_cat":[143,162],"product_tag":[],"class_list":{"0":"post-9801","1":"product","2":"type-product","3":"status-publish","4":"has-post-thumbnail","6":"product_cat-starpharma","7":"product_cat-vitamina-dhe-minerale","9":"first","10":"instock","11":"taxable","12":"shipping-taxable","13":"purchasable","14":"product-type-simple"},"yoast_head":"<!-- This site is optimized with the Yoast SEO plugin v23.6 - https:\/\/yoast.com\/wordpress\/plugins\/seo\/ -->\n<title>Vitaminum C + Kalcium Strong - Alcedrix<\/title>\n<meta name=\"robots\" content=\"index, follow, max-snippet:-1, max-image-preview:large, max-video-preview:-1\" \/>\n<link rel=\"canonical\" href=\"https:\/\/alcedrix.com\/sq\/shop\/vitaminum-c-kalcium-strong\/\" \/>\n<meta property=\"og:locale\" content=\"sq_AL\" \/>\n<meta property=\"og:type\" content=\"article\" \/>\n<meta property=\"og:title\" content=\"Vitaminum C + Kalcium Strong - Alcedrix\" \/>\n<meta property=\"og:description\" content=\"Vitamin C + Kalcium Strong suplement ushqimor \u00ebsht\u00eb nj\u00eb kombinim i kujdessh\u00ebm p\u00ebrb\u00ebr\u00ebsish, fal\u00eb t\u00eb cil\u00ebve: Ndihmon n\u00eb funksionimin e duhur t\u00eb sistemit imunitar dhe mbrojtjen e qelizave nga stresi oksidativ (vitamina C) Rrit thithjen e hekurit (vitamina C) Kontribuon n\u00eb reduktimin e lodhjes dhe t\u00ebrheqjes (vitamina C) Mb\u00ebshtet funksionimin e muskujve dhe enzimeve tret\u00ebse [&hellip;]\" \/>\n<meta property=\"og:url\" content=\"https:\/\/alcedrix.com\/sq\/shop\/vitaminum-c-kalcium-strong\/\" \/>\n<meta property=\"og:site_name\" content=\"Alcedrix\" \/>\n<meta property=\"article:publisher\" content=\"https:\/\/www.facebook.com\/alcedrix\" \/>\n<meta property=\"article:modified_time\" content=\"2024-11-14T14:59:18+00:00\" \/>\n<meta property=\"og:image\" content=\"https:\/\/alcedrix.com\/wp-content\/uploads\/2024\/11\/packshot_Vitaminum-CWapn\u2560u1.jpg\" \/>\n\t<meta property=\"og:image:width\" content=\"700\" \/>\n\t<meta property=\"og:image:height\" content=\"800\" \/>\n\t<meta property=\"og:image:type\" content=\"image\/jpeg\" \/>\n<meta name=\"twitter:card\" content=\"summary_large_image\" \/>\n<meta name=\"twitter:label1\" content=\"Est. reading time\" \/>\n\t<meta name=\"twitter:data1\" content=\"1 minut\u00eb\" \/>\n<script type=\"application\/ld+json\" class=\"yoast-schema-graph\">{\"@context\":\"https:\/\/schema.org\",\"@graph\":[{\"@type\":\"WebPage\",\"@id\":\"https:\/\/alcedrix.com\/sq\/shop\/vitaminum-c-kalcium-strong\/\",\"url\":\"https:\/\/alcedrix.com\/sq\/shop\/vitaminum-c-kalcium-strong\/\",\"name\":\"Vitaminum C + Kalcium Strong - Alcedrix\",\"isPartOf\":{\"@id\":\"http:\/\/alcedrix.com\/#website\"},\"primaryImageOfPage\":{\"@id\":\"https:\/\/alcedrix.com\/sq\/shop\/vitaminum-c-kalcium-strong\/#primaryimage\"},\"image\":{\"@id\":\"https:\/\/alcedrix.com\/sq\/shop\/vitaminum-c-kalcium-strong\/#primaryimage\"},\"thumbnailUrl\":\"https:\/\/alcedrix.com\/wp-content\/uploads\/2024\/11\/packshot_Vitaminum-CWapn\u2560u1.jpg\",\"datePublished\":\"2024-11-11T10:06:13+00:00\",\"dateModified\":\"2024-11-14T14:59:18+00:00\",\"breadcrumb\":{\"@id\":\"https:\/\/alcedrix.com\/sq\/shop\/vitaminum-c-kalcium-strong\/#breadcrumb\"},\"inLanguage\":\"sq\",\"potentialAction\":[{\"@type\":\"ReadAction\",\"target\":[\"https:\/\/alcedrix.com\/sq\/shop\/vitaminum-c-kalcium-strong\/\"]}]},{\"@type\":\"ImageObject\",\"inLanguage\":\"sq\",\"@id\":\"https:\/\/alcedrix.com\/sq\/shop\/vitaminum-c-kalcium-strong\/#primaryimage\",\"url\":\"https:\/\/alcedrix.com\/wp-content\/uploads\/2024\/11\/packshot_Vitaminum-CWapn\u2560u1.jpg\",\"contentUrl\":\"https:\/\/alcedrix.com\/wp-content\/uploads\/2024\/11\/packshot_Vitaminum-CWapn\u2560u1.jpg\",\"width\":700,\"height\":800,\"caption\":\"mockups-design.com\"},{\"@type\":\"BreadcrumbList\",\"@id\":\"https:\/\/alcedrix.com\/sq\/shop\/vitaminum-c-kalcium-strong\/#breadcrumb\",\"itemListElement\":[{\"@type\":\"ListItem\",\"position\":1,\"name\":\"Home\",\"item\":\"http:\/\/alcedrix.com\/\"},{\"@type\":\"ListItem\",\"position\":2,\"name\":\"Shop\",\"item\":\"https:\/\/alcedrix.com\/shop\/\"},{\"@type\":\"ListItem\",\"position\":3,\"name\":\"Vitaminum C + Kalcium Strong\"}]},{\"@type\":\"WebSite\",\"@id\":\"http:\/\/alcedrix.com\/#website\",\"url\":\"http:\/\/alcedrix.com\/\",\"name\":\"Alcedrix\",\"description\":\"Alcedrix\",\"publisher\":{\"@id\":\"http:\/\/alcedrix.com\/#organization\"},\"potentialAction\":[{\"@type\":\"SearchAction\",\"target\":{\"@type\":\"EntryPoint\",\"urlTemplate\":\"http:\/\/alcedrix.com\/?s={search_term_string}\"},\"query-input\":{\"@type\":\"PropertyValueSpecification\",\"valueRequired\":true,\"valueName\":\"search_term_string\"}}],\"inLanguage\":\"sq\"},{\"@type\":\"Organization\",\"@id\":\"http:\/\/alcedrix.com\/#organization\",\"name\":\"Alcedrix\",\"url\":\"http:\/\/alcedrix.com\/\",\"logo\":{\"@type\":\"ImageObject\",\"inLanguage\":\"sq\",\"@id\":\"http:\/\/alcedrix.com\/#\/schema\/logo\/image\/\",\"url\":\"http:\/\/3.126.27.25\/wp-content\/uploads\/2023\/08\/logo-web.png\",\"contentUrl\":\"http:\/\/3.126.27.25\/wp-content\/uploads\/2023\/08\/logo-web.png\",\"width\":492,\"height\":93,\"caption\":\"Alcedrix\"},\"image\":{\"@id\":\"http:\/\/alcedrix.com\/#\/schema\/logo\/image\/\"},\"sameAs\":[\"https:\/\/www.facebook.com\/alcedrix\",\"https:\/\/www.instagram.com\/alcedrix\"]}]}<\/script>\n<!-- \/ Yoast SEO plugin. -->","yoast_head_json":{"title":"Vitaminum C + Kalcium Strong - Alcedrix","robots":{"index":"index","follow":"follow","max-snippet":"max-snippet:-1","max-image-preview":"max-image-preview:large","max-video-preview":"max-video-preview:-1"},"canonical":"https:\/\/alcedrix.com\/sq\/shop\/vitaminum-c-kalcium-strong\/","og_locale":"sq_AL","og_type":"article","og_title":"Vitaminum C + Kalcium Strong - Alcedrix","og_description":"Vitamin C + Kalcium Strong suplement ushqimor \u00ebsht\u00eb nj\u00eb kombinim i kujdessh\u00ebm p\u00ebrb\u00ebr\u00ebsish, fal\u00eb t\u00eb cil\u00ebve: Ndihmon n\u00eb funksionimin e duhur t\u00eb sistemit imunitar dhe mbrojtjen e qelizave nga stresi oksidativ (vitamina C) Rrit thithjen e hekurit (vitamina C) Kontribuon n\u00eb reduktimin e lodhjes dhe t\u00ebrheqjes (vitamina C) Mb\u00ebshtet funksionimin e muskujve dhe enzimeve tret\u00ebse [&hellip;]","og_url":"https:\/\/alcedrix.com\/sq\/shop\/vitaminum-c-kalcium-strong\/","og_site_name":"Alcedrix","article_publisher":"https:\/\/www.facebook.com\/alcedrix","article_modified_time":"2024-11-14T14:59:18+00:00","og_image":[{"width":700,"height":800,"url":"https:\/\/alcedrix.com\/wp-content\/uploads\/2024\/11\/packshot_Vitaminum-CWapn\u2560u1.jpg","type":"image\/jpeg"}],"twitter_card":"summary_large_image","twitter_misc":{"Est. reading time":"1 minut\u00eb"},"schema":{"@context":"https:\/\/schema.org","@graph":[{"@type":"WebPage","@id":"https:\/\/alcedrix.com\/sq\/shop\/vitaminum-c-kalcium-strong\/","url":"https:\/\/alcedrix.com\/sq\/shop\/vitaminum-c-kalcium-strong\/","name":"Vitaminum C + Kalcium Strong - Alcedrix","isPartOf":{"@id":"http:\/\/alcedrix.com\/#website"},"primaryImageOfPage":{"@id":"https:\/\/alcedrix.com\/sq\/shop\/vitaminum-c-kalcium-strong\/#primaryimage"},"image":{"@id":"https:\/\/alcedrix.com\/sq\/shop\/vitaminum-c-kalcium-strong\/#primaryimage"},"thumbnailUrl":"https:\/\/alcedrix.com\/wp-content\/uploads\/2024\/11\/packshot_Vitaminum-CWapn\u2560u1.jpg","datePublished":"2024-11-11T10:06:13+00:00","dateModified":"2024-11-14T14:59:18+00:00","breadcrumb":{"@id":"https:\/\/alcedrix.com\/sq\/shop\/vitaminum-c-kalcium-strong\/#breadcrumb"},"inLanguage":"sq","potentialAction":[{"@type":"ReadAction","target":["https:\/\/alcedrix.com\/sq\/shop\/vitaminum-c-kalcium-strong\/"]}]},{"@type":"ImageObject","inLanguage":"sq","@id":"https:\/\/alcedrix.com\/sq\/shop\/vitaminum-c-kalcium-strong\/#primaryimage","url":"https:\/\/alcedrix.com\/wp-content\/uploads\/2024\/11\/packshot_Vitaminum-CWapn\u2560u1.jpg","contentUrl":"https:\/\/alcedrix.com\/wp-content\/uploads\/2024\/11\/packshot_Vitaminum-CWapn\u2560u1.jpg","width":700,"height":800,"caption":"mockups-design.com"},{"@type":"BreadcrumbList","@id":"https:\/\/alcedrix.com\/sq\/shop\/vitaminum-c-kalcium-strong\/#breadcrumb","itemListElement":[{"@type":"ListItem","position":1,"name":"Home","item":"http:\/\/alcedrix.com\/"},{"@type":"ListItem","position":2,"name":"Shop","item":"https:\/\/alcedrix.com\/shop\/"},{"@type":"ListItem","position":3,"name":"Vitaminum C + Kalcium Strong"}]},{"@type":"WebSite","@id":"http:\/\/alcedrix.com\/#website","url":"http:\/\/alcedrix.com\/","name":"Alcedrix","description":"Alcedrix","publisher":{"@id":"http:\/\/alcedrix.com\/#organization"},"potentialAction":[{"@type":"SearchAction","target":{"@type":"EntryPoint","urlTemplate":"http:\/\/alcedrix.com\/?s={search_term_string}"},"query-input":{"@type":"PropertyValueSpecification","valueRequired":true,"valueName":"search_term_string"}}],"inLanguage":"sq"},{"@type":"Organization","@id":"http:\/\/alcedrix.com\/#organization","name":"Alcedrix","url":"http:\/\/alcedrix.com\/","logo":{"@type":"ImageObject","inLanguage":"sq","@id":"http:\/\/alcedrix.com\/#\/schema\/logo\/image\/","url":"http:\/\/3.126.27.25\/wp-content\/uploads\/2023\/08\/logo-web.png","contentUrl":"http:\/\/3.126.27.25\/wp-content\/uploads\/2023\/08\/logo-web.png","width":492,"height":93,"caption":"Alcedrix"},"image":{"@id":"http:\/\/alcedrix.com\/#\/schema\/logo\/image\/"},"sameAs":["https:\/\/www.facebook.com\/alcedrix","https:\/\/www.instagram.com\/alcedrix"]}]}},"_links":{"self":[{"href":"https:\/\/alcedrix.com\/sq\/wp-json\/wp\/v2\/product\/9801"}],"collection":[{"href":"https:\/\/alcedrix.com\/sq\/wp-json\/wp\/v2\/product"}],"about":[{"href":"https:\/\/alcedrix.com\/sq\/wp-json\/wp\/v2\/types\/product"}],"version-history":[{"count":1,"href":"https:\/\/alcedrix.com\/sq\/wp-json\/wp\/v2\/product\/9801\/revisions"}],"predecessor-version":[{"id":9837,"href":"https:\/\/alcedrix.com\/sq\/wp-json\/wp\/v2\/product\/9801\/revisions\/9837"}],"wp:featuredmedia":[{"embeddable":true,"href":"https:\/\/alcedrix.com\/sq\/wp-json\/wp\/v2\/media\/9838"}],"wp:attachment":[{"href":"https:\/\/alcedrix.com\/sq\/wp-json\/wp\/v2\/media?parent=9801"}],"wp:term":[{"taxonomy":"product_cat","embeddable":true,"href":"https:\/\/alcedrix.com\/sq\/wp-json\/wp\/v2\/product_cat?post=9801"},{"taxonomy":"product_tag","embeddable":true,"href":"https:\/\/alcedrix.com\/sq\/wp-json\/wp\/v2\/product_tag?post=9801"}],"curies":[{"name":"wp","href":"https:\/\/api.w.org\/{rel}","templated":true}]}}