{"id":9798,"date":"2024-11-11T10:05:18","date_gmt":"2024-11-11T10:05:18","guid":{"rendered":"http:\/\/3.126.27.25\/?post_type=product&#038;p=9798"},"modified":"2024-11-14T14:47:49","modified_gmt":"2024-11-14T14:47:49","slug":"meno-control","status":"publish","type":"product","link":"https:\/\/alcedrix.com\/sq\/shop\/meno-control\/","title":{"rendered":"Meno Control"},"content":{"rendered":"<p>Meno Control suplement ushqimor mb\u00ebshtet aktivitetin hormonal me izoflavone, vitamin\u00eb B6 dhe acid pantotenik.<\/p>\n<ul>\n<li>Ky produkt p\u00ebrmban izoflavone soje.<\/li>\n<li>Vitamina B6 kontribuon n\u00eb rregullimin e aktivitetit hormonal.<\/li>\n<li>Acidi pantotenik ndihmon n\u00eb reduktimin e lodhjes dhe lodhjes s\u00eb trupit.<\/li>\n<li>Suplementim mujor.<\/li>\n<\/ul>\n<p>Acidi pantotenik kontribuon n\u00eb metabolizmin normal t\u00eb energjis\u00eb, sintez\u00ebn dhe metabolizmin e hormoneve steroide, vitamin\u00ebs D dhe disa neurotransmetuesve. Vitamina B6 kontribuon n\u00eb reduktimin e lodhjes dhe lodhjes.<\/p>\n<p>Indikacionet<br \/>\nVitamina B6 kontribuon n\u00eb rregullimin e aktivitetit hormonal.<\/p>\n<p>Si t\u00eb p\u00ebrdoret<br \/>\nMerrni 1 kapsul\u00eb n\u00eb dit\u00eb me uj\u00eb. Mos e tejkaloni doz\u00ebn e rekomanduar, pra 1 kapsul\u00eb n\u00eb dit\u00eb.<\/p>","protected":false},"excerpt":{"rendered":"<p>Meno Control suplement ushqimor mb\u00ebshtet aktivitetin hormonal me izoflavone, vitamin\u00eb B6 dhe acid pantotenik. Ky produkt p\u00ebrmban izoflavone soje. Vitamina B6 kontribuon n\u00eb rregullimin e aktivitetit hormonal. Acidi pantotenik ndihmon n\u00eb reduktimin e lodhjes dhe lodhjes s\u00eb trupit. Suplementim mujor. Acidi pantotenik kontribuon n\u00eb metabolizmin normal t\u00eb energjis\u00eb, sintez\u00ebn dhe metabolizmin e hormoneve steroide, vitamin\u00ebs [&hellip;]<\/p>","protected":false},"featured_media":9832,"template":"","meta":[],"product_cat":[143,162],"product_tag":[],"class_list":{"0":"post-9798","1":"product","2":"type-product","3":"status-publish","4":"has-post-thumbnail","6":"product_cat-starpharma","7":"product_cat-vitamina-dhe-minerale","9":"first","10":"instock","11":"taxable","12":"shipping-taxable","13":"purchasable","14":"product-type-simple"},"yoast_head":"<!-- This site is optimized with the Yoast SEO plugin v23.6 - https:\/\/yoast.com\/wordpress\/plugins\/seo\/ -->\n<title>Meno Control - Alcedrix<\/title>\n<meta name=\"robots\" content=\"index, follow, max-snippet:-1, max-image-preview:large, max-video-preview:-1\" \/>\n<link rel=\"canonical\" href=\"http:\/\/alcedrix.com\/sq\/shop\/meno-control\/\" \/>\n<meta property=\"og:locale\" content=\"sq_AL\" \/>\n<meta property=\"og:type\" content=\"article\" \/>\n<meta property=\"og:title\" content=\"Meno Control - Alcedrix\" \/>\n<meta property=\"og:description\" content=\"Meno Control suplement ushqimor mb\u00ebshtet aktivitetin hormonal me izoflavone, vitamin\u00eb B6 dhe acid pantotenik. Ky produkt p\u00ebrmban izoflavone soje. Vitamina B6 kontribuon n\u00eb rregullimin e aktivitetit hormonal. Acidi pantotenik ndihmon n\u00eb reduktimin e lodhjes dhe lodhjes s\u00eb trupit. Suplementim mujor. Acidi pantotenik kontribuon n\u00eb metabolizmin normal t\u00eb energjis\u00eb, sintez\u00ebn dhe metabolizmin e hormoneve steroide, vitamin\u00ebs [&hellip;]\" \/>\n<meta property=\"og:url\" content=\"http:\/\/alcedrix.com\/sq\/shop\/meno-control\/\" \/>\n<meta property=\"og:site_name\" content=\"Alcedrix\" \/>\n<meta property=\"article:publisher\" content=\"https:\/\/www.facebook.com\/alcedrix\" \/>\n<meta property=\"article:modified_time\" content=\"2024-11-14T14:47:49+00:00\" \/>\n<meta property=\"og:image\" content=\"http:\/\/alcedrix.com\/wp-content\/uploads\/2024\/11\/Meno-Control1.png\" \/>\n\t<meta property=\"og:image:width\" content=\"1300\" \/>\n\t<meta property=\"og:image:height\" content=\"1400\" \/>\n\t<meta property=\"og:image:type\" content=\"image\/png\" \/>\n<meta name=\"twitter:card\" content=\"summary_large_image\" \/>\n<meta name=\"twitter:label1\" content=\"Est. reading time\" \/>\n\t<meta name=\"twitter:data1\" content=\"1 minut\u00eb\" \/>\n<script type=\"application\/ld+json\" class=\"yoast-schema-graph\">{\"@context\":\"https:\/\/schema.org\",\"@graph\":[{\"@type\":\"WebPage\",\"@id\":\"http:\/\/alcedrix.com\/shop\/meno-control\/\",\"url\":\"http:\/\/alcedrix.com\/shop\/meno-control\/\",\"name\":\"Meno Control - Alcedrix\",\"isPartOf\":{\"@id\":\"http:\/\/alcedrix.com\/#website\"},\"primaryImageOfPage\":{\"@id\":\"http:\/\/alcedrix.com\/shop\/meno-control\/#primaryimage\"},\"image\":{\"@id\":\"http:\/\/alcedrix.com\/shop\/meno-control\/#primaryimage\"},\"thumbnailUrl\":\"https:\/\/alcedrix.com\/wp-content\/uploads\/2024\/11\/Meno-Control1.png\",\"datePublished\":\"2024-11-11T10:05:18+00:00\",\"dateModified\":\"2024-11-14T14:47:49+00:00\",\"breadcrumb\":{\"@id\":\"http:\/\/alcedrix.com\/shop\/meno-control\/#breadcrumb\"},\"inLanguage\":\"sq\",\"potentialAction\":[{\"@type\":\"ReadAction\",\"target\":[\"http:\/\/alcedrix.com\/shop\/meno-control\/\"]}]},{\"@type\":\"ImageObject\",\"inLanguage\":\"sq\",\"@id\":\"http:\/\/alcedrix.com\/shop\/meno-control\/#primaryimage\",\"url\":\"https:\/\/alcedrix.com\/wp-content\/uploads\/2024\/11\/Meno-Control1.png\",\"contentUrl\":\"https:\/\/alcedrix.com\/wp-content\/uploads\/2024\/11\/Meno-Control1.png\",\"width\":1300,\"height\":1400},{\"@type\":\"BreadcrumbList\",\"@id\":\"http:\/\/alcedrix.com\/shop\/meno-control\/#breadcrumb\",\"itemListElement\":[{\"@type\":\"ListItem\",\"position\":1,\"name\":\"Home\",\"item\":\"http:\/\/alcedrix.com\/\"},{\"@type\":\"ListItem\",\"position\":2,\"name\":\"Shop\",\"item\":\"https:\/\/alcedrix.com\/shop\/\"},{\"@type\":\"ListItem\",\"position\":3,\"name\":\"Meno Control\"}]},{\"@type\":\"WebSite\",\"@id\":\"http:\/\/alcedrix.com\/#website\",\"url\":\"http:\/\/alcedrix.com\/\",\"name\":\"Alcedrix\",\"description\":\"Alcedrix\",\"publisher\":{\"@id\":\"http:\/\/alcedrix.com\/#organization\"},\"potentialAction\":[{\"@type\":\"SearchAction\",\"target\":{\"@type\":\"EntryPoint\",\"urlTemplate\":\"http:\/\/alcedrix.com\/?s={search_term_string}\"},\"query-input\":{\"@type\":\"PropertyValueSpecification\",\"valueRequired\":true,\"valueName\":\"search_term_string\"}}],\"inLanguage\":\"sq\"},{\"@type\":\"Organization\",\"@id\":\"http:\/\/alcedrix.com\/#organization\",\"name\":\"Alcedrix\",\"url\":\"http:\/\/alcedrix.com\/\",\"logo\":{\"@type\":\"ImageObject\",\"inLanguage\":\"sq\",\"@id\":\"http:\/\/alcedrix.com\/#\/schema\/logo\/image\/\",\"url\":\"http:\/\/3.126.27.25\/wp-content\/uploads\/2023\/08\/logo-web.png\",\"contentUrl\":\"http:\/\/3.126.27.25\/wp-content\/uploads\/2023\/08\/logo-web.png\",\"width\":492,\"height\":93,\"caption\":\"Alcedrix\"},\"image\":{\"@id\":\"http:\/\/alcedrix.com\/#\/schema\/logo\/image\/\"},\"sameAs\":[\"https:\/\/www.facebook.com\/alcedrix\",\"https:\/\/www.instagram.com\/alcedrix\"]}]}<\/script>\n<!-- \/ Yoast SEO plugin. -->","yoast_head_json":{"title":"Meno Control - Alcedrix","robots":{"index":"index","follow":"follow","max-snippet":"max-snippet:-1","max-image-preview":"max-image-preview:large","max-video-preview":"max-video-preview:-1"},"canonical":"http:\/\/alcedrix.com\/sq\/shop\/meno-control\/","og_locale":"sq_AL","og_type":"article","og_title":"Meno Control - Alcedrix","og_description":"Meno Control suplement ushqimor mb\u00ebshtet aktivitetin hormonal me izoflavone, vitamin\u00eb B6 dhe acid pantotenik. Ky produkt p\u00ebrmban izoflavone soje. Vitamina B6 kontribuon n\u00eb rregullimin e aktivitetit hormonal. Acidi pantotenik ndihmon n\u00eb reduktimin e lodhjes dhe lodhjes s\u00eb trupit. Suplementim mujor. Acidi pantotenik kontribuon n\u00eb metabolizmin normal t\u00eb energjis\u00eb, sintez\u00ebn dhe metabolizmin e hormoneve steroide, vitamin\u00ebs [&hellip;]","og_url":"http:\/\/alcedrix.com\/sq\/shop\/meno-control\/","og_site_name":"Alcedrix","article_publisher":"https:\/\/www.facebook.com\/alcedrix","article_modified_time":"2024-11-14T14:47:49+00:00","og_image":[{"width":1300,"height":1400,"url":"http:\/\/alcedrix.com\/wp-content\/uploads\/2024\/11\/Meno-Control1.png","type":"image\/png"}],"twitter_card":"summary_large_image","twitter_misc":{"Est. reading time":"1 minut\u00eb"},"schema":{"@context":"https:\/\/schema.org","@graph":[{"@type":"WebPage","@id":"http:\/\/alcedrix.com\/shop\/meno-control\/","url":"http:\/\/alcedrix.com\/shop\/meno-control\/","name":"Meno Control - Alcedrix","isPartOf":{"@id":"http:\/\/alcedrix.com\/#website"},"primaryImageOfPage":{"@id":"http:\/\/alcedrix.com\/shop\/meno-control\/#primaryimage"},"image":{"@id":"http:\/\/alcedrix.com\/shop\/meno-control\/#primaryimage"},"thumbnailUrl":"https:\/\/alcedrix.com\/wp-content\/uploads\/2024\/11\/Meno-Control1.png","datePublished":"2024-11-11T10:05:18+00:00","dateModified":"2024-11-14T14:47:49+00:00","breadcrumb":{"@id":"http:\/\/alcedrix.com\/shop\/meno-control\/#breadcrumb"},"inLanguage":"sq","potentialAction":[{"@type":"ReadAction","target":["http:\/\/alcedrix.com\/shop\/meno-control\/"]}]},{"@type":"ImageObject","inLanguage":"sq","@id":"http:\/\/alcedrix.com\/shop\/meno-control\/#primaryimage","url":"https:\/\/alcedrix.com\/wp-content\/uploads\/2024\/11\/Meno-Control1.png","contentUrl":"https:\/\/alcedrix.com\/wp-content\/uploads\/2024\/11\/Meno-Control1.png","width":1300,"height":1400},{"@type":"BreadcrumbList","@id":"http:\/\/alcedrix.com\/shop\/meno-control\/#breadcrumb","itemListElement":[{"@type":"ListItem","position":1,"name":"Home","item":"http:\/\/alcedrix.com\/"},{"@type":"ListItem","position":2,"name":"Shop","item":"https:\/\/alcedrix.com\/shop\/"},{"@type":"ListItem","position":3,"name":"Meno Control"}]},{"@type":"WebSite","@id":"http:\/\/alcedrix.com\/#website","url":"http:\/\/alcedrix.com\/","name":"Alcedrix","description":"Alcedrix","publisher":{"@id":"http:\/\/alcedrix.com\/#organization"},"potentialAction":[{"@type":"SearchAction","target":{"@type":"EntryPoint","urlTemplate":"http:\/\/alcedrix.com\/?s={search_term_string}"},"query-input":{"@type":"PropertyValueSpecification","valueRequired":true,"valueName":"search_term_string"}}],"inLanguage":"sq"},{"@type":"Organization","@id":"http:\/\/alcedrix.com\/#organization","name":"Alcedrix","url":"http:\/\/alcedrix.com\/","logo":{"@type":"ImageObject","inLanguage":"sq","@id":"http:\/\/alcedrix.com\/#\/schema\/logo\/image\/","url":"http:\/\/3.126.27.25\/wp-content\/uploads\/2023\/08\/logo-web.png","contentUrl":"http:\/\/3.126.27.25\/wp-content\/uploads\/2023\/08\/logo-web.png","width":492,"height":93,"caption":"Alcedrix"},"image":{"@id":"http:\/\/alcedrix.com\/#\/schema\/logo\/image\/"},"sameAs":["https:\/\/www.facebook.com\/alcedrix","https:\/\/www.instagram.com\/alcedrix"]}]}},"_links":{"self":[{"href":"https:\/\/alcedrix.com\/sq\/wp-json\/wp\/v2\/product\/9798"}],"collection":[{"href":"https:\/\/alcedrix.com\/sq\/wp-json\/wp\/v2\/product"}],"about":[{"href":"https:\/\/alcedrix.com\/sq\/wp-json\/wp\/v2\/types\/product"}],"version-history":[{"count":1,"href":"https:\/\/alcedrix.com\/sq\/wp-json\/wp\/v2\/product\/9798\/revisions"}],"predecessor-version":[{"id":9831,"href":"https:\/\/alcedrix.com\/sq\/wp-json\/wp\/v2\/product\/9798\/revisions\/9831"}],"wp:featuredmedia":[{"embeddable":true,"href":"https:\/\/alcedrix.com\/sq\/wp-json\/wp\/v2\/media\/9832"}],"wp:attachment":[{"href":"https:\/\/alcedrix.com\/sq\/wp-json\/wp\/v2\/media?parent=9798"}],"wp:term":[{"taxonomy":"product_cat","embeddable":true,"href":"https:\/\/alcedrix.com\/sq\/wp-json\/wp\/v2\/product_cat?post=9798"},{"taxonomy":"product_tag","embeddable":true,"href":"https:\/\/alcedrix.com\/sq\/wp-json\/wp\/v2\/product_tag?post=9798"}],"curies":[{"name":"wp","href":"https:\/\/api.w.org\/{rel}","templated":true}]}}