{"id":9797,"date":"2024-11-11T10:04:58","date_gmt":"2024-11-11T10:04:58","guid":{"rendered":"http:\/\/3.126.27.25\/?post_type=product&#038;p=9797"},"modified":"2024-11-14T14:42:16","modified_gmt":"2024-11-14T14:42:16","slug":"magnez-strong","status":"publish","type":"product","link":"https:\/\/alcedrix.com\/sq\/shop\/magnez-strong\/","title":{"rendered":"Magnez Strong"},"content":{"rendered":"<p>Magnez Strong suplement ushqimor: kontribuon n\u00eb ruajtjen e metabolizmit t\u00eb duhur t\u00eb energjis\u00eb, luan nj\u00eb rol n\u00eb procesin e ndarjes s\u00eb qelizave, ndihmon n\u00eb sintez\u00ebn e proteinave, ruajtjen e dh\u00ebmb\u00ebve dhe kockave t\u00eb sh\u00ebndetshme dhe balanc\u00ebn e elektroliteve, mb\u00ebshtet funksionet e duhura psikologjike dhe funksionimin e sistemit nervor dhe muskujve.<\/p>\n<p><strong>Indikacionet:<\/strong><br \/>\nMagnezi kontribuon n\u00eb reduktimin e lodhjes dhe shp\u00ebrndarjes s\u00eb energjis\u00eb dhe n\u00eb funksionimin normal t\u00eb sistemit nervor.<\/p>\n<p><strong>Si t\u00eb p\u00ebrdoret:<\/strong><br \/>\nMerrni 1-2 kapsula n\u00eb dit\u00eb me uj\u00eb. Mos e tejkaloni doz\u00ebn e rekomanduar, pra 2 kapsula n\u00eb dit\u00eb.<\/p>","protected":false},"excerpt":{"rendered":"<p>Magnez Strong suplement ushqimor: kontribuon n\u00eb ruajtjen e metabolizmit t\u00eb duhur t\u00eb energjis\u00eb, luan nj\u00eb rol n\u00eb procesin e ndarjes s\u00eb qelizave, ndihmon n\u00eb sintez\u00ebn e proteinave, ruajtjen e dh\u00ebmb\u00ebve dhe kockave t\u00eb sh\u00ebndetshme dhe balanc\u00ebn e elektroliteve, mb\u00ebshtet funksionet e duhura psikologjike dhe funksionimin e sistemit nervor dhe muskujve. Indikacionet: Magnezi kontribuon n\u00eb reduktimin [&hellip;]<\/p>","protected":false},"featured_media":9830,"template":"","meta":[],"product_cat":[143,162],"product_tag":[],"class_list":{"0":"post-9797","1":"product","2":"type-product","3":"status-publish","4":"has-post-thumbnail","6":"product_cat-starpharma","7":"product_cat-vitamina-dhe-minerale","9":"first","10":"instock","11":"taxable","12":"shipping-taxable","13":"purchasable","14":"product-type-simple"},"yoast_head":"<!-- This site is optimized with the Yoast SEO plugin v23.6 - https:\/\/yoast.com\/wordpress\/plugins\/seo\/ -->\n<title>Magnez Strong - Alcedrix<\/title>\n<meta name=\"robots\" content=\"index, follow, max-snippet:-1, max-image-preview:large, max-video-preview:-1\" \/>\n<link rel=\"canonical\" href=\"http:\/\/alcedrix.com\/sq\/shop\/magnez-strong\/\" \/>\n<meta property=\"og:locale\" content=\"sq_AL\" \/>\n<meta property=\"og:type\" content=\"article\" \/>\n<meta property=\"og:title\" content=\"Magnez Strong - Alcedrix\" \/>\n<meta property=\"og:description\" content=\"Magnez Strong suplement ushqimor: kontribuon n\u00eb ruajtjen e metabolizmit t\u00eb duhur t\u00eb energjis\u00eb, luan nj\u00eb rol n\u00eb procesin e ndarjes s\u00eb qelizave, ndihmon n\u00eb sintez\u00ebn e proteinave, ruajtjen e dh\u00ebmb\u00ebve dhe kockave t\u00eb sh\u00ebndetshme dhe balanc\u00ebn e elektroliteve, mb\u00ebshtet funksionet e duhura psikologjike dhe funksionimin e sistemit nervor dhe muskujve. Indikacionet: Magnezi kontribuon n\u00eb reduktimin [&hellip;]\" \/>\n<meta property=\"og:url\" content=\"http:\/\/alcedrix.com\/sq\/shop\/magnez-strong\/\" \/>\n<meta property=\"og:site_name\" content=\"Alcedrix\" \/>\n<meta property=\"article:publisher\" content=\"https:\/\/www.facebook.com\/alcedrix\" \/>\n<meta property=\"article:modified_time\" content=\"2024-11-14T14:42:16+00:00\" \/>\n<meta property=\"og:image\" content=\"http:\/\/alcedrix.com\/wp-content\/uploads\/2024\/11\/starpharma-magnez-strong-30-kapsulek1.jpg\" \/>\n\t<meta property=\"og:image:width\" content=\"800\" \/>\n\t<meta property=\"og:image:height\" content=\"800\" \/>\n\t<meta property=\"og:image:type\" content=\"image\/jpeg\" \/>\n<meta name=\"twitter:card\" content=\"summary_large_image\" \/>\n<script type=\"application\/ld+json\" class=\"yoast-schema-graph\">{\"@context\":\"https:\/\/schema.org\",\"@graph\":[{\"@type\":\"WebPage\",\"@id\":\"http:\/\/alcedrix.com\/shop\/magnez-strong\/\",\"url\":\"http:\/\/alcedrix.com\/shop\/magnez-strong\/\",\"name\":\"Magnez Strong - Alcedrix\",\"isPartOf\":{\"@id\":\"http:\/\/alcedrix.com\/#website\"},\"primaryImageOfPage\":{\"@id\":\"http:\/\/alcedrix.com\/shop\/magnez-strong\/#primaryimage\"},\"image\":{\"@id\":\"http:\/\/alcedrix.com\/shop\/magnez-strong\/#primaryimage\"},\"thumbnailUrl\":\"https:\/\/alcedrix.com\/wp-content\/uploads\/2024\/11\/starpharma-magnez-strong-30-kapsulek1.jpg\",\"datePublished\":\"2024-11-11T10:04:58+00:00\",\"dateModified\":\"2024-11-14T14:42:16+00:00\",\"breadcrumb\":{\"@id\":\"http:\/\/alcedrix.com\/shop\/magnez-strong\/#breadcrumb\"},\"inLanguage\":\"sq\",\"potentialAction\":[{\"@type\":\"ReadAction\",\"target\":[\"http:\/\/alcedrix.com\/shop\/magnez-strong\/\"]}]},{\"@type\":\"ImageObject\",\"inLanguage\":\"sq\",\"@id\":\"http:\/\/alcedrix.com\/shop\/magnez-strong\/#primaryimage\",\"url\":\"https:\/\/alcedrix.com\/wp-content\/uploads\/2024\/11\/starpharma-magnez-strong-30-kapsulek1.jpg\",\"contentUrl\":\"https:\/\/alcedrix.com\/wp-content\/uploads\/2024\/11\/starpharma-magnez-strong-30-kapsulek1.jpg\",\"width\":800,\"height\":800},{\"@type\":\"BreadcrumbList\",\"@id\":\"http:\/\/alcedrix.com\/shop\/magnez-strong\/#breadcrumb\",\"itemListElement\":[{\"@type\":\"ListItem\",\"position\":1,\"name\":\"Home\",\"item\":\"http:\/\/alcedrix.com\/\"},{\"@type\":\"ListItem\",\"position\":2,\"name\":\"Shop\",\"item\":\"https:\/\/alcedrix.com\/shop\/\"},{\"@type\":\"ListItem\",\"position\":3,\"name\":\"Magnez Strong\"}]},{\"@type\":\"WebSite\",\"@id\":\"http:\/\/alcedrix.com\/#website\",\"url\":\"http:\/\/alcedrix.com\/\",\"name\":\"Alcedrix\",\"description\":\"Alcedrix\",\"publisher\":{\"@id\":\"http:\/\/alcedrix.com\/#organization\"},\"potentialAction\":[{\"@type\":\"SearchAction\",\"target\":{\"@type\":\"EntryPoint\",\"urlTemplate\":\"http:\/\/alcedrix.com\/?s={search_term_string}\"},\"query-input\":{\"@type\":\"PropertyValueSpecification\",\"valueRequired\":true,\"valueName\":\"search_term_string\"}}],\"inLanguage\":\"sq\"},{\"@type\":\"Organization\",\"@id\":\"http:\/\/alcedrix.com\/#organization\",\"name\":\"Alcedrix\",\"url\":\"http:\/\/alcedrix.com\/\",\"logo\":{\"@type\":\"ImageObject\",\"inLanguage\":\"sq\",\"@id\":\"http:\/\/alcedrix.com\/#\/schema\/logo\/image\/\",\"url\":\"http:\/\/3.126.27.25\/wp-content\/uploads\/2023\/08\/logo-web.png\",\"contentUrl\":\"http:\/\/3.126.27.25\/wp-content\/uploads\/2023\/08\/logo-web.png\",\"width\":492,\"height\":93,\"caption\":\"Alcedrix\"},\"image\":{\"@id\":\"http:\/\/alcedrix.com\/#\/schema\/logo\/image\/\"},\"sameAs\":[\"https:\/\/www.facebook.com\/alcedrix\",\"https:\/\/www.instagram.com\/alcedrix\"]}]}<\/script>\n<!-- \/ Yoast SEO plugin. -->","yoast_head_json":{"title":"Magnez Strong - Alcedrix","robots":{"index":"index","follow":"follow","max-snippet":"max-snippet:-1","max-image-preview":"max-image-preview:large","max-video-preview":"max-video-preview:-1"},"canonical":"http:\/\/alcedrix.com\/sq\/shop\/magnez-strong\/","og_locale":"sq_AL","og_type":"article","og_title":"Magnez Strong - Alcedrix","og_description":"Magnez Strong suplement ushqimor: kontribuon n\u00eb ruajtjen e metabolizmit t\u00eb duhur t\u00eb energjis\u00eb, luan nj\u00eb rol n\u00eb procesin e ndarjes s\u00eb qelizave, ndihmon n\u00eb sintez\u00ebn e proteinave, ruajtjen e dh\u00ebmb\u00ebve dhe kockave t\u00eb sh\u00ebndetshme dhe balanc\u00ebn e elektroliteve, mb\u00ebshtet funksionet e duhura psikologjike dhe funksionimin e sistemit nervor dhe muskujve. Indikacionet: Magnezi kontribuon n\u00eb reduktimin [&hellip;]","og_url":"http:\/\/alcedrix.com\/sq\/shop\/magnez-strong\/","og_site_name":"Alcedrix","article_publisher":"https:\/\/www.facebook.com\/alcedrix","article_modified_time":"2024-11-14T14:42:16+00:00","og_image":[{"width":800,"height":800,"url":"http:\/\/alcedrix.com\/wp-content\/uploads\/2024\/11\/starpharma-magnez-strong-30-kapsulek1.jpg","type":"image\/jpeg"}],"twitter_card":"summary_large_image","schema":{"@context":"https:\/\/schema.org","@graph":[{"@type":"WebPage","@id":"http:\/\/alcedrix.com\/shop\/magnez-strong\/","url":"http:\/\/alcedrix.com\/shop\/magnez-strong\/","name":"Magnez Strong - Alcedrix","isPartOf":{"@id":"http:\/\/alcedrix.com\/#website"},"primaryImageOfPage":{"@id":"http:\/\/alcedrix.com\/shop\/magnez-strong\/#primaryimage"},"image":{"@id":"http:\/\/alcedrix.com\/shop\/magnez-strong\/#primaryimage"},"thumbnailUrl":"https:\/\/alcedrix.com\/wp-content\/uploads\/2024\/11\/starpharma-magnez-strong-30-kapsulek1.jpg","datePublished":"2024-11-11T10:04:58+00:00","dateModified":"2024-11-14T14:42:16+00:00","breadcrumb":{"@id":"http:\/\/alcedrix.com\/shop\/magnez-strong\/#breadcrumb"},"inLanguage":"sq","potentialAction":[{"@type":"ReadAction","target":["http:\/\/alcedrix.com\/shop\/magnez-strong\/"]}]},{"@type":"ImageObject","inLanguage":"sq","@id":"http:\/\/alcedrix.com\/shop\/magnez-strong\/#primaryimage","url":"https:\/\/alcedrix.com\/wp-content\/uploads\/2024\/11\/starpharma-magnez-strong-30-kapsulek1.jpg","contentUrl":"https:\/\/alcedrix.com\/wp-content\/uploads\/2024\/11\/starpharma-magnez-strong-30-kapsulek1.jpg","width":800,"height":800},{"@type":"BreadcrumbList","@id":"http:\/\/alcedrix.com\/shop\/magnez-strong\/#breadcrumb","itemListElement":[{"@type":"ListItem","position":1,"name":"Home","item":"http:\/\/alcedrix.com\/"},{"@type":"ListItem","position":2,"name":"Shop","item":"https:\/\/alcedrix.com\/shop\/"},{"@type":"ListItem","position":3,"name":"Magnez Strong"}]},{"@type":"WebSite","@id":"http:\/\/alcedrix.com\/#website","url":"http:\/\/alcedrix.com\/","name":"Alcedrix","description":"Alcedrix","publisher":{"@id":"http:\/\/alcedrix.com\/#organization"},"potentialAction":[{"@type":"SearchAction","target":{"@type":"EntryPoint","urlTemplate":"http:\/\/alcedrix.com\/?s={search_term_string}"},"query-input":{"@type":"PropertyValueSpecification","valueRequired":true,"valueName":"search_term_string"}}],"inLanguage":"sq"},{"@type":"Organization","@id":"http:\/\/alcedrix.com\/#organization","name":"Alcedrix","url":"http:\/\/alcedrix.com\/","logo":{"@type":"ImageObject","inLanguage":"sq","@id":"http:\/\/alcedrix.com\/#\/schema\/logo\/image\/","url":"http:\/\/3.126.27.25\/wp-content\/uploads\/2023\/08\/logo-web.png","contentUrl":"http:\/\/3.126.27.25\/wp-content\/uploads\/2023\/08\/logo-web.png","width":492,"height":93,"caption":"Alcedrix"},"image":{"@id":"http:\/\/alcedrix.com\/#\/schema\/logo\/image\/"},"sameAs":["https:\/\/www.facebook.com\/alcedrix","https:\/\/www.instagram.com\/alcedrix"]}]}},"_links":{"self":[{"href":"https:\/\/alcedrix.com\/sq\/wp-json\/wp\/v2\/product\/9797"}],"collection":[{"href":"https:\/\/alcedrix.com\/sq\/wp-json\/wp\/v2\/product"}],"about":[{"href":"https:\/\/alcedrix.com\/sq\/wp-json\/wp\/v2\/types\/product"}],"version-history":[{"count":1,"href":"https:\/\/alcedrix.com\/sq\/wp-json\/wp\/v2\/product\/9797\/revisions"}],"predecessor-version":[{"id":9829,"href":"https:\/\/alcedrix.com\/sq\/wp-json\/wp\/v2\/product\/9797\/revisions\/9829"}],"wp:featuredmedia":[{"embeddable":true,"href":"https:\/\/alcedrix.com\/sq\/wp-json\/wp\/v2\/media\/9830"}],"wp:attachment":[{"href":"https:\/\/alcedrix.com\/sq\/wp-json\/wp\/v2\/media?parent=9797"}],"wp:term":[{"taxonomy":"product_cat","embeddable":true,"href":"https:\/\/alcedrix.com\/sq\/wp-json\/wp\/v2\/product_cat?post=9797"},{"taxonomy":"product_tag","embeddable":true,"href":"https:\/\/alcedrix.com\/sq\/wp-json\/wp\/v2\/product_tag?post=9797"}],"curies":[{"name":"wp","href":"https:\/\/api.w.org\/{rel}","templated":true}]}}