{"id":9791,"date":"2024-11-11T10:02:50","date_gmt":"2024-11-11T10:02:50","guid":{"rendered":"http:\/\/3.126.27.25\/?post_type=product&#038;p=9791"},"modified":"2024-11-14T15:07:21","modified_gmt":"2024-11-14T15:07:21","slug":"denti-pop-smart-focus-lepirese-pa-sheqer-me-shije-qershie-dhe-boronice","status":"publish","type":"product","link":"https:\/\/alcedrix.com\/sq\/shop\/denti-pop-smart-focus-lepirese-pa-sheqer-me-shije-qershie-dhe-boronice\/","title":{"rendered":"Denti Pop Smart Focus\u2013 L\u00ebpir\u00ebse pa sheqer me shije qershie dhe boronice"},"content":{"rendered":"<p>Ky produkt duket se \u00ebsht\u00eb krijuar p\u00ebr t\u00eb mb\u00ebshtetur qart\u00ebsin\u00eb mendore, p\u00ebrqendrimin dhe funksionin kognitiv t\u00eb p\u00ebrgjithsh\u00ebm, fal\u00eb nj\u00eb kombinimi t\u00eb prebiotik\u00ebve dhe l\u00ebnd\u00ebve ushqyese ky\u00e7e. Ja si funksionojn\u00eb s\u00eb bashku p\u00ebrb\u00ebr\u00ebsit:<\/p>\n<ol>\n<li><strong>Inulin<\/strong> \u2013 Nj\u00eb prebiotik q\u00eb mb\u00ebshtet sh\u00ebndetin e zorr\u00ebve duke nxitur bakteret e dobishme. Nj\u00eb mikrobiom\u00eb e sh\u00ebndetshme e zorr\u00ebve \u00ebsht\u00eb lidhur me p\u00ebrmir\u00ebsimin e imunitetit dhe madje t\u00eb sh\u00ebndetit mendor, duke p\u00ebrfshir\u00eb p\u00ebrqendrimin.<\/li>\n<li><strong>Xylitol Finlandez<\/strong> \u2013 I njohur p\u00ebr indeksin e tij t\u00eb ul\u00ebt glicemik, ky z\u00ebvend\u00ebsues sheqeri nuk shkakton rritje t\u00eb sheqerit n\u00eb gjak, duke kontribuar n\u00eb nivele t\u00eb q\u00ebndrueshme energjie pa pasur r\u00ebnie q\u00eb mund t\u00eb pengojn\u00eb p\u00ebrqendrimin.<\/li>\n<li><strong>Magnez<\/strong> \u2013 I nevojsh\u00ebm p\u00ebr t\u00eb reduktuar lodhjen dhe p\u00ebrgjumjen, magnezi ndihmon n\u00eb ruajtjen e funksionit t\u00eb duhur t\u00eb nervave, i cili \u00ebsht\u00eb i r\u00ebnd\u00ebsish\u00ebm p\u00ebr qart\u00ebsin\u00eb dhe p\u00ebrqendrimin mendor.<\/li>\n<li><strong>Acidi Pantotenik (Vitamina B5)<\/strong> \u2013 I njohur p\u00ebr mb\u00ebshtetje n\u00eb performanc\u00ebn mendore dhe reduktimin e stresit, gj\u00eb q\u00eb mund t\u00eb ndihmoj\u00eb n\u00eb p\u00ebrmir\u00ebsimin e p\u00ebrqendrimit.<\/li>\n<li><strong>Zink<\/strong> \u2013 Luan nj\u00eb rol n\u00eb funksionin kognitiv dhe \u00ebsht\u00eb thelb\u00ebsor p\u00ebr ruajtjen e mpreht\u00ebsis\u00eb mendore.<\/li>\n<li><strong>Niacina (Vitamina B3)<\/strong> \u2013 Punohet bashk\u00eb me magnezin dhe cinkun p\u00ebr t\u00eb luftuar lodhjen dhe p\u00ebr t\u00eb p\u00ebrmir\u00ebsuar funksionin e trurit.<\/li>\n<li><strong>Qershi t\u00eb Thara &amp; Boronica<\/strong> \u2013 T\u00eb pasura me antioksidant\u00eb, k\u00ebto fruta mb\u00ebshtesin sh\u00ebndetin e trurit dhe jan\u00eb t\u00eb njohura p\u00ebr p\u00ebrmir\u00ebsimin e funksionit kognitiv dhe kujtes\u00ebs.<\/li>\n<li><strong>Ngjyra Natyrale (Spirulina)<\/strong> \u2013 Nj\u00eb p\u00ebrb\u00ebr\u00ebs i pasur me l\u00ebnd\u00eb ushqyese q\u00eb mb\u00ebshtet sh\u00ebndetin n\u00eb p\u00ebrgjith\u00ebsi, duke p\u00ebrfshir\u00eb qart\u00ebsin\u00eb mendore.<\/li>\n<li><strong>Pa Sheqer &amp; Pa Gluten<\/strong> \u2013 Mungesa e sheqerit dhe glutenit e b\u00ebn k\u00ebt\u00eb produkt m\u00eb t\u00eb aksesuesh\u00ebm p\u00ebr ata q\u00eb kan\u00eb kufizime dietetike, duke siguruar q\u00eb \u00ebsht\u00eb i p\u00ebrshtatsh\u00ebm p\u00ebr stile t\u00eb ndryshme jetese.<\/li>\n<\/ol>\n<p>Ky kombinim p\u00ebrb\u00ebr\u00ebsish \u00ebsht\u00eb krijuar p\u00ebr t\u00eb p\u00ebrmir\u00ebsuar performanc\u00ebn mendore, p\u00ebrqendrimin dhe p\u00ebrqendrimin nd\u00ebrkoh\u00eb q\u00eb mb\u00ebshtet mir\u00ebqenien e p\u00ebrgjithshme p\u00ebrmes sh\u00ebndetit t\u00eb zorr\u00ebve dhe ushqimeve t\u00eb pasura me l\u00ebnd\u00eb ushqyese.<\/p>","protected":false},"excerpt":{"rendered":"<p><strong>Denti-Pop Smart FOCUS<\/strong> mb\u00ebshtet aft\u00ebsin\u00eb mendore dhe funksionin e duhur kognitiv.<\/p>","protected":false},"featured_media":9840,"template":"","meta":[],"product_cat":[143,162],"product_tag":[],"class_list":{"0":"post-9791","1":"product","2":"type-product","3":"status-publish","4":"has-post-thumbnail","6":"product_cat-starpharma","7":"product_cat-vitamina-dhe-minerale","9":"first","10":"instock","11":"taxable","12":"shipping-taxable","13":"purchasable","14":"product-type-simple"},"yoast_head":"<!-- This site is optimized with the Yoast SEO plugin v23.6 - https:\/\/yoast.com\/wordpress\/plugins\/seo\/ -->\n<title>Denti Pop Smart Focus\u2013 L\u00ebpir\u00ebse pa sheqer me shije qershie dhe boronice - Alcedrix<\/title>\n<meta name=\"robots\" content=\"index, follow, max-snippet:-1, max-image-preview:large, max-video-preview:-1\" \/>\n<link rel=\"canonical\" href=\"https:\/\/alcedrix.com\/sq\/shop\/denti-pop-smart-focus-lepirese-pa-sheqer-me-shije-qershie-dhe-boronice\/\" \/>\n<meta property=\"og:locale\" content=\"sq_AL\" \/>\n<meta property=\"og:type\" content=\"article\" \/>\n<meta property=\"og:title\" content=\"Denti Pop Smart Focus\u2013 L\u00ebpir\u00ebse pa sheqer me shije qershie dhe boronice - Alcedrix\" \/>\n<meta property=\"og:description\" content=\"Denti-Pop Smart FOCUS mb\u00ebshtet aft\u00ebsin\u00eb mendore dhe funksionin e duhur kognitiv.\" \/>\n<meta property=\"og:url\" content=\"https:\/\/alcedrix.com\/sq\/shop\/denti-pop-smart-focus-lepirese-pa-sheqer-me-shije-qershie-dhe-boronice\/\" \/>\n<meta property=\"og:site_name\" content=\"Alcedrix\" \/>\n<meta property=\"article:publisher\" content=\"https:\/\/www.facebook.com\/alcedrix\" \/>\n<meta property=\"article:modified_time\" content=\"2024-11-14T15:07:21+00:00\" \/>\n<meta property=\"og:image\" content=\"https:\/\/alcedrix.com\/wp-content\/uploads\/2024\/11\/c9e6f426fee7fa3a11579442d9111.png\" \/>\n\t<meta property=\"og:image:width\" content=\"588\" \/>\n\t<meta property=\"og:image:height\" content=\"588\" \/>\n\t<meta property=\"og:image:type\" content=\"image\/png\" \/>\n<meta name=\"twitter:card\" content=\"summary_large_image\" \/>\n<meta name=\"twitter:label1\" content=\"Est. reading time\" \/>\n\t<meta name=\"twitter:data1\" content=\"2 minuta\" \/>\n<script type=\"application\/ld+json\" class=\"yoast-schema-graph\">{\"@context\":\"https:\/\/schema.org\",\"@graph\":[{\"@type\":\"WebPage\",\"@id\":\"https:\/\/alcedrix.com\/shop\/denti-pop-smart-focus-lepirese-pa-sheqer-me-shije-qershie-dhe-boronice\/\",\"url\":\"https:\/\/alcedrix.com\/shop\/denti-pop-smart-focus-lepirese-pa-sheqer-me-shije-qershie-dhe-boronice\/\",\"name\":\"Denti Pop Smart Focus\u2013 L\u00ebpir\u00ebse pa sheqer me shije qershie dhe boronice - Alcedrix\",\"isPartOf\":{\"@id\":\"http:\/\/alcedrix.com\/#website\"},\"primaryImageOfPage\":{\"@id\":\"https:\/\/alcedrix.com\/shop\/denti-pop-smart-focus-lepirese-pa-sheqer-me-shije-qershie-dhe-boronice\/#primaryimage\"},\"image\":{\"@id\":\"https:\/\/alcedrix.com\/shop\/denti-pop-smart-focus-lepirese-pa-sheqer-me-shije-qershie-dhe-boronice\/#primaryimage\"},\"thumbnailUrl\":\"https:\/\/alcedrix.com\/wp-content\/uploads\/2024\/11\/c9e6f426fee7fa3a11579442d9111.png\",\"datePublished\":\"2024-11-11T10:02:50+00:00\",\"dateModified\":\"2024-11-14T15:07:21+00:00\",\"breadcrumb\":{\"@id\":\"https:\/\/alcedrix.com\/shop\/denti-pop-smart-focus-lepirese-pa-sheqer-me-shije-qershie-dhe-boronice\/#breadcrumb\"},\"inLanguage\":\"sq\",\"potentialAction\":[{\"@type\":\"ReadAction\",\"target\":[\"https:\/\/alcedrix.com\/shop\/denti-pop-smart-focus-lepirese-pa-sheqer-me-shije-qershie-dhe-boronice\/\"]}]},{\"@type\":\"ImageObject\",\"inLanguage\":\"sq\",\"@id\":\"https:\/\/alcedrix.com\/shop\/denti-pop-smart-focus-lepirese-pa-sheqer-me-shije-qershie-dhe-boronice\/#primaryimage\",\"url\":\"https:\/\/alcedrix.com\/wp-content\/uploads\/2024\/11\/c9e6f426fee7fa3a11579442d9111.png\",\"contentUrl\":\"https:\/\/alcedrix.com\/wp-content\/uploads\/2024\/11\/c9e6f426fee7fa3a11579442d9111.png\",\"width\":588,\"height\":588},{\"@type\":\"BreadcrumbList\",\"@id\":\"https:\/\/alcedrix.com\/shop\/denti-pop-smart-focus-lepirese-pa-sheqer-me-shije-qershie-dhe-boronice\/#breadcrumb\",\"itemListElement\":[{\"@type\":\"ListItem\",\"position\":1,\"name\":\"Home\",\"item\":\"http:\/\/alcedrix.com\/\"},{\"@type\":\"ListItem\",\"position\":2,\"name\":\"Shop\",\"item\":\"https:\/\/alcedrix.com\/shop\/\"},{\"@type\":\"ListItem\",\"position\":3,\"name\":\"Denti Pop Smart Focus\u2013 L\u00ebpir\u00ebse pa sheqer me shije qershie dhe boronice\"}]},{\"@type\":\"WebSite\",\"@id\":\"http:\/\/alcedrix.com\/#website\",\"url\":\"http:\/\/alcedrix.com\/\",\"name\":\"Alcedrix\",\"description\":\"Alcedrix\",\"publisher\":{\"@id\":\"http:\/\/alcedrix.com\/#organization\"},\"potentialAction\":[{\"@type\":\"SearchAction\",\"target\":{\"@type\":\"EntryPoint\",\"urlTemplate\":\"http:\/\/alcedrix.com\/?s={search_term_string}\"},\"query-input\":{\"@type\":\"PropertyValueSpecification\",\"valueRequired\":true,\"valueName\":\"search_term_string\"}}],\"inLanguage\":\"sq\"},{\"@type\":\"Organization\",\"@id\":\"http:\/\/alcedrix.com\/#organization\",\"name\":\"Alcedrix\",\"url\":\"http:\/\/alcedrix.com\/\",\"logo\":{\"@type\":\"ImageObject\",\"inLanguage\":\"sq\",\"@id\":\"http:\/\/alcedrix.com\/#\/schema\/logo\/image\/\",\"url\":\"http:\/\/3.126.27.25\/wp-content\/uploads\/2023\/08\/logo-web.png\",\"contentUrl\":\"http:\/\/3.126.27.25\/wp-content\/uploads\/2023\/08\/logo-web.png\",\"width\":492,\"height\":93,\"caption\":\"Alcedrix\"},\"image\":{\"@id\":\"http:\/\/alcedrix.com\/#\/schema\/logo\/image\/\"},\"sameAs\":[\"https:\/\/www.facebook.com\/alcedrix\",\"https:\/\/www.instagram.com\/alcedrix\"]}]}<\/script>\n<!-- \/ Yoast SEO plugin. -->","yoast_head_json":{"title":"Denti Pop Smart Focus\u2013 L\u00ebpir\u00ebse pa sheqer me shije qershie dhe boronice - Alcedrix","robots":{"index":"index","follow":"follow","max-snippet":"max-snippet:-1","max-image-preview":"max-image-preview:large","max-video-preview":"max-video-preview:-1"},"canonical":"https:\/\/alcedrix.com\/sq\/shop\/denti-pop-smart-focus-lepirese-pa-sheqer-me-shije-qershie-dhe-boronice\/","og_locale":"sq_AL","og_type":"article","og_title":"Denti Pop Smart Focus\u2013 L\u00ebpir\u00ebse pa sheqer me shije qershie dhe boronice - Alcedrix","og_description":"Denti-Pop Smart FOCUS mb\u00ebshtet aft\u00ebsin\u00eb mendore dhe funksionin e duhur kognitiv.","og_url":"https:\/\/alcedrix.com\/sq\/shop\/denti-pop-smart-focus-lepirese-pa-sheqer-me-shije-qershie-dhe-boronice\/","og_site_name":"Alcedrix","article_publisher":"https:\/\/www.facebook.com\/alcedrix","article_modified_time":"2024-11-14T15:07:21+00:00","og_image":[{"width":588,"height":588,"url":"https:\/\/alcedrix.com\/wp-content\/uploads\/2024\/11\/c9e6f426fee7fa3a11579442d9111.png","type":"image\/png"}],"twitter_card":"summary_large_image","twitter_misc":{"Est. reading time":"2 minuta"},"schema":{"@context":"https:\/\/schema.org","@graph":[{"@type":"WebPage","@id":"https:\/\/alcedrix.com\/shop\/denti-pop-smart-focus-lepirese-pa-sheqer-me-shije-qershie-dhe-boronice\/","url":"https:\/\/alcedrix.com\/shop\/denti-pop-smart-focus-lepirese-pa-sheqer-me-shije-qershie-dhe-boronice\/","name":"Denti Pop Smart Focus\u2013 L\u00ebpir\u00ebse pa sheqer me shije qershie dhe boronice - Alcedrix","isPartOf":{"@id":"http:\/\/alcedrix.com\/#website"},"primaryImageOfPage":{"@id":"https:\/\/alcedrix.com\/shop\/denti-pop-smart-focus-lepirese-pa-sheqer-me-shije-qershie-dhe-boronice\/#primaryimage"},"image":{"@id":"https:\/\/alcedrix.com\/shop\/denti-pop-smart-focus-lepirese-pa-sheqer-me-shije-qershie-dhe-boronice\/#primaryimage"},"thumbnailUrl":"https:\/\/alcedrix.com\/wp-content\/uploads\/2024\/11\/c9e6f426fee7fa3a11579442d9111.png","datePublished":"2024-11-11T10:02:50+00:00","dateModified":"2024-11-14T15:07:21+00:00","breadcrumb":{"@id":"https:\/\/alcedrix.com\/shop\/denti-pop-smart-focus-lepirese-pa-sheqer-me-shije-qershie-dhe-boronice\/#breadcrumb"},"inLanguage":"sq","potentialAction":[{"@type":"ReadAction","target":["https:\/\/alcedrix.com\/shop\/denti-pop-smart-focus-lepirese-pa-sheqer-me-shije-qershie-dhe-boronice\/"]}]},{"@type":"ImageObject","inLanguage":"sq","@id":"https:\/\/alcedrix.com\/shop\/denti-pop-smart-focus-lepirese-pa-sheqer-me-shije-qershie-dhe-boronice\/#primaryimage","url":"https:\/\/alcedrix.com\/wp-content\/uploads\/2024\/11\/c9e6f426fee7fa3a11579442d9111.png","contentUrl":"https:\/\/alcedrix.com\/wp-content\/uploads\/2024\/11\/c9e6f426fee7fa3a11579442d9111.png","width":588,"height":588},{"@type":"BreadcrumbList","@id":"https:\/\/alcedrix.com\/shop\/denti-pop-smart-focus-lepirese-pa-sheqer-me-shije-qershie-dhe-boronice\/#breadcrumb","itemListElement":[{"@type":"ListItem","position":1,"name":"Home","item":"http:\/\/alcedrix.com\/"},{"@type":"ListItem","position":2,"name":"Shop","item":"https:\/\/alcedrix.com\/shop\/"},{"@type":"ListItem","position":3,"name":"Denti Pop Smart Focus\u2013 L\u00ebpir\u00ebse pa sheqer me shije qershie dhe boronice"}]},{"@type":"WebSite","@id":"http:\/\/alcedrix.com\/#website","url":"http:\/\/alcedrix.com\/","name":"Alcedrix","description":"Alcedrix","publisher":{"@id":"http:\/\/alcedrix.com\/#organization"},"potentialAction":[{"@type":"SearchAction","target":{"@type":"EntryPoint","urlTemplate":"http:\/\/alcedrix.com\/?s={search_term_string}"},"query-input":{"@type":"PropertyValueSpecification","valueRequired":true,"valueName":"search_term_string"}}],"inLanguage":"sq"},{"@type":"Organization","@id":"http:\/\/alcedrix.com\/#organization","name":"Alcedrix","url":"http:\/\/alcedrix.com\/","logo":{"@type":"ImageObject","inLanguage":"sq","@id":"http:\/\/alcedrix.com\/#\/schema\/logo\/image\/","url":"http:\/\/3.126.27.25\/wp-content\/uploads\/2023\/08\/logo-web.png","contentUrl":"http:\/\/3.126.27.25\/wp-content\/uploads\/2023\/08\/logo-web.png","width":492,"height":93,"caption":"Alcedrix"},"image":{"@id":"http:\/\/alcedrix.com\/#\/schema\/logo\/image\/"},"sameAs":["https:\/\/www.facebook.com\/alcedrix","https:\/\/www.instagram.com\/alcedrix"]}]}},"_links":{"self":[{"href":"https:\/\/alcedrix.com\/sq\/wp-json\/wp\/v2\/product\/9791"}],"collection":[{"href":"https:\/\/alcedrix.com\/sq\/wp-json\/wp\/v2\/product"}],"about":[{"href":"https:\/\/alcedrix.com\/sq\/wp-json\/wp\/v2\/types\/product"}],"version-history":[{"count":0,"href":"https:\/\/alcedrix.com\/sq\/wp-json\/wp\/v2\/product\/9791\/revisions"}],"wp:featuredmedia":[{"embeddable":true,"href":"https:\/\/alcedrix.com\/sq\/wp-json\/wp\/v2\/media\/9840"}],"wp:attachment":[{"href":"https:\/\/alcedrix.com\/sq\/wp-json\/wp\/v2\/media?parent=9791"}],"wp:term":[{"taxonomy":"product_cat","embeddable":true,"href":"https:\/\/alcedrix.com\/sq\/wp-json\/wp\/v2\/product_cat?post=9791"},{"taxonomy":"product_tag","embeddable":true,"href":"https:\/\/alcedrix.com\/sq\/wp-json\/wp\/v2\/product_tag?post=9791"}],"curies":[{"name":"wp","href":"https:\/\/api.w.org\/{rel}","templated":true}]}}