{"id":9789,"date":"2024-11-11T10:02:07","date_gmt":"2024-11-11T10:02:07","guid":{"rendered":"http:\/\/3.126.27.25\/?post_type=product&#038;p=9789"},"modified":"2024-11-14T15:16:13","modified_gmt":"2024-11-14T15:16:13","slug":"denti-pop-smart-active-lepirese-pa-sheqer-me-shije-dredheze-te-eger","status":"publish","type":"product","link":"https:\/\/alcedrix.com\/sq\/shop\/denti-pop-smart-active-lepirese-pa-sheqer-me-shije-dredheze-te-eger\/","title":{"rendered":"Denti Pop Smart Active\u2013 L\u00ebpir\u00ebse pa sheqer me shije dredh\u00ebze t\u00eb eg\u00ebr"},"content":{"rendered":"<p><strong>Vetit\u00eb:<\/strong><\/p>\n<ul>\n<li><strong>Inulin<\/strong> \u2013 Prebiotik natyral<\/li>\n<li><strong>Xylitol Finlandez<\/strong><\/li>\n<li><strong>Hekur<\/strong>, <strong>magnez<\/strong> dhe <strong>vitamina C<\/strong><\/li>\n<li><strong>Luleshtrydhe t\u00eb egra t\u00eb thara<\/strong><\/li>\n<li>Pa sheqer<\/li>\n<li>Ngjyra natyrale \u2013 panxhar<\/li>\n<li>Pa konservant\u00eb<\/li>\n<li>Pa gluten<\/li>\n<\/ul>\n<p><strong>Vitamina C:<\/strong><\/p>\n<ul>\n<li>Pjes\u00ebmarr\u00ebs n\u00eb formimin e kolagjenit p\u00ebr funksionin normal t\u00eb dh\u00ebmb\u00ebve;<\/li>\n<li>Ndihmon n\u00eb reduktimin e lodhjes dhe p\u00ebrgjumjes;<\/li>\n<\/ul>\n<p><strong>Inulin:<\/strong><\/p>\n<ul>\n<li>Nj\u00eb prebiotik natyral (ushqim p\u00ebr bakteret e zorr\u00ebve);<\/li>\n<li>Mikroflora e zorr\u00ebve ka nj\u00eb ndikim t\u00eb r\u00ebnd\u00ebsish\u00ebm n\u00eb imunitet p\u00ebrmes nd\u00ebrveprimeve me sistemin imunitar. Inulini i p\u00ebrdorur nga cikoria \u00ebsht\u00eb pastruar p\u00ebr t\u00eb hequr sheqernat natyrale t\u00eb thjeshta;<\/li>\n<\/ul>\n<p><strong>Magnezi dhe Vitamina C:<\/strong><\/p>\n<ul>\n<li>Mb\u00ebshtesin funksionin normal psikologjik;<\/li>\n<\/ul>\n<p><strong>Bakri, Hekuri, Magnezi dhe Vitamina C:<\/strong><\/p>\n<ul>\n<li>Ndihmojn\u00eb n\u00eb metabolizmin normal q\u00eb prodhon energji;<\/li>\n<\/ul>\n<p><strong>Hekuri:<\/strong><\/p>\n<ul>\n<li>Ndihmon n\u00eb funksionin kognitiv normal;<\/li>\n<\/ul>\n<p>K\u00ebta p\u00ebrb\u00ebr\u00ebs rekomandohen ve\u00e7an\u00ebrisht p\u00ebr f\u00ebmij\u00ebt dhe t\u00eb rriturit q\u00eb preferojn\u00eb nj\u00eb stil jetese aktiv.<\/p>","protected":false},"excerpt":{"rendered":"<p><strong>Denti-Pop Smart <\/strong><strong>ACTIVE<\/strong> kontribuon n\u00eb mb\u00ebshtetjen psikologjike dhe metabolizmin e duhur t\u00eb energjis\u00eb.<\/p>","protected":false},"featured_media":9844,"template":"","meta":[],"product_cat":[143,162],"product_tag":[],"class_list":{"0":"post-9789","1":"product","2":"type-product","3":"status-publish","4":"has-post-thumbnail","6":"product_cat-starpharma","7":"product_cat-vitamina-dhe-minerale","9":"first","10":"instock","11":"taxable","12":"shipping-taxable","13":"purchasable","14":"product-type-simple"},"yoast_head":"<!-- This site is optimized with the Yoast SEO plugin v23.6 - https:\/\/yoast.com\/wordpress\/plugins\/seo\/ -->\n<title>Denti Pop Smart Active\u2013 L\u00ebpir\u00ebse pa sheqer me shije dredh\u00ebze t\u00eb eg\u00ebr - Alcedrix<\/title>\n<meta name=\"robots\" content=\"index, follow, max-snippet:-1, max-image-preview:large, max-video-preview:-1\" \/>\n<link rel=\"canonical\" href=\"https:\/\/alcedrix.com\/sq\/shop\/denti-pop-smart-active-lepirese-pa-sheqer-me-shije-dredheze-te-eger\/\" \/>\n<meta property=\"og:locale\" content=\"sq_AL\" \/>\n<meta property=\"og:type\" content=\"article\" \/>\n<meta property=\"og:title\" content=\"Denti Pop Smart Active\u2013 L\u00ebpir\u00ebse pa sheqer me shije dredh\u00ebze t\u00eb eg\u00ebr - Alcedrix\" \/>\n<meta property=\"og:description\" content=\"Denti-Pop Smart ACTIVE kontribuon n\u00eb mb\u00ebshtetjen psikologjike dhe metabolizmin e duhur t\u00eb energjis\u00eb.\" \/>\n<meta property=\"og:url\" content=\"https:\/\/alcedrix.com\/sq\/shop\/denti-pop-smart-active-lepirese-pa-sheqer-me-shije-dredheze-te-eger\/\" \/>\n<meta property=\"og:site_name\" content=\"Alcedrix\" \/>\n<meta property=\"article:publisher\" content=\"https:\/\/www.facebook.com\/alcedrix\" \/>\n<meta property=\"article:modified_time\" content=\"2024-11-14T15:16:13+00:00\" \/>\n<meta property=\"og:image\" content=\"https:\/\/alcedrix.com\/wp-content\/uploads\/2024\/11\/f28243fda199782d9891a4b8ca7c1.png\" \/>\n\t<meta property=\"og:image:width\" content=\"588\" \/>\n\t<meta property=\"og:image:height\" content=\"588\" \/>\n\t<meta property=\"og:image:type\" content=\"image\/png\" \/>\n<meta name=\"twitter:card\" content=\"summary_large_image\" \/>\n<meta name=\"twitter:label1\" content=\"Est. reading time\" \/>\n\t<meta name=\"twitter:data1\" content=\"1 minut\u00eb\" \/>\n<script type=\"application\/ld+json\" class=\"yoast-schema-graph\">{\"@context\":\"https:\/\/schema.org\",\"@graph\":[{\"@type\":\"WebPage\",\"@id\":\"https:\/\/alcedrix.com\/shop\/denti-pop-smart-active-lepirese-pa-sheqer-me-shije-dredheze-te-eger\/\",\"url\":\"https:\/\/alcedrix.com\/shop\/denti-pop-smart-active-lepirese-pa-sheqer-me-shije-dredheze-te-eger\/\",\"name\":\"Denti Pop Smart Active\u2013 L\u00ebpir\u00ebse pa sheqer me shije dredh\u00ebze t\u00eb eg\u00ebr - Alcedrix\",\"isPartOf\":{\"@id\":\"http:\/\/alcedrix.com\/#website\"},\"primaryImageOfPage\":{\"@id\":\"https:\/\/alcedrix.com\/shop\/denti-pop-smart-active-lepirese-pa-sheqer-me-shije-dredheze-te-eger\/#primaryimage\"},\"image\":{\"@id\":\"https:\/\/alcedrix.com\/shop\/denti-pop-smart-active-lepirese-pa-sheqer-me-shije-dredheze-te-eger\/#primaryimage\"},\"thumbnailUrl\":\"https:\/\/alcedrix.com\/wp-content\/uploads\/2024\/11\/f28243fda199782d9891a4b8ca7c1.png\",\"datePublished\":\"2024-11-11T10:02:07+00:00\",\"dateModified\":\"2024-11-14T15:16:13+00:00\",\"breadcrumb\":{\"@id\":\"https:\/\/alcedrix.com\/shop\/denti-pop-smart-active-lepirese-pa-sheqer-me-shije-dredheze-te-eger\/#breadcrumb\"},\"inLanguage\":\"sq\",\"potentialAction\":[{\"@type\":\"ReadAction\",\"target\":[\"https:\/\/alcedrix.com\/shop\/denti-pop-smart-active-lepirese-pa-sheqer-me-shije-dredheze-te-eger\/\"]}]},{\"@type\":\"ImageObject\",\"inLanguage\":\"sq\",\"@id\":\"https:\/\/alcedrix.com\/shop\/denti-pop-smart-active-lepirese-pa-sheqer-me-shije-dredheze-te-eger\/#primaryimage\",\"url\":\"https:\/\/alcedrix.com\/wp-content\/uploads\/2024\/11\/f28243fda199782d9891a4b8ca7c1.png\",\"contentUrl\":\"https:\/\/alcedrix.com\/wp-content\/uploads\/2024\/11\/f28243fda199782d9891a4b8ca7c1.png\",\"width\":588,\"height\":588},{\"@type\":\"BreadcrumbList\",\"@id\":\"https:\/\/alcedrix.com\/shop\/denti-pop-smart-active-lepirese-pa-sheqer-me-shije-dredheze-te-eger\/#breadcrumb\",\"itemListElement\":[{\"@type\":\"ListItem\",\"position\":1,\"name\":\"Home\",\"item\":\"http:\/\/alcedrix.com\/\"},{\"@type\":\"ListItem\",\"position\":2,\"name\":\"Shop\",\"item\":\"https:\/\/alcedrix.com\/shop\/\"},{\"@type\":\"ListItem\",\"position\":3,\"name\":\"Denti Pop Smart Active\u2013 L\u00ebpir\u00ebse pa sheqer me shije dredh\u00ebze t\u00eb eg\u00ebr\"}]},{\"@type\":\"WebSite\",\"@id\":\"http:\/\/alcedrix.com\/#website\",\"url\":\"http:\/\/alcedrix.com\/\",\"name\":\"Alcedrix\",\"description\":\"Alcedrix\",\"publisher\":{\"@id\":\"http:\/\/alcedrix.com\/#organization\"},\"potentialAction\":[{\"@type\":\"SearchAction\",\"target\":{\"@type\":\"EntryPoint\",\"urlTemplate\":\"http:\/\/alcedrix.com\/?s={search_term_string}\"},\"query-input\":{\"@type\":\"PropertyValueSpecification\",\"valueRequired\":true,\"valueName\":\"search_term_string\"}}],\"inLanguage\":\"sq\"},{\"@type\":\"Organization\",\"@id\":\"http:\/\/alcedrix.com\/#organization\",\"name\":\"Alcedrix\",\"url\":\"http:\/\/alcedrix.com\/\",\"logo\":{\"@type\":\"ImageObject\",\"inLanguage\":\"sq\",\"@id\":\"http:\/\/alcedrix.com\/#\/schema\/logo\/image\/\",\"url\":\"http:\/\/3.126.27.25\/wp-content\/uploads\/2023\/08\/logo-web.png\",\"contentUrl\":\"http:\/\/3.126.27.25\/wp-content\/uploads\/2023\/08\/logo-web.png\",\"width\":492,\"height\":93,\"caption\":\"Alcedrix\"},\"image\":{\"@id\":\"http:\/\/alcedrix.com\/#\/schema\/logo\/image\/\"},\"sameAs\":[\"https:\/\/www.facebook.com\/alcedrix\",\"https:\/\/www.instagram.com\/alcedrix\"]}]}<\/script>\n<!-- \/ Yoast SEO plugin. -->","yoast_head_json":{"title":"Denti Pop Smart Active\u2013 L\u00ebpir\u00ebse pa sheqer me shije dredh\u00ebze t\u00eb eg\u00ebr - Alcedrix","robots":{"index":"index","follow":"follow","max-snippet":"max-snippet:-1","max-image-preview":"max-image-preview:large","max-video-preview":"max-video-preview:-1"},"canonical":"https:\/\/alcedrix.com\/sq\/shop\/denti-pop-smart-active-lepirese-pa-sheqer-me-shije-dredheze-te-eger\/","og_locale":"sq_AL","og_type":"article","og_title":"Denti Pop Smart Active\u2013 L\u00ebpir\u00ebse pa sheqer me shije dredh\u00ebze t\u00eb eg\u00ebr - Alcedrix","og_description":"Denti-Pop Smart ACTIVE kontribuon n\u00eb mb\u00ebshtetjen psikologjike dhe metabolizmin e duhur t\u00eb energjis\u00eb.","og_url":"https:\/\/alcedrix.com\/sq\/shop\/denti-pop-smart-active-lepirese-pa-sheqer-me-shije-dredheze-te-eger\/","og_site_name":"Alcedrix","article_publisher":"https:\/\/www.facebook.com\/alcedrix","article_modified_time":"2024-11-14T15:16:13+00:00","og_image":[{"width":588,"height":588,"url":"https:\/\/alcedrix.com\/wp-content\/uploads\/2024\/11\/f28243fda199782d9891a4b8ca7c1.png","type":"image\/png"}],"twitter_card":"summary_large_image","twitter_misc":{"Est. reading time":"1 minut\u00eb"},"schema":{"@context":"https:\/\/schema.org","@graph":[{"@type":"WebPage","@id":"https:\/\/alcedrix.com\/shop\/denti-pop-smart-active-lepirese-pa-sheqer-me-shije-dredheze-te-eger\/","url":"https:\/\/alcedrix.com\/shop\/denti-pop-smart-active-lepirese-pa-sheqer-me-shije-dredheze-te-eger\/","name":"Denti Pop Smart Active\u2013 L\u00ebpir\u00ebse pa sheqer me shije dredh\u00ebze t\u00eb eg\u00ebr - Alcedrix","isPartOf":{"@id":"http:\/\/alcedrix.com\/#website"},"primaryImageOfPage":{"@id":"https:\/\/alcedrix.com\/shop\/denti-pop-smart-active-lepirese-pa-sheqer-me-shije-dredheze-te-eger\/#primaryimage"},"image":{"@id":"https:\/\/alcedrix.com\/shop\/denti-pop-smart-active-lepirese-pa-sheqer-me-shije-dredheze-te-eger\/#primaryimage"},"thumbnailUrl":"https:\/\/alcedrix.com\/wp-content\/uploads\/2024\/11\/f28243fda199782d9891a4b8ca7c1.png","datePublished":"2024-11-11T10:02:07+00:00","dateModified":"2024-11-14T15:16:13+00:00","breadcrumb":{"@id":"https:\/\/alcedrix.com\/shop\/denti-pop-smart-active-lepirese-pa-sheqer-me-shije-dredheze-te-eger\/#breadcrumb"},"inLanguage":"sq","potentialAction":[{"@type":"ReadAction","target":["https:\/\/alcedrix.com\/shop\/denti-pop-smart-active-lepirese-pa-sheqer-me-shije-dredheze-te-eger\/"]}]},{"@type":"ImageObject","inLanguage":"sq","@id":"https:\/\/alcedrix.com\/shop\/denti-pop-smart-active-lepirese-pa-sheqer-me-shije-dredheze-te-eger\/#primaryimage","url":"https:\/\/alcedrix.com\/wp-content\/uploads\/2024\/11\/f28243fda199782d9891a4b8ca7c1.png","contentUrl":"https:\/\/alcedrix.com\/wp-content\/uploads\/2024\/11\/f28243fda199782d9891a4b8ca7c1.png","width":588,"height":588},{"@type":"BreadcrumbList","@id":"https:\/\/alcedrix.com\/shop\/denti-pop-smart-active-lepirese-pa-sheqer-me-shije-dredheze-te-eger\/#breadcrumb","itemListElement":[{"@type":"ListItem","position":1,"name":"Home","item":"http:\/\/alcedrix.com\/"},{"@type":"ListItem","position":2,"name":"Shop","item":"https:\/\/alcedrix.com\/shop\/"},{"@type":"ListItem","position":3,"name":"Denti Pop Smart Active\u2013 L\u00ebpir\u00ebse pa sheqer me shije dredh\u00ebze t\u00eb eg\u00ebr"}]},{"@type":"WebSite","@id":"http:\/\/alcedrix.com\/#website","url":"http:\/\/alcedrix.com\/","name":"Alcedrix","description":"Alcedrix","publisher":{"@id":"http:\/\/alcedrix.com\/#organization"},"potentialAction":[{"@type":"SearchAction","target":{"@type":"EntryPoint","urlTemplate":"http:\/\/alcedrix.com\/?s={search_term_string}"},"query-input":{"@type":"PropertyValueSpecification","valueRequired":true,"valueName":"search_term_string"}}],"inLanguage":"sq"},{"@type":"Organization","@id":"http:\/\/alcedrix.com\/#organization","name":"Alcedrix","url":"http:\/\/alcedrix.com\/","logo":{"@type":"ImageObject","inLanguage":"sq","@id":"http:\/\/alcedrix.com\/#\/schema\/logo\/image\/","url":"http:\/\/3.126.27.25\/wp-content\/uploads\/2023\/08\/logo-web.png","contentUrl":"http:\/\/3.126.27.25\/wp-content\/uploads\/2023\/08\/logo-web.png","width":492,"height":93,"caption":"Alcedrix"},"image":{"@id":"http:\/\/alcedrix.com\/#\/schema\/logo\/image\/"},"sameAs":["https:\/\/www.facebook.com\/alcedrix","https:\/\/www.instagram.com\/alcedrix"]}]}},"_links":{"self":[{"href":"https:\/\/alcedrix.com\/sq\/wp-json\/wp\/v2\/product\/9789"}],"collection":[{"href":"https:\/\/alcedrix.com\/sq\/wp-json\/wp\/v2\/product"}],"about":[{"href":"https:\/\/alcedrix.com\/sq\/wp-json\/wp\/v2\/types\/product"}],"version-history":[{"count":1,"href":"https:\/\/alcedrix.com\/sq\/wp-json\/wp\/v2\/product\/9789\/revisions"}],"predecessor-version":[{"id":9843,"href":"https:\/\/alcedrix.com\/sq\/wp-json\/wp\/v2\/product\/9789\/revisions\/9843"}],"wp:featuredmedia":[{"embeddable":true,"href":"https:\/\/alcedrix.com\/sq\/wp-json\/wp\/v2\/media\/9844"}],"wp:attachment":[{"href":"https:\/\/alcedrix.com\/sq\/wp-json\/wp\/v2\/media?parent=9789"}],"wp:term":[{"taxonomy":"product_cat","embeddable":true,"href":"https:\/\/alcedrix.com\/sq\/wp-json\/wp\/v2\/product_cat?post=9789"},{"taxonomy":"product_tag","embeddable":true,"href":"https:\/\/alcedrix.com\/sq\/wp-json\/wp\/v2\/product_tag?post=9789"}],"curies":[{"name":"wp","href":"https:\/\/api.w.org\/{rel}","templated":true}]}}