{"id":9788,"date":"2024-11-11T10:01:10","date_gmt":"2024-11-11T10:01:10","guid":{"rendered":"http:\/\/3.126.27.25\/?post_type=product&#038;p=9788"},"modified":"2024-11-14T15:20:04","modified_gmt":"2024-11-14T15:20:04","slug":"beta-karoten-sun-forte","status":"publish","type":"product","link":"https:\/\/alcedrix.com\/sq\/shop\/beta-karoten-sun-forte\/","title":{"rendered":"Beta Karoten Sun Forte"},"content":{"rendered":"<p>Suplementi ushqimor Beta-KarotenSun Forte \u00ebsht\u00eb i pasur me betakaroten, vitamin\u00eb C dhe vitamin\u00eb E.<br \/>\nP\u00ebrb\u00ebr\u00ebsit e k\u00ebtij preparati kan\u00eb nj\u00eb efekt t\u00eb dobish\u00ebm p\u00ebr l\u00ebkur\u00ebn dhe ndihmojn\u00eb n\u00eb mbrojtjen kund\u00ebr stresit oksidativ t\u00eb shkaktuar nga radikal\u00ebt e lir\u00eb.<\/p>\n<p><strong>P\u00ebrb\u00ebr\u00ebsit aktiv\u00eb<\/strong><\/p>\n<ul>\n<li>Vitamina C (12 mg) 15% VRU*<\/li>\n<li>Betakaroten (6 mg)<\/li>\n<li>Vitamina E (6 mg \u03b1-TE) 50% VRU*<\/li>\n<\/ul>\n<p>Suplementi ushqimor \u03b2-KarotenSun me p\u00ebrmbajtje t\u00eb lart\u00eb t\u00eb vitamin\u00ebs A, i pasuruar me vitamina C dhe E, ndihmon n\u00eb: mir\u00ebmbajtjen e l\u00ebkur\u00ebs s\u00eb sh\u00ebndetshme (vitamina A), mbrojtjen e qelizave kund\u00ebr stresit oksidativ (vitamina C dhe E), dhe prodhimin e duhur t\u00eb kolagjenit p\u00ebr t\u00eb siguruar funksionimin e l\u00ebkur\u00ebs dhe en\u00ebve t\u00eb gjakut (vitamina C).<\/p>\n<p><strong>Indikacionet<\/strong><\/p>\n<ul>\n<li>Vitamina A ndihmon n\u00eb mir\u00ebmbajtjen e l\u00ebkur\u00ebs s\u00eb sh\u00ebndetshme.<\/li>\n<li>Vitaminat C dhe E ndihmojn\u00eb n\u00eb mbrojtjen e qelizave kund\u00ebr stresit oksidativ.<\/li>\n<\/ul>\n<p><strong>Si t\u00eb p\u00ebrdoret<\/strong><\/p>\n<p>Merrni 1 tablet\u00eb n\u00eb dit\u00eb me uj\u00eb. Mos e tejkaloni doz\u00ebn e rekomanduar, pra 1 tablet\u00eb n\u00eb dit\u00eb.<\/p>","protected":false},"excerpt":{"rendered":"<p>L\u00ebkur\u00eb e sh\u00ebndetshme, mbrojtje kund\u00ebr radikal\u00ebve t\u00eb lira, 30 tableta.<\/p>","protected":false},"featured_media":9827,"template":"","meta":[],"product_cat":[143,162],"product_tag":[],"class_list":{"0":"post-9788","1":"product","2":"type-product","3":"status-publish","4":"has-post-thumbnail","6":"product_cat-starpharma","7":"product_cat-vitamina-dhe-minerale","9":"first","10":"instock","11":"taxable","12":"shipping-taxable","13":"purchasable","14":"product-type-simple"},"yoast_head":"<!-- This site is optimized with the Yoast SEO plugin v23.6 - https:\/\/yoast.com\/wordpress\/plugins\/seo\/ -->\n<title>Beta Karoten Sun Forte - Alcedrix<\/title>\n<meta name=\"robots\" content=\"index, follow, max-snippet:-1, max-image-preview:large, max-video-preview:-1\" \/>\n<link rel=\"canonical\" href=\"http:\/\/alcedrix.com\/sq\/shop\/beta-karoten-sun-forte\/\" \/>\n<meta property=\"og:locale\" content=\"sq_AL\" \/>\n<meta property=\"og:type\" content=\"article\" \/>\n<meta property=\"og:title\" content=\"Beta Karoten Sun Forte - Alcedrix\" \/>\n<meta property=\"og:description\" content=\"L\u00ebkur\u00eb e sh\u00ebndetshme, mbrojtje kund\u00ebr radikal\u00ebve t\u00eb lira, 30 tableta.\" \/>\n<meta property=\"og:url\" content=\"http:\/\/alcedrix.com\/sq\/shop\/beta-karoten-sun-forte\/\" \/>\n<meta property=\"og:site_name\" content=\"Alcedrix\" \/>\n<meta property=\"article:publisher\" content=\"https:\/\/www.facebook.com\/alcedrix\" \/>\n<meta property=\"article:modified_time\" content=\"2024-11-14T15:20:04+00:00\" \/>\n<meta property=\"og:image\" content=\"http:\/\/alcedrix.com\/wp-content\/uploads\/2024\/11\/packshot_Beta-Karoten-Sun-Forte.png\" \/>\n\t<meta property=\"og:image:width\" content=\"1000\" \/>\n\t<meta property=\"og:image:height\" content=\"1000\" \/>\n\t<meta property=\"og:image:type\" content=\"image\/png\" \/>\n<meta name=\"twitter:card\" content=\"summary_large_image\" \/>\n<meta name=\"twitter:label1\" content=\"Est. reading time\" \/>\n\t<meta name=\"twitter:data1\" content=\"1 minut\u00eb\" \/>\n<script type=\"application\/ld+json\" class=\"yoast-schema-graph\">{\"@context\":\"https:\/\/schema.org\",\"@graph\":[{\"@type\":\"WebPage\",\"@id\":\"http:\/\/alcedrix.com\/shop\/beta-karoten-sun-forte\/\",\"url\":\"http:\/\/alcedrix.com\/shop\/beta-karoten-sun-forte\/\",\"name\":\"Beta Karoten Sun Forte - Alcedrix\",\"isPartOf\":{\"@id\":\"http:\/\/alcedrix.com\/#website\"},\"primaryImageOfPage\":{\"@id\":\"http:\/\/alcedrix.com\/shop\/beta-karoten-sun-forte\/#primaryimage\"},\"image\":{\"@id\":\"http:\/\/alcedrix.com\/shop\/beta-karoten-sun-forte\/#primaryimage\"},\"thumbnailUrl\":\"https:\/\/alcedrix.com\/wp-content\/uploads\/2024\/11\/packshot_Beta-Karoten-Sun-Forte.png\",\"datePublished\":\"2024-11-11T10:01:10+00:00\",\"dateModified\":\"2024-11-14T15:20:04+00:00\",\"breadcrumb\":{\"@id\":\"http:\/\/alcedrix.com\/shop\/beta-karoten-sun-forte\/#breadcrumb\"},\"inLanguage\":\"sq\",\"potentialAction\":[{\"@type\":\"ReadAction\",\"target\":[\"http:\/\/alcedrix.com\/shop\/beta-karoten-sun-forte\/\"]}]},{\"@type\":\"ImageObject\",\"inLanguage\":\"sq\",\"@id\":\"http:\/\/alcedrix.com\/shop\/beta-karoten-sun-forte\/#primaryimage\",\"url\":\"https:\/\/alcedrix.com\/wp-content\/uploads\/2024\/11\/packshot_Beta-Karoten-Sun-Forte.png\",\"contentUrl\":\"https:\/\/alcedrix.com\/wp-content\/uploads\/2024\/11\/packshot_Beta-Karoten-Sun-Forte.png\",\"width\":1000,\"height\":1000},{\"@type\":\"BreadcrumbList\",\"@id\":\"http:\/\/alcedrix.com\/shop\/beta-karoten-sun-forte\/#breadcrumb\",\"itemListElement\":[{\"@type\":\"ListItem\",\"position\":1,\"name\":\"Home\",\"item\":\"https:\/\/alcedrix.com\/\"},{\"@type\":\"ListItem\",\"position\":2,\"name\":\"Shop\",\"item\":\"https:\/\/alcedrix.com\/shop\/\"},{\"@type\":\"ListItem\",\"position\":3,\"name\":\"Beta Karoten Sun Forte\"}]},{\"@type\":\"WebSite\",\"@id\":\"http:\/\/alcedrix.com\/#website\",\"url\":\"http:\/\/alcedrix.com\/\",\"name\":\"Alcedrix\",\"description\":\"Alcedrix\",\"publisher\":{\"@id\":\"http:\/\/alcedrix.com\/#organization\"},\"potentialAction\":[{\"@type\":\"SearchAction\",\"target\":{\"@type\":\"EntryPoint\",\"urlTemplate\":\"http:\/\/alcedrix.com\/?s={search_term_string}\"},\"query-input\":{\"@type\":\"PropertyValueSpecification\",\"valueRequired\":true,\"valueName\":\"search_term_string\"}}],\"inLanguage\":\"sq\"},{\"@type\":\"Organization\",\"@id\":\"http:\/\/alcedrix.com\/#organization\",\"name\":\"Alcedrix\",\"url\":\"http:\/\/alcedrix.com\/\",\"logo\":{\"@type\":\"ImageObject\",\"inLanguage\":\"sq\",\"@id\":\"http:\/\/alcedrix.com\/#\/schema\/logo\/image\/\",\"url\":\"http:\/\/3.126.27.25\/wp-content\/uploads\/2023\/08\/logo-web.png\",\"contentUrl\":\"http:\/\/3.126.27.25\/wp-content\/uploads\/2023\/08\/logo-web.png\",\"width\":492,\"height\":93,\"caption\":\"Alcedrix\"},\"image\":{\"@id\":\"http:\/\/alcedrix.com\/#\/schema\/logo\/image\/\"},\"sameAs\":[\"https:\/\/www.facebook.com\/alcedrix\",\"https:\/\/www.instagram.com\/alcedrix\"]}]}<\/script>\n<!-- \/ Yoast SEO plugin. -->","yoast_head_json":{"title":"Beta Karoten Sun Forte - Alcedrix","robots":{"index":"index","follow":"follow","max-snippet":"max-snippet:-1","max-image-preview":"max-image-preview:large","max-video-preview":"max-video-preview:-1"},"canonical":"http:\/\/alcedrix.com\/sq\/shop\/beta-karoten-sun-forte\/","og_locale":"sq_AL","og_type":"article","og_title":"Beta Karoten Sun Forte - Alcedrix","og_description":"L\u00ebkur\u00eb e sh\u00ebndetshme, mbrojtje kund\u00ebr radikal\u00ebve t\u00eb lira, 30 tableta.","og_url":"http:\/\/alcedrix.com\/sq\/shop\/beta-karoten-sun-forte\/","og_site_name":"Alcedrix","article_publisher":"https:\/\/www.facebook.com\/alcedrix","article_modified_time":"2024-11-14T15:20:04+00:00","og_image":[{"width":1000,"height":1000,"url":"http:\/\/alcedrix.com\/wp-content\/uploads\/2024\/11\/packshot_Beta-Karoten-Sun-Forte.png","type":"image\/png"}],"twitter_card":"summary_large_image","twitter_misc":{"Est. reading time":"1 minut\u00eb"},"schema":{"@context":"https:\/\/schema.org","@graph":[{"@type":"WebPage","@id":"http:\/\/alcedrix.com\/shop\/beta-karoten-sun-forte\/","url":"http:\/\/alcedrix.com\/shop\/beta-karoten-sun-forte\/","name":"Beta Karoten Sun Forte - Alcedrix","isPartOf":{"@id":"http:\/\/alcedrix.com\/#website"},"primaryImageOfPage":{"@id":"http:\/\/alcedrix.com\/shop\/beta-karoten-sun-forte\/#primaryimage"},"image":{"@id":"http:\/\/alcedrix.com\/shop\/beta-karoten-sun-forte\/#primaryimage"},"thumbnailUrl":"https:\/\/alcedrix.com\/wp-content\/uploads\/2024\/11\/packshot_Beta-Karoten-Sun-Forte.png","datePublished":"2024-11-11T10:01:10+00:00","dateModified":"2024-11-14T15:20:04+00:00","breadcrumb":{"@id":"http:\/\/alcedrix.com\/shop\/beta-karoten-sun-forte\/#breadcrumb"},"inLanguage":"sq","potentialAction":[{"@type":"ReadAction","target":["http:\/\/alcedrix.com\/shop\/beta-karoten-sun-forte\/"]}]},{"@type":"ImageObject","inLanguage":"sq","@id":"http:\/\/alcedrix.com\/shop\/beta-karoten-sun-forte\/#primaryimage","url":"https:\/\/alcedrix.com\/wp-content\/uploads\/2024\/11\/packshot_Beta-Karoten-Sun-Forte.png","contentUrl":"https:\/\/alcedrix.com\/wp-content\/uploads\/2024\/11\/packshot_Beta-Karoten-Sun-Forte.png","width":1000,"height":1000},{"@type":"BreadcrumbList","@id":"http:\/\/alcedrix.com\/shop\/beta-karoten-sun-forte\/#breadcrumb","itemListElement":[{"@type":"ListItem","position":1,"name":"Home","item":"https:\/\/alcedrix.com\/"},{"@type":"ListItem","position":2,"name":"Shop","item":"https:\/\/alcedrix.com\/shop\/"},{"@type":"ListItem","position":3,"name":"Beta Karoten Sun Forte"}]},{"@type":"WebSite","@id":"http:\/\/alcedrix.com\/#website","url":"http:\/\/alcedrix.com\/","name":"Alcedrix","description":"Alcedrix","publisher":{"@id":"http:\/\/alcedrix.com\/#organization"},"potentialAction":[{"@type":"SearchAction","target":{"@type":"EntryPoint","urlTemplate":"http:\/\/alcedrix.com\/?s={search_term_string}"},"query-input":{"@type":"PropertyValueSpecification","valueRequired":true,"valueName":"search_term_string"}}],"inLanguage":"sq"},{"@type":"Organization","@id":"http:\/\/alcedrix.com\/#organization","name":"Alcedrix","url":"http:\/\/alcedrix.com\/","logo":{"@type":"ImageObject","inLanguage":"sq","@id":"http:\/\/alcedrix.com\/#\/schema\/logo\/image\/","url":"http:\/\/3.126.27.25\/wp-content\/uploads\/2023\/08\/logo-web.png","contentUrl":"http:\/\/3.126.27.25\/wp-content\/uploads\/2023\/08\/logo-web.png","width":492,"height":93,"caption":"Alcedrix"},"image":{"@id":"http:\/\/alcedrix.com\/#\/schema\/logo\/image\/"},"sameAs":["https:\/\/www.facebook.com\/alcedrix","https:\/\/www.instagram.com\/alcedrix"]}]}},"_links":{"self":[{"href":"https:\/\/alcedrix.com\/sq\/wp-json\/wp\/v2\/product\/9788"}],"collection":[{"href":"https:\/\/alcedrix.com\/sq\/wp-json\/wp\/v2\/product"}],"about":[{"href":"https:\/\/alcedrix.com\/sq\/wp-json\/wp\/v2\/types\/product"}],"version-history":[{"count":0,"href":"https:\/\/alcedrix.com\/sq\/wp-json\/wp\/v2\/product\/9788\/revisions"}],"wp:featuredmedia":[{"embeddable":true,"href":"https:\/\/alcedrix.com\/sq\/wp-json\/wp\/v2\/media\/9827"}],"wp:attachment":[{"href":"https:\/\/alcedrix.com\/sq\/wp-json\/wp\/v2\/media?parent=9788"}],"wp:term":[{"taxonomy":"product_cat","embeddable":true,"href":"https:\/\/alcedrix.com\/sq\/wp-json\/wp\/v2\/product_cat?post=9788"},{"taxonomy":"product_tag","embeddable":true,"href":"https:\/\/alcedrix.com\/sq\/wp-json\/wp\/v2\/product_tag?post=9788"}],"curies":[{"name":"wp","href":"https:\/\/api.w.org\/{rel}","templated":true}]}}