{"id":9728,"date":"2024-11-07T09:19:29","date_gmt":"2024-11-07T09:19:29","guid":{"rendered":"http:\/\/3.126.27.25\/?post_type=product&#038;p=9728"},"modified":"2024-11-14T15:44:05","modified_gmt":"2024-11-14T15:44:05","slug":"super-facialist-clear-skin-on-the-spot-clarifying-gel-15ml","status":"publish","type":"product","link":"https:\/\/alcedrix.com\/sq\/shop\/super-facialist-clear-skin-on-the-spot-clarifying-gel-15ml\/","title":{"rendered":"Super Facialist Clear Skin On The Spot Clarifying Gel 15ml"},"content":{"rendered":"<p>Ky Gell p\u00ebr Trajtimin e Njollave p\u00ebrmban 10% Niacinamide p\u00ebr t\u00eb luftuar shpejt ato pu\u00e7rra t\u00eb bezdisshme. Nj\u00eb trajtim i synuar p\u00ebr njollat, me kompleksin ton\u00eb q\u00eb balanson l\u00ebkur\u00ebn, i cili lufton n\u00eb m\u00ebnyr\u00eb aktive kund\u00ebr njollave duke reduktuar pamjen e tyre dhe qet\u00ebsuar skuqjen.<\/p>\n<p>&nbsp;<\/p>\n<p>Vegan | Pa asnj\u00eb testim mbi kafsh\u00ebt | Madh\u00ebsi udh\u00ebtimi<\/p>\n<p>&nbsp;<\/p>\n<p><strong>Provimet e P\u00ebrdoruesve<\/strong><\/p>\n<p>&nbsp;<\/p>\n<p>Mund ta merrni fjal\u00ebn ton\u00eb ose besoni 50 njer\u00ebzit q\u00eb e provuan at\u00eb n\u00eb m\u00ebnyr\u00eb anonime&#8230;<\/p>\n<ul>\n<li><strong>87%<\/strong> e respondent\u00ebve pan\u00eb q\u00eb madh\u00ebsia e pik\u00ebs u reduktua n\u00eb 3 dit\u00eb ose m\u00eb pak.<\/li>\n<li><strong>74%<\/strong> e respondent\u00ebve ishin t\u00eb k\u00ebnaqur me m\u00ebnyr\u00ebn se si gelli p\u00ebr pikat reduktonte skuqjen e pikave.<\/li>\n<li>Dy t\u00eb tretat e respondent\u00ebve ran\u00eb dakord q\u00eb gelli p\u00ebr kontrollin e papast\u00ebrtive ndihmonte n\u00eb parandalimin e rikthimit t\u00eb pikave.<\/li>\n<\/ul>\n<p>&nbsp;<\/p>\n<p><strong>Si t\u00eb P\u00ebrdoret<\/strong><\/p>\n<p>Aplikoni drejtp\u00ebrdrejt mbi l\u00ebkur\u00ebn e past\u00ebr dhe t\u00eb that\u00eb sa her\u00eb q\u00eb v\u00ebreni nj\u00eb papast\u00ebrtie.<\/p>","protected":false},"excerpt":{"rendered":"<p><span style=\"color: #40e0d0;\" data-darkreader-inline-color=\"\"><span style=\"--darkreader-inline-color: #bf40bf;\"><strong>\u2714<\/strong><\/span><strong>10% Niacinamide<\/strong> \u00a0<span style=\"--darkreader-inline-color: #bf40bf;\"><strong>\u2714Vegan \u2714Targeton Papast\u00ebrtit\u00eb \u2714Qet\u00ebson<\/strong><\/span><\/span><\/p>\n<p>&nbsp;<\/p>\n<style type=\"text\/css\">\n\t#foogallery-gallery-9870 .fg-image {\n        width: 150px;\n    }\n<\/style>\n<div class=\"foogallery foogallery-container foogallery-default foogallery-lightbox-foogallery fg-gutter-10 fg-center fg-default fg-light fg-border-thin fg-shadow-outline fg-loading-default fg-loaded-fade-in fg-caption-hover fg-hover-fade fg-hover-zoom fg-ready\" id=\"foogallery-gallery-9870\" data-foogallery=\"{&quot;item&quot;:{&quot;showCaptionTitle&quot;:true,&quot;showCaptionDescription&quot;:true},&quot;lazy&quot;:true}\" data-foogallery-lightbox=\"{&quot;thumbs&quot;:&quot;bottom&quot;,&quot;thumbsCaptions&quot;:false,&quot;thumbsBestFit&quot;:false,&quot;thumbsSmall&quot;:false,&quot;thumbsCaptionsAlign&quot;:&quot;default&quot;,&quot;info&quot;:&quot;bottom&quot;,&quot;infoVisible&quot;:true,&quot;infoOverlay&quot;:true,&quot;infoAlign&quot;:&quot;default&quot;,&quot;transition&quot;:&quot;fade&quot;,&quot;hoverButtons&quot;:false,&quot;fitMedia&quot;:false,&quot;noScrollbars&quot;:true,&quot;preserveButtonSpace&quot;:true,&quot;buttons&quot;:{&quot;fullscreen&quot;:true,&quot;info&quot;:true,&quot;thumbs&quot;:false},&quot;video&quot;:{&quot;autoPlay&quot;:true}}\" >\n<div class=\"fg-item fg-type-image fg-idle\">\n<figure class=\"fg-item-inner\"><a href=\"https:\/\/alcedrix.com\/wp-content\/uploads\/2024\/11\/super-facialist-onthespot-clarifying-spot-gel-4_720x1.jpg\" data-attachment-id=\"9871\" data-type=\"image\" class=\"fg-thumb\"><span class=\"fg-image-wrap\"><img decoding=\"async\" width=\"150\" height=\"150\" class=\"skip-lazy fg-image\" data-src-fg=\"https:\/\/alcedrix.com\/wp-content\/uploads\/cache\/2024\/11\/super-facialist-onthespot-clarifying-spot-gel-4_720x1\/3360379193.jpg\" src=\"data:image\/svg+xml,%3Csvg%20xmlns%3D%22http%3A%2F%2Fwww.w3.org%2F2000%2Fsvg%22%20width%3D%22150%22%20height%3D%22150%22%20viewBox%3D%220%200%20150%20150%22%3E%3C%2Fsvg%3E\" loading=\"eager\"><\/span><span class=\"fg-image-overlay\"><\/span><\/a><figcaption class=\"fg-caption\">\n<div class=\"fg-caption-inner\"><\/div>\n<\/figcaption><\/figure>\n<div class=\"fg-loader\"><\/div>\n<\/div>\n<div class=\"fg-item fg-type-image fg-idle\">\n<figure class=\"fg-item-inner\"><a href=\"https:\/\/alcedrix.com\/wp-content\/uploads\/2024\/11\/super-facialist-on-the-spot-clarifying-gel-clinical-trial_720x1.jpg\" data-attachment-id=\"9872\" data-type=\"image\" class=\"fg-thumb\"><span class=\"fg-image-wrap\"><img decoding=\"async\" width=\"150\" height=\"150\" class=\"skip-lazy fg-image\" data-src-fg=\"https:\/\/alcedrix.com\/wp-content\/uploads\/cache\/2024\/11\/super-facialist-on-the-spot-clarifying-gel-clinical-trial_720x1\/4099148669.jpg\" src=\"data:image\/svg+xml,%3Csvg%20xmlns%3D%22http%3A%2F%2Fwww.w3.org%2F2000%2Fsvg%22%20width%3D%22150%22%20height%3D%22150%22%20viewBox%3D%220%200%20150%20150%22%3E%3C%2Fsvg%3E\" loading=\"eager\"><\/span><span class=\"fg-image-overlay\"><\/span><\/a><figcaption class=\"fg-caption\">\n<div class=\"fg-caption-inner\"><\/div>\n<\/figcaption><\/figure>\n<div class=\"fg-loader\"><\/div>\n<\/div>\n<div class=\"fg-item fg-type-image fg-idle\">\n<figure class=\"fg-item-inner\"><a href=\"https:\/\/alcedrix.com\/wp-content\/uploads\/2024\/11\/SuperFacialist_ClearSkinOnTheSpotClarifyingGel_FOPCallouts_copy_720x1.jpg\" data-attachment-id=\"9873\" data-type=\"image\" class=\"fg-thumb\"><span class=\"fg-image-wrap\"><img decoding=\"async\" width=\"150\" height=\"150\" class=\"skip-lazy fg-image\" data-src-fg=\"https:\/\/alcedrix.com\/wp-content\/uploads\/cache\/2024\/11\/SuperFacialist_ClearSkinOnTheSpotClarifyingGel_FOPCallouts_copy_720x1\/1181151552.jpg\" src=\"data:image\/svg+xml,%3Csvg%20xmlns%3D%22http%3A%2F%2Fwww.w3.org%2F2000%2Fsvg%22%20width%3D%22150%22%20height%3D%22150%22%20viewBox%3D%220%200%20150%20150%22%3E%3C%2Fsvg%3E\" loading=\"eager\"><\/span><span class=\"fg-image-overlay\"><\/span><\/a><figcaption class=\"fg-caption\">\n<div class=\"fg-caption-inner\"><\/div>\n<\/figcaption><\/figure>\n<div class=\"fg-loader\"><\/div>\n<\/div>\n<div class=\"fg-item fg-type-image fg-idle\">\n<figure class=\"fg-item-inner\"><a href=\"https:\/\/alcedrix.com\/wp-content\/uploads\/2024\/11\/SF_ClearSkin_SpotGel_before_after__tessie.rabiu_OrganicOnly_nopaidactivity_2_720x1.jpg\" data-attachment-id=\"9874\" data-type=\"image\" class=\"fg-thumb\"><span class=\"fg-image-wrap\"><img decoding=\"async\" width=\"150\" height=\"150\" class=\"skip-lazy fg-image\" data-src-fg=\"https:\/\/alcedrix.com\/wp-content\/uploads\/cache\/2024\/11\/SF_ClearSkin_SpotGel_before_after__tessie_rabiu_OrganicOnly_nopaidactivity_2_720x1\/3543220788.jpg\" src=\"data:image\/svg+xml,%3Csvg%20xmlns%3D%22http%3A%2F%2Fwww.w3.org%2F2000%2Fsvg%22%20width%3D%22150%22%20height%3D%22150%22%20viewBox%3D%220%200%20150%20150%22%3E%3C%2Fsvg%3E\" loading=\"eager\"><\/span><span class=\"fg-image-overlay\"><\/span><\/a><figcaption class=\"fg-caption\">\n<div class=\"fg-caption-inner\"><\/div>\n<\/figcaption><\/figure>\n<div class=\"fg-loader\"><\/div>\n<\/div>\n<div class=\"fg-item fg-type-image fg-idle\">\n<figure class=\"fg-item-inner\"><a href=\"https:\/\/alcedrix.com\/wp-content\/uploads\/2024\/11\/super-facialist-clear-skin-reviews_f7874d21-2dfb-441f-9dc3-ccd06f7c6421_720x1.jpg\" data-attachment-id=\"9875\" data-type=\"image\" class=\"fg-thumb\"><span class=\"fg-image-wrap\"><img decoding=\"async\" width=\"150\" height=\"150\" class=\"skip-lazy fg-image\" data-src-fg=\"https:\/\/alcedrix.com\/wp-content\/uploads\/cache\/2024\/11\/super-facialist-clear-skin-reviews_f7874d21-2dfb-441f-9dc3-ccd06f7c6421_720x1\/3162035851.jpg\" src=\"data:image\/svg+xml,%3Csvg%20xmlns%3D%22http%3A%2F%2Fwww.w3.org%2F2000%2Fsvg%22%20width%3D%22150%22%20height%3D%22150%22%20viewBox%3D%220%200%20150%20150%22%3E%3C%2Fsvg%3E\" loading=\"eager\"><\/span><span class=\"fg-image-overlay\"><\/span><\/a><figcaption class=\"fg-caption\">\n<div class=\"fg-caption-inner\"><\/div>\n<\/figcaption><\/figure>\n<div class=\"fg-loader\"><\/div>\n<\/div>\n<div class=\"fg-item fg-type-image fg-idle\">\n<figure class=\"fg-item-inner\"><a href=\"https:\/\/alcedrix.com\/wp-content\/uploads\/2024\/11\/super-facialist-onthespot-clarifying-spot-gel-2_720x1.jpg\" data-attachment-id=\"9876\" data-type=\"image\" class=\"fg-thumb\"><span class=\"fg-image-wrap\"><img decoding=\"async\" width=\"150\" height=\"150\" class=\"skip-lazy fg-image\" data-src-fg=\"https:\/\/alcedrix.com\/wp-content\/uploads\/cache\/2024\/11\/super-facialist-onthespot-clarifying-spot-gel-2_720x1\/685899445.jpg\" src=\"data:image\/svg+xml,%3Csvg%20xmlns%3D%22http%3A%2F%2Fwww.w3.org%2F2000%2Fsvg%22%20width%3D%22150%22%20height%3D%22150%22%20viewBox%3D%220%200%20150%20150%22%3E%3C%2Fsvg%3E\" loading=\"eager\"><\/span><span class=\"fg-image-overlay\"><\/span><\/a><figcaption class=\"fg-caption\">\n<div class=\"fg-caption-inner\"><\/div>\n<\/figcaption><\/figure>\n<div class=\"fg-loader\"><\/div>\n<\/div>\n<div class=\"fg-item fg-type-image fg-idle\">\n<figure class=\"fg-item-inner\"><a href=\"https:\/\/alcedrix.com\/wp-content\/uploads\/2024\/11\/super-facialist-onthespot-clarifying-spot-gel-3_720x1.jpg\" data-attachment-id=\"9877\" data-type=\"image\" class=\"fg-thumb\"><span class=\"fg-image-wrap\"><img decoding=\"async\" width=\"150\" height=\"150\" class=\"skip-lazy fg-image\" data-src-fg=\"https:\/\/alcedrix.com\/wp-content\/uploads\/cache\/2024\/11\/super-facialist-onthespot-clarifying-spot-gel-3_720x1\/980257355.jpg\" src=\"data:image\/svg+xml,%3Csvg%20xmlns%3D%22http%3A%2F%2Fwww.w3.org%2F2000%2Fsvg%22%20width%3D%22150%22%20height%3D%22150%22%20viewBox%3D%220%200%20150%20150%22%3E%3C%2Fsvg%3E\" loading=\"eager\"><\/span><span class=\"fg-image-overlay\"><\/span><\/a><figcaption class=\"fg-caption\">\n<div class=\"fg-caption-inner\"><\/div>\n<\/figcaption><\/figure>\n<div class=\"fg-loader\"><\/div>\n<\/div>\n<div class=\"fg-item fg-type-image fg-idle\">\n<figure class=\"fg-item-inner\"><a href=\"https:\/\/alcedrix.com\/wp-content\/uploads\/2024\/11\/super-facialist-onthespot-clarifying-spot-gel-5_720x1.jpg\" data-attachment-id=\"9878\" data-type=\"image\" class=\"fg-thumb\"><span class=\"fg-image-wrap\"><img decoding=\"async\" width=\"150\" height=\"150\" class=\"skip-lazy fg-image\" data-src-fg=\"https:\/\/alcedrix.com\/wp-content\/uploads\/cache\/2024\/11\/super-facialist-onthespot-clarifying-spot-gel-5_720x1\/2113772545.jpg\" src=\"data:image\/svg+xml,%3Csvg%20xmlns%3D%22http%3A%2F%2Fwww.w3.org%2F2000%2Fsvg%22%20width%3D%22150%22%20height%3D%22150%22%20viewBox%3D%220%200%20150%20150%22%3E%3C%2Fsvg%3E\" loading=\"eager\"><\/span><span class=\"fg-image-overlay\"><\/span><\/a><figcaption class=\"fg-caption\">\n<div class=\"fg-caption-inner\"><\/div>\n<\/figcaption><\/figure>\n<div class=\"fg-loader\"><\/div>\n<\/div>\n<div class=\"fg-item fg-type-image fg-idle\">\n<figure class=\"fg-item-inner\"><a href=\"https:\/\/alcedrix.com\/wp-content\/uploads\/2024\/11\/super-facialist-clear-skin-spot-gel-how-to-use-infographic_720x1.jpg\" data-attachment-id=\"9879\" data-type=\"image\" class=\"fg-thumb\"><span class=\"fg-image-wrap\"><img decoding=\"async\" width=\"150\" height=\"150\" class=\"skip-lazy fg-image\" data-src-fg=\"https:\/\/alcedrix.com\/wp-content\/uploads\/cache\/2024\/11\/super-facialist-clear-skin-spot-gel-how-to-use-infographic_720x1\/2653727137.jpg\" src=\"data:image\/svg+xml,%3Csvg%20xmlns%3D%22http%3A%2F%2Fwww.w3.org%2F2000%2Fsvg%22%20width%3D%22150%22%20height%3D%22150%22%20viewBox%3D%220%200%20150%20150%22%3E%3C%2Fsvg%3E\" loading=\"eager\"><\/span><span class=\"fg-image-overlay\"><\/span><\/a><figcaption class=\"fg-caption\">\n<div class=\"fg-caption-inner\"><\/div>\n<\/figcaption><\/figure>\n<div class=\"fg-loader\"><\/div>\n<\/div>\n<\/div>","protected":false},"featured_media":9729,"template":"","meta":[],"product_cat":[157,154],"product_tag":[],"class_list":{"0":"post-9728","1":"product","2":"type-product","3":"status-publish","4":"has-post-thumbnail","6":"product_cat-face-care","7":"product_cat-superfacialist","9":"first","10":"instock","11":"taxable","12":"shipping-taxable","13":"purchasable","14":"product-type-simple"},"yoast_head":"<!-- This site is optimized with the Yoast SEO plugin v23.6 - https:\/\/yoast.com\/wordpress\/plugins\/seo\/ -->\n<title>Super Facialist Clear Skin On The Spot Clarifying Gel 15ml - Alcedrix<\/title>\n<meta name=\"robots\" content=\"index, follow, max-snippet:-1, max-image-preview:large, max-video-preview:-1\" \/>\n<link rel=\"canonical\" href=\"http:\/\/alcedrix.com\/sq\/shop\/super-facialist-clear-skin-on-the-spot-clarifying-gel-15ml\/\" \/>\n<meta property=\"og:locale\" content=\"sq_AL\" \/>\n<meta property=\"og:type\" content=\"article\" \/>\n<meta property=\"og:title\" content=\"Super Facialist Clear Skin On The Spot Clarifying Gel 15ml - Alcedrix\" \/>\n<meta property=\"og:description\" content=\"\u271410% Niacinamide \u00a0\u2714Vegan \u2714Targeton Papast\u00ebrtit\u00eb \u2714Qet\u00ebson  &nbsp;\" \/>\n<meta property=\"og:url\" content=\"http:\/\/alcedrix.com\/sq\/shop\/super-facialist-clear-skin-on-the-spot-clarifying-gel-15ml\/\" \/>\n<meta property=\"og:site_name\" content=\"Alcedrix\" \/>\n<meta property=\"article:publisher\" content=\"https:\/\/www.facebook.com\/alcedrix\" \/>\n<meta property=\"article:modified_time\" content=\"2024-11-14T15:44:05+00:00\" \/>\n<meta property=\"og:image\" content=\"http:\/\/alcedrix.com\/wp-content\/uploads\/2024\/11\/super-facialist-onthespot-clarifying-spot-gel-1_2048x20481.jpg\" \/>\n\t<meta property=\"og:image:width\" content=\"1024\" \/>\n\t<meta property=\"og:image:height\" content=\"1024\" \/>\n\t<meta property=\"og:image:type\" content=\"image\/jpeg\" \/>\n<meta name=\"twitter:card\" content=\"summary_large_image\" \/>\n<meta name=\"twitter:label1\" content=\"Est. reading time\" \/>\n\t<meta name=\"twitter:data1\" content=\"1 minut\u00eb\" \/>\n<script type=\"application\/ld+json\" class=\"yoast-schema-graph\">{\"@context\":\"https:\/\/schema.org\",\"@graph\":[{\"@type\":\"WebPage\",\"@id\":\"http:\/\/alcedrix.com\/shop\/super-facialist-clear-skin-on-the-spot-clarifying-gel-15ml\/\",\"url\":\"http:\/\/alcedrix.com\/shop\/super-facialist-clear-skin-on-the-spot-clarifying-gel-15ml\/\",\"name\":\"Super Facialist Clear Skin On The Spot Clarifying Gel 15ml - Alcedrix\",\"isPartOf\":{\"@id\":\"https:\/\/alcedrix.com\/#website\"},\"primaryImageOfPage\":{\"@id\":\"http:\/\/alcedrix.com\/shop\/super-facialist-clear-skin-on-the-spot-clarifying-gel-15ml\/#primaryimage\"},\"image\":{\"@id\":\"http:\/\/alcedrix.com\/shop\/super-facialist-clear-skin-on-the-spot-clarifying-gel-15ml\/#primaryimage\"},\"thumbnailUrl\":\"https:\/\/alcedrix.com\/wp-content\/uploads\/2024\/11\/super-facialist-onthespot-clarifying-spot-gel-1_2048x20481.jpg\",\"datePublished\":\"2024-11-07T09:19:29+00:00\",\"dateModified\":\"2024-11-14T15:44:05+00:00\",\"breadcrumb\":{\"@id\":\"http:\/\/alcedrix.com\/shop\/super-facialist-clear-skin-on-the-spot-clarifying-gel-15ml\/#breadcrumb\"},\"inLanguage\":\"sq\",\"potentialAction\":[{\"@type\":\"ReadAction\",\"target\":[\"http:\/\/alcedrix.com\/shop\/super-facialist-clear-skin-on-the-spot-clarifying-gel-15ml\/\"]}]},{\"@type\":\"ImageObject\",\"inLanguage\":\"sq\",\"@id\":\"http:\/\/alcedrix.com\/shop\/super-facialist-clear-skin-on-the-spot-clarifying-gel-15ml\/#primaryimage\",\"url\":\"https:\/\/alcedrix.com\/wp-content\/uploads\/2024\/11\/super-facialist-onthespot-clarifying-spot-gel-1_2048x20481.jpg\",\"contentUrl\":\"https:\/\/alcedrix.com\/wp-content\/uploads\/2024\/11\/super-facialist-onthespot-clarifying-spot-gel-1_2048x20481.jpg\",\"width\":1024,\"height\":1024},{\"@type\":\"BreadcrumbList\",\"@id\":\"http:\/\/alcedrix.com\/shop\/super-facialist-clear-skin-on-the-spot-clarifying-gel-15ml\/#breadcrumb\",\"itemListElement\":[{\"@type\":\"ListItem\",\"position\":1,\"name\":\"Home\",\"item\":\"https:\/\/alcedrix.com\/\"},{\"@type\":\"ListItem\",\"position\":2,\"name\":\"Shop\",\"item\":\"https:\/\/alcedrix.com\/shop\/\"},{\"@type\":\"ListItem\",\"position\":3,\"name\":\"Super Facialist Clear Skin On The Spot Clarifying Gel 15ml\"}]},{\"@type\":\"WebSite\",\"@id\":\"https:\/\/alcedrix.com\/#website\",\"url\":\"https:\/\/alcedrix.com\/\",\"name\":\"Alcedrix\",\"description\":\"Alcedrix\",\"publisher\":{\"@id\":\"https:\/\/alcedrix.com\/#organization\"},\"potentialAction\":[{\"@type\":\"SearchAction\",\"target\":{\"@type\":\"EntryPoint\",\"urlTemplate\":\"https:\/\/alcedrix.com\/?s={search_term_string}\"},\"query-input\":{\"@type\":\"PropertyValueSpecification\",\"valueRequired\":true,\"valueName\":\"search_term_string\"}}],\"inLanguage\":\"sq\"},{\"@type\":\"Organization\",\"@id\":\"https:\/\/alcedrix.com\/#organization\",\"name\":\"Alcedrix\",\"url\":\"https:\/\/alcedrix.com\/\",\"logo\":{\"@type\":\"ImageObject\",\"inLanguage\":\"sq\",\"@id\":\"https:\/\/alcedrix.com\/#\/schema\/logo\/image\/\",\"url\":\"http:\/\/3.126.27.25\/wp-content\/uploads\/2023\/08\/logo-web.png\",\"contentUrl\":\"http:\/\/3.126.27.25\/wp-content\/uploads\/2023\/08\/logo-web.png\",\"width\":492,\"height\":93,\"caption\":\"Alcedrix\"},\"image\":{\"@id\":\"https:\/\/alcedrix.com\/#\/schema\/logo\/image\/\"},\"sameAs\":[\"https:\/\/www.facebook.com\/alcedrix\",\"https:\/\/www.instagram.com\/alcedrix\"]}]}<\/script>\n<!-- \/ Yoast SEO plugin. -->","yoast_head_json":{"title":"Super Facialist Clear Skin On The Spot Clarifying Gel 15ml - Alcedrix","robots":{"index":"index","follow":"follow","max-snippet":"max-snippet:-1","max-image-preview":"max-image-preview:large","max-video-preview":"max-video-preview:-1"},"canonical":"http:\/\/alcedrix.com\/sq\/shop\/super-facialist-clear-skin-on-the-spot-clarifying-gel-15ml\/","og_locale":"sq_AL","og_type":"article","og_title":"Super Facialist Clear Skin On The Spot Clarifying Gel 15ml - Alcedrix","og_description":"\u271410% Niacinamide \u00a0\u2714Vegan \u2714Targeton Papast\u00ebrtit\u00eb \u2714Qet\u00ebson  &nbsp;","og_url":"http:\/\/alcedrix.com\/sq\/shop\/super-facialist-clear-skin-on-the-spot-clarifying-gel-15ml\/","og_site_name":"Alcedrix","article_publisher":"https:\/\/www.facebook.com\/alcedrix","article_modified_time":"2024-11-14T15:44:05+00:00","og_image":[{"width":1024,"height":1024,"url":"http:\/\/alcedrix.com\/wp-content\/uploads\/2024\/11\/super-facialist-onthespot-clarifying-spot-gel-1_2048x20481.jpg","type":"image\/jpeg"}],"twitter_card":"summary_large_image","twitter_misc":{"Est. reading time":"1 minut\u00eb"},"schema":{"@context":"https:\/\/schema.org","@graph":[{"@type":"WebPage","@id":"http:\/\/alcedrix.com\/shop\/super-facialist-clear-skin-on-the-spot-clarifying-gel-15ml\/","url":"http:\/\/alcedrix.com\/shop\/super-facialist-clear-skin-on-the-spot-clarifying-gel-15ml\/","name":"Super Facialist Clear Skin On The Spot Clarifying Gel 15ml - Alcedrix","isPartOf":{"@id":"https:\/\/alcedrix.com\/#website"},"primaryImageOfPage":{"@id":"http:\/\/alcedrix.com\/shop\/super-facialist-clear-skin-on-the-spot-clarifying-gel-15ml\/#primaryimage"},"image":{"@id":"http:\/\/alcedrix.com\/shop\/super-facialist-clear-skin-on-the-spot-clarifying-gel-15ml\/#primaryimage"},"thumbnailUrl":"https:\/\/alcedrix.com\/wp-content\/uploads\/2024\/11\/super-facialist-onthespot-clarifying-spot-gel-1_2048x20481.jpg","datePublished":"2024-11-07T09:19:29+00:00","dateModified":"2024-11-14T15:44:05+00:00","breadcrumb":{"@id":"http:\/\/alcedrix.com\/shop\/super-facialist-clear-skin-on-the-spot-clarifying-gel-15ml\/#breadcrumb"},"inLanguage":"sq","potentialAction":[{"@type":"ReadAction","target":["http:\/\/alcedrix.com\/shop\/super-facialist-clear-skin-on-the-spot-clarifying-gel-15ml\/"]}]},{"@type":"ImageObject","inLanguage":"sq","@id":"http:\/\/alcedrix.com\/shop\/super-facialist-clear-skin-on-the-spot-clarifying-gel-15ml\/#primaryimage","url":"https:\/\/alcedrix.com\/wp-content\/uploads\/2024\/11\/super-facialist-onthespot-clarifying-spot-gel-1_2048x20481.jpg","contentUrl":"https:\/\/alcedrix.com\/wp-content\/uploads\/2024\/11\/super-facialist-onthespot-clarifying-spot-gel-1_2048x20481.jpg","width":1024,"height":1024},{"@type":"BreadcrumbList","@id":"http:\/\/alcedrix.com\/shop\/super-facialist-clear-skin-on-the-spot-clarifying-gel-15ml\/#breadcrumb","itemListElement":[{"@type":"ListItem","position":1,"name":"Home","item":"https:\/\/alcedrix.com\/"},{"@type":"ListItem","position":2,"name":"Shop","item":"https:\/\/alcedrix.com\/shop\/"},{"@type":"ListItem","position":3,"name":"Super Facialist Clear Skin On The Spot Clarifying Gel 15ml"}]},{"@type":"WebSite","@id":"https:\/\/alcedrix.com\/#website","url":"https:\/\/alcedrix.com\/","name":"Alcedrix","description":"Alcedrix","publisher":{"@id":"https:\/\/alcedrix.com\/#organization"},"potentialAction":[{"@type":"SearchAction","target":{"@type":"EntryPoint","urlTemplate":"https:\/\/alcedrix.com\/?s={search_term_string}"},"query-input":{"@type":"PropertyValueSpecification","valueRequired":true,"valueName":"search_term_string"}}],"inLanguage":"sq"},{"@type":"Organization","@id":"https:\/\/alcedrix.com\/#organization","name":"Alcedrix","url":"https:\/\/alcedrix.com\/","logo":{"@type":"ImageObject","inLanguage":"sq","@id":"https:\/\/alcedrix.com\/#\/schema\/logo\/image\/","url":"http:\/\/3.126.27.25\/wp-content\/uploads\/2023\/08\/logo-web.png","contentUrl":"http:\/\/3.126.27.25\/wp-content\/uploads\/2023\/08\/logo-web.png","width":492,"height":93,"caption":"Alcedrix"},"image":{"@id":"https:\/\/alcedrix.com\/#\/schema\/logo\/image\/"},"sameAs":["https:\/\/www.facebook.com\/alcedrix","https:\/\/www.instagram.com\/alcedrix"]}]}},"_links":{"self":[{"href":"https:\/\/alcedrix.com\/sq\/wp-json\/wp\/v2\/product\/9728"}],"collection":[{"href":"https:\/\/alcedrix.com\/sq\/wp-json\/wp\/v2\/product"}],"about":[{"href":"https:\/\/alcedrix.com\/sq\/wp-json\/wp\/v2\/types\/product"}],"version-history":[{"count":1,"href":"https:\/\/alcedrix.com\/sq\/wp-json\/wp\/v2\/product\/9728\/revisions"}],"predecessor-version":[{"id":9869,"href":"https:\/\/alcedrix.com\/sq\/wp-json\/wp\/v2\/product\/9728\/revisions\/9869"}],"wp:featuredmedia":[{"embeddable":true,"href":"https:\/\/alcedrix.com\/sq\/wp-json\/wp\/v2\/media\/9729"}],"wp:attachment":[{"href":"https:\/\/alcedrix.com\/sq\/wp-json\/wp\/v2\/media?parent=9728"}],"wp:term":[{"taxonomy":"product_cat","embeddable":true,"href":"https:\/\/alcedrix.com\/sq\/wp-json\/wp\/v2\/product_cat?post=9728"},{"taxonomy":"product_tag","embeddable":true,"href":"https:\/\/alcedrix.com\/sq\/wp-json\/wp\/v2\/product_tag?post=9728"}],"curies":[{"name":"wp","href":"https:\/\/api.w.org\/{rel}","templated":true}]}}