{"id":9722,"date":"2024-11-07T09:03:21","date_gmt":"2024-11-07T09:03:21","guid":{"rendered":"http:\/\/3.126.27.25\/?post_type=product&#038;p=9722"},"modified":"2024-11-15T08:48:10","modified_gmt":"2024-11-15T08:48:10","slug":"super-facialist-retinol-overnight-resync-night-cream-50ml","status":"publish","type":"product","link":"https:\/\/alcedrix.com\/sq\/shop\/super-facialist-retinol-overnight-resync-night-cream-50ml\/","title":{"rendered":"Super Facialist Retinol Overnight Resync Night Cream 50ml"},"content":{"rendered":"<p>P\u00ebrjetoni fuqin\u00eb transformuese t\u00eb Kremit t\u00eb Nat\u00ebs Retinol SleepSmart Overnight Resync. I pasuruar me Retinol (Vitamina A), nj\u00eb p\u00ebrb\u00ebr\u00ebs i njohur anti-plakje dhe Ekstrakt t\u00eb Far\u00ebs s\u00eb Lupin\u00ebs, ky formulim i fuqish\u00ebm synon vijat e imta dhe rrudhat p\u00ebr t\u00eb rikthyer pamjen e rinis\u00eb dhe elasticitetit. Duke punuar n\u00eb sinkronizim me ritmin cirkadian t\u00eb l\u00ebkur\u00ebs suaj, ju ndihmon t\u00eb zgjoheni me nj\u00eb pamje m\u00eb t\u00eb but\u00eb dhe m\u00eb t\u00eb sh\u00ebndetshme.<\/p>\n<p>&nbsp;<\/p>\n<p>I avancuar me Kompleksin revolucionar Resync SleepSmart\u2122, ky teknologji e p\u00ebrparuar maksimizon rinovimin e l\u00ebkur\u00ebs gjat\u00eb faz\u00ebs m\u00eb t\u00eb p\u00ebrshtatshme t\u00eb nat\u00ebs. Ky kompleks \u00ebsht\u00eb zhvilluar me shkenc\u00ebtar\u00eb dhe ekspert\u00eb t\u00eb kujdesit t\u00eb l\u00ebkur\u00ebs, duke ndihmuar l\u00ebkur\u00ebn t\u00eb rigjenerohet pas ekspozimit ndaj faktor\u00ebve stresues mjedisor\u00eb, duke p\u00ebrfshir\u00eb drit\u00ebn blu.<\/p>\n<p>&nbsp;<\/p>\n<p><strong>Si ta P\u00ebrdorni:<\/strong><br \/>\nAplikoni \u00e7do nat\u00eb n\u00eb fytyr\u00eb, qaf\u00eb dhe dekolte t\u00eb pastruar. P\u00ebrdorni si hapin e fundit t\u00eb rutin\u00ebs suaj t\u00eb mbr\u00ebmjes p\u00ebr nj\u00eb pamje m\u00eb t\u00eb hidratuar dhe m\u00eb t\u00eb but\u00eb kur t\u00eb zgjoheni. Kompleksi Resync SleepSmart\u2122 punon gjat\u00eb nat\u00ebs p\u00ebr t\u00eb optimizuar rigjenerimin e l\u00ebkur\u00ebs kur ajo \u00ebsht\u00eb m\u00eb e ndjeshme.<\/p>","protected":false},"excerpt":{"rendered":"<p><span style=\"color: #9932cc; --darkreader-inline-color: #9440be;\" data-darkreader-inline-color=\"\"><strong>\u2714<\/strong><strong>1% Kompleksi Retinol \u2714<\/strong><strong>Optimizimi i L\u00ebkur\u00ebs \u2714Synon Rrudhat \u2714Rind\u00ebrton \u2714Testuar Dermatologjikisht<\/strong><\/span><\/p>\n<p>&nbsp;<\/p>\n<style type=\"text\/css\">\n\t#foogallery-gallery-9900 .fg-image {\n        width: 150px;\n    }\n<\/style>\n<div class=\"foogallery foogallery-container foogallery-default foogallery-lightbox-foogallery fg-gutter-10 fg-center fg-default fg-light fg-border-thin fg-shadow-outline fg-loading-default fg-loaded-fade-in fg-caption-hover fg-hover-fade fg-hover-zoom fg-ready\" id=\"foogallery-gallery-9900\" data-foogallery=\"{&quot;item&quot;:{&quot;showCaptionTitle&quot;:true,&quot;showCaptionDescription&quot;:true},&quot;lazy&quot;:true}\" data-foogallery-lightbox=\"{&quot;thumbs&quot;:&quot;bottom&quot;,&quot;thumbsCaptions&quot;:false,&quot;thumbsBestFit&quot;:false,&quot;thumbsSmall&quot;:false,&quot;thumbsCaptionsAlign&quot;:&quot;default&quot;,&quot;info&quot;:&quot;bottom&quot;,&quot;infoVisible&quot;:true,&quot;infoOverlay&quot;:true,&quot;infoAlign&quot;:&quot;default&quot;,&quot;transition&quot;:&quot;fade&quot;,&quot;hoverButtons&quot;:false,&quot;fitMedia&quot;:false,&quot;noScrollbars&quot;:true,&quot;preserveButtonSpace&quot;:true,&quot;buttons&quot;:{&quot;fullscreen&quot;:true,&quot;info&quot;:true,&quot;thumbs&quot;:false},&quot;video&quot;:{&quot;autoPlay&quot;:true}}\" >\n<div class=\"fg-item fg-type-image fg-idle\">\n<figure class=\"fg-item-inner\"><a href=\"https:\/\/alcedrix.com\/wp-content\/uploads\/2024\/11\/RetinolOvernightResyncNightCream50mlModelhandimagewithproduct_720x1.jpg\" data-attachment-id=\"9901\" data-type=\"image\" class=\"fg-thumb\"><span class=\"fg-image-wrap\"><img decoding=\"async\" width=\"150\" height=\"150\" class=\"skip-lazy fg-image\" data-src-fg=\"https:\/\/alcedrix.com\/wp-content\/uploads\/cache\/2024\/11\/RetinolOvernightResyncNightCream50mlModelhandimagewithproduct_720x1\/936203762.jpg\" src=\"data:image\/svg+xml,%3Csvg%20xmlns%3D%22http%3A%2F%2Fwww.w3.org%2F2000%2Fsvg%22%20width%3D%22150%22%20height%3D%22150%22%20viewBox%3D%220%200%20150%20150%22%3E%3C%2Fsvg%3E\" loading=\"eager\"><\/span><span class=\"fg-image-overlay\"><\/span><\/a><figcaption class=\"fg-caption\">\n<div class=\"fg-caption-inner\"><\/div>\n<\/figcaption><\/figure>\n<div class=\"fg-loader\"><\/div>\n<\/div>\n<div class=\"fg-item fg-type-image fg-idle\">\n<figure class=\"fg-item-inner\"><a href=\"https:\/\/alcedrix.com\/wp-content\/uploads\/2024\/11\/super-facialist-retinol-overnight-resync-night-cream-new_720x1.jpg\" data-attachment-id=\"9902\" data-type=\"image\" class=\"fg-thumb\"><span class=\"fg-image-wrap\"><img decoding=\"async\" width=\"150\" height=\"150\" class=\"skip-lazy fg-image\" data-src-fg=\"https:\/\/alcedrix.com\/wp-content\/uploads\/cache\/2024\/11\/super-facialist-retinol-overnight-resync-night-cream-new_720x1\/2133885424.jpg\" src=\"data:image\/svg+xml,%3Csvg%20xmlns%3D%22http%3A%2F%2Fwww.w3.org%2F2000%2Fsvg%22%20width%3D%22150%22%20height%3D%22150%22%20viewBox%3D%220%200%20150%20150%22%3E%3C%2Fsvg%3E\" loading=\"eager\"><\/span><span class=\"fg-image-overlay\"><\/span><\/a><figcaption class=\"fg-caption\">\n<div class=\"fg-caption-inner\"><\/div>\n<\/figcaption><\/figure>\n<div class=\"fg-loader\"><\/div>\n<\/div>\n<div class=\"fg-item fg-type-image fg-idle\">\n<figure class=\"fg-item-inner\"><a href=\"https:\/\/alcedrix.com\/wp-content\/uploads\/2024\/11\/RetinolNightCreamTransitionalAsset1_720x1.jpg\" data-attachment-id=\"9903\" data-type=\"image\" class=\"fg-thumb\"><span class=\"fg-image-wrap\"><img decoding=\"async\" width=\"150\" height=\"150\" class=\"skip-lazy fg-image\" data-src-fg=\"https:\/\/alcedrix.com\/wp-content\/uploads\/cache\/2024\/11\/RetinolNightCreamTransitionalAsset1_720x1\/1679354041.jpg\" src=\"data:image\/svg+xml,%3Csvg%20xmlns%3D%22http%3A%2F%2Fwww.w3.org%2F2000%2Fsvg%22%20width%3D%22150%22%20height%3D%22150%22%20viewBox%3D%220%200%20150%20150%22%3E%3C%2Fsvg%3E\" loading=\"eager\"><\/span><span class=\"fg-image-overlay\"><\/span><\/a><figcaption class=\"fg-caption\">\n<div class=\"fg-caption-inner\"><\/div>\n<\/figcaption><\/figure>\n<div class=\"fg-loader\"><\/div>\n<\/div>\n<div class=\"fg-item fg-type-image fg-idle\">\n<figure class=\"fg-item-inner\"><a href=\"https:\/\/alcedrix.com\/wp-content\/uploads\/2024\/11\/super-facialist-retinol-resync-sleepsmart-night-creams-for-fine-lines-and-wrinkles_720x1.jpg\" data-attachment-id=\"9904\" data-type=\"image\" class=\"fg-thumb\"><span class=\"fg-image-wrap\"><img decoding=\"async\" width=\"150\" height=\"150\" class=\"skip-lazy fg-image\" data-src-fg=\"https:\/\/alcedrix.com\/wp-content\/uploads\/cache\/2024\/11\/super-facialist-retinol-resync-sleepsmart-night-creams-for-fine-lines-and-wrinkles_720x1\/4269613769.jpg\" src=\"data:image\/svg+xml,%3Csvg%20xmlns%3D%22http%3A%2F%2Fwww.w3.org%2F2000%2Fsvg%22%20width%3D%22150%22%20height%3D%22150%22%20viewBox%3D%220%200%20150%20150%22%3E%3C%2Fsvg%3E\" loading=\"eager\"><\/span><span class=\"fg-image-overlay\"><\/span><\/a><figcaption class=\"fg-caption\">\n<div class=\"fg-caption-inner\"><\/div>\n<\/figcaption><\/figure>\n<div class=\"fg-loader\"><\/div>\n<\/div>\n<div class=\"fg-item fg-type-image fg-idle\">\n<figure class=\"fg-item-inner\"><a href=\"https:\/\/alcedrix.com\/wp-content\/uploads\/2024\/11\/RetinolOvernightResyncNightCream50mlKeyBenefits_720x1.jpg\" data-attachment-id=\"9905\" data-type=\"image\" class=\"fg-thumb\"><span class=\"fg-image-wrap\"><img decoding=\"async\" width=\"150\" height=\"150\" class=\"skip-lazy fg-image\" data-src-fg=\"https:\/\/alcedrix.com\/wp-content\/uploads\/cache\/2024\/11\/RetinolOvernightResyncNightCream50mlKeyBenefits_720x1\/1714054019.jpg\" src=\"data:image\/svg+xml,%3Csvg%20xmlns%3D%22http%3A%2F%2Fwww.w3.org%2F2000%2Fsvg%22%20width%3D%22150%22%20height%3D%22150%22%20viewBox%3D%220%200%20150%20150%22%3E%3C%2Fsvg%3E\" loading=\"eager\"><\/span><span class=\"fg-image-overlay\"><\/span><\/a><figcaption class=\"fg-caption\">\n<div class=\"fg-caption-inner\"><\/div>\n<\/figcaption><\/figure>\n<div class=\"fg-loader\"><\/div>\n<\/div>\n<div class=\"fg-item fg-type-image fg-idle\">\n<figure class=\"fg-item-inner\"><a href=\"https:\/\/alcedrix.com\/wp-content\/uploads\/2024\/11\/super-facialist-retinol-night-cream-overnight-resync-for-fine-lines-and-wrinkles-hut_720x1.jpg\" data-attachment-id=\"9906\" data-type=\"image\" class=\"fg-thumb\"><span class=\"fg-image-wrap\"><img decoding=\"async\" width=\"150\" height=\"150\" class=\"skip-lazy fg-image\" data-src-fg=\"https:\/\/alcedrix.com\/wp-content\/uploads\/cache\/2024\/11\/super-facialist-retinol-night-cream-overnight-resync-for-fine-lines-and-wrinkles-hut_720x1\/224588526.jpg\" src=\"data:image\/svg+xml,%3Csvg%20xmlns%3D%22http%3A%2F%2Fwww.w3.org%2F2000%2Fsvg%22%20width%3D%22150%22%20height%3D%22150%22%20viewBox%3D%220%200%20150%20150%22%3E%3C%2Fsvg%3E\" loading=\"eager\"><\/span><span class=\"fg-image-overlay\"><\/span><\/a><figcaption class=\"fg-caption\">\n<div class=\"fg-caption-inner\"><\/div>\n<\/figcaption><\/figure>\n<div class=\"fg-loader\"><\/div>\n<\/div>\n<div class=\"fg-item fg-type-image fg-idle\">\n<figure class=\"fg-item-inner\"><a href=\"https:\/\/alcedrix.com\/wp-content\/uploads\/2024\/11\/RetinolOvernightResyncNightCream50mlLifestyleImagewithFormula_720x1.jpg\" data-attachment-id=\"9908\" data-type=\"image\" class=\"fg-thumb\"><span class=\"fg-image-wrap\"><img decoding=\"async\" width=\"150\" height=\"150\" class=\"skip-lazy fg-image\" data-src-fg=\"https:\/\/alcedrix.com\/wp-content\/uploads\/cache\/2024\/11\/RetinolOvernightResyncNightCream50mlLifestyleImagewithFormula_720x1\/2600663924.jpg\" src=\"data:image\/svg+xml,%3Csvg%20xmlns%3D%22http%3A%2F%2Fwww.w3.org%2F2000%2Fsvg%22%20width%3D%22150%22%20height%3D%22150%22%20viewBox%3D%220%200%20150%20150%22%3E%3C%2Fsvg%3E\" loading=\"eager\"><\/span><span class=\"fg-image-overlay\"><\/span><\/a><figcaption class=\"fg-caption\">\n<div class=\"fg-caption-inner\"><\/div>\n<\/figcaption><\/figure>\n<div class=\"fg-loader\"><\/div>\n<\/div>\n<div class=\"fg-item fg-type-image fg-idle\">\n<figure class=\"fg-item-inner\"><a href=\"https:\/\/alcedrix.com\/wp-content\/uploads\/2024\/11\/RetinolOvernightResyncNightCream50mlProductImage_720x1.jpg\" data-attachment-id=\"9909\" data-type=\"image\" class=\"fg-thumb\"><span class=\"fg-image-wrap\"><img decoding=\"async\" width=\"150\" height=\"150\" class=\"skip-lazy fg-image\" data-src-fg=\"https:\/\/alcedrix.com\/wp-content\/uploads\/cache\/2024\/11\/RetinolOvernightResyncNightCream50mlProductImage_720x1\/3773855853.jpg\" src=\"data:image\/svg+xml,%3Csvg%20xmlns%3D%22http%3A%2F%2Fwww.w3.org%2F2000%2Fsvg%22%20width%3D%22150%22%20height%3D%22150%22%20viewBox%3D%220%200%20150%20150%22%3E%3C%2Fsvg%3E\" loading=\"eager\"><\/span><span class=\"fg-image-overlay\"><\/span><\/a><figcaption class=\"fg-caption\">\n<div class=\"fg-caption-inner\"><\/div>\n<\/figcaption><\/figure>\n<div class=\"fg-loader\"><\/div>\n<\/div>\n<\/div>","protected":false},"featured_media":9723,"template":"","meta":[],"product_cat":[157,154],"product_tag":[],"class_list":{"0":"post-9722","1":"product","2":"type-product","3":"status-publish","4":"has-post-thumbnail","6":"product_cat-face-care","7":"product_cat-superfacialist","9":"first","10":"instock","11":"taxable","12":"shipping-taxable","13":"purchasable","14":"product-type-simple"},"yoast_head":"<!-- This site is optimized with the Yoast SEO plugin v23.6 - https:\/\/yoast.com\/wordpress\/plugins\/seo\/ -->\n<title>Super Facialist Retinol Overnight Resync Night Cream 50ml - Alcedrix<\/title>\n<meta name=\"robots\" content=\"index, follow, max-snippet:-1, max-image-preview:large, max-video-preview:-1\" \/>\n<link rel=\"canonical\" href=\"http:\/\/alcedrix.com\/sq\/shop\/super-facialist-retinol-overnight-resync-night-cream-50ml\/\" \/>\n<meta property=\"og:locale\" content=\"sq_AL\" \/>\n<meta property=\"og:type\" content=\"article\" \/>\n<meta property=\"og:title\" content=\"Super Facialist Retinol Overnight Resync Night Cream 50ml - Alcedrix\" \/>\n<meta property=\"og:description\" content=\"\u27141% Kompleksi Retinol \u2714Optimizimi i L\u00ebkur\u00ebs \u2714Synon Rrudhat \u2714Rind\u00ebrton \u2714Testuar Dermatologjikisht  &nbsp;\" \/>\n<meta property=\"og:url\" content=\"http:\/\/alcedrix.com\/sq\/shop\/super-facialist-retinol-overnight-resync-night-cream-50ml\/\" \/>\n<meta property=\"og:site_name\" content=\"Alcedrix\" \/>\n<meta property=\"article:publisher\" content=\"https:\/\/www.facebook.com\/alcedrix\" \/>\n<meta property=\"article:modified_time\" content=\"2024-11-15T08:48:10+00:00\" \/>\n<meta property=\"og:image\" content=\"http:\/\/alcedrix.com\/wp-content\/uploads\/2024\/11\/RetinolOvernightResyncNightCream50mlProductImagewithbox_2048x20481.jpg\" \/>\n\t<meta property=\"og:image:width\" content=\"1000\" \/>\n\t<meta property=\"og:image:height\" content=\"1000\" \/>\n\t<meta property=\"og:image:type\" content=\"image\/jpeg\" \/>\n<meta name=\"twitter:card\" content=\"summary_large_image\" \/>\n<meta name=\"twitter:label1\" content=\"Est. reading time\" \/>\n\t<meta name=\"twitter:data1\" content=\"1 minut\u00eb\" \/>\n<script type=\"application\/ld+json\" class=\"yoast-schema-graph\">{\"@context\":\"https:\/\/schema.org\",\"@graph\":[{\"@type\":\"WebPage\",\"@id\":\"http:\/\/alcedrix.com\/shop\/super-facialist-retinol-overnight-resync-night-cream-50ml\/\",\"url\":\"http:\/\/alcedrix.com\/shop\/super-facialist-retinol-overnight-resync-night-cream-50ml\/\",\"name\":\"Super Facialist Retinol Overnight Resync Night Cream 50ml - Alcedrix\",\"isPartOf\":{\"@id\":\"https:\/\/alcedrix.com\/#website\"},\"primaryImageOfPage\":{\"@id\":\"http:\/\/alcedrix.com\/shop\/super-facialist-retinol-overnight-resync-night-cream-50ml\/#primaryimage\"},\"image\":{\"@id\":\"http:\/\/alcedrix.com\/shop\/super-facialist-retinol-overnight-resync-night-cream-50ml\/#primaryimage\"},\"thumbnailUrl\":\"https:\/\/alcedrix.com\/wp-content\/uploads\/2024\/11\/RetinolOvernightResyncNightCream50mlProductImagewithbox_2048x20481.jpg\",\"datePublished\":\"2024-11-07T09:03:21+00:00\",\"dateModified\":\"2024-11-15T08:48:10+00:00\",\"breadcrumb\":{\"@id\":\"http:\/\/alcedrix.com\/shop\/super-facialist-retinol-overnight-resync-night-cream-50ml\/#breadcrumb\"},\"inLanguage\":\"sq\",\"potentialAction\":[{\"@type\":\"ReadAction\",\"target\":[\"http:\/\/alcedrix.com\/shop\/super-facialist-retinol-overnight-resync-night-cream-50ml\/\"]}]},{\"@type\":\"ImageObject\",\"inLanguage\":\"sq\",\"@id\":\"http:\/\/alcedrix.com\/shop\/super-facialist-retinol-overnight-resync-night-cream-50ml\/#primaryimage\",\"url\":\"https:\/\/alcedrix.com\/wp-content\/uploads\/2024\/11\/RetinolOvernightResyncNightCream50mlProductImagewithbox_2048x20481.jpg\",\"contentUrl\":\"https:\/\/alcedrix.com\/wp-content\/uploads\/2024\/11\/RetinolOvernightResyncNightCream50mlProductImagewithbox_2048x20481.jpg\",\"width\":1000,\"height\":1000},{\"@type\":\"BreadcrumbList\",\"@id\":\"http:\/\/alcedrix.com\/shop\/super-facialist-retinol-overnight-resync-night-cream-50ml\/#breadcrumb\",\"itemListElement\":[{\"@type\":\"ListItem\",\"position\":1,\"name\":\"Home\",\"item\":\"https:\/\/alcedrix.com\/\"},{\"@type\":\"ListItem\",\"position\":2,\"name\":\"Shop\",\"item\":\"https:\/\/alcedrix.com\/shop\/\"},{\"@type\":\"ListItem\",\"position\":3,\"name\":\"Super Facialist Retinol Overnight Resync Night Cream 50ml\"}]},{\"@type\":\"WebSite\",\"@id\":\"https:\/\/alcedrix.com\/#website\",\"url\":\"https:\/\/alcedrix.com\/\",\"name\":\"Alcedrix\",\"description\":\"Alcedrix\",\"publisher\":{\"@id\":\"https:\/\/alcedrix.com\/#organization\"},\"potentialAction\":[{\"@type\":\"SearchAction\",\"target\":{\"@type\":\"EntryPoint\",\"urlTemplate\":\"https:\/\/alcedrix.com\/?s={search_term_string}\"},\"query-input\":{\"@type\":\"PropertyValueSpecification\",\"valueRequired\":true,\"valueName\":\"search_term_string\"}}],\"inLanguage\":\"sq\"},{\"@type\":\"Organization\",\"@id\":\"https:\/\/alcedrix.com\/#organization\",\"name\":\"Alcedrix\",\"url\":\"https:\/\/alcedrix.com\/\",\"logo\":{\"@type\":\"ImageObject\",\"inLanguage\":\"sq\",\"@id\":\"https:\/\/alcedrix.com\/#\/schema\/logo\/image\/\",\"url\":\"http:\/\/3.126.27.25\/wp-content\/uploads\/2023\/08\/logo-web.png\",\"contentUrl\":\"http:\/\/3.126.27.25\/wp-content\/uploads\/2023\/08\/logo-web.png\",\"width\":492,\"height\":93,\"caption\":\"Alcedrix\"},\"image\":{\"@id\":\"https:\/\/alcedrix.com\/#\/schema\/logo\/image\/\"},\"sameAs\":[\"https:\/\/www.facebook.com\/alcedrix\",\"https:\/\/www.instagram.com\/alcedrix\"]}]}<\/script>\n<!-- \/ Yoast SEO plugin. -->","yoast_head_json":{"title":"Super Facialist Retinol Overnight Resync Night Cream 50ml - Alcedrix","robots":{"index":"index","follow":"follow","max-snippet":"max-snippet:-1","max-image-preview":"max-image-preview:large","max-video-preview":"max-video-preview:-1"},"canonical":"http:\/\/alcedrix.com\/sq\/shop\/super-facialist-retinol-overnight-resync-night-cream-50ml\/","og_locale":"sq_AL","og_type":"article","og_title":"Super Facialist Retinol Overnight Resync Night Cream 50ml - Alcedrix","og_description":"\u27141% Kompleksi Retinol \u2714Optimizimi i L\u00ebkur\u00ebs \u2714Synon Rrudhat \u2714Rind\u00ebrton \u2714Testuar Dermatologjikisht  &nbsp;","og_url":"http:\/\/alcedrix.com\/sq\/shop\/super-facialist-retinol-overnight-resync-night-cream-50ml\/","og_site_name":"Alcedrix","article_publisher":"https:\/\/www.facebook.com\/alcedrix","article_modified_time":"2024-11-15T08:48:10+00:00","og_image":[{"width":1000,"height":1000,"url":"http:\/\/alcedrix.com\/wp-content\/uploads\/2024\/11\/RetinolOvernightResyncNightCream50mlProductImagewithbox_2048x20481.jpg","type":"image\/jpeg"}],"twitter_card":"summary_large_image","twitter_misc":{"Est. reading time":"1 minut\u00eb"},"schema":{"@context":"https:\/\/schema.org","@graph":[{"@type":"WebPage","@id":"http:\/\/alcedrix.com\/shop\/super-facialist-retinol-overnight-resync-night-cream-50ml\/","url":"http:\/\/alcedrix.com\/shop\/super-facialist-retinol-overnight-resync-night-cream-50ml\/","name":"Super Facialist Retinol Overnight Resync Night Cream 50ml - Alcedrix","isPartOf":{"@id":"https:\/\/alcedrix.com\/#website"},"primaryImageOfPage":{"@id":"http:\/\/alcedrix.com\/shop\/super-facialist-retinol-overnight-resync-night-cream-50ml\/#primaryimage"},"image":{"@id":"http:\/\/alcedrix.com\/shop\/super-facialist-retinol-overnight-resync-night-cream-50ml\/#primaryimage"},"thumbnailUrl":"https:\/\/alcedrix.com\/wp-content\/uploads\/2024\/11\/RetinolOvernightResyncNightCream50mlProductImagewithbox_2048x20481.jpg","datePublished":"2024-11-07T09:03:21+00:00","dateModified":"2024-11-15T08:48:10+00:00","breadcrumb":{"@id":"http:\/\/alcedrix.com\/shop\/super-facialist-retinol-overnight-resync-night-cream-50ml\/#breadcrumb"},"inLanguage":"sq","potentialAction":[{"@type":"ReadAction","target":["http:\/\/alcedrix.com\/shop\/super-facialist-retinol-overnight-resync-night-cream-50ml\/"]}]},{"@type":"ImageObject","inLanguage":"sq","@id":"http:\/\/alcedrix.com\/shop\/super-facialist-retinol-overnight-resync-night-cream-50ml\/#primaryimage","url":"https:\/\/alcedrix.com\/wp-content\/uploads\/2024\/11\/RetinolOvernightResyncNightCream50mlProductImagewithbox_2048x20481.jpg","contentUrl":"https:\/\/alcedrix.com\/wp-content\/uploads\/2024\/11\/RetinolOvernightResyncNightCream50mlProductImagewithbox_2048x20481.jpg","width":1000,"height":1000},{"@type":"BreadcrumbList","@id":"http:\/\/alcedrix.com\/shop\/super-facialist-retinol-overnight-resync-night-cream-50ml\/#breadcrumb","itemListElement":[{"@type":"ListItem","position":1,"name":"Home","item":"https:\/\/alcedrix.com\/"},{"@type":"ListItem","position":2,"name":"Shop","item":"https:\/\/alcedrix.com\/shop\/"},{"@type":"ListItem","position":3,"name":"Super Facialist Retinol Overnight Resync Night Cream 50ml"}]},{"@type":"WebSite","@id":"https:\/\/alcedrix.com\/#website","url":"https:\/\/alcedrix.com\/","name":"Alcedrix","description":"Alcedrix","publisher":{"@id":"https:\/\/alcedrix.com\/#organization"},"potentialAction":[{"@type":"SearchAction","target":{"@type":"EntryPoint","urlTemplate":"https:\/\/alcedrix.com\/?s={search_term_string}"},"query-input":{"@type":"PropertyValueSpecification","valueRequired":true,"valueName":"search_term_string"}}],"inLanguage":"sq"},{"@type":"Organization","@id":"https:\/\/alcedrix.com\/#organization","name":"Alcedrix","url":"https:\/\/alcedrix.com\/","logo":{"@type":"ImageObject","inLanguage":"sq","@id":"https:\/\/alcedrix.com\/#\/schema\/logo\/image\/","url":"http:\/\/3.126.27.25\/wp-content\/uploads\/2023\/08\/logo-web.png","contentUrl":"http:\/\/3.126.27.25\/wp-content\/uploads\/2023\/08\/logo-web.png","width":492,"height":93,"caption":"Alcedrix"},"image":{"@id":"https:\/\/alcedrix.com\/#\/schema\/logo\/image\/"},"sameAs":["https:\/\/www.facebook.com\/alcedrix","https:\/\/www.instagram.com\/alcedrix"]}]}},"_links":{"self":[{"href":"https:\/\/alcedrix.com\/sq\/wp-json\/wp\/v2\/product\/9722"}],"collection":[{"href":"https:\/\/alcedrix.com\/sq\/wp-json\/wp\/v2\/product"}],"about":[{"href":"https:\/\/alcedrix.com\/sq\/wp-json\/wp\/v2\/types\/product"}],"version-history":[{"count":0,"href":"https:\/\/alcedrix.com\/sq\/wp-json\/wp\/v2\/product\/9722\/revisions"}],"wp:featuredmedia":[{"embeddable":true,"href":"https:\/\/alcedrix.com\/sq\/wp-json\/wp\/v2\/media\/9723"}],"wp:attachment":[{"href":"https:\/\/alcedrix.com\/sq\/wp-json\/wp\/v2\/media?parent=9722"}],"wp:term":[{"taxonomy":"product_cat","embeddable":true,"href":"https:\/\/alcedrix.com\/sq\/wp-json\/wp\/v2\/product_cat?post=9722"},{"taxonomy":"product_tag","embeddable":true,"href":"https:\/\/alcedrix.com\/sq\/wp-json\/wp\/v2\/product_tag?post=9722"}],"curies":[{"name":"wp","href":"https:\/\/api.w.org\/{rel}","templated":true}]}}