{"id":9718,"date":"2024-11-07T08:58:36","date_gmt":"2024-11-07T08:58:36","guid":{"rendered":"http:\/\/3.126.27.25\/?post_type=product&#038;p=9718"},"modified":"2024-11-15T08:50:05","modified_gmt":"2024-11-15T08:50:05","slug":"super-facialist-retinol-anti-ageing-renewing-day-cream-50ml","status":"publish","type":"product","link":"https:\/\/alcedrix.com\/sq\/shop\/super-facialist-retinol-anti-ageing-renewing-day-cream-50ml\/","title":{"rendered":"Super Facialist Retinol Anti-Ageing Renewing Day Cream 50ml"},"content":{"rendered":"<p>I formuluar p\u00ebr l\u00ebkur\u00ebn q\u00eb shfaq shenja plakjeje, Kremi i Dit\u00ebs Rinovues kombinon Retinolin dhe Ekstraktin e \u00c7ajit t\u00eb Bardh\u00eb p\u00ebr t\u00eb ndihmuar n\u00eb minimizimin e paraqitjes s\u00eb vijave t\u00eb imta dhe rrudhave, duke promovuar nj\u00eb pamje rinore. Ky krem luksoz \u00ebsht\u00eb dizajnuar p\u00ebr t\u00eb p\u00ebrmir\u00ebsuar fort\u00ebsin\u00eb dhe elasticitetin e l\u00ebkur\u00ebs, duke ofruar hidratim t\u00eb q\u00ebndruesh\u00ebm me nj\u00eb p\u00ebrzierje t\u00eb Gjalpit t\u00eb Shea, Acidit Hialuronik, dhe nj\u00eb aktiv q\u00eb stimulon kolagjenin, i nxjerr\u00eb nga Fara e Lupinit t\u00eb Bardh\u00eb. Ideal p\u00ebr t\u00eb mbajtur l\u00ebkur\u00ebn tuaj t\u00eb hidratuar dhe rrezatuese gjat\u00eb gjith\u00eb dit\u00ebs.<\/p>\n<p>&nbsp;<\/p>\n<p>Pa asnj\u00eb testim mbi kafsh\u00ebt | Madh\u00ebsi p\u00ebr Udh\u00ebtim<\/p>\n<p>&nbsp;<\/p>\n<p><strong>K\u00ebshill\u00eb Eksperte p\u00ebr Kujdesin ndaj L\u00ebkur\u00ebs<\/strong><br \/>\n&#8220;Kur aplikoni kremin hidratues, p\u00ebrdorni l\u00ebvizje nga jasht\u00eb dhe lart dhe mos harroni ta aplikoni edhe n\u00eb qaf\u00eb dhe dekolte.&#8221;<\/p>\n<p><strong>Charlotte Connoley, Ekspertja jon\u00eb p\u00ebr Kujdesin e L\u00ebkur\u00ebs<\/strong><\/p>\n<p>&nbsp;<\/p>\n<p><strong>Si t\u00eb P\u00ebrdoret<\/strong><br \/>\n\u00c7do m\u00ebngjes, masazhoni but\u00ebsisht mbi serum dhe kremin p\u00ebr syt\u00eb n\u00eb fytyr\u00eb dhe qaf\u00eb t\u00eb past\u00ebr. P\u00ebrdorni nj\u00eb krem mbrojt\u00ebs nga dielli me t\u00eb pakt\u00ebn SPF 25 pas aplikimit. P\u00ebr rezultate m\u00eb t\u00eb mira, p\u00ebrdoreni \u00e7do dit\u00eb p\u00ebr t\u00eb pakt\u00ebn 3 jav\u00eb. N\u00ebse keni l\u00ebkur\u00eb t\u00eb ndjeshme, rekomandojm\u00eb q\u00eb t\u00eb filloni p\u00ebrdorimin e Retinolit gradualisht: p\u00ebrdoreni \u00e7do t\u00eb tret\u00ebn dit\u00eb p\u00ebr nj\u00eb jav\u00eb, m\u00eb pas \u00e7do dit\u00eb tjet\u00ebr p\u00ebr nj\u00eb jav\u00eb tjet\u00ebr, p\u00ebrpara se t\u00eb kaloni n\u00eb p\u00ebrdorim t\u00eb p\u00ebrditsh\u00ebm.<\/p>","protected":false},"excerpt":{"rendered":"<p><span style=\"color: #9932cc; --darkreader-inline-color: #bf40bf;\" data-darkreader-inline-color=\"\"><strong>\u2714Hidraton \u2714Synon Rrudhat \u2714Forcon<\/strong><\/span><\/p>\n<p>&nbsp;<\/p>\n<style type=\"text\/css\">\n\t#foogallery-gallery-9910 .fg-image {\n        width: 150px;\n    }\n<\/style>\n<div class=\"foogallery foogallery-container foogallery-default foogallery-lightbox-foogallery fg-gutter-10 fg-center fg-default fg-light fg-border-thin fg-shadow-outline fg-loading-default fg-loaded-fade-in fg-caption-hover fg-hover-fade fg-hover-zoom fg-ready\" id=\"foogallery-gallery-9910\" data-foogallery=\"{&quot;item&quot;:{&quot;showCaptionTitle&quot;:true,&quot;showCaptionDescription&quot;:true},&quot;lazy&quot;:true}\" data-foogallery-lightbox=\"{&quot;thumbs&quot;:&quot;bottom&quot;,&quot;thumbsCaptions&quot;:false,&quot;thumbsBestFit&quot;:false,&quot;thumbsSmall&quot;:false,&quot;thumbsCaptionsAlign&quot;:&quot;default&quot;,&quot;info&quot;:&quot;bottom&quot;,&quot;infoVisible&quot;:true,&quot;infoOverlay&quot;:true,&quot;infoAlign&quot;:&quot;default&quot;,&quot;transition&quot;:&quot;fade&quot;,&quot;hoverButtons&quot;:false,&quot;fitMedia&quot;:false,&quot;noScrollbars&quot;:true,&quot;preserveButtonSpace&quot;:true,&quot;buttons&quot;:{&quot;fullscreen&quot;:true,&quot;info&quot;:true,&quot;thumbs&quot;:false},&quot;video&quot;:{&quot;autoPlay&quot;:true}}\" >\n<div class=\"fg-item fg-type-image fg-idle\">\n<figure class=\"fg-item-inner\"><a href=\"https:\/\/alcedrix.com\/wp-content\/uploads\/2024\/11\/super-facialist-retinol-anti-ageing-day-cream-2_720x1.jpg\" data-attachment-id=\"9911\" data-type=\"image\" class=\"fg-thumb\"><span class=\"fg-image-wrap\"><img decoding=\"async\" width=\"150\" height=\"150\" class=\"skip-lazy fg-image\" data-src-fg=\"https:\/\/alcedrix.com\/wp-content\/uploads\/cache\/2024\/11\/super-facialist-retinol-anti-ageing-day-cream-2_720x1\/4168131207.jpg\" src=\"data:image\/svg+xml,%3Csvg%20xmlns%3D%22http%3A%2F%2Fwww.w3.org%2F2000%2Fsvg%22%20width%3D%22150%22%20height%3D%22150%22%20viewBox%3D%220%200%20150%20150%22%3E%3C%2Fsvg%3E\" loading=\"eager\"><\/span><span class=\"fg-image-overlay\"><\/span><\/a><figcaption class=\"fg-caption\">\n<div class=\"fg-caption-inner\"><\/div>\n<\/figcaption><\/figure>\n<div class=\"fg-loader\"><\/div>\n<\/div>\n<div class=\"fg-item fg-type-image fg-idle\">\n<figure class=\"fg-item-inner\"><a href=\"https:\/\/alcedrix.com\/wp-content\/uploads\/2024\/11\/super-facialist-retinol-anti-ageing-day-cream-3_720x1.jpg\" data-attachment-id=\"9912\" data-type=\"image\" class=\"fg-thumb\"><span class=\"fg-image-wrap\"><img decoding=\"async\" width=\"150\" height=\"150\" class=\"skip-lazy fg-image\" data-src-fg=\"https:\/\/alcedrix.com\/wp-content\/uploads\/cache\/2024\/11\/super-facialist-retinol-anti-ageing-day-cream-3_720x1\/780860200.jpg\" src=\"data:image\/svg+xml,%3Csvg%20xmlns%3D%22http%3A%2F%2Fwww.w3.org%2F2000%2Fsvg%22%20width%3D%22150%22%20height%3D%22150%22%20viewBox%3D%220%200%20150%20150%22%3E%3C%2Fsvg%3E\" loading=\"eager\"><\/span><span class=\"fg-image-overlay\"><\/span><\/a><figcaption class=\"fg-caption\">\n<div class=\"fg-caption-inner\"><\/div>\n<\/figcaption><\/figure>\n<div class=\"fg-loader\"><\/div>\n<\/div>\n<div class=\"fg-item fg-type-image fg-idle\">\n<figure class=\"fg-item-inner\"><a href=\"https:\/\/alcedrix.com\/wp-content\/uploads\/2024\/11\/super-facialist-retinol-day-cream-ingredient-benefits-infographic_720x1.png\" data-attachment-id=\"9913\" data-type=\"image\" class=\"fg-thumb\"><span class=\"fg-image-wrap\"><img decoding=\"async\" width=\"150\" height=\"150\" class=\"skip-lazy fg-image\" data-src-fg=\"https:\/\/alcedrix.com\/wp-content\/uploads\/cache\/2024\/11\/super-facialist-retinol-day-cream-ingredient-benefits-infographic_720x1\/3943108099.png\" src=\"data:image\/svg+xml,%3Csvg%20xmlns%3D%22http%3A%2F%2Fwww.w3.org%2F2000%2Fsvg%22%20width%3D%22150%22%20height%3D%22150%22%20viewBox%3D%220%200%20150%20150%22%3E%3C%2Fsvg%3E\" loading=\"eager\"><\/span><span class=\"fg-image-overlay\"><\/span><\/a><figcaption class=\"fg-caption\">\n<div class=\"fg-caption-inner\"><\/div>\n<\/figcaption><\/figure>\n<div class=\"fg-loader\"><\/div>\n<\/div>\n<div class=\"fg-item fg-type-image fg-idle\">\n<figure class=\"fg-item-inner\"><a href=\"https:\/\/alcedrix.com\/wp-content\/uploads\/2024\/11\/super-facialist-retinol-anti-ageing-day-cream-4_720x1.jpg\" data-attachment-id=\"9914\" data-type=\"image\" class=\"fg-thumb\"><span class=\"fg-image-wrap\"><img decoding=\"async\" width=\"150\" height=\"150\" class=\"skip-lazy fg-image\" data-src-fg=\"https:\/\/alcedrix.com\/wp-content\/uploads\/cache\/2024\/11\/super-facialist-retinol-anti-ageing-day-cream-4_720x1\/3702267994.jpg\" src=\"data:image\/svg+xml,%3Csvg%20xmlns%3D%22http%3A%2F%2Fwww.w3.org%2F2000%2Fsvg%22%20width%3D%22150%22%20height%3D%22150%22%20viewBox%3D%220%200%20150%20150%22%3E%3C%2Fsvg%3E\" loading=\"eager\"><\/span><span class=\"fg-image-overlay\"><\/span><\/a><figcaption class=\"fg-caption\">\n<div class=\"fg-caption-inner\"><\/div>\n<\/figcaption><\/figure>\n<div class=\"fg-loader\"><\/div>\n<\/div>\n<div class=\"fg-item fg-type-image fg-idle\">\n<figure class=\"fg-item-inner\"><a href=\"https:\/\/alcedrix.com\/wp-content\/uploads\/2024\/11\/super-facialist-retinol-anti-ageing-day-cream-6_720x1.jpg\" data-attachment-id=\"9915\" data-type=\"image\" class=\"fg-thumb\"><span class=\"fg-image-wrap\"><img decoding=\"async\" width=\"150\" height=\"150\" class=\"skip-lazy fg-image\" data-src-fg=\"https:\/\/alcedrix.com\/wp-content\/uploads\/cache\/2024\/11\/super-facialist-retinol-anti-ageing-day-cream-6_720x1\/2990633343.jpg\" src=\"data:image\/svg+xml,%3Csvg%20xmlns%3D%22http%3A%2F%2Fwww.w3.org%2F2000%2Fsvg%22%20width%3D%22150%22%20height%3D%22150%22%20viewBox%3D%220%200%20150%20150%22%3E%3C%2Fsvg%3E\" loading=\"eager\"><\/span><span class=\"fg-image-overlay\"><\/span><\/a><figcaption class=\"fg-caption\">\n<div class=\"fg-caption-inner\"><\/div>\n<\/figcaption><\/figure>\n<div class=\"fg-loader\"><\/div>\n<\/div>\n<div class=\"fg-item fg-type-image fg-idle\">\n<figure class=\"fg-item-inner\"><a href=\"https:\/\/alcedrix.com\/wp-content\/uploads\/2024\/11\/super-facialist-retinol-day-cream-how-to-use-infographic_720x1.jpg\" data-attachment-id=\"9916\" data-type=\"image\" class=\"fg-thumb\"><span class=\"fg-image-wrap\"><img decoding=\"async\" width=\"150\" height=\"150\" class=\"skip-lazy fg-image\" data-src-fg=\"https:\/\/alcedrix.com\/wp-content\/uploads\/cache\/2024\/11\/super-facialist-retinol-day-cream-how-to-use-infographic_720x1\/183134152.jpg\" src=\"data:image\/svg+xml,%3Csvg%20xmlns%3D%22http%3A%2F%2Fwww.w3.org%2F2000%2Fsvg%22%20width%3D%22150%22%20height%3D%22150%22%20viewBox%3D%220%200%20150%20150%22%3E%3C%2Fsvg%3E\" loading=\"eager\"><\/span><span class=\"fg-image-overlay\"><\/span><\/a><figcaption class=\"fg-caption\">\n<div class=\"fg-caption-inner\"><\/div>\n<\/figcaption><\/figure>\n<div class=\"fg-loader\"><\/div>\n<\/div>\n<\/div>","protected":false},"featured_media":9719,"template":"","meta":[],"product_cat":[157,154],"product_tag":[],"class_list":{"0":"post-9718","1":"product","2":"type-product","3":"status-publish","4":"has-post-thumbnail","6":"product_cat-face-care","7":"product_cat-superfacialist","9":"first","10":"instock","11":"taxable","12":"shipping-taxable","13":"purchasable","14":"product-type-simple"},"yoast_head":"<!-- This site is optimized with the Yoast SEO plugin v23.6 - https:\/\/yoast.com\/wordpress\/plugins\/seo\/ -->\n<title>Super Facialist Retinol Anti-Ageing Renewing Day Cream 50ml - Alcedrix<\/title>\n<meta name=\"robots\" content=\"index, follow, max-snippet:-1, max-image-preview:large, max-video-preview:-1\" \/>\n<link rel=\"canonical\" href=\"http:\/\/alcedrix.com\/sq\/shop\/super-facialist-retinol-anti-ageing-renewing-day-cream-50ml\/\" \/>\n<meta property=\"og:locale\" content=\"sq_AL\" \/>\n<meta property=\"og:type\" content=\"article\" \/>\n<meta property=\"og:title\" content=\"Super Facialist Retinol Anti-Ageing Renewing Day Cream 50ml - Alcedrix\" \/>\n<meta property=\"og:description\" content=\"\u2714Hidraton \u2714Synon Rrudhat \u2714Forcon  &nbsp;\" \/>\n<meta property=\"og:url\" content=\"http:\/\/alcedrix.com\/sq\/shop\/super-facialist-retinol-anti-ageing-renewing-day-cream-50ml\/\" \/>\n<meta property=\"og:site_name\" content=\"Alcedrix\" \/>\n<meta property=\"article:publisher\" content=\"https:\/\/www.facebook.com\/alcedrix\" \/>\n<meta property=\"article:modified_time\" content=\"2024-11-15T08:50:05+00:00\" \/>\n<meta property=\"og:image\" content=\"http:\/\/alcedrix.com\/wp-content\/uploads\/2024\/11\/super-facialist-day-cream-retinol-cream-jar-packshot-1_2048x20481.png\" \/>\n\t<meta property=\"og:image:width\" content=\"1024\" \/>\n\t<meta property=\"og:image:height\" content=\"1024\" \/>\n\t<meta property=\"og:image:type\" content=\"image\/png\" \/>\n<meta name=\"twitter:card\" content=\"summary_large_image\" \/>\n<meta name=\"twitter:label1\" content=\"Est. reading time\" \/>\n\t<meta name=\"twitter:data1\" content=\"1 minut\u00eb\" \/>\n<script type=\"application\/ld+json\" class=\"yoast-schema-graph\">{\"@context\":\"https:\/\/schema.org\",\"@graph\":[{\"@type\":\"WebPage\",\"@id\":\"http:\/\/alcedrix.com\/shop\/super-facialist-retinol-anti-ageing-renewing-day-cream-50ml\/\",\"url\":\"http:\/\/alcedrix.com\/shop\/super-facialist-retinol-anti-ageing-renewing-day-cream-50ml\/\",\"name\":\"Super Facialist Retinol Anti-Ageing Renewing Day Cream 50ml - Alcedrix\",\"isPartOf\":{\"@id\":\"https:\/\/alcedrix.com\/#website\"},\"primaryImageOfPage\":{\"@id\":\"http:\/\/alcedrix.com\/shop\/super-facialist-retinol-anti-ageing-renewing-day-cream-50ml\/#primaryimage\"},\"image\":{\"@id\":\"http:\/\/alcedrix.com\/shop\/super-facialist-retinol-anti-ageing-renewing-day-cream-50ml\/#primaryimage\"},\"thumbnailUrl\":\"https:\/\/alcedrix.com\/wp-content\/uploads\/2024\/11\/super-facialist-day-cream-retinol-cream-jar-packshot-1_2048x20481.png\",\"datePublished\":\"2024-11-07T08:58:36+00:00\",\"dateModified\":\"2024-11-15T08:50:05+00:00\",\"breadcrumb\":{\"@id\":\"http:\/\/alcedrix.com\/shop\/super-facialist-retinol-anti-ageing-renewing-day-cream-50ml\/#breadcrumb\"},\"inLanguage\":\"sq\",\"potentialAction\":[{\"@type\":\"ReadAction\",\"target\":[\"http:\/\/alcedrix.com\/shop\/super-facialist-retinol-anti-ageing-renewing-day-cream-50ml\/\"]}]},{\"@type\":\"ImageObject\",\"inLanguage\":\"sq\",\"@id\":\"http:\/\/alcedrix.com\/shop\/super-facialist-retinol-anti-ageing-renewing-day-cream-50ml\/#primaryimage\",\"url\":\"https:\/\/alcedrix.com\/wp-content\/uploads\/2024\/11\/super-facialist-day-cream-retinol-cream-jar-packshot-1_2048x20481.png\",\"contentUrl\":\"https:\/\/alcedrix.com\/wp-content\/uploads\/2024\/11\/super-facialist-day-cream-retinol-cream-jar-packshot-1_2048x20481.png\",\"width\":1024,\"height\":1024},{\"@type\":\"BreadcrumbList\",\"@id\":\"http:\/\/alcedrix.com\/shop\/super-facialist-retinol-anti-ageing-renewing-day-cream-50ml\/#breadcrumb\",\"itemListElement\":[{\"@type\":\"ListItem\",\"position\":1,\"name\":\"Home\",\"item\":\"https:\/\/alcedrix.com\/\"},{\"@type\":\"ListItem\",\"position\":2,\"name\":\"Shop\",\"item\":\"https:\/\/alcedrix.com\/shop\/\"},{\"@type\":\"ListItem\",\"position\":3,\"name\":\"Super Facialist Retinol Anti-Ageing Renewing Day Cream 50ml\"}]},{\"@type\":\"WebSite\",\"@id\":\"https:\/\/alcedrix.com\/#website\",\"url\":\"https:\/\/alcedrix.com\/\",\"name\":\"Alcedrix\",\"description\":\"Alcedrix\",\"publisher\":{\"@id\":\"https:\/\/alcedrix.com\/#organization\"},\"potentialAction\":[{\"@type\":\"SearchAction\",\"target\":{\"@type\":\"EntryPoint\",\"urlTemplate\":\"https:\/\/alcedrix.com\/?s={search_term_string}\"},\"query-input\":{\"@type\":\"PropertyValueSpecification\",\"valueRequired\":true,\"valueName\":\"search_term_string\"}}],\"inLanguage\":\"sq\"},{\"@type\":\"Organization\",\"@id\":\"https:\/\/alcedrix.com\/#organization\",\"name\":\"Alcedrix\",\"url\":\"https:\/\/alcedrix.com\/\",\"logo\":{\"@type\":\"ImageObject\",\"inLanguage\":\"sq\",\"@id\":\"https:\/\/alcedrix.com\/#\/schema\/logo\/image\/\",\"url\":\"http:\/\/3.126.27.25\/wp-content\/uploads\/2023\/08\/logo-web.png\",\"contentUrl\":\"http:\/\/3.126.27.25\/wp-content\/uploads\/2023\/08\/logo-web.png\",\"width\":492,\"height\":93,\"caption\":\"Alcedrix\"},\"image\":{\"@id\":\"https:\/\/alcedrix.com\/#\/schema\/logo\/image\/\"},\"sameAs\":[\"https:\/\/www.facebook.com\/alcedrix\",\"https:\/\/www.instagram.com\/alcedrix\"]}]}<\/script>\n<!-- \/ Yoast SEO plugin. -->","yoast_head_json":{"title":"Super Facialist Retinol Anti-Ageing Renewing Day Cream 50ml - Alcedrix","robots":{"index":"index","follow":"follow","max-snippet":"max-snippet:-1","max-image-preview":"max-image-preview:large","max-video-preview":"max-video-preview:-1"},"canonical":"http:\/\/alcedrix.com\/sq\/shop\/super-facialist-retinol-anti-ageing-renewing-day-cream-50ml\/","og_locale":"sq_AL","og_type":"article","og_title":"Super Facialist Retinol Anti-Ageing Renewing Day Cream 50ml - Alcedrix","og_description":"\u2714Hidraton \u2714Synon Rrudhat \u2714Forcon  &nbsp;","og_url":"http:\/\/alcedrix.com\/sq\/shop\/super-facialist-retinol-anti-ageing-renewing-day-cream-50ml\/","og_site_name":"Alcedrix","article_publisher":"https:\/\/www.facebook.com\/alcedrix","article_modified_time":"2024-11-15T08:50:05+00:00","og_image":[{"width":1024,"height":1024,"url":"http:\/\/alcedrix.com\/wp-content\/uploads\/2024\/11\/super-facialist-day-cream-retinol-cream-jar-packshot-1_2048x20481.png","type":"image\/png"}],"twitter_card":"summary_large_image","twitter_misc":{"Est. reading time":"1 minut\u00eb"},"schema":{"@context":"https:\/\/schema.org","@graph":[{"@type":"WebPage","@id":"http:\/\/alcedrix.com\/shop\/super-facialist-retinol-anti-ageing-renewing-day-cream-50ml\/","url":"http:\/\/alcedrix.com\/shop\/super-facialist-retinol-anti-ageing-renewing-day-cream-50ml\/","name":"Super Facialist Retinol Anti-Ageing Renewing Day Cream 50ml - Alcedrix","isPartOf":{"@id":"https:\/\/alcedrix.com\/#website"},"primaryImageOfPage":{"@id":"http:\/\/alcedrix.com\/shop\/super-facialist-retinol-anti-ageing-renewing-day-cream-50ml\/#primaryimage"},"image":{"@id":"http:\/\/alcedrix.com\/shop\/super-facialist-retinol-anti-ageing-renewing-day-cream-50ml\/#primaryimage"},"thumbnailUrl":"https:\/\/alcedrix.com\/wp-content\/uploads\/2024\/11\/super-facialist-day-cream-retinol-cream-jar-packshot-1_2048x20481.png","datePublished":"2024-11-07T08:58:36+00:00","dateModified":"2024-11-15T08:50:05+00:00","breadcrumb":{"@id":"http:\/\/alcedrix.com\/shop\/super-facialist-retinol-anti-ageing-renewing-day-cream-50ml\/#breadcrumb"},"inLanguage":"sq","potentialAction":[{"@type":"ReadAction","target":["http:\/\/alcedrix.com\/shop\/super-facialist-retinol-anti-ageing-renewing-day-cream-50ml\/"]}]},{"@type":"ImageObject","inLanguage":"sq","@id":"http:\/\/alcedrix.com\/shop\/super-facialist-retinol-anti-ageing-renewing-day-cream-50ml\/#primaryimage","url":"https:\/\/alcedrix.com\/wp-content\/uploads\/2024\/11\/super-facialist-day-cream-retinol-cream-jar-packshot-1_2048x20481.png","contentUrl":"https:\/\/alcedrix.com\/wp-content\/uploads\/2024\/11\/super-facialist-day-cream-retinol-cream-jar-packshot-1_2048x20481.png","width":1024,"height":1024},{"@type":"BreadcrumbList","@id":"http:\/\/alcedrix.com\/shop\/super-facialist-retinol-anti-ageing-renewing-day-cream-50ml\/#breadcrumb","itemListElement":[{"@type":"ListItem","position":1,"name":"Home","item":"https:\/\/alcedrix.com\/"},{"@type":"ListItem","position":2,"name":"Shop","item":"https:\/\/alcedrix.com\/shop\/"},{"@type":"ListItem","position":3,"name":"Super Facialist Retinol Anti-Ageing Renewing Day Cream 50ml"}]},{"@type":"WebSite","@id":"https:\/\/alcedrix.com\/#website","url":"https:\/\/alcedrix.com\/","name":"Alcedrix","description":"Alcedrix","publisher":{"@id":"https:\/\/alcedrix.com\/#organization"},"potentialAction":[{"@type":"SearchAction","target":{"@type":"EntryPoint","urlTemplate":"https:\/\/alcedrix.com\/?s={search_term_string}"},"query-input":{"@type":"PropertyValueSpecification","valueRequired":true,"valueName":"search_term_string"}}],"inLanguage":"sq"},{"@type":"Organization","@id":"https:\/\/alcedrix.com\/#organization","name":"Alcedrix","url":"https:\/\/alcedrix.com\/","logo":{"@type":"ImageObject","inLanguage":"sq","@id":"https:\/\/alcedrix.com\/#\/schema\/logo\/image\/","url":"http:\/\/3.126.27.25\/wp-content\/uploads\/2023\/08\/logo-web.png","contentUrl":"http:\/\/3.126.27.25\/wp-content\/uploads\/2023\/08\/logo-web.png","width":492,"height":93,"caption":"Alcedrix"},"image":{"@id":"https:\/\/alcedrix.com\/#\/schema\/logo\/image\/"},"sameAs":["https:\/\/www.facebook.com\/alcedrix","https:\/\/www.instagram.com\/alcedrix"]}]}},"_links":{"self":[{"href":"https:\/\/alcedrix.com\/sq\/wp-json\/wp\/v2\/product\/9718"}],"collection":[{"href":"https:\/\/alcedrix.com\/sq\/wp-json\/wp\/v2\/product"}],"about":[{"href":"https:\/\/alcedrix.com\/sq\/wp-json\/wp\/v2\/types\/product"}],"version-history":[{"count":0,"href":"https:\/\/alcedrix.com\/sq\/wp-json\/wp\/v2\/product\/9718\/revisions"}],"wp:featuredmedia":[{"embeddable":true,"href":"https:\/\/alcedrix.com\/sq\/wp-json\/wp\/v2\/media\/9719"}],"wp:attachment":[{"href":"https:\/\/alcedrix.com\/sq\/wp-json\/wp\/v2\/media?parent=9718"}],"wp:term":[{"taxonomy":"product_cat","embeddable":true,"href":"https:\/\/alcedrix.com\/sq\/wp-json\/wp\/v2\/product_cat?post=9718"},{"taxonomy":"product_tag","embeddable":true,"href":"https:\/\/alcedrix.com\/sq\/wp-json\/wp\/v2\/product_tag?post=9718"}],"curies":[{"name":"wp","href":"https:\/\/api.w.org\/{rel}","templated":true}]}}