{"id":9712,"date":"2024-11-07T08:51:27","date_gmt":"2024-11-07T08:51:27","guid":{"rendered":"http:\/\/3.126.27.25\/?post_type=product&#038;p=9712"},"modified":"2024-11-15T08:56:13","modified_gmt":"2024-11-15T08:56:13","slug":"super-facialist-collagen-firming-cleanser-150ml","status":"publish","type":"product","link":"https:\/\/alcedrix.com\/sq\/shop\/super-facialist-collagen-firming-cleanser-150ml\/","title":{"rendered":"Super Facialist Collagen+ Firming Cleanser 150ml"},"content":{"rendered":"<p>P\u00ebrmir\u00ebsoni rutin\u00ebn tuaj t\u00eb kujdesit p\u00ebr l\u00ebkur\u00ebn me Gel Pastrues Rinovues me Kolagjen Vegan. E dizajnuar ve\u00e7an\u00ebrisht p\u00ebr t\u00eb hequr papast\u00ebrtit\u00eb e p\u00ebrditshme dhe p\u00ebr t\u00eb zbuluar l\u00ebkur\u00eb t\u00eb pastruar dhe t\u00eb fresk\u00ebt. Formuluar me p\u00ebrb\u00ebr\u00ebs q\u00eb e duan l\u00ebkur\u00ebn, duke p\u00ebrfshir\u00eb ekstraktin e hibiskusit dhe nj\u00eb kompleks t\u00eb fuqish\u00ebm vegan t\u00eb bio-Marin nga deti. Pastruesi yn\u00eb i p\u00ebrditsh\u00ebm ofron nj\u00eb shp\u00ebrthim hidratimi nd\u00ebrsa heq n\u00eb m\u00ebnyr\u00eb efektive papast\u00ebrtit\u00eb, yndyr\u00ebn dhe mbetjet e makijazhit.<\/p>\n<p>&nbsp;<\/p>\n<p>Shfryt\u00ebzoni fuqin\u00eb e teknologjis\u00eb s\u00eb peptideve dhe nj\u00eb kolagjeni me baz\u00eb bimore vegan t\u00eb nxjerr\u00eb nga pema Acacia. Ky pastrues i p\u00ebrditsh\u00ebm synon shenjat e para t\u00eb plakjes, duke ndihmuar n\u00eb rinovimin dhe rikthimin e pamjes rinore t\u00eb l\u00ebkur\u00ebs suaj. Kombinimi i algave dhe acidit hialuronik ndihmon n\u00eb ofrimin e nj\u00eb shp\u00ebrthimi hidratimi, duke zbuluar nj\u00eb l\u00ebkur\u00eb t\u00eb sh\u00ebndetshme dhe t\u00eb fresk\u00ebt.<\/p>\n<p>&nbsp;<\/p>\n<p>Inkorporoni Gel Pastrues Rinovues me Kolagjen Vegan n\u00eb rutin\u00ebn tuaj t\u00eb p\u00ebrditshme p\u00ebr kujdesin e l\u00ebkur\u00ebs p\u00ebr t\u00eb zbuluar l\u00ebkur\u00eb m\u00eb t\u00eb past\u00ebr dhe t\u00eb rikuperuar me \u00e7do larje.<\/p>\n<p>&nbsp;<\/p>\n<p><strong>K\u00ebshilla nga Ekspert\u00ebt p\u00ebr Kujdesin e L\u00ebkur\u00ebs<\/strong><br \/>\n&#8220;Njihni fytyr\u00ebn tuaj me uj\u00eb para se t\u00eb aplikoni gelin pastrues. Kjo ndihmon n\u00eb aktivizimin e pastruesit dhe i lejon atij t\u00eb krijoj\u00eb m\u00eb shum\u00eb shkume. Pasi t\u00eb aplikohet n\u00eb l\u00ebkur\u00ebn e lagur, mund t\u00eb p\u00ebrdorni mjete masazhi p\u00ebr fytyr\u00ebn p\u00ebr t\u00eb punuar m\u00eb tej pastruesin, p\u00ebr t\u00eb relaksuar muskujt dhe p\u00ebr t\u00eb inkurajuar drenazhimin limfatik. Sigurohuni q\u00eb mjetet tuaja dhe fytyra t\u00eb jen\u00eb t\u00eb lagura p\u00ebr t\u00eb siguruar q\u00eb nuk ka t\u00ebrheqje t\u00eb l\u00ebkur\u00ebs.&#8221;<\/p>\n<p><strong>Charlotte Connoley, Ekspertja Jon\u00eb e Kujdesit p\u00ebr L\u00ebkur\u00ebn<\/strong><\/p>\n<p>&nbsp;<\/p>\n<p><strong>Si t\u00eb P\u00ebrdorni<\/strong><br \/>\nPastroni \u00e7do dit\u00eb n\u00eb m\u00ebngjes dhe n\u00eb mbr\u00ebmje. Aplikoni n\u00eb majat e gishtave dhe duke p\u00ebrdorur l\u00ebvizje rrethore, masazhoni but\u00ebsisht n\u00eb fytyr\u00eb dhe qaf\u00eb. Shp\u00ebrlajeni me uj\u00eb t\u00eb ngroht\u00eb ose me nj\u00eb peshqir t\u00eb lagur n\u00eb uj\u00eb t\u00eb ngroht\u00eb dhe thajeni but\u00ebsisht l\u00ebkur\u00ebn.<\/p>\n<p>&nbsp;<\/p>","protected":false},"excerpt":{"rendered":"<p><span style=\"color: #00bfff; --darkreader-inline-color: #bf40bf;\" data-darkreader-inline-color=\"\"><strong>\u2714Pastron\u00a0 \u2714Hidraton\u00a0 \u2714Vegan\u00a0 \u2714Testuar dermatologjikisht<\/strong><\/span><\/p>\n<p>&nbsp;<\/p>\n<style type=\"text\/css\">\n\t#foogallery-gallery-9929 .fg-image {\n        width: 150px;\n    }\n<\/style>\n<div class=\"foogallery foogallery-container foogallery-default foogallery-lightbox-foogallery fg-gutter-10 fg-center fg-default fg-light fg-border-thin fg-shadow-outline fg-loading-default fg-loaded-fade-in fg-caption-hover fg-hover-fade fg-hover-zoom fg-ready\" id=\"foogallery-gallery-9929\" data-foogallery=\"{&quot;item&quot;:{&quot;showCaptionTitle&quot;:true,&quot;showCaptionDescription&quot;:true},&quot;lazy&quot;:true}\" data-foogallery-lightbox=\"{&quot;thumbs&quot;:&quot;bottom&quot;,&quot;thumbsCaptions&quot;:false,&quot;thumbsBestFit&quot;:false,&quot;thumbsSmall&quot;:false,&quot;thumbsCaptionsAlign&quot;:&quot;default&quot;,&quot;info&quot;:&quot;bottom&quot;,&quot;infoVisible&quot;:true,&quot;infoOverlay&quot;:true,&quot;infoAlign&quot;:&quot;default&quot;,&quot;transition&quot;:&quot;fade&quot;,&quot;hoverButtons&quot;:false,&quot;fitMedia&quot;:false,&quot;noScrollbars&quot;:true,&quot;preserveButtonSpace&quot;:true,&quot;buttons&quot;:{&quot;fullscreen&quot;:true,&quot;info&quot;:true,&quot;thumbs&quot;:false},&quot;video&quot;:{&quot;autoPlay&quot;:true}}\" >\n<div class=\"fg-item fg-type-image fg-idle\">\n<figure class=\"fg-item-inner\"><a href=\"https:\/\/alcedrix.com\/wp-content\/uploads\/2024\/11\/vegan-collagen-rejuvenating-gel-cleanser-150ml-model-holding-tuve_720x1.jpg\" data-attachment-id=\"9930\" data-type=\"image\" class=\"fg-thumb\"><span class=\"fg-image-wrap\"><img decoding=\"async\" width=\"150\" height=\"150\" class=\"skip-lazy fg-image\" data-src-fg=\"https:\/\/alcedrix.com\/wp-content\/uploads\/cache\/2024\/11\/vegan-collagen-rejuvenating-gel-cleanser-150ml-model-holding-tuve_720x1\/1516562608.jpg\" src=\"data:image\/svg+xml,%3Csvg%20xmlns%3D%22http%3A%2F%2Fwww.w3.org%2F2000%2Fsvg%22%20width%3D%22150%22%20height%3D%22150%22%20viewBox%3D%220%200%20150%20150%22%3E%3C%2Fsvg%3E\" loading=\"eager\"><\/span><span class=\"fg-image-overlay\"><\/span><\/a><figcaption class=\"fg-caption\">\n<div class=\"fg-caption-inner\"><\/div>\n<\/figcaption><\/figure>\n<div class=\"fg-loader\"><\/div>\n<\/div>\n<div class=\"fg-item fg-type-image fg-idle\">\n<figure class=\"fg-item-inner\"><a href=\"https:\/\/alcedrix.com\/wp-content\/uploads\/2024\/11\/vegan-collagen-cleanser-150ml-product-benefits_720x1.jpg\" data-attachment-id=\"9931\" data-type=\"image\" class=\"fg-thumb\"><span class=\"fg-image-wrap\"><img decoding=\"async\" width=\"150\" height=\"150\" class=\"skip-lazy fg-image\" data-src-fg=\"https:\/\/alcedrix.com\/wp-content\/uploads\/cache\/2024\/11\/vegan-collagen-cleanser-150ml-product-benefits_720x1\/2549652531.jpg\" src=\"data:image\/svg+xml,%3Csvg%20xmlns%3D%22http%3A%2F%2Fwww.w3.org%2F2000%2Fsvg%22%20width%3D%22150%22%20height%3D%22150%22%20viewBox%3D%220%200%20150%20150%22%3E%3C%2Fsvg%3E\" loading=\"eager\"><\/span><span class=\"fg-image-overlay\"><\/span><\/a><figcaption class=\"fg-caption\">\n<div class=\"fg-caption-inner\"><\/div>\n<\/figcaption><\/figure>\n<div class=\"fg-loader\"><\/div>\n<\/div>\n<div class=\"fg-item fg-type-image fg-idle\">\n<figure class=\"fg-item-inner\"><a href=\"https:\/\/alcedrix.com\/wp-content\/uploads\/2024\/11\/VeganCollagenRejuvenatingGelCleanser150mlModelwithFormula_720x1.jpg\" data-attachment-id=\"9932\" data-type=\"image\" class=\"fg-thumb\"><span class=\"fg-image-wrap\"><img decoding=\"async\" width=\"150\" height=\"150\" class=\"skip-lazy fg-image\" data-src-fg=\"https:\/\/alcedrix.com\/wp-content\/uploads\/cache\/2024\/11\/VeganCollagenRejuvenatingGelCleanser150mlModelwithFormula_720x1\/3773869325.jpg\" src=\"data:image\/svg+xml,%3Csvg%20xmlns%3D%22http%3A%2F%2Fwww.w3.org%2F2000%2Fsvg%22%20width%3D%22150%22%20height%3D%22150%22%20viewBox%3D%220%200%20150%20150%22%3E%3C%2Fsvg%3E\" loading=\"eager\"><\/span><span class=\"fg-image-overlay\"><\/span><\/a><figcaption class=\"fg-caption\">\n<div class=\"fg-caption-inner\"><\/div>\n<\/figcaption><\/figure>\n<div class=\"fg-loader\"><\/div>\n<\/div>\n<div class=\"fg-item fg-type-image fg-idle\">\n<figure class=\"fg-item-inner\"><a href=\"https:\/\/alcedrix.com\/wp-content\/uploads\/2024\/11\/CleanserTransitionAsset_720x1.jpg\" data-attachment-id=\"9933\" data-type=\"image\" class=\"fg-thumb\"><span class=\"fg-image-wrap\"><img decoding=\"async\" width=\"150\" height=\"150\" class=\"skip-lazy fg-image\" data-src-fg=\"https:\/\/alcedrix.com\/wp-content\/uploads\/cache\/2024\/11\/CleanserTransitionAsset_720x1\/1639700643.jpg\" src=\"data:image\/svg+xml,%3Csvg%20xmlns%3D%22http%3A%2F%2Fwww.w3.org%2F2000%2Fsvg%22%20width%3D%22150%22%20height%3D%22150%22%20viewBox%3D%220%200%20150%20150%22%3E%3C%2Fsvg%3E\" loading=\"eager\"><\/span><span class=\"fg-image-overlay\"><\/span><\/a><figcaption class=\"fg-caption\">\n<div class=\"fg-caption-inner\"><\/div>\n<\/figcaption><\/figure>\n<div class=\"fg-loader\"><\/div>\n<\/div>\n<div class=\"fg-item fg-type-image fg-idle\">\n<figure class=\"fg-item-inner\"><a href=\"https:\/\/alcedrix.com\/wp-content\/uploads\/2024\/11\/VeganCollagenRejuvenatingGelCleanser150mlLifestyleImage_720x1.jpg\" data-attachment-id=\"9934\" data-type=\"image\" class=\"fg-thumb\"><span class=\"fg-image-wrap\"><img decoding=\"async\" width=\"150\" height=\"150\" class=\"skip-lazy fg-image\" data-src-fg=\"https:\/\/alcedrix.com\/wp-content\/uploads\/cache\/2024\/11\/VeganCollagenRejuvenatingGelCleanser150mlLifestyleImage_720x1\/2847563398.jpg\" src=\"data:image\/svg+xml,%3Csvg%20xmlns%3D%22http%3A%2F%2Fwww.w3.org%2F2000%2Fsvg%22%20width%3D%22150%22%20height%3D%22150%22%20viewBox%3D%220%200%20150%20150%22%3E%3C%2Fsvg%3E\" loading=\"eager\"><\/span><span class=\"fg-image-overlay\"><\/span><\/a><figcaption class=\"fg-caption\">\n<div class=\"fg-caption-inner\"><\/div>\n<\/figcaption><\/figure>\n<div class=\"fg-loader\"><\/div>\n<\/div>\n<div class=\"fg-item fg-type-image fg-idle\">\n<figure class=\"fg-item-inner\"><a href=\"https:\/\/alcedrix.com\/wp-content\/uploads\/2024\/11\/vegan-collagen-cleanser-daily-face-wash-150ml-short-product-benefits_720x1.jpg\" data-attachment-id=\"9935\" data-type=\"image\" class=\"fg-thumb\"><span class=\"fg-image-wrap\"><img decoding=\"async\" width=\"150\" height=\"150\" class=\"skip-lazy fg-image\" data-src-fg=\"https:\/\/alcedrix.com\/wp-content\/uploads\/cache\/2024\/11\/vegan-collagen-cleanser-daily-face-wash-150ml-short-product-benefits_720x1\/2454056277.jpg\" src=\"data:image\/svg+xml,%3Csvg%20xmlns%3D%22http%3A%2F%2Fwww.w3.org%2F2000%2Fsvg%22%20width%3D%22150%22%20height%3D%22150%22%20viewBox%3D%220%200%20150%20150%22%3E%3C%2Fsvg%3E\" loading=\"eager\"><\/span><span class=\"fg-image-overlay\"><\/span><\/a><figcaption class=\"fg-caption\">\n<div class=\"fg-caption-inner\"><\/div>\n<\/figcaption><\/figure>\n<div class=\"fg-loader\"><\/div>\n<\/div>\n<div class=\"fg-item fg-type-image fg-idle\">\n<figure class=\"fg-item-inner\"><a href=\"https:\/\/alcedrix.com\/wp-content\/uploads\/2024\/11\/marine-biocomplex-what-is-it-infographic-superfacialist_720x1.jpg\" data-attachment-id=\"9936\" data-type=\"image\" class=\"fg-thumb\"><span class=\"fg-image-wrap\"><img decoding=\"async\" width=\"150\" height=\"150\" class=\"skip-lazy fg-image\" data-src-fg=\"https:\/\/alcedrix.com\/wp-content\/uploads\/cache\/2024\/11\/marine-biocomplex-what-is-it-infographic-superfacialist_720x1\/107688451.jpg\" src=\"data:image\/svg+xml,%3Csvg%20xmlns%3D%22http%3A%2F%2Fwww.w3.org%2F2000%2Fsvg%22%20width%3D%22150%22%20height%3D%22150%22%20viewBox%3D%220%200%20150%20150%22%3E%3C%2Fsvg%3E\" loading=\"eager\"><\/span><span class=\"fg-image-overlay\"><\/span><\/a><figcaption class=\"fg-caption\">\n<div class=\"fg-caption-inner\"><\/div>\n<\/figcaption><\/figure>\n<div class=\"fg-loader\"><\/div>\n<\/div>\n<div class=\"fg-item fg-type-image fg-idle\">\n<figure class=\"fg-item-inner\"><a href=\"https:\/\/alcedrix.com\/wp-content\/uploads\/2024\/11\/vegan-collagen-super-facialist-skincare-routine-firming-for-fine-lines-and-wrinkles_61bc568d-d0fd-4022-a610-734f06b8fb7e_720x1.jpg\" data-attachment-id=\"9937\" data-type=\"image\" class=\"fg-thumb\"><span class=\"fg-image-wrap\"><img decoding=\"async\" width=\"150\" height=\"150\" class=\"skip-lazy fg-image\" data-src-fg=\"https:\/\/alcedrix.com\/wp-content\/uploads\/cache\/2024\/11\/vegan-collagen-super-facialist-skincare-routine-firming-for-fine-lines-and-wrinkles_61bc568d-d0fd-4022-a610-734f06b8fb7e_720x1\/3694380989.jpg\" src=\"data:image\/svg+xml,%3Csvg%20xmlns%3D%22http%3A%2F%2Fwww.w3.org%2F2000%2Fsvg%22%20width%3D%22150%22%20height%3D%22150%22%20viewBox%3D%220%200%20150%20150%22%3E%3C%2Fsvg%3E\" loading=\"eager\"><\/span><span class=\"fg-image-overlay\"><\/span><\/a><figcaption class=\"fg-caption\">\n<div class=\"fg-caption-inner\"><\/div>\n<\/figcaption><\/figure>\n<div class=\"fg-loader\"><\/div>\n<\/div>\n<div class=\"fg-item fg-type-image fg-idle\">\n<figure class=\"fg-item-inner\"><a href=\"https:\/\/alcedrix.com\/wp-content\/uploads\/2024\/11\/super-facialist-vegan-collagen-suitable-for-all-skin-types_97060048-e170-402a-91e3-236f0550f45d_720x1.jpg\" data-attachment-id=\"9938\" data-type=\"image\" class=\"fg-thumb\"><span class=\"fg-image-wrap\"><img decoding=\"async\" width=\"150\" height=\"150\" class=\"skip-lazy fg-image\" data-src-fg=\"https:\/\/alcedrix.com\/wp-content\/uploads\/cache\/2024\/11\/super-facialist-vegan-collagen-suitable-for-all-skin-types_97060048-e170-402a-91e3-236f0550f45d_720x1\/3052102538.jpg\" src=\"data:image\/svg+xml,%3Csvg%20xmlns%3D%22http%3A%2F%2Fwww.w3.org%2F2000%2Fsvg%22%20width%3D%22150%22%20height%3D%22150%22%20viewBox%3D%220%200%20150%20150%22%3E%3C%2Fsvg%3E\" loading=\"eager\"><\/span><span class=\"fg-image-overlay\"><\/span><\/a><figcaption class=\"fg-caption\">\n<div class=\"fg-caption-inner\"><\/div>\n<\/figcaption><\/figure>\n<div class=\"fg-loader\"><\/div>\n<\/div>\n<\/div>","protected":false},"featured_media":9713,"template":"","meta":[],"product_cat":[157,154],"product_tag":[],"class_list":{"0":"post-9712","1":"product","2":"type-product","3":"status-publish","4":"has-post-thumbnail","6":"product_cat-face-care","7":"product_cat-superfacialist","9":"first","10":"instock","11":"taxable","12":"shipping-taxable","13":"purchasable","14":"product-type-simple"},"yoast_head":"<!-- This site is optimized with the Yoast SEO plugin v23.6 - https:\/\/yoast.com\/wordpress\/plugins\/seo\/ -->\n<title>Super Facialist Collagen+ Firming Cleanser 150ml - Alcedrix<\/title>\n<meta name=\"robots\" content=\"index, follow, max-snippet:-1, max-image-preview:large, max-video-preview:-1\" \/>\n<link rel=\"canonical\" href=\"http:\/\/alcedrix.com\/sq\/shop\/super-facialist-collagen-firming-cleanser-150ml\/\" \/>\n<meta property=\"og:locale\" content=\"sq_AL\" \/>\n<meta property=\"og:type\" content=\"article\" \/>\n<meta property=\"og:title\" content=\"Super Facialist Collagen+ Firming Cleanser 150ml - Alcedrix\" \/>\n<meta property=\"og:description\" content=\"\u2714Pastron\u00a0 \u2714Hidraton\u00a0 \u2714Vegan\u00a0 \u2714Testuar dermatologjikisht  &nbsp;\" \/>\n<meta property=\"og:url\" content=\"http:\/\/alcedrix.com\/sq\/shop\/super-facialist-collagen-firming-cleanser-150ml\/\" \/>\n<meta property=\"og:site_name\" content=\"Alcedrix\" \/>\n<meta property=\"article:publisher\" content=\"https:\/\/www.facebook.com\/alcedrix\" \/>\n<meta property=\"article:modified_time\" content=\"2024-11-15T08:56:13+00:00\" \/>\n<meta property=\"og:image\" content=\"http:\/\/alcedrix.com\/wp-content\/uploads\/2024\/11\/VeganCollagenRejuvenatingGelCleanser150mlProductImage_2048x20481.jpg\" \/>\n\t<meta property=\"og:image:width\" content=\"1000\" \/>\n\t<meta property=\"og:image:height\" content=\"1000\" \/>\n\t<meta property=\"og:image:type\" content=\"image\/jpeg\" \/>\n<meta name=\"twitter:card\" content=\"summary_large_image\" \/>\n<meta name=\"twitter:label1\" content=\"Est. reading time\" \/>\n\t<meta name=\"twitter:data1\" content=\"2 minuta\" \/>\n<script type=\"application\/ld+json\" class=\"yoast-schema-graph\">{\"@context\":\"https:\/\/schema.org\",\"@graph\":[{\"@type\":\"WebPage\",\"@id\":\"http:\/\/alcedrix.com\/shop\/super-facialist-collagen-firming-cleanser-150ml\/\",\"url\":\"http:\/\/alcedrix.com\/shop\/super-facialist-collagen-firming-cleanser-150ml\/\",\"name\":\"Super Facialist Collagen+ Firming Cleanser 150ml - Alcedrix\",\"isPartOf\":{\"@id\":\"https:\/\/alcedrix.com\/#website\"},\"primaryImageOfPage\":{\"@id\":\"http:\/\/alcedrix.com\/shop\/super-facialist-collagen-firming-cleanser-150ml\/#primaryimage\"},\"image\":{\"@id\":\"http:\/\/alcedrix.com\/shop\/super-facialist-collagen-firming-cleanser-150ml\/#primaryimage\"},\"thumbnailUrl\":\"https:\/\/alcedrix.com\/wp-content\/uploads\/2024\/11\/VeganCollagenRejuvenatingGelCleanser150mlProductImage_2048x20481.jpg\",\"datePublished\":\"2024-11-07T08:51:27+00:00\",\"dateModified\":\"2024-11-15T08:56:13+00:00\",\"breadcrumb\":{\"@id\":\"http:\/\/alcedrix.com\/shop\/super-facialist-collagen-firming-cleanser-150ml\/#breadcrumb\"},\"inLanguage\":\"sq\",\"potentialAction\":[{\"@type\":\"ReadAction\",\"target\":[\"http:\/\/alcedrix.com\/shop\/super-facialist-collagen-firming-cleanser-150ml\/\"]}]},{\"@type\":\"ImageObject\",\"inLanguage\":\"sq\",\"@id\":\"http:\/\/alcedrix.com\/shop\/super-facialist-collagen-firming-cleanser-150ml\/#primaryimage\",\"url\":\"https:\/\/alcedrix.com\/wp-content\/uploads\/2024\/11\/VeganCollagenRejuvenatingGelCleanser150mlProductImage_2048x20481.jpg\",\"contentUrl\":\"https:\/\/alcedrix.com\/wp-content\/uploads\/2024\/11\/VeganCollagenRejuvenatingGelCleanser150mlProductImage_2048x20481.jpg\",\"width\":1000,\"height\":1000},{\"@type\":\"BreadcrumbList\",\"@id\":\"http:\/\/alcedrix.com\/shop\/super-facialist-collagen-firming-cleanser-150ml\/#breadcrumb\",\"itemListElement\":[{\"@type\":\"ListItem\",\"position\":1,\"name\":\"Home\",\"item\":\"https:\/\/alcedrix.com\/\"},{\"@type\":\"ListItem\",\"position\":2,\"name\":\"Shop\",\"item\":\"https:\/\/alcedrix.com\/shop\/\"},{\"@type\":\"ListItem\",\"position\":3,\"name\":\"Super Facialist Collagen+ Firming Cleanser 150ml\"}]},{\"@type\":\"WebSite\",\"@id\":\"https:\/\/alcedrix.com\/#website\",\"url\":\"https:\/\/alcedrix.com\/\",\"name\":\"Alcedrix\",\"description\":\"Alcedrix\",\"publisher\":{\"@id\":\"https:\/\/alcedrix.com\/#organization\"},\"potentialAction\":[{\"@type\":\"SearchAction\",\"target\":{\"@type\":\"EntryPoint\",\"urlTemplate\":\"https:\/\/alcedrix.com\/?s={search_term_string}\"},\"query-input\":{\"@type\":\"PropertyValueSpecification\",\"valueRequired\":true,\"valueName\":\"search_term_string\"}}],\"inLanguage\":\"sq\"},{\"@type\":\"Organization\",\"@id\":\"https:\/\/alcedrix.com\/#organization\",\"name\":\"Alcedrix\",\"url\":\"https:\/\/alcedrix.com\/\",\"logo\":{\"@type\":\"ImageObject\",\"inLanguage\":\"sq\",\"@id\":\"https:\/\/alcedrix.com\/#\/schema\/logo\/image\/\",\"url\":\"http:\/\/3.126.27.25\/wp-content\/uploads\/2023\/08\/logo-web.png\",\"contentUrl\":\"http:\/\/3.126.27.25\/wp-content\/uploads\/2023\/08\/logo-web.png\",\"width\":492,\"height\":93,\"caption\":\"Alcedrix\"},\"image\":{\"@id\":\"https:\/\/alcedrix.com\/#\/schema\/logo\/image\/\"},\"sameAs\":[\"https:\/\/www.facebook.com\/alcedrix\",\"https:\/\/www.instagram.com\/alcedrix\"]}]}<\/script>\n<!-- \/ Yoast SEO plugin. -->","yoast_head_json":{"title":"Super Facialist Collagen+ Firming Cleanser 150ml - Alcedrix","robots":{"index":"index","follow":"follow","max-snippet":"max-snippet:-1","max-image-preview":"max-image-preview:large","max-video-preview":"max-video-preview:-1"},"canonical":"http:\/\/alcedrix.com\/sq\/shop\/super-facialist-collagen-firming-cleanser-150ml\/","og_locale":"sq_AL","og_type":"article","og_title":"Super Facialist Collagen+ Firming Cleanser 150ml - Alcedrix","og_description":"\u2714Pastron\u00a0 \u2714Hidraton\u00a0 \u2714Vegan\u00a0 \u2714Testuar dermatologjikisht  &nbsp;","og_url":"http:\/\/alcedrix.com\/sq\/shop\/super-facialist-collagen-firming-cleanser-150ml\/","og_site_name":"Alcedrix","article_publisher":"https:\/\/www.facebook.com\/alcedrix","article_modified_time":"2024-11-15T08:56:13+00:00","og_image":[{"width":1000,"height":1000,"url":"http:\/\/alcedrix.com\/wp-content\/uploads\/2024\/11\/VeganCollagenRejuvenatingGelCleanser150mlProductImage_2048x20481.jpg","type":"image\/jpeg"}],"twitter_card":"summary_large_image","twitter_misc":{"Est. reading time":"2 minuta"},"schema":{"@context":"https:\/\/schema.org","@graph":[{"@type":"WebPage","@id":"http:\/\/alcedrix.com\/shop\/super-facialist-collagen-firming-cleanser-150ml\/","url":"http:\/\/alcedrix.com\/shop\/super-facialist-collagen-firming-cleanser-150ml\/","name":"Super Facialist Collagen+ Firming Cleanser 150ml - Alcedrix","isPartOf":{"@id":"https:\/\/alcedrix.com\/#website"},"primaryImageOfPage":{"@id":"http:\/\/alcedrix.com\/shop\/super-facialist-collagen-firming-cleanser-150ml\/#primaryimage"},"image":{"@id":"http:\/\/alcedrix.com\/shop\/super-facialist-collagen-firming-cleanser-150ml\/#primaryimage"},"thumbnailUrl":"https:\/\/alcedrix.com\/wp-content\/uploads\/2024\/11\/VeganCollagenRejuvenatingGelCleanser150mlProductImage_2048x20481.jpg","datePublished":"2024-11-07T08:51:27+00:00","dateModified":"2024-11-15T08:56:13+00:00","breadcrumb":{"@id":"http:\/\/alcedrix.com\/shop\/super-facialist-collagen-firming-cleanser-150ml\/#breadcrumb"},"inLanguage":"sq","potentialAction":[{"@type":"ReadAction","target":["http:\/\/alcedrix.com\/shop\/super-facialist-collagen-firming-cleanser-150ml\/"]}]},{"@type":"ImageObject","inLanguage":"sq","@id":"http:\/\/alcedrix.com\/shop\/super-facialist-collagen-firming-cleanser-150ml\/#primaryimage","url":"https:\/\/alcedrix.com\/wp-content\/uploads\/2024\/11\/VeganCollagenRejuvenatingGelCleanser150mlProductImage_2048x20481.jpg","contentUrl":"https:\/\/alcedrix.com\/wp-content\/uploads\/2024\/11\/VeganCollagenRejuvenatingGelCleanser150mlProductImage_2048x20481.jpg","width":1000,"height":1000},{"@type":"BreadcrumbList","@id":"http:\/\/alcedrix.com\/shop\/super-facialist-collagen-firming-cleanser-150ml\/#breadcrumb","itemListElement":[{"@type":"ListItem","position":1,"name":"Home","item":"https:\/\/alcedrix.com\/"},{"@type":"ListItem","position":2,"name":"Shop","item":"https:\/\/alcedrix.com\/shop\/"},{"@type":"ListItem","position":3,"name":"Super Facialist Collagen+ Firming Cleanser 150ml"}]},{"@type":"WebSite","@id":"https:\/\/alcedrix.com\/#website","url":"https:\/\/alcedrix.com\/","name":"Alcedrix","description":"Alcedrix","publisher":{"@id":"https:\/\/alcedrix.com\/#organization"},"potentialAction":[{"@type":"SearchAction","target":{"@type":"EntryPoint","urlTemplate":"https:\/\/alcedrix.com\/?s={search_term_string}"},"query-input":{"@type":"PropertyValueSpecification","valueRequired":true,"valueName":"search_term_string"}}],"inLanguage":"sq"},{"@type":"Organization","@id":"https:\/\/alcedrix.com\/#organization","name":"Alcedrix","url":"https:\/\/alcedrix.com\/","logo":{"@type":"ImageObject","inLanguage":"sq","@id":"https:\/\/alcedrix.com\/#\/schema\/logo\/image\/","url":"http:\/\/3.126.27.25\/wp-content\/uploads\/2023\/08\/logo-web.png","contentUrl":"http:\/\/3.126.27.25\/wp-content\/uploads\/2023\/08\/logo-web.png","width":492,"height":93,"caption":"Alcedrix"},"image":{"@id":"https:\/\/alcedrix.com\/#\/schema\/logo\/image\/"},"sameAs":["https:\/\/www.facebook.com\/alcedrix","https:\/\/www.instagram.com\/alcedrix"]}]}},"_links":{"self":[{"href":"https:\/\/alcedrix.com\/sq\/wp-json\/wp\/v2\/product\/9712"}],"collection":[{"href":"https:\/\/alcedrix.com\/sq\/wp-json\/wp\/v2\/product"}],"about":[{"href":"https:\/\/alcedrix.com\/sq\/wp-json\/wp\/v2\/types\/product"}],"version-history":[{"count":0,"href":"https:\/\/alcedrix.com\/sq\/wp-json\/wp\/v2\/product\/9712\/revisions"}],"wp:featuredmedia":[{"embeddable":true,"href":"https:\/\/alcedrix.com\/sq\/wp-json\/wp\/v2\/media\/9713"}],"wp:attachment":[{"href":"https:\/\/alcedrix.com\/sq\/wp-json\/wp\/v2\/media?parent=9712"}],"wp:term":[{"taxonomy":"product_cat","embeddable":true,"href":"https:\/\/alcedrix.com\/sq\/wp-json\/wp\/v2\/product_cat?post=9712"},{"taxonomy":"product_tag","embeddable":true,"href":"https:\/\/alcedrix.com\/sq\/wp-json\/wp\/v2\/product_tag?post=9712"}],"curies":[{"name":"wp","href":"https:\/\/api.w.org\/{rel}","templated":true}]}}