{"id":9710,"date":"2024-11-07T08:47:02","date_gmt":"2024-11-07T08:47:02","guid":{"rendered":"http:\/\/3.126.27.25\/?post_type=product&#038;p=9710"},"modified":"2024-11-15T09:01:04","modified_gmt":"2024-11-15T09:01:04","slug":"super-facialist-collagen-firming-night-cream-50ml","status":"publish","type":"product","link":"https:\/\/alcedrix.com\/sq\/shop\/super-facialist-collagen-firming-night-cream-50ml\/","title":{"rendered":"Super Facialist Collagen+ Firming Night Cream 50ml"},"content":{"rendered":"<p>P\u00ebrjetoni fuqin\u00eb transformuese t\u00eb detit me Krem\u00ebn Vegan Collagen SleepSmart Overnight Resync.<\/p>\n<p>&nbsp;<\/p>\n<p>Shfryt\u00ebzoni p\u00ebrfitimet e fuqishme t\u00eb nj\u00eb Bio-polimeri t\u00eb bazuar n\u00eb det, Bakrit dhe Kolagjenit me baz\u00eb bimore. Ky krem luksoz punon p\u00ebr t\u00eb fryr\u00eb dhe zbutur l\u00ebkur\u00ebn, duke ndihmuar n\u00eb reduktimin e dukjes s\u00eb vijave t\u00eb imta dhe rrudhave.<\/p>\n<p>&nbsp;<\/p>\n<p>I fuqizuar nga Kompleksi yn\u00eb ekskluziv Resync SleepSmart\u2122, ky krem nate \u00ebsht\u00eb i formuluar p\u00ebr t\u00eb u sinkronizuar me ritmin natyror cirkadian t\u00eb l\u00ebkur\u00ebs tuaj. Nd\u00ebrsa flini, ai ndihmon n\u00eb optimizimin e rinovimit t\u00eb l\u00ebkur\u00ebs gjat\u00eb nat\u00ebs kur l\u00ebkura \u00ebsht\u00eb m\u00eb e gatshme. Zgjohuni me nj\u00eb l\u00ebkur\u00eb m\u00eb t\u00eb but\u00eb, t\u00eb hidratuar dhe m\u00eb rinore. Testuar dermatologjikisht dhe miratuar nga ekspert\u00ebt e kujdesit p\u00ebr l\u00ebkur\u00ebn, ky krem nate i brezit t\u00eb ardhsh\u00ebm ofron nj\u00eb zgjidhje t\u00eb fuqishme, por t\u00eb but\u00eb p\u00ebr t\u00eb arritur nj\u00eb l\u00ebkur\u00eb t\u00eb ndritshme dhe t\u00eb sh\u00ebndritshme.<\/p>\n<p>&nbsp;<\/p>\n<p>B\u00ebni q\u00eb rutina juaj e nat\u00ebs p\u00ebr kujdesin e l\u00ebkur\u00ebs t\u00eb punoj\u00eb m\u00eb shum\u00eb, n\u00eb m\u00ebnyr\u00eb q\u00eb ju t\u00eb mos e b\u00ebni. Shfryt\u00ebzoni fuqin\u00eb e detit dhe shkenc\u00ebs me Krem\u00ebn e Nat\u00ebs Vegan Collagen Overnight Resync SleepSmart. Zgjohuni me l\u00ebkur\u00eb t\u00eb hidratuar, rinore dhe t\u00eb ndritshme.<\/p>\n<p>&nbsp;<\/p>\n<p><strong>Rezultate t\u00eb V\u00ebrteta<\/strong><\/p>\n<ul>\n<li>96% bien dakord q\u00eb l\u00ebkura duket dhe ndjehet m\u00eb e hidratuar*<\/li>\n<li>89% bien dakord q\u00eb l\u00ebkura ndjehet m\u00eb e l\u00ebmuar*<\/li>\n<li>87% bien dakord q\u00eb l\u00ebkura ndjehet m\u00eb e fryr\u00eb*<\/li>\n<li>75% bien dakord se dha rezultate m\u00eb t\u00eb mira se krema e tyre e zakonshme p\u00ebr nat\u00ebn**<\/li>\n<\/ul>\n<p>*Prov\u00eb e pavarur p\u00ebrdoruesish mbi Krem\u00ebn e Nat\u00ebs Vegan Collagen Overnight Resync me 57 pjes\u00ebmarr\u00ebs p\u00ebr 4 jav\u00eb<br \/>\n**&#8217;Rezultate m\u00eb t\u00eb mira&#8217; klasifikohet si l\u00ebkur\u00eb m\u00eb e fort\u00eb, m\u00eb e fryr\u00eb, dhe m\u00eb e l\u00ebmuar<\/p>\n<p>&nbsp;<\/p>\n<p><strong>Si t\u00eb p\u00ebrdorni<\/strong><br \/>\nAplikoni n\u00eb fytyr\u00eb, qaf\u00eb dhe dekolte t\u00eb pastruar \u00e7do nat\u00eb.<br \/>\nP\u00ebrdorni si hapi i fundit i rutin\u00ebs suaj t\u00eb mbr\u00ebmjes p\u00ebr nj\u00eb pamje m\u00eb t\u00eb hidratuar dhe m\u00eb t\u00eb l\u00ebmuar kur zgjoheni. Kompleksi yn\u00eb SleepSmart\u2122 \u00ebsht\u00eb projektuar p\u00ebr t&#8217;u punuar me ritmin cirkadian t\u00eb l\u00ebkur\u00ebs tuaj p\u00ebr t\u00eb optimizuar rinovimin e l\u00ebkur\u00ebs gjat\u00eb nat\u00ebs kur ajo \u00ebsht\u00eb m\u00eb e gatshme.<\/p>\n<p>&nbsp;<\/p>\n<p><strong>K\u00ebshilla Ekspert\u00ebve p\u00ebr Kujdesin e L\u00ebkur\u00ebs<\/strong><br \/>\n&#8220;Aplikoni krem\u00ebn tuaj t\u00eb nat\u00ebs me l\u00ebvizje t\u00eb buta dhe n\u00eb drejtim lart p\u00ebr t\u00eb shmangur t\u00ebrheqjen e l\u00ebkur\u00ebs delikate t\u00eb fytyr\u00ebs dhe qaf\u00ebs tuaj. Kjo teknik\u00eb promovon p\u00ebrthithjen m\u00eb t\u00eb mir\u00eb dhe ndihmon n\u00eb stimulimin e qarkullimit, duke p\u00ebrmir\u00ebsuar efikasitetin e krem\u00ebs n\u00eb ushqimin dhe rigjenerimin e l\u00ebkur\u00ebs tuaj nd\u00ebrsa flini.&#8221;<br \/>\n<strong>Charlotte Connoley, Ekspertja jon\u00eb Rezidente p\u00ebr Kujdesin e L\u00ebkur\u00ebs<\/strong><\/p>","protected":false},"excerpt":{"rendered":"<p><span style=\"color: #00bfff; --darkreader-inline-color: #bf40bf;\" data-darkreader-inline-color=\"\"><strong>\u2714Luftim i lodhjes active \u2714Forcon l\u00ebkuren\u00a0 \u2714Fryrje e l\u00ebkur\u00ebs\u00a0 \u2714Testuar Dermatologjikisht<\/strong><\/span><\/p>\n<p>&nbsp;<\/p>\n<style type=\"text\/css\">\n\t#foogallery-gallery-9939 .fg-image {\n        width: 150px;\n    }\n<\/style>\n<div class=\"foogallery foogallery-container foogallery-default foogallery-lightbox-foogallery fg-gutter-10 fg-center fg-default fg-light fg-border-thin fg-shadow-outline fg-loading-default fg-loaded-fade-in fg-caption-hover fg-hover-fade fg-hover-zoom fg-ready\" id=\"foogallery-gallery-9939\" data-foogallery=\"{&quot;item&quot;:{&quot;showCaptionTitle&quot;:true,&quot;showCaptionDescription&quot;:true},&quot;lazy&quot;:true}\" data-foogallery-lightbox=\"{&quot;thumbs&quot;:&quot;bottom&quot;,&quot;thumbsCaptions&quot;:false,&quot;thumbsBestFit&quot;:false,&quot;thumbsSmall&quot;:false,&quot;thumbsCaptionsAlign&quot;:&quot;default&quot;,&quot;info&quot;:&quot;bottom&quot;,&quot;infoVisible&quot;:true,&quot;infoOverlay&quot;:true,&quot;infoAlign&quot;:&quot;default&quot;,&quot;transition&quot;:&quot;fade&quot;,&quot;hoverButtons&quot;:false,&quot;fitMedia&quot;:false,&quot;noScrollbars&quot;:true,&quot;preserveButtonSpace&quot;:true,&quot;buttons&quot;:{&quot;fullscreen&quot;:true,&quot;info&quot;:true,&quot;thumbs&quot;:false},&quot;video&quot;:{&quot;autoPlay&quot;:true}}\" >\n<div class=\"fg-item fg-type-image fg-idle\">\n<figure class=\"fg-item-inner\"><a href=\"https:\/\/alcedrix.com\/wp-content\/uploads\/2024\/11\/vegan-collagen-resync-night-cream-50ml-super-facialist-model-with-cream-swatch_720x1.jpg\" data-attachment-id=\"9940\" data-type=\"image\" class=\"fg-thumb\"><span class=\"fg-image-wrap\"><img decoding=\"async\" width=\"150\" height=\"150\" class=\"skip-lazy fg-image\" data-src-fg=\"https:\/\/alcedrix.com\/wp-content\/uploads\/cache\/2024\/11\/vegan-collagen-resync-night-cream-50ml-super-facialist-model-with-cream-swatch_720x1\/1307881908.jpg\" src=\"data:image\/svg+xml,%3Csvg%20xmlns%3D%22http%3A%2F%2Fwww.w3.org%2F2000%2Fsvg%22%20width%3D%22150%22%20height%3D%22150%22%20viewBox%3D%220%200%20150%20150%22%3E%3C%2Fsvg%3E\" loading=\"eager\"><\/span><span class=\"fg-image-overlay\"><\/span><\/a><figcaption class=\"fg-caption\">\n<div class=\"fg-caption-inner\"><\/div>\n<\/figcaption><\/figure>\n<div class=\"fg-loader\"><\/div>\n<\/div>\n<div class=\"fg-item fg-type-image fg-idle\">\n<figure class=\"fg-item-inner\"><a href=\"https:\/\/alcedrix.com\/wp-content\/uploads\/2024\/11\/SuperFacialistNightCreamTransitionAsset1_720x1.jpg\" data-attachment-id=\"9942\" data-type=\"image\" class=\"fg-thumb\"><span class=\"fg-image-wrap\"><img decoding=\"async\" width=\"150\" height=\"150\" class=\"skip-lazy fg-image\" data-src-fg=\"https:\/\/alcedrix.com\/wp-content\/uploads\/cache\/2024\/11\/SuperFacialistNightCreamTransitionAsset1_720x1\/111605360.jpg\" src=\"data:image\/svg+xml,%3Csvg%20xmlns%3D%22http%3A%2F%2Fwww.w3.org%2F2000%2Fsvg%22%20width%3D%22150%22%20height%3D%22150%22%20viewBox%3D%220%200%20150%20150%22%3E%3C%2Fsvg%3E\" loading=\"eager\"><\/span><span class=\"fg-image-overlay\"><\/span><\/a><figcaption class=\"fg-caption\">\n<div class=\"fg-caption-inner\"><\/div>\n<\/figcaption><\/figure>\n<div class=\"fg-loader\"><\/div>\n<\/div>\n<div class=\"fg-item fg-type-image fg-idle\">\n<figure class=\"fg-item-inner\"><a href=\"https:\/\/alcedrix.com\/wp-content\/uploads\/2024\/11\/vegan-collagen-night-cream-50ml-sleepsmart-product-benefits_720x1.jpg\" data-attachment-id=\"9943\" data-type=\"image\" class=\"fg-thumb\"><span class=\"fg-image-wrap\"><img decoding=\"async\" width=\"150\" height=\"150\" class=\"skip-lazy fg-image\" data-src-fg=\"https:\/\/alcedrix.com\/wp-content\/uploads\/cache\/2024\/11\/vegan-collagen-night-cream-50ml-sleepsmart-product-benefits_720x1\/3362760855.jpg\" src=\"data:image\/svg+xml,%3Csvg%20xmlns%3D%22http%3A%2F%2Fwww.w3.org%2F2000%2Fsvg%22%20width%3D%22150%22%20height%3D%22150%22%20viewBox%3D%220%200%20150%20150%22%3E%3C%2Fsvg%3E\" loading=\"eager\"><\/span><span class=\"fg-image-overlay\"><\/span><\/a><figcaption class=\"fg-caption\">\n<div class=\"fg-caption-inner\"><\/div>\n<\/figcaption><\/figure>\n<div class=\"fg-loader\"><\/div>\n<\/div>\n<div class=\"fg-item fg-type-image fg-idle\">\n<figure class=\"fg-item-inner\"><a href=\"https:\/\/alcedrix.com\/wp-content\/uploads\/2024\/11\/vegan-collagen-night-cream-hydrated-skin-hut-trial_720x1.jpg\" data-attachment-id=\"9944\" data-type=\"image\" class=\"fg-thumb\"><span class=\"fg-image-wrap\"><img decoding=\"async\" width=\"150\" height=\"150\" class=\"skip-lazy fg-image\" data-src-fg=\"https:\/\/alcedrix.com\/wp-content\/uploads\/cache\/2024\/11\/vegan-collagen-night-cream-hydrated-skin-hut-trial_720x1\/2106697900.jpg\" src=\"data:image\/svg+xml,%3Csvg%20xmlns%3D%22http%3A%2F%2Fwww.w3.org%2F2000%2Fsvg%22%20width%3D%22150%22%20height%3D%22150%22%20viewBox%3D%220%200%20150%20150%22%3E%3C%2Fsvg%3E\" loading=\"eager\"><\/span><span class=\"fg-image-overlay\"><\/span><\/a><figcaption class=\"fg-caption\">\n<div class=\"fg-caption-inner\"><\/div>\n<\/figcaption><\/figure>\n<div class=\"fg-loader\"><\/div>\n<\/div>\n<div class=\"fg-item fg-type-image fg-idle\">\n<figure class=\"fg-item-inner\"><a href=\"https:\/\/alcedrix.com\/wp-content\/uploads\/2024\/11\/vegan-collagen-resync-night-cream-benefits_720x1.jpg\" data-attachment-id=\"9945\" data-type=\"image\" class=\"fg-thumb\"><span class=\"fg-image-wrap\"><img decoding=\"async\" width=\"150\" height=\"150\" class=\"skip-lazy fg-image\" data-src-fg=\"https:\/\/alcedrix.com\/wp-content\/uploads\/cache\/2024\/11\/vegan-collagen-resync-night-cream-benefits_720x1\/1069444513.jpg\" src=\"data:image\/svg+xml,%3Csvg%20xmlns%3D%22http%3A%2F%2Fwww.w3.org%2F2000%2Fsvg%22%20width%3D%22150%22%20height%3D%22150%22%20viewBox%3D%220%200%20150%20150%22%3E%3C%2Fsvg%3E\" loading=\"eager\"><\/span><span class=\"fg-image-overlay\"><\/span><\/a><figcaption class=\"fg-caption\">\n<div class=\"fg-caption-inner\"><\/div>\n<\/figcaption><\/figure>\n<div class=\"fg-loader\"><\/div>\n<\/div>\n<div class=\"fg-item fg-type-image fg-idle\">\n<figure class=\"fg-item-inner\"><a href=\"https:\/\/alcedrix.com\/wp-content\/uploads\/2024\/11\/vegan-collagen-night-cream-smoother-skin-trial_720x1.jpg\" data-attachment-id=\"9946\" data-type=\"image\" class=\"fg-thumb\"><span class=\"fg-image-wrap\"><img decoding=\"async\" width=\"150\" height=\"150\" class=\"skip-lazy fg-image\" data-src-fg=\"https:\/\/alcedrix.com\/wp-content\/uploads\/cache\/2024\/11\/vegan-collagen-night-cream-smoother-skin-trial_720x1\/565133544.jpg\" src=\"data:image\/svg+xml,%3Csvg%20xmlns%3D%22http%3A%2F%2Fwww.w3.org%2F2000%2Fsvg%22%20width%3D%22150%22%20height%3D%22150%22%20viewBox%3D%220%200%20150%20150%22%3E%3C%2Fsvg%3E\" loading=\"eager\"><\/span><span class=\"fg-image-overlay\"><\/span><\/a><figcaption class=\"fg-caption\">\n<div class=\"fg-caption-inner\"><\/div>\n<\/figcaption><\/figure>\n<div class=\"fg-loader\"><\/div>\n<\/div>\n<div class=\"fg-item fg-type-image fg-idle\">\n<figure class=\"fg-item-inner\"><a href=\"https:\/\/alcedrix.com\/wp-content\/uploads\/2024\/11\/vegan-collagen-sleepsmart-complex-night-cream-infographic_720x1.jpg\" data-attachment-id=\"9947\" data-type=\"image\" class=\"fg-thumb\"><span class=\"fg-image-wrap\"><img decoding=\"async\" width=\"150\" height=\"150\" class=\"skip-lazy fg-image\" data-src-fg=\"https:\/\/alcedrix.com\/wp-content\/uploads\/cache\/2024\/11\/vegan-collagen-sleepsmart-complex-night-cream-infographic_720x1\/3040524843.jpg\" src=\"data:image\/svg+xml,%3Csvg%20xmlns%3D%22http%3A%2F%2Fwww.w3.org%2F2000%2Fsvg%22%20width%3D%22150%22%20height%3D%22150%22%20viewBox%3D%220%200%20150%20150%22%3E%3C%2Fsvg%3E\" loading=\"eager\"><\/span><span class=\"fg-image-overlay\"><\/span><\/a><figcaption class=\"fg-caption\">\n<div class=\"fg-caption-inner\"><\/div>\n<\/figcaption><\/figure>\n<div class=\"fg-loader\"><\/div>\n<\/div>\n<div class=\"fg-item fg-type-image fg-idle\">\n<figure class=\"fg-item-inner\"><a href=\"https:\/\/alcedrix.com\/wp-content\/uploads\/2024\/11\/vegan-collagen-night-cream-feels-plumper-hut-trial_720x1.jpg\" data-attachment-id=\"9948\" data-type=\"image\" class=\"fg-thumb\"><span class=\"fg-image-wrap\"><img decoding=\"async\" width=\"150\" height=\"150\" class=\"skip-lazy fg-image\" data-src-fg=\"https:\/\/alcedrix.com\/wp-content\/uploads\/cache\/2024\/11\/vegan-collagen-night-cream-feels-plumper-hut-trial_720x1\/1346466763.jpg\" src=\"data:image\/svg+xml,%3Csvg%20xmlns%3D%22http%3A%2F%2Fwww.w3.org%2F2000%2Fsvg%22%20width%3D%22150%22%20height%3D%22150%22%20viewBox%3D%220%200%20150%20150%22%3E%3C%2Fsvg%3E\" loading=\"eager\"><\/span><span class=\"fg-image-overlay\"><\/span><\/a><figcaption class=\"fg-caption\">\n<div class=\"fg-caption-inner\"><\/div>\n<\/figcaption><\/figure>\n<div class=\"fg-loader\"><\/div>\n<\/div>\n<div class=\"fg-item fg-type-image fg-idle\">\n<figure class=\"fg-item-inner\"><a href=\"https:\/\/alcedrix.com\/wp-content\/uploads\/2024\/11\/SF24_VEGANCOLLAGEN_shortcallout_tile3_720x1.jpg\" data-attachment-id=\"9949\" data-type=\"image\" class=\"fg-thumb\"><span class=\"fg-image-wrap\"><img decoding=\"async\" width=\"150\" height=\"150\" class=\"skip-lazy fg-image\" data-src-fg=\"https:\/\/alcedrix.com\/wp-content\/uploads\/cache\/2024\/11\/SF24_VEGANCOLLAGEN_shortcallout_tile3_720x1\/4002704778.jpg\" src=\"data:image\/svg+xml,%3Csvg%20xmlns%3D%22http%3A%2F%2Fwww.w3.org%2F2000%2Fsvg%22%20width%3D%22150%22%20height%3D%22150%22%20viewBox%3D%220%200%20150%20150%22%3E%3C%2Fsvg%3E\" loading=\"eager\"><\/span><span class=\"fg-image-overlay\"><\/span><\/a><figcaption class=\"fg-caption\">\n<div class=\"fg-caption-inner\"><\/div>\n<\/figcaption><\/figure>\n<div class=\"fg-loader\"><\/div>\n<\/div>\n<div class=\"fg-item fg-type-image fg-idle\">\n<figure class=\"fg-item-inner\"><a href=\"https:\/\/alcedrix.com\/wp-content\/uploads\/2024\/11\/vegan-collagen-super-facialist-skincare-routine-firming-for-fine-lines-and-wrinkles_f872e5df-5f61-46c6-8325-12629bb9d6ce_720x1.jpg\" data-attachment-id=\"9950\" data-type=\"image\" class=\"fg-thumb\"><span class=\"fg-image-wrap\"><img decoding=\"async\" width=\"150\" height=\"150\" class=\"skip-lazy fg-image\" data-src-fg=\"https:\/\/alcedrix.com\/wp-content\/uploads\/cache\/2024\/11\/vegan-collagen-super-facialist-skincare-routine-firming-for-fine-lines-and-wrinkles_f872e5df-5f61-46c6-8325-12629bb9d6ce_720x1\/2684419395.jpg\" src=\"data:image\/svg+xml,%3Csvg%20xmlns%3D%22http%3A%2F%2Fwww.w3.org%2F2000%2Fsvg%22%20width%3D%22150%22%20height%3D%22150%22%20viewBox%3D%220%200%20150%20150%22%3E%3C%2Fsvg%3E\" loading=\"eager\"><\/span><span class=\"fg-image-overlay\"><\/span><\/a><figcaption class=\"fg-caption\">\n<div class=\"fg-caption-inner\"><\/div>\n<\/figcaption><\/figure>\n<div class=\"fg-loader\"><\/div>\n<\/div>\n<div class=\"fg-item fg-type-image fg-idle\">\n<figure class=\"fg-item-inner\"><a href=\"https:\/\/alcedrix.com\/wp-content\/uploads\/2024\/11\/super-facialist-vegan-collagen-suitable-for-all-skin-types_6cd91e7f-d6c8-42c9-b4fc-abe1ef832be4_720x1.jpg\" data-attachment-id=\"9951\" data-type=\"image\" class=\"fg-thumb\"><span class=\"fg-image-wrap\"><img decoding=\"async\" width=\"150\" height=\"150\" class=\"skip-lazy fg-image\" data-src-fg=\"https:\/\/alcedrix.com\/wp-content\/uploads\/cache\/2024\/11\/super-facialist-vegan-collagen-suitable-for-all-skin-types_6cd91e7f-d6c8-42c9-b4fc-abe1ef832be4_720x1\/1312236473.jpg\" src=\"data:image\/svg+xml,%3Csvg%20xmlns%3D%22http%3A%2F%2Fwww.w3.org%2F2000%2Fsvg%22%20width%3D%22150%22%20height%3D%22150%22%20viewBox%3D%220%200%20150%20150%22%3E%3C%2Fsvg%3E\" loading=\"eager\"><\/span><span class=\"fg-image-overlay\"><\/span><\/a><figcaption class=\"fg-caption\">\n<div class=\"fg-caption-inner\"><\/div>\n<\/figcaption><\/figure>\n<div class=\"fg-loader\"><\/div>\n<\/div>\n<\/div>","protected":false},"featured_media":9711,"template":"","meta":[],"product_cat":[157,154],"product_tag":[],"class_list":{"0":"post-9710","1":"product","2":"type-product","3":"status-publish","4":"has-post-thumbnail","6":"product_cat-face-care","7":"product_cat-superfacialist","9":"first","10":"instock","11":"taxable","12":"shipping-taxable","13":"purchasable","14":"product-type-simple"},"yoast_head":"<!-- This site is optimized with the Yoast SEO plugin v23.6 - https:\/\/yoast.com\/wordpress\/plugins\/seo\/ -->\n<title>Super Facialist Collagen+ Firming Night Cream 50ml - Alcedrix<\/title>\n<meta name=\"robots\" content=\"index, follow, max-snippet:-1, max-image-preview:large, max-video-preview:-1\" \/>\n<link rel=\"canonical\" href=\"https:\/\/alcedrix.com\/sq\/shop\/super-facialist-collagen-firming-night-cream-50ml\/\" \/>\n<meta property=\"og:locale\" content=\"sq_AL\" \/>\n<meta property=\"og:type\" content=\"article\" \/>\n<meta property=\"og:title\" content=\"Super Facialist Collagen+ Firming Night Cream 50ml - Alcedrix\" \/>\n<meta property=\"og:description\" content=\"\u2714Luftim i lodhjes active \u2714Forcon l\u00ebkuren\u00a0 \u2714Fryrje e l\u00ebkur\u00ebs\u00a0 \u2714Testuar Dermatologjikisht  &nbsp;\" \/>\n<meta property=\"og:url\" content=\"https:\/\/alcedrix.com\/sq\/shop\/super-facialist-collagen-firming-night-cream-50ml\/\" \/>\n<meta property=\"og:site_name\" content=\"Alcedrix\" \/>\n<meta property=\"article:publisher\" content=\"https:\/\/www.facebook.com\/alcedrix\" \/>\n<meta property=\"article:modified_time\" content=\"2024-11-15T09:01:04+00:00\" \/>\n<meta property=\"og:image\" content=\"https:\/\/alcedrix.com\/wp-content\/uploads\/2024\/11\/SuperFacialistVeganCollagenOvernightResyncNightCreamProductimage_box_2048x20481.jpg\" \/>\n\t<meta property=\"og:image:width\" content=\"1000\" \/>\n\t<meta property=\"og:image:height\" content=\"1000\" \/>\n\t<meta property=\"og:image:type\" content=\"image\/jpeg\" \/>\n<meta name=\"twitter:card\" content=\"summary_large_image\" \/>\n<meta name=\"twitter:label1\" content=\"Est. reading time\" \/>\n\t<meta name=\"twitter:data1\" content=\"2 minuta\" \/>\n<script type=\"application\/ld+json\" class=\"yoast-schema-graph\">{\"@context\":\"https:\/\/schema.org\",\"@graph\":[{\"@type\":\"WebPage\",\"@id\":\"https:\/\/alcedrix.com\/shop\/super-facialist-collagen-firming-night-cream-50ml\/\",\"url\":\"https:\/\/alcedrix.com\/shop\/super-facialist-collagen-firming-night-cream-50ml\/\",\"name\":\"Super Facialist Collagen+ Firming Night Cream 50ml - Alcedrix\",\"isPartOf\":{\"@id\":\"https:\/\/alcedrix.com\/#website\"},\"primaryImageOfPage\":{\"@id\":\"https:\/\/alcedrix.com\/shop\/super-facialist-collagen-firming-night-cream-50ml\/#primaryimage\"},\"image\":{\"@id\":\"https:\/\/alcedrix.com\/shop\/super-facialist-collagen-firming-night-cream-50ml\/#primaryimage\"},\"thumbnailUrl\":\"https:\/\/alcedrix.com\/wp-content\/uploads\/2024\/11\/SuperFacialistVeganCollagenOvernightResyncNightCreamProductimage_box_2048x20481.jpg\",\"datePublished\":\"2024-11-07T08:47:02+00:00\",\"dateModified\":\"2024-11-15T09:01:04+00:00\",\"breadcrumb\":{\"@id\":\"https:\/\/alcedrix.com\/shop\/super-facialist-collagen-firming-night-cream-50ml\/#breadcrumb\"},\"inLanguage\":\"sq\",\"potentialAction\":[{\"@type\":\"ReadAction\",\"target\":[\"https:\/\/alcedrix.com\/shop\/super-facialist-collagen-firming-night-cream-50ml\/\"]}]},{\"@type\":\"ImageObject\",\"inLanguage\":\"sq\",\"@id\":\"https:\/\/alcedrix.com\/shop\/super-facialist-collagen-firming-night-cream-50ml\/#primaryimage\",\"url\":\"https:\/\/alcedrix.com\/wp-content\/uploads\/2024\/11\/SuperFacialistVeganCollagenOvernightResyncNightCreamProductimage_box_2048x20481.jpg\",\"contentUrl\":\"https:\/\/alcedrix.com\/wp-content\/uploads\/2024\/11\/SuperFacialistVeganCollagenOvernightResyncNightCreamProductimage_box_2048x20481.jpg\",\"width\":1000,\"height\":1000},{\"@type\":\"BreadcrumbList\",\"@id\":\"https:\/\/alcedrix.com\/shop\/super-facialist-collagen-firming-night-cream-50ml\/#breadcrumb\",\"itemListElement\":[{\"@type\":\"ListItem\",\"position\":1,\"name\":\"Home\",\"item\":\"https:\/\/alcedrix.com\/\"},{\"@type\":\"ListItem\",\"position\":2,\"name\":\"Shop\",\"item\":\"https:\/\/alcedrix.com\/shop\/\"},{\"@type\":\"ListItem\",\"position\":3,\"name\":\"Super Facialist Collagen+ Firming Night Cream 50ml\"}]},{\"@type\":\"WebSite\",\"@id\":\"https:\/\/alcedrix.com\/#website\",\"url\":\"https:\/\/alcedrix.com\/\",\"name\":\"Alcedrix\",\"description\":\"Alcedrix\",\"publisher\":{\"@id\":\"https:\/\/alcedrix.com\/#organization\"},\"potentialAction\":[{\"@type\":\"SearchAction\",\"target\":{\"@type\":\"EntryPoint\",\"urlTemplate\":\"https:\/\/alcedrix.com\/?s={search_term_string}\"},\"query-input\":{\"@type\":\"PropertyValueSpecification\",\"valueRequired\":true,\"valueName\":\"search_term_string\"}}],\"inLanguage\":\"sq\"},{\"@type\":\"Organization\",\"@id\":\"https:\/\/alcedrix.com\/#organization\",\"name\":\"Alcedrix\",\"url\":\"https:\/\/alcedrix.com\/\",\"logo\":{\"@type\":\"ImageObject\",\"inLanguage\":\"sq\",\"@id\":\"https:\/\/alcedrix.com\/#\/schema\/logo\/image\/\",\"url\":\"http:\/\/3.126.27.25\/wp-content\/uploads\/2023\/08\/logo-web.png\",\"contentUrl\":\"http:\/\/3.126.27.25\/wp-content\/uploads\/2023\/08\/logo-web.png\",\"width\":492,\"height\":93,\"caption\":\"Alcedrix\"},\"image\":{\"@id\":\"https:\/\/alcedrix.com\/#\/schema\/logo\/image\/\"},\"sameAs\":[\"https:\/\/www.facebook.com\/alcedrix\",\"https:\/\/www.instagram.com\/alcedrix\"]}]}<\/script>\n<!-- \/ Yoast SEO plugin. -->","yoast_head_json":{"title":"Super Facialist Collagen+ Firming Night Cream 50ml - Alcedrix","robots":{"index":"index","follow":"follow","max-snippet":"max-snippet:-1","max-image-preview":"max-image-preview:large","max-video-preview":"max-video-preview:-1"},"canonical":"https:\/\/alcedrix.com\/sq\/shop\/super-facialist-collagen-firming-night-cream-50ml\/","og_locale":"sq_AL","og_type":"article","og_title":"Super Facialist Collagen+ Firming Night Cream 50ml - Alcedrix","og_description":"\u2714Luftim i lodhjes active \u2714Forcon l\u00ebkuren\u00a0 \u2714Fryrje e l\u00ebkur\u00ebs\u00a0 \u2714Testuar Dermatologjikisht  &nbsp;","og_url":"https:\/\/alcedrix.com\/sq\/shop\/super-facialist-collagen-firming-night-cream-50ml\/","og_site_name":"Alcedrix","article_publisher":"https:\/\/www.facebook.com\/alcedrix","article_modified_time":"2024-11-15T09:01:04+00:00","og_image":[{"width":1000,"height":1000,"url":"https:\/\/alcedrix.com\/wp-content\/uploads\/2024\/11\/SuperFacialistVeganCollagenOvernightResyncNightCreamProductimage_box_2048x20481.jpg","type":"image\/jpeg"}],"twitter_card":"summary_large_image","twitter_misc":{"Est. reading time":"2 minuta"},"schema":{"@context":"https:\/\/schema.org","@graph":[{"@type":"WebPage","@id":"https:\/\/alcedrix.com\/shop\/super-facialist-collagen-firming-night-cream-50ml\/","url":"https:\/\/alcedrix.com\/shop\/super-facialist-collagen-firming-night-cream-50ml\/","name":"Super Facialist Collagen+ Firming Night Cream 50ml - Alcedrix","isPartOf":{"@id":"https:\/\/alcedrix.com\/#website"},"primaryImageOfPage":{"@id":"https:\/\/alcedrix.com\/shop\/super-facialist-collagen-firming-night-cream-50ml\/#primaryimage"},"image":{"@id":"https:\/\/alcedrix.com\/shop\/super-facialist-collagen-firming-night-cream-50ml\/#primaryimage"},"thumbnailUrl":"https:\/\/alcedrix.com\/wp-content\/uploads\/2024\/11\/SuperFacialistVeganCollagenOvernightResyncNightCreamProductimage_box_2048x20481.jpg","datePublished":"2024-11-07T08:47:02+00:00","dateModified":"2024-11-15T09:01:04+00:00","breadcrumb":{"@id":"https:\/\/alcedrix.com\/shop\/super-facialist-collagen-firming-night-cream-50ml\/#breadcrumb"},"inLanguage":"sq","potentialAction":[{"@type":"ReadAction","target":["https:\/\/alcedrix.com\/shop\/super-facialist-collagen-firming-night-cream-50ml\/"]}]},{"@type":"ImageObject","inLanguage":"sq","@id":"https:\/\/alcedrix.com\/shop\/super-facialist-collagen-firming-night-cream-50ml\/#primaryimage","url":"https:\/\/alcedrix.com\/wp-content\/uploads\/2024\/11\/SuperFacialistVeganCollagenOvernightResyncNightCreamProductimage_box_2048x20481.jpg","contentUrl":"https:\/\/alcedrix.com\/wp-content\/uploads\/2024\/11\/SuperFacialistVeganCollagenOvernightResyncNightCreamProductimage_box_2048x20481.jpg","width":1000,"height":1000},{"@type":"BreadcrumbList","@id":"https:\/\/alcedrix.com\/shop\/super-facialist-collagen-firming-night-cream-50ml\/#breadcrumb","itemListElement":[{"@type":"ListItem","position":1,"name":"Home","item":"https:\/\/alcedrix.com\/"},{"@type":"ListItem","position":2,"name":"Shop","item":"https:\/\/alcedrix.com\/shop\/"},{"@type":"ListItem","position":3,"name":"Super Facialist Collagen+ Firming Night Cream 50ml"}]},{"@type":"WebSite","@id":"https:\/\/alcedrix.com\/#website","url":"https:\/\/alcedrix.com\/","name":"Alcedrix","description":"Alcedrix","publisher":{"@id":"https:\/\/alcedrix.com\/#organization"},"potentialAction":[{"@type":"SearchAction","target":{"@type":"EntryPoint","urlTemplate":"https:\/\/alcedrix.com\/?s={search_term_string}"},"query-input":{"@type":"PropertyValueSpecification","valueRequired":true,"valueName":"search_term_string"}}],"inLanguage":"sq"},{"@type":"Organization","@id":"https:\/\/alcedrix.com\/#organization","name":"Alcedrix","url":"https:\/\/alcedrix.com\/","logo":{"@type":"ImageObject","inLanguage":"sq","@id":"https:\/\/alcedrix.com\/#\/schema\/logo\/image\/","url":"http:\/\/3.126.27.25\/wp-content\/uploads\/2023\/08\/logo-web.png","contentUrl":"http:\/\/3.126.27.25\/wp-content\/uploads\/2023\/08\/logo-web.png","width":492,"height":93,"caption":"Alcedrix"},"image":{"@id":"https:\/\/alcedrix.com\/#\/schema\/logo\/image\/"},"sameAs":["https:\/\/www.facebook.com\/alcedrix","https:\/\/www.instagram.com\/alcedrix"]}]}},"_links":{"self":[{"href":"https:\/\/alcedrix.com\/sq\/wp-json\/wp\/v2\/product\/9710"}],"collection":[{"href":"https:\/\/alcedrix.com\/sq\/wp-json\/wp\/v2\/product"}],"about":[{"href":"https:\/\/alcedrix.com\/sq\/wp-json\/wp\/v2\/types\/product"}],"version-history":[{"count":0,"href":"https:\/\/alcedrix.com\/sq\/wp-json\/wp\/v2\/product\/9710\/revisions"}],"wp:featuredmedia":[{"embeddable":true,"href":"https:\/\/alcedrix.com\/sq\/wp-json\/wp\/v2\/media\/9711"}],"wp:attachment":[{"href":"https:\/\/alcedrix.com\/sq\/wp-json\/wp\/v2\/media?parent=9710"}],"wp:term":[{"taxonomy":"product_cat","embeddable":true,"href":"https:\/\/alcedrix.com\/sq\/wp-json\/wp\/v2\/product_cat?post=9710"},{"taxonomy":"product_tag","embeddable":true,"href":"https:\/\/alcedrix.com\/sq\/wp-json\/wp\/v2\/product_tag?post=9710"}],"curies":[{"name":"wp","href":"https:\/\/api.w.org\/{rel}","templated":true}]}}