{"id":9708,"date":"2024-11-07T08:43:07","date_gmt":"2024-11-07T08:43:07","guid":{"rendered":"http:\/\/3.126.27.25\/?post_type=product&#038;p=9708"},"modified":"2024-11-15T09:06:05","modified_gmt":"2024-11-15T09:06:05","slug":"super-facialist-collagen-firming-day-cream-50ml","status":"publish","type":"product","link":"https:\/\/alcedrix.com\/sq\/shop\/super-facialist-collagen-firming-day-cream-50ml\/","title":{"rendered":"Super Facialist Collagen+ Firming Day Cream 50ml"},"content":{"rendered":"<p>Ndihmoni n\u00eb rivendosjen e shk\u00eblqimit rinor t\u00eb l\u00ebkur\u00ebs tuaj me Krem\u00ebn Ditore Super Smooth Vegan Collagen t\u00eb fuqizuar nga deti. E formuluar me nj\u00eb Kompleks t\u00eb ve\u00e7ant\u00eb Marine-Bio q\u00eb kombinon Acidin Hialuronik dhe Ekstraktin e Algave t\u00eb Kuqe t\u00eb buruara n\u00eb m\u00ebnyr\u00eb t\u00eb q\u00ebndrueshme. Ky krem i but\u00eb si m\u00ebndafshi ndihmon n\u00eb forcimin dhe hidratimin e l\u00ebkur\u00ebs tuaj p\u00ebr t\u00eb rikthyer shk\u00eblqimin e saj rinor.<\/p>\n<p>&nbsp;<\/p>\n<p>Duke shfryt\u00ebzuar fuqin\u00eb e natyr\u00ebs, kemi p\u00ebrfshir\u00eb kolagjenin me baz\u00eb bimore t\u00eb nxjerr\u00eb nga l\u00ebngu i Pem\u00ebs Acacia. Kolagjeni vegan \u00ebsht\u00eb i njohur p\u00ebr aft\u00ebsin\u00eb e tij p\u00ebr t\u00eb mb\u00ebshtetur elasticitetin e l\u00ebkur\u00ebs dhe p\u00ebr t\u00eb synuar shenjat e hershme dhe ekzistuese t\u00eb plakjes. P\u00ebr nj\u00eb forcim t\u00eb l\u00ebkur\u00ebs, Krema Ditore Super Smooth Vegan Collagen \u00ebsht\u00eb e pasuruar me nj\u00eb p\u00ebrzierje p\u00ebrb\u00ebr\u00ebsish q\u00eb rinovojn\u00eb l\u00ebkur\u00ebn.<\/p>\n<p>&nbsp;<\/p>\n<p>Duke p\u00ebrzier nj\u00eb Tetrapeptid q\u00eb fryn l\u00ebkur\u00ebn, Hibiskusin e pasur me antioksidant\u00eb dhe Bakrin q\u00eb ndihmon n\u00eb formimin e elastin\u00ebs, kjo p\u00ebrb\u00ebrje ndihmon n\u00eb p\u00ebrmir\u00ebsimin e barrier\u00ebs s\u00eb l\u00ebkur\u00ebs, duke e hidratuar dhe zbutur at\u00eb. K\u00ebta p\u00ebrb\u00ebr\u00ebs t\u00eb fuqish\u00ebm punojn\u00eb s\u00eb bashku p\u00ebr t\u00eb reduktuar dukjen e vijave t\u00eb imta dhe rrudhave p\u00ebr nj\u00eb pamje rinore dhe t\u00eb rivendosur t\u00eb l\u00ebkur\u00ebs.<\/p>\n<p>&nbsp;<\/p>\n<p><strong>K\u00ebshilla Ekspert\u00ebve p\u00ebr Kujdesin e L\u00ebkur\u00ebs<\/strong><br \/>\n&#8220;L\u00ebreni kremin t\u00eb p\u00ebrthithet plot\u00ebsisht p\u00ebrpara se t\u00eb aplikoni make-up ose t\u00eb dilni jasht\u00eb p\u00ebr t\u00eb siguruar nj\u00eb aplikim t\u00eb but\u00eb dhe p\u00ebrthithjen e produktit. Gjithmon\u00eb vazhdoni me mbrojtjen SPF p\u00ebr t\u00eb mbrojtur l\u00ebkur\u00ebn nga rrezet e d\u00ebmshme UV.&#8221;<br \/>\n<strong>Charlotte Connoley, Ekspertja jon\u00eb Rezidente p\u00ebr Kujdesin e L\u00ebkur\u00ebs<\/strong><\/p>\n<p>&nbsp;<\/p>\n<p><strong>Si t\u00eb p\u00ebrdorni<\/strong><br \/>\nAplikoni n\u00eb fytyr\u00eb, qaf\u00eb dhe dekolte t\u00eb pastruar \u00e7do m\u00ebngjes.<\/p>","protected":false},"excerpt":{"rendered":"<p><span style=\"color: #00bfff; --darkreader-inline-color: #bf40bf;\" data-darkreader-inline-color=\"\"><strong>\u2714Fryrje e L\u00ebkur\u00ebs \u00a0 \u2714Synon Rrudhat \u2714Forcon \u2714Testuar Dermatologjikisht<\/strong><\/span><\/p>\n<p>&nbsp;<\/p>\n<style type=\"text\/css\">\n\t#foogallery-gallery-9952 .fg-image {\n        width: 150px;\n    }\n<\/style>\n<div class=\"foogallery foogallery-container foogallery-default foogallery-lightbox-foogallery fg-gutter-10 fg-center fg-default fg-light fg-border-thin fg-shadow-outline fg-loading-default fg-loaded-fade-in fg-caption-hover fg-hover-fade fg-hover-zoom fg-ready\" id=\"foogallery-gallery-9952\" data-foogallery=\"{&quot;item&quot;:{&quot;showCaptionTitle&quot;:true,&quot;showCaptionDescription&quot;:true},&quot;lazy&quot;:true}\" data-foogallery-lightbox=\"{&quot;thumbs&quot;:&quot;bottom&quot;,&quot;thumbsCaptions&quot;:false,&quot;thumbsBestFit&quot;:false,&quot;thumbsSmall&quot;:false,&quot;thumbsCaptionsAlign&quot;:&quot;default&quot;,&quot;info&quot;:&quot;bottom&quot;,&quot;infoVisible&quot;:true,&quot;infoOverlay&quot;:true,&quot;infoAlign&quot;:&quot;default&quot;,&quot;transition&quot;:&quot;fade&quot;,&quot;hoverButtons&quot;:false,&quot;fitMedia&quot;:false,&quot;noScrollbars&quot;:true,&quot;preserveButtonSpace&quot;:true,&quot;buttons&quot;:{&quot;fullscreen&quot;:true,&quot;info&quot;:true,&quot;thumbs&quot;:false},&quot;video&quot;:{&quot;autoPlay&quot;:true}}\" >\n<div class=\"fg-item fg-type-image fg-idle\">\n<figure class=\"fg-item-inner\"><a href=\"https:\/\/alcedrix.com\/wp-content\/uploads\/2024\/11\/SuperFacialistVeganCollagenModelwithDay_NightCreams_a62d4389-36fd-45db-a5b6-12bcf47ab8aa_720x1.jpg\" data-attachment-id=\"9953\" data-type=\"image\" class=\"fg-thumb\"><span class=\"fg-image-wrap\"><img decoding=\"async\" width=\"150\" height=\"150\" class=\"skip-lazy fg-image\" data-src-fg=\"https:\/\/alcedrix.com\/wp-content\/uploads\/cache\/2024\/11\/SuperFacialistVeganCollagenModelwithDay_NightCreams_a62d4389-36fd-45db-a5b6-12bcf47ab8aa_720x1\/1941741035.jpg\" src=\"data:image\/svg+xml,%3Csvg%20xmlns%3D%22http%3A%2F%2Fwww.w3.org%2F2000%2Fsvg%22%20width%3D%22150%22%20height%3D%22150%22%20viewBox%3D%220%200%20150%20150%22%3E%3C%2Fsvg%3E\" loading=\"eager\"><\/span><span class=\"fg-image-overlay\"><\/span><\/a><figcaption class=\"fg-caption\">\n<div class=\"fg-caption-inner\"><\/div>\n<\/figcaption><\/figure>\n<div class=\"fg-loader\"><\/div>\n<\/div>\n<div class=\"fg-item fg-type-image fg-idle\">\n<figure class=\"fg-item-inner\"><a href=\"https:\/\/alcedrix.com\/wp-content\/uploads\/2024\/11\/vegan-collagen-day-cream-50ml-superfacialist-product-benefits_720x1.jpg\" data-attachment-id=\"9954\" data-type=\"image\" class=\"fg-thumb\"><span class=\"fg-image-wrap\"><img decoding=\"async\" width=\"150\" height=\"150\" class=\"skip-lazy fg-image\" data-src-fg=\"https:\/\/alcedrix.com\/wp-content\/uploads\/cache\/2024\/11\/vegan-collagen-day-cream-50ml-superfacialist-product-benefits_720x1\/1839693105.jpg\" src=\"data:image\/svg+xml,%3Csvg%20xmlns%3D%22http%3A%2F%2Fwww.w3.org%2F2000%2Fsvg%22%20width%3D%22150%22%20height%3D%22150%22%20viewBox%3D%220%200%20150%20150%22%3E%3C%2Fsvg%3E\" loading=\"eager\"><\/span><span class=\"fg-image-overlay\"><\/span><\/a><figcaption class=\"fg-caption\">\n<div class=\"fg-caption-inner\"><\/div>\n<\/figcaption><\/figure>\n<div class=\"fg-loader\"><\/div>\n<\/div>\n<div class=\"fg-item fg-type-image fg-idle\">\n<figure class=\"fg-item-inner\"><a href=\"https:\/\/alcedrix.com\/wp-content\/uploads\/2024\/11\/DayCreamTransitionAsset_720x1.jpg\" data-attachment-id=\"9955\" data-type=\"image\" class=\"fg-thumb\"><span class=\"fg-image-wrap\"><img decoding=\"async\" width=\"150\" height=\"150\" class=\"skip-lazy fg-image\" data-src-fg=\"https:\/\/alcedrix.com\/wp-content\/uploads\/cache\/2024\/11\/DayCreamTransitionAsset_720x1\/1339868186.jpg\" src=\"data:image\/svg+xml,%3Csvg%20xmlns%3D%22http%3A%2F%2Fwww.w3.org%2F2000%2Fsvg%22%20width%3D%22150%22%20height%3D%22150%22%20viewBox%3D%220%200%20150%20150%22%3E%3C%2Fsvg%3E\" loading=\"eager\"><\/span><span class=\"fg-image-overlay\"><\/span><\/a><figcaption class=\"fg-caption\">\n<div class=\"fg-caption-inner\"><\/div>\n<\/figcaption><\/figure>\n<div class=\"fg-loader\"><\/div>\n<\/div>\n<div class=\"fg-item fg-type-image fg-idle\">\n<figure class=\"fg-item-inner\"><a href=\"https:\/\/alcedrix.com\/wp-content\/uploads\/2024\/11\/super-facialist-vegan-collagen-hydrating-day-cream-for-fine-lines-hut-results-3_720x1.jpg\" data-attachment-id=\"9956\" data-type=\"image\" class=\"fg-thumb\"><span class=\"fg-image-wrap\"><img decoding=\"async\" width=\"150\" height=\"150\" class=\"skip-lazy fg-image\" data-src-fg=\"https:\/\/alcedrix.com\/wp-content\/uploads\/cache\/2024\/11\/super-facialist-vegan-collagen-hydrating-day-cream-for-fine-lines-hut-results-3_720x1\/3846011273.jpg\" src=\"data:image\/svg+xml,%3Csvg%20xmlns%3D%22http%3A%2F%2Fwww.w3.org%2F2000%2Fsvg%22%20width%3D%22150%22%20height%3D%22150%22%20viewBox%3D%220%200%20150%20150%22%3E%3C%2Fsvg%3E\" loading=\"eager\"><\/span><span class=\"fg-image-overlay\"><\/span><\/a><figcaption class=\"fg-caption\">\n<div class=\"fg-caption-inner\"><\/div>\n<\/figcaption><\/figure>\n<div class=\"fg-loader\"><\/div>\n<\/div>\n<div class=\"fg-item fg-type-image fg-idle\">\n<figure class=\"fg-item-inner\"><a href=\"https:\/\/alcedrix.com\/wp-content\/uploads\/2024\/11\/super-facialist-vegan-collagen-day-cream-review-before-after-results_720x1.jpg\" data-attachment-id=\"9957\" data-type=\"image\" class=\"fg-thumb\"><span class=\"fg-image-wrap\"><img decoding=\"async\" width=\"150\" height=\"150\" class=\"skip-lazy fg-image\" data-src-fg=\"https:\/\/alcedrix.com\/wp-content\/uploads\/cache\/2024\/11\/super-facialist-vegan-collagen-day-cream-review-before-after-results_720x1\/2138350439.jpg\" src=\"data:image\/svg+xml,%3Csvg%20xmlns%3D%22http%3A%2F%2Fwww.w3.org%2F2000%2Fsvg%22%20width%3D%22150%22%20height%3D%22150%22%20viewBox%3D%220%200%20150%20150%22%3E%3C%2Fsvg%3E\" loading=\"eager\"><\/span><span class=\"fg-image-overlay\"><\/span><\/a><figcaption class=\"fg-caption\">\n<div class=\"fg-caption-inner\"><\/div>\n<\/figcaption><\/figure>\n<div class=\"fg-loader\"><\/div>\n<\/div>\n<div class=\"fg-item fg-type-image fg-idle\">\n<figure class=\"fg-item-inner\"><a href=\"https:\/\/alcedrix.com\/wp-content\/uploads\/2024\/11\/vegan-collagen-day-cream-50ml-hydrated-skin-short-benefit_720x1.jpg\" data-attachment-id=\"9958\" data-type=\"image\" class=\"fg-thumb\"><span class=\"fg-image-wrap\"><img decoding=\"async\" width=\"150\" height=\"150\" class=\"skip-lazy fg-image\" data-src-fg=\"https:\/\/alcedrix.com\/wp-content\/uploads\/cache\/2024\/11\/vegan-collagen-day-cream-50ml-hydrated-skin-short-benefit_720x1\/3893335734.jpg\" src=\"data:image\/svg+xml,%3Csvg%20xmlns%3D%22http%3A%2F%2Fwww.w3.org%2F2000%2Fsvg%22%20width%3D%22150%22%20height%3D%22150%22%20viewBox%3D%220%200%20150%20150%22%3E%3C%2Fsvg%3E\" loading=\"eager\"><\/span><span class=\"fg-image-overlay\"><\/span><\/a><figcaption class=\"fg-caption\">\n<div class=\"fg-caption-inner\"><\/div>\n<\/figcaption><\/figure>\n<div class=\"fg-loader\"><\/div>\n<\/div>\n<div class=\"fg-item fg-type-image fg-idle\">\n<figure class=\"fg-item-inner\"><a href=\"https:\/\/alcedrix.com\/wp-content\/uploads\/2024\/11\/VeganCollagenSuperSmoothDayCream50mlModelshotwithproduct_720x1.jpg\" data-attachment-id=\"9959\" data-type=\"image\" class=\"fg-thumb\"><span class=\"fg-image-wrap\"><img decoding=\"async\" width=\"150\" height=\"150\" class=\"skip-lazy fg-image\" data-src-fg=\"https:\/\/alcedrix.com\/wp-content\/uploads\/cache\/2024\/11\/VeganCollagenSuperSmoothDayCream50mlModelshotwithproduct_720x1\/1579312533.jpg\" src=\"data:image\/svg+xml,%3Csvg%20xmlns%3D%22http%3A%2F%2Fwww.w3.org%2F2000%2Fsvg%22%20width%3D%22150%22%20height%3D%22150%22%20viewBox%3D%220%200%20150%20150%22%3E%3C%2Fsvg%3E\" loading=\"eager\"><\/span><span class=\"fg-image-overlay\"><\/span><\/a><figcaption class=\"fg-caption\">\n<div class=\"fg-caption-inner\"><\/div>\n<\/figcaption><\/figure>\n<div class=\"fg-loader\"><\/div>\n<\/div>\n<div class=\"fg-item fg-type-image fg-idle\">\n<figure class=\"fg-item-inner\"><a href=\"https:\/\/alcedrix.com\/wp-content\/uploads\/2024\/11\/vegan-collagen-plumping-super-smooth-day-cream-for-fine-lines-hut-result-1_720x1.jpg\" data-attachment-id=\"9960\" data-type=\"image\" class=\"fg-thumb\"><span class=\"fg-image-wrap\"><img decoding=\"async\" width=\"150\" height=\"150\" class=\"skip-lazy fg-image\" data-src-fg=\"https:\/\/alcedrix.com\/wp-content\/uploads\/cache\/2024\/11\/vegan-collagen-plumping-super-smooth-day-cream-for-fine-lines-hut-result-1_720x1\/2740336061.jpg\" src=\"data:image\/svg+xml,%3Csvg%20xmlns%3D%22http%3A%2F%2Fwww.w3.org%2F2000%2Fsvg%22%20width%3D%22150%22%20height%3D%22150%22%20viewBox%3D%220%200%20150%20150%22%3E%3C%2Fsvg%3E\" loading=\"eager\"><\/span><span class=\"fg-image-overlay\"><\/span><\/a><figcaption class=\"fg-caption\">\n<div class=\"fg-caption-inner\"><\/div>\n<\/figcaption><\/figure>\n<div class=\"fg-loader\"><\/div>\n<\/div>\n<div class=\"fg-item fg-type-image fg-idle\">\n<figure class=\"fg-item-inner\"><a href=\"https:\/\/alcedrix.com\/wp-content\/uploads\/2024\/11\/super-facialist-vegan-collagen-suitable-for-all-skin-types_5aa96635-c60e-45ff-8b1a-d68cf27dd15a_720x1.jpg\" data-attachment-id=\"9961\" data-type=\"image\" class=\"fg-thumb\"><span class=\"fg-image-wrap\"><img decoding=\"async\" width=\"150\" height=\"150\" class=\"skip-lazy fg-image\" data-src-fg=\"https:\/\/alcedrix.com\/wp-content\/uploads\/cache\/2024\/11\/super-facialist-vegan-collagen-suitable-for-all-skin-types_5aa96635-c60e-45ff-8b1a-d68cf27dd15a_720x1\/1251881939.jpg\" src=\"data:image\/svg+xml,%3Csvg%20xmlns%3D%22http%3A%2F%2Fwww.w3.org%2F2000%2Fsvg%22%20width%3D%22150%22%20height%3D%22150%22%20viewBox%3D%220%200%20150%20150%22%3E%3C%2Fsvg%3E\" loading=\"eager\"><\/span><span class=\"fg-image-overlay\"><\/span><\/a><figcaption class=\"fg-caption\">\n<div class=\"fg-caption-inner\"><\/div>\n<\/figcaption><\/figure>\n<div class=\"fg-loader\"><\/div>\n<\/div>\n<div class=\"fg-item fg-type-image fg-idle\">\n<figure class=\"fg-item-inner\"><a href=\"https:\/\/alcedrix.com\/wp-content\/uploads\/2024\/11\/VeganCollagenSuperSmoothDayCream50mlModelhandshot_720x1.jpg\" data-attachment-id=\"9962\" data-type=\"image\" class=\"fg-thumb\"><span class=\"fg-image-wrap\"><img decoding=\"async\" width=\"150\" height=\"150\" class=\"skip-lazy fg-image\" data-src-fg=\"https:\/\/alcedrix.com\/wp-content\/uploads\/cache\/2024\/11\/VeganCollagenSuperSmoothDayCream50mlModelhandshot_720x1\/3813318499.jpg\" src=\"data:image\/svg+xml,%3Csvg%20xmlns%3D%22http%3A%2F%2Fwww.w3.org%2F2000%2Fsvg%22%20width%3D%22150%22%20height%3D%22150%22%20viewBox%3D%220%200%20150%20150%22%3E%3C%2Fsvg%3E\" loading=\"eager\"><\/span><span class=\"fg-image-overlay\"><\/span><\/a><figcaption class=\"fg-caption\">\n<div class=\"fg-caption-inner\"><\/div>\n<\/figcaption><\/figure>\n<div class=\"fg-loader\"><\/div>\n<\/div>\n<div class=\"fg-item fg-type-image fg-idle\">\n<figure class=\"fg-item-inner\"><a href=\"https:\/\/alcedrix.com\/wp-content\/uploads\/2024\/11\/super-facialist-vegan-collagen-hydrating-day-cream-for-fine-lines-hut-results-2_720x1.jpg\" data-attachment-id=\"9963\" data-type=\"image\" class=\"fg-thumb\"><span class=\"fg-image-wrap\"><img decoding=\"async\" width=\"150\" height=\"150\" class=\"skip-lazy fg-image\" data-src-fg=\"https:\/\/alcedrix.com\/wp-content\/uploads\/cache\/2024\/11\/super-facialist-vegan-collagen-hydrating-day-cream-for-fine-lines-hut-results-2_720x1\/4245723283.jpg\" src=\"data:image\/svg+xml,%3Csvg%20xmlns%3D%22http%3A%2F%2Fwww.w3.org%2F2000%2Fsvg%22%20width%3D%22150%22%20height%3D%22150%22%20viewBox%3D%220%200%20150%20150%22%3E%3C%2Fsvg%3E\" loading=\"eager\"><\/span><span class=\"fg-image-overlay\"><\/span><\/a><figcaption class=\"fg-caption\">\n<div class=\"fg-caption-inner\"><\/div>\n<\/figcaption><\/figure>\n<div class=\"fg-loader\"><\/div>\n<\/div>\n<div class=\"fg-item fg-type-image fg-idle\">\n<figure class=\"fg-item-inner\"><a href=\"https:\/\/alcedrix.com\/wp-content\/uploads\/2024\/11\/vegan-collagen-super-facialist-skincare-routine-firming-for-fine-lines-and-wrinkles_4bf968b5-004d-484e-818a-05ea53e1fd14_720x1.jpg\" data-attachment-id=\"9964\" data-type=\"image\" class=\"fg-thumb\"><span class=\"fg-image-wrap\"><img decoding=\"async\" width=\"150\" height=\"150\" class=\"skip-lazy fg-image\" data-src-fg=\"https:\/\/alcedrix.com\/wp-content\/uploads\/cache\/2024\/11\/vegan-collagen-super-facialist-skincare-routine-firming-for-fine-lines-and-wrinkles_4bf968b5-004d-484e-818a-05ea53e1fd14_720x1\/1121085695.jpg\" src=\"data:image\/svg+xml,%3Csvg%20xmlns%3D%22http%3A%2F%2Fwww.w3.org%2F2000%2Fsvg%22%20width%3D%22150%22%20height%3D%22150%22%20viewBox%3D%220%200%20150%20150%22%3E%3C%2Fsvg%3E\" loading=\"eager\"><\/span><span class=\"fg-image-overlay\"><\/span><\/a><figcaption class=\"fg-caption\">\n<div class=\"fg-caption-inner\"><\/div>\n<\/figcaption><\/figure>\n<div class=\"fg-loader\"><\/div>\n<\/div>\n<\/div>","protected":false},"featured_media":9709,"template":"","meta":[],"product_cat":[157,154],"product_tag":[],"class_list":{"0":"post-9708","1":"product","2":"type-product","3":"status-publish","4":"has-post-thumbnail","6":"product_cat-face-care","7":"product_cat-superfacialist","9":"first","10":"instock","11":"taxable","12":"shipping-taxable","13":"purchasable","14":"product-type-simple"},"yoast_head":"<!-- This site is optimized with the Yoast SEO plugin v23.6 - https:\/\/yoast.com\/wordpress\/plugins\/seo\/ -->\n<title>Super Facialist Collagen+ Firming Day Cream 50ml - Alcedrix<\/title>\n<meta name=\"robots\" content=\"index, follow, max-snippet:-1, max-image-preview:large, max-video-preview:-1\" \/>\n<link rel=\"canonical\" href=\"http:\/\/alcedrix.com\/sq\/shop\/super-facialist-collagen-firming-day-cream-50ml\/\" \/>\n<meta property=\"og:locale\" content=\"sq_AL\" \/>\n<meta property=\"og:type\" content=\"article\" \/>\n<meta property=\"og:title\" content=\"Super Facialist Collagen+ Firming Day Cream 50ml - Alcedrix\" \/>\n<meta property=\"og:description\" content=\"\u2714Fryrje e L\u00ebkur\u00ebs \u00a0 \u2714Synon Rrudhat \u2714Forcon \u2714Testuar Dermatologjikisht  &nbsp;\" \/>\n<meta property=\"og:url\" content=\"http:\/\/alcedrix.com\/sq\/shop\/super-facialist-collagen-firming-day-cream-50ml\/\" \/>\n<meta property=\"og:site_name\" content=\"Alcedrix\" \/>\n<meta property=\"article:publisher\" content=\"https:\/\/www.facebook.com\/alcedrix\" \/>\n<meta property=\"article:modified_time\" content=\"2024-11-15T09:06:05+00:00\" \/>\n<meta property=\"og:image\" content=\"http:\/\/alcedrix.com\/wp-content\/uploads\/2024\/11\/VeganCollagenSuperSmoothDayCream50mlProductImagewithbox_2048x20481.jpg\" \/>\n\t<meta property=\"og:image:width\" content=\"1000\" \/>\n\t<meta property=\"og:image:height\" content=\"1000\" \/>\n\t<meta property=\"og:image:type\" content=\"image\/jpeg\" \/>\n<meta name=\"twitter:card\" content=\"summary_large_image\" \/>\n<meta name=\"twitter:label1\" content=\"Est. reading time\" \/>\n\t<meta name=\"twitter:data1\" content=\"2 minuta\" \/>\n<script type=\"application\/ld+json\" class=\"yoast-schema-graph\">{\"@context\":\"https:\/\/schema.org\",\"@graph\":[{\"@type\":\"WebPage\",\"@id\":\"http:\/\/alcedrix.com\/shop\/super-facialist-collagen-firming-day-cream-50ml\/\",\"url\":\"http:\/\/alcedrix.com\/shop\/super-facialist-collagen-firming-day-cream-50ml\/\",\"name\":\"Super Facialist Collagen+ Firming Day Cream 50ml - Alcedrix\",\"isPartOf\":{\"@id\":\"https:\/\/alcedrix.com\/#website\"},\"primaryImageOfPage\":{\"@id\":\"http:\/\/alcedrix.com\/shop\/super-facialist-collagen-firming-day-cream-50ml\/#primaryimage\"},\"image\":{\"@id\":\"http:\/\/alcedrix.com\/shop\/super-facialist-collagen-firming-day-cream-50ml\/#primaryimage\"},\"thumbnailUrl\":\"https:\/\/alcedrix.com\/wp-content\/uploads\/2024\/11\/VeganCollagenSuperSmoothDayCream50mlProductImagewithbox_2048x20481.jpg\",\"datePublished\":\"2024-11-07T08:43:07+00:00\",\"dateModified\":\"2024-11-15T09:06:05+00:00\",\"breadcrumb\":{\"@id\":\"http:\/\/alcedrix.com\/shop\/super-facialist-collagen-firming-day-cream-50ml\/#breadcrumb\"},\"inLanguage\":\"sq\",\"potentialAction\":[{\"@type\":\"ReadAction\",\"target\":[\"http:\/\/alcedrix.com\/shop\/super-facialist-collagen-firming-day-cream-50ml\/\"]}]},{\"@type\":\"ImageObject\",\"inLanguage\":\"sq\",\"@id\":\"http:\/\/alcedrix.com\/shop\/super-facialist-collagen-firming-day-cream-50ml\/#primaryimage\",\"url\":\"https:\/\/alcedrix.com\/wp-content\/uploads\/2024\/11\/VeganCollagenSuperSmoothDayCream50mlProductImagewithbox_2048x20481.jpg\",\"contentUrl\":\"https:\/\/alcedrix.com\/wp-content\/uploads\/2024\/11\/VeganCollagenSuperSmoothDayCream50mlProductImagewithbox_2048x20481.jpg\",\"width\":1000,\"height\":1000},{\"@type\":\"BreadcrumbList\",\"@id\":\"http:\/\/alcedrix.com\/shop\/super-facialist-collagen-firming-day-cream-50ml\/#breadcrumb\",\"itemListElement\":[{\"@type\":\"ListItem\",\"position\":1,\"name\":\"Home\",\"item\":\"https:\/\/alcedrix.com\/\"},{\"@type\":\"ListItem\",\"position\":2,\"name\":\"Shop\",\"item\":\"https:\/\/alcedrix.com\/shop\/\"},{\"@type\":\"ListItem\",\"position\":3,\"name\":\"Super Facialist Collagen+ Firming Day Cream 50ml\"}]},{\"@type\":\"WebSite\",\"@id\":\"https:\/\/alcedrix.com\/#website\",\"url\":\"https:\/\/alcedrix.com\/\",\"name\":\"Alcedrix\",\"description\":\"Alcedrix\",\"publisher\":{\"@id\":\"https:\/\/alcedrix.com\/#organization\"},\"potentialAction\":[{\"@type\":\"SearchAction\",\"target\":{\"@type\":\"EntryPoint\",\"urlTemplate\":\"https:\/\/alcedrix.com\/?s={search_term_string}\"},\"query-input\":{\"@type\":\"PropertyValueSpecification\",\"valueRequired\":true,\"valueName\":\"search_term_string\"}}],\"inLanguage\":\"sq\"},{\"@type\":\"Organization\",\"@id\":\"https:\/\/alcedrix.com\/#organization\",\"name\":\"Alcedrix\",\"url\":\"https:\/\/alcedrix.com\/\",\"logo\":{\"@type\":\"ImageObject\",\"inLanguage\":\"sq\",\"@id\":\"https:\/\/alcedrix.com\/#\/schema\/logo\/image\/\",\"url\":\"http:\/\/3.126.27.25\/wp-content\/uploads\/2023\/08\/logo-web.png\",\"contentUrl\":\"http:\/\/3.126.27.25\/wp-content\/uploads\/2023\/08\/logo-web.png\",\"width\":492,\"height\":93,\"caption\":\"Alcedrix\"},\"image\":{\"@id\":\"https:\/\/alcedrix.com\/#\/schema\/logo\/image\/\"},\"sameAs\":[\"https:\/\/www.facebook.com\/alcedrix\",\"https:\/\/www.instagram.com\/alcedrix\"]}]}<\/script>\n<!-- \/ Yoast SEO plugin. -->","yoast_head_json":{"title":"Super Facialist Collagen+ Firming Day Cream 50ml - Alcedrix","robots":{"index":"index","follow":"follow","max-snippet":"max-snippet:-1","max-image-preview":"max-image-preview:large","max-video-preview":"max-video-preview:-1"},"canonical":"http:\/\/alcedrix.com\/sq\/shop\/super-facialist-collagen-firming-day-cream-50ml\/","og_locale":"sq_AL","og_type":"article","og_title":"Super Facialist Collagen+ Firming Day Cream 50ml - Alcedrix","og_description":"\u2714Fryrje e L\u00ebkur\u00ebs \u00a0 \u2714Synon Rrudhat \u2714Forcon \u2714Testuar Dermatologjikisht  &nbsp;","og_url":"http:\/\/alcedrix.com\/sq\/shop\/super-facialist-collagen-firming-day-cream-50ml\/","og_site_name":"Alcedrix","article_publisher":"https:\/\/www.facebook.com\/alcedrix","article_modified_time":"2024-11-15T09:06:05+00:00","og_image":[{"width":1000,"height":1000,"url":"http:\/\/alcedrix.com\/wp-content\/uploads\/2024\/11\/VeganCollagenSuperSmoothDayCream50mlProductImagewithbox_2048x20481.jpg","type":"image\/jpeg"}],"twitter_card":"summary_large_image","twitter_misc":{"Est. reading time":"2 minuta"},"schema":{"@context":"https:\/\/schema.org","@graph":[{"@type":"WebPage","@id":"http:\/\/alcedrix.com\/shop\/super-facialist-collagen-firming-day-cream-50ml\/","url":"http:\/\/alcedrix.com\/shop\/super-facialist-collagen-firming-day-cream-50ml\/","name":"Super Facialist Collagen+ Firming Day Cream 50ml - Alcedrix","isPartOf":{"@id":"https:\/\/alcedrix.com\/#website"},"primaryImageOfPage":{"@id":"http:\/\/alcedrix.com\/shop\/super-facialist-collagen-firming-day-cream-50ml\/#primaryimage"},"image":{"@id":"http:\/\/alcedrix.com\/shop\/super-facialist-collagen-firming-day-cream-50ml\/#primaryimage"},"thumbnailUrl":"https:\/\/alcedrix.com\/wp-content\/uploads\/2024\/11\/VeganCollagenSuperSmoothDayCream50mlProductImagewithbox_2048x20481.jpg","datePublished":"2024-11-07T08:43:07+00:00","dateModified":"2024-11-15T09:06:05+00:00","breadcrumb":{"@id":"http:\/\/alcedrix.com\/shop\/super-facialist-collagen-firming-day-cream-50ml\/#breadcrumb"},"inLanguage":"sq","potentialAction":[{"@type":"ReadAction","target":["http:\/\/alcedrix.com\/shop\/super-facialist-collagen-firming-day-cream-50ml\/"]}]},{"@type":"ImageObject","inLanguage":"sq","@id":"http:\/\/alcedrix.com\/shop\/super-facialist-collagen-firming-day-cream-50ml\/#primaryimage","url":"https:\/\/alcedrix.com\/wp-content\/uploads\/2024\/11\/VeganCollagenSuperSmoothDayCream50mlProductImagewithbox_2048x20481.jpg","contentUrl":"https:\/\/alcedrix.com\/wp-content\/uploads\/2024\/11\/VeganCollagenSuperSmoothDayCream50mlProductImagewithbox_2048x20481.jpg","width":1000,"height":1000},{"@type":"BreadcrumbList","@id":"http:\/\/alcedrix.com\/shop\/super-facialist-collagen-firming-day-cream-50ml\/#breadcrumb","itemListElement":[{"@type":"ListItem","position":1,"name":"Home","item":"https:\/\/alcedrix.com\/"},{"@type":"ListItem","position":2,"name":"Shop","item":"https:\/\/alcedrix.com\/shop\/"},{"@type":"ListItem","position":3,"name":"Super Facialist Collagen+ Firming Day Cream 50ml"}]},{"@type":"WebSite","@id":"https:\/\/alcedrix.com\/#website","url":"https:\/\/alcedrix.com\/","name":"Alcedrix","description":"Alcedrix","publisher":{"@id":"https:\/\/alcedrix.com\/#organization"},"potentialAction":[{"@type":"SearchAction","target":{"@type":"EntryPoint","urlTemplate":"https:\/\/alcedrix.com\/?s={search_term_string}"},"query-input":{"@type":"PropertyValueSpecification","valueRequired":true,"valueName":"search_term_string"}}],"inLanguage":"sq"},{"@type":"Organization","@id":"https:\/\/alcedrix.com\/#organization","name":"Alcedrix","url":"https:\/\/alcedrix.com\/","logo":{"@type":"ImageObject","inLanguage":"sq","@id":"https:\/\/alcedrix.com\/#\/schema\/logo\/image\/","url":"http:\/\/3.126.27.25\/wp-content\/uploads\/2023\/08\/logo-web.png","contentUrl":"http:\/\/3.126.27.25\/wp-content\/uploads\/2023\/08\/logo-web.png","width":492,"height":93,"caption":"Alcedrix"},"image":{"@id":"https:\/\/alcedrix.com\/#\/schema\/logo\/image\/"},"sameAs":["https:\/\/www.facebook.com\/alcedrix","https:\/\/www.instagram.com\/alcedrix"]}]}},"_links":{"self":[{"href":"https:\/\/alcedrix.com\/sq\/wp-json\/wp\/v2\/product\/9708"}],"collection":[{"href":"https:\/\/alcedrix.com\/sq\/wp-json\/wp\/v2\/product"}],"about":[{"href":"https:\/\/alcedrix.com\/sq\/wp-json\/wp\/v2\/types\/product"}],"version-history":[{"count":0,"href":"https:\/\/alcedrix.com\/sq\/wp-json\/wp\/v2\/product\/9708\/revisions"}],"wp:featuredmedia":[{"embeddable":true,"href":"https:\/\/alcedrix.com\/sq\/wp-json\/wp\/v2\/media\/9709"}],"wp:attachment":[{"href":"https:\/\/alcedrix.com\/sq\/wp-json\/wp\/v2\/media?parent=9708"}],"wp:term":[{"taxonomy":"product_cat","embeddable":true,"href":"https:\/\/alcedrix.com\/sq\/wp-json\/wp\/v2\/product_cat?post=9708"},{"taxonomy":"product_tag","embeddable":true,"href":"https:\/\/alcedrix.com\/sq\/wp-json\/wp\/v2\/product_tag?post=9708"}],"curies":[{"name":"wp","href":"https:\/\/api.w.org\/{rel}","templated":true}]}}