{"id":9697,"date":"2024-11-07T08:17:34","date_gmt":"2024-11-07T08:17:34","guid":{"rendered":"http:\/\/3.126.27.25\/?post_type=product&#038;p=9697"},"modified":"2024-11-15T09:16:49","modified_gmt":"2024-11-15T09:16:49","slug":"super-facialist-vitamin-c-overnight-resync-night-cream-50ml","status":"publish","type":"product","link":"https:\/\/alcedrix.com\/sq\/shop\/super-facialist-vitamin-c-overnight-resync-night-cream-50ml\/","title":{"rendered":"Super Facialist Vitamin C Overnight Resync Night Cream 50ml"},"content":{"rendered":"<p>Arrini shk\u00eblqimin maksimal t\u00eb nat\u00ebs dhe zgjohuni duke u dukur t\u00eb fresk\u00ebt me Kremin e Nat\u00ebs Vitamin C+ SleepSmart Overnight Resync. Nj\u00eb formul\u00eb e fuqishme q\u00eb ndihmon n\u00eb ndri\u00e7imin e l\u00ebkur\u00ebs nd\u00ebrsa flini. E infuzuar me vitamin\u00eb C t\u00eb fuqishme, ky krem i pasur dhe ushqyes synon err\u00ebsir\u00ebn, tekstur\u00ebn e paqart\u00eb dhe shenjat e plakjes. E l\u00eb l\u00ebkur\u00ebn tuaj t\u00eb rinovuar me nj\u00eb shk\u00eblqim t\u00eb sh\u00ebndetsh\u00ebm.<\/p>\n<p>&nbsp;<\/p>\n<p><strong>Rritur nga kompleksi revolucionar Resync SleepSmart\u2122<\/strong>, nj\u00eb teknologji e avancuar q\u00eb sinkronizohet me ritmin cirkadian t\u00eb l\u00ebkur\u00ebs tuaj, duke ndihmuar n\u00eb maksimizimin e rinovimit t\u00eb l\u00ebkur\u00ebs gjat\u00eb faz\u00ebs m\u00eb t\u00eb pranueshme t\u00eb nat\u00ebs.<\/p>\n<p>&nbsp;<\/p>\n<p><strong>\u00c7far\u00eb \u00ebsht\u00eb kompleksi Resync SleepSmart\u2122?<\/strong><br \/>\nTeknologjia m\u00eb e avancuar p\u00ebr p\u00ebrmir\u00ebsimin e l\u00ebkur\u00ebs deri tani, kompleksi Resync SleepSmart\u2122 \u00ebsht\u00eb i fuqizuar nga dy p\u00ebrb\u00ebr\u00ebs t\u00eb fuqish\u00ebm t\u00eb provuar q\u00eb optimizojn\u00eb rinovimin gjat\u00eb nat\u00ebs &#8211; n\u00eb momentin kur l\u00ebkura \u00ebsht\u00eb m\u00eb e pranueshme p\u00ebr riparim.<br \/>\nKjo teknologji revolucionare \u00ebsht\u00eb zhvilluar me shkenc\u00ebtar\u00eb dhe ekspert\u00eb t\u00eb kujdesit p\u00ebr l\u00ebkur\u00ebn, duke lejuar q\u00eb formula t\u00eb punoj\u00eb n\u00eb sinkron me ritmin cirkadian t\u00eb l\u00ebkur\u00ebs tuaj p\u00ebr t\u00eb mb\u00ebshtetur aft\u00ebsin\u00eb natyrore t\u00eb l\u00ebkur\u00ebs p\u00ebr t&#8217;u rikuperuar gjat\u00eb nat\u00ebs. Ky kompleks punon p\u00ebr t\u00eb rifreskuar l\u00ebkur\u00ebn dhe p\u00ebr t\u00eb luftuar shenjat e lodhjes s\u00eb l\u00ebkur\u00ebs si err\u00ebsira, dhe p\u00ebr t\u00eb revitalizuar l\u00ebkur\u00ebn pas ekspozimit ndaj stresor\u00ebve t\u00eb p\u00ebrditsh\u00ebm mjedisor\u00eb (p\u00ebrfshir\u00eb drit\u00ebn blu!).<\/p>\n<p>&nbsp;<\/p>\n<p><strong>Si T\u00eb P\u00ebrdorni<\/strong><br \/>\nAplikoni n\u00eb fytyr\u00ebn e pastruar, qaf\u00eb dhe dekolte \u00e7do nat\u00eb.<br \/>\nP\u00ebrdorni si hapin p\u00ebrfundimtar t\u00eb rutin\u00ebs tuaj t\u00eb mbr\u00ebmjes p\u00ebr nj\u00eb pamje m\u00eb t\u00eb hidratuar dhe m\u00eb t\u00eb but\u00eb kur zgjoheni. Kompleksi yn\u00eb Resync SleepSmart\u2122 \u00ebsht\u00eb projektuar p\u00ebr t&#8217;u punuar me ritmin cirkadian t\u00eb l\u00ebkur\u00ebs tuaj p\u00ebr t\u00eb optimizuar rinovimin e l\u00ebkur\u00ebs gjat\u00eb nat\u00ebs kur \u00ebsht\u00eb m\u00eb e pranueshme.<\/p>","protected":false},"excerpt":{"rendered":"<p><span style=\"color: #ff8c00; --darkreader-inline-color: #bf40bf;\" data-darkreader-inline-color=\"\"><strong>\u2714Optimizimi i L\u00ebkur\u00ebs \u00a0 \u2714Rinohet \u00a0 \u2714Rrit shk\u00eblqimin \u2714Testuar Dermatologjikisht<\/strong><\/span><\/p>\n<p>&nbsp;<\/p>\n<style type=\"text\/css\">\n\t#foogallery-gallery-9990 .fg-image {\n        width: 150px;\n    }\n<\/style>\n<div class=\"foogallery foogallery-container foogallery-default foogallery-lightbox-foogallery fg-gutter-10 fg-center fg-default fg-light fg-border-thin fg-shadow-outline fg-loading-default fg-loaded-fade-in fg-caption-hover fg-hover-fade fg-hover-zoom fg-ready\" id=\"foogallery-gallery-9990\" data-foogallery=\"{&quot;item&quot;:{&quot;showCaptionTitle&quot;:true,&quot;showCaptionDescription&quot;:true},&quot;lazy&quot;:true}\" data-foogallery-lightbox=\"{&quot;thumbs&quot;:&quot;bottom&quot;,&quot;thumbsCaptions&quot;:false,&quot;thumbsBestFit&quot;:false,&quot;thumbsSmall&quot;:false,&quot;thumbsCaptionsAlign&quot;:&quot;default&quot;,&quot;info&quot;:&quot;bottom&quot;,&quot;infoVisible&quot;:true,&quot;infoOverlay&quot;:true,&quot;infoAlign&quot;:&quot;default&quot;,&quot;transition&quot;:&quot;fade&quot;,&quot;hoverButtons&quot;:false,&quot;fitMedia&quot;:false,&quot;noScrollbars&quot;:true,&quot;preserveButtonSpace&quot;:true,&quot;buttons&quot;:{&quot;fullscreen&quot;:true,&quot;info&quot;:true,&quot;thumbs&quot;:false},&quot;video&quot;:{&quot;autoPlay&quot;:true}}\" >\n<div class=\"fg-item fg-type-image fg-idle\">\n<figure class=\"fg-item-inner\"><a href=\"https:\/\/alcedrix.com\/wp-content\/uploads\/2024\/11\/VitaminC_OvernightResyncNightCream50mlLifestyleImagewithformula_720x1.jpg\" data-attachment-id=\"9991\" data-type=\"image\" class=\"fg-thumb\"><span class=\"fg-image-wrap\"><img decoding=\"async\" width=\"150\" height=\"150\" class=\"skip-lazy fg-image\" data-src-fg=\"https:\/\/alcedrix.com\/wp-content\/uploads\/cache\/2024\/11\/VitaminC_OvernightResyncNightCream50mlLifestyleImagewithformula_720x1\/2985439029.jpg\" src=\"data:image\/svg+xml,%3Csvg%20xmlns%3D%22http%3A%2F%2Fwww.w3.org%2F2000%2Fsvg%22%20width%3D%22150%22%20height%3D%22150%22%20viewBox%3D%220%200%20150%20150%22%3E%3C%2Fsvg%3E\" loading=\"eager\"><\/span><span class=\"fg-image-overlay\"><\/span><\/a><figcaption class=\"fg-caption\">\n<div class=\"fg-caption-inner\"><\/div>\n<\/figcaption><\/figure>\n<div class=\"fg-loader\"><\/div>\n<\/div>\n<div class=\"fg-item fg-type-image fg-idle\">\n<figure class=\"fg-item-inner\"><a href=\"https:\/\/alcedrix.com\/wp-content\/uploads\/2024\/11\/VitaminC_OvernightResyncNightCream50mlKeyBenefits_720x1.jpg\" data-attachment-id=\"9992\" data-type=\"image\" class=\"fg-thumb\"><span class=\"fg-image-wrap\"><img decoding=\"async\" width=\"150\" height=\"150\" class=\"skip-lazy fg-image\" data-src-fg=\"https:\/\/alcedrix.com\/wp-content\/uploads\/cache\/2024\/11\/VitaminC_OvernightResyncNightCream50mlKeyBenefits_720x1\/4046955235.jpg\" src=\"data:image\/svg+xml,%3Csvg%20xmlns%3D%22http%3A%2F%2Fwww.w3.org%2F2000%2Fsvg%22%20width%3D%22150%22%20height%3D%22150%22%20viewBox%3D%220%200%20150%20150%22%3E%3C%2Fsvg%3E\" loading=\"eager\"><\/span><span class=\"fg-image-overlay\"><\/span><\/a><figcaption class=\"fg-caption\">\n<div class=\"fg-caption-inner\"><\/div>\n<\/figcaption><\/figure>\n<div class=\"fg-loader\"><\/div>\n<\/div>\n<div class=\"fg-item fg-type-image fg-idle\">\n<figure class=\"fg-item-inner\"><a href=\"https:\/\/alcedrix.com\/wp-content\/uploads\/2024\/11\/super-facialist-vitamin-c-night-cream-super-glow-with-vitamin-c_720x1.jpg\" data-attachment-id=\"9993\" data-type=\"image\" class=\"fg-thumb\"><span class=\"fg-image-wrap\"><img decoding=\"async\" width=\"150\" height=\"150\" class=\"skip-lazy fg-image\" data-src-fg=\"https:\/\/alcedrix.com\/wp-content\/uploads\/cache\/2024\/11\/super-facialist-vitamin-c-night-cream-super-glow-with-vitamin-c_720x1\/2394162154.jpg\" src=\"data:image\/svg+xml,%3Csvg%20xmlns%3D%22http%3A%2F%2Fwww.w3.org%2F2000%2Fsvg%22%20width%3D%22150%22%20height%3D%22150%22%20viewBox%3D%220%200%20150%20150%22%3E%3C%2Fsvg%3E\" loading=\"eager\"><\/span><span class=\"fg-image-overlay\"><\/span><\/a><figcaption class=\"fg-caption\">\n<div class=\"fg-caption-inner\"><\/div>\n<\/figcaption><\/figure>\n<div class=\"fg-loader\"><\/div>\n<\/div>\n<div class=\"fg-item fg-type-image fg-idle\">\n<figure class=\"fg-item-inner\"><a href=\"https:\/\/alcedrix.com\/wp-content\/uploads\/2024\/11\/super-facialist-vitamin-c-night-cream-for-glowing-skin-hut-results_720x1.jpg\" data-attachment-id=\"9994\" data-type=\"image\" class=\"fg-thumb\"><span class=\"fg-image-wrap\"><img decoding=\"async\" width=\"150\" height=\"150\" class=\"skip-lazy fg-image\" data-src-fg=\"https:\/\/alcedrix.com\/wp-content\/uploads\/cache\/2024\/11\/super-facialist-vitamin-c-night-cream-for-glowing-skin-hut-results_720x1\/391383785.jpg\" src=\"data:image\/svg+xml,%3Csvg%20xmlns%3D%22http%3A%2F%2Fwww.w3.org%2F2000%2Fsvg%22%20width%3D%22150%22%20height%3D%22150%22%20viewBox%3D%220%200%20150%20150%22%3E%3C%2Fsvg%3E\" loading=\"eager\"><\/span><span class=\"fg-image-overlay\"><\/span><\/a><figcaption class=\"fg-caption\">\n<div class=\"fg-caption-inner\"><\/div>\n<\/figcaption><\/figure>\n<div class=\"fg-loader\"><\/div>\n<\/div>\n<div class=\"fg-item fg-type-image fg-idle\">\n<figure class=\"fg-item-inner\"><a href=\"https:\/\/alcedrix.com\/wp-content\/uploads\/2024\/11\/super-facialist-night-creams-resync-sleepsmart-complex-explanation_a156d15b-1983-44cb-99b1-e4ced0d8782f_720x1.jpg\" data-attachment-id=\"9995\" data-type=\"image\" class=\"fg-thumb\"><span class=\"fg-image-wrap\"><img decoding=\"async\" width=\"150\" height=\"150\" class=\"skip-lazy fg-image\" data-src-fg=\"https:\/\/alcedrix.com\/wp-content\/uploads\/cache\/2024\/11\/super-facialist-night-creams-resync-sleepsmart-complex-explanation_a156d15b-1983-44cb-99b1-e4ced0d8782f_720x1\/2259321325.jpg\" src=\"data:image\/svg+xml,%3Csvg%20xmlns%3D%22http%3A%2F%2Fwww.w3.org%2F2000%2Fsvg%22%20width%3D%22150%22%20height%3D%22150%22%20viewBox%3D%220%200%20150%20150%22%3E%3C%2Fsvg%3E\" loading=\"eager\"><\/span><span class=\"fg-image-overlay\"><\/span><\/a><figcaption class=\"fg-caption\">\n<div class=\"fg-caption-inner\"><\/div>\n<\/figcaption><\/figure>\n<div class=\"fg-loader\"><\/div>\n<\/div>\n<div class=\"fg-item fg-type-image fg-idle\">\n<figure class=\"fg-item-inner\"><a href=\"https:\/\/alcedrix.com\/wp-content\/uploads\/2024\/11\/super-facialist-vitamin-c-overnight-resync-night-cream-before-and-after_720x1.jpg\" data-attachment-id=\"9996\" data-type=\"image\" class=\"fg-thumb\"><span class=\"fg-image-wrap\"><img decoding=\"async\" width=\"150\" height=\"150\" class=\"skip-lazy fg-image\" data-src-fg=\"https:\/\/alcedrix.com\/wp-content\/uploads\/cache\/2024\/11\/super-facialist-vitamin-c-overnight-resync-night-cream-before-and-after_720x1\/2217725450.jpg\" src=\"data:image\/svg+xml,%3Csvg%20xmlns%3D%22http%3A%2F%2Fwww.w3.org%2F2000%2Fsvg%22%20width%3D%22150%22%20height%3D%22150%22%20viewBox%3D%220%200%20150%20150%22%3E%3C%2Fsvg%3E\" loading=\"eager\"><\/span><span class=\"fg-image-overlay\"><\/span><\/a><figcaption class=\"fg-caption\">\n<div class=\"fg-caption-inner\"><\/div>\n<\/figcaption><\/figure>\n<div class=\"fg-loader\"><\/div>\n<\/div>\n<div class=\"fg-item fg-type-image fg-idle\">\n<figure class=\"fg-item-inner\"><a href=\"https:\/\/alcedrix.com\/wp-content\/uploads\/2024\/11\/super-facialist-vitamin-c-overnight-resync-night-cream-facialist-tip_2_720x1.jpg\" data-attachment-id=\"9997\" data-type=\"image\" class=\"fg-thumb\"><span class=\"fg-image-wrap\"><img decoding=\"async\" width=\"150\" height=\"150\" class=\"skip-lazy fg-image\" data-src-fg=\"https:\/\/alcedrix.com\/wp-content\/uploads\/cache\/2024\/11\/super-facialist-vitamin-c-overnight-resync-night-cream-facialist-tip_2_720x1\/2123427247.jpg\" src=\"data:image\/svg+xml,%3Csvg%20xmlns%3D%22http%3A%2F%2Fwww.w3.org%2F2000%2Fsvg%22%20width%3D%22150%22%20height%3D%22150%22%20viewBox%3D%220%200%20150%20150%22%3E%3C%2Fsvg%3E\" loading=\"eager\"><\/span><span class=\"fg-image-overlay\"><\/span><\/a><figcaption class=\"fg-caption\">\n<div class=\"fg-caption-inner\"><\/div>\n<\/figcaption><\/figure>\n<div class=\"fg-loader\"><\/div>\n<\/div>\n<div class=\"fg-item fg-type-image fg-idle\">\n<figure class=\"fg-item-inner\"><a href=\"https:\/\/alcedrix.com\/wp-content\/uploads\/2024\/11\/super-facialist-vitamin-c-overnight-resync-night-cream-ugc_720x1.jpg\" data-attachment-id=\"9998\" data-type=\"image\" class=\"fg-thumb\"><span class=\"fg-image-wrap\"><img decoding=\"async\" width=\"150\" height=\"150\" class=\"skip-lazy fg-image\" data-src-fg=\"https:\/\/alcedrix.com\/wp-content\/uploads\/cache\/2024\/11\/super-facialist-vitamin-c-overnight-resync-night-cream-ugc_720x1\/2605036361.jpg\" src=\"data:image\/svg+xml,%3Csvg%20xmlns%3D%22http%3A%2F%2Fwww.w3.org%2F2000%2Fsvg%22%20width%3D%22150%22%20height%3D%22150%22%20viewBox%3D%220%200%20150%20150%22%3E%3C%2Fsvg%3E\" loading=\"eager\"><\/span><span class=\"fg-image-overlay\"><\/span><\/a><figcaption class=\"fg-caption\">\n<div class=\"fg-caption-inner\"><\/div>\n<\/figcaption><\/figure>\n<div class=\"fg-loader\"><\/div>\n<\/div>\n<div class=\"fg-item fg-type-image fg-idle\">\n<figure class=\"fg-item-inner\"><a href=\"https:\/\/alcedrix.com\/wp-content\/uploads\/2024\/11\/VitaminC_NightCreamTransitionAsset_720x1.jpg\" data-attachment-id=\"9999\" data-type=\"image\" class=\"fg-thumb\"><span class=\"fg-image-wrap\"><img decoding=\"async\" width=\"150\" height=\"150\" class=\"skip-lazy fg-image\" data-src-fg=\"https:\/\/alcedrix.com\/wp-content\/uploads\/cache\/2024\/11\/VitaminC_NightCreamTransitionAsset_720x1\/367832720.jpg\" src=\"data:image\/svg+xml,%3Csvg%20xmlns%3D%22http%3A%2F%2Fwww.w3.org%2F2000%2Fsvg%22%20width%3D%22150%22%20height%3D%22150%22%20viewBox%3D%220%200%20150%20150%22%3E%3C%2Fsvg%3E\" loading=\"eager\"><\/span><span class=\"fg-image-overlay\"><\/span><\/a><figcaption class=\"fg-caption\">\n<div class=\"fg-caption-inner\"><\/div>\n<\/figcaption><\/figure>\n<div class=\"fg-loader\"><\/div>\n<\/div>\n<div class=\"fg-item fg-type-image fg-idle\">\n<figure class=\"fg-item-inner\"><a href=\"https:\/\/alcedrix.com\/wp-content\/uploads\/2024\/11\/VitaminC_OvernightResyncNightCream50mlProductImage_720x1.jpg\" data-attachment-id=\"10000\" data-type=\"image\" class=\"fg-thumb\"><span class=\"fg-image-wrap\"><img decoding=\"async\" width=\"150\" height=\"150\" class=\"skip-lazy fg-image\" data-src-fg=\"https:\/\/alcedrix.com\/wp-content\/uploads\/cache\/2024\/11\/VitaminC_OvernightResyncNightCream50mlProductImage_720x1\/2216029086.jpg\" src=\"data:image\/svg+xml,%3Csvg%20xmlns%3D%22http%3A%2F%2Fwww.w3.org%2F2000%2Fsvg%22%20width%3D%22150%22%20height%3D%22150%22%20viewBox%3D%220%200%20150%20150%22%3E%3C%2Fsvg%3E\" loading=\"eager\"><\/span><span class=\"fg-image-overlay\"><\/span><\/a><figcaption class=\"fg-caption\">\n<div class=\"fg-caption-inner\"><\/div>\n<\/figcaption><\/figure>\n<div class=\"fg-loader\"><\/div>\n<\/div>\n<\/div>","protected":false},"featured_media":9703,"template":"","meta":[],"product_cat":[157,154],"product_tag":[],"class_list":{"0":"post-9697","1":"product","2":"type-product","3":"status-publish","4":"has-post-thumbnail","6":"product_cat-face-care","7":"product_cat-superfacialist","9":"first","10":"instock","11":"taxable","12":"shipping-taxable","13":"purchasable","14":"product-type-simple"},"yoast_head":"<!-- This site is optimized with the Yoast SEO plugin v23.6 - https:\/\/yoast.com\/wordpress\/plugins\/seo\/ -->\n<title>Super Facialist Vitamin C Overnight Resync Night Cream 50ml - Alcedrix<\/title>\n<meta name=\"robots\" content=\"index, follow, max-snippet:-1, max-image-preview:large, max-video-preview:-1\" \/>\n<link rel=\"canonical\" href=\"http:\/\/alcedrix.com\/sq\/shop\/super-facialist-vitamin-c-overnight-resync-night-cream-50ml\/\" \/>\n<meta property=\"og:locale\" content=\"sq_AL\" \/>\n<meta property=\"og:type\" content=\"article\" \/>\n<meta property=\"og:title\" content=\"Super Facialist Vitamin C Overnight Resync Night Cream 50ml - Alcedrix\" \/>\n<meta property=\"og:description\" content=\"\u2714Optimizimi i L\u00ebkur\u00ebs \u00a0 \u2714Rinohet \u00a0 \u2714Rrit shk\u00eblqimin \u2714Testuar Dermatologjikisht  &nbsp;\" \/>\n<meta property=\"og:url\" content=\"http:\/\/alcedrix.com\/sq\/shop\/super-facialist-vitamin-c-overnight-resync-night-cream-50ml\/\" \/>\n<meta property=\"og:site_name\" content=\"Alcedrix\" \/>\n<meta property=\"article:publisher\" content=\"https:\/\/www.facebook.com\/alcedrix\" \/>\n<meta property=\"article:modified_time\" content=\"2024-11-15T09:16:49+00:00\" \/>\n<meta property=\"og:image\" content=\"http:\/\/alcedrix.com\/wp-content\/uploads\/2024\/11\/VitaminC_OvernightResyncNightCream50mlProductImagewithbox_2048x20481.jpg\" \/>\n\t<meta property=\"og:image:width\" content=\"1000\" \/>\n\t<meta property=\"og:image:height\" content=\"1000\" \/>\n\t<meta property=\"og:image:type\" content=\"image\/jpeg\" \/>\n<meta name=\"twitter:card\" content=\"summary_large_image\" \/>\n<meta name=\"twitter:label1\" content=\"Est. reading time\" \/>\n\t<meta name=\"twitter:data1\" content=\"2 minuta\" \/>\n<script type=\"application\/ld+json\" class=\"yoast-schema-graph\">{\"@context\":\"https:\/\/schema.org\",\"@graph\":[{\"@type\":\"WebPage\",\"@id\":\"http:\/\/alcedrix.com\/shop\/super-facialist-vitamin-c-overnight-resync-night-cream-50ml\/\",\"url\":\"http:\/\/alcedrix.com\/shop\/super-facialist-vitamin-c-overnight-resync-night-cream-50ml\/\",\"name\":\"Super Facialist Vitamin C Overnight Resync Night Cream 50ml - Alcedrix\",\"isPartOf\":{\"@id\":\"https:\/\/alcedrix.com\/#website\"},\"primaryImageOfPage\":{\"@id\":\"http:\/\/alcedrix.com\/shop\/super-facialist-vitamin-c-overnight-resync-night-cream-50ml\/#primaryimage\"},\"image\":{\"@id\":\"http:\/\/alcedrix.com\/shop\/super-facialist-vitamin-c-overnight-resync-night-cream-50ml\/#primaryimage\"},\"thumbnailUrl\":\"https:\/\/alcedrix.com\/wp-content\/uploads\/2024\/11\/VitaminC_OvernightResyncNightCream50mlProductImagewithbox_2048x20481.jpg\",\"datePublished\":\"2024-11-07T08:17:34+00:00\",\"dateModified\":\"2024-11-15T09:16:49+00:00\",\"breadcrumb\":{\"@id\":\"http:\/\/alcedrix.com\/shop\/super-facialist-vitamin-c-overnight-resync-night-cream-50ml\/#breadcrumb\"},\"inLanguage\":\"sq\",\"potentialAction\":[{\"@type\":\"ReadAction\",\"target\":[\"http:\/\/alcedrix.com\/shop\/super-facialist-vitamin-c-overnight-resync-night-cream-50ml\/\"]}]},{\"@type\":\"ImageObject\",\"inLanguage\":\"sq\",\"@id\":\"http:\/\/alcedrix.com\/shop\/super-facialist-vitamin-c-overnight-resync-night-cream-50ml\/#primaryimage\",\"url\":\"https:\/\/alcedrix.com\/wp-content\/uploads\/2024\/11\/VitaminC_OvernightResyncNightCream50mlProductImagewithbox_2048x20481.jpg\",\"contentUrl\":\"https:\/\/alcedrix.com\/wp-content\/uploads\/2024\/11\/VitaminC_OvernightResyncNightCream50mlProductImagewithbox_2048x20481.jpg\",\"width\":1000,\"height\":1000},{\"@type\":\"BreadcrumbList\",\"@id\":\"http:\/\/alcedrix.com\/shop\/super-facialist-vitamin-c-overnight-resync-night-cream-50ml\/#breadcrumb\",\"itemListElement\":[{\"@type\":\"ListItem\",\"position\":1,\"name\":\"Home\",\"item\":\"https:\/\/alcedrix.com\/\"},{\"@type\":\"ListItem\",\"position\":2,\"name\":\"Shop\",\"item\":\"https:\/\/alcedrix.com\/shop\/\"},{\"@type\":\"ListItem\",\"position\":3,\"name\":\"Super Facialist Vitamin C Overnight Resync Night Cream 50ml\"}]},{\"@type\":\"WebSite\",\"@id\":\"https:\/\/alcedrix.com\/#website\",\"url\":\"https:\/\/alcedrix.com\/\",\"name\":\"Alcedrix\",\"description\":\"Alcedrix\",\"publisher\":{\"@id\":\"https:\/\/alcedrix.com\/#organization\"},\"potentialAction\":[{\"@type\":\"SearchAction\",\"target\":{\"@type\":\"EntryPoint\",\"urlTemplate\":\"https:\/\/alcedrix.com\/?s={search_term_string}\"},\"query-input\":{\"@type\":\"PropertyValueSpecification\",\"valueRequired\":true,\"valueName\":\"search_term_string\"}}],\"inLanguage\":\"sq\"},{\"@type\":\"Organization\",\"@id\":\"https:\/\/alcedrix.com\/#organization\",\"name\":\"Alcedrix\",\"url\":\"https:\/\/alcedrix.com\/\",\"logo\":{\"@type\":\"ImageObject\",\"inLanguage\":\"sq\",\"@id\":\"https:\/\/alcedrix.com\/#\/schema\/logo\/image\/\",\"url\":\"http:\/\/3.126.27.25\/wp-content\/uploads\/2023\/08\/logo-web.png\",\"contentUrl\":\"http:\/\/3.126.27.25\/wp-content\/uploads\/2023\/08\/logo-web.png\",\"width\":492,\"height\":93,\"caption\":\"Alcedrix\"},\"image\":{\"@id\":\"https:\/\/alcedrix.com\/#\/schema\/logo\/image\/\"},\"sameAs\":[\"https:\/\/www.facebook.com\/alcedrix\",\"https:\/\/www.instagram.com\/alcedrix\"]}]}<\/script>\n<!-- \/ Yoast SEO plugin. -->","yoast_head_json":{"title":"Super Facialist Vitamin C Overnight Resync Night Cream 50ml - Alcedrix","robots":{"index":"index","follow":"follow","max-snippet":"max-snippet:-1","max-image-preview":"max-image-preview:large","max-video-preview":"max-video-preview:-1"},"canonical":"http:\/\/alcedrix.com\/sq\/shop\/super-facialist-vitamin-c-overnight-resync-night-cream-50ml\/","og_locale":"sq_AL","og_type":"article","og_title":"Super Facialist Vitamin C Overnight Resync Night Cream 50ml - Alcedrix","og_description":"\u2714Optimizimi i L\u00ebkur\u00ebs \u00a0 \u2714Rinohet \u00a0 \u2714Rrit shk\u00eblqimin \u2714Testuar Dermatologjikisht  &nbsp;","og_url":"http:\/\/alcedrix.com\/sq\/shop\/super-facialist-vitamin-c-overnight-resync-night-cream-50ml\/","og_site_name":"Alcedrix","article_publisher":"https:\/\/www.facebook.com\/alcedrix","article_modified_time":"2024-11-15T09:16:49+00:00","og_image":[{"width":1000,"height":1000,"url":"http:\/\/alcedrix.com\/wp-content\/uploads\/2024\/11\/VitaminC_OvernightResyncNightCream50mlProductImagewithbox_2048x20481.jpg","type":"image\/jpeg"}],"twitter_card":"summary_large_image","twitter_misc":{"Est. reading time":"2 minuta"},"schema":{"@context":"https:\/\/schema.org","@graph":[{"@type":"WebPage","@id":"http:\/\/alcedrix.com\/shop\/super-facialist-vitamin-c-overnight-resync-night-cream-50ml\/","url":"http:\/\/alcedrix.com\/shop\/super-facialist-vitamin-c-overnight-resync-night-cream-50ml\/","name":"Super Facialist Vitamin C Overnight Resync Night Cream 50ml - Alcedrix","isPartOf":{"@id":"https:\/\/alcedrix.com\/#website"},"primaryImageOfPage":{"@id":"http:\/\/alcedrix.com\/shop\/super-facialist-vitamin-c-overnight-resync-night-cream-50ml\/#primaryimage"},"image":{"@id":"http:\/\/alcedrix.com\/shop\/super-facialist-vitamin-c-overnight-resync-night-cream-50ml\/#primaryimage"},"thumbnailUrl":"https:\/\/alcedrix.com\/wp-content\/uploads\/2024\/11\/VitaminC_OvernightResyncNightCream50mlProductImagewithbox_2048x20481.jpg","datePublished":"2024-11-07T08:17:34+00:00","dateModified":"2024-11-15T09:16:49+00:00","breadcrumb":{"@id":"http:\/\/alcedrix.com\/shop\/super-facialist-vitamin-c-overnight-resync-night-cream-50ml\/#breadcrumb"},"inLanguage":"sq","potentialAction":[{"@type":"ReadAction","target":["http:\/\/alcedrix.com\/shop\/super-facialist-vitamin-c-overnight-resync-night-cream-50ml\/"]}]},{"@type":"ImageObject","inLanguage":"sq","@id":"http:\/\/alcedrix.com\/shop\/super-facialist-vitamin-c-overnight-resync-night-cream-50ml\/#primaryimage","url":"https:\/\/alcedrix.com\/wp-content\/uploads\/2024\/11\/VitaminC_OvernightResyncNightCream50mlProductImagewithbox_2048x20481.jpg","contentUrl":"https:\/\/alcedrix.com\/wp-content\/uploads\/2024\/11\/VitaminC_OvernightResyncNightCream50mlProductImagewithbox_2048x20481.jpg","width":1000,"height":1000},{"@type":"BreadcrumbList","@id":"http:\/\/alcedrix.com\/shop\/super-facialist-vitamin-c-overnight-resync-night-cream-50ml\/#breadcrumb","itemListElement":[{"@type":"ListItem","position":1,"name":"Home","item":"https:\/\/alcedrix.com\/"},{"@type":"ListItem","position":2,"name":"Shop","item":"https:\/\/alcedrix.com\/shop\/"},{"@type":"ListItem","position":3,"name":"Super Facialist Vitamin C Overnight Resync Night Cream 50ml"}]},{"@type":"WebSite","@id":"https:\/\/alcedrix.com\/#website","url":"https:\/\/alcedrix.com\/","name":"Alcedrix","description":"Alcedrix","publisher":{"@id":"https:\/\/alcedrix.com\/#organization"},"potentialAction":[{"@type":"SearchAction","target":{"@type":"EntryPoint","urlTemplate":"https:\/\/alcedrix.com\/?s={search_term_string}"},"query-input":{"@type":"PropertyValueSpecification","valueRequired":true,"valueName":"search_term_string"}}],"inLanguage":"sq"},{"@type":"Organization","@id":"https:\/\/alcedrix.com\/#organization","name":"Alcedrix","url":"https:\/\/alcedrix.com\/","logo":{"@type":"ImageObject","inLanguage":"sq","@id":"https:\/\/alcedrix.com\/#\/schema\/logo\/image\/","url":"http:\/\/3.126.27.25\/wp-content\/uploads\/2023\/08\/logo-web.png","contentUrl":"http:\/\/3.126.27.25\/wp-content\/uploads\/2023\/08\/logo-web.png","width":492,"height":93,"caption":"Alcedrix"},"image":{"@id":"https:\/\/alcedrix.com\/#\/schema\/logo\/image\/"},"sameAs":["https:\/\/www.facebook.com\/alcedrix","https:\/\/www.instagram.com\/alcedrix"]}]}},"_links":{"self":[{"href":"https:\/\/alcedrix.com\/sq\/wp-json\/wp\/v2\/product\/9697"}],"collection":[{"href":"https:\/\/alcedrix.com\/sq\/wp-json\/wp\/v2\/product"}],"about":[{"href":"https:\/\/alcedrix.com\/sq\/wp-json\/wp\/v2\/types\/product"}],"version-history":[{"count":1,"href":"https:\/\/alcedrix.com\/sq\/wp-json\/wp\/v2\/product\/9697\/revisions"}],"predecessor-version":[{"id":9824,"href":"https:\/\/alcedrix.com\/sq\/wp-json\/wp\/v2\/product\/9697\/revisions\/9824"}],"wp:featuredmedia":[{"embeddable":true,"href":"https:\/\/alcedrix.com\/sq\/wp-json\/wp\/v2\/media\/9703"}],"wp:attachment":[{"href":"https:\/\/alcedrix.com\/sq\/wp-json\/wp\/v2\/media?parent=9697"}],"wp:term":[{"taxonomy":"product_cat","embeddable":true,"href":"https:\/\/alcedrix.com\/sq\/wp-json\/wp\/v2\/product_cat?post=9697"},{"taxonomy":"product_tag","embeddable":true,"href":"https:\/\/alcedrix.com\/sq\/wp-json\/wp\/v2\/product_tag?post=9697"}],"curies":[{"name":"wp","href":"https:\/\/api.w.org\/{rel}","templated":true}]}}