{"id":9691,"date":"2024-11-07T07:58:29","date_gmt":"2024-11-07T07:58:29","guid":{"rendered":"http:\/\/3.126.27.25\/?post_type=product&#038;p=9691"},"modified":"2024-11-15T09:21:17","modified_gmt":"2024-11-15T09:21:17","slug":"super-facialist-salicylic-acid-anti-blemish-purifying-cleansing-wash-150ml","status":"publish","type":"product","link":"https:\/\/alcedrix.com\/sq\/shop\/super-facialist-salicylic-acid-anti-blemish-purifying-cleansing-wash-150ml\/","title":{"rendered":"Super Facialist Salicylic Acid Anti-Blemish Purifying Cleansing Wash 150ml"},"content":{"rendered":"<p>Lar\u00ebsi yn\u00eb i njohur p\u00ebr pastrim, i formuluar p\u00ebr l\u00ebkur\u00ebn me njolla, t\u00eb yndyrshme dhe t\u00eb bllokuar. I fuqizuar nga Acidi Salicilik anti-inflamator dhe p\u00ebrb\u00ebr\u00ebsi superhero Niacinamide p\u00ebr t\u00eb ndihmuar n\u00eb trajtimin e njollave dhe Ekstrakti i Lules s\u00eb Elderit p\u00ebr nj\u00eb kompleksion m\u00eb t\u00eb balancuar. Lar\u00ebsi freskues i xhelit shp\u00ebrb\u00ebn grimin, papast\u00ebrtit\u00eb e p\u00ebrditshme dhe ndotjen, p\u00ebr nj\u00eb l\u00ebkur\u00eb super t\u00eb but\u00eb, t\u00eb past\u00ebr dhe m\u00eb t\u00eb qart\u00eb.<\/p>\n<p>Vegan | Pa asnj\u00eb testim mbi kafsh\u00ebt<\/p>\n<p>&nbsp;<\/p>\n<p><strong>K\u00ebshilla nga Ekspertja p\u00ebr Kujdesin e L\u00ebkur\u00ebs<br \/>\n<\/strong>&#8220;Merrni koh\u00eb p\u00ebr t\u00eb masazhuar mir\u00eb pastruesin n\u00eb l\u00ebkur\u00eb, duke ndier pikat e tensionit n\u00eb nofull, muskujt masseter dhe mbi vetulla. Gjithmon\u00eb punoni lart e jasht\u00eb, kurr\u00eb mos t\u00ebrhiqni l\u00ebkur\u00ebn dhe sigurohuni q\u00eb keni mjaft produkt; lag\u00ebshtija ndihmon p\u00ebr t\u00eb b\u00ebr\u00eb l\u00ebvizjen dhe prandaj pastrimi n\u00eb p\u00ebrgjith\u00ebsi \u00ebsht\u00eb m\u00eb efikas.&#8221;<br \/>\n<strong>Charlotte Connoley, Ekspertja jon\u00eb p\u00ebr\u00a0<\/strong><strong>Kujdesin e L\u00ebkur\u00ebs<\/strong><\/p>\n<p><strong>\u00a0<\/strong><\/p>\n<p><strong>Si t\u00eb P\u00ebrdorni<\/strong><br \/>\nPastrojeni \u00e7do dit\u00eb n\u00eb m\u00ebngjes dhe n\u00eb mbr\u00ebmje. Aplikoni shpesh n\u00eb majat e gishtave dhe duke p\u00ebrdorur l\u00ebvizje rrethore, masazhoni but\u00ebsisht n\u00eb fytyr\u00eb, qaf\u00eb dhe dekolte. Shp\u00ebrlajeni me uj\u00eb t\u00eb ngroht\u00eb, ose me nj\u00eb pecet\u00eb t\u00eb lagur n\u00eb uj\u00eb t\u00eb ngroht\u00eb, dhe thajeni but\u00ebsisht l\u00ebkur\u00ebn.<\/p>","protected":false},"excerpt":{"rendered":"<p><span style=\"color: #32cd32; --darkreader-inline-color: #bf40bf;\" data-darkreader-inline-color=\"\"><strong>\u2714Vegan \u2714Qet\u00ebson \u2714Targeton Vajin \u2714Targeton Papast\u00ebrtit\u00eb<\/strong><\/span><\/p>\n<p>&nbsp;<\/p>\n<style type=\"text\/css\">\n\t#foogallery-gallery-10012 .fg-image {\n        width: 150px;\n    }\n<\/style>\n<div class=\"foogallery foogallery-container foogallery-default foogallery-lightbox-foogallery fg-gutter-10 fg-center fg-default fg-light fg-border-thin fg-shadow-outline fg-loading-default fg-loaded-fade-in fg-caption-hover fg-hover-fade fg-hover-zoom fg-ready\" id=\"foogallery-gallery-10012\" data-foogallery=\"{&quot;item&quot;:{&quot;showCaptionTitle&quot;:true,&quot;showCaptionDescription&quot;:true},&quot;lazy&quot;:true}\" data-foogallery-lightbox=\"{&quot;thumbs&quot;:&quot;bottom&quot;,&quot;thumbsCaptions&quot;:false,&quot;thumbsBestFit&quot;:false,&quot;thumbsSmall&quot;:false,&quot;thumbsCaptionsAlign&quot;:&quot;default&quot;,&quot;info&quot;:&quot;bottom&quot;,&quot;infoVisible&quot;:true,&quot;infoOverlay&quot;:true,&quot;infoAlign&quot;:&quot;default&quot;,&quot;transition&quot;:&quot;fade&quot;,&quot;hoverButtons&quot;:false,&quot;fitMedia&quot;:false,&quot;noScrollbars&quot;:true,&quot;preserveButtonSpace&quot;:true,&quot;buttons&quot;:{&quot;fullscreen&quot;:true,&quot;info&quot;:true,&quot;thumbs&quot;:false},&quot;video&quot;:{&quot;autoPlay&quot;:true}}\" >\n<div class=\"fg-item fg-type-image fg-idle\">\n<figure class=\"fg-item-inner\"><a href=\"https:\/\/alcedrix.com\/wp-content\/uploads\/2024\/11\/super-facialist-salicylic-acid-purifying-cleansing-wash-2_720x1.jpg\" data-attachment-id=\"10013\" data-type=\"image\" class=\"fg-thumb\"><span class=\"fg-image-wrap\"><img decoding=\"async\" width=\"150\" height=\"150\" class=\"skip-lazy fg-image\" data-src-fg=\"https:\/\/alcedrix.com\/wp-content\/uploads\/cache\/2024\/11\/super-facialist-salicylic-acid-purifying-cleansing-wash-2_720x1\/573985295.jpg\" src=\"data:image\/svg+xml,%3Csvg%20xmlns%3D%22http%3A%2F%2Fwww.w3.org%2F2000%2Fsvg%22%20width%3D%22150%22%20height%3D%22150%22%20viewBox%3D%220%200%20150%20150%22%3E%3C%2Fsvg%3E\" loading=\"eager\"><\/span><span class=\"fg-image-overlay\"><\/span><\/a><figcaption class=\"fg-caption\">\n<div class=\"fg-caption-inner\"><\/div>\n<\/figcaption><\/figure>\n<div class=\"fg-loader\"><\/div>\n<\/div>\n<div class=\"fg-item fg-type-image fg-idle\">\n<figure class=\"fg-item-inner\"><a href=\"https:\/\/alcedrix.com\/wp-content\/uploads\/2024\/11\/SuperFacialist_SalicylicAcidPurifyingCleansingWash_FOPCallouts_720x1.jpg\" data-attachment-id=\"10014\" data-type=\"image\" class=\"fg-thumb\"><span class=\"fg-image-wrap\"><img decoding=\"async\" width=\"150\" height=\"150\" class=\"skip-lazy fg-image\" data-src-fg=\"https:\/\/alcedrix.com\/wp-content\/uploads\/cache\/2024\/11\/SuperFacialist_SalicylicAcidPurifyingCleansingWash_FOPCallouts_720x1\/2018464563.jpg\" src=\"data:image\/svg+xml,%3Csvg%20xmlns%3D%22http%3A%2F%2Fwww.w3.org%2F2000%2Fsvg%22%20width%3D%22150%22%20height%3D%22150%22%20viewBox%3D%220%200%20150%20150%22%3E%3C%2Fsvg%3E\" loading=\"eager\"><\/span><span class=\"fg-image-overlay\"><\/span><\/a><figcaption class=\"fg-caption\">\n<div class=\"fg-caption-inner\"><\/div>\n<\/figcaption><\/figure>\n<div class=\"fg-loader\"><\/div>\n<\/div>\n<div class=\"fg-item fg-type-image fg-idle\">\n<figure class=\"fg-item-inner\"><a href=\"https:\/\/alcedrix.com\/wp-content\/uploads\/2024\/11\/SuperFacialist_SalicylicAcidPurifyingCleansingWash_TestimonialGrid_720x1.jpg\" data-attachment-id=\"10015\" data-type=\"image\" class=\"fg-thumb\"><span class=\"fg-image-wrap\"><img decoding=\"async\" width=\"150\" height=\"150\" class=\"skip-lazy fg-image\" data-src-fg=\"https:\/\/alcedrix.com\/wp-content\/uploads\/cache\/2024\/11\/SuperFacialist_SalicylicAcidPurifyingCleansingWash_TestimonialGrid_720x1\/2775897016.jpg\" src=\"data:image\/svg+xml,%3Csvg%20xmlns%3D%22http%3A%2F%2Fwww.w3.org%2F2000%2Fsvg%22%20width%3D%22150%22%20height%3D%22150%22%20viewBox%3D%220%200%20150%20150%22%3E%3C%2Fsvg%3E\" loading=\"eager\"><\/span><span class=\"fg-image-overlay\"><\/span><\/a><figcaption class=\"fg-caption\">\n<div class=\"fg-caption-inner\"><\/div>\n<\/figcaption><\/figure>\n<div class=\"fg-loader\"><\/div>\n<\/div>\n<div class=\"fg-item fg-type-image fg-idle\">\n<figure class=\"fg-item-inner\"><a href=\"https:\/\/alcedrix.com\/wp-content\/uploads\/2024\/11\/super-facialist-salicylic-acid-purifying-cleansing-wash-3_720x1.jpg\" data-attachment-id=\"10016\" data-type=\"image\" class=\"fg-thumb\"><span class=\"fg-image-wrap\"><img decoding=\"async\" width=\"150\" height=\"150\" class=\"skip-lazy fg-image\" data-src-fg=\"https:\/\/alcedrix.com\/wp-content\/uploads\/cache\/2024\/11\/super-facialist-salicylic-acid-purifying-cleansing-wash-3_720x1\/2111208926.jpg\" src=\"data:image\/svg+xml,%3Csvg%20xmlns%3D%22http%3A%2F%2Fwww.w3.org%2F2000%2Fsvg%22%20width%3D%22150%22%20height%3D%22150%22%20viewBox%3D%220%200%20150%20150%22%3E%3C%2Fsvg%3E\" loading=\"eager\"><\/span><span class=\"fg-image-overlay\"><\/span><\/a><figcaption class=\"fg-caption\">\n<div class=\"fg-caption-inner\"><\/div>\n<\/figcaption><\/figure>\n<div class=\"fg-loader\"><\/div>\n<\/div>\n<div class=\"fg-item fg-type-image fg-idle\">\n<figure class=\"fg-item-inner\"><a href=\"https:\/\/alcedrix.com\/wp-content\/uploads\/2024\/11\/super-facialist-salicylic-acid-purifying-cleansing-wash-5_720x1.jpg\" data-attachment-id=\"10017\" data-type=\"image\" class=\"fg-thumb\"><span class=\"fg-image-wrap\"><img decoding=\"async\" width=\"150\" height=\"150\" class=\"skip-lazy fg-image\" data-src-fg=\"https:\/\/alcedrix.com\/wp-content\/uploads\/cache\/2024\/11\/super-facialist-salicylic-acid-purifying-cleansing-wash-5_720x1\/3128363747.jpg\" src=\"data:image\/svg+xml,%3Csvg%20xmlns%3D%22http%3A%2F%2Fwww.w3.org%2F2000%2Fsvg%22%20width%3D%22150%22%20height%3D%22150%22%20viewBox%3D%220%200%20150%20150%22%3E%3C%2Fsvg%3E\" loading=\"eager\"><\/span><span class=\"fg-image-overlay\"><\/span><\/a><figcaption class=\"fg-caption\">\n<div class=\"fg-caption-inner\"><\/div>\n<\/figcaption><\/figure>\n<div class=\"fg-loader\"><\/div>\n<\/div>\n<div class=\"fg-item fg-type-image fg-idle\">\n<figure class=\"fg-item-inner\"><a href=\"https:\/\/alcedrix.com\/wp-content\/uploads\/2024\/11\/super-facialist-salicylic-acid-purifying-cleansing-wash-6_720x1.jpg\" data-attachment-id=\"10018\" data-type=\"image\" class=\"fg-thumb\"><span class=\"fg-image-wrap\"><img decoding=\"async\" width=\"150\" height=\"150\" class=\"skip-lazy fg-image\" data-src-fg=\"https:\/\/alcedrix.com\/wp-content\/uploads\/cache\/2024\/11\/super-facialist-salicylic-acid-purifying-cleansing-wash-6_720x1\/1515682448.jpg\" src=\"data:image\/svg+xml,%3Csvg%20xmlns%3D%22http%3A%2F%2Fwww.w3.org%2F2000%2Fsvg%22%20width%3D%22150%22%20height%3D%22150%22%20viewBox%3D%220%200%20150%20150%22%3E%3C%2Fsvg%3E\" loading=\"eager\"><\/span><span class=\"fg-image-overlay\"><\/span><\/a><figcaption class=\"fg-caption\">\n<div class=\"fg-caption-inner\"><\/div>\n<\/figcaption><\/figure>\n<div class=\"fg-loader\"><\/div>\n<\/div>\n<\/div>","protected":false},"featured_media":9701,"template":"","meta":[],"product_cat":[157,154],"product_tag":[],"class_list":{"0":"post-9691","1":"product","2":"type-product","3":"status-publish","4":"has-post-thumbnail","6":"product_cat-face-care","7":"product_cat-superfacialist","9":"first","10":"instock","11":"taxable","12":"shipping-taxable","13":"purchasable","14":"product-type-simple"},"yoast_head":"<!-- This site is optimized with the Yoast SEO plugin v23.6 - https:\/\/yoast.com\/wordpress\/plugins\/seo\/ -->\n<title>Super Facialist Salicylic Acid Anti-Blemish Purifying Cleansing Wash 150ml - Alcedrix<\/title>\n<meta name=\"robots\" content=\"index, follow, max-snippet:-1, max-image-preview:large, max-video-preview:-1\" \/>\n<link rel=\"canonical\" href=\"http:\/\/alcedrix.com\/sq\/shop\/super-facialist-salicylic-acid-anti-blemish-purifying-cleansing-wash-150ml\/\" \/>\n<meta property=\"og:locale\" content=\"sq_AL\" \/>\n<meta property=\"og:type\" content=\"article\" \/>\n<meta property=\"og:title\" content=\"Super Facialist Salicylic Acid Anti-Blemish Purifying Cleansing Wash 150ml - Alcedrix\" \/>\n<meta property=\"og:description\" content=\"\u2714Vegan \u2714Qet\u00ebson \u2714Targeton Vajin \u2714Targeton Papast\u00ebrtit\u00eb  &nbsp;\" \/>\n<meta property=\"og:url\" content=\"http:\/\/alcedrix.com\/sq\/shop\/super-facialist-salicylic-acid-anti-blemish-purifying-cleansing-wash-150ml\/\" \/>\n<meta property=\"og:site_name\" content=\"Alcedrix\" \/>\n<meta property=\"article:publisher\" content=\"https:\/\/www.facebook.com\/alcedrix\" \/>\n<meta property=\"article:modified_time\" content=\"2024-11-15T09:21:17+00:00\" \/>\n<meta property=\"og:image\" content=\"http:\/\/alcedrix.com\/wp-content\/uploads\/2024\/11\/super-facialist-salicylic-acid-purifying-cleansing-wash-1_2048x20481.jpg\" \/>\n\t<meta property=\"og:image:width\" content=\"1024\" \/>\n\t<meta property=\"og:image:height\" content=\"1024\" \/>\n\t<meta property=\"og:image:type\" content=\"image\/jpeg\" \/>\n<meta name=\"twitter:card\" content=\"summary_large_image\" \/>\n<meta name=\"twitter:label1\" content=\"Est. reading time\" \/>\n\t<meta name=\"twitter:data1\" content=\"1 minut\u00eb\" \/>\n<script type=\"application\/ld+json\" class=\"yoast-schema-graph\">{\"@context\":\"https:\/\/schema.org\",\"@graph\":[{\"@type\":\"WebPage\",\"@id\":\"http:\/\/alcedrix.com\/shop\/super-facialist-salicylic-acid-anti-blemish-purifying-cleansing-wash-150ml\/\",\"url\":\"http:\/\/alcedrix.com\/shop\/super-facialist-salicylic-acid-anti-blemish-purifying-cleansing-wash-150ml\/\",\"name\":\"Super Facialist Salicylic Acid Anti-Blemish Purifying Cleansing Wash 150ml - Alcedrix\",\"isPartOf\":{\"@id\":\"https:\/\/alcedrix.com\/#website\"},\"primaryImageOfPage\":{\"@id\":\"http:\/\/alcedrix.com\/shop\/super-facialist-salicylic-acid-anti-blemish-purifying-cleansing-wash-150ml\/#primaryimage\"},\"image\":{\"@id\":\"http:\/\/alcedrix.com\/shop\/super-facialist-salicylic-acid-anti-blemish-purifying-cleansing-wash-150ml\/#primaryimage\"},\"thumbnailUrl\":\"https:\/\/alcedrix.com\/wp-content\/uploads\/2024\/11\/super-facialist-salicylic-acid-purifying-cleansing-wash-1_2048x20481.jpg\",\"datePublished\":\"2024-11-07T07:58:29+00:00\",\"dateModified\":\"2024-11-15T09:21:17+00:00\",\"breadcrumb\":{\"@id\":\"http:\/\/alcedrix.com\/shop\/super-facialist-salicylic-acid-anti-blemish-purifying-cleansing-wash-150ml\/#breadcrumb\"},\"inLanguage\":\"sq\",\"potentialAction\":[{\"@type\":\"ReadAction\",\"target\":[\"http:\/\/alcedrix.com\/shop\/super-facialist-salicylic-acid-anti-blemish-purifying-cleansing-wash-150ml\/\"]}]},{\"@type\":\"ImageObject\",\"inLanguage\":\"sq\",\"@id\":\"http:\/\/alcedrix.com\/shop\/super-facialist-salicylic-acid-anti-blemish-purifying-cleansing-wash-150ml\/#primaryimage\",\"url\":\"https:\/\/alcedrix.com\/wp-content\/uploads\/2024\/11\/super-facialist-salicylic-acid-purifying-cleansing-wash-1_2048x20481.jpg\",\"contentUrl\":\"https:\/\/alcedrix.com\/wp-content\/uploads\/2024\/11\/super-facialist-salicylic-acid-purifying-cleansing-wash-1_2048x20481.jpg\",\"width\":1024,\"height\":1024},{\"@type\":\"BreadcrumbList\",\"@id\":\"http:\/\/alcedrix.com\/shop\/super-facialist-salicylic-acid-anti-blemish-purifying-cleansing-wash-150ml\/#breadcrumb\",\"itemListElement\":[{\"@type\":\"ListItem\",\"position\":1,\"name\":\"Home\",\"item\":\"https:\/\/alcedrix.com\/\"},{\"@type\":\"ListItem\",\"position\":2,\"name\":\"Shop\",\"item\":\"https:\/\/alcedrix.com\/shop\/\"},{\"@type\":\"ListItem\",\"position\":3,\"name\":\"Super Facialist Salicylic Acid Anti-Blemish Purifying Cleansing Wash 150ml\"}]},{\"@type\":\"WebSite\",\"@id\":\"https:\/\/alcedrix.com\/#website\",\"url\":\"https:\/\/alcedrix.com\/\",\"name\":\"Alcedrix\",\"description\":\"Alcedrix\",\"publisher\":{\"@id\":\"https:\/\/alcedrix.com\/#organization\"},\"potentialAction\":[{\"@type\":\"SearchAction\",\"target\":{\"@type\":\"EntryPoint\",\"urlTemplate\":\"https:\/\/alcedrix.com\/?s={search_term_string}\"},\"query-input\":{\"@type\":\"PropertyValueSpecification\",\"valueRequired\":true,\"valueName\":\"search_term_string\"}}],\"inLanguage\":\"sq\"},{\"@type\":\"Organization\",\"@id\":\"https:\/\/alcedrix.com\/#organization\",\"name\":\"Alcedrix\",\"url\":\"https:\/\/alcedrix.com\/\",\"logo\":{\"@type\":\"ImageObject\",\"inLanguage\":\"sq\",\"@id\":\"https:\/\/alcedrix.com\/#\/schema\/logo\/image\/\",\"url\":\"http:\/\/3.126.27.25\/wp-content\/uploads\/2023\/08\/logo-web.png\",\"contentUrl\":\"http:\/\/3.126.27.25\/wp-content\/uploads\/2023\/08\/logo-web.png\",\"width\":492,\"height\":93,\"caption\":\"Alcedrix\"},\"image\":{\"@id\":\"https:\/\/alcedrix.com\/#\/schema\/logo\/image\/\"},\"sameAs\":[\"https:\/\/www.facebook.com\/alcedrix\",\"https:\/\/www.instagram.com\/alcedrix\"]}]}<\/script>\n<!-- \/ Yoast SEO plugin. -->","yoast_head_json":{"title":"Super Facialist Salicylic Acid Anti-Blemish Purifying Cleansing Wash 150ml - Alcedrix","robots":{"index":"index","follow":"follow","max-snippet":"max-snippet:-1","max-image-preview":"max-image-preview:large","max-video-preview":"max-video-preview:-1"},"canonical":"http:\/\/alcedrix.com\/sq\/shop\/super-facialist-salicylic-acid-anti-blemish-purifying-cleansing-wash-150ml\/","og_locale":"sq_AL","og_type":"article","og_title":"Super Facialist Salicylic Acid Anti-Blemish Purifying Cleansing Wash 150ml - Alcedrix","og_description":"\u2714Vegan \u2714Qet\u00ebson \u2714Targeton Vajin \u2714Targeton Papast\u00ebrtit\u00eb  &nbsp;","og_url":"http:\/\/alcedrix.com\/sq\/shop\/super-facialist-salicylic-acid-anti-blemish-purifying-cleansing-wash-150ml\/","og_site_name":"Alcedrix","article_publisher":"https:\/\/www.facebook.com\/alcedrix","article_modified_time":"2024-11-15T09:21:17+00:00","og_image":[{"width":1024,"height":1024,"url":"http:\/\/alcedrix.com\/wp-content\/uploads\/2024\/11\/super-facialist-salicylic-acid-purifying-cleansing-wash-1_2048x20481.jpg","type":"image\/jpeg"}],"twitter_card":"summary_large_image","twitter_misc":{"Est. reading time":"1 minut\u00eb"},"schema":{"@context":"https:\/\/schema.org","@graph":[{"@type":"WebPage","@id":"http:\/\/alcedrix.com\/shop\/super-facialist-salicylic-acid-anti-blemish-purifying-cleansing-wash-150ml\/","url":"http:\/\/alcedrix.com\/shop\/super-facialist-salicylic-acid-anti-blemish-purifying-cleansing-wash-150ml\/","name":"Super Facialist Salicylic Acid Anti-Blemish Purifying Cleansing Wash 150ml - Alcedrix","isPartOf":{"@id":"https:\/\/alcedrix.com\/#website"},"primaryImageOfPage":{"@id":"http:\/\/alcedrix.com\/shop\/super-facialist-salicylic-acid-anti-blemish-purifying-cleansing-wash-150ml\/#primaryimage"},"image":{"@id":"http:\/\/alcedrix.com\/shop\/super-facialist-salicylic-acid-anti-blemish-purifying-cleansing-wash-150ml\/#primaryimage"},"thumbnailUrl":"https:\/\/alcedrix.com\/wp-content\/uploads\/2024\/11\/super-facialist-salicylic-acid-purifying-cleansing-wash-1_2048x20481.jpg","datePublished":"2024-11-07T07:58:29+00:00","dateModified":"2024-11-15T09:21:17+00:00","breadcrumb":{"@id":"http:\/\/alcedrix.com\/shop\/super-facialist-salicylic-acid-anti-blemish-purifying-cleansing-wash-150ml\/#breadcrumb"},"inLanguage":"sq","potentialAction":[{"@type":"ReadAction","target":["http:\/\/alcedrix.com\/shop\/super-facialist-salicylic-acid-anti-blemish-purifying-cleansing-wash-150ml\/"]}]},{"@type":"ImageObject","inLanguage":"sq","@id":"http:\/\/alcedrix.com\/shop\/super-facialist-salicylic-acid-anti-blemish-purifying-cleansing-wash-150ml\/#primaryimage","url":"https:\/\/alcedrix.com\/wp-content\/uploads\/2024\/11\/super-facialist-salicylic-acid-purifying-cleansing-wash-1_2048x20481.jpg","contentUrl":"https:\/\/alcedrix.com\/wp-content\/uploads\/2024\/11\/super-facialist-salicylic-acid-purifying-cleansing-wash-1_2048x20481.jpg","width":1024,"height":1024},{"@type":"BreadcrumbList","@id":"http:\/\/alcedrix.com\/shop\/super-facialist-salicylic-acid-anti-blemish-purifying-cleansing-wash-150ml\/#breadcrumb","itemListElement":[{"@type":"ListItem","position":1,"name":"Home","item":"https:\/\/alcedrix.com\/"},{"@type":"ListItem","position":2,"name":"Shop","item":"https:\/\/alcedrix.com\/shop\/"},{"@type":"ListItem","position":3,"name":"Super Facialist Salicylic Acid Anti-Blemish Purifying Cleansing Wash 150ml"}]},{"@type":"WebSite","@id":"https:\/\/alcedrix.com\/#website","url":"https:\/\/alcedrix.com\/","name":"Alcedrix","description":"Alcedrix","publisher":{"@id":"https:\/\/alcedrix.com\/#organization"},"potentialAction":[{"@type":"SearchAction","target":{"@type":"EntryPoint","urlTemplate":"https:\/\/alcedrix.com\/?s={search_term_string}"},"query-input":{"@type":"PropertyValueSpecification","valueRequired":true,"valueName":"search_term_string"}}],"inLanguage":"sq"},{"@type":"Organization","@id":"https:\/\/alcedrix.com\/#organization","name":"Alcedrix","url":"https:\/\/alcedrix.com\/","logo":{"@type":"ImageObject","inLanguage":"sq","@id":"https:\/\/alcedrix.com\/#\/schema\/logo\/image\/","url":"http:\/\/3.126.27.25\/wp-content\/uploads\/2023\/08\/logo-web.png","contentUrl":"http:\/\/3.126.27.25\/wp-content\/uploads\/2023\/08\/logo-web.png","width":492,"height":93,"caption":"Alcedrix"},"image":{"@id":"https:\/\/alcedrix.com\/#\/schema\/logo\/image\/"},"sameAs":["https:\/\/www.facebook.com\/alcedrix","https:\/\/www.instagram.com\/alcedrix"]}]}},"_links":{"self":[{"href":"https:\/\/alcedrix.com\/sq\/wp-json\/wp\/v2\/product\/9691"}],"collection":[{"href":"https:\/\/alcedrix.com\/sq\/wp-json\/wp\/v2\/product"}],"about":[{"href":"https:\/\/alcedrix.com\/sq\/wp-json\/wp\/v2\/types\/product"}],"version-history":[{"count":0,"href":"https:\/\/alcedrix.com\/sq\/wp-json\/wp\/v2\/product\/9691\/revisions"}],"wp:featuredmedia":[{"embeddable":true,"href":"https:\/\/alcedrix.com\/sq\/wp-json\/wp\/v2\/media\/9701"}],"wp:attachment":[{"href":"https:\/\/alcedrix.com\/sq\/wp-json\/wp\/v2\/media?parent=9691"}],"wp:term":[{"taxonomy":"product_cat","embeddable":true,"href":"https:\/\/alcedrix.com\/sq\/wp-json\/wp\/v2\/product_cat?post=9691"},{"taxonomy":"product_tag","embeddable":true,"href":"https:\/\/alcedrix.com\/sq\/wp-json\/wp\/v2\/product_tag?post=9691"}],"curies":[{"name":"wp","href":"https:\/\/api.w.org\/{rel}","templated":true}]}}