{"id":9679,"date":"2024-11-06T14:37:30","date_gmt":"2024-11-06T14:37:30","guid":{"rendered":"http:\/\/3.126.27.25\/?post_type=product&#038;p=9679"},"modified":"2024-11-06T14:37:30","modified_gmt":"2024-11-06T14:37:30","slug":"root-perfect-hair-concealer-spray-medium-brown-75ml","status":"publish","type":"product","link":"https:\/\/alcedrix.com\/sq\/shop\/root-perfect-hair-concealer-spray-medium-brown-75ml\/","title":{"rendered":"ROOT PERFECT Hair Concealer Spray, Medium Brown, 75ml"},"content":{"rendered":"<p><strong>KONCEALERI I MENJ\u00cbHERSH\u00cbM ROOT PERFECT:<\/strong> N\u00eb nevoj\u00eb p\u00ebr nj\u00eb rregullim t\u00eb shpejt\u00eb? Sp\u00ebrkatni sprajin Root Perfect Instant Root Concealer n\u00eb flok\u00ebt tuaj p\u00ebr nj\u00eb rregullim t\u00eb shpejt\u00eb dhe t\u00eb leht\u00eb. Formula jon\u00eb q\u00eb revitalizon ngjyr\u00ebn efektivisht fsheh t\u00eb bardh\u00ebt, rr\u00ebnj\u00ebt dhe rikthimin p\u00ebr nj\u00eb finish t\u00eb p\u00ebrsosur gjat\u00eb gjith\u00eb dit\u00ebs.<\/p>\n<p>&nbsp;<\/p>\n<p><strong>ZGJATNI NGJYR\u00cbN E FLOK\u00cbVE TUJA:<\/strong> Zgjatni koh\u00ebn midis ngjyrosjeve t\u00eb flok\u00ebve me k\u00ebt\u00eb spraj p\u00ebr rregullim t\u00eb udh\u00ebtimit. Kur jeta e b\u00ebn t\u00eb v\u00ebshtir\u00eb, Root Perfect \u00ebsht\u00eb k\u00ebtu p\u00ebr ju. P\u00ebrzierja q\u00eb thahet shpejt ju lejon t\u00eb vazhdoni dit\u00ebn tuaj pa shqet\u00ebsime p\u00ebr flok\u00ebt.<\/p>\n<p>&nbsp;<\/p>\n<p><strong>FSHEHNI RR\u00cbNJ\u00cbT DHE RIKTHIMIN:<\/strong> N\u00eb nj\u00eb tube sp\u00ebrkat\u00ebs t\u00eb p\u00ebrshtatsh\u00ebm, spraji i rikolorimit Root Perfect p\u00ebrfiton nga nj\u00eb k\u00ebnd t\u00eb dizajnuar me kujdes p\u00ebr sakt\u00ebsi maksimale dhe \u00ebsht\u00eb inxhinieruar p\u00ebr t\u2019u p\u00ebrzier n\u00eb m\u00ebnyr\u00eb t\u00eb barabart\u00eb me flok\u00ebt tuaj natyral\u00eb.<\/p>\n<p>&nbsp;<\/p>\n<p><strong>SPRAJ I THARJES S\u00cb SHPEJT\u00cb:<\/strong> Formula e Sprays Root Perfect garanton nj\u00eb aplikim pa mundim pa e thar\u00eb ose grumbulluar flok\u00ebt tuaj. Arrini nj\u00eb mbulim t\u00eb p\u00ebrsosur n\u00eb sekonda \u2013 thjesht tundni dhe sp\u00ebrkatni p\u00ebr rregullime t\u00eb shpejta n\u00eb rrug\u00eb.<\/p>\n<p>&nbsp;<\/p>\n<p><strong>P\u00cbR T\u00cb GJITHA LLOJET E FLOK\u00cbVE:<\/strong> \u00c7far\u00ebdo q\u00eb t\u00eb jet\u00eb ngjyra juaj natyrale e flok\u00ebve, spraji Root Perfect \u00ebsht\u00eb i disponuesh\u00ebm n\u00eb 5 nuanca p\u00ebr t\u00eb fshehur rikthimin, rr\u00ebnj\u00ebt shqet\u00ebsuese dhe t\u00eb bardh\u00ebt e shp\u00ebrndara p\u00ebr nj\u00eb pamje natyrale. Thjesht shp\u00eblani sprajin e mbulimit t\u00eb rr\u00ebnj\u00ebve nga flok\u00ebt n\u00eb fund t\u00eb dit\u00ebs. M\u00eb e mira n\u00eb p\u00ebrsosm\u00ebrin\u00eb e rr\u00ebnj\u00ebve.<\/p>\n<p>&nbsp;<\/p>\n<p><strong>P\u00ebrshkrimi i Produktit<\/strong><\/p>\n<p><strong>Root Perfect Instant Root Concealer Spray, Kafe e Err\u00ebt, 12ml<\/strong><br \/>\nI dizajnuar p\u00ebr t\u00eb fshehur rr\u00ebnj\u00ebt dhe rikthimin, spraji Root Perfect Instant Root Concealer \u00ebsht\u00eb nj\u00eb spraj i shpejt\u00eb dhe t\u00eb leht\u00eb p\u00ebr rregullim, i p\u00ebrshtatsh\u00ebm p\u00ebr t\u00eb gjitha llojet e flok\u00ebve. I disponuesh\u00ebm n\u00eb nj\u00eb spraj t\u00eb p\u00ebrshtatsh\u00ebm p\u00ebr rregullim me nj\u00eb k\u00ebnd preciz, thjesht sp\u00ebrkatni n\u00ebp\u00ebr flok\u00eb p\u00ebr t\u00eb mbuluar t\u00eb bardh\u00ebt e shp\u00ebrndara, rikthimin dhe rr\u00ebnj\u00ebt p\u00ebr t\u00eb shijuar nj\u00eb finish t\u00eb p\u00ebrzier t\u00eb p\u00ebrsosur. Nj\u00eb pak mjafton; \u00e7do kan\u00eb p\u00ebrmban 75ml produkt, e shk\u00eblqyer p\u00ebr rregullime n\u00eb pun\u00eb, kur udh\u00ebtoni ose jasht\u00eb.<\/p>\n<p>&nbsp;<\/p>\n<p><strong>Magjia e flok\u00ebve pa shqet\u00ebsime.<\/strong> Formula jon\u00eb e zhvilluar me kujdes siguron sakt\u00ebsi t\u00eb nd\u00ebrtueshme. Spraji p\u00ebr rregullim Root Perfect ka nj\u00eb k\u00ebnd t\u00eb dizajnuar me kujdes p\u00ebr t\u00eb targetuar zonat e rikthimit n\u00eb kok\u00eb nd\u00ebrsa ofron mbulim maksimal n\u00eb nj\u00eb kit mbush\u00ebs p\u00ebr rr\u00ebnj\u00eb. Spraji Root Perfect ofron nj\u00eb zgjidhje q\u00eb thahet shpejt, q\u00eb ndihmon n\u00eb arritjen e nj\u00eb pamjeje t\u00eb p\u00ebrzier t\u00eb p\u00ebrsosur p\u00ebr flok\u00eb t\u00eb bukur gjat\u00eb gjith\u00eb dit\u00ebs.<\/p>\n<p>&nbsp;<\/p>\n<p><strong>P\u00ebr ta p\u00ebrdorur:<\/strong> P\u00ebrdorni n\u00eb flok\u00eb t\u00eb that\u00eb. Tundni kan\u00ebn mir\u00eb para p\u00ebrdorimit. Vishni nj\u00eb peshqir t\u00eb err\u00ebt rreth supeve p\u00ebr t\u00eb mbrojtur rrobat. Duke mbajtur kan\u00ebn n\u00eb pozita vertikale, sp\u00ebrkatni n\u00eb zon\u00ebn e rr\u00ebnj\u00ebve nga nj\u00eb distanc\u00eb prej 15 cm. Mos e teproni me sp\u00ebrkatjen; nj\u00eb pak mjafton. Lejoni t\u00eb thahet para se t\u00eb prekni flok\u00ebt. P\u00ebrdorni nj\u00eb fur\u00e7\u00eb p\u00ebr t&#8217;u p\u00ebrzier n\u00ebse \u00ebsht\u00eb e nevojshme. Shplaheni me shampon dhe uj\u00eb t\u00eb ngroht\u00eb.<\/p>\n<p>Root Perfect \u00ebsht\u00eb nj\u00eb gam\u00eb me \u00e7mime t\u00eb arsyeshme, por me cil\u00ebsi t\u00eb lart\u00eb, e dizajnuar teknologjikisht p\u00ebr concealerat e rr\u00ebnj\u00ebve q\u00eb ofrojn\u00eb nj\u00eb zgjidhje t\u00eb shpejt\u00eb p\u00ebr rr\u00ebnj\u00ebt midis vizitave n\u00eb sallon, n\u00eb sht\u00ebpi ose n\u00eb l\u00ebvizje. P\u00ebr t\u00eb mbuluar zona m\u00eb t\u00eb m\u00ebdha n\u00eb kok\u00eb, zgjidhni nj\u00eb nga sprajin tan\u00eb p\u00ebr concealerat e rr\u00ebnj\u00ebve, ose p\u00ebr aplikim m\u00eb t\u00eb sakt\u00eb, nj\u00eb stilolaps p\u00ebr rregullim Root Perfect \u00ebsht\u00eb zgjedhja juaj. M\u00eb e mira n\u00eb p\u00ebrsosm\u00ebrin\u00eb e rr\u00ebnj\u00ebve &#8211; zbuloni kombinimin tuaj t\u00eb p\u00ebrsosur sot.<\/p>","protected":false},"excerpt":{"rendered":"<p>M\u00eb e mira n\u00eb p\u00ebrsosm\u00ebrin\u00eb e rr\u00ebnj\u00ebve &#8211; zbuloni kombinimin tuaj t\u00eb p\u00ebrsosur sot.<\/p>","protected":false},"featured_media":9680,"template":"","meta":[],"product_cat":[160,155],"product_tag":[],"class_list":{"0":"post-9679","1":"product","2":"type-product","3":"status-publish","4":"has-post-thumbnail","6":"product_cat-hair-care","7":"product_cat-root-perfect","9":"first","10":"instock","11":"taxable","12":"shipping-taxable","13":"purchasable","14":"product-type-simple"},"yoast_head":"<!-- This site is optimized with the Yoast SEO plugin v23.6 - https:\/\/yoast.com\/wordpress\/plugins\/seo\/ -->\n<title>ROOT PERFECT Hair Concealer Spray, Medium Brown, 75ml - Alcedrix<\/title>\n<meta name=\"robots\" content=\"index, follow, max-snippet:-1, max-image-preview:large, max-video-preview:-1\" \/>\n<link rel=\"canonical\" href=\"http:\/\/alcedrix.com\/sq\/shop\/root-perfect-hair-concealer-spray-medium-brown-75ml\/\" \/>\n<meta property=\"og:locale\" content=\"sq_AL\" \/>\n<meta property=\"og:type\" content=\"article\" \/>\n<meta property=\"og:title\" content=\"ROOT PERFECT Hair Concealer Spray, Medium Brown, 75ml - Alcedrix\" \/>\n<meta property=\"og:description\" content=\"M\u00eb e mira n\u00eb p\u00ebrsosm\u00ebrin\u00eb e rr\u00ebnj\u00ebve - zbuloni kombinimin tuaj t\u00eb p\u00ebrsosur sot.\" \/>\n<meta property=\"og:url\" content=\"http:\/\/alcedrix.com\/sq\/shop\/root-perfect-hair-concealer-spray-medium-brown-75ml\/\" \/>\n<meta property=\"og:site_name\" content=\"Alcedrix\" \/>\n<meta property=\"article:publisher\" content=\"https:\/\/www.facebook.com\/alcedrix\" \/>\n<meta property=\"og:image\" content=\"http:\/\/alcedrix.com\/wp-content\/uploads\/2024\/11\/ROOT_PERFECT_MID_BROWN_BA-TR298566C-min.jpg\" \/>\n\t<meta property=\"og:image:width\" content=\"2400\" \/>\n\t<meta property=\"og:image:height\" content=\"2400\" \/>\n\t<meta property=\"og:image:type\" content=\"image\/jpeg\" \/>\n<meta name=\"twitter:card\" content=\"summary_large_image\" \/>\n<meta name=\"twitter:label1\" content=\"Est. reading time\" \/>\n\t<meta name=\"twitter:data1\" content=\"4 minuta\" \/>\n<script type=\"application\/ld+json\" class=\"yoast-schema-graph\">{\"@context\":\"https:\/\/schema.org\",\"@graph\":[{\"@type\":\"WebPage\",\"@id\":\"http:\/\/alcedrix.com\/shop\/root-perfect-hair-concealer-spray-medium-brown-75ml\/\",\"url\":\"http:\/\/alcedrix.com\/shop\/root-perfect-hair-concealer-spray-medium-brown-75ml\/\",\"name\":\"ROOT PERFECT Hair Concealer Spray, Medium Brown, 75ml - Alcedrix\",\"isPartOf\":{\"@id\":\"https:\/\/alcedrix.com\/#website\"},\"primaryImageOfPage\":{\"@id\":\"http:\/\/alcedrix.com\/shop\/root-perfect-hair-concealer-spray-medium-brown-75ml\/#primaryimage\"},\"image\":{\"@id\":\"http:\/\/alcedrix.com\/shop\/root-perfect-hair-concealer-spray-medium-brown-75ml\/#primaryimage\"},\"thumbnailUrl\":\"https:\/\/alcedrix.com\/wp-content\/uploads\/2024\/11\/ROOT_PERFECT_MID_BROWN_BA-TR298566C-min.jpg\",\"datePublished\":\"2024-11-06T14:37:30+00:00\",\"dateModified\":\"2024-11-06T14:37:30+00:00\",\"breadcrumb\":{\"@id\":\"http:\/\/alcedrix.com\/shop\/root-perfect-hair-concealer-spray-medium-brown-75ml\/#breadcrumb\"},\"inLanguage\":\"sq\",\"potentialAction\":[{\"@type\":\"ReadAction\",\"target\":[\"http:\/\/alcedrix.com\/shop\/root-perfect-hair-concealer-spray-medium-brown-75ml\/\"]}]},{\"@type\":\"ImageObject\",\"inLanguage\":\"sq\",\"@id\":\"http:\/\/alcedrix.com\/shop\/root-perfect-hair-concealer-spray-medium-brown-75ml\/#primaryimage\",\"url\":\"https:\/\/alcedrix.com\/wp-content\/uploads\/2024\/11\/ROOT_PERFECT_MID_BROWN_BA-TR298566C-min.jpg\",\"contentUrl\":\"https:\/\/alcedrix.com\/wp-content\/uploads\/2024\/11\/ROOT_PERFECT_MID_BROWN_BA-TR298566C-min.jpg\",\"width\":2400,\"height\":2400},{\"@type\":\"BreadcrumbList\",\"@id\":\"http:\/\/alcedrix.com\/shop\/root-perfect-hair-concealer-spray-medium-brown-75ml\/#breadcrumb\",\"itemListElement\":[{\"@type\":\"ListItem\",\"position\":1,\"name\":\"Home\",\"item\":\"https:\/\/alcedrix.com\/\"},{\"@type\":\"ListItem\",\"position\":2,\"name\":\"Shop\",\"item\":\"https:\/\/alcedrix.com\/shop\/\"},{\"@type\":\"ListItem\",\"position\":3,\"name\":\"ROOT PERFECT Hair Concealer Spray, Medium Brown, 75ml\"}]},{\"@type\":\"WebSite\",\"@id\":\"https:\/\/alcedrix.com\/#website\",\"url\":\"https:\/\/alcedrix.com\/\",\"name\":\"Alcedrix\",\"description\":\"Alcedrix\",\"publisher\":{\"@id\":\"https:\/\/alcedrix.com\/#organization\"},\"potentialAction\":[{\"@type\":\"SearchAction\",\"target\":{\"@type\":\"EntryPoint\",\"urlTemplate\":\"https:\/\/alcedrix.com\/?s={search_term_string}\"},\"query-input\":{\"@type\":\"PropertyValueSpecification\",\"valueRequired\":true,\"valueName\":\"search_term_string\"}}],\"inLanguage\":\"sq\"},{\"@type\":\"Organization\",\"@id\":\"https:\/\/alcedrix.com\/#organization\",\"name\":\"Alcedrix\",\"url\":\"https:\/\/alcedrix.com\/\",\"logo\":{\"@type\":\"ImageObject\",\"inLanguage\":\"sq\",\"@id\":\"https:\/\/alcedrix.com\/#\/schema\/logo\/image\/\",\"url\":\"http:\/\/3.126.27.25\/wp-content\/uploads\/2023\/08\/logo-web.png\",\"contentUrl\":\"http:\/\/3.126.27.25\/wp-content\/uploads\/2023\/08\/logo-web.png\",\"width\":492,\"height\":93,\"caption\":\"Alcedrix\"},\"image\":{\"@id\":\"https:\/\/alcedrix.com\/#\/schema\/logo\/image\/\"},\"sameAs\":[\"https:\/\/www.facebook.com\/alcedrix\",\"https:\/\/www.instagram.com\/alcedrix\"]}]}<\/script>\n<!-- \/ Yoast SEO plugin. -->","yoast_head_json":{"title":"ROOT PERFECT Hair Concealer Spray, Medium Brown, 75ml - Alcedrix","robots":{"index":"index","follow":"follow","max-snippet":"max-snippet:-1","max-image-preview":"max-image-preview:large","max-video-preview":"max-video-preview:-1"},"canonical":"http:\/\/alcedrix.com\/sq\/shop\/root-perfect-hair-concealer-spray-medium-brown-75ml\/","og_locale":"sq_AL","og_type":"article","og_title":"ROOT PERFECT Hair Concealer Spray, Medium Brown, 75ml - Alcedrix","og_description":"M\u00eb e mira n\u00eb p\u00ebrsosm\u00ebrin\u00eb e rr\u00ebnj\u00ebve - zbuloni kombinimin tuaj t\u00eb p\u00ebrsosur sot.","og_url":"http:\/\/alcedrix.com\/sq\/shop\/root-perfect-hair-concealer-spray-medium-brown-75ml\/","og_site_name":"Alcedrix","article_publisher":"https:\/\/www.facebook.com\/alcedrix","og_image":[{"width":2400,"height":2400,"url":"http:\/\/alcedrix.com\/wp-content\/uploads\/2024\/11\/ROOT_PERFECT_MID_BROWN_BA-TR298566C-min.jpg","type":"image\/jpeg"}],"twitter_card":"summary_large_image","twitter_misc":{"Est. reading time":"4 minuta"},"schema":{"@context":"https:\/\/schema.org","@graph":[{"@type":"WebPage","@id":"http:\/\/alcedrix.com\/shop\/root-perfect-hair-concealer-spray-medium-brown-75ml\/","url":"http:\/\/alcedrix.com\/shop\/root-perfect-hair-concealer-spray-medium-brown-75ml\/","name":"ROOT PERFECT Hair Concealer Spray, Medium Brown, 75ml - Alcedrix","isPartOf":{"@id":"https:\/\/alcedrix.com\/#website"},"primaryImageOfPage":{"@id":"http:\/\/alcedrix.com\/shop\/root-perfect-hair-concealer-spray-medium-brown-75ml\/#primaryimage"},"image":{"@id":"http:\/\/alcedrix.com\/shop\/root-perfect-hair-concealer-spray-medium-brown-75ml\/#primaryimage"},"thumbnailUrl":"https:\/\/alcedrix.com\/wp-content\/uploads\/2024\/11\/ROOT_PERFECT_MID_BROWN_BA-TR298566C-min.jpg","datePublished":"2024-11-06T14:37:30+00:00","dateModified":"2024-11-06T14:37:30+00:00","breadcrumb":{"@id":"http:\/\/alcedrix.com\/shop\/root-perfect-hair-concealer-spray-medium-brown-75ml\/#breadcrumb"},"inLanguage":"sq","potentialAction":[{"@type":"ReadAction","target":["http:\/\/alcedrix.com\/shop\/root-perfect-hair-concealer-spray-medium-brown-75ml\/"]}]},{"@type":"ImageObject","inLanguage":"sq","@id":"http:\/\/alcedrix.com\/shop\/root-perfect-hair-concealer-spray-medium-brown-75ml\/#primaryimage","url":"https:\/\/alcedrix.com\/wp-content\/uploads\/2024\/11\/ROOT_PERFECT_MID_BROWN_BA-TR298566C-min.jpg","contentUrl":"https:\/\/alcedrix.com\/wp-content\/uploads\/2024\/11\/ROOT_PERFECT_MID_BROWN_BA-TR298566C-min.jpg","width":2400,"height":2400},{"@type":"BreadcrumbList","@id":"http:\/\/alcedrix.com\/shop\/root-perfect-hair-concealer-spray-medium-brown-75ml\/#breadcrumb","itemListElement":[{"@type":"ListItem","position":1,"name":"Home","item":"https:\/\/alcedrix.com\/"},{"@type":"ListItem","position":2,"name":"Shop","item":"https:\/\/alcedrix.com\/shop\/"},{"@type":"ListItem","position":3,"name":"ROOT PERFECT Hair Concealer Spray, Medium Brown, 75ml"}]},{"@type":"WebSite","@id":"https:\/\/alcedrix.com\/#website","url":"https:\/\/alcedrix.com\/","name":"Alcedrix","description":"Alcedrix","publisher":{"@id":"https:\/\/alcedrix.com\/#organization"},"potentialAction":[{"@type":"SearchAction","target":{"@type":"EntryPoint","urlTemplate":"https:\/\/alcedrix.com\/?s={search_term_string}"},"query-input":{"@type":"PropertyValueSpecification","valueRequired":true,"valueName":"search_term_string"}}],"inLanguage":"sq"},{"@type":"Organization","@id":"https:\/\/alcedrix.com\/#organization","name":"Alcedrix","url":"https:\/\/alcedrix.com\/","logo":{"@type":"ImageObject","inLanguage":"sq","@id":"https:\/\/alcedrix.com\/#\/schema\/logo\/image\/","url":"http:\/\/3.126.27.25\/wp-content\/uploads\/2023\/08\/logo-web.png","contentUrl":"http:\/\/3.126.27.25\/wp-content\/uploads\/2023\/08\/logo-web.png","width":492,"height":93,"caption":"Alcedrix"},"image":{"@id":"https:\/\/alcedrix.com\/#\/schema\/logo\/image\/"},"sameAs":["https:\/\/www.facebook.com\/alcedrix","https:\/\/www.instagram.com\/alcedrix"]}]}},"_links":{"self":[{"href":"https:\/\/alcedrix.com\/sq\/wp-json\/wp\/v2\/product\/9679"}],"collection":[{"href":"https:\/\/alcedrix.com\/sq\/wp-json\/wp\/v2\/product"}],"about":[{"href":"https:\/\/alcedrix.com\/sq\/wp-json\/wp\/v2\/types\/product"}],"version-history":[{"count":0,"href":"https:\/\/alcedrix.com\/sq\/wp-json\/wp\/v2\/product\/9679\/revisions"}],"wp:featuredmedia":[{"embeddable":true,"href":"https:\/\/alcedrix.com\/sq\/wp-json\/wp\/v2\/media\/9680"}],"wp:attachment":[{"href":"https:\/\/alcedrix.com\/sq\/wp-json\/wp\/v2\/media?parent=9679"}],"wp:term":[{"taxonomy":"product_cat","embeddable":true,"href":"https:\/\/alcedrix.com\/sq\/wp-json\/wp\/v2\/product_cat?post=9679"},{"taxonomy":"product_tag","embeddable":true,"href":"https:\/\/alcedrix.com\/sq\/wp-json\/wp\/v2\/product_tag?post=9679"}],"curies":[{"name":"wp","href":"https:\/\/api.w.org\/{rel}","templated":true}]}}