{"id":9677,"date":"2024-11-06T14:34:33","date_gmt":"2024-11-06T14:34:33","guid":{"rendered":"http:\/\/3.126.27.25\/?post_type=product&#038;p=9677"},"modified":"2024-11-06T14:40:42","modified_gmt":"2024-11-06T14:40:42","slug":"root-perfect-light-brown-75ml","status":"publish","type":"product","link":"https:\/\/alcedrix.com\/sq\/shop\/root-perfect-light-brown-75ml\/","title":{"rendered":"ROOT PERFECT Hair Concealer Spray, Light Brown, 75ml"},"content":{"rendered":"<p><strong>FSHEH R\u00cbNJ\u00cbT DHE RITJET<\/strong><strong>:<\/strong> N\u00eb nj\u00eb tub sp\u00ebrkat\u00ebs t\u00eb p\u00ebrshtatsh\u00ebm, sp\u00ebrkatja e rikolorimit Root Ideal p\u00ebrfiton nga nj\u00eb ndihm\u00ebs i dizajnuar me kujdes p\u00ebr sakt\u00ebsi maksimale dhe \u00ebsht\u00eb projektuar p\u00ebr t&#8217;u p\u00ebrzier n\u00eb m\u00ebnyr\u00eb t\u00eb barabart\u00eb n\u00eb flok\u00ebt natyral\u00eb.<\/p>\n<p><strong>Spreji p\u00ebr Rr\u00ebnj\u00eb me Tharje t\u00eb Shpejt\u00eb<\/strong><strong>:<\/strong> Formula e Sprejit Root Ideal garanton aplikim pa p\u00ebrpjekje pa e thar\u00eb ose ngjeshur n\u00eb flok\u00eb. Arrini mbulimin e p\u00ebrsosur n\u00eb sekonda \u2013 thjesht tundni dhe sp\u00ebrkatni p\u00ebr p\u00ebrmir\u00ebsime t\u00eb shpejta.<\/p>\n<p><strong>P\u00ebrshkrimi i Produktit<\/strong><\/p>\n<p>I krijuar p\u00ebr t\u00eb fshehur rr\u00ebnj\u00ebt dhe rigjenerimin, Spreji Root Perfect Instant Root Concealer \u00ebsht\u00eb sprej p\u00ebr rregullime t\u00eb shpejta dhe t\u00eb lehta, i p\u00ebrshtatsh\u00ebm p\u00ebr t\u00eb gjitha llojet e flok\u00ebve. Disponuesh\u00ebm n\u00eb nj\u00eb sprej praktik me gryk\u00eb precize, thjesht sp\u00ebrkateni n\u00ebp\u00ebr flok\u00eb p\u00ebr t\u00eb mbuluar thinjat e shp\u00ebrndara, rigjenerimin dhe rr\u00ebnj\u00ebt p\u00ebr t\u00eb arritur nj\u00eb pamje t\u00eb p\u00ebrzier n\u00eb m\u00ebnyr\u00eb t\u00eb p\u00ebrsosur. Nj\u00eb sasi e vog\u00ebl shkon larg; \u00e7do shishe p\u00ebrmban 75ml produkt, e shk\u00eblqyer p\u00ebr rregullime n\u00eb pun\u00eb, gjat\u00eb udh\u00ebtimeve apo kur jeni n\u00eb l\u00ebvizje.<\/p>","protected":false},"excerpt":{"rendered":"<p>I krijuar p\u00ebr t\u00eb fshehur rr\u00ebnj\u00ebt dhe rigjenerimin, Spreji Root Perfect Instant Root Concealer \u00ebsht\u00eb sprej p\u00ebr rregullime t\u00eb shpejta dhe t\u00eb lehta, i p\u00ebrshtatsh\u00ebm p\u00ebr t\u00eb gjitha llojet e flok\u00ebve.<\/p>","protected":false},"featured_media":9678,"template":"","meta":[],"product_cat":[160,155],"product_tag":[],"class_list":{"0":"post-9677","1":"product","2":"type-product","3":"status-publish","4":"has-post-thumbnail","6":"product_cat-hair-care","7":"product_cat-root-perfect","9":"first","10":"instock","11":"taxable","12":"shipping-taxable","13":"purchasable","14":"product-type-simple"},"yoast_head":"<!-- This site is optimized with the Yoast SEO plugin v23.6 - https:\/\/yoast.com\/wordpress\/plugins\/seo\/ -->\n<title>ROOT PERFECT Hair Concealer Spray, Light Brown, 75ml - Alcedrix<\/title>\n<meta name=\"robots\" content=\"index, follow, max-snippet:-1, max-image-preview:large, max-video-preview:-1\" \/>\n<link rel=\"canonical\" href=\"http:\/\/alcedrix.com\/sq\/shop\/root-perfect-light-brown-75ml\/\" \/>\n<meta property=\"og:locale\" content=\"sq_AL\" \/>\n<meta property=\"og:type\" content=\"article\" \/>\n<meta property=\"og:title\" content=\"ROOT PERFECT Hair Concealer Spray, Light Brown, 75ml - Alcedrix\" \/>\n<meta property=\"og:description\" content=\"I krijuar p\u00ebr t\u00eb fshehur rr\u00ebnj\u00ebt dhe rigjenerimin, Spreji Root Perfect Instant Root Concealer \u00ebsht\u00eb sprej p\u00ebr rregullime t\u00eb shpejta dhe t\u00eb lehta, i p\u00ebrshtatsh\u00ebm p\u00ebr t\u00eb gjitha llojet e flok\u00ebve.\" \/>\n<meta property=\"og:url\" content=\"http:\/\/alcedrix.com\/sq\/shop\/root-perfect-light-brown-75ml\/\" \/>\n<meta property=\"og:site_name\" content=\"Alcedrix\" \/>\n<meta property=\"article:publisher\" content=\"https:\/\/www.facebook.com\/alcedrix\" \/>\n<meta property=\"article:modified_time\" content=\"2024-11-06T14:40:42+00:00\" \/>\n<meta property=\"og:image\" content=\"http:\/\/alcedrix.com\/wp-content\/uploads\/2024\/11\/ROOT_PERFECT_LIGHT_BROWN_BA-TR298565C-min.jpg\" \/>\n\t<meta property=\"og:image:width\" content=\"2400\" \/>\n\t<meta property=\"og:image:height\" content=\"2400\" \/>\n\t<meta property=\"og:image:type\" content=\"image\/jpeg\" \/>\n<meta name=\"twitter:card\" content=\"summary_large_image\" \/>\n<meta name=\"twitter:label1\" content=\"Est. reading time\" \/>\n\t<meta name=\"twitter:data1\" content=\"1 minut\u00eb\" \/>\n<script type=\"application\/ld+json\" class=\"yoast-schema-graph\">{\"@context\":\"https:\/\/schema.org\",\"@graph\":[{\"@type\":\"WebPage\",\"@id\":\"http:\/\/alcedrix.com\/sq\/shop\/root-perfect-light-brown-75ml\/\",\"url\":\"http:\/\/alcedrix.com\/sq\/shop\/root-perfect-light-brown-75ml\/\",\"name\":\"ROOT PERFECT Hair Concealer Spray, Light Brown, 75ml - Alcedrix\",\"isPartOf\":{\"@id\":\"https:\/\/alcedrix.com\/#website\"},\"primaryImageOfPage\":{\"@id\":\"http:\/\/alcedrix.com\/sq\/shop\/root-perfect-light-brown-75ml\/#primaryimage\"},\"image\":{\"@id\":\"http:\/\/alcedrix.com\/sq\/shop\/root-perfect-light-brown-75ml\/#primaryimage\"},\"thumbnailUrl\":\"https:\/\/alcedrix.com\/wp-content\/uploads\/2024\/11\/ROOT_PERFECT_LIGHT_BROWN_BA-TR298565C-min.jpg\",\"datePublished\":\"2024-11-06T14:34:33+00:00\",\"dateModified\":\"2024-11-06T14:40:42+00:00\",\"breadcrumb\":{\"@id\":\"http:\/\/alcedrix.com\/sq\/shop\/root-perfect-light-brown-75ml\/#breadcrumb\"},\"inLanguage\":\"sq\",\"potentialAction\":[{\"@type\":\"ReadAction\",\"target\":[\"http:\/\/alcedrix.com\/sq\/shop\/root-perfect-light-brown-75ml\/\"]}]},{\"@type\":\"ImageObject\",\"inLanguage\":\"sq\",\"@id\":\"http:\/\/alcedrix.com\/sq\/shop\/root-perfect-light-brown-75ml\/#primaryimage\",\"url\":\"https:\/\/alcedrix.com\/wp-content\/uploads\/2024\/11\/ROOT_PERFECT_LIGHT_BROWN_BA-TR298565C-min.jpg\",\"contentUrl\":\"https:\/\/alcedrix.com\/wp-content\/uploads\/2024\/11\/ROOT_PERFECT_LIGHT_BROWN_BA-TR298565C-min.jpg\",\"width\":2400,\"height\":2400},{\"@type\":\"BreadcrumbList\",\"@id\":\"http:\/\/alcedrix.com\/sq\/shop\/root-perfect-light-brown-75ml\/#breadcrumb\",\"itemListElement\":[{\"@type\":\"ListItem\",\"position\":1,\"name\":\"Home\",\"item\":\"https:\/\/alcedrix.com\/\"},{\"@type\":\"ListItem\",\"position\":2,\"name\":\"Shop\",\"item\":\"https:\/\/alcedrix.com\/shop\/\"},{\"@type\":\"ListItem\",\"position\":3,\"name\":\"ROOT PERFECT Hair Concealer Spray, Light Brown, 75ml\"}]},{\"@type\":\"WebSite\",\"@id\":\"https:\/\/alcedrix.com\/#website\",\"url\":\"https:\/\/alcedrix.com\/\",\"name\":\"Alcedrix\",\"description\":\"Alcedrix\",\"publisher\":{\"@id\":\"https:\/\/alcedrix.com\/#organization\"},\"potentialAction\":[{\"@type\":\"SearchAction\",\"target\":{\"@type\":\"EntryPoint\",\"urlTemplate\":\"https:\/\/alcedrix.com\/?s={search_term_string}\"},\"query-input\":{\"@type\":\"PropertyValueSpecification\",\"valueRequired\":true,\"valueName\":\"search_term_string\"}}],\"inLanguage\":\"sq\"},{\"@type\":\"Organization\",\"@id\":\"https:\/\/alcedrix.com\/#organization\",\"name\":\"Alcedrix\",\"url\":\"https:\/\/alcedrix.com\/\",\"logo\":{\"@type\":\"ImageObject\",\"inLanguage\":\"sq\",\"@id\":\"https:\/\/alcedrix.com\/#\/schema\/logo\/image\/\",\"url\":\"http:\/\/3.126.27.25\/wp-content\/uploads\/2023\/08\/logo-web.png\",\"contentUrl\":\"http:\/\/3.126.27.25\/wp-content\/uploads\/2023\/08\/logo-web.png\",\"width\":492,\"height\":93,\"caption\":\"Alcedrix\"},\"image\":{\"@id\":\"https:\/\/alcedrix.com\/#\/schema\/logo\/image\/\"},\"sameAs\":[\"https:\/\/www.facebook.com\/alcedrix\",\"https:\/\/www.instagram.com\/alcedrix\"]}]}<\/script>\n<!-- \/ Yoast SEO plugin. -->","yoast_head_json":{"title":"ROOT PERFECT Hair Concealer Spray, Light Brown, 75ml - Alcedrix","robots":{"index":"index","follow":"follow","max-snippet":"max-snippet:-1","max-image-preview":"max-image-preview:large","max-video-preview":"max-video-preview:-1"},"canonical":"http:\/\/alcedrix.com\/sq\/shop\/root-perfect-light-brown-75ml\/","og_locale":"sq_AL","og_type":"article","og_title":"ROOT PERFECT Hair Concealer Spray, Light Brown, 75ml - Alcedrix","og_description":"I krijuar p\u00ebr t\u00eb fshehur rr\u00ebnj\u00ebt dhe rigjenerimin, Spreji Root Perfect Instant Root Concealer \u00ebsht\u00eb sprej p\u00ebr rregullime t\u00eb shpejta dhe t\u00eb lehta, i p\u00ebrshtatsh\u00ebm p\u00ebr t\u00eb gjitha llojet e flok\u00ebve.","og_url":"http:\/\/alcedrix.com\/sq\/shop\/root-perfect-light-brown-75ml\/","og_site_name":"Alcedrix","article_publisher":"https:\/\/www.facebook.com\/alcedrix","article_modified_time":"2024-11-06T14:40:42+00:00","og_image":[{"width":2400,"height":2400,"url":"http:\/\/alcedrix.com\/wp-content\/uploads\/2024\/11\/ROOT_PERFECT_LIGHT_BROWN_BA-TR298565C-min.jpg","type":"image\/jpeg"}],"twitter_card":"summary_large_image","twitter_misc":{"Est. reading time":"1 minut\u00eb"},"schema":{"@context":"https:\/\/schema.org","@graph":[{"@type":"WebPage","@id":"http:\/\/alcedrix.com\/sq\/shop\/root-perfect-light-brown-75ml\/","url":"http:\/\/alcedrix.com\/sq\/shop\/root-perfect-light-brown-75ml\/","name":"ROOT PERFECT Hair Concealer Spray, Light Brown, 75ml - Alcedrix","isPartOf":{"@id":"https:\/\/alcedrix.com\/#website"},"primaryImageOfPage":{"@id":"http:\/\/alcedrix.com\/sq\/shop\/root-perfect-light-brown-75ml\/#primaryimage"},"image":{"@id":"http:\/\/alcedrix.com\/sq\/shop\/root-perfect-light-brown-75ml\/#primaryimage"},"thumbnailUrl":"https:\/\/alcedrix.com\/wp-content\/uploads\/2024\/11\/ROOT_PERFECT_LIGHT_BROWN_BA-TR298565C-min.jpg","datePublished":"2024-11-06T14:34:33+00:00","dateModified":"2024-11-06T14:40:42+00:00","breadcrumb":{"@id":"http:\/\/alcedrix.com\/sq\/shop\/root-perfect-light-brown-75ml\/#breadcrumb"},"inLanguage":"sq","potentialAction":[{"@type":"ReadAction","target":["http:\/\/alcedrix.com\/sq\/shop\/root-perfect-light-brown-75ml\/"]}]},{"@type":"ImageObject","inLanguage":"sq","@id":"http:\/\/alcedrix.com\/sq\/shop\/root-perfect-light-brown-75ml\/#primaryimage","url":"https:\/\/alcedrix.com\/wp-content\/uploads\/2024\/11\/ROOT_PERFECT_LIGHT_BROWN_BA-TR298565C-min.jpg","contentUrl":"https:\/\/alcedrix.com\/wp-content\/uploads\/2024\/11\/ROOT_PERFECT_LIGHT_BROWN_BA-TR298565C-min.jpg","width":2400,"height":2400},{"@type":"BreadcrumbList","@id":"http:\/\/alcedrix.com\/sq\/shop\/root-perfect-light-brown-75ml\/#breadcrumb","itemListElement":[{"@type":"ListItem","position":1,"name":"Home","item":"https:\/\/alcedrix.com\/"},{"@type":"ListItem","position":2,"name":"Shop","item":"https:\/\/alcedrix.com\/shop\/"},{"@type":"ListItem","position":3,"name":"ROOT PERFECT Hair Concealer Spray, Light Brown, 75ml"}]},{"@type":"WebSite","@id":"https:\/\/alcedrix.com\/#website","url":"https:\/\/alcedrix.com\/","name":"Alcedrix","description":"Alcedrix","publisher":{"@id":"https:\/\/alcedrix.com\/#organization"},"potentialAction":[{"@type":"SearchAction","target":{"@type":"EntryPoint","urlTemplate":"https:\/\/alcedrix.com\/?s={search_term_string}"},"query-input":{"@type":"PropertyValueSpecification","valueRequired":true,"valueName":"search_term_string"}}],"inLanguage":"sq"},{"@type":"Organization","@id":"https:\/\/alcedrix.com\/#organization","name":"Alcedrix","url":"https:\/\/alcedrix.com\/","logo":{"@type":"ImageObject","inLanguage":"sq","@id":"https:\/\/alcedrix.com\/#\/schema\/logo\/image\/","url":"http:\/\/3.126.27.25\/wp-content\/uploads\/2023\/08\/logo-web.png","contentUrl":"http:\/\/3.126.27.25\/wp-content\/uploads\/2023\/08\/logo-web.png","width":492,"height":93,"caption":"Alcedrix"},"image":{"@id":"https:\/\/alcedrix.com\/#\/schema\/logo\/image\/"},"sameAs":["https:\/\/www.facebook.com\/alcedrix","https:\/\/www.instagram.com\/alcedrix"]}]}},"_links":{"self":[{"href":"https:\/\/alcedrix.com\/sq\/wp-json\/wp\/v2\/product\/9677"}],"collection":[{"href":"https:\/\/alcedrix.com\/sq\/wp-json\/wp\/v2\/product"}],"about":[{"href":"https:\/\/alcedrix.com\/sq\/wp-json\/wp\/v2\/types\/product"}],"version-history":[{"count":1,"href":"https:\/\/alcedrix.com\/sq\/wp-json\/wp\/v2\/product\/9677\/revisions"}],"predecessor-version":[{"id":9684,"href":"https:\/\/alcedrix.com\/sq\/wp-json\/wp\/v2\/product\/9677\/revisions\/9684"}],"wp:featuredmedia":[{"embeddable":true,"href":"https:\/\/alcedrix.com\/sq\/wp-json\/wp\/v2\/media\/9678"}],"wp:attachment":[{"href":"https:\/\/alcedrix.com\/sq\/wp-json\/wp\/v2\/media?parent=9677"}],"wp:term":[{"taxonomy":"product_cat","embeddable":true,"href":"https:\/\/alcedrix.com\/sq\/wp-json\/wp\/v2\/product_cat?post=9677"},{"taxonomy":"product_tag","embeddable":true,"href":"https:\/\/alcedrix.com\/sq\/wp-json\/wp\/v2\/product_tag?post=9677"}],"curies":[{"name":"wp","href":"https:\/\/api.w.org\/{rel}","templated":true}]}}