{"id":9675,"date":"2024-11-06T14:32:05","date_gmt":"2024-11-06T14:32:05","guid":{"rendered":"http:\/\/3.126.27.25\/?post_type=product&#038;p=9675"},"modified":"2024-11-16T13:11:17","modified_gmt":"2024-11-16T13:11:17","slug":"root-perfect-hair-concealer-spray-dark-brown-75ml","status":"publish","type":"product","link":"https:\/\/alcedrix.com\/sq\/shop\/root-perfect-hair-concealer-spray-dark-brown-75ml\/","title":{"rendered":"ROOT PERFECT Hair Concealer Spray, Dark Brown, 75ml"},"content":{"rendered":"<p><strong>ROOT PERFECT INSTANT CONCEALER:<\/strong> Keni nevoj\u00eb p\u00ebr nj\u00eb rregullim t\u00eb shpejt\u00eb? Sp\u00ebrkatni sprajin Root Perfect Instant Root Concealer n\u00eb flok\u00ebt tuaj p\u00ebr nj\u00eb zgjidhje t\u00eb shpejt\u00eb dhe t\u00eb leht\u00eb. Formula jon\u00eb p\u00ebr revitalizimin e ngjyr\u00ebs efektivisht fsheh flok\u00ebt e bardh\u00eb, rr\u00ebnj\u00ebt dhe rritjet p\u00ebr nj\u00eb p\u00ebrfundim t\u00eb p\u00ebrsosur gjat\u00eb gjith\u00eb dit\u00ebs.<\/p>\n<p>&nbsp;<\/p>\n<p><strong>Zgjatni ngjyr\u00ebn e flok\u00ebve tuaj:<\/strong> Zgjatni koh\u00ebn midis ngjyrosjes s\u00eb flok\u00ebve me k\u00ebt\u00eb spraj t\u00eb p\u00ebrshtatsh\u00ebm p\u00ebr udh\u00ebtim. Kur jeta nd\u00ebrhyn, Root Perfect ka gjith\u00e7ka q\u00eb ju nevojitet. P\u00ebrzierja me tharje t\u00eb shpejt\u00eb ju lejon t\u00eb vazhdoni me dit\u00ebn tuaj pa ndonj\u00eb shqet\u00ebsim p\u00ebr flok\u00ebt.<\/p>\n<p>&nbsp;<\/p>\n<p><strong>FSHEH R\u00cbNJ\u00cbT DHE RITJET:<\/strong> N\u00eb nj\u00eb tub spraji t\u00eb p\u00ebrshtatsh\u00ebm, spraji p\u00ebr ngjyrosjen e rr\u00ebnj\u00ebve Root Perfect p\u00ebrfiton nga nj\u00eb gryk\u00eb aplikuese e dizajnuar me kujdes p\u00ebr sakt\u00ebsi maksimale dhe \u00ebsht\u00eb inxhinieruar p\u00ebr tu p\u00ebrzier nj\u00ebtrajtsh\u00ebm n\u00eb flok\u00ebt tuaj natyral\u00eb.<\/p>\n<p>&nbsp;<\/p>\n<p><strong>Spreji p\u00ebr Rr\u00ebnj\u00eb me Tharje t\u00eb Shpejt\u00eb:<\/strong> Formula e sprajit Root Perfect garanton aplikim pa mundim pa i thar\u00eb ose ngjitur flok\u00ebt tuaj. Arrini nj\u00eb mbulim t\u00eb p\u00ebrsosur n\u00eb sekonda \u2013 thjesht tundni dhe sp\u00ebrkatni p\u00ebr riparime n\u00eb l\u00ebvizje.<\/p>\n<p>&nbsp;<\/p>\n<p><strong>P\u00cbR T\u00cb GJITHA LLOJET E FLOK\u00cbVE:<\/strong> \u00c7far\u00ebdo ngjyre natyrale t\u00eb flok\u00ebve tuaj, spraji Root Perfect \u00ebsht\u00eb i disponuesh\u00ebm n\u00eb 5 nuanca p\u00ebr t\u00eb fshehur rritjet, rr\u00ebnj\u00ebt e pad\u00ebshiruara dhe flok\u00ebt e bardh\u00eb p\u00ebr nj\u00eb pamje natyrale. Thjesht lajeni sprajin mbulues t\u00eb rr\u00ebnj\u00ebve nga flok\u00ebt n\u00eb fund t\u00eb dit\u00ebs. E fundit n\u00eb p\u00ebrsosjen e rr\u00ebnj\u00ebve.<\/p>\n<p>&nbsp;<\/p>\n<p><strong>P\u00ebrshkrimi i Produktit<\/strong><br \/>\nRoot Perfect Instant Root Concealer Spray, Ngjyr\u00eb e Err\u00ebt Kafe, 12ml<br \/>\nDizajnuar p\u00ebr t\u00eb fshehur rr\u00ebnj\u00ebt dhe rritjet, spraji Root Perfect Instant Root Concealer \u00ebsht\u00eb nj\u00eb spraj i shpejt\u00eb dhe i leht\u00eb p\u00ebr riparim, i p\u00ebrshtatsh\u00ebm p\u00ebr t\u00eb gjitha llojet e flok\u00ebve. I disponuesh\u00ebm n\u00eb nj\u00eb spraj t\u00eb p\u00ebrshtatsh\u00ebm p\u00ebr riparim me gryk\u00eb sakt\u00ebsie, thjesht sp\u00ebrkatni n\u00ebp\u00ebr flok\u00eb p\u00ebr t\u00eb mbuluar flok\u00ebt e bardh\u00eb, rritjet dhe rr\u00ebnj\u00ebt p\u00ebr t\u00eb shijuar nj\u00eb p\u00ebrfundim t\u00eb p\u00ebrzier t\u00eb p\u00ebrsosur. Pak mjafton; \u00e7do kan\u00eb \u00a0p\u00ebrmban 75ml produkt, i shk\u00eblqyer p\u00ebr riparime n\u00eb pun\u00eb, gjat\u00eb udh\u00ebtimit ose kur jeni jasht\u00eb.<\/p>\n<p>&nbsp;<\/p>\n<p>Magji pa shqet\u00ebsim p\u00ebr flok\u00ebt. Formula jon\u00eb e zhvilluar me kujdes siguron sakt\u00ebsi t\u00eb nd\u00ebrtueshme. Spraji i Riparimit Root Perfect ka nj\u00eb gryk\u00eb aplikuese t\u00eb dizajnuar me kujdes p\u00ebr t\u00eb targetuar zonat e rritjes n\u00ebp\u00ebr kok\u00eb, nd\u00ebrsa ofron mbulim maksimal n\u00eb pjes\u00ebn e rr\u00ebnj\u00ebve. Spraji Root Perfect ofron nj\u00eb zgjidhje me tharje t\u00eb shpejt\u00eb q\u00eb ndihmon n\u00eb arritjen e nj\u00eb pamjeje t\u00eb p\u00ebrzier perfekt p\u00ebr flok\u00eb t\u00eb mrekulluesh\u00ebm gjat\u00eb gjith\u00eb dit\u00ebs.<\/p>\n<p>&nbsp;<\/p>\n<p><strong>Si t\u00eb p\u00ebrdorni:<\/strong> P\u00ebrdorni n\u00eb flok\u00eb t\u00eb thar\u00eb. Tundni produktin mir\u00eb para p\u00ebrdorimit. Vishni nj\u00eb peshqir t\u00eb err\u00ebt rreth shpatullave p\u00ebr t\u00eb mbrojtur rrobat. Duke e mbajtur produktin n\u00eb pozita vertikale, sp\u00ebrkatni n\u00eb zon\u00ebn e rr\u00ebnj\u00ebve nga nj\u00eb distanc\u00eb prej 15 cm. Mos sp\u00ebrkatni shum\u00eb; pak mjafton. Lejoni t\u00eb thahet para se t\u00eb prekni flok\u00ebt. P\u00ebrshtatni p\u00ebr t\u00eb p\u00ebrzier n\u00ebse \u00ebsht\u00eb e nevojshme. Lani me shampon dhe uj\u00eb t\u00eb ngroht\u00eb.<\/p>\n<p>&nbsp;<\/p>\n<p>Root Perfect \u00ebsht\u00eb nj\u00eb gam\u00eb e p\u00ebrballueshme por me cil\u00ebsi t\u00eb lart\u00eb e mbush\u00ebsve p\u00ebr rr\u00ebnj\u00ebt q\u00eb ofrojn\u00eb nj\u00eb zgjidhje t\u00eb shpejt\u00eb p\u00ebr rr\u00ebnj\u00ebt midis vizitave n\u00eb sallon, n\u00eb sht\u00ebpi ose n\u00eb l\u00ebvizje. P\u00ebr t\u00eb mbuluar zona m\u00eb t\u00eb m\u00ebdha n\u00eb kok\u00eb, zgjidhni nj\u00eb nga sprej\u00ebt tan\u00eb mbush\u00ebs p\u00ebr rr\u00ebnj\u00ebt, ose p\u00ebr nj\u00eb aplikim m\u00eb t\u00eb sakt\u00eb, nj\u00eb shkop riparimi Root Perfect \u00ebsht\u00eb zgjedhja juaj. P\u00ebrsosm\u00ebria e fundit e rr\u00ebnj\u00ebve \u2013 zbuloni p\u00ebrputhjen tuaj perfekte sot.<\/p>","protected":false},"excerpt":{"rendered":"<p>P\u00ebrsosm\u00ebria e fundit e rr\u00ebnj\u00ebve \u2013 zbuloni p\u00ebrputhjen tuaj perfekte sot.<\/p>","protected":false},"featured_media":9676,"template":"","meta":[],"product_cat":[160,155],"product_tag":[],"class_list":{"0":"post-9675","1":"product","2":"type-product","3":"status-publish","4":"has-post-thumbnail","6":"product_cat-hair-care","7":"product_cat-root-perfect","9":"first","10":"instock","11":"taxable","12":"shipping-taxable","13":"purchasable","14":"product-type-simple"},"yoast_head":"<!-- This site is optimized with the Yoast SEO plugin v23.6 - https:\/\/yoast.com\/wordpress\/plugins\/seo\/ -->\n<title>ROOT PERFECT Hair Concealer Spray, Dark Brown, 75ml - Alcedrix<\/title>\n<meta name=\"robots\" content=\"index, follow, max-snippet:-1, max-image-preview:large, max-video-preview:-1\" \/>\n<link rel=\"canonical\" href=\"http:\/\/alcedrix.com\/sq\/shop\/root-perfect-hair-concealer-spray-dark-brown-75ml\/\" \/>\n<meta property=\"og:locale\" content=\"sq_AL\" \/>\n<meta property=\"og:type\" content=\"article\" \/>\n<meta property=\"og:title\" content=\"ROOT PERFECT Hair Concealer Spray, Dark Brown, 75ml - Alcedrix\" \/>\n<meta property=\"og:description\" content=\"P\u00ebrsosm\u00ebria e fundit e rr\u00ebnj\u00ebve \u2013 zbuloni p\u00ebrputhjen tuaj perfekte sot.\" \/>\n<meta property=\"og:url\" content=\"http:\/\/alcedrix.com\/sq\/shop\/root-perfect-hair-concealer-spray-dark-brown-75ml\/\" \/>\n<meta property=\"og:site_name\" content=\"Alcedrix\" \/>\n<meta property=\"article:publisher\" content=\"https:\/\/www.facebook.com\/alcedrix\" \/>\n<meta property=\"article:modified_time\" content=\"2024-11-16T13:11:17+00:00\" \/>\n<meta property=\"og:image\" content=\"http:\/\/alcedrix.com\/wp-content\/uploads\/2024\/11\/ROOT_PERFECT_DARKBROWN_BA-TR298567C-min.jpg\" \/>\n\t<meta property=\"og:image:width\" content=\"2400\" \/>\n\t<meta property=\"og:image:height\" content=\"2400\" \/>\n\t<meta property=\"og:image:type\" content=\"image\/jpeg\" \/>\n<meta name=\"twitter:card\" content=\"summary_large_image\" \/>\n<meta name=\"twitter:label1\" content=\"Est. reading time\" \/>\n\t<meta name=\"twitter:data1\" content=\"4 minuta\" \/>\n<script type=\"application\/ld+json\" class=\"yoast-schema-graph\">{\"@context\":\"https:\/\/schema.org\",\"@graph\":[{\"@type\":\"WebPage\",\"@id\":\"http:\/\/alcedrix.com\/shop\/root-perfect-hair-concealer-spray-dark-brown-75ml\/\",\"url\":\"http:\/\/alcedrix.com\/shop\/root-perfect-hair-concealer-spray-dark-brown-75ml\/\",\"name\":\"ROOT PERFECT Hair Concealer Spray, Dark Brown, 75ml - Alcedrix\",\"isPartOf\":{\"@id\":\"https:\/\/alcedrix.com\/#website\"},\"primaryImageOfPage\":{\"@id\":\"http:\/\/alcedrix.com\/shop\/root-perfect-hair-concealer-spray-dark-brown-75ml\/#primaryimage\"},\"image\":{\"@id\":\"http:\/\/alcedrix.com\/shop\/root-perfect-hair-concealer-spray-dark-brown-75ml\/#primaryimage\"},\"thumbnailUrl\":\"https:\/\/alcedrix.com\/wp-content\/uploads\/2024\/11\/ROOT_PERFECT_DARKBROWN_BA-TR298567C-min.jpg\",\"datePublished\":\"2024-11-06T14:32:05+00:00\",\"dateModified\":\"2024-11-16T13:11:17+00:00\",\"breadcrumb\":{\"@id\":\"http:\/\/alcedrix.com\/shop\/root-perfect-hair-concealer-spray-dark-brown-75ml\/#breadcrumb\"},\"inLanguage\":\"sq\",\"potentialAction\":[{\"@type\":\"ReadAction\",\"target\":[\"http:\/\/alcedrix.com\/shop\/root-perfect-hair-concealer-spray-dark-brown-75ml\/\"]}]},{\"@type\":\"ImageObject\",\"inLanguage\":\"sq\",\"@id\":\"http:\/\/alcedrix.com\/shop\/root-perfect-hair-concealer-spray-dark-brown-75ml\/#primaryimage\",\"url\":\"https:\/\/alcedrix.com\/wp-content\/uploads\/2024\/11\/ROOT_PERFECT_DARKBROWN_BA-TR298567C-min.jpg\",\"contentUrl\":\"https:\/\/alcedrix.com\/wp-content\/uploads\/2024\/11\/ROOT_PERFECT_DARKBROWN_BA-TR298567C-min.jpg\",\"width\":2400,\"height\":2400},{\"@type\":\"BreadcrumbList\",\"@id\":\"http:\/\/alcedrix.com\/shop\/root-perfect-hair-concealer-spray-dark-brown-75ml\/#breadcrumb\",\"itemListElement\":[{\"@type\":\"ListItem\",\"position\":1,\"name\":\"Home\",\"item\":\"https:\/\/alcedrix.com\/\"},{\"@type\":\"ListItem\",\"position\":2,\"name\":\"Shop\",\"item\":\"https:\/\/alcedrix.com\/shop\/\"},{\"@type\":\"ListItem\",\"position\":3,\"name\":\"ROOT PERFECT Hair Concealer Spray, Dark Brown, 75ml\"}]},{\"@type\":\"WebSite\",\"@id\":\"https:\/\/alcedrix.com\/#website\",\"url\":\"https:\/\/alcedrix.com\/\",\"name\":\"Alcedrix\",\"description\":\"Alcedrix\",\"publisher\":{\"@id\":\"https:\/\/alcedrix.com\/#organization\"},\"potentialAction\":[{\"@type\":\"SearchAction\",\"target\":{\"@type\":\"EntryPoint\",\"urlTemplate\":\"https:\/\/alcedrix.com\/?s={search_term_string}\"},\"query-input\":{\"@type\":\"PropertyValueSpecification\",\"valueRequired\":true,\"valueName\":\"search_term_string\"}}],\"inLanguage\":\"sq\"},{\"@type\":\"Organization\",\"@id\":\"https:\/\/alcedrix.com\/#organization\",\"name\":\"Alcedrix\",\"url\":\"https:\/\/alcedrix.com\/\",\"logo\":{\"@type\":\"ImageObject\",\"inLanguage\":\"sq\",\"@id\":\"https:\/\/alcedrix.com\/#\/schema\/logo\/image\/\",\"url\":\"http:\/\/3.126.27.25\/wp-content\/uploads\/2023\/08\/logo-web.png\",\"contentUrl\":\"http:\/\/3.126.27.25\/wp-content\/uploads\/2023\/08\/logo-web.png\",\"width\":492,\"height\":93,\"caption\":\"Alcedrix\"},\"image\":{\"@id\":\"https:\/\/alcedrix.com\/#\/schema\/logo\/image\/\"},\"sameAs\":[\"https:\/\/www.facebook.com\/alcedrix\",\"https:\/\/www.instagram.com\/alcedrix\"]}]}<\/script>\n<!-- \/ Yoast SEO plugin. -->","yoast_head_json":{"title":"ROOT PERFECT Hair Concealer Spray, Dark Brown, 75ml - Alcedrix","robots":{"index":"index","follow":"follow","max-snippet":"max-snippet:-1","max-image-preview":"max-image-preview:large","max-video-preview":"max-video-preview:-1"},"canonical":"http:\/\/alcedrix.com\/sq\/shop\/root-perfect-hair-concealer-spray-dark-brown-75ml\/","og_locale":"sq_AL","og_type":"article","og_title":"ROOT PERFECT Hair Concealer Spray, Dark Brown, 75ml - Alcedrix","og_description":"P\u00ebrsosm\u00ebria e fundit e rr\u00ebnj\u00ebve \u2013 zbuloni p\u00ebrputhjen tuaj perfekte sot.","og_url":"http:\/\/alcedrix.com\/sq\/shop\/root-perfect-hair-concealer-spray-dark-brown-75ml\/","og_site_name":"Alcedrix","article_publisher":"https:\/\/www.facebook.com\/alcedrix","article_modified_time":"2024-11-16T13:11:17+00:00","og_image":[{"width":2400,"height":2400,"url":"http:\/\/alcedrix.com\/wp-content\/uploads\/2024\/11\/ROOT_PERFECT_DARKBROWN_BA-TR298567C-min.jpg","type":"image\/jpeg"}],"twitter_card":"summary_large_image","twitter_misc":{"Est. reading time":"4 minuta"},"schema":{"@context":"https:\/\/schema.org","@graph":[{"@type":"WebPage","@id":"http:\/\/alcedrix.com\/shop\/root-perfect-hair-concealer-spray-dark-brown-75ml\/","url":"http:\/\/alcedrix.com\/shop\/root-perfect-hair-concealer-spray-dark-brown-75ml\/","name":"ROOT PERFECT Hair Concealer Spray, Dark Brown, 75ml - Alcedrix","isPartOf":{"@id":"https:\/\/alcedrix.com\/#website"},"primaryImageOfPage":{"@id":"http:\/\/alcedrix.com\/shop\/root-perfect-hair-concealer-spray-dark-brown-75ml\/#primaryimage"},"image":{"@id":"http:\/\/alcedrix.com\/shop\/root-perfect-hair-concealer-spray-dark-brown-75ml\/#primaryimage"},"thumbnailUrl":"https:\/\/alcedrix.com\/wp-content\/uploads\/2024\/11\/ROOT_PERFECT_DARKBROWN_BA-TR298567C-min.jpg","datePublished":"2024-11-06T14:32:05+00:00","dateModified":"2024-11-16T13:11:17+00:00","breadcrumb":{"@id":"http:\/\/alcedrix.com\/shop\/root-perfect-hair-concealer-spray-dark-brown-75ml\/#breadcrumb"},"inLanguage":"sq","potentialAction":[{"@type":"ReadAction","target":["http:\/\/alcedrix.com\/shop\/root-perfect-hair-concealer-spray-dark-brown-75ml\/"]}]},{"@type":"ImageObject","inLanguage":"sq","@id":"http:\/\/alcedrix.com\/shop\/root-perfect-hair-concealer-spray-dark-brown-75ml\/#primaryimage","url":"https:\/\/alcedrix.com\/wp-content\/uploads\/2024\/11\/ROOT_PERFECT_DARKBROWN_BA-TR298567C-min.jpg","contentUrl":"https:\/\/alcedrix.com\/wp-content\/uploads\/2024\/11\/ROOT_PERFECT_DARKBROWN_BA-TR298567C-min.jpg","width":2400,"height":2400},{"@type":"BreadcrumbList","@id":"http:\/\/alcedrix.com\/shop\/root-perfect-hair-concealer-spray-dark-brown-75ml\/#breadcrumb","itemListElement":[{"@type":"ListItem","position":1,"name":"Home","item":"https:\/\/alcedrix.com\/"},{"@type":"ListItem","position":2,"name":"Shop","item":"https:\/\/alcedrix.com\/shop\/"},{"@type":"ListItem","position":3,"name":"ROOT PERFECT Hair Concealer Spray, Dark Brown, 75ml"}]},{"@type":"WebSite","@id":"https:\/\/alcedrix.com\/#website","url":"https:\/\/alcedrix.com\/","name":"Alcedrix","description":"Alcedrix","publisher":{"@id":"https:\/\/alcedrix.com\/#organization"},"potentialAction":[{"@type":"SearchAction","target":{"@type":"EntryPoint","urlTemplate":"https:\/\/alcedrix.com\/?s={search_term_string}"},"query-input":{"@type":"PropertyValueSpecification","valueRequired":true,"valueName":"search_term_string"}}],"inLanguage":"sq"},{"@type":"Organization","@id":"https:\/\/alcedrix.com\/#organization","name":"Alcedrix","url":"https:\/\/alcedrix.com\/","logo":{"@type":"ImageObject","inLanguage":"sq","@id":"https:\/\/alcedrix.com\/#\/schema\/logo\/image\/","url":"http:\/\/3.126.27.25\/wp-content\/uploads\/2023\/08\/logo-web.png","contentUrl":"http:\/\/3.126.27.25\/wp-content\/uploads\/2023\/08\/logo-web.png","width":492,"height":93,"caption":"Alcedrix"},"image":{"@id":"https:\/\/alcedrix.com\/#\/schema\/logo\/image\/"},"sameAs":["https:\/\/www.facebook.com\/alcedrix","https:\/\/www.instagram.com\/alcedrix"]}]}},"_links":{"self":[{"href":"https:\/\/alcedrix.com\/sq\/wp-json\/wp\/v2\/product\/9675"}],"collection":[{"href":"https:\/\/alcedrix.com\/sq\/wp-json\/wp\/v2\/product"}],"about":[{"href":"https:\/\/alcedrix.com\/sq\/wp-json\/wp\/v2\/types\/product"}],"version-history":[{"count":0,"href":"https:\/\/alcedrix.com\/sq\/wp-json\/wp\/v2\/product\/9675\/revisions"}],"wp:featuredmedia":[{"embeddable":true,"href":"https:\/\/alcedrix.com\/sq\/wp-json\/wp\/v2\/media\/9676"}],"wp:attachment":[{"href":"https:\/\/alcedrix.com\/sq\/wp-json\/wp\/v2\/media?parent=9675"}],"wp:term":[{"taxonomy":"product_cat","embeddable":true,"href":"https:\/\/alcedrix.com\/sq\/wp-json\/wp\/v2\/product_cat?post=9675"},{"taxonomy":"product_tag","embeddable":true,"href":"https:\/\/alcedrix.com\/sq\/wp-json\/wp\/v2\/product_tag?post=9675"}],"curies":[{"name":"wp","href":"https:\/\/api.w.org\/{rel}","templated":true}]}}