{"id":9673,"date":"2024-11-06T14:29:08","date_gmt":"2024-11-06T14:29:08","guid":{"rendered":"http:\/\/3.126.27.25\/?post_type=product&#038;p=9673"},"modified":"2024-11-06T14:29:08","modified_gmt":"2024-11-06T14:29:08","slug":"root-perfect-hair-concealer-spray-blonde-75ml","status":"publish","type":"product","link":"https:\/\/alcedrix.com\/sq\/shop\/root-perfect-hair-concealer-spray-blonde-75ml\/","title":{"rendered":"ROOT PERFECT Hair Concealer Spray, Blonde, 75ml"},"content":{"rendered":"<p><strong>ROOT PERFECT INSTANT CONCEALER<\/strong> Keni nevoj\u00eb p\u00ebr nj\u00eb rregullim t\u00eb shpejt\u00eb? Sp\u00ebrkatni sprej-instant Root Perfect Concealer n\u00eb flok\u00ebt tuaj p\u00ebr nj\u00eb zgjidhje t\u00eb shpejt\u00eb dhe t\u00eb leht\u00eb. Formula jon\u00eb p\u00ebr ringjalljen e ngjyr\u00ebs fsheh n\u00eb m\u00ebnyr\u00eb efektive flok\u00ebt e bardh\u00eb, rr\u00ebnj\u00ebt dhe rritjet p\u00ebr nj\u00eb finish t\u00eb p\u00ebrsosur gjat\u00eb gjith\u00eb dit\u00ebs.<\/p>\n<p>&nbsp;<\/p>\n<p><strong>ZGJATNI NGJYR\u00cbN E FLOK\u00cbVE TUAJ:<\/strong> Zgjatni koh\u00ebn midis lyerjeve t\u00eb flok\u00ebve me k\u00ebt\u00eb sprej praktik p\u00ebr korrigjim gjat\u00eb udh\u00ebtimit. Kur jeni t\u00eb z\u00ebn\u00eb, Root Perfect ju mban gjithmon\u00eb t\u00eb p\u00ebrgatitur. Formula e tij q\u00eb thahet shpejt ju lejon t\u00eb vazhdoni me dit\u00ebn tuaj pa u shqet\u00ebsuar p\u00ebr flok\u00ebt.<\/p>\n<p>&nbsp;<\/p>\n<p><strong>FSHEHNI RR\u00cbNJ\u00cbT DHE RITJET:<\/strong> N\u00eb nj\u00eb tub sp\u00ebrkat\u00ebs t\u00eb p\u00ebrshtatsh\u00ebm, spreji recolour Root Perfect p\u00ebrfiton nga nj\u00eb gryk\u00eb aplikuese e dizajnuar me kujdes p\u00ebr sakt\u00ebsi maksimale dhe \u00ebsht\u00eb krijuar p\u00ebr t&#8217;u p\u00ebrzier n\u00eb m\u00ebnyr\u00eb t\u00eb barabart\u00eb me flok\u00ebt tuaj natyral\u00eb.<\/p>\n<p><strong>Spreji p\u00ebr Rr\u00ebnj\u00eb me Tharje t\u00eb Shpejt\u00eb:<\/strong> Formula e sprejit Root Perfect garanton aplikim pa mundim pa thar\u00eb ose grumbulluar n\u00eb flok\u00ebt tuaj. Arrini nj\u00eb mbulim t\u00eb p\u00ebrsosur n\u00eb sekonda &#8211; thjesht tundni dhe sp\u00ebrkatni p\u00ebr prekje t\u00eb shpejta n\u00eb l\u00ebvizje.<\/p>\n<p>&nbsp;<\/p>\n<p><strong>P\u00cbR T\u00cb GJITHA LLOJET E FLOK\u00cbVE:<\/strong> Pavar\u00ebsisht nga ngjyra natyrale e flok\u00ebve tuaj, spreji Root Perfect \u00ebsht\u00eb n\u00eb dispozicion n\u00eb 5 nuanca p\u00ebr t\u00eb fshehur rritjet, rr\u00ebnj\u00ebt e bezdisshme dhe flok\u00ebt e bardh\u00eb p\u00ebr nj\u00eb pamje natyrale. Thjesht lani sprejin mbulues t\u00eb rr\u00ebnj\u00ebve n\u00eb fund t\u00eb dit\u00ebs. P\u00ebrsosm\u00ebria m\u00eb e mir\u00eb n\u00eb rr\u00ebnj\u00eb.<\/p>\n<p>&nbsp;<\/p>\n<p><strong>P\u00ebrshkrimi i produktit<\/strong><br \/>\nJepni nj\u00eb shtys\u00eb t\u00eb besimit tuaj midis ngjyrave t\u00eb flok\u00ebve me k\u00ebt\u00eb korrektues t\u00eb leht\u00eb p\u00ebr t&#8217;u p\u00ebrdorur. Ky produkt novator p\u00ebrzien menj\u00ebher\u00eb rr\u00ebnj\u00ebt dhe flok\u00ebt e bardh\u00eb pa ngjyrosur p\u00ebrher\u00eb flok\u00ebt. Ideal p\u00ebr kur nuk mund t\u00eb shkoni n\u00eb nj\u00eb sallon, spreji krijon nj\u00eb pamje m\u00eb t\u00eb p\u00ebrzier, t\u00eb fresk\u00ebt brenda sekondash. Spreji multifunksional \u00ebsht\u00eb gjithashtu i shk\u00eblqyer p\u00ebr ata q\u00eb p\u00ebrpiqen t\u00eb rritin ngjyr\u00ebn e tyre natyrale, duke ndihmuar n\u00eb fshehjen e d\u00ebmtimeve t\u00eb ashpra, duke krijuar nj\u00eb pamje m\u00eb t\u00eb qet\u00eb. Spreji gjithashtu mund t\u00eb p\u00ebrdoret p\u00ebr t\u00eb p\u00ebrzier lidhjet ose extensions p\u00ebr nj\u00eb pamje m\u00eb natyrale. Spreji Root Perfect Concealer mbulon menj\u00ebher\u00eb rritjen e rr\u00ebnj\u00ebve dhe flok\u00ebt e bardh\u00eb. Nj\u00eb zgjidhje e shpejt\u00eb dhe e leht\u00eb p\u00ebr t\u00eb ruajtur pamjen tuaj, pa nevoj\u00ebn p\u00ebr ngjyrosje t\u00eb shpeshta. Spreji Root Perfect Concealer mbulon menj\u00ebher\u00eb rritjen e rr\u00ebnj\u00ebve dhe flok\u00ebt e bardh\u00eb. Nj\u00eb zgjidhje e shpejt\u00eb dhe e leht\u00eb p\u00ebr t\u00eb ruajtur pamjen tuaj, pa nevoj\u00ebn p\u00ebr ngjyrosje t\u00eb shpeshta. E leht\u00eb dhe e p\u00ebrshtatshme p\u00ebr t&#8217;u p\u00ebrdorur \u00e7doher\u00eb, kudo. Fshihni rritjen tuaj midis ngjyrosjeve t\u00eb flok\u00ebve me k\u00ebt\u00eb sprej instant\u00a0 Root Perfect n\u00eb ngjyr\u00ebn bjonde. Ky sprej q\u00eb thithet shpejt ofron mbulim afatgjat\u00eb p\u00ebr t\u00eb gjith\u00eb flok\u00ebt e bardh\u00eb, duke u p\u00ebrzier leht\u00ebsisht p\u00ebr nj\u00eb pamje natyrale.<\/p>","protected":false},"excerpt":{"rendered":"<p>Ky sprej q\u00eb thithet shpejt ofron mbulim afatgjat\u00eb p\u00ebr t\u00eb gjith\u00eb flok\u00ebt e bardh\u00eb, duke u p\u00ebrzier leht\u00ebsisht p\u00ebr nj\u00eb pamje natyrale.<\/p>","protected":false},"featured_media":9674,"template":"","meta":[],"product_cat":[160,155],"product_tag":[],"class_list":{"0":"post-9673","1":"product","2":"type-product","3":"status-publish","4":"has-post-thumbnail","6":"product_cat-hair-care","7":"product_cat-root-perfect","9":"first","10":"instock","11":"taxable","12":"shipping-taxable","13":"purchasable","14":"product-type-simple"},"yoast_head":"<!-- This site is optimized with the Yoast SEO plugin v23.6 - https:\/\/yoast.com\/wordpress\/plugins\/seo\/ -->\n<title>ROOT PERFECT Hair Concealer Spray, Blonde, 75ml - Alcedrix<\/title>\n<meta name=\"robots\" content=\"index, follow, max-snippet:-1, max-image-preview:large, max-video-preview:-1\" \/>\n<link rel=\"canonical\" href=\"http:\/\/alcedrix.com\/sq\/shop\/root-perfect-hair-concealer-spray-blonde-75ml\/\" \/>\n<meta property=\"og:locale\" content=\"sq_AL\" \/>\n<meta property=\"og:type\" content=\"article\" \/>\n<meta property=\"og:title\" content=\"ROOT PERFECT Hair Concealer Spray, Blonde, 75ml - Alcedrix\" \/>\n<meta property=\"og:description\" content=\"Ky sprej q\u00eb thithet shpejt ofron mbulim afatgjat\u00eb p\u00ebr t\u00eb gjith\u00eb flok\u00ebt e bardh\u00eb, duke u p\u00ebrzier leht\u00ebsisht p\u00ebr nj\u00eb pamje natyrale.\" \/>\n<meta property=\"og:url\" content=\"http:\/\/alcedrix.com\/sq\/shop\/root-perfect-hair-concealer-spray-blonde-75ml\/\" \/>\n<meta property=\"og:site_name\" content=\"Alcedrix\" \/>\n<meta property=\"article:publisher\" content=\"https:\/\/www.facebook.com\/alcedrix\" \/>\n<meta property=\"og:image\" content=\"http:\/\/alcedrix.com\/wp-content\/uploads\/2024\/11\/ROOT_PERFECT_BLONDE_BA-TR298564C-min.jpg\" \/>\n\t<meta property=\"og:image:width\" content=\"2400\" \/>\n\t<meta property=\"og:image:height\" content=\"2400\" \/>\n\t<meta property=\"og:image:type\" content=\"image\/jpeg\" \/>\n<meta name=\"twitter:card\" content=\"summary_large_image\" \/>\n<meta name=\"twitter:label1\" content=\"Est. reading time\" \/>\n\t<meta name=\"twitter:data1\" content=\"3 minuta\" \/>\n<script type=\"application\/ld+json\" class=\"yoast-schema-graph\">{\"@context\":\"https:\/\/schema.org\",\"@graph\":[{\"@type\":\"WebPage\",\"@id\":\"http:\/\/alcedrix.com\/shop\/root-perfect-hair-concealer-spray-blonde-75ml\/\",\"url\":\"http:\/\/alcedrix.com\/shop\/root-perfect-hair-concealer-spray-blonde-75ml\/\",\"name\":\"ROOT PERFECT Hair Concealer Spray, Blonde, 75ml - Alcedrix\",\"isPartOf\":{\"@id\":\"https:\/\/alcedrix.com\/#website\"},\"primaryImageOfPage\":{\"@id\":\"http:\/\/alcedrix.com\/shop\/root-perfect-hair-concealer-spray-blonde-75ml\/#primaryimage\"},\"image\":{\"@id\":\"http:\/\/alcedrix.com\/shop\/root-perfect-hair-concealer-spray-blonde-75ml\/#primaryimage\"},\"thumbnailUrl\":\"https:\/\/alcedrix.com\/wp-content\/uploads\/2024\/11\/ROOT_PERFECT_BLONDE_BA-TR298564C-min.jpg\",\"datePublished\":\"2024-11-06T14:29:08+00:00\",\"dateModified\":\"2024-11-06T14:29:08+00:00\",\"breadcrumb\":{\"@id\":\"http:\/\/alcedrix.com\/shop\/root-perfect-hair-concealer-spray-blonde-75ml\/#breadcrumb\"},\"inLanguage\":\"sq\",\"potentialAction\":[{\"@type\":\"ReadAction\",\"target\":[\"http:\/\/alcedrix.com\/shop\/root-perfect-hair-concealer-spray-blonde-75ml\/\"]}]},{\"@type\":\"ImageObject\",\"inLanguage\":\"sq\",\"@id\":\"http:\/\/alcedrix.com\/shop\/root-perfect-hair-concealer-spray-blonde-75ml\/#primaryimage\",\"url\":\"https:\/\/alcedrix.com\/wp-content\/uploads\/2024\/11\/ROOT_PERFECT_BLONDE_BA-TR298564C-min.jpg\",\"contentUrl\":\"https:\/\/alcedrix.com\/wp-content\/uploads\/2024\/11\/ROOT_PERFECT_BLONDE_BA-TR298564C-min.jpg\",\"width\":2400,\"height\":2400},{\"@type\":\"BreadcrumbList\",\"@id\":\"http:\/\/alcedrix.com\/shop\/root-perfect-hair-concealer-spray-blonde-75ml\/#breadcrumb\",\"itemListElement\":[{\"@type\":\"ListItem\",\"position\":1,\"name\":\"Home\",\"item\":\"https:\/\/alcedrix.com\/\"},{\"@type\":\"ListItem\",\"position\":2,\"name\":\"Shop\",\"item\":\"https:\/\/alcedrix.com\/shop\/\"},{\"@type\":\"ListItem\",\"position\":3,\"name\":\"ROOT PERFECT Hair Concealer Spray, Blonde, 75ml\"}]},{\"@type\":\"WebSite\",\"@id\":\"https:\/\/alcedrix.com\/#website\",\"url\":\"https:\/\/alcedrix.com\/\",\"name\":\"Alcedrix\",\"description\":\"Alcedrix\",\"publisher\":{\"@id\":\"https:\/\/alcedrix.com\/#organization\"},\"potentialAction\":[{\"@type\":\"SearchAction\",\"target\":{\"@type\":\"EntryPoint\",\"urlTemplate\":\"https:\/\/alcedrix.com\/?s={search_term_string}\"},\"query-input\":{\"@type\":\"PropertyValueSpecification\",\"valueRequired\":true,\"valueName\":\"search_term_string\"}}],\"inLanguage\":\"sq\"},{\"@type\":\"Organization\",\"@id\":\"https:\/\/alcedrix.com\/#organization\",\"name\":\"Alcedrix\",\"url\":\"https:\/\/alcedrix.com\/\",\"logo\":{\"@type\":\"ImageObject\",\"inLanguage\":\"sq\",\"@id\":\"https:\/\/alcedrix.com\/#\/schema\/logo\/image\/\",\"url\":\"http:\/\/3.126.27.25\/wp-content\/uploads\/2023\/08\/logo-web.png\",\"contentUrl\":\"http:\/\/3.126.27.25\/wp-content\/uploads\/2023\/08\/logo-web.png\",\"width\":492,\"height\":93,\"caption\":\"Alcedrix\"},\"image\":{\"@id\":\"https:\/\/alcedrix.com\/#\/schema\/logo\/image\/\"},\"sameAs\":[\"https:\/\/www.facebook.com\/alcedrix\",\"https:\/\/www.instagram.com\/alcedrix\"]}]}<\/script>\n<!-- \/ Yoast SEO plugin. -->","yoast_head_json":{"title":"ROOT PERFECT Hair Concealer Spray, Blonde, 75ml - Alcedrix","robots":{"index":"index","follow":"follow","max-snippet":"max-snippet:-1","max-image-preview":"max-image-preview:large","max-video-preview":"max-video-preview:-1"},"canonical":"http:\/\/alcedrix.com\/sq\/shop\/root-perfect-hair-concealer-spray-blonde-75ml\/","og_locale":"sq_AL","og_type":"article","og_title":"ROOT PERFECT Hair Concealer Spray, Blonde, 75ml - Alcedrix","og_description":"Ky sprej q\u00eb thithet shpejt ofron mbulim afatgjat\u00eb p\u00ebr t\u00eb gjith\u00eb flok\u00ebt e bardh\u00eb, duke u p\u00ebrzier leht\u00ebsisht p\u00ebr nj\u00eb pamje natyrale.","og_url":"http:\/\/alcedrix.com\/sq\/shop\/root-perfect-hair-concealer-spray-blonde-75ml\/","og_site_name":"Alcedrix","article_publisher":"https:\/\/www.facebook.com\/alcedrix","og_image":[{"width":2400,"height":2400,"url":"http:\/\/alcedrix.com\/wp-content\/uploads\/2024\/11\/ROOT_PERFECT_BLONDE_BA-TR298564C-min.jpg","type":"image\/jpeg"}],"twitter_card":"summary_large_image","twitter_misc":{"Est. reading time":"3 minuta"},"schema":{"@context":"https:\/\/schema.org","@graph":[{"@type":"WebPage","@id":"http:\/\/alcedrix.com\/shop\/root-perfect-hair-concealer-spray-blonde-75ml\/","url":"http:\/\/alcedrix.com\/shop\/root-perfect-hair-concealer-spray-blonde-75ml\/","name":"ROOT PERFECT Hair Concealer Spray, Blonde, 75ml - Alcedrix","isPartOf":{"@id":"https:\/\/alcedrix.com\/#website"},"primaryImageOfPage":{"@id":"http:\/\/alcedrix.com\/shop\/root-perfect-hair-concealer-spray-blonde-75ml\/#primaryimage"},"image":{"@id":"http:\/\/alcedrix.com\/shop\/root-perfect-hair-concealer-spray-blonde-75ml\/#primaryimage"},"thumbnailUrl":"https:\/\/alcedrix.com\/wp-content\/uploads\/2024\/11\/ROOT_PERFECT_BLONDE_BA-TR298564C-min.jpg","datePublished":"2024-11-06T14:29:08+00:00","dateModified":"2024-11-06T14:29:08+00:00","breadcrumb":{"@id":"http:\/\/alcedrix.com\/shop\/root-perfect-hair-concealer-spray-blonde-75ml\/#breadcrumb"},"inLanguage":"sq","potentialAction":[{"@type":"ReadAction","target":["http:\/\/alcedrix.com\/shop\/root-perfect-hair-concealer-spray-blonde-75ml\/"]}]},{"@type":"ImageObject","inLanguage":"sq","@id":"http:\/\/alcedrix.com\/shop\/root-perfect-hair-concealer-spray-blonde-75ml\/#primaryimage","url":"https:\/\/alcedrix.com\/wp-content\/uploads\/2024\/11\/ROOT_PERFECT_BLONDE_BA-TR298564C-min.jpg","contentUrl":"https:\/\/alcedrix.com\/wp-content\/uploads\/2024\/11\/ROOT_PERFECT_BLONDE_BA-TR298564C-min.jpg","width":2400,"height":2400},{"@type":"BreadcrumbList","@id":"http:\/\/alcedrix.com\/shop\/root-perfect-hair-concealer-spray-blonde-75ml\/#breadcrumb","itemListElement":[{"@type":"ListItem","position":1,"name":"Home","item":"https:\/\/alcedrix.com\/"},{"@type":"ListItem","position":2,"name":"Shop","item":"https:\/\/alcedrix.com\/shop\/"},{"@type":"ListItem","position":3,"name":"ROOT PERFECT Hair Concealer Spray, Blonde, 75ml"}]},{"@type":"WebSite","@id":"https:\/\/alcedrix.com\/#website","url":"https:\/\/alcedrix.com\/","name":"Alcedrix","description":"Alcedrix","publisher":{"@id":"https:\/\/alcedrix.com\/#organization"},"potentialAction":[{"@type":"SearchAction","target":{"@type":"EntryPoint","urlTemplate":"https:\/\/alcedrix.com\/?s={search_term_string}"},"query-input":{"@type":"PropertyValueSpecification","valueRequired":true,"valueName":"search_term_string"}}],"inLanguage":"sq"},{"@type":"Organization","@id":"https:\/\/alcedrix.com\/#organization","name":"Alcedrix","url":"https:\/\/alcedrix.com\/","logo":{"@type":"ImageObject","inLanguage":"sq","@id":"https:\/\/alcedrix.com\/#\/schema\/logo\/image\/","url":"http:\/\/3.126.27.25\/wp-content\/uploads\/2023\/08\/logo-web.png","contentUrl":"http:\/\/3.126.27.25\/wp-content\/uploads\/2023\/08\/logo-web.png","width":492,"height":93,"caption":"Alcedrix"},"image":{"@id":"https:\/\/alcedrix.com\/#\/schema\/logo\/image\/"},"sameAs":["https:\/\/www.facebook.com\/alcedrix","https:\/\/www.instagram.com\/alcedrix"]}]}},"_links":{"self":[{"href":"https:\/\/alcedrix.com\/sq\/wp-json\/wp\/v2\/product\/9673"}],"collection":[{"href":"https:\/\/alcedrix.com\/sq\/wp-json\/wp\/v2\/product"}],"about":[{"href":"https:\/\/alcedrix.com\/sq\/wp-json\/wp\/v2\/types\/product"}],"version-history":[{"count":0,"href":"https:\/\/alcedrix.com\/sq\/wp-json\/wp\/v2\/product\/9673\/revisions"}],"wp:featuredmedia":[{"embeddable":true,"href":"https:\/\/alcedrix.com\/sq\/wp-json\/wp\/v2\/media\/9674"}],"wp:attachment":[{"href":"https:\/\/alcedrix.com\/sq\/wp-json\/wp\/v2\/media?parent=9673"}],"wp:term":[{"taxonomy":"product_cat","embeddable":true,"href":"https:\/\/alcedrix.com\/sq\/wp-json\/wp\/v2\/product_cat?post=9673"},{"taxonomy":"product_tag","embeddable":true,"href":"https:\/\/alcedrix.com\/sq\/wp-json\/wp\/v2\/product_tag?post=9673"}],"curies":[{"name":"wp","href":"https:\/\/api.w.org\/{rel}","templated":true}]}}