{"id":9670,"date":"2024-11-06T14:25:14","date_gmt":"2024-11-06T14:25:14","guid":{"rendered":"http:\/\/3.126.27.25\/?post_type=product&#038;p=9670"},"modified":"2024-11-06T14:52:12","modified_gmt":"2024-11-06T14:52:12","slug":"root-perfect-instant-root-concealer-spray-black-75ml","status":"publish","type":"product","link":"https:\/\/alcedrix.com\/sq\/shop\/root-perfect-instant-root-concealer-spray-black-75ml\/","title":{"rendered":"ROOT PERFECT Instant Root Concealer Spray, Black Color, 75ml"},"content":{"rendered":"<p><strong>Root Perfect Instant Concealer<\/strong>: Keni nevoj\u00eb p\u00ebr nj\u00eb rregullim t\u00eb shpejt\u00eb? Spreji <strong>Root Perfect Instant Root Concealer Spray<\/strong> n\u00eb flok\u00ebt tuaj p\u00ebr nj\u00eb zgjidhje t\u00eb shpejt\u00eb dhe t\u00eb leht\u00eb. Formula jon\u00eb rigjall\u00ebruese e ngjyr\u00ebs fsheh n\u00eb m\u00ebnyr\u00eb efektive thinjat, rr\u00ebnj\u00ebt dhe rigjenerimin p\u00ebr nj\u00eb p\u00ebrfundim t\u00eb p\u00ebrsosur gjat\u00eb gjith\u00eb dit\u00ebs.<\/p>\n<p>&nbsp;<\/p>\n<p><strong>Zgjat Ngjyr\u00ebn e Flok\u00ebve<\/strong>: Zgjatni koh\u00ebn midis lyerjeve t\u00eb flok\u00ebve me k\u00ebt\u00eb sprej praktik p\u00ebr korrigjim gjat\u00eb udh\u00ebtimit. Kur jeni t\u00eb z\u00ebn\u00eb, Root Perfect ju mban gjithmon\u00eb t\u00eb p\u00ebrgatitur. Formula e tij q\u00eb thahet shpejt ju lejon t\u00eb vazhdoni me dit\u00ebn tuaj pa u shqet\u00ebsuar p\u00ebr flok\u00ebt.<\/p>\n<p>&nbsp;<\/p>\n<p><strong>Fsheh Rr\u00ebnj\u00ebt dhe Rigjenerimin<\/strong>: N\u00eb nj\u00eb tub t\u00eb p\u00ebrshtatsh\u00ebm spreji, Root Perfect p\u00ebrfiton nga nj\u00eb gryk\u00eb aplikimi e projektuar me kujdes p\u00ebr sakt\u00ebsi maksimale dhe \u00ebsht\u00eb krijuar p\u00ebr t&#8217;u p\u00ebrzier n\u00eb m\u00ebnyr\u00eb t\u00eb barabart\u00eb me flok\u00ebt tuaj natyral\u00eb.<\/p>\n<p>&nbsp;<\/p>\n<p><strong>Spreji p\u00ebr Rr\u00ebnj\u00eb me Tharje t\u00eb Shpejt\u00eb<\/strong>: Formula e spreji-t Root Perfect garanton nj\u00eb aplikim pa mundim, pa tharje apo ngjitje n\u00eb flok\u00eb. Arrini mbulim t\u00eb p\u00ebrsosur n\u00eb sekonda &#8211; thjesht tundni dhe sp\u00ebrkatni p\u00ebr rregullime t\u00eb shpejta.<\/p>\n<p>&nbsp;<\/p>\n<p><strong>P\u00ebr T\u00eb Gjitha Llojet e Flok\u00ebve<\/strong>: Pavar\u00ebsisht ngjyr\u00ebs natyrale t\u00eb flok\u00ebve tuaj, Root Perfect Spray \u00ebsht\u00eb i disponuesh\u00ebm n\u00eb 5 nuanca p\u00ebr t\u00eb fshehur rigjenerimin, rr\u00ebnj\u00ebt e bezdisshme dhe thinjat e shp\u00ebrndara p\u00ebr nj\u00eb pamje natyrale. Thjesht lajeni spreji-n n\u00eb fund t\u00eb dit\u00ebs. Zgjidhja p\u00ebrfundimtare p\u00ebr p\u00ebrsosjen e rr\u00ebnj\u00ebve.<\/p>\n<p>&nbsp;<\/p>\n<p><strong>P\u00ebrshkrimi i Produktit<\/strong><\/p>\n<p><strong>Root Perfect Instant Root Concealer Spray, Black, 12ml<\/strong><br \/>\nE dizajnuar p\u00ebr t\u00eb fshehur rr\u00ebnj\u00ebt dhe rigjenerimin, <strong>Root Perfect Instant Root Concealer Spray<\/strong> \u00ebsht\u00eb nj\u00eb spreji i shpejt\u00eb dhe i leht\u00eb p\u00ebr rregullime, i p\u00ebrshtatsh\u00ebm p\u00ebr t\u00eb gjitha llojet e flok\u00ebve. E disponueshme n\u00eb nj\u00eb sp\u00ebrkat\u00ebs t\u00eb p\u00ebrshtatsh\u00ebm p\u00ebr rregullim me nj\u00eb gryk\u00eb precize, thjesht sp\u00ebrkatni n\u00ebp\u00ebr flok\u00eb p\u00ebr t\u00eb mbuluar flok\u00ebt gri, rritjen e flok\u00ebve dhe rr\u00ebnj\u00ebt p\u00ebr t\u00eb shijuar nj\u00eb p\u00ebrfundim t\u00eb p\u00ebrkryer t\u00eb p\u00ebrzier. Nj\u00eb sasi e vog\u00ebl mjafton; \u00e7do kan\u00eb p\u00ebrmban 75ml produkt, i shk\u00eblqyer p\u00ebr korrigjime n\u00eb pun\u00eb, ose kur udh\u00ebtoni jasht\u00eb vendit.<\/p>\n<p>&nbsp;<\/p>\n<p>Magjia e flok\u00ebve pa shqet\u00ebsime. Formula jon\u00eb e zhvilluar me kujdes siguron sakt\u00ebsi t\u00eb nd\u00ebrtueshme. <strong>Root Perfect Touch-Up Spray<\/strong> p\u00ebrmban nj\u00eb gryk\u00eb t\u00eb sakt\u00eb t\u00eb dizajnuar p\u00ebr t\u00eb synuar zonat e rigjenerimit n\u00eb t\u00eb gjith\u00eb kok\u00ebn nd\u00ebrsa ofron mbulim maksimal me nj\u00eb set mbush\u00ebs t\u00eb rr\u00ebnj\u00ebs. <strong>Root Perfect<\/strong> ofron nj\u00eb zgjidhje q\u00eb thahet shpejt, duke ju ndihmuar t\u00eb arrini nj\u00eb pamje t\u00eb p\u00ebrzier p\u00ebr flok\u00eb t\u00eb bukur gjat\u00eb gjith\u00eb dit\u00ebs.<\/p>\n<p>&nbsp;<\/p>\n<p><strong>Si t\u00eb P\u00ebrdorni<\/strong>: P\u00ebrdorni n\u00eb flok\u00eb t\u00eb thar\u00eb. Tundeni kan\u00ebn mir\u00eb para p\u00ebrdorimit. Vishni nj\u00eb peshqir t\u00eb err\u00ebt rreth shpatullave p\u00ebr t\u00eb mbrojtur veshjet. Duke mbajtur kan\u00ebn n\u00eb pozita vertikale, sp\u00ebrkateni n\u00eb zon\u00ebn e rr\u00ebnj\u00ebs nga nj\u00eb distanc\u00eb prej 15 cm. Mos sp\u00ebrkateni shum\u00eb; nj\u00eb sasi e vog\u00ebl mjafton. Lejoni t\u00eb thahet para se t\u00eb prekni flok\u00ebt. Brushoni p\u00ebr t\u00eb p\u00ebrzier n\u00ebse \u00ebsht\u00eb e nevojshme. Pastroni me shampon dhe uj\u00eb t\u00eb ngroht\u00eb.<\/p>\n<p>&nbsp;<\/p>\n<p><strong>Root Perfect<\/strong> \u00ebsht\u00eb nj\u00eb gam\u00eb e p\u00ebrballueshme, por me cil\u00ebsi t\u00eb lart\u00eb e mbush\u00ebsve t\u00eb rr\u00ebnj\u00ebs q\u00eb ofron nj\u00eb zgjidhje t\u00eb shpejt\u00eb p\u00ebr rr\u00ebnj\u00ebt mes vizitave n\u00eb sallon, n\u00eb sht\u00ebpi ose n\u00eb l\u00ebvizje. P\u00ebr t\u00eb mbuluar zona m\u00eb t\u00eb m\u00ebdha n\u00eb kok\u00eb, zgjidhni nj\u00eb nga sprej\u00ebt tan\u00eb p\u00ebr mbushje t\u00eb rr\u00ebnj\u00ebs, ose p\u00ebr aplikim m\u00eb t\u00eb sakt\u00eb, nj\u00eb pen\u00eb gel p\u00ebr rregullim <strong>Root Perfect<\/strong> \u00ebsht\u00eb e duhura p\u00ebr ju. Zgjidhja p\u00ebrfundimtare p\u00ebr p\u00ebrsosjen e rr\u00ebnj\u00ebve &#8211; zbuloni p\u00ebrputhjen tuaj t\u00eb p\u00ebrsosur sot.<\/p>","protected":false},"excerpt":{"rendered":"<p>Zgjidhja p\u00ebrfundimtare p\u00ebr p\u00ebrsosjen e rr\u00ebnj\u00ebve &#8211; zbuloni p\u00ebrputhjen tuaj t\u00eb p\u00ebrsosur sot.<\/p>","protected":false},"featured_media":9672,"template":"","meta":[],"product_cat":[160,155],"product_tag":[],"class_list":{"0":"post-9670","1":"product","2":"type-product","3":"status-publish","4":"has-post-thumbnail","6":"product_cat-hair-care","7":"product_cat-root-perfect","9":"first","10":"instock","11":"taxable","12":"shipping-taxable","13":"purchasable","14":"product-type-simple"},"yoast_head":"<!-- This site is optimized with the Yoast SEO plugin v23.6 - https:\/\/yoast.com\/wordpress\/plugins\/seo\/ -->\n<title>ROOT PERFECT Instant Root Concealer Spray, Black Color, 75ml - Alcedrix<\/title>\n<meta name=\"robots\" content=\"index, follow, max-snippet:-1, max-image-preview:large, max-video-preview:-1\" \/>\n<link rel=\"canonical\" href=\"http:\/\/alcedrix.com\/sq\/shop\/root-perfect-instant-root-concealer-spray-black-75ml\/\" \/>\n<meta property=\"og:locale\" content=\"sq_AL\" \/>\n<meta property=\"og:type\" content=\"article\" \/>\n<meta property=\"og:title\" content=\"ROOT PERFECT Instant Root Concealer Spray, Black Color, 75ml - Alcedrix\" \/>\n<meta property=\"og:description\" content=\"Zgjidhja p\u00ebrfundimtare p\u00ebr p\u00ebrsosjen e rr\u00ebnj\u00ebve - zbuloni p\u00ebrputhjen tuaj t\u00eb p\u00ebrsosur sot.\" \/>\n<meta property=\"og:url\" content=\"http:\/\/alcedrix.com\/sq\/shop\/root-perfect-instant-root-concealer-spray-black-75ml\/\" \/>\n<meta property=\"og:site_name\" content=\"Alcedrix\" \/>\n<meta property=\"article:publisher\" content=\"https:\/\/www.facebook.com\/alcedrix\" \/>\n<meta property=\"article:modified_time\" content=\"2024-11-06T14:52:12+00:00\" \/>\n<meta property=\"og:image\" content=\"http:\/\/alcedrix.com\/wp-content\/uploads\/2024\/11\/ROOT_PERFECT_BLACK_BA-TR298568C-min.jpg\" \/>\n\t<meta property=\"og:image:width\" content=\"2400\" \/>\n\t<meta property=\"og:image:height\" content=\"2400\" \/>\n\t<meta property=\"og:image:type\" content=\"image\/jpeg\" \/>\n<meta name=\"twitter:card\" content=\"summary_large_image\" \/>\n<meta name=\"twitter:label1\" content=\"Est. reading time\" \/>\n\t<meta name=\"twitter:data1\" content=\"3 minuta\" \/>\n<script type=\"application\/ld+json\" class=\"yoast-schema-graph\">{\"@context\":\"https:\/\/schema.org\",\"@graph\":[{\"@type\":\"WebPage\",\"@id\":\"http:\/\/alcedrix.com\/shop\/root-perfect-instant-root-concealer-spray-black-75ml\/\",\"url\":\"http:\/\/alcedrix.com\/shop\/root-perfect-instant-root-concealer-spray-black-75ml\/\",\"name\":\"ROOT PERFECT Instant Root Concealer Spray, Black Color, 75ml - Alcedrix\",\"isPartOf\":{\"@id\":\"https:\/\/alcedrix.com\/#website\"},\"primaryImageOfPage\":{\"@id\":\"http:\/\/alcedrix.com\/shop\/root-perfect-instant-root-concealer-spray-black-75ml\/#primaryimage\"},\"image\":{\"@id\":\"http:\/\/alcedrix.com\/shop\/root-perfect-instant-root-concealer-spray-black-75ml\/#primaryimage\"},\"thumbnailUrl\":\"https:\/\/alcedrix.com\/wp-content\/uploads\/2024\/11\/ROOT_PERFECT_BLACK_BA-TR298568C-min.jpg\",\"datePublished\":\"2024-11-06T14:25:14+00:00\",\"dateModified\":\"2024-11-06T14:52:12+00:00\",\"breadcrumb\":{\"@id\":\"http:\/\/alcedrix.com\/shop\/root-perfect-instant-root-concealer-spray-black-75ml\/#breadcrumb\"},\"inLanguage\":\"sq\",\"potentialAction\":[{\"@type\":\"ReadAction\",\"target\":[\"http:\/\/alcedrix.com\/shop\/root-perfect-instant-root-concealer-spray-black-75ml\/\"]}]},{\"@type\":\"ImageObject\",\"inLanguage\":\"sq\",\"@id\":\"http:\/\/alcedrix.com\/shop\/root-perfect-instant-root-concealer-spray-black-75ml\/#primaryimage\",\"url\":\"https:\/\/alcedrix.com\/wp-content\/uploads\/2024\/11\/ROOT_PERFECT_BLACK_BA-TR298568C-min.jpg\",\"contentUrl\":\"https:\/\/alcedrix.com\/wp-content\/uploads\/2024\/11\/ROOT_PERFECT_BLACK_BA-TR298568C-min.jpg\",\"width\":2400,\"height\":2400},{\"@type\":\"BreadcrumbList\",\"@id\":\"http:\/\/alcedrix.com\/shop\/root-perfect-instant-root-concealer-spray-black-75ml\/#breadcrumb\",\"itemListElement\":[{\"@type\":\"ListItem\",\"position\":1,\"name\":\"Home\",\"item\":\"https:\/\/alcedrix.com\/\"},{\"@type\":\"ListItem\",\"position\":2,\"name\":\"Shop\",\"item\":\"https:\/\/alcedrix.com\/shop\/\"},{\"@type\":\"ListItem\",\"position\":3,\"name\":\"ROOT PERFECT Instant Root Concealer Spray, Black Color, 75ml\"}]},{\"@type\":\"WebSite\",\"@id\":\"https:\/\/alcedrix.com\/#website\",\"url\":\"https:\/\/alcedrix.com\/\",\"name\":\"Alcedrix\",\"description\":\"Alcedrix\",\"publisher\":{\"@id\":\"https:\/\/alcedrix.com\/#organization\"},\"potentialAction\":[{\"@type\":\"SearchAction\",\"target\":{\"@type\":\"EntryPoint\",\"urlTemplate\":\"https:\/\/alcedrix.com\/?s={search_term_string}\"},\"query-input\":{\"@type\":\"PropertyValueSpecification\",\"valueRequired\":true,\"valueName\":\"search_term_string\"}}],\"inLanguage\":\"sq\"},{\"@type\":\"Organization\",\"@id\":\"https:\/\/alcedrix.com\/#organization\",\"name\":\"Alcedrix\",\"url\":\"https:\/\/alcedrix.com\/\",\"logo\":{\"@type\":\"ImageObject\",\"inLanguage\":\"sq\",\"@id\":\"https:\/\/alcedrix.com\/#\/schema\/logo\/image\/\",\"url\":\"http:\/\/3.126.27.25\/wp-content\/uploads\/2023\/08\/logo-web.png\",\"contentUrl\":\"http:\/\/3.126.27.25\/wp-content\/uploads\/2023\/08\/logo-web.png\",\"width\":492,\"height\":93,\"caption\":\"Alcedrix\"},\"image\":{\"@id\":\"https:\/\/alcedrix.com\/#\/schema\/logo\/image\/\"},\"sameAs\":[\"https:\/\/www.facebook.com\/alcedrix\",\"https:\/\/www.instagram.com\/alcedrix\"]}]}<\/script>\n<!-- \/ Yoast SEO plugin. -->","yoast_head_json":{"title":"ROOT PERFECT Instant Root Concealer Spray, Black Color, 75ml - Alcedrix","robots":{"index":"index","follow":"follow","max-snippet":"max-snippet:-1","max-image-preview":"max-image-preview:large","max-video-preview":"max-video-preview:-1"},"canonical":"http:\/\/alcedrix.com\/sq\/shop\/root-perfect-instant-root-concealer-spray-black-75ml\/","og_locale":"sq_AL","og_type":"article","og_title":"ROOT PERFECT Instant Root Concealer Spray, Black Color, 75ml - Alcedrix","og_description":"Zgjidhja p\u00ebrfundimtare p\u00ebr p\u00ebrsosjen e rr\u00ebnj\u00ebve - zbuloni p\u00ebrputhjen tuaj t\u00eb p\u00ebrsosur sot.","og_url":"http:\/\/alcedrix.com\/sq\/shop\/root-perfect-instant-root-concealer-spray-black-75ml\/","og_site_name":"Alcedrix","article_publisher":"https:\/\/www.facebook.com\/alcedrix","article_modified_time":"2024-11-06T14:52:12+00:00","og_image":[{"width":2400,"height":2400,"url":"http:\/\/alcedrix.com\/wp-content\/uploads\/2024\/11\/ROOT_PERFECT_BLACK_BA-TR298568C-min.jpg","type":"image\/jpeg"}],"twitter_card":"summary_large_image","twitter_misc":{"Est. reading time":"3 minuta"},"schema":{"@context":"https:\/\/schema.org","@graph":[{"@type":"WebPage","@id":"http:\/\/alcedrix.com\/shop\/root-perfect-instant-root-concealer-spray-black-75ml\/","url":"http:\/\/alcedrix.com\/shop\/root-perfect-instant-root-concealer-spray-black-75ml\/","name":"ROOT PERFECT Instant Root Concealer Spray, Black Color, 75ml - Alcedrix","isPartOf":{"@id":"https:\/\/alcedrix.com\/#website"},"primaryImageOfPage":{"@id":"http:\/\/alcedrix.com\/shop\/root-perfect-instant-root-concealer-spray-black-75ml\/#primaryimage"},"image":{"@id":"http:\/\/alcedrix.com\/shop\/root-perfect-instant-root-concealer-spray-black-75ml\/#primaryimage"},"thumbnailUrl":"https:\/\/alcedrix.com\/wp-content\/uploads\/2024\/11\/ROOT_PERFECT_BLACK_BA-TR298568C-min.jpg","datePublished":"2024-11-06T14:25:14+00:00","dateModified":"2024-11-06T14:52:12+00:00","breadcrumb":{"@id":"http:\/\/alcedrix.com\/shop\/root-perfect-instant-root-concealer-spray-black-75ml\/#breadcrumb"},"inLanguage":"sq","potentialAction":[{"@type":"ReadAction","target":["http:\/\/alcedrix.com\/shop\/root-perfect-instant-root-concealer-spray-black-75ml\/"]}]},{"@type":"ImageObject","inLanguage":"sq","@id":"http:\/\/alcedrix.com\/shop\/root-perfect-instant-root-concealer-spray-black-75ml\/#primaryimage","url":"https:\/\/alcedrix.com\/wp-content\/uploads\/2024\/11\/ROOT_PERFECT_BLACK_BA-TR298568C-min.jpg","contentUrl":"https:\/\/alcedrix.com\/wp-content\/uploads\/2024\/11\/ROOT_PERFECT_BLACK_BA-TR298568C-min.jpg","width":2400,"height":2400},{"@type":"BreadcrumbList","@id":"http:\/\/alcedrix.com\/shop\/root-perfect-instant-root-concealer-spray-black-75ml\/#breadcrumb","itemListElement":[{"@type":"ListItem","position":1,"name":"Home","item":"https:\/\/alcedrix.com\/"},{"@type":"ListItem","position":2,"name":"Shop","item":"https:\/\/alcedrix.com\/shop\/"},{"@type":"ListItem","position":3,"name":"ROOT PERFECT Instant Root Concealer Spray, Black Color, 75ml"}]},{"@type":"WebSite","@id":"https:\/\/alcedrix.com\/#website","url":"https:\/\/alcedrix.com\/","name":"Alcedrix","description":"Alcedrix","publisher":{"@id":"https:\/\/alcedrix.com\/#organization"},"potentialAction":[{"@type":"SearchAction","target":{"@type":"EntryPoint","urlTemplate":"https:\/\/alcedrix.com\/?s={search_term_string}"},"query-input":{"@type":"PropertyValueSpecification","valueRequired":true,"valueName":"search_term_string"}}],"inLanguage":"sq"},{"@type":"Organization","@id":"https:\/\/alcedrix.com\/#organization","name":"Alcedrix","url":"https:\/\/alcedrix.com\/","logo":{"@type":"ImageObject","inLanguage":"sq","@id":"https:\/\/alcedrix.com\/#\/schema\/logo\/image\/","url":"http:\/\/3.126.27.25\/wp-content\/uploads\/2023\/08\/logo-web.png","contentUrl":"http:\/\/3.126.27.25\/wp-content\/uploads\/2023\/08\/logo-web.png","width":492,"height":93,"caption":"Alcedrix"},"image":{"@id":"https:\/\/alcedrix.com\/#\/schema\/logo\/image\/"},"sameAs":["https:\/\/www.facebook.com\/alcedrix","https:\/\/www.instagram.com\/alcedrix"]}]}},"_links":{"self":[{"href":"https:\/\/alcedrix.com\/sq\/wp-json\/wp\/v2\/product\/9670"}],"collection":[{"href":"https:\/\/alcedrix.com\/sq\/wp-json\/wp\/v2\/product"}],"about":[{"href":"https:\/\/alcedrix.com\/sq\/wp-json\/wp\/v2\/types\/product"}],"version-history":[{"count":1,"href":"https:\/\/alcedrix.com\/sq\/wp-json\/wp\/v2\/product\/9670\/revisions"}],"predecessor-version":[{"id":9688,"href":"https:\/\/alcedrix.com\/sq\/wp-json\/wp\/v2\/product\/9670\/revisions\/9688"}],"wp:featuredmedia":[{"embeddable":true,"href":"https:\/\/alcedrix.com\/sq\/wp-json\/wp\/v2\/media\/9672"}],"wp:attachment":[{"href":"https:\/\/alcedrix.com\/sq\/wp-json\/wp\/v2\/media?parent=9670"}],"wp:term":[{"taxonomy":"product_cat","embeddable":true,"href":"https:\/\/alcedrix.com\/sq\/wp-json\/wp\/v2\/product_cat?post=9670"},{"taxonomy":"product_tag","embeddable":true,"href":"https:\/\/alcedrix.com\/sq\/wp-json\/wp\/v2\/product_tag?post=9670"}],"curies":[{"name":"wp","href":"https:\/\/api.w.org\/{rel}","templated":true}]}}