{"id":9662,"date":"2024-11-06T13:58:01","date_gmt":"2024-11-06T13:58:01","guid":{"rendered":"http:\/\/3.126.27.25\/?post_type=product&#038;p=9662"},"modified":"2024-11-15T09:23:48","modified_gmt":"2024-11-15T09:23:48","slug":"the-solution-menopause-balancing-intimate-wash","status":"publish","type":"product","link":"https:\/\/alcedrix.com\/sq\/shop\/the-solution-menopause-balancing-intimate-wash\/","title":{"rendered":"The Solution Menopause Balancing Intimate Wash"},"content":{"rendered":"<p><strong>P\u00ebrfitimet Kryesore:<\/strong><\/p>\n<ul>\n<li>100% pa sapun dhe pa alkali<br \/>\n\u2022 I miratuar nga gjinekologu<br \/>\n\u2022 Pa arom\u00eb dhe me pH t\u00eb balancuar<br \/>\n\u2022 Formuluar me M Intimate Complex p\u00ebr t\u00eb ndihmuar n\u00eb leht\u00ebsimin e parehatis\u00eb dhe that\u00ebsis\u00eb.<\/li>\n<\/ul>\n<p>&nbsp;<\/p>\n<p>Lar\u00ebsi yn\u00eb delikat ditor ndihmon n\u00eb balancimin e mjedisit t\u00eb mikrobiom\u00ebs gjat\u00eb t\u00eb gjitha fazave t\u00eb menopauz\u00ebs p\u00ebr t\u00eb mb\u00ebshtetur nj\u00eb zon\u00eb intime t\u00eb sh\u00ebndetshme dhe p\u00ebr t\u2019i l\u00ebn\u00eb l\u00ebkur\u00ebs tuaj nj\u00eb ndjesi qet\u00ebsuese dhe t\u00eb fresk\u00ebt.E pasuruar me M<\/p>\n<p>&nbsp;<\/p>\n<p>Intimate Complex tonin unik, q\u00eb p\u00ebrmban Aloe Vera, Qum\u00ebsht t\u00ebrsh\u00ebre organik dhe prebiotik\u00eb p\u00ebr t\u00eb ndihmuar n\u00eb qet\u00ebsimin dhe hidratimin e l\u00ebkur\u00ebs si dhe n\u00eb leht\u00ebsimin e simptomave t\u00eb parehatis\u00eb dhe that\u00ebsis\u00eb vaginale t\u00eb p\u00ebrjetuar gjat\u00eb menopauz\u00ebs.<\/p>\n<p>&nbsp;<\/p>\n<p>E zhvilluar dhe testuar nga gra t\u00eb v\u00ebrteta gjat\u00eb udh\u00ebtimit t\u00eb tyre menopauzal, ky lar\u00ebs \u00ebsht\u00eb mjaft delikat p\u00ebr p\u00ebrdorim t\u00eb p\u00ebrditsh\u00ebm p\u00ebr t\u00eb luftuar that\u00ebsin\u00eb vaginale dhe \u00ebsht\u00eb e p\u00ebrshtatshme p\u00ebr p\u00ebrdorim gjat\u00eb menopauz\u00ebs dhe m\u00eb tej. E miratuar nga gjinekolog\u00ebt, kjo formul\u00eb \u00ebsht\u00eb 100% pa arom\u00eb, pa sapun, pa alkali dhe me pH t\u00eb balancuar. E p\u00ebrsosur p\u00ebr p\u00ebrdorim t\u00eb p\u00ebrditsh\u00ebm n\u00eb dush ose midis vizitave n\u00eb tualet p\u00ebr t\u2019u ndjer\u00eb e fresk\u00ebt.<\/p>\n<p>&nbsp;<\/p>\n<p>100% vegan dhe e testuar dermatologjikisht, lar\u00ebsi Balancing Intimate \u00ebsht\u00eb b\u00ebr\u00eb me paketim t\u00eb ricikluesh\u00ebm nga materiale t\u00eb ricikluara pas konsumit (PCR).<\/p>\n<p>&nbsp;<\/p>\n<p>Zbuloni bukurin\u00eb n\u00eb thjesht\u00ebsi me kujdesin p\u00ebr menopauz\u00eb q\u00eb zgjidh problemet menj\u00ebher\u00eb. E zhvilluar nga nj\u00eb ekip i apasionuar ekspert\u00ebsh t\u00eb kujdesit t\u00eb l\u00ebkur\u00ebs dhe shkenc\u00ebtar\u00ebsh, ne p\u00ebrdorim fuqin\u00eb e p\u00ebrb\u00ebr\u00ebsve aktiv\u00eb t\u00eb provuar p\u00ebr t\u00eb trajtuar problemet tuaja t\u00eb menopauz\u00ebs dhe p\u00ebr t\u00eb ndihmuar n\u00eb promovimin e nj\u00eb l\u00ebkure m\u00eb t\u00eb sh\u00ebndetshme, n\u00eb m\u00ebnyr\u00eb q\u00eb t\u00eb ndiheni t\u00eb sigurt dhe t\u00eb lul\u00ebzoni \u00e7do dit\u00eb gjat\u00eb menopauz\u00ebs.<\/p>\n<p>&nbsp;<\/p>\n<p><strong>Si t\u00eb p\u00ebrdorni: <\/strong>P\u00ebrziejeni sasin\u00eb e d\u00ebshiruar t\u00eb produktit n\u00eb dor\u00eb ose nj\u00eb sfungjer t\u00eb past\u00ebr me uj\u00eb t\u00eb ngroht\u00eb. Pastroni zon\u00ebn intime t\u00eb jashtme gjat\u00eb dushit, banj\u00ebs ose midis vizitave n\u00eb tualet. Shp\u00ebrlajeni mir\u00eb me uj\u00eb t\u00eb past\u00ebr dhe thani but\u00ebsisht. P\u00ebrdorni \u00e7do dit\u00eb p\u00ebr t\u00eb ndjer\u00eb freskin\u00eb dhe komoditetin.<\/p>","protected":false},"excerpt":{"rendered":"<p><strong>That\u00ebsin\u00eb Vaginale<\/strong><\/p>\n<p>&nbsp;<\/p>\n<style type=\"text\/css\">\n\t#foogallery-gallery-10019 .fg-image {\n        width: 150px;\n    }\n<\/style>\n<div class=\"foogallery foogallery-container foogallery-default foogallery-lightbox-foogallery fg-gutter-10 fg-center fg-default fg-light fg-border-thin fg-shadow-outline fg-loading-default fg-loaded-fade-in fg-caption-hover fg-hover-fade fg-hover-zoom fg-ready\" id=\"foogallery-gallery-10019\" data-foogallery=\"{&quot;item&quot;:{&quot;showCaptionTitle&quot;:true,&quot;showCaptionDescription&quot;:true},&quot;lazy&quot;:true}\" data-foogallery-lightbox=\"{&quot;thumbs&quot;:&quot;bottom&quot;,&quot;thumbsCaptions&quot;:false,&quot;thumbsBestFit&quot;:false,&quot;thumbsSmall&quot;:false,&quot;thumbsCaptionsAlign&quot;:&quot;default&quot;,&quot;info&quot;:&quot;bottom&quot;,&quot;infoVisible&quot;:true,&quot;infoOverlay&quot;:true,&quot;infoAlign&quot;:&quot;default&quot;,&quot;transition&quot;:&quot;fade&quot;,&quot;hoverButtons&quot;:false,&quot;fitMedia&quot;:false,&quot;noScrollbars&quot;:true,&quot;preserveButtonSpace&quot;:true,&quot;buttons&quot;:{&quot;fullscreen&quot;:true,&quot;info&quot;:true,&quot;thumbs&quot;:false},&quot;video&quot;:{&quot;autoPlay&quot;:true}}\" >\n<div class=\"fg-item fg-type-image fg-idle\">\n<figure class=\"fg-item-inner\"><a href=\"https:\/\/alcedrix.com\/wp-content\/uploads\/2024\/11\/The_Solution_Menopause_Balancing_Intimate_Wash_150ml_Model_holding_product_11.jpg\" data-attachment-id=\"10020\" data-type=\"image\" class=\"fg-thumb\"><span class=\"fg-image-wrap\"><img decoding=\"async\" width=\"150\" height=\"150\" class=\"skip-lazy fg-image\" data-src-fg=\"https:\/\/alcedrix.com\/wp-content\/uploads\/cache\/2024\/11\/The_Solution_Menopause_Balancing_Intimate_Wash_150ml_Model_holding_product_11\/1056913558.jpg\" src=\"data:image\/svg+xml,%3Csvg%20xmlns%3D%22http%3A%2F%2Fwww.w3.org%2F2000%2Fsvg%22%20width%3D%22150%22%20height%3D%22150%22%20viewBox%3D%220%200%20150%20150%22%3E%3C%2Fsvg%3E\" loading=\"eager\"><\/span><span class=\"fg-image-overlay\"><\/span><\/a><figcaption class=\"fg-caption\">\n<div class=\"fg-caption-inner\"><\/div>\n<\/figcaption><\/figure>\n<div class=\"fg-loader\"><\/div>\n<\/div>\n<div class=\"fg-item fg-type-image fg-idle\">\n<figure class=\"fg-item-inner\"><a href=\"https:\/\/alcedrix.com\/wp-content\/uploads\/2024\/11\/The_Solution_Menopause_Balancing_Intimate_Wash_150ml_User_Trial_Results1.jpg\" data-attachment-id=\"10021\" data-type=\"image\" class=\"fg-thumb\"><span class=\"fg-image-wrap\"><img decoding=\"async\" width=\"150\" height=\"150\" class=\"skip-lazy fg-image\" data-src-fg=\"https:\/\/alcedrix.com\/wp-content\/uploads\/cache\/2024\/11\/The_Solution_Menopause_Balancing_Intimate_Wash_150ml_User_Trial_Results1\/171756413.jpg\" src=\"data:image\/svg+xml,%3Csvg%20xmlns%3D%22http%3A%2F%2Fwww.w3.org%2F2000%2Fsvg%22%20width%3D%22150%22%20height%3D%22150%22%20viewBox%3D%220%200%20150%20150%22%3E%3C%2Fsvg%3E\" loading=\"eager\"><\/span><span class=\"fg-image-overlay\"><\/span><\/a><figcaption class=\"fg-caption\">\n<div class=\"fg-caption-inner\"><\/div>\n<\/figcaption><\/figure>\n<div class=\"fg-loader\"><\/div>\n<\/div>\n<div class=\"fg-item fg-type-image fg-idle\">\n<figure class=\"fg-item-inner\"><a href=\"https:\/\/alcedrix.com\/wp-content\/uploads\/2024\/11\/The_Solution_Menopause_Balancing_Intimate_Wash_150ml_Model_holding_product1.jpg\" data-attachment-id=\"10022\" data-type=\"image\" class=\"fg-thumb\"><span class=\"fg-image-wrap\"><img decoding=\"async\" width=\"150\" height=\"150\" class=\"skip-lazy fg-image\" data-src-fg=\"https:\/\/alcedrix.com\/wp-content\/uploads\/cache\/2024\/11\/The_Solution_Menopause_Balancing_Intimate_Wash_150ml_Model_holding_product1\/1403882129.jpg\" src=\"data:image\/svg+xml,%3Csvg%20xmlns%3D%22http%3A%2F%2Fwww.w3.org%2F2000%2Fsvg%22%20width%3D%22150%22%20height%3D%22150%22%20viewBox%3D%220%200%20150%20150%22%3E%3C%2Fsvg%3E\" loading=\"eager\"><\/span><span class=\"fg-image-overlay\"><\/span><\/a><figcaption class=\"fg-caption\">\n<div class=\"fg-caption-inner\"><\/div>\n<\/figcaption><\/figure>\n<div class=\"fg-loader\"><\/div>\n<\/div>\n<div class=\"fg-item fg-type-image fg-idle\">\n<figure class=\"fg-item-inner\"><a href=\"https:\/\/alcedrix.com\/wp-content\/uploads\/2024\/11\/The_Solution_Menopause_Balancing_Intimate_Wash_150ml_Ingredient_Call_outs1.jpg\" data-attachment-id=\"10023\" data-type=\"image\" class=\"fg-thumb\"><span class=\"fg-image-wrap\"><img decoding=\"async\" width=\"150\" height=\"150\" class=\"skip-lazy fg-image\" data-src-fg=\"https:\/\/alcedrix.com\/wp-content\/uploads\/cache\/2024\/11\/The_Solution_Menopause_Balancing_Intimate_Wash_150ml_Ingredient_Call_outs1\/2074414770.jpg\" src=\"data:image\/svg+xml,%3Csvg%20xmlns%3D%22http%3A%2F%2Fwww.w3.org%2F2000%2Fsvg%22%20width%3D%22150%22%20height%3D%22150%22%20viewBox%3D%220%200%20150%20150%22%3E%3C%2Fsvg%3E\" loading=\"eager\"><\/span><span class=\"fg-image-overlay\"><\/span><\/a><figcaption class=\"fg-caption\">\n<div class=\"fg-caption-inner\"><\/div>\n<\/figcaption><\/figure>\n<div class=\"fg-loader\"><\/div>\n<\/div>\n<div class=\"fg-item fg-type-image fg-idle\">\n<figure class=\"fg-item-inner\"><a href=\"https:\/\/alcedrix.com\/wp-content\/uploads\/2024\/11\/The_Solution_Menopause_Balancing_Intimate_Wash_150ml_Ingredients_Call_Outs1.jpg\" data-attachment-id=\"10024\" data-type=\"image\" class=\"fg-thumb\"><span class=\"fg-image-wrap\"><img decoding=\"async\" width=\"150\" height=\"150\" class=\"skip-lazy fg-image\" data-src-fg=\"https:\/\/alcedrix.com\/wp-content\/uploads\/cache\/2024\/11\/The_Solution_Menopause_Balancing_Intimate_Wash_150ml_Ingredients_Call_Outs1\/789023221.jpg\" src=\"data:image\/svg+xml,%3Csvg%20xmlns%3D%22http%3A%2F%2Fwww.w3.org%2F2000%2Fsvg%22%20width%3D%22150%22%20height%3D%22150%22%20viewBox%3D%220%200%20150%20150%22%3E%3C%2Fsvg%3E\" loading=\"eager\"><\/span><span class=\"fg-image-overlay\"><\/span><\/a><figcaption class=\"fg-caption\">\n<div class=\"fg-caption-inner\"><\/div>\n<\/figcaption><\/figure>\n<div class=\"fg-loader\"><\/div>\n<\/div>\n<div class=\"fg-item fg-type-image fg-idle\">\n<figure class=\"fg-item-inner\"><a href=\"https:\/\/alcedrix.com\/wp-content\/uploads\/2024\/11\/The_Solution_Menopause_Balancing_Intimate_Wash_150ml_MPause_intimate_complex1.jpg\" data-attachment-id=\"10025\" data-type=\"image\" class=\"fg-thumb\"><span class=\"fg-image-wrap\"><img decoding=\"async\" width=\"150\" height=\"150\" class=\"skip-lazy fg-image\" data-src-fg=\"https:\/\/alcedrix.com\/wp-content\/uploads\/cache\/2024\/11\/The_Solution_Menopause_Balancing_Intimate_Wash_150ml_MPause_intimate_complex1\/313548336.jpg\" src=\"data:image\/svg+xml,%3Csvg%20xmlns%3D%22http%3A%2F%2Fwww.w3.org%2F2000%2Fsvg%22%20width%3D%22150%22%20height%3D%22150%22%20viewBox%3D%220%200%20150%20150%22%3E%3C%2Fsvg%3E\" loading=\"eager\"><\/span><span class=\"fg-image-overlay\"><\/span><\/a><figcaption class=\"fg-caption\">\n<div class=\"fg-caption-inner\"><\/div>\n<\/figcaption><\/figure>\n<div class=\"fg-loader\"><\/div>\n<\/div>\n<div class=\"fg-item fg-type-image fg-idle\">\n<figure class=\"fg-item-inner\"><a href=\"https:\/\/alcedrix.com\/wp-content\/uploads\/2024\/11\/The_Solution_Menopause_Balancing_Intimate_Wash_150ml1.jpg\" data-attachment-id=\"10026\" data-type=\"image\" class=\"fg-thumb\"><span class=\"fg-image-wrap\"><img decoding=\"async\" width=\"150\" height=\"150\" class=\"skip-lazy fg-image\" data-src-fg=\"https:\/\/alcedrix.com\/wp-content\/uploads\/cache\/2024\/11\/The_Solution_Menopause_Balancing_Intimate_Wash_150ml1\/466623811.jpg\" src=\"data:image\/svg+xml,%3Csvg%20xmlns%3D%22http%3A%2F%2Fwww.w3.org%2F2000%2Fsvg%22%20width%3D%22150%22%20height%3D%22150%22%20viewBox%3D%220%200%20150%20150%22%3E%3C%2Fsvg%3E\" loading=\"eager\"><\/span><span class=\"fg-image-overlay\"><\/span><\/a><figcaption class=\"fg-caption\">\n<div class=\"fg-caption-inner\"><\/div>\n<\/figcaption><\/figure>\n<div class=\"fg-loader\"><\/div>\n<\/div>\n<\/div>","protected":false},"featured_media":9663,"template":"","meta":[],"product_cat":[156,153],"product_tag":[],"class_list":{"0":"post-9662","1":"product","2":"type-product","3":"status-publish","4":"has-post-thumbnail","6":"product_cat-skin-care","7":"product_cat-the-solution","9":"first","10":"instock","11":"taxable","12":"shipping-taxable","13":"purchasable","14":"product-type-simple"},"yoast_head":"<!-- This site is optimized with the Yoast SEO plugin v23.6 - https:\/\/yoast.com\/wordpress\/plugins\/seo\/ -->\n<title>The Solution Menopause Balancing Intimate Wash - Alcedrix<\/title>\n<meta name=\"robots\" content=\"index, follow, max-snippet:-1, max-image-preview:large, max-video-preview:-1\" \/>\n<link rel=\"canonical\" href=\"http:\/\/alcedrix.com\/sq\/shop\/the-solution-menopause-balancing-intimate-wash\/\" \/>\n<meta property=\"og:locale\" content=\"sq_AL\" \/>\n<meta property=\"og:type\" content=\"article\" \/>\n<meta property=\"og:title\" content=\"The Solution Menopause Balancing Intimate Wash - Alcedrix\" \/>\n<meta property=\"og:description\" content=\"That\u00ebsin\u00eb Vaginale  &nbsp;\" \/>\n<meta property=\"og:url\" content=\"http:\/\/alcedrix.com\/sq\/shop\/the-solution-menopause-balancing-intimate-wash\/\" \/>\n<meta property=\"og:site_name\" content=\"Alcedrix\" \/>\n<meta property=\"article:publisher\" content=\"https:\/\/www.facebook.com\/alcedrix\" \/>\n<meta property=\"article:modified_time\" content=\"2024-11-15T09:23:48+00:00\" \/>\n<meta property=\"og:image\" content=\"http:\/\/alcedrix.com\/wp-content\/uploads\/2024\/11\/TheSolutionMenopauseBalancingIntimateWash_2048x20481.jpg\" \/>\n\t<meta property=\"og:image:width\" content=\"1000\" \/>\n\t<meta property=\"og:image:height\" content=\"1000\" \/>\n\t<meta property=\"og:image:type\" content=\"image\/jpeg\" \/>\n<meta name=\"twitter:card\" content=\"summary_large_image\" \/>\n<meta name=\"twitter:label1\" content=\"Est. reading time\" \/>\n\t<meta name=\"twitter:data1\" content=\"2 minuta\" \/>\n<script type=\"application\/ld+json\" class=\"yoast-schema-graph\">{\"@context\":\"https:\/\/schema.org\",\"@graph\":[{\"@type\":\"WebPage\",\"@id\":\"http:\/\/alcedrix.com\/shop\/the-solution-menopause-balancing-intimate-wash\/\",\"url\":\"http:\/\/alcedrix.com\/shop\/the-solution-menopause-balancing-intimate-wash\/\",\"name\":\"The Solution Menopause Balancing Intimate Wash - Alcedrix\",\"isPartOf\":{\"@id\":\"https:\/\/alcedrix.com\/#website\"},\"primaryImageOfPage\":{\"@id\":\"http:\/\/alcedrix.com\/shop\/the-solution-menopause-balancing-intimate-wash\/#primaryimage\"},\"image\":{\"@id\":\"http:\/\/alcedrix.com\/shop\/the-solution-menopause-balancing-intimate-wash\/#primaryimage\"},\"thumbnailUrl\":\"https:\/\/alcedrix.com\/wp-content\/uploads\/2024\/11\/TheSolutionMenopauseBalancingIntimateWash_2048x20481.jpg\",\"datePublished\":\"2024-11-06T13:58:01+00:00\",\"dateModified\":\"2024-11-15T09:23:48+00:00\",\"breadcrumb\":{\"@id\":\"http:\/\/alcedrix.com\/shop\/the-solution-menopause-balancing-intimate-wash\/#breadcrumb\"},\"inLanguage\":\"sq\",\"potentialAction\":[{\"@type\":\"ReadAction\",\"target\":[\"http:\/\/alcedrix.com\/shop\/the-solution-menopause-balancing-intimate-wash\/\"]}]},{\"@type\":\"ImageObject\",\"inLanguage\":\"sq\",\"@id\":\"http:\/\/alcedrix.com\/shop\/the-solution-menopause-balancing-intimate-wash\/#primaryimage\",\"url\":\"https:\/\/alcedrix.com\/wp-content\/uploads\/2024\/11\/TheSolutionMenopauseBalancingIntimateWash_2048x20481.jpg\",\"contentUrl\":\"https:\/\/alcedrix.com\/wp-content\/uploads\/2024\/11\/TheSolutionMenopauseBalancingIntimateWash_2048x20481.jpg\",\"width\":1000,\"height\":1000},{\"@type\":\"BreadcrumbList\",\"@id\":\"http:\/\/alcedrix.com\/shop\/the-solution-menopause-balancing-intimate-wash\/#breadcrumb\",\"itemListElement\":[{\"@type\":\"ListItem\",\"position\":1,\"name\":\"Home\",\"item\":\"https:\/\/alcedrix.com\/\"},{\"@type\":\"ListItem\",\"position\":2,\"name\":\"Shop\",\"item\":\"https:\/\/alcedrix.com\/shop\/\"},{\"@type\":\"ListItem\",\"position\":3,\"name\":\"The Solution Menopause Balancing Intimate Wash\"}]},{\"@type\":\"WebSite\",\"@id\":\"https:\/\/alcedrix.com\/#website\",\"url\":\"https:\/\/alcedrix.com\/\",\"name\":\"Alcedrix\",\"description\":\"Alcedrix\",\"publisher\":{\"@id\":\"https:\/\/alcedrix.com\/#organization\"},\"potentialAction\":[{\"@type\":\"SearchAction\",\"target\":{\"@type\":\"EntryPoint\",\"urlTemplate\":\"https:\/\/alcedrix.com\/?s={search_term_string}\"},\"query-input\":{\"@type\":\"PropertyValueSpecification\",\"valueRequired\":true,\"valueName\":\"search_term_string\"}}],\"inLanguage\":\"sq\"},{\"@type\":\"Organization\",\"@id\":\"https:\/\/alcedrix.com\/#organization\",\"name\":\"Alcedrix\",\"url\":\"https:\/\/alcedrix.com\/\",\"logo\":{\"@type\":\"ImageObject\",\"inLanguage\":\"sq\",\"@id\":\"https:\/\/alcedrix.com\/#\/schema\/logo\/image\/\",\"url\":\"http:\/\/3.126.27.25\/wp-content\/uploads\/2023\/08\/logo-web.png\",\"contentUrl\":\"http:\/\/3.126.27.25\/wp-content\/uploads\/2023\/08\/logo-web.png\",\"width\":492,\"height\":93,\"caption\":\"Alcedrix\"},\"image\":{\"@id\":\"https:\/\/alcedrix.com\/#\/schema\/logo\/image\/\"},\"sameAs\":[\"https:\/\/www.facebook.com\/alcedrix\",\"https:\/\/www.instagram.com\/alcedrix\"]}]}<\/script>\n<!-- \/ Yoast SEO plugin. -->","yoast_head_json":{"title":"The Solution Menopause Balancing Intimate Wash - Alcedrix","robots":{"index":"index","follow":"follow","max-snippet":"max-snippet:-1","max-image-preview":"max-image-preview:large","max-video-preview":"max-video-preview:-1"},"canonical":"http:\/\/alcedrix.com\/sq\/shop\/the-solution-menopause-balancing-intimate-wash\/","og_locale":"sq_AL","og_type":"article","og_title":"The Solution Menopause Balancing Intimate Wash - Alcedrix","og_description":"That\u00ebsin\u00eb Vaginale  &nbsp;","og_url":"http:\/\/alcedrix.com\/sq\/shop\/the-solution-menopause-balancing-intimate-wash\/","og_site_name":"Alcedrix","article_publisher":"https:\/\/www.facebook.com\/alcedrix","article_modified_time":"2024-11-15T09:23:48+00:00","og_image":[{"width":1000,"height":1000,"url":"http:\/\/alcedrix.com\/wp-content\/uploads\/2024\/11\/TheSolutionMenopauseBalancingIntimateWash_2048x20481.jpg","type":"image\/jpeg"}],"twitter_card":"summary_large_image","twitter_misc":{"Est. reading time":"2 minuta"},"schema":{"@context":"https:\/\/schema.org","@graph":[{"@type":"WebPage","@id":"http:\/\/alcedrix.com\/shop\/the-solution-menopause-balancing-intimate-wash\/","url":"http:\/\/alcedrix.com\/shop\/the-solution-menopause-balancing-intimate-wash\/","name":"The Solution Menopause Balancing Intimate Wash - Alcedrix","isPartOf":{"@id":"https:\/\/alcedrix.com\/#website"},"primaryImageOfPage":{"@id":"http:\/\/alcedrix.com\/shop\/the-solution-menopause-balancing-intimate-wash\/#primaryimage"},"image":{"@id":"http:\/\/alcedrix.com\/shop\/the-solution-menopause-balancing-intimate-wash\/#primaryimage"},"thumbnailUrl":"https:\/\/alcedrix.com\/wp-content\/uploads\/2024\/11\/TheSolutionMenopauseBalancingIntimateWash_2048x20481.jpg","datePublished":"2024-11-06T13:58:01+00:00","dateModified":"2024-11-15T09:23:48+00:00","breadcrumb":{"@id":"http:\/\/alcedrix.com\/shop\/the-solution-menopause-balancing-intimate-wash\/#breadcrumb"},"inLanguage":"sq","potentialAction":[{"@type":"ReadAction","target":["http:\/\/alcedrix.com\/shop\/the-solution-menopause-balancing-intimate-wash\/"]}]},{"@type":"ImageObject","inLanguage":"sq","@id":"http:\/\/alcedrix.com\/shop\/the-solution-menopause-balancing-intimate-wash\/#primaryimage","url":"https:\/\/alcedrix.com\/wp-content\/uploads\/2024\/11\/TheSolutionMenopauseBalancingIntimateWash_2048x20481.jpg","contentUrl":"https:\/\/alcedrix.com\/wp-content\/uploads\/2024\/11\/TheSolutionMenopauseBalancingIntimateWash_2048x20481.jpg","width":1000,"height":1000},{"@type":"BreadcrumbList","@id":"http:\/\/alcedrix.com\/shop\/the-solution-menopause-balancing-intimate-wash\/#breadcrumb","itemListElement":[{"@type":"ListItem","position":1,"name":"Home","item":"https:\/\/alcedrix.com\/"},{"@type":"ListItem","position":2,"name":"Shop","item":"https:\/\/alcedrix.com\/shop\/"},{"@type":"ListItem","position":3,"name":"The Solution Menopause Balancing Intimate Wash"}]},{"@type":"WebSite","@id":"https:\/\/alcedrix.com\/#website","url":"https:\/\/alcedrix.com\/","name":"Alcedrix","description":"Alcedrix","publisher":{"@id":"https:\/\/alcedrix.com\/#organization"},"potentialAction":[{"@type":"SearchAction","target":{"@type":"EntryPoint","urlTemplate":"https:\/\/alcedrix.com\/?s={search_term_string}"},"query-input":{"@type":"PropertyValueSpecification","valueRequired":true,"valueName":"search_term_string"}}],"inLanguage":"sq"},{"@type":"Organization","@id":"https:\/\/alcedrix.com\/#organization","name":"Alcedrix","url":"https:\/\/alcedrix.com\/","logo":{"@type":"ImageObject","inLanguage":"sq","@id":"https:\/\/alcedrix.com\/#\/schema\/logo\/image\/","url":"http:\/\/3.126.27.25\/wp-content\/uploads\/2023\/08\/logo-web.png","contentUrl":"http:\/\/3.126.27.25\/wp-content\/uploads\/2023\/08\/logo-web.png","width":492,"height":93,"caption":"Alcedrix"},"image":{"@id":"https:\/\/alcedrix.com\/#\/schema\/logo\/image\/"},"sameAs":["https:\/\/www.facebook.com\/alcedrix","https:\/\/www.instagram.com\/alcedrix"]}]}},"_links":{"self":[{"href":"https:\/\/alcedrix.com\/sq\/wp-json\/wp\/v2\/product\/9662"}],"collection":[{"href":"https:\/\/alcedrix.com\/sq\/wp-json\/wp\/v2\/product"}],"about":[{"href":"https:\/\/alcedrix.com\/sq\/wp-json\/wp\/v2\/types\/product"}],"version-history":[{"count":0,"href":"https:\/\/alcedrix.com\/sq\/wp-json\/wp\/v2\/product\/9662\/revisions"}],"wp:featuredmedia":[{"embeddable":true,"href":"https:\/\/alcedrix.com\/sq\/wp-json\/wp\/v2\/media\/9663"}],"wp:attachment":[{"href":"https:\/\/alcedrix.com\/sq\/wp-json\/wp\/v2\/media?parent=9662"}],"wp:term":[{"taxonomy":"product_cat","embeddable":true,"href":"https:\/\/alcedrix.com\/sq\/wp-json\/wp\/v2\/product_cat?post=9662"},{"taxonomy":"product_tag","embeddable":true,"href":"https:\/\/alcedrix.com\/sq\/wp-json\/wp\/v2\/product_tag?post=9662"}],"curies":[{"name":"wp","href":"https:\/\/api.w.org\/{rel}","templated":true}]}}