{"id":9660,"date":"2024-11-06T13:52:59","date_gmt":"2024-11-06T13:52:59","guid":{"rendered":"http:\/\/3.126.27.25\/?post_type=product&#038;p=9660"},"modified":"2024-11-15T09:25:32","modified_gmt":"2024-11-15T09:25:32","slug":"the-solution-hyaluronic-acid-hydrating-body-lotion","status":"publish","type":"product","link":"https:\/\/alcedrix.com\/sq\/shop\/the-solution-hyaluronic-acid-hydrating-body-lotion\/","title":{"rendered":"The Solution Hyaluronic Acid Hydrating Body Lotion"},"content":{"rendered":"<p><strong>P\u00ebrfitimet kryesore:<\/strong><br \/>\n\u2022 Hidratues dhe zbut\u00ebs<br \/>\n\u2022 Thithet shpejt<br \/>\n\u2022 I p\u00ebrshtatsh\u00ebm p\u00ebr t\u00eb gjitha llojet e l\u00ebkur\u00ebs<\/p>\n<p>&nbsp;<\/p>\n<p>Losioni yn\u00eb hidratues p\u00ebr trup me Acid Hialuronik, q\u00eb thahet shpejt, nuk l\u00eb yndyr\u00eb dhe \u00ebsht\u00eb vegan-miq\u00ebsor, \u00ebsht\u00eb zgjidhja perfekte p\u00ebr l\u00ebkur\u00ebn e that\u00eb dhe t\u00eb dehidratuar q\u00eb ka nevoj\u00eb p\u00ebr nj\u00eb shtim intensiv t\u00eb hidratimit. Ky formulim i avancuar p\u00ebrmban 1.4% p\u00ebrb\u00ebr\u00ebs aktiv\u00eb, duke p\u00ebrfshir\u00eb Acidin Hialuronik, Squalene dhe Komplekset e Algave Detare, q\u00eb punojn\u00eb s\u00eb bashku p\u00ebr t\u00eb ndihmuar n\u00eb zbutjen dhe hidratimin e thell\u00eb t\u00eb l\u00ebkur\u00ebs.<\/p>\n<p>&nbsp;<\/p>\n<p>I formuluar me kujdes p\u00ebr l\u00ebkur\u00eb t\u00eb that\u00eb, ky locion \u00ebsht\u00eb krijuar p\u00ebr t\u00eb p\u00ebrmir\u00ebsuar nivelet e hidratimit t\u00eb l\u00ebkur\u00ebs, duke l\u00ebn\u00eb nj\u00eb p\u00ebrfundim t\u00eb but\u00eb dhe t\u00eb fresk\u00ebt. P\u00ebr rezultate m\u00eb t\u00eb mira, p\u00ebrdorni k\u00ebt\u00eb locion si pjes\u00eb t\u00eb rutin\u00ebs suaj t\u00eb p\u00ebrditshme t\u00eb kujdesit t\u00eb l\u00ebkur\u00ebs n\u00eb m\u00ebngjes dhe n\u00eb mbr\u00ebmje. Tekstura e tij e leht\u00eb siguron p\u00ebrthithje t\u00eb shpejt\u00eb, duke e l\u00ebn\u00eb l\u00ebkur\u00ebn tuaj t\u00eb ndjehet e zbutur dhe e rinovuar, pa asnj\u00eb mbetje t\u00eb yndyrshme.<\/p>\n<p>&nbsp;<\/p>\n<p>Luftoni that\u00ebsin\u00eb n\u00eb m\u00ebnyr\u00eb efektive dhe ndihmoni n\u00eb zbulimin e nj\u00eb l\u00ebkure m\u00eb t\u00eb but\u00eb, t\u00eb hidratuar dhe t\u00eb ushqyer.<\/p>\n<p>&nbsp;<\/p>\n<p>100% vegan-miq\u00ebsor, Locioni yn\u00eb Hidratues p\u00ebr Trup \u00ebsht\u00eb b\u00ebr\u00eb me paketim t\u00eb ricikluesh\u00ebm nga materiale t\u00eb ricikluara pas p\u00ebrdorimit nga konsumatori (PCR).<\/p>\n<p>&nbsp;<\/p>\n<p><strong>Si ta p\u00ebrdorni: <\/strong>P\u00ebr rezultate m\u00eb t\u00eb mira, p\u00ebrdoreni \u00e7do dit\u00eb. Aplikoni bujarisht n\u00eb m\u00ebngjes ose n\u00eb mbr\u00ebmje, ose sipas nevoj\u00ebs, n\u00eb zonat e pastruara. Masazhoni derisa t\u00eb p\u00ebrthithet plot\u00ebsisht.<\/p>","protected":false},"excerpt":{"rendered":"<p><strong>L\u00ebkur\u00eb t\u00eb that\u00eb dhe t\u00eb dehidratuar<\/strong><\/p>\n<p><span style=\"color: #ff0000;\" data-darkreader-inline-color=\"\"><strong>P\u00ebrb\u00ebr\u00eb me 1.4% aktiv\u00eb<\/strong><\/span><\/p>\n<p>Acid Hialuronik, Squaleni, Kompleksi i Algave Detare<\/p>\n<p>100% Vegan | Pa Testim n\u00eb Kafsh\u00eb | Pa Alkool | I p\u00ebrshtatsh\u00ebm p\u00ebr t\u00eb gjitha llojet e l\u00ebkur\u00ebs<\/p>\n<p>&nbsp;<\/p>\n<style type=\"text\/css\">\n\t#foogallery-gallery-10027 .fg-image {\n        width: 150px;\n    }\n<\/style>\n<div class=\"foogallery foogallery-container foogallery-default foogallery-lightbox-foogallery fg-gutter-10 fg-center fg-default fg-light fg-border-thin fg-shadow-outline fg-loading-default fg-loaded-fade-in fg-caption-hover fg-hover-fade fg-hover-zoom fg-ready\" id=\"foogallery-gallery-10027\" data-foogallery=\"{&quot;item&quot;:{&quot;showCaptionTitle&quot;:true,&quot;showCaptionDescription&quot;:true},&quot;lazy&quot;:true}\" data-foogallery-lightbox=\"{&quot;thumbs&quot;:&quot;bottom&quot;,&quot;thumbsCaptions&quot;:false,&quot;thumbsBestFit&quot;:false,&quot;thumbsSmall&quot;:false,&quot;thumbsCaptionsAlign&quot;:&quot;default&quot;,&quot;info&quot;:&quot;bottom&quot;,&quot;infoVisible&quot;:true,&quot;infoOverlay&quot;:true,&quot;infoAlign&quot;:&quot;default&quot;,&quot;transition&quot;:&quot;fade&quot;,&quot;hoverButtons&quot;:false,&quot;fitMedia&quot;:false,&quot;noScrollbars&quot;:true,&quot;preserveButtonSpace&quot;:true,&quot;buttons&quot;:{&quot;fullscreen&quot;:true,&quot;info&quot;:true,&quot;thumbs&quot;:false},&quot;video&quot;:{&quot;autoPlay&quot;:true}}\" >\n<div class=\"fg-item fg-type-image fg-idle\">\n<figure class=\"fg-item-inner\"><a href=\"https:\/\/alcedrix.com\/wp-content\/uploads\/2024\/11\/The_Solution_Hyaluronic_Acid_Hydrating_Body_Lotion_200ml_Model_using_product1.jpg\" data-attachment-id=\"10028\" data-type=\"image\" class=\"fg-thumb\"><span class=\"fg-image-wrap\"><img decoding=\"async\" width=\"150\" height=\"150\" class=\"skip-lazy fg-image\" data-src-fg=\"https:\/\/alcedrix.com\/wp-content\/uploads\/cache\/2024\/11\/The_Solution_Hyaluronic_Acid_Hydrating_Body_Lotion_200ml_Model_using_product1\/3153797044.jpg\" src=\"data:image\/svg+xml,%3Csvg%20xmlns%3D%22http%3A%2F%2Fwww.w3.org%2F2000%2Fsvg%22%20width%3D%22150%22%20height%3D%22150%22%20viewBox%3D%220%200%20150%20150%22%3E%3C%2Fsvg%3E\" loading=\"eager\"><\/span><span class=\"fg-image-overlay\"><\/span><\/a><figcaption class=\"fg-caption\">\n<div class=\"fg-caption-inner\"><\/div>\n<\/figcaption><\/figure>\n<div class=\"fg-loader\"><\/div>\n<\/div>\n<div class=\"fg-item fg-type-image fg-idle\">\n<figure class=\"fg-item-inner\"><a href=\"https:\/\/alcedrix.com\/wp-content\/uploads\/2024\/11\/The_Solution_Hyaluronic_Acid_Hydrating_Body_Lotion_200ml_Ingredient_benefits_21.jpg\" data-attachment-id=\"10029\" data-type=\"image\" class=\"fg-thumb\"><span class=\"fg-image-wrap\"><img decoding=\"async\" width=\"150\" height=\"150\" class=\"skip-lazy fg-image\" data-src-fg=\"https:\/\/alcedrix.com\/wp-content\/uploads\/cache\/2024\/11\/The_Solution_Hyaluronic_Acid_Hydrating_Body_Lotion_200ml_Ingredient_benefits_21\/445944739.jpg\" src=\"data:image\/svg+xml,%3Csvg%20xmlns%3D%22http%3A%2F%2Fwww.w3.org%2F2000%2Fsvg%22%20width%3D%22150%22%20height%3D%22150%22%20viewBox%3D%220%200%20150%20150%22%3E%3C%2Fsvg%3E\" loading=\"eager\"><\/span><span class=\"fg-image-overlay\"><\/span><\/a><figcaption class=\"fg-caption\">\n<div class=\"fg-caption-inner\"><\/div>\n<\/figcaption><\/figure>\n<div class=\"fg-loader\"><\/div>\n<\/div>\n<div class=\"fg-item fg-type-image fg-idle\">\n<figure class=\"fg-item-inner\"><a href=\"https:\/\/alcedrix.com\/wp-content\/uploads\/2024\/11\/The_Solution_Hyaluronic_Acid_Hydrating_Body_Lotion_200ml_Ingredient_benefits1.jpg\" data-attachment-id=\"10030\" data-type=\"image\" class=\"fg-thumb\"><span class=\"fg-image-wrap\"><img decoding=\"async\" width=\"150\" height=\"150\" class=\"skip-lazy fg-image\" data-src-fg=\"https:\/\/alcedrix.com\/wp-content\/uploads\/cache\/2024\/11\/The_Solution_Hyaluronic_Acid_Hydrating_Body_Lotion_200ml_Ingredient_benefits1\/3071040447.jpg\" src=\"data:image\/svg+xml,%3Csvg%20xmlns%3D%22http%3A%2F%2Fwww.w3.org%2F2000%2Fsvg%22%20width%3D%22150%22%20height%3D%22150%22%20viewBox%3D%220%200%20150%20150%22%3E%3C%2Fsvg%3E\" loading=\"eager\"><\/span><span class=\"fg-image-overlay\"><\/span><\/a><figcaption class=\"fg-caption\">\n<div class=\"fg-caption-inner\"><\/div>\n<\/figcaption><\/figure>\n<div class=\"fg-loader\"><\/div>\n<\/div>\n<div class=\"fg-item fg-type-image fg-idle\">\n<figure class=\"fg-item-inner\"><a href=\"https:\/\/alcedrix.com\/wp-content\/uploads\/2024\/11\/The_Solution_Hyaluronic_Acid_Hydrating_Body_Lotion_200ml_Ingredient_benefits_11.jpg\" data-attachment-id=\"10031\" data-type=\"image\" class=\"fg-thumb\"><span class=\"fg-image-wrap\"><img decoding=\"async\" width=\"150\" height=\"150\" class=\"skip-lazy fg-image\" data-src-fg=\"https:\/\/alcedrix.com\/wp-content\/uploads\/cache\/2024\/11\/The_Solution_Hyaluronic_Acid_Hydrating_Body_Lotion_200ml_Ingredient_benefits_11\/1203623684.jpg\" src=\"data:image\/svg+xml,%3Csvg%20xmlns%3D%22http%3A%2F%2Fwww.w3.org%2F2000%2Fsvg%22%20width%3D%22150%22%20height%3D%22150%22%20viewBox%3D%220%200%20150%20150%22%3E%3C%2Fsvg%3E\" loading=\"eager\"><\/span><span class=\"fg-image-overlay\"><\/span><\/a><figcaption class=\"fg-caption\">\n<div class=\"fg-caption-inner\"><\/div>\n<\/figcaption><\/figure>\n<div class=\"fg-loader\"><\/div>\n<\/div>\n<div class=\"fg-item fg-type-image fg-idle\">\n<figure class=\"fg-item-inner\"><a href=\"https:\/\/alcedrix.com\/wp-content\/uploads\/2024\/11\/The_Solution_Hyaluronic_Acid_Hydrating_Body_Lotion_200ml_Model_holding_product1.jpg\" data-attachment-id=\"10032\" data-type=\"image\" class=\"fg-thumb\"><span class=\"fg-image-wrap\"><img decoding=\"async\" width=\"150\" height=\"150\" class=\"skip-lazy fg-image\" data-src-fg=\"https:\/\/alcedrix.com\/wp-content\/uploads\/cache\/2024\/11\/The_Solution_Hyaluronic_Acid_Hydrating_Body_Lotion_200ml_Model_holding_product1\/800730384.jpg\" src=\"data:image\/svg+xml,%3Csvg%20xmlns%3D%22http%3A%2F%2Fwww.w3.org%2F2000%2Fsvg%22%20width%3D%22150%22%20height%3D%22150%22%20viewBox%3D%220%200%20150%20150%22%3E%3C%2Fsvg%3E\" loading=\"eager\"><\/span><span class=\"fg-image-overlay\"><\/span><\/a><figcaption class=\"fg-caption\">\n<div class=\"fg-caption-inner\"><\/div>\n<\/figcaption><\/figure>\n<div class=\"fg-loader\"><\/div>\n<\/div>\n<div class=\"fg-item fg-type-image fg-idle\">\n<figure class=\"fg-item-inner\"><a href=\"https:\/\/alcedrix.com\/wp-content\/uploads\/2024\/11\/The_Solution_Hyaluronic_Acid_Hydrating_Body_Lotion_200ml_Product_lifestyle_image1.jpg\" data-attachment-id=\"10033\" data-type=\"image\" class=\"fg-thumb\"><span class=\"fg-image-wrap\"><img decoding=\"async\" width=\"150\" height=\"150\" class=\"skip-lazy fg-image\" data-src-fg=\"https:\/\/alcedrix.com\/wp-content\/uploads\/cache\/2024\/11\/The_Solution_Hyaluronic_Acid_Hydrating_Body_Lotion_200ml_Product_lifestyle_image1\/2705817338.jpg\" src=\"data:image\/svg+xml,%3Csvg%20xmlns%3D%22http%3A%2F%2Fwww.w3.org%2F2000%2Fsvg%22%20width%3D%22150%22%20height%3D%22150%22%20viewBox%3D%220%200%20150%20150%22%3E%3C%2Fsvg%3E\" loading=\"eager\"><\/span><span class=\"fg-image-overlay\"><\/span><\/a><figcaption class=\"fg-caption\">\n<div class=\"fg-caption-inner\"><\/div>\n<\/figcaption><\/figure>\n<div class=\"fg-loader\"><\/div>\n<\/div>\n<\/div>","protected":false},"featured_media":9661,"template":"","meta":[],"product_cat":[156,153],"product_tag":[],"class_list":{"0":"post-9660","1":"product","2":"type-product","3":"status-publish","4":"has-post-thumbnail","6":"product_cat-skin-care","7":"product_cat-the-solution","9":"first","10":"instock","11":"taxable","12":"shipping-taxable","13":"purchasable","14":"product-type-simple"},"yoast_head":"<!-- This site is optimized with the Yoast SEO plugin v23.6 - https:\/\/yoast.com\/wordpress\/plugins\/seo\/ -->\n<title>The Solution Hyaluronic Acid Hydrating Body Lotion - Alcedrix<\/title>\n<meta name=\"robots\" content=\"index, follow, max-snippet:-1, max-image-preview:large, max-video-preview:-1\" \/>\n<link rel=\"canonical\" href=\"http:\/\/alcedrix.com\/sq\/shop\/the-solution-hyaluronic-acid-hydrating-body-lotion\/\" \/>\n<meta property=\"og:locale\" content=\"sq_AL\" \/>\n<meta property=\"og:type\" content=\"article\" \/>\n<meta property=\"og:title\" content=\"The Solution Hyaluronic Acid Hydrating Body Lotion - Alcedrix\" \/>\n<meta property=\"og:description\" content=\"L\u00ebkur\u00eb t\u00eb that\u00eb dhe t\u00eb dehidratuar  P\u00ebrb\u00ebr\u00eb me 1.4% aktiv\u00eb  Acid Hialuronik, Squaleni, Kompleksi i Algave Detare  100% Vegan | Pa Testim n\u00eb Kafsh\u00eb | Pa Alkool | I p\u00ebrshtatsh\u00ebm p\u00ebr t\u00eb gjitha llojet e l\u00ebkur\u00ebs  &nbsp;\" \/>\n<meta property=\"og:url\" content=\"http:\/\/alcedrix.com\/sq\/shop\/the-solution-hyaluronic-acid-hydrating-body-lotion\/\" \/>\n<meta property=\"og:site_name\" content=\"Alcedrix\" \/>\n<meta property=\"article:publisher\" content=\"https:\/\/www.facebook.com\/alcedrix\" \/>\n<meta property=\"article:modified_time\" content=\"2024-11-15T09:25:32+00:00\" \/>\n<meta property=\"og:image\" content=\"http:\/\/alcedrix.com\/wp-content\/uploads\/2024\/11\/TheSolutionHyaluronicAcidHydratingBodyLotion_2048x20481.jpg\" \/>\n\t<meta property=\"og:image:width\" content=\"1000\" \/>\n\t<meta property=\"og:image:height\" content=\"1000\" \/>\n\t<meta property=\"og:image:type\" content=\"image\/jpeg\" \/>\n<meta name=\"twitter:card\" content=\"summary_large_image\" \/>\n<meta name=\"twitter:label1\" content=\"Est. reading time\" \/>\n\t<meta name=\"twitter:data1\" content=\"1 minut\u00eb\" \/>\n<script type=\"application\/ld+json\" class=\"yoast-schema-graph\">{\"@context\":\"https:\/\/schema.org\",\"@graph\":[{\"@type\":\"WebPage\",\"@id\":\"http:\/\/alcedrix.com\/shop\/the-solution-hyaluronic-acid-hydrating-body-lotion\/\",\"url\":\"http:\/\/alcedrix.com\/shop\/the-solution-hyaluronic-acid-hydrating-body-lotion\/\",\"name\":\"The Solution Hyaluronic Acid Hydrating Body Lotion - Alcedrix\",\"isPartOf\":{\"@id\":\"https:\/\/alcedrix.com\/#website\"},\"primaryImageOfPage\":{\"@id\":\"http:\/\/alcedrix.com\/shop\/the-solution-hyaluronic-acid-hydrating-body-lotion\/#primaryimage\"},\"image\":{\"@id\":\"http:\/\/alcedrix.com\/shop\/the-solution-hyaluronic-acid-hydrating-body-lotion\/#primaryimage\"},\"thumbnailUrl\":\"https:\/\/alcedrix.com\/wp-content\/uploads\/2024\/11\/TheSolutionHyaluronicAcidHydratingBodyLotion_2048x20481.jpg\",\"datePublished\":\"2024-11-06T13:52:59+00:00\",\"dateModified\":\"2024-11-15T09:25:32+00:00\",\"breadcrumb\":{\"@id\":\"http:\/\/alcedrix.com\/shop\/the-solution-hyaluronic-acid-hydrating-body-lotion\/#breadcrumb\"},\"inLanguage\":\"sq\",\"potentialAction\":[{\"@type\":\"ReadAction\",\"target\":[\"http:\/\/alcedrix.com\/shop\/the-solution-hyaluronic-acid-hydrating-body-lotion\/\"]}]},{\"@type\":\"ImageObject\",\"inLanguage\":\"sq\",\"@id\":\"http:\/\/alcedrix.com\/shop\/the-solution-hyaluronic-acid-hydrating-body-lotion\/#primaryimage\",\"url\":\"https:\/\/alcedrix.com\/wp-content\/uploads\/2024\/11\/TheSolutionHyaluronicAcidHydratingBodyLotion_2048x20481.jpg\",\"contentUrl\":\"https:\/\/alcedrix.com\/wp-content\/uploads\/2024\/11\/TheSolutionHyaluronicAcidHydratingBodyLotion_2048x20481.jpg\",\"width\":1000,\"height\":1000},{\"@type\":\"BreadcrumbList\",\"@id\":\"http:\/\/alcedrix.com\/shop\/the-solution-hyaluronic-acid-hydrating-body-lotion\/#breadcrumb\",\"itemListElement\":[{\"@type\":\"ListItem\",\"position\":1,\"name\":\"Home\",\"item\":\"https:\/\/alcedrix.com\/\"},{\"@type\":\"ListItem\",\"position\":2,\"name\":\"Shop\",\"item\":\"https:\/\/alcedrix.com\/shop\/\"},{\"@type\":\"ListItem\",\"position\":3,\"name\":\"The Solution Hyaluronic Acid Hydrating Body Lotion\"}]},{\"@type\":\"WebSite\",\"@id\":\"https:\/\/alcedrix.com\/#website\",\"url\":\"https:\/\/alcedrix.com\/\",\"name\":\"Alcedrix\",\"description\":\"Alcedrix\",\"publisher\":{\"@id\":\"https:\/\/alcedrix.com\/#organization\"},\"potentialAction\":[{\"@type\":\"SearchAction\",\"target\":{\"@type\":\"EntryPoint\",\"urlTemplate\":\"https:\/\/alcedrix.com\/?s={search_term_string}\"},\"query-input\":{\"@type\":\"PropertyValueSpecification\",\"valueRequired\":true,\"valueName\":\"search_term_string\"}}],\"inLanguage\":\"sq\"},{\"@type\":\"Organization\",\"@id\":\"https:\/\/alcedrix.com\/#organization\",\"name\":\"Alcedrix\",\"url\":\"https:\/\/alcedrix.com\/\",\"logo\":{\"@type\":\"ImageObject\",\"inLanguage\":\"sq\",\"@id\":\"https:\/\/alcedrix.com\/#\/schema\/logo\/image\/\",\"url\":\"http:\/\/3.126.27.25\/wp-content\/uploads\/2023\/08\/logo-web.png\",\"contentUrl\":\"http:\/\/3.126.27.25\/wp-content\/uploads\/2023\/08\/logo-web.png\",\"width\":492,\"height\":93,\"caption\":\"Alcedrix\"},\"image\":{\"@id\":\"https:\/\/alcedrix.com\/#\/schema\/logo\/image\/\"},\"sameAs\":[\"https:\/\/www.facebook.com\/alcedrix\",\"https:\/\/www.instagram.com\/alcedrix\"]}]}<\/script>\n<!-- \/ Yoast SEO plugin. -->","yoast_head_json":{"title":"The Solution Hyaluronic Acid Hydrating Body Lotion - Alcedrix","robots":{"index":"index","follow":"follow","max-snippet":"max-snippet:-1","max-image-preview":"max-image-preview:large","max-video-preview":"max-video-preview:-1"},"canonical":"http:\/\/alcedrix.com\/sq\/shop\/the-solution-hyaluronic-acid-hydrating-body-lotion\/","og_locale":"sq_AL","og_type":"article","og_title":"The Solution Hyaluronic Acid Hydrating Body Lotion - Alcedrix","og_description":"L\u00ebkur\u00eb t\u00eb that\u00eb dhe t\u00eb dehidratuar  P\u00ebrb\u00ebr\u00eb me 1.4% aktiv\u00eb  Acid Hialuronik, Squaleni, Kompleksi i Algave Detare  100% Vegan | Pa Testim n\u00eb Kafsh\u00eb | Pa Alkool | I p\u00ebrshtatsh\u00ebm p\u00ebr t\u00eb gjitha llojet e l\u00ebkur\u00ebs  &nbsp;","og_url":"http:\/\/alcedrix.com\/sq\/shop\/the-solution-hyaluronic-acid-hydrating-body-lotion\/","og_site_name":"Alcedrix","article_publisher":"https:\/\/www.facebook.com\/alcedrix","article_modified_time":"2024-11-15T09:25:32+00:00","og_image":[{"width":1000,"height":1000,"url":"http:\/\/alcedrix.com\/wp-content\/uploads\/2024\/11\/TheSolutionHyaluronicAcidHydratingBodyLotion_2048x20481.jpg","type":"image\/jpeg"}],"twitter_card":"summary_large_image","twitter_misc":{"Est. reading time":"1 minut\u00eb"},"schema":{"@context":"https:\/\/schema.org","@graph":[{"@type":"WebPage","@id":"http:\/\/alcedrix.com\/shop\/the-solution-hyaluronic-acid-hydrating-body-lotion\/","url":"http:\/\/alcedrix.com\/shop\/the-solution-hyaluronic-acid-hydrating-body-lotion\/","name":"The Solution Hyaluronic Acid Hydrating Body Lotion - Alcedrix","isPartOf":{"@id":"https:\/\/alcedrix.com\/#website"},"primaryImageOfPage":{"@id":"http:\/\/alcedrix.com\/shop\/the-solution-hyaluronic-acid-hydrating-body-lotion\/#primaryimage"},"image":{"@id":"http:\/\/alcedrix.com\/shop\/the-solution-hyaluronic-acid-hydrating-body-lotion\/#primaryimage"},"thumbnailUrl":"https:\/\/alcedrix.com\/wp-content\/uploads\/2024\/11\/TheSolutionHyaluronicAcidHydratingBodyLotion_2048x20481.jpg","datePublished":"2024-11-06T13:52:59+00:00","dateModified":"2024-11-15T09:25:32+00:00","breadcrumb":{"@id":"http:\/\/alcedrix.com\/shop\/the-solution-hyaluronic-acid-hydrating-body-lotion\/#breadcrumb"},"inLanguage":"sq","potentialAction":[{"@type":"ReadAction","target":["http:\/\/alcedrix.com\/shop\/the-solution-hyaluronic-acid-hydrating-body-lotion\/"]}]},{"@type":"ImageObject","inLanguage":"sq","@id":"http:\/\/alcedrix.com\/shop\/the-solution-hyaluronic-acid-hydrating-body-lotion\/#primaryimage","url":"https:\/\/alcedrix.com\/wp-content\/uploads\/2024\/11\/TheSolutionHyaluronicAcidHydratingBodyLotion_2048x20481.jpg","contentUrl":"https:\/\/alcedrix.com\/wp-content\/uploads\/2024\/11\/TheSolutionHyaluronicAcidHydratingBodyLotion_2048x20481.jpg","width":1000,"height":1000},{"@type":"BreadcrumbList","@id":"http:\/\/alcedrix.com\/shop\/the-solution-hyaluronic-acid-hydrating-body-lotion\/#breadcrumb","itemListElement":[{"@type":"ListItem","position":1,"name":"Home","item":"https:\/\/alcedrix.com\/"},{"@type":"ListItem","position":2,"name":"Shop","item":"https:\/\/alcedrix.com\/shop\/"},{"@type":"ListItem","position":3,"name":"The Solution Hyaluronic Acid Hydrating Body Lotion"}]},{"@type":"WebSite","@id":"https:\/\/alcedrix.com\/#website","url":"https:\/\/alcedrix.com\/","name":"Alcedrix","description":"Alcedrix","publisher":{"@id":"https:\/\/alcedrix.com\/#organization"},"potentialAction":[{"@type":"SearchAction","target":{"@type":"EntryPoint","urlTemplate":"https:\/\/alcedrix.com\/?s={search_term_string}"},"query-input":{"@type":"PropertyValueSpecification","valueRequired":true,"valueName":"search_term_string"}}],"inLanguage":"sq"},{"@type":"Organization","@id":"https:\/\/alcedrix.com\/#organization","name":"Alcedrix","url":"https:\/\/alcedrix.com\/","logo":{"@type":"ImageObject","inLanguage":"sq","@id":"https:\/\/alcedrix.com\/#\/schema\/logo\/image\/","url":"http:\/\/3.126.27.25\/wp-content\/uploads\/2023\/08\/logo-web.png","contentUrl":"http:\/\/3.126.27.25\/wp-content\/uploads\/2023\/08\/logo-web.png","width":492,"height":93,"caption":"Alcedrix"},"image":{"@id":"https:\/\/alcedrix.com\/#\/schema\/logo\/image\/"},"sameAs":["https:\/\/www.facebook.com\/alcedrix","https:\/\/www.instagram.com\/alcedrix"]}]}},"_links":{"self":[{"href":"https:\/\/alcedrix.com\/sq\/wp-json\/wp\/v2\/product\/9660"}],"collection":[{"href":"https:\/\/alcedrix.com\/sq\/wp-json\/wp\/v2\/product"}],"about":[{"href":"https:\/\/alcedrix.com\/sq\/wp-json\/wp\/v2\/types\/product"}],"version-history":[{"count":0,"href":"https:\/\/alcedrix.com\/sq\/wp-json\/wp\/v2\/product\/9660\/revisions"}],"wp:featuredmedia":[{"embeddable":true,"href":"https:\/\/alcedrix.com\/sq\/wp-json\/wp\/v2\/media\/9661"}],"wp:attachment":[{"href":"https:\/\/alcedrix.com\/sq\/wp-json\/wp\/v2\/media?parent=9660"}],"wp:term":[{"taxonomy":"product_cat","embeddable":true,"href":"https:\/\/alcedrix.com\/sq\/wp-json\/wp\/v2\/product_cat?post=9660"},{"taxonomy":"product_tag","embeddable":true,"href":"https:\/\/alcedrix.com\/sq\/wp-json\/wp\/v2\/product_tag?post=9660"}],"curies":[{"name":"wp","href":"https:\/\/api.w.org\/{rel}","templated":true}]}}