{"id":9658,"date":"2024-11-06T13:48:58","date_gmt":"2024-11-06T13:48:58","guid":{"rendered":"http:\/\/3.126.27.25\/?post_type=product&#038;p=9658"},"modified":"2024-11-15T09:27:16","modified_gmt":"2024-11-15T09:27:16","slug":"the-solution-retinol-smoothing-body-lotion","status":"publish","type":"product","link":"https:\/\/alcedrix.com\/sq\/shop\/the-solution-retinol-smoothing-body-lotion\/","title":{"rendered":"The Solution Retinol Smoothing Body Lotion"},"content":{"rendered":"<p><strong>P\u00ebrfitimet kryesore:<\/strong><\/p>\n<ul>\n<li>Ndihmon n\u00eb promovimin e l\u00ebkur\u00ebs m\u00eb t\u00eb sh\u00ebndetshme dhe t\u00eb rinovuar<\/li>\n<li>P\u00ebrfshin gjalp\u00eb Shea p\u00ebr t\u00eb ushqyer l\u00ebkur\u00ebn<\/li>\n<li>Formuluar me p\u00ebrb\u00ebr\u00ebs kund\u00ebr plakjes dhe rinovimit t\u00eb l\u00ebkur\u00ebs<\/li>\n<li>I p\u00ebrshtatsh\u00ebm p\u00ebr t\u00eb gjitha llojet e l\u00ebkur\u00ebs<\/li>\n<\/ul>\n<p>&nbsp;<\/p>\n<p>Losioni yn\u00eb p\u00ebr Trup me Retinol q\u00eb p\u00ebrthithet shpejt, pa yndyr\u00eb dhe vegan-miq\u00ebsor, \u00ebsht\u00eb zgjidhja perfekte p\u00ebr t\u00eb luftuar shenjat e plakjes, tonin e pabarabart\u00eb t\u00eb l\u00ebkur\u00ebs dhe l\u00ebkur\u00ebn e that\u00eb dhe pa shk\u00eblqim. Kjo formul\u00eb e avancuar p\u00ebrmban 3.05% p\u00ebrb\u00ebr\u00ebs aktiv\u00eb, duke p\u00ebrfshir\u00eb Retinolin rinovues, nj\u00eb Kompleks Arbutin zbut\u00ebs t\u00eb b\u00ebr\u00eb me Manushaqe dhe Bearberry, dhe ushqyesin Gjapl\u00eb Shea.<\/p>\n<p>&nbsp;<\/p>\n<p>P\u00ebr rezultate m\u00eb t\u00eb mira, p\u00ebrdorni k\u00ebt\u00eb locion si pjes\u00eb e rutin\u00ebs suaj t\u00eb p\u00ebrditshme t\u00eb kujdesit p\u00ebr l\u00ebkur\u00ebn, n\u00eb m\u00ebngjes dhe n\u00eb mbr\u00ebmje, p\u00ebr t\u00eb ndihmuar n\u00eb promovimin e nj\u00eb l\u00ebkure m\u00eb t\u00eb sh\u00ebndetshme dhe t\u00eb rinovuar. Formuluar me kujdes p\u00ebr t\u00eb luftuar shenjat e dukshme t\u00eb plakjes dhe tonin e pabarabart\u00eb, Locioni yn\u00eb p\u00ebr trup me Retinol \u00ebsht\u00eb krijuar p\u00ebr t\u00eb ofruar ushqim intensiv t\u00eb l\u00ebkur\u00ebs, duke ndihmuar gjithashtu n\u00eb p\u00ebrmir\u00ebsimin e tonit t\u00eb l\u00ebkur\u00ebs.<\/p>\n<p>&nbsp;<\/p>\n<p>Tekstura e tij e leht\u00eb siguron p\u00ebrthithje t\u00eb shpejt\u00eb, duke l\u00ebn\u00eb l\u00ebkur\u00ebn tuaj t\u00eb ndjehet e but\u00eb, e l\u00ebmuar dhe e rigjall\u00ebruar pa asnj\u00eb mbetje t\u00eb yndyrshme. Trajtoni n\u00eb m\u00ebnyr\u00eb efektive tonin e pabarabart\u00eb dhe shenjat e dukshme t\u00eb plakjes, duke zbuluar nj\u00eb l\u00ebkur\u00eb m\u00eb t\u00eb l\u00ebmuar, m\u00eb t\u00eb but\u00eb dhe m\u00eb rinore n\u00eb pamje.<\/p>\n<p>&nbsp;<\/p>\n<p>100% vegan-miq\u00ebsor, Locioni yn\u00eb p\u00ebr Trup me Retinol \u00ebsht\u00eb b\u00ebr\u00eb me paketim t\u00eb ricikluesh\u00ebm nga materiale t\u00eb ricikluara pas p\u00ebrdorimit nga konsumatori (PCR).<\/p>\n<p>&nbsp;<\/p>\n<p>Zbuloni bukurin\u00eb n\u00eb thjesht\u00ebsi me kujdesin e trupit q\u00eb shkon drejtp\u00ebrdrejt te zgjidhja.<\/p>\n<p>&nbsp;<\/p>\n<p>I zhvilluar nga nj\u00eb ekip pasionant ekspert\u00ebsh dhe shkenc\u00ebtar\u00ebsh t\u00eb kujdesit p\u00ebr l\u00ebkur\u00ebn, ne p\u00ebrdorim fuqin\u00eb e p\u00ebrb\u00ebr\u00ebsve aktiv\u00eb t\u00eb provuar n\u00eb nivele efektive p\u00ebr t\u00eb trajtuar shqet\u00ebsimet e l\u00ebkur\u00ebs suaj dhe p\u00ebr t\u00eb promovuar nj\u00eb l\u00ebkur\u00eb m\u00eb t\u00eb sh\u00ebndetshme, n\u00eb m\u00ebnyr\u00eb q\u00eb t\u00eb ndiheni t\u00eb sigurt dhe rrezatues \u00e7do dit\u00eb.<\/p>\n<p>&nbsp;<\/p>\n<p><strong>Si ta p\u00ebrdorni: <\/strong>P\u00ebr rezultate m\u00eb t\u00eb mira, p\u00ebrdoreni \u00e7do dit\u00eb. Aplikoni bujarisht n\u00eb m\u00ebngjes ose n\u00eb mbr\u00ebmje, ose sipas nevoj\u00ebs, n\u00eb zonat e pastruara. Masazhoni derisa t\u00eb p\u00ebrthithet plot\u00ebsisht. P\u00ebr p\u00ebrdorim gjat\u00eb dit\u00ebs, p\u00ebrdorni krem mbrojt\u00ebs ndaj diellit n\u00eb l\u00ebkur\u00ebn e ekspozuar.<\/p>","protected":false},"excerpt":{"rendered":"<p><strong>Shenjat e Plakjes<\/strong><\/p>\n<p><span style=\"color: #ff0000;\" data-darkreader-inline-color=\"\"><strong>Me 3.05% p\u00ebrb\u00ebr\u00ebs aktiv\u00eb<\/strong><\/span><\/p>\n<p>Retinol, Manushaqe &amp; Bearberry, Gjalp\u00eb Shea<\/p>\n<p>100% Vegan | Pa Testim n\u00eb Kafsh\u00eb | I p\u00ebrshtatsh\u00ebm p\u00ebr t\u00eb gjitha llojet e l\u00ebkur\u00ebs<\/p>\n<p>&nbsp;<\/p>\n<style type=\"text\/css\">\n\t#foogallery-gallery-10034 .fg-image {\n        width: 150px;\n    }\n<\/style>\n<div class=\"foogallery foogallery-container foogallery-default foogallery-lightbox-foogallery fg-gutter-10 fg-center fg-default fg-light fg-border-thin fg-shadow-outline fg-loading-default fg-loaded-fade-in fg-caption-hover fg-hover-fade fg-hover-zoom fg-ready\" id=\"foogallery-gallery-10034\" data-foogallery=\"{&quot;item&quot;:{&quot;showCaptionTitle&quot;:true,&quot;showCaptionDescription&quot;:true},&quot;lazy&quot;:true}\" data-foogallery-lightbox=\"{&quot;thumbs&quot;:&quot;bottom&quot;,&quot;thumbsCaptions&quot;:false,&quot;thumbsBestFit&quot;:false,&quot;thumbsSmall&quot;:false,&quot;thumbsCaptionsAlign&quot;:&quot;default&quot;,&quot;info&quot;:&quot;bottom&quot;,&quot;infoVisible&quot;:true,&quot;infoOverlay&quot;:true,&quot;infoAlign&quot;:&quot;default&quot;,&quot;transition&quot;:&quot;fade&quot;,&quot;hoverButtons&quot;:false,&quot;fitMedia&quot;:false,&quot;noScrollbars&quot;:true,&quot;preserveButtonSpace&quot;:true,&quot;buttons&quot;:{&quot;fullscreen&quot;:true,&quot;info&quot;:true,&quot;thumbs&quot;:false},&quot;video&quot;:{&quot;autoPlay&quot;:true}}\" >\n<div class=\"fg-item fg-type-image fg-idle\">\n<figure class=\"fg-item-inner\"><a href=\"https:\/\/alcedrix.com\/wp-content\/uploads\/2024\/11\/The_Solution_Retinol_Smoothing_Body_Lotion_200ml_Model_applying_product1.jpg\" data-attachment-id=\"10035\" data-type=\"image\" class=\"fg-thumb\"><span class=\"fg-image-wrap\"><img decoding=\"async\" width=\"150\" height=\"150\" class=\"skip-lazy fg-image\" data-src-fg=\"https:\/\/alcedrix.com\/wp-content\/uploads\/cache\/2024\/11\/The_Solution_Retinol_Smoothing_Body_Lotion_200ml_Model_applying_product1\/2076563458.jpg\" src=\"data:image\/svg+xml,%3Csvg%20xmlns%3D%22http%3A%2F%2Fwww.w3.org%2F2000%2Fsvg%22%20width%3D%22150%22%20height%3D%22150%22%20viewBox%3D%220%200%20150%20150%22%3E%3C%2Fsvg%3E\" loading=\"eager\"><\/span><span class=\"fg-image-overlay\"><\/span><\/a><figcaption class=\"fg-caption\">\n<div class=\"fg-caption-inner\"><\/div>\n<\/figcaption><\/figure>\n<div class=\"fg-loader\"><\/div>\n<\/div>\n<div class=\"fg-item fg-type-image fg-idle\">\n<figure class=\"fg-item-inner\"><a href=\"https:\/\/alcedrix.com\/wp-content\/uploads\/2024\/11\/The_Solution_Retinol_Smoothing_Body_Lotion_200ml_USPs1.jpg\" data-attachment-id=\"10036\" data-type=\"image\" class=\"fg-thumb\"><span class=\"fg-image-wrap\"><img decoding=\"async\" width=\"150\" height=\"150\" class=\"skip-lazy fg-image\" data-src-fg=\"https:\/\/alcedrix.com\/wp-content\/uploads\/cache\/2024\/11\/The_Solution_Retinol_Smoothing_Body_Lotion_200ml_USPs1\/2282658991.jpg\" src=\"data:image\/svg+xml,%3Csvg%20xmlns%3D%22http%3A%2F%2Fwww.w3.org%2F2000%2Fsvg%22%20width%3D%22150%22%20height%3D%22150%22%20viewBox%3D%220%200%20150%20150%22%3E%3C%2Fsvg%3E\" loading=\"eager\"><\/span><span class=\"fg-image-overlay\"><\/span><\/a><figcaption class=\"fg-caption\">\n<div class=\"fg-caption-inner\"><\/div>\n<\/figcaption><\/figure>\n<div class=\"fg-loader\"><\/div>\n<\/div>\n<div class=\"fg-item fg-type-image fg-idle\">\n<figure class=\"fg-item-inner\"><a href=\"https:\/\/alcedrix.com\/wp-content\/uploads\/2024\/11\/The_Solution_Retinol_Smoothing_Body_Lotion_200ml_Model_holding_product1.jpg\" data-attachment-id=\"10037\" data-type=\"image\" class=\"fg-thumb\"><span class=\"fg-image-wrap\"><img decoding=\"async\" width=\"150\" height=\"150\" class=\"skip-lazy fg-image\" data-src-fg=\"https:\/\/alcedrix.com\/wp-content\/uploads\/cache\/2024\/11\/The_Solution_Retinol_Smoothing_Body_Lotion_200ml_Model_holding_product1\/1126201715.jpg\" src=\"data:image\/svg+xml,%3Csvg%20xmlns%3D%22http%3A%2F%2Fwww.w3.org%2F2000%2Fsvg%22%20width%3D%22150%22%20height%3D%22150%22%20viewBox%3D%220%200%20150%20150%22%3E%3C%2Fsvg%3E\" loading=\"eager\"><\/span><span class=\"fg-image-overlay\"><\/span><\/a><figcaption class=\"fg-caption\">\n<div class=\"fg-caption-inner\"><\/div>\n<\/figcaption><\/figure>\n<div class=\"fg-loader\"><\/div>\n<\/div>\n<div class=\"fg-item fg-type-image fg-idle\">\n<figure class=\"fg-item-inner\"><a href=\"https:\/\/alcedrix.com\/wp-content\/uploads\/2024\/11\/The_Solution_Retinol_Smoothing_Body_Lotion_200ml_Before_and_after1.jpg\" data-attachment-id=\"10038\" data-type=\"image\" class=\"fg-thumb\"><span class=\"fg-image-wrap\"><img decoding=\"async\" width=\"150\" height=\"150\" class=\"skip-lazy fg-image\" data-src-fg=\"https:\/\/alcedrix.com\/wp-content\/uploads\/cache\/2024\/11\/The_Solution_Retinol_Smoothing_Body_Lotion_200ml_Before_and_after1\/3987222511.jpg\" src=\"data:image\/svg+xml,%3Csvg%20xmlns%3D%22http%3A%2F%2Fwww.w3.org%2F2000%2Fsvg%22%20width%3D%22150%22%20height%3D%22150%22%20viewBox%3D%220%200%20150%20150%22%3E%3C%2Fsvg%3E\" loading=\"eager\"><\/span><span class=\"fg-image-overlay\"><\/span><\/a><figcaption class=\"fg-caption\">\n<div class=\"fg-caption-inner\"><\/div>\n<\/figcaption><\/figure>\n<div class=\"fg-loader\"><\/div>\n<\/div>\n<div class=\"fg-item fg-type-image fg-idle\">\n<figure class=\"fg-item-inner\"><a href=\"https:\/\/alcedrix.com\/wp-content\/uploads\/2024\/11\/The_Solution_Retinol_Smoothing_Body_Lotion_200ml_Ingredient_call_outs1.jpg\" data-attachment-id=\"10039\" data-type=\"image\" class=\"fg-thumb\"><span class=\"fg-image-wrap\"><img decoding=\"async\" width=\"150\" height=\"150\" class=\"skip-lazy fg-image\" data-src-fg=\"https:\/\/alcedrix.com\/wp-content\/uploads\/cache\/2024\/11\/The_Solution_Retinol_Smoothing_Body_Lotion_200ml_Ingredient_call_outs1\/3948722265.jpg\" src=\"data:image\/svg+xml,%3Csvg%20xmlns%3D%22http%3A%2F%2Fwww.w3.org%2F2000%2Fsvg%22%20width%3D%22150%22%20height%3D%22150%22%20viewBox%3D%220%200%20150%20150%22%3E%3C%2Fsvg%3E\" loading=\"eager\"><\/span><span class=\"fg-image-overlay\"><\/span><\/a><figcaption class=\"fg-caption\">\n<div class=\"fg-caption-inner\"><\/div>\n<\/figcaption><\/figure>\n<div class=\"fg-loader\"><\/div>\n<\/div>\n<div class=\"fg-item fg-type-image fg-idle\">\n<figure class=\"fg-item-inner\"><a href=\"https:\/\/alcedrix.com\/wp-content\/uploads\/2024\/11\/The_Solution_Retinol_Smoothing_Body_Lotion_200ml_Ingredient_call_outs_11.jpg\" data-attachment-id=\"10040\" data-type=\"image\" class=\"fg-thumb\"><span class=\"fg-image-wrap\"><img decoding=\"async\" width=\"150\" height=\"150\" class=\"skip-lazy fg-image\" data-src-fg=\"https:\/\/alcedrix.com\/wp-content\/uploads\/cache\/2024\/11\/The_Solution_Retinol_Smoothing_Body_Lotion_200ml_Ingredient_call_outs_11\/2482985914.jpg\" src=\"data:image\/svg+xml,%3Csvg%20xmlns%3D%22http%3A%2F%2Fwww.w3.org%2F2000%2Fsvg%22%20width%3D%22150%22%20height%3D%22150%22%20viewBox%3D%220%200%20150%20150%22%3E%3C%2Fsvg%3E\" loading=\"eager\"><\/span><span class=\"fg-image-overlay\"><\/span><\/a><figcaption class=\"fg-caption\">\n<div class=\"fg-caption-inner\"><\/div>\n<\/figcaption><\/figure>\n<div class=\"fg-loader\"><\/div>\n<\/div>\n<div class=\"fg-item fg-type-image fg-idle\">\n<figure class=\"fg-item-inner\"><a href=\"https:\/\/alcedrix.com\/wp-content\/uploads\/2024\/11\/The_Solution_Retinol_Smoothing_Body_Lotion_200ml_Model_holding_product_11.jpg\" data-attachment-id=\"10041\" data-type=\"image\" class=\"fg-thumb\"><span class=\"fg-image-wrap\"><img decoding=\"async\" width=\"150\" height=\"150\" class=\"skip-lazy fg-image\" data-src-fg=\"https:\/\/alcedrix.com\/wp-content\/uploads\/cache\/2024\/11\/The_Solution_Retinol_Smoothing_Body_Lotion_200ml_Model_holding_product_11\/1565609014.jpg\" src=\"data:image\/svg+xml,%3Csvg%20xmlns%3D%22http%3A%2F%2Fwww.w3.org%2F2000%2Fsvg%22%20width%3D%22150%22%20height%3D%22150%22%20viewBox%3D%220%200%20150%20150%22%3E%3C%2Fsvg%3E\" loading=\"eager\"><\/span><span class=\"fg-image-overlay\"><\/span><\/a><figcaption class=\"fg-caption\">\n<div class=\"fg-caption-inner\"><\/div>\n<\/figcaption><\/figure>\n<div class=\"fg-loader\"><\/div>\n<\/div>\n<div class=\"fg-item fg-type-image fg-idle\">\n<figure class=\"fg-item-inner\"><a href=\"https:\/\/alcedrix.com\/wp-content\/uploads\/2024\/11\/The_Solution_Retinol_Smoothing_Body_Lotion_200ml_Lifestyle_product_image1.jpg\" data-attachment-id=\"10042\" data-type=\"image\" class=\"fg-thumb\"><span class=\"fg-image-wrap\"><img decoding=\"async\" width=\"150\" height=\"150\" class=\"skip-lazy fg-image\" data-src-fg=\"https:\/\/alcedrix.com\/wp-content\/uploads\/cache\/2024\/11\/The_Solution_Retinol_Smoothing_Body_Lotion_200ml_Lifestyle_product_image1\/2389235229.jpg\" src=\"data:image\/svg+xml,%3Csvg%20xmlns%3D%22http%3A%2F%2Fwww.w3.org%2F2000%2Fsvg%22%20width%3D%22150%22%20height%3D%22150%22%20viewBox%3D%220%200%20150%20150%22%3E%3C%2Fsvg%3E\" loading=\"eager\"><\/span><span class=\"fg-image-overlay\"><\/span><\/a><figcaption class=\"fg-caption\">\n<div class=\"fg-caption-inner\"><\/div>\n<\/figcaption><\/figure>\n<div class=\"fg-loader\"><\/div>\n<\/div>\n<\/div>","protected":false},"featured_media":9659,"template":"","meta":[],"product_cat":[156,153],"product_tag":[],"class_list":{"0":"post-9658","1":"product","2":"type-product","3":"status-publish","4":"has-post-thumbnail","6":"product_cat-skin-care","7":"product_cat-the-solution","9":"first","10":"instock","11":"taxable","12":"shipping-taxable","13":"purchasable","14":"product-type-simple"},"yoast_head":"<!-- This site is optimized with the Yoast SEO plugin v23.6 - https:\/\/yoast.com\/wordpress\/plugins\/seo\/ -->\n<title>The Solution Retinol Smoothing Body Lotion - Alcedrix<\/title>\n<meta name=\"robots\" content=\"index, follow, max-snippet:-1, max-image-preview:large, max-video-preview:-1\" \/>\n<link rel=\"canonical\" href=\"http:\/\/alcedrix.com\/sq\/shop\/the-solution-retinol-smoothing-body-lotion\/\" \/>\n<meta property=\"og:locale\" content=\"sq_AL\" \/>\n<meta property=\"og:type\" content=\"article\" \/>\n<meta property=\"og:title\" content=\"The Solution Retinol Smoothing Body Lotion - Alcedrix\" \/>\n<meta property=\"og:description\" content=\"Shenjat e Plakjes  Me 3.05% p\u00ebrb\u00ebr\u00ebs aktiv\u00eb  Retinol, Manushaqe &amp; Bearberry, Gjalp\u00eb Shea  100% Vegan | Pa Testim n\u00eb Kafsh\u00eb | I p\u00ebrshtatsh\u00ebm p\u00ebr t\u00eb gjitha llojet e l\u00ebkur\u00ebs  &nbsp;\" \/>\n<meta property=\"og:url\" content=\"http:\/\/alcedrix.com\/sq\/shop\/the-solution-retinol-smoothing-body-lotion\/\" \/>\n<meta property=\"og:site_name\" content=\"Alcedrix\" \/>\n<meta property=\"article:publisher\" content=\"https:\/\/www.facebook.com\/alcedrix\" \/>\n<meta property=\"article:modified_time\" content=\"2024-11-15T09:27:16+00:00\" \/>\n<meta property=\"og:image\" content=\"http:\/\/alcedrix.com\/wp-content\/uploads\/2024\/11\/TheSolutionRetinolSmoothingBodyLotionproductimage_2048x20481.jpg\" \/>\n\t<meta property=\"og:image:width\" content=\"1000\" \/>\n\t<meta property=\"og:image:height\" content=\"1000\" \/>\n\t<meta property=\"og:image:type\" content=\"image\/jpeg\" \/>\n<meta name=\"twitter:card\" content=\"summary_large_image\" \/>\n<meta name=\"twitter:label1\" content=\"Est. reading time\" \/>\n\t<meta name=\"twitter:data1\" content=\"2 minuta\" \/>\n<script type=\"application\/ld+json\" class=\"yoast-schema-graph\">{\"@context\":\"https:\/\/schema.org\",\"@graph\":[{\"@type\":\"WebPage\",\"@id\":\"http:\/\/alcedrix.com\/shop\/the-solution-retinol-smoothing-body-lotion\/\",\"url\":\"http:\/\/alcedrix.com\/shop\/the-solution-retinol-smoothing-body-lotion\/\",\"name\":\"The Solution Retinol Smoothing Body Lotion - Alcedrix\",\"isPartOf\":{\"@id\":\"https:\/\/alcedrix.com\/#website\"},\"primaryImageOfPage\":{\"@id\":\"http:\/\/alcedrix.com\/shop\/the-solution-retinol-smoothing-body-lotion\/#primaryimage\"},\"image\":{\"@id\":\"http:\/\/alcedrix.com\/shop\/the-solution-retinol-smoothing-body-lotion\/#primaryimage\"},\"thumbnailUrl\":\"https:\/\/alcedrix.com\/wp-content\/uploads\/2024\/11\/TheSolutionRetinolSmoothingBodyLotionproductimage_2048x20481.jpg\",\"datePublished\":\"2024-11-06T13:48:58+00:00\",\"dateModified\":\"2024-11-15T09:27:16+00:00\",\"breadcrumb\":{\"@id\":\"http:\/\/alcedrix.com\/shop\/the-solution-retinol-smoothing-body-lotion\/#breadcrumb\"},\"inLanguage\":\"sq\",\"potentialAction\":[{\"@type\":\"ReadAction\",\"target\":[\"http:\/\/alcedrix.com\/shop\/the-solution-retinol-smoothing-body-lotion\/\"]}]},{\"@type\":\"ImageObject\",\"inLanguage\":\"sq\",\"@id\":\"http:\/\/alcedrix.com\/shop\/the-solution-retinol-smoothing-body-lotion\/#primaryimage\",\"url\":\"https:\/\/alcedrix.com\/wp-content\/uploads\/2024\/11\/TheSolutionRetinolSmoothingBodyLotionproductimage_2048x20481.jpg\",\"contentUrl\":\"https:\/\/alcedrix.com\/wp-content\/uploads\/2024\/11\/TheSolutionRetinolSmoothingBodyLotionproductimage_2048x20481.jpg\",\"width\":1000,\"height\":1000},{\"@type\":\"BreadcrumbList\",\"@id\":\"http:\/\/alcedrix.com\/shop\/the-solution-retinol-smoothing-body-lotion\/#breadcrumb\",\"itemListElement\":[{\"@type\":\"ListItem\",\"position\":1,\"name\":\"Home\",\"item\":\"https:\/\/alcedrix.com\/\"},{\"@type\":\"ListItem\",\"position\":2,\"name\":\"Shop\",\"item\":\"https:\/\/alcedrix.com\/shop\/\"},{\"@type\":\"ListItem\",\"position\":3,\"name\":\"The Solution Retinol Smoothing Body Lotion\"}]},{\"@type\":\"WebSite\",\"@id\":\"https:\/\/alcedrix.com\/#website\",\"url\":\"https:\/\/alcedrix.com\/\",\"name\":\"Alcedrix\",\"description\":\"Alcedrix\",\"publisher\":{\"@id\":\"https:\/\/alcedrix.com\/#organization\"},\"potentialAction\":[{\"@type\":\"SearchAction\",\"target\":{\"@type\":\"EntryPoint\",\"urlTemplate\":\"https:\/\/alcedrix.com\/?s={search_term_string}\"},\"query-input\":{\"@type\":\"PropertyValueSpecification\",\"valueRequired\":true,\"valueName\":\"search_term_string\"}}],\"inLanguage\":\"sq\"},{\"@type\":\"Organization\",\"@id\":\"https:\/\/alcedrix.com\/#organization\",\"name\":\"Alcedrix\",\"url\":\"https:\/\/alcedrix.com\/\",\"logo\":{\"@type\":\"ImageObject\",\"inLanguage\":\"sq\",\"@id\":\"https:\/\/alcedrix.com\/#\/schema\/logo\/image\/\",\"url\":\"http:\/\/3.126.27.25\/wp-content\/uploads\/2023\/08\/logo-web.png\",\"contentUrl\":\"http:\/\/3.126.27.25\/wp-content\/uploads\/2023\/08\/logo-web.png\",\"width\":492,\"height\":93,\"caption\":\"Alcedrix\"},\"image\":{\"@id\":\"https:\/\/alcedrix.com\/#\/schema\/logo\/image\/\"},\"sameAs\":[\"https:\/\/www.facebook.com\/alcedrix\",\"https:\/\/www.instagram.com\/alcedrix\"]}]}<\/script>\n<!-- \/ Yoast SEO plugin. -->","yoast_head_json":{"title":"The Solution Retinol Smoothing Body Lotion - Alcedrix","robots":{"index":"index","follow":"follow","max-snippet":"max-snippet:-1","max-image-preview":"max-image-preview:large","max-video-preview":"max-video-preview:-1"},"canonical":"http:\/\/alcedrix.com\/sq\/shop\/the-solution-retinol-smoothing-body-lotion\/","og_locale":"sq_AL","og_type":"article","og_title":"The Solution Retinol Smoothing Body Lotion - Alcedrix","og_description":"Shenjat e Plakjes  Me 3.05% p\u00ebrb\u00ebr\u00ebs aktiv\u00eb  Retinol, Manushaqe &amp; Bearberry, Gjalp\u00eb Shea  100% Vegan | Pa Testim n\u00eb Kafsh\u00eb | I p\u00ebrshtatsh\u00ebm p\u00ebr t\u00eb gjitha llojet e l\u00ebkur\u00ebs  &nbsp;","og_url":"http:\/\/alcedrix.com\/sq\/shop\/the-solution-retinol-smoothing-body-lotion\/","og_site_name":"Alcedrix","article_publisher":"https:\/\/www.facebook.com\/alcedrix","article_modified_time":"2024-11-15T09:27:16+00:00","og_image":[{"width":1000,"height":1000,"url":"http:\/\/alcedrix.com\/wp-content\/uploads\/2024\/11\/TheSolutionRetinolSmoothingBodyLotionproductimage_2048x20481.jpg","type":"image\/jpeg"}],"twitter_card":"summary_large_image","twitter_misc":{"Est. reading time":"2 minuta"},"schema":{"@context":"https:\/\/schema.org","@graph":[{"@type":"WebPage","@id":"http:\/\/alcedrix.com\/shop\/the-solution-retinol-smoothing-body-lotion\/","url":"http:\/\/alcedrix.com\/shop\/the-solution-retinol-smoothing-body-lotion\/","name":"The Solution Retinol Smoothing Body Lotion - Alcedrix","isPartOf":{"@id":"https:\/\/alcedrix.com\/#website"},"primaryImageOfPage":{"@id":"http:\/\/alcedrix.com\/shop\/the-solution-retinol-smoothing-body-lotion\/#primaryimage"},"image":{"@id":"http:\/\/alcedrix.com\/shop\/the-solution-retinol-smoothing-body-lotion\/#primaryimage"},"thumbnailUrl":"https:\/\/alcedrix.com\/wp-content\/uploads\/2024\/11\/TheSolutionRetinolSmoothingBodyLotionproductimage_2048x20481.jpg","datePublished":"2024-11-06T13:48:58+00:00","dateModified":"2024-11-15T09:27:16+00:00","breadcrumb":{"@id":"http:\/\/alcedrix.com\/shop\/the-solution-retinol-smoothing-body-lotion\/#breadcrumb"},"inLanguage":"sq","potentialAction":[{"@type":"ReadAction","target":["http:\/\/alcedrix.com\/shop\/the-solution-retinol-smoothing-body-lotion\/"]}]},{"@type":"ImageObject","inLanguage":"sq","@id":"http:\/\/alcedrix.com\/shop\/the-solution-retinol-smoothing-body-lotion\/#primaryimage","url":"https:\/\/alcedrix.com\/wp-content\/uploads\/2024\/11\/TheSolutionRetinolSmoothingBodyLotionproductimage_2048x20481.jpg","contentUrl":"https:\/\/alcedrix.com\/wp-content\/uploads\/2024\/11\/TheSolutionRetinolSmoothingBodyLotionproductimage_2048x20481.jpg","width":1000,"height":1000},{"@type":"BreadcrumbList","@id":"http:\/\/alcedrix.com\/shop\/the-solution-retinol-smoothing-body-lotion\/#breadcrumb","itemListElement":[{"@type":"ListItem","position":1,"name":"Home","item":"https:\/\/alcedrix.com\/"},{"@type":"ListItem","position":2,"name":"Shop","item":"https:\/\/alcedrix.com\/shop\/"},{"@type":"ListItem","position":3,"name":"The Solution Retinol Smoothing Body Lotion"}]},{"@type":"WebSite","@id":"https:\/\/alcedrix.com\/#website","url":"https:\/\/alcedrix.com\/","name":"Alcedrix","description":"Alcedrix","publisher":{"@id":"https:\/\/alcedrix.com\/#organization"},"potentialAction":[{"@type":"SearchAction","target":{"@type":"EntryPoint","urlTemplate":"https:\/\/alcedrix.com\/?s={search_term_string}"},"query-input":{"@type":"PropertyValueSpecification","valueRequired":true,"valueName":"search_term_string"}}],"inLanguage":"sq"},{"@type":"Organization","@id":"https:\/\/alcedrix.com\/#organization","name":"Alcedrix","url":"https:\/\/alcedrix.com\/","logo":{"@type":"ImageObject","inLanguage":"sq","@id":"https:\/\/alcedrix.com\/#\/schema\/logo\/image\/","url":"http:\/\/3.126.27.25\/wp-content\/uploads\/2023\/08\/logo-web.png","contentUrl":"http:\/\/3.126.27.25\/wp-content\/uploads\/2023\/08\/logo-web.png","width":492,"height":93,"caption":"Alcedrix"},"image":{"@id":"https:\/\/alcedrix.com\/#\/schema\/logo\/image\/"},"sameAs":["https:\/\/www.facebook.com\/alcedrix","https:\/\/www.instagram.com\/alcedrix"]}]}},"_links":{"self":[{"href":"https:\/\/alcedrix.com\/sq\/wp-json\/wp\/v2\/product\/9658"}],"collection":[{"href":"https:\/\/alcedrix.com\/sq\/wp-json\/wp\/v2\/product"}],"about":[{"href":"https:\/\/alcedrix.com\/sq\/wp-json\/wp\/v2\/types\/product"}],"version-history":[{"count":0,"href":"https:\/\/alcedrix.com\/sq\/wp-json\/wp\/v2\/product\/9658\/revisions"}],"wp:featuredmedia":[{"embeddable":true,"href":"https:\/\/alcedrix.com\/sq\/wp-json\/wp\/v2\/media\/9659"}],"wp:attachment":[{"href":"https:\/\/alcedrix.com\/sq\/wp-json\/wp\/v2\/media?parent=9658"}],"wp:term":[{"taxonomy":"product_cat","embeddable":true,"href":"https:\/\/alcedrix.com\/sq\/wp-json\/wp\/v2\/product_cat?post=9658"},{"taxonomy":"product_tag","embeddable":true,"href":"https:\/\/alcedrix.com\/sq\/wp-json\/wp\/v2\/product_tag?post=9658"}],"curies":[{"name":"wp","href":"https:\/\/api.w.org\/{rel}","templated":true}]}}