{"id":9656,"date":"2024-11-06T13:42:50","date_gmt":"2024-11-06T13:42:50","guid":{"rendered":"http:\/\/3.126.27.25\/?post_type=product&#038;p=9656"},"modified":"2024-11-15T09:29:36","modified_gmt":"2024-11-15T09:29:36","slug":"the-solution-vitamin-c-brightening-body-lotion","status":"publish","type":"product","link":"https:\/\/alcedrix.com\/sq\/shop\/the-solution-vitamin-c-brightening-body-lotion\/","title":{"rendered":"The Solution Vitamin C Brightening Body Lotion"},"content":{"rendered":"<p><strong>P\u00ebrfitimet kryesore:<\/strong><\/p>\n<ul>\n<li>Ndihmon n\u00eb ndri\u00e7imin dhe iluminimin e l\u00ebkur\u00ebs<\/li>\n<li>P\u00ebrthithet shpejt<\/li>\n<li>E p\u00ebrshtatshme p\u00ebr t\u00eb gjitha llojet e l\u00ebkur\u00ebs<\/li>\n<\/ul>\n<p>&nbsp;<\/p>\n<p>Locioni yn\u00eb p\u00ebr Trupin me Vitamin\u00eb C, q\u00eb thahet shpejt, pa yndyr\u00eb dhe vegan-miq\u00ebsor, \u00ebsht\u00eb zgjidhja perfekte p\u00ebr l\u00ebkur\u00eb t\u00eb lodhur dhe pa energji q\u00eb ka nevoj\u00eb p\u00ebr nj\u00eb shtytje energjie. Kjo formul\u00eb e avancuar p\u00ebrmban 1.75% p\u00ebrb\u00ebr\u00ebs aktiv\u00eb, p\u00ebrfshir\u00eb Vitamin\u00ebn C, Vitaminat A dhe E rinovuese, dhe Jamballin ndri\u00e7uese. K\u00ebta p\u00ebrb\u00ebr\u00ebs t\u00eb fuqish\u00ebm punojn\u00eb s\u00eb bashku p\u00ebr t\u00eb rigjall\u00ebruar l\u00ebkur\u00ebn tuaj, duke promovuar nj\u00eb pamje m\u00eb t\u00eb sh\u00ebndetshme, t\u00eb ndritshme dhe t\u00eb rrezatuar.<\/p>\n<p>&nbsp;<\/p>\n<p>Formuluar n\u00eb m\u00ebnyr\u00eb ekspert\u00ebsh me l\u00ebkur\u00ebn e zbeht\u00eb dhe t\u00eb pastrukturuar n\u00eb mendje, Locioni yn\u00eb p\u00ebr Trup me Vitamin\u00eb C \u00ebsht\u00eb krijuar p\u00ebr t\u00eb rritur ndri\u00e7imin e l\u00ebkur\u00ebs dhe p\u00ebr t\u00eb promovuar nj\u00eb shk\u00eblqim t\u00eb menj\u00ebhersh\u00ebm. P\u00ebr rezultate m\u00eb t\u00eb mira, p\u00ebrdorni k\u00ebt\u00eb locion si pjes\u00eb e rutin\u00ebs suaj t\u00eb p\u00ebrditshme t\u00eb kujdesit p\u00ebr l\u00ebkur\u00ebn, n\u00eb m\u00ebngjes dhe n\u00eb mbr\u00ebmje. Tekstura e tij e leht\u00eb dhe pa yndyr\u00eb siguron p\u00ebrthithje t\u00eb shpejt\u00eb, duke l\u00ebn\u00eb l\u00ebkur\u00ebn tuaj t\u00eb ndjehet e but\u00eb dhe e rinovuar pa asnj\u00eb mbetje t\u00eb yndyrshme.<\/p>\n<p>&nbsp;<\/p>\n<p>Luftoni efektivisht zbehjen dhe ndihmoni n\u00eb zbulimin e nj\u00eb l\u00ebkure m\u00eb t\u00eb ndritshme dhe energjike me nj\u00eb shk\u00eblqim natyral dhe t\u00eb sh\u00ebndetsh\u00ebm.<\/p>\n<p>&nbsp;<\/p>\n<p>100% vegan-miq\u00ebsor, Locioni yn\u00eb p\u00ebr Trup me Vitamin\u00eb C \u00ebsht\u00eb i paketuar me materiale t\u00eb riciklueshme nga materiale t\u00eb ricikluara pas p\u00ebrdorimit nga konsumatori (PCR).<\/p>\n<p>&nbsp;<\/p>\n<p>Zbuloni bukurin\u00eb n\u00eb thjesht\u00ebsi me kujdesin e trupit q\u00eb shkon direkt te zgjidhja. I zhvilluar nga nj\u00eb ekip pasionant i ekspert\u00ebve dhe shkenc\u00ebtar\u00ebve t\u00eb kujdesit p\u00ebr l\u00ebkur\u00ebn, ne p\u00ebrdorim fuqin\u00eb e p\u00ebrb\u00ebr\u00ebsve aktiv\u00eb t\u00eb provuar n\u00eb nivele efektive p\u00ebr t\u00eb trajtuar shqet\u00ebsimet tuaja p\u00ebr l\u00ebkur\u00ebn dhe p\u00ebr t\u00eb promovuar nj\u00eb l\u00ebkur\u00eb m\u00eb t\u00eb sh\u00ebndetshme, n\u00eb m\u00ebnyr\u00eb q\u00eb t\u00eb ndiheni t\u00eb sigurt dhe rrezatues \u00e7do dit\u00eb. Shijoni locionin p\u00ebr rritjen e rrezatimit dhe k\u00ebnaquni me nj\u00eb l\u00ebkur\u00eb m\u00eb t\u00eb ndritshme dhe m\u00eb t\u00eb gjall\u00eb \u00e7do dit\u00eb.<\/p>\n<p>&nbsp;<\/p>\n<p><strong>Si ta p\u00ebrdorni:<\/strong> P\u00ebrdoreni \u00e7do dit\u00eb. Aplikoni n\u00eb m\u00ebngjes dhe n\u00eb mbr\u00ebmje n\u00eb zon\u00ebn e synuar, ose sipas nevoj\u00ebs. Masazhojeni derisa t\u00eb p\u00ebrthithet plot\u00ebsisht.<\/p>","protected":false},"excerpt":{"rendered":"<p><strong>L\u00ebkur\u00eb e lodhur dhe pa shk\u00eblqim<\/strong><\/p>\n<p><span style=\"color: #ff0000;\" data-darkreader-inline-color=\"\"><strong>Me 1.76% p\u00ebrb\u00ebr\u00ebs aktiv\u00eb<\/strong><\/span><\/p>\n<p>Vitamina C, Vitamina A &amp; E, Ekstrakt i Jamballit<\/p>\n<p>100% Vegan | Pa Testim n\u00eb Kafsh\u00eb | I p\u00ebrshtatsh\u00ebm p\u00ebr t\u00eb gjitha llojet e l\u00ebkur\u00ebs<\/p>\n<p>&nbsp;<\/p>\n<style type=\"text\/css\">\n\t#foogallery-gallery-10043 .fg-image {\n        width: 150px;\n    }\n<\/style>\n<div class=\"foogallery foogallery-container foogallery-default foogallery-lightbox-foogallery fg-gutter-10 fg-center fg-default fg-light fg-border-thin fg-shadow-outline fg-loading-default fg-loaded-fade-in fg-caption-hover fg-hover-fade fg-hover-zoom fg-ready\" id=\"foogallery-gallery-10043\" data-foogallery=\"{&quot;item&quot;:{&quot;showCaptionTitle&quot;:true,&quot;showCaptionDescription&quot;:true},&quot;lazy&quot;:true}\" data-foogallery-lightbox=\"{&quot;thumbs&quot;:&quot;bottom&quot;,&quot;thumbsCaptions&quot;:false,&quot;thumbsBestFit&quot;:false,&quot;thumbsSmall&quot;:false,&quot;thumbsCaptionsAlign&quot;:&quot;default&quot;,&quot;info&quot;:&quot;bottom&quot;,&quot;infoVisible&quot;:true,&quot;infoOverlay&quot;:true,&quot;infoAlign&quot;:&quot;default&quot;,&quot;transition&quot;:&quot;fade&quot;,&quot;hoverButtons&quot;:false,&quot;fitMedia&quot;:false,&quot;noScrollbars&quot;:true,&quot;preserveButtonSpace&quot;:true,&quot;buttons&quot;:{&quot;fullscreen&quot;:true,&quot;info&quot;:true,&quot;thumbs&quot;:false},&quot;video&quot;:{&quot;autoPlay&quot;:true}}\" >\n<div class=\"fg-item fg-type-image fg-idle\">\n<figure class=\"fg-item-inner\"><a href=\"https:\/\/alcedrix.com\/wp-content\/uploads\/2024\/11\/The_Solution_Vitamin_C_Brightening_Body_Lotion_200ml_Model_applying_product1.jpg\" data-attachment-id=\"10044\" data-type=\"image\" class=\"fg-thumb\"><span class=\"fg-image-wrap\"><img decoding=\"async\" width=\"150\" height=\"150\" class=\"skip-lazy fg-image\" data-src-fg=\"https:\/\/alcedrix.com\/wp-content\/uploads\/cache\/2024\/11\/The_Solution_Vitamin_C_Brightening_Body_Lotion_200ml_Model_applying_product1\/425228850.jpg\" src=\"data:image\/svg+xml,%3Csvg%20xmlns%3D%22http%3A%2F%2Fwww.w3.org%2F2000%2Fsvg%22%20width%3D%22150%22%20height%3D%22150%22%20viewBox%3D%220%200%20150%20150%22%3E%3C%2Fsvg%3E\" loading=\"eager\"><\/span><span class=\"fg-image-overlay\"><\/span><\/a><figcaption class=\"fg-caption\">\n<div class=\"fg-caption-inner\"><\/div>\n<\/figcaption><\/figure>\n<div class=\"fg-loader\"><\/div>\n<\/div>\n<div class=\"fg-item fg-type-image fg-idle\">\n<figure class=\"fg-item-inner\"><a href=\"https:\/\/alcedrix.com\/wp-content\/uploads\/2024\/11\/The_Solution_Vitamin_C_Brightening_Body_Lotion_200ml_Ingredients_call_outs1.jpg\" data-attachment-id=\"10045\" data-type=\"image\" class=\"fg-thumb\"><span class=\"fg-image-wrap\"><img decoding=\"async\" width=\"150\" height=\"150\" class=\"skip-lazy fg-image\" data-src-fg=\"https:\/\/alcedrix.com\/wp-content\/uploads\/cache\/2024\/11\/The_Solution_Vitamin_C_Brightening_Body_Lotion_200ml_Ingredients_call_outs1\/801136251.jpg\" src=\"data:image\/svg+xml,%3Csvg%20xmlns%3D%22http%3A%2F%2Fwww.w3.org%2F2000%2Fsvg%22%20width%3D%22150%22%20height%3D%22150%22%20viewBox%3D%220%200%20150%20150%22%3E%3C%2Fsvg%3E\" loading=\"eager\"><\/span><span class=\"fg-image-overlay\"><\/span><\/a><figcaption class=\"fg-caption\">\n<div class=\"fg-caption-inner\"><\/div>\n<\/figcaption><\/figure>\n<div class=\"fg-loader\"><\/div>\n<\/div>\n<div class=\"fg-item fg-type-image fg-idle\">\n<figure class=\"fg-item-inner\"><a href=\"https:\/\/alcedrix.com\/wp-content\/uploads\/2024\/11\/The_Solution_Vitamin_C_Brightening_Body_Lotion_200ml_Testimonials1.jpg\" data-attachment-id=\"10046\" data-type=\"image\" class=\"fg-thumb\"><span class=\"fg-image-wrap\"><img decoding=\"async\" width=\"150\" height=\"150\" class=\"skip-lazy fg-image\" data-src-fg=\"https:\/\/alcedrix.com\/wp-content\/uploads\/cache\/2024\/11\/The_Solution_Vitamin_C_Brightening_Body_Lotion_200ml_Testimonials1\/2977051905.jpg\" src=\"data:image\/svg+xml,%3Csvg%20xmlns%3D%22http%3A%2F%2Fwww.w3.org%2F2000%2Fsvg%22%20width%3D%22150%22%20height%3D%22150%22%20viewBox%3D%220%200%20150%20150%22%3E%3C%2Fsvg%3E\" loading=\"eager\"><\/span><span class=\"fg-image-overlay\"><\/span><\/a><figcaption class=\"fg-caption\">\n<div class=\"fg-caption-inner\"><\/div>\n<\/figcaption><\/figure>\n<div class=\"fg-loader\"><\/div>\n<\/div>\n<div class=\"fg-item fg-type-image fg-idle\">\n<figure class=\"fg-item-inner\"><a href=\"https:\/\/alcedrix.com\/wp-content\/uploads\/2024\/11\/The_Solution_Vitamin_C_Brightening_Body_Lotion_200ml_Model_holding_product1.jpg\" data-attachment-id=\"10047\" data-type=\"image\" class=\"fg-thumb\"><span class=\"fg-image-wrap\"><img decoding=\"async\" width=\"150\" height=\"150\" class=\"skip-lazy fg-image\" data-src-fg=\"https:\/\/alcedrix.com\/wp-content\/uploads\/cache\/2024\/11\/The_Solution_Vitamin_C_Brightening_Body_Lotion_200ml_Model_holding_product1\/854339979.jpg\" src=\"data:image\/svg+xml,%3Csvg%20xmlns%3D%22http%3A%2F%2Fwww.w3.org%2F2000%2Fsvg%22%20width%3D%22150%22%20height%3D%22150%22%20viewBox%3D%220%200%20150%20150%22%3E%3C%2Fsvg%3E\" loading=\"eager\"><\/span><span class=\"fg-image-overlay\"><\/span><\/a><figcaption class=\"fg-caption\">\n<div class=\"fg-caption-inner\"><\/div>\n<\/figcaption><\/figure>\n<div class=\"fg-loader\"><\/div>\n<\/div>\n<div class=\"fg-item fg-type-image fg-idle\">\n<figure class=\"fg-item-inner\"><a href=\"https:\/\/alcedrix.com\/wp-content\/uploads\/2024\/11\/The_Solution_Vitamin_C_Brightening_Body_Lotion_200ml_Ingredient_call_outs1.jpg\" data-attachment-id=\"10048\" data-type=\"image\" class=\"fg-thumb\"><span class=\"fg-image-wrap\"><img decoding=\"async\" width=\"150\" height=\"150\" class=\"skip-lazy fg-image\" data-src-fg=\"https:\/\/alcedrix.com\/wp-content\/uploads\/cache\/2024\/11\/The_Solution_Vitamin_C_Brightening_Body_Lotion_200ml_Ingredient_call_outs1\/3305863600.jpg\" src=\"data:image\/svg+xml,%3Csvg%20xmlns%3D%22http%3A%2F%2Fwww.w3.org%2F2000%2Fsvg%22%20width%3D%22150%22%20height%3D%22150%22%20viewBox%3D%220%200%20150%20150%22%3E%3C%2Fsvg%3E\" loading=\"eager\"><\/span><span class=\"fg-image-overlay\"><\/span><\/a><figcaption class=\"fg-caption\">\n<div class=\"fg-caption-inner\"><\/div>\n<\/figcaption><\/figure>\n<div class=\"fg-loader\"><\/div>\n<\/div>\n<div class=\"fg-item fg-type-image fg-idle\">\n<figure class=\"fg-item-inner\"><a href=\"https:\/\/alcedrix.com\/wp-content\/uploads\/2024\/11\/The_Solution_Vitamin_C_Brightening_Body_Lotion_200ml_Ingredient_call_outs_11.jpg\" data-attachment-id=\"10049\" data-type=\"image\" class=\"fg-thumb\"><span class=\"fg-image-wrap\"><img decoding=\"async\" width=\"150\" height=\"150\" class=\"skip-lazy fg-image\" data-src-fg=\"https:\/\/alcedrix.com\/wp-content\/uploads\/cache\/2024\/11\/The_Solution_Vitamin_C_Brightening_Body_Lotion_200ml_Ingredient_call_outs_11\/3600651440.jpg\" src=\"data:image\/svg+xml,%3Csvg%20xmlns%3D%22http%3A%2F%2Fwww.w3.org%2F2000%2Fsvg%22%20width%3D%22150%22%20height%3D%22150%22%20viewBox%3D%220%200%20150%20150%22%3E%3C%2Fsvg%3E\" loading=\"eager\"><\/span><span class=\"fg-image-overlay\"><\/span><\/a><figcaption class=\"fg-caption\">\n<div class=\"fg-caption-inner\"><\/div>\n<\/figcaption><\/figure>\n<div class=\"fg-loader\"><\/div>\n<\/div>\n<div class=\"fg-item fg-type-image fg-idle\">\n<figure class=\"fg-item-inner\"><a href=\"https:\/\/alcedrix.com\/wp-content\/uploads\/2024\/11\/The_Solution_Vitamin_C_Brightening_Body_Lotion_200ml_Lifestyle_product_image1.jpg\" data-attachment-id=\"10050\" data-type=\"image\" class=\"fg-thumb\"><span class=\"fg-image-wrap\"><img decoding=\"async\" width=\"150\" height=\"150\" class=\"skip-lazy fg-image\" data-src-fg=\"https:\/\/alcedrix.com\/wp-content\/uploads\/cache\/2024\/11\/The_Solution_Vitamin_C_Brightening_Body_Lotion_200ml_Lifestyle_product_image1\/1779601904.jpg\" src=\"data:image\/svg+xml,%3Csvg%20xmlns%3D%22http%3A%2F%2Fwww.w3.org%2F2000%2Fsvg%22%20width%3D%22150%22%20height%3D%22150%22%20viewBox%3D%220%200%20150%20150%22%3E%3C%2Fsvg%3E\" loading=\"eager\"><\/span><span class=\"fg-image-overlay\"><\/span><\/a><figcaption class=\"fg-caption\">\n<div class=\"fg-caption-inner\"><\/div>\n<\/figcaption><\/figure>\n<div class=\"fg-loader\"><\/div>\n<\/div>\n<div class=\"fg-item fg-type-image fg-idle\">\n<figure class=\"fg-item-inner\"><a href=\"https:\/\/alcedrix.com\/wp-content\/uploads\/2024\/11\/The_Solution_Vitamin_C_Brightening_Body_Lotion_200ml_Lifestyle_product_image_with_formula1.jpg\" data-attachment-id=\"10051\" data-type=\"image\" class=\"fg-thumb\"><span class=\"fg-image-wrap\"><img decoding=\"async\" width=\"150\" height=\"150\" class=\"skip-lazy fg-image\" data-src-fg=\"https:\/\/alcedrix.com\/wp-content\/uploads\/cache\/2024\/11\/The_Solution_Vitamin_C_Brightening_Body_Lotion_200ml_Lifestyle_product_image_with_formula1\/2292620740.jpg\" src=\"data:image\/svg+xml,%3Csvg%20xmlns%3D%22http%3A%2F%2Fwww.w3.org%2F2000%2Fsvg%22%20width%3D%22150%22%20height%3D%22150%22%20viewBox%3D%220%200%20150%20150%22%3E%3C%2Fsvg%3E\" loading=\"eager\"><\/span><span class=\"fg-image-overlay\"><\/span><\/a><figcaption class=\"fg-caption\">\n<div class=\"fg-caption-inner\"><\/div>\n<\/figcaption><\/figure>\n<div class=\"fg-loader\"><\/div>\n<\/div>\n<\/div>","protected":false},"featured_media":9657,"template":"","meta":[],"product_cat":[156,153],"product_tag":[],"class_list":{"0":"post-9656","1":"product","2":"type-product","3":"status-publish","4":"has-post-thumbnail","6":"product_cat-skin-care","7":"product_cat-the-solution","9":"first","10":"instock","11":"taxable","12":"shipping-taxable","13":"purchasable","14":"product-type-simple"},"yoast_head":"<!-- This site is optimized with the Yoast SEO plugin v23.6 - https:\/\/yoast.com\/wordpress\/plugins\/seo\/ -->\n<title>The Solution Vitamin C Brightening Body Lotion - Alcedrix<\/title>\n<meta name=\"robots\" content=\"index, follow, max-snippet:-1, max-image-preview:large, max-video-preview:-1\" \/>\n<link rel=\"canonical\" href=\"http:\/\/alcedrix.com\/sq\/shop\/the-solution-vitamin-c-brightening-body-lotion\/\" \/>\n<meta property=\"og:locale\" content=\"sq_AL\" \/>\n<meta property=\"og:type\" content=\"article\" \/>\n<meta property=\"og:title\" content=\"The Solution Vitamin C Brightening Body Lotion - Alcedrix\" \/>\n<meta property=\"og:description\" content=\"L\u00ebkur\u00eb e lodhur dhe pa shk\u00eblqim  Me 1.76% p\u00ebrb\u00ebr\u00ebs aktiv\u00eb  Vitamina C, Vitamina A &amp; E, Ekstrakt i Jamballit  100% Vegan | Pa Testim n\u00eb Kafsh\u00eb | I p\u00ebrshtatsh\u00ebm p\u00ebr t\u00eb gjitha llojet e l\u00ebkur\u00ebs  &nbsp;\" \/>\n<meta property=\"og:url\" content=\"http:\/\/alcedrix.com\/sq\/shop\/the-solution-vitamin-c-brightening-body-lotion\/\" \/>\n<meta property=\"og:site_name\" content=\"Alcedrix\" \/>\n<meta property=\"article:publisher\" content=\"https:\/\/www.facebook.com\/alcedrix\" \/>\n<meta property=\"article:modified_time\" content=\"2024-11-15T09:29:36+00:00\" \/>\n<meta property=\"og:image\" content=\"http:\/\/alcedrix.com\/wp-content\/uploads\/2024\/11\/TheSolutionVitaminCBrighteningBodyLotionproductimage_2048x20481.jpg\" \/>\n\t<meta property=\"og:image:width\" content=\"1000\" \/>\n\t<meta property=\"og:image:height\" content=\"1000\" \/>\n\t<meta property=\"og:image:type\" content=\"image\/jpeg\" \/>\n<meta name=\"twitter:card\" content=\"summary_large_image\" \/>\n<meta name=\"twitter:label1\" content=\"Est. reading time\" \/>\n\t<meta name=\"twitter:data1\" content=\"2 minuta\" \/>\n<script type=\"application\/ld+json\" class=\"yoast-schema-graph\">{\"@context\":\"https:\/\/schema.org\",\"@graph\":[{\"@type\":\"WebPage\",\"@id\":\"http:\/\/alcedrix.com\/shop\/the-solution-vitamin-c-brightening-body-lotion\/\",\"url\":\"http:\/\/alcedrix.com\/shop\/the-solution-vitamin-c-brightening-body-lotion\/\",\"name\":\"The Solution Vitamin C Brightening Body Lotion - Alcedrix\",\"isPartOf\":{\"@id\":\"https:\/\/alcedrix.com\/#website\"},\"primaryImageOfPage\":{\"@id\":\"http:\/\/alcedrix.com\/shop\/the-solution-vitamin-c-brightening-body-lotion\/#primaryimage\"},\"image\":{\"@id\":\"http:\/\/alcedrix.com\/shop\/the-solution-vitamin-c-brightening-body-lotion\/#primaryimage\"},\"thumbnailUrl\":\"https:\/\/alcedrix.com\/wp-content\/uploads\/2024\/11\/TheSolutionVitaminCBrighteningBodyLotionproductimage_2048x20481.jpg\",\"datePublished\":\"2024-11-06T13:42:50+00:00\",\"dateModified\":\"2024-11-15T09:29:36+00:00\",\"breadcrumb\":{\"@id\":\"http:\/\/alcedrix.com\/shop\/the-solution-vitamin-c-brightening-body-lotion\/#breadcrumb\"},\"inLanguage\":\"sq\",\"potentialAction\":[{\"@type\":\"ReadAction\",\"target\":[\"http:\/\/alcedrix.com\/shop\/the-solution-vitamin-c-brightening-body-lotion\/\"]}]},{\"@type\":\"ImageObject\",\"inLanguage\":\"sq\",\"@id\":\"http:\/\/alcedrix.com\/shop\/the-solution-vitamin-c-brightening-body-lotion\/#primaryimage\",\"url\":\"https:\/\/alcedrix.com\/wp-content\/uploads\/2024\/11\/TheSolutionVitaminCBrighteningBodyLotionproductimage_2048x20481.jpg\",\"contentUrl\":\"https:\/\/alcedrix.com\/wp-content\/uploads\/2024\/11\/TheSolutionVitaminCBrighteningBodyLotionproductimage_2048x20481.jpg\",\"width\":1000,\"height\":1000},{\"@type\":\"BreadcrumbList\",\"@id\":\"http:\/\/alcedrix.com\/shop\/the-solution-vitamin-c-brightening-body-lotion\/#breadcrumb\",\"itemListElement\":[{\"@type\":\"ListItem\",\"position\":1,\"name\":\"Home\",\"item\":\"https:\/\/alcedrix.com\/\"},{\"@type\":\"ListItem\",\"position\":2,\"name\":\"Shop\",\"item\":\"https:\/\/alcedrix.com\/shop\/\"},{\"@type\":\"ListItem\",\"position\":3,\"name\":\"The Solution Vitamin C Brightening Body Lotion\"}]},{\"@type\":\"WebSite\",\"@id\":\"https:\/\/alcedrix.com\/#website\",\"url\":\"https:\/\/alcedrix.com\/\",\"name\":\"Alcedrix\",\"description\":\"Alcedrix\",\"publisher\":{\"@id\":\"https:\/\/alcedrix.com\/#organization\"},\"potentialAction\":[{\"@type\":\"SearchAction\",\"target\":{\"@type\":\"EntryPoint\",\"urlTemplate\":\"https:\/\/alcedrix.com\/?s={search_term_string}\"},\"query-input\":{\"@type\":\"PropertyValueSpecification\",\"valueRequired\":true,\"valueName\":\"search_term_string\"}}],\"inLanguage\":\"sq\"},{\"@type\":\"Organization\",\"@id\":\"https:\/\/alcedrix.com\/#organization\",\"name\":\"Alcedrix\",\"url\":\"https:\/\/alcedrix.com\/\",\"logo\":{\"@type\":\"ImageObject\",\"inLanguage\":\"sq\",\"@id\":\"https:\/\/alcedrix.com\/#\/schema\/logo\/image\/\",\"url\":\"http:\/\/3.126.27.25\/wp-content\/uploads\/2023\/08\/logo-web.png\",\"contentUrl\":\"http:\/\/3.126.27.25\/wp-content\/uploads\/2023\/08\/logo-web.png\",\"width\":492,\"height\":93,\"caption\":\"Alcedrix\"},\"image\":{\"@id\":\"https:\/\/alcedrix.com\/#\/schema\/logo\/image\/\"},\"sameAs\":[\"https:\/\/www.facebook.com\/alcedrix\",\"https:\/\/www.instagram.com\/alcedrix\"]}]}<\/script>\n<!-- \/ Yoast SEO plugin. -->","yoast_head_json":{"title":"The Solution Vitamin C Brightening Body Lotion - Alcedrix","robots":{"index":"index","follow":"follow","max-snippet":"max-snippet:-1","max-image-preview":"max-image-preview:large","max-video-preview":"max-video-preview:-1"},"canonical":"http:\/\/alcedrix.com\/sq\/shop\/the-solution-vitamin-c-brightening-body-lotion\/","og_locale":"sq_AL","og_type":"article","og_title":"The Solution Vitamin C Brightening Body Lotion - Alcedrix","og_description":"L\u00ebkur\u00eb e lodhur dhe pa shk\u00eblqim  Me 1.76% p\u00ebrb\u00ebr\u00ebs aktiv\u00eb  Vitamina C, Vitamina A &amp; E, Ekstrakt i Jamballit  100% Vegan | Pa Testim n\u00eb Kafsh\u00eb | I p\u00ebrshtatsh\u00ebm p\u00ebr t\u00eb gjitha llojet e l\u00ebkur\u00ebs  &nbsp;","og_url":"http:\/\/alcedrix.com\/sq\/shop\/the-solution-vitamin-c-brightening-body-lotion\/","og_site_name":"Alcedrix","article_publisher":"https:\/\/www.facebook.com\/alcedrix","article_modified_time":"2024-11-15T09:29:36+00:00","og_image":[{"width":1000,"height":1000,"url":"http:\/\/alcedrix.com\/wp-content\/uploads\/2024\/11\/TheSolutionVitaminCBrighteningBodyLotionproductimage_2048x20481.jpg","type":"image\/jpeg"}],"twitter_card":"summary_large_image","twitter_misc":{"Est. reading time":"2 minuta"},"schema":{"@context":"https:\/\/schema.org","@graph":[{"@type":"WebPage","@id":"http:\/\/alcedrix.com\/shop\/the-solution-vitamin-c-brightening-body-lotion\/","url":"http:\/\/alcedrix.com\/shop\/the-solution-vitamin-c-brightening-body-lotion\/","name":"The Solution Vitamin C Brightening Body Lotion - Alcedrix","isPartOf":{"@id":"https:\/\/alcedrix.com\/#website"},"primaryImageOfPage":{"@id":"http:\/\/alcedrix.com\/shop\/the-solution-vitamin-c-brightening-body-lotion\/#primaryimage"},"image":{"@id":"http:\/\/alcedrix.com\/shop\/the-solution-vitamin-c-brightening-body-lotion\/#primaryimage"},"thumbnailUrl":"https:\/\/alcedrix.com\/wp-content\/uploads\/2024\/11\/TheSolutionVitaminCBrighteningBodyLotionproductimage_2048x20481.jpg","datePublished":"2024-11-06T13:42:50+00:00","dateModified":"2024-11-15T09:29:36+00:00","breadcrumb":{"@id":"http:\/\/alcedrix.com\/shop\/the-solution-vitamin-c-brightening-body-lotion\/#breadcrumb"},"inLanguage":"sq","potentialAction":[{"@type":"ReadAction","target":["http:\/\/alcedrix.com\/shop\/the-solution-vitamin-c-brightening-body-lotion\/"]}]},{"@type":"ImageObject","inLanguage":"sq","@id":"http:\/\/alcedrix.com\/shop\/the-solution-vitamin-c-brightening-body-lotion\/#primaryimage","url":"https:\/\/alcedrix.com\/wp-content\/uploads\/2024\/11\/TheSolutionVitaminCBrighteningBodyLotionproductimage_2048x20481.jpg","contentUrl":"https:\/\/alcedrix.com\/wp-content\/uploads\/2024\/11\/TheSolutionVitaminCBrighteningBodyLotionproductimage_2048x20481.jpg","width":1000,"height":1000},{"@type":"BreadcrumbList","@id":"http:\/\/alcedrix.com\/shop\/the-solution-vitamin-c-brightening-body-lotion\/#breadcrumb","itemListElement":[{"@type":"ListItem","position":1,"name":"Home","item":"https:\/\/alcedrix.com\/"},{"@type":"ListItem","position":2,"name":"Shop","item":"https:\/\/alcedrix.com\/shop\/"},{"@type":"ListItem","position":3,"name":"The Solution Vitamin C Brightening Body Lotion"}]},{"@type":"WebSite","@id":"https:\/\/alcedrix.com\/#website","url":"https:\/\/alcedrix.com\/","name":"Alcedrix","description":"Alcedrix","publisher":{"@id":"https:\/\/alcedrix.com\/#organization"},"potentialAction":[{"@type":"SearchAction","target":{"@type":"EntryPoint","urlTemplate":"https:\/\/alcedrix.com\/?s={search_term_string}"},"query-input":{"@type":"PropertyValueSpecification","valueRequired":true,"valueName":"search_term_string"}}],"inLanguage":"sq"},{"@type":"Organization","@id":"https:\/\/alcedrix.com\/#organization","name":"Alcedrix","url":"https:\/\/alcedrix.com\/","logo":{"@type":"ImageObject","inLanguage":"sq","@id":"https:\/\/alcedrix.com\/#\/schema\/logo\/image\/","url":"http:\/\/3.126.27.25\/wp-content\/uploads\/2023\/08\/logo-web.png","contentUrl":"http:\/\/3.126.27.25\/wp-content\/uploads\/2023\/08\/logo-web.png","width":492,"height":93,"caption":"Alcedrix"},"image":{"@id":"https:\/\/alcedrix.com\/#\/schema\/logo\/image\/"},"sameAs":["https:\/\/www.facebook.com\/alcedrix","https:\/\/www.instagram.com\/alcedrix"]}]}},"_links":{"self":[{"href":"https:\/\/alcedrix.com\/sq\/wp-json\/wp\/v2\/product\/9656"}],"collection":[{"href":"https:\/\/alcedrix.com\/sq\/wp-json\/wp\/v2\/product"}],"about":[{"href":"https:\/\/alcedrix.com\/sq\/wp-json\/wp\/v2\/types\/product"}],"version-history":[{"count":0,"href":"https:\/\/alcedrix.com\/sq\/wp-json\/wp\/v2\/product\/9656\/revisions"}],"wp:featuredmedia":[{"embeddable":true,"href":"https:\/\/alcedrix.com\/sq\/wp-json\/wp\/v2\/media\/9657"}],"wp:attachment":[{"href":"https:\/\/alcedrix.com\/sq\/wp-json\/wp\/v2\/media?parent=9656"}],"wp:term":[{"taxonomy":"product_cat","embeddable":true,"href":"https:\/\/alcedrix.com\/sq\/wp-json\/wp\/v2\/product_cat?post=9656"},{"taxonomy":"product_tag","embeddable":true,"href":"https:\/\/alcedrix.com\/sq\/wp-json\/wp\/v2\/product_tag?post=9656"}],"curies":[{"name":"wp","href":"https:\/\/api.w.org\/{rel}","templated":true}]}}