{"id":9652,"date":"2024-11-06T13:38:39","date_gmt":"2024-11-06T13:38:39","guid":{"rendered":"http:\/\/3.126.27.25\/?post_type=product&#038;p=9652"},"modified":"2024-11-15T09:31:32","modified_gmt":"2024-11-15T09:31:32","slug":"the-solution-salicylic-acid-clear-skin-body-gel","status":"publish","type":"product","link":"https:\/\/alcedrix.com\/sq\/shop\/the-solution-salicylic-acid-clear-skin-body-gel\/","title":{"rendered":"The Solution Salicylic Acid Clear Skin Body Gel"},"content":{"rendered":"<p><strong>P\u00ebrfitimet kryesore:<\/strong><\/p>\n<ul>\n<li>Formul\u00eb e leht\u00eb, pa ngjitje<\/li>\n<li>Synon shp\u00ebrthimet e akn\u00e9ve dhe tepric\u00ebn e yndyr\u00ebs<\/li>\n<li>Qet\u00ebson skuqjen<\/li>\n<li>Ka veti antibakteriale p\u00ebr t\u00eb mbajtur l\u00ebkur\u00ebn t\u00eb past\u00ebr, t\u00eb ndritshme dhe t\u00eb sh\u00ebndetshme<\/li>\n<\/ul>\n<p>&nbsp;<\/p>\n<p>Xheli yn\u00eb p\u00ebr Trupin Clear Skin me Acid Salicilik, i leht\u00eb, jo ngjit\u00ebs dhe vegan-miq\u00ebsor, \u00ebsht\u00eb zgjidhja perfekte p\u00ebr t\u00eb synuar shp\u00ebrthimet e akn\u00e9ve, tepric\u00ebn e yndyr\u00ebs dhe papast\u00ebrtit\u00eb n\u00eb trup. Kjo formul\u00eb e avancuar kund\u00ebr papast\u00ebrtive p\u00ebrmban 1.55% p\u00ebrb\u00ebr\u00ebs aktiv\u00eb, p\u00ebrfshir\u00eb Acidin Salicilik q\u00eb pastron l\u00ebkur\u00ebn, Niacinamide q\u00eb rikthen balanc\u00ebn e l\u00ebkur\u00ebs dhe Vajin Pem\u00ebs s\u00eb \u00c7ajit q\u00eb qet\u00ebson. P\u00ebrdoreni \u00e7do dit\u00eb si pjes\u00eb e rutin\u00ebs tuaj t\u00eb kujdesit p\u00ebr l\u00ebkur\u00ebn p\u00ebr t\u00eb promovuar nj\u00eb l\u00ebkur\u00eb m\u00eb t\u00eb sh\u00ebndetshme dhe m\u00eb t\u00eb past\u00ebr. Me nj\u00eb tekstur\u00eb elastike dhe t\u00eb leht\u00eb, ky xhel p\u00ebr trup p\u00ebrthithet shpejt n\u00eb l\u00ebkur\u00eb, duke l\u00ebn\u00eb nj\u00eb ndjesi freskie dhe rigjall\u00ebrimi pa mbetje ngjit\u00ebse. P\u00ebr rezultate m\u00eb t\u00eb mira, kombinoni me Pastruesin ton\u00eb p\u00ebr Trupin Clear Skin me Acid Salicilik. Kjo rutin\u00eb \u00ebsht\u00eb ideale p\u00ebr t\u00eb luftuar shp\u00ebrthimet dhe tepric\u00ebn e yndyr\u00ebs, duke promovuar nj\u00eb l\u00ebkur\u00eb m\u00eb t\u00eb past\u00ebr dhe m\u00eb t\u00eb balancuar n\u00eb gjith\u00eb trupin.<\/p>\n<p>&nbsp;<\/p>\n<p>100% vegan-miq\u00ebsor, paketimi i Xhelit ton\u00eb p\u00ebr Trupin Clear Skin \u00ebsht\u00eb i prodhuar nga materiale t\u00eb ricikluara pas p\u00ebrdorimit nga konsumatori (PCR).<\/p>\n<p>&nbsp;<\/p>\n<p>Zbuloni bukurin\u00eb n\u00eb thjesht\u00ebsi me kujdesin e trupit q\u00eb punon fort dhe arrin zgjidhjen menj\u00ebher\u00eb. I zhvilluar nga nj\u00eb ekip pasionant ekspert\u00ebsh t\u00eb kujdesit p\u00ebr l\u00ebkur\u00ebn dhe shkenc\u00ebtar\u00ebsh, ne p\u00ebrdorim fuqin\u00eb e p\u00ebrb\u00ebr\u00ebsve aktiv\u00eb t\u00eb provuar n\u00eb nivele efektive p\u00ebr t\u00eb synuar n\u00eb m\u00ebnyr\u00eb t\u00eb suksesshme shqet\u00ebsimet tuaja p\u00ebr l\u00ebkur\u00ebn. Ky xhel ndihmon n\u00eb promovimin e nj\u00eb l\u00ebkure m\u00eb t\u00eb sh\u00ebndetshme, duke siguruar q\u00eb t\u00eb ndiheni t\u00eb sigurt dhe t\u00eb rrezatoni \u00e7do dit\u00eb.<\/p>\n<p>&nbsp;<\/p>\n<p>Xheli yn\u00eb p\u00ebr Trupin Clear Skin me Acid Salicilik \u00ebsht\u00eb dizajnuar p\u00ebr t\u00eb ndihmuar n\u00eb balancimin dhe luftimin e shp\u00ebrthimeve t\u00eb akn\u00e9ve edhe n\u00eb l\u00ebkur\u00ebn m\u00eb problematike. P\u00ebrvet\u00ebsoni nj\u00eb rutin\u00eb kujdesi p\u00ebr l\u00ebkur\u00ebn q\u00eb kupton nevojat unike t\u00eb l\u00ebkur\u00ebs suaj dhe siguron qart\u00ebsi t\u00eb q\u00ebndrueshme, n\u00eb m\u00ebnyr\u00eb q\u00eb t\u00eb shijoni nj\u00eb l\u00ebkur\u00eb m\u00eb t\u00eb past\u00ebr dhe m\u00eb t\u00eb sh\u00ebndetshme.<\/p>\n<p>&nbsp;<\/p>\n<p><strong>Si ta p\u00ebrdorni:<\/strong> P\u00ebrdoreni \u00e7do dit\u00eb. Aplikoni n\u00eb m\u00ebngjes dhe mbr\u00ebmje n\u00eb zon\u00ebn e synuar dhe t\u00eb pastruar. Masazhojeni derisa t\u00eb p\u00ebrthithet plot\u00ebsisht.<\/p>","protected":false},"excerpt":{"rendered":"<p><strong>Papast\u00ebrti dhe Akne<\/strong><\/p>\n<p><span style=\"color: #ff0000;\" data-darkreader-inline-color=\"\"><strong>Me 1.55% p\u00ebrb\u00ebr\u00ebs aktiv\u00eb<\/strong><\/span><\/p>\n<p>Acid Salicilik, Niacinamide, Vaj Pem\u00ebs s\u00eb \u00c7ajit<\/p>\n<p>100% Vegan | Pa Testim n\u00eb Kafsh\u00eb | Testuar Dermatologjikisht<\/p>\n<p>&nbsp;<\/p>\n<style type=\"text\/css\">\n\t#foogallery-gallery-10052 .fg-image {\n        width: 150px;\n    }\n<\/style>\n<div class=\"foogallery foogallery-container foogallery-default foogallery-lightbox-foogallery fg-gutter-10 fg-center fg-default fg-light fg-border-thin fg-shadow-outline fg-loading-default fg-loaded-fade-in fg-caption-hover fg-hover-fade fg-hover-zoom fg-ready\" id=\"foogallery-gallery-10052\" data-foogallery=\"{&quot;item&quot;:{&quot;showCaptionTitle&quot;:true,&quot;showCaptionDescription&quot;:true},&quot;lazy&quot;:true}\" data-foogallery-lightbox=\"{&quot;thumbs&quot;:&quot;bottom&quot;,&quot;thumbsCaptions&quot;:false,&quot;thumbsBestFit&quot;:false,&quot;thumbsSmall&quot;:false,&quot;thumbsCaptionsAlign&quot;:&quot;default&quot;,&quot;info&quot;:&quot;bottom&quot;,&quot;infoVisible&quot;:true,&quot;infoOverlay&quot;:true,&quot;infoAlign&quot;:&quot;default&quot;,&quot;transition&quot;:&quot;fade&quot;,&quot;hoverButtons&quot;:false,&quot;fitMedia&quot;:false,&quot;noScrollbars&quot;:true,&quot;preserveButtonSpace&quot;:true,&quot;buttons&quot;:{&quot;fullscreen&quot;:true,&quot;info&quot;:true,&quot;thumbs&quot;:false},&quot;video&quot;:{&quot;autoPlay&quot;:true}}\" >\n<div class=\"fg-item fg-type-image fg-idle\">\n<figure class=\"fg-item-inner\"><a href=\"https:\/\/alcedrix.com\/wp-content\/uploads\/2024\/11\/The_Solution_Salicylic_Acid_Clear_Skin_Body_Gel_200ml_product_applied_on_model1.jpg\" data-attachment-id=\"10053\" data-type=\"image\" class=\"fg-thumb\"><span class=\"fg-image-wrap\"><img decoding=\"async\" width=\"150\" height=\"150\" class=\"skip-lazy fg-image\" data-src-fg=\"https:\/\/alcedrix.com\/wp-content\/uploads\/cache\/2024\/11\/The_Solution_Salicylic_Acid_Clear_Skin_Body_Gel_200ml_product_applied_on_model1\/2064301740.jpg\" src=\"data:image\/svg+xml,%3Csvg%20xmlns%3D%22http%3A%2F%2Fwww.w3.org%2F2000%2Fsvg%22%20width%3D%22150%22%20height%3D%22150%22%20viewBox%3D%220%200%20150%20150%22%3E%3C%2Fsvg%3E\" loading=\"eager\"><\/span><span class=\"fg-image-overlay\"><\/span><\/a><figcaption class=\"fg-caption\">\n<div class=\"fg-caption-inner\"><\/div>\n<\/figcaption><\/figure>\n<div class=\"fg-loader\"><\/div>\n<\/div>\n<div class=\"fg-item fg-type-image fg-idle\">\n<figure class=\"fg-item-inner\"><a href=\"https:\/\/alcedrix.com\/wp-content\/uploads\/2024\/11\/The_Solution_Salicylic_Acid_Clear_Skin_Body_Gel_200ml_USPs1.jpg\" data-attachment-id=\"10054\" data-type=\"image\" class=\"fg-thumb\"><span class=\"fg-image-wrap\"><img decoding=\"async\" width=\"150\" height=\"150\" class=\"skip-lazy fg-image\" data-src-fg=\"https:\/\/alcedrix.com\/wp-content\/uploads\/cache\/2024\/11\/The_Solution_Salicylic_Acid_Clear_Skin_Body_Gel_200ml_USPs1\/151952905.jpg\" src=\"data:image\/svg+xml,%3Csvg%20xmlns%3D%22http%3A%2F%2Fwww.w3.org%2F2000%2Fsvg%22%20width%3D%22150%22%20height%3D%22150%22%20viewBox%3D%220%200%20150%20150%22%3E%3C%2Fsvg%3E\" loading=\"eager\"><\/span><span class=\"fg-image-overlay\"><\/span><\/a><figcaption class=\"fg-caption\">\n<div class=\"fg-caption-inner\"><\/div>\n<\/figcaption><\/figure>\n<div class=\"fg-loader\"><\/div>\n<\/div>\n<div class=\"fg-item fg-type-image fg-idle\">\n<figure class=\"fg-item-inner\"><a href=\"https:\/\/alcedrix.com\/wp-content\/uploads\/2024\/11\/The_Solution_Salicylic_Acid_Clear_Skin_Body_Gel_200ml_Model_holding_product1.jpg\" data-attachment-id=\"10055\" data-type=\"image\" class=\"fg-thumb\"><span class=\"fg-image-wrap\"><img decoding=\"async\" width=\"150\" height=\"150\" class=\"skip-lazy fg-image\" data-src-fg=\"https:\/\/alcedrix.com\/wp-content\/uploads\/cache\/2024\/11\/The_Solution_Salicylic_Acid_Clear_Skin_Body_Gel_200ml_Model_holding_product1\/2974665177.jpg\" src=\"data:image\/svg+xml,%3Csvg%20xmlns%3D%22http%3A%2F%2Fwww.w3.org%2F2000%2Fsvg%22%20width%3D%22150%22%20height%3D%22150%22%20viewBox%3D%220%200%20150%20150%22%3E%3C%2Fsvg%3E\" loading=\"eager\"><\/span><span class=\"fg-image-overlay\"><\/span><\/a><figcaption class=\"fg-caption\">\n<div class=\"fg-caption-inner\"><\/div>\n<\/figcaption><\/figure>\n<div class=\"fg-loader\"><\/div>\n<\/div>\n<div class=\"fg-item fg-type-image fg-idle\">\n<figure class=\"fg-item-inner\"><a href=\"https:\/\/alcedrix.com\/wp-content\/uploads\/2024\/11\/The_Solution_Salicylic_Acid_Clear_Skin_Body_Gel_200ml_Ingredient_call_outs1.jpg\" data-attachment-id=\"10056\" data-type=\"image\" class=\"fg-thumb\"><span class=\"fg-image-wrap\"><img decoding=\"async\" width=\"150\" height=\"150\" class=\"skip-lazy fg-image\" data-src-fg=\"https:\/\/alcedrix.com\/wp-content\/uploads\/cache\/2024\/11\/The_Solution_Salicylic_Acid_Clear_Skin_Body_Gel_200ml_Ingredient_call_outs1\/1007218732.jpg\" src=\"data:image\/svg+xml,%3Csvg%20xmlns%3D%22http%3A%2F%2Fwww.w3.org%2F2000%2Fsvg%22%20width%3D%22150%22%20height%3D%22150%22%20viewBox%3D%220%200%20150%20150%22%3E%3C%2Fsvg%3E\" loading=\"eager\"><\/span><span class=\"fg-image-overlay\"><\/span><\/a><figcaption class=\"fg-caption\">\n<div class=\"fg-caption-inner\"><\/div>\n<\/figcaption><\/figure>\n<div class=\"fg-loader\"><\/div>\n<\/div>\n<div class=\"fg-item fg-type-image fg-idle\">\n<figure class=\"fg-item-inner\"><a href=\"https:\/\/alcedrix.com\/wp-content\/uploads\/2024\/11\/The_Solution_Salicylic_Acid_Clear_Skin_Body_Gel_200ml_Ingredient_call_outs_11.jpg\" data-attachment-id=\"10057\" data-type=\"image\" class=\"fg-thumb\"><span class=\"fg-image-wrap\"><img decoding=\"async\" width=\"150\" height=\"150\" class=\"skip-lazy fg-image\" data-src-fg=\"https:\/\/alcedrix.com\/wp-content\/uploads\/cache\/2024\/11\/The_Solution_Salicylic_Acid_Clear_Skin_Body_Gel_200ml_Ingredient_call_outs_11\/3662584750.jpg\" src=\"data:image\/svg+xml,%3Csvg%20xmlns%3D%22http%3A%2F%2Fwww.w3.org%2F2000%2Fsvg%22%20width%3D%22150%22%20height%3D%22150%22%20viewBox%3D%220%200%20150%20150%22%3E%3C%2Fsvg%3E\" loading=\"eager\"><\/span><span class=\"fg-image-overlay\"><\/span><\/a><figcaption class=\"fg-caption\">\n<div class=\"fg-caption-inner\"><\/div>\n<\/figcaption><\/figure>\n<div class=\"fg-loader\"><\/div>\n<\/div>\n<div class=\"fg-item fg-type-image fg-idle\">\n<figure class=\"fg-item-inner\"><a href=\"https:\/\/alcedrix.com\/wp-content\/uploads\/2024\/11\/The_Solution_Salicylic_Acid_Clear_Skin_Body_Gel_200ml_Model_holding_product_11.jpg\" data-attachment-id=\"10058\" data-type=\"image\" class=\"fg-thumb\"><span class=\"fg-image-wrap\"><img decoding=\"async\" width=\"150\" height=\"150\" class=\"skip-lazy fg-image\" data-src-fg=\"https:\/\/alcedrix.com\/wp-content\/uploads\/cache\/2024\/11\/The_Solution_Salicylic_Acid_Clear_Skin_Body_Gel_200ml_Model_holding_product_11\/3570713263.jpg\" src=\"data:image\/svg+xml,%3Csvg%20xmlns%3D%22http%3A%2F%2Fwww.w3.org%2F2000%2Fsvg%22%20width%3D%22150%22%20height%3D%22150%22%20viewBox%3D%220%200%20150%20150%22%3E%3C%2Fsvg%3E\" loading=\"eager\"><\/span><span class=\"fg-image-overlay\"><\/span><\/a><figcaption class=\"fg-caption\">\n<div class=\"fg-caption-inner\"><\/div>\n<\/figcaption><\/figure>\n<div class=\"fg-loader\"><\/div>\n<\/div>\n<div class=\"fg-item fg-type-image fg-idle\">\n<figure class=\"fg-item-inner\"><a href=\"https:\/\/alcedrix.com\/wp-content\/uploads\/2024\/11\/The_Solution_Salicylic_Acid_Clear_Skin_Body_Gel_200ml_Lifestyle_product_image1.jpg\" data-attachment-id=\"10059\" data-type=\"image\" class=\"fg-thumb\"><span class=\"fg-image-wrap\"><img decoding=\"async\" width=\"150\" height=\"150\" class=\"skip-lazy fg-image\" data-src-fg=\"https:\/\/alcedrix.com\/wp-content\/uploads\/cache\/2024\/11\/The_Solution_Salicylic_Acid_Clear_Skin_Body_Gel_200ml_Lifestyle_product_image1\/1673008777.jpg\" src=\"data:image\/svg+xml,%3Csvg%20xmlns%3D%22http%3A%2F%2Fwww.w3.org%2F2000%2Fsvg%22%20width%3D%22150%22%20height%3D%22150%22%20viewBox%3D%220%200%20150%20150%22%3E%3C%2Fsvg%3E\" loading=\"eager\"><\/span><span class=\"fg-image-overlay\"><\/span><\/a><figcaption class=\"fg-caption\">\n<div class=\"fg-caption-inner\"><\/div>\n<\/figcaption><\/figure>\n<div class=\"fg-loader\"><\/div>\n<\/div>\n<\/div>","protected":false},"featured_media":9653,"template":"","meta":[],"product_cat":[156,153],"product_tag":[],"class_list":{"0":"post-9652","1":"product","2":"type-product","3":"status-publish","4":"has-post-thumbnail","6":"product_cat-skin-care","7":"product_cat-the-solution","9":"first","10":"instock","11":"taxable","12":"shipping-taxable","13":"purchasable","14":"product-type-simple"},"yoast_head":"<!-- This site is optimized with the Yoast SEO plugin v23.6 - https:\/\/yoast.com\/wordpress\/plugins\/seo\/ -->\n<title>The Solution Salicylic Acid Clear Skin Body Gel - Alcedrix<\/title>\n<meta name=\"robots\" content=\"index, follow, max-snippet:-1, max-image-preview:large, max-video-preview:-1\" \/>\n<link rel=\"canonical\" href=\"http:\/\/alcedrix.com\/sq\/shop\/the-solution-salicylic-acid-clear-skin-body-gel\/\" \/>\n<meta property=\"og:locale\" content=\"sq_AL\" \/>\n<meta property=\"og:type\" content=\"article\" \/>\n<meta property=\"og:title\" content=\"The Solution Salicylic Acid Clear Skin Body Gel - Alcedrix\" \/>\n<meta property=\"og:description\" content=\"Papast\u00ebrti dhe Akne  Me 1.55% p\u00ebrb\u00ebr\u00ebs aktiv\u00eb  Acid Salicilik, Niacinamide, Vaj Pem\u00ebs s\u00eb \u00c7ajit  100% Vegan | Pa Testim n\u00eb Kafsh\u00eb | Testuar Dermatologjikisht  &nbsp;\" \/>\n<meta property=\"og:url\" content=\"http:\/\/alcedrix.com\/sq\/shop\/the-solution-salicylic-acid-clear-skin-body-gel\/\" \/>\n<meta property=\"og:site_name\" content=\"Alcedrix\" \/>\n<meta property=\"article:publisher\" content=\"https:\/\/www.facebook.com\/alcedrix\" \/>\n<meta property=\"article:modified_time\" content=\"2024-11-15T09:31:32+00:00\" \/>\n<meta property=\"og:image\" content=\"http:\/\/alcedrix.com\/wp-content\/uploads\/2024\/11\/TheSolutionSalicylicAcidClearSkinBodyGelproductimage_2048x20481.jpg\" \/>\n\t<meta property=\"og:image:width\" content=\"1000\" \/>\n\t<meta property=\"og:image:height\" content=\"1000\" \/>\n\t<meta property=\"og:image:type\" content=\"image\/jpeg\" \/>\n<meta name=\"twitter:card\" content=\"summary_large_image\" \/>\n<meta name=\"twitter:label1\" content=\"Est. reading time\" \/>\n\t<meta name=\"twitter:data1\" content=\"2 minuta\" \/>\n<script type=\"application\/ld+json\" class=\"yoast-schema-graph\">{\"@context\":\"https:\/\/schema.org\",\"@graph\":[{\"@type\":\"WebPage\",\"@id\":\"http:\/\/alcedrix.com\/shop\/the-solution-salicylic-acid-clear-skin-body-gel\/\",\"url\":\"http:\/\/alcedrix.com\/shop\/the-solution-salicylic-acid-clear-skin-body-gel\/\",\"name\":\"The Solution Salicylic Acid Clear Skin Body Gel - Alcedrix\",\"isPartOf\":{\"@id\":\"https:\/\/alcedrix.com\/#website\"},\"primaryImageOfPage\":{\"@id\":\"http:\/\/alcedrix.com\/shop\/the-solution-salicylic-acid-clear-skin-body-gel\/#primaryimage\"},\"image\":{\"@id\":\"http:\/\/alcedrix.com\/shop\/the-solution-salicylic-acid-clear-skin-body-gel\/#primaryimage\"},\"thumbnailUrl\":\"https:\/\/alcedrix.com\/wp-content\/uploads\/2024\/11\/TheSolutionSalicylicAcidClearSkinBodyGelproductimage_2048x20481.jpg\",\"datePublished\":\"2024-11-06T13:38:39+00:00\",\"dateModified\":\"2024-11-15T09:31:32+00:00\",\"breadcrumb\":{\"@id\":\"http:\/\/alcedrix.com\/shop\/the-solution-salicylic-acid-clear-skin-body-gel\/#breadcrumb\"},\"inLanguage\":\"sq\",\"potentialAction\":[{\"@type\":\"ReadAction\",\"target\":[\"http:\/\/alcedrix.com\/shop\/the-solution-salicylic-acid-clear-skin-body-gel\/\"]}]},{\"@type\":\"ImageObject\",\"inLanguage\":\"sq\",\"@id\":\"http:\/\/alcedrix.com\/shop\/the-solution-salicylic-acid-clear-skin-body-gel\/#primaryimage\",\"url\":\"https:\/\/alcedrix.com\/wp-content\/uploads\/2024\/11\/TheSolutionSalicylicAcidClearSkinBodyGelproductimage_2048x20481.jpg\",\"contentUrl\":\"https:\/\/alcedrix.com\/wp-content\/uploads\/2024\/11\/TheSolutionSalicylicAcidClearSkinBodyGelproductimage_2048x20481.jpg\",\"width\":1000,\"height\":1000},{\"@type\":\"BreadcrumbList\",\"@id\":\"http:\/\/alcedrix.com\/shop\/the-solution-salicylic-acid-clear-skin-body-gel\/#breadcrumb\",\"itemListElement\":[{\"@type\":\"ListItem\",\"position\":1,\"name\":\"Home\",\"item\":\"https:\/\/alcedrix.com\/\"},{\"@type\":\"ListItem\",\"position\":2,\"name\":\"Shop\",\"item\":\"https:\/\/alcedrix.com\/shop\/\"},{\"@type\":\"ListItem\",\"position\":3,\"name\":\"The Solution Salicylic Acid Clear Skin Body Gel\"}]},{\"@type\":\"WebSite\",\"@id\":\"https:\/\/alcedrix.com\/#website\",\"url\":\"https:\/\/alcedrix.com\/\",\"name\":\"Alcedrix\",\"description\":\"Alcedrix\",\"publisher\":{\"@id\":\"https:\/\/alcedrix.com\/#organization\"},\"potentialAction\":[{\"@type\":\"SearchAction\",\"target\":{\"@type\":\"EntryPoint\",\"urlTemplate\":\"https:\/\/alcedrix.com\/?s={search_term_string}\"},\"query-input\":{\"@type\":\"PropertyValueSpecification\",\"valueRequired\":true,\"valueName\":\"search_term_string\"}}],\"inLanguage\":\"sq\"},{\"@type\":\"Organization\",\"@id\":\"https:\/\/alcedrix.com\/#organization\",\"name\":\"Alcedrix\",\"url\":\"https:\/\/alcedrix.com\/\",\"logo\":{\"@type\":\"ImageObject\",\"inLanguage\":\"sq\",\"@id\":\"https:\/\/alcedrix.com\/#\/schema\/logo\/image\/\",\"url\":\"http:\/\/3.126.27.25\/wp-content\/uploads\/2023\/08\/logo-web.png\",\"contentUrl\":\"http:\/\/3.126.27.25\/wp-content\/uploads\/2023\/08\/logo-web.png\",\"width\":492,\"height\":93,\"caption\":\"Alcedrix\"},\"image\":{\"@id\":\"https:\/\/alcedrix.com\/#\/schema\/logo\/image\/\"},\"sameAs\":[\"https:\/\/www.facebook.com\/alcedrix\",\"https:\/\/www.instagram.com\/alcedrix\"]}]}<\/script>\n<!-- \/ Yoast SEO plugin. -->","yoast_head_json":{"title":"The Solution Salicylic Acid Clear Skin Body Gel - Alcedrix","robots":{"index":"index","follow":"follow","max-snippet":"max-snippet:-1","max-image-preview":"max-image-preview:large","max-video-preview":"max-video-preview:-1"},"canonical":"http:\/\/alcedrix.com\/sq\/shop\/the-solution-salicylic-acid-clear-skin-body-gel\/","og_locale":"sq_AL","og_type":"article","og_title":"The Solution Salicylic Acid Clear Skin Body Gel - Alcedrix","og_description":"Papast\u00ebrti dhe Akne  Me 1.55% p\u00ebrb\u00ebr\u00ebs aktiv\u00eb  Acid Salicilik, Niacinamide, Vaj Pem\u00ebs s\u00eb \u00c7ajit  100% Vegan | Pa Testim n\u00eb Kafsh\u00eb | Testuar Dermatologjikisht  &nbsp;","og_url":"http:\/\/alcedrix.com\/sq\/shop\/the-solution-salicylic-acid-clear-skin-body-gel\/","og_site_name":"Alcedrix","article_publisher":"https:\/\/www.facebook.com\/alcedrix","article_modified_time":"2024-11-15T09:31:32+00:00","og_image":[{"width":1000,"height":1000,"url":"http:\/\/alcedrix.com\/wp-content\/uploads\/2024\/11\/TheSolutionSalicylicAcidClearSkinBodyGelproductimage_2048x20481.jpg","type":"image\/jpeg"}],"twitter_card":"summary_large_image","twitter_misc":{"Est. reading time":"2 minuta"},"schema":{"@context":"https:\/\/schema.org","@graph":[{"@type":"WebPage","@id":"http:\/\/alcedrix.com\/shop\/the-solution-salicylic-acid-clear-skin-body-gel\/","url":"http:\/\/alcedrix.com\/shop\/the-solution-salicylic-acid-clear-skin-body-gel\/","name":"The Solution Salicylic Acid Clear Skin Body Gel - Alcedrix","isPartOf":{"@id":"https:\/\/alcedrix.com\/#website"},"primaryImageOfPage":{"@id":"http:\/\/alcedrix.com\/shop\/the-solution-salicylic-acid-clear-skin-body-gel\/#primaryimage"},"image":{"@id":"http:\/\/alcedrix.com\/shop\/the-solution-salicylic-acid-clear-skin-body-gel\/#primaryimage"},"thumbnailUrl":"https:\/\/alcedrix.com\/wp-content\/uploads\/2024\/11\/TheSolutionSalicylicAcidClearSkinBodyGelproductimage_2048x20481.jpg","datePublished":"2024-11-06T13:38:39+00:00","dateModified":"2024-11-15T09:31:32+00:00","breadcrumb":{"@id":"http:\/\/alcedrix.com\/shop\/the-solution-salicylic-acid-clear-skin-body-gel\/#breadcrumb"},"inLanguage":"sq","potentialAction":[{"@type":"ReadAction","target":["http:\/\/alcedrix.com\/shop\/the-solution-salicylic-acid-clear-skin-body-gel\/"]}]},{"@type":"ImageObject","inLanguage":"sq","@id":"http:\/\/alcedrix.com\/shop\/the-solution-salicylic-acid-clear-skin-body-gel\/#primaryimage","url":"https:\/\/alcedrix.com\/wp-content\/uploads\/2024\/11\/TheSolutionSalicylicAcidClearSkinBodyGelproductimage_2048x20481.jpg","contentUrl":"https:\/\/alcedrix.com\/wp-content\/uploads\/2024\/11\/TheSolutionSalicylicAcidClearSkinBodyGelproductimage_2048x20481.jpg","width":1000,"height":1000},{"@type":"BreadcrumbList","@id":"http:\/\/alcedrix.com\/shop\/the-solution-salicylic-acid-clear-skin-body-gel\/#breadcrumb","itemListElement":[{"@type":"ListItem","position":1,"name":"Home","item":"https:\/\/alcedrix.com\/"},{"@type":"ListItem","position":2,"name":"Shop","item":"https:\/\/alcedrix.com\/shop\/"},{"@type":"ListItem","position":3,"name":"The Solution Salicylic Acid Clear Skin Body Gel"}]},{"@type":"WebSite","@id":"https:\/\/alcedrix.com\/#website","url":"https:\/\/alcedrix.com\/","name":"Alcedrix","description":"Alcedrix","publisher":{"@id":"https:\/\/alcedrix.com\/#organization"},"potentialAction":[{"@type":"SearchAction","target":{"@type":"EntryPoint","urlTemplate":"https:\/\/alcedrix.com\/?s={search_term_string}"},"query-input":{"@type":"PropertyValueSpecification","valueRequired":true,"valueName":"search_term_string"}}],"inLanguage":"sq"},{"@type":"Organization","@id":"https:\/\/alcedrix.com\/#organization","name":"Alcedrix","url":"https:\/\/alcedrix.com\/","logo":{"@type":"ImageObject","inLanguage":"sq","@id":"https:\/\/alcedrix.com\/#\/schema\/logo\/image\/","url":"http:\/\/3.126.27.25\/wp-content\/uploads\/2023\/08\/logo-web.png","contentUrl":"http:\/\/3.126.27.25\/wp-content\/uploads\/2023\/08\/logo-web.png","width":492,"height":93,"caption":"Alcedrix"},"image":{"@id":"https:\/\/alcedrix.com\/#\/schema\/logo\/image\/"},"sameAs":["https:\/\/www.facebook.com\/alcedrix","https:\/\/www.instagram.com\/alcedrix"]}]}},"_links":{"self":[{"href":"https:\/\/alcedrix.com\/sq\/wp-json\/wp\/v2\/product\/9652"}],"collection":[{"href":"https:\/\/alcedrix.com\/sq\/wp-json\/wp\/v2\/product"}],"about":[{"href":"https:\/\/alcedrix.com\/sq\/wp-json\/wp\/v2\/types\/product"}],"version-history":[{"count":0,"href":"https:\/\/alcedrix.com\/sq\/wp-json\/wp\/v2\/product\/9652\/revisions"}],"wp:featuredmedia":[{"embeddable":true,"href":"https:\/\/alcedrix.com\/sq\/wp-json\/wp\/v2\/media\/9653"}],"wp:attachment":[{"href":"https:\/\/alcedrix.com\/sq\/wp-json\/wp\/v2\/media?parent=9652"}],"wp:term":[{"taxonomy":"product_cat","embeddable":true,"href":"https:\/\/alcedrix.com\/sq\/wp-json\/wp\/v2\/product_cat?post=9652"},{"taxonomy":"product_tag","embeddable":true,"href":"https:\/\/alcedrix.com\/sq\/wp-json\/wp\/v2\/product_tag?post=9652"}],"curies":[{"name":"wp","href":"https:\/\/api.w.org\/{rel}","templated":true}]}}