{"id":9647,"date":"2024-11-06T13:32:07","date_gmt":"2024-11-06T13:32:07","guid":{"rendered":"http:\/\/3.126.27.25\/?post_type=product&#038;p=9647"},"modified":"2024-11-15T09:33:13","modified_gmt":"2024-11-15T09:33:13","slug":"the-solution-salicylic-acid-clear-skin-body-cleanser","status":"publish","type":"product","link":"https:\/\/alcedrix.com\/sq\/shop\/the-solution-salicylic-acid-clear-skin-body-cleanser\/","title":{"rendered":"The Solution Salicylic Acid Clear Skin Body Cleanser"},"content":{"rendered":"<p><strong>P\u00ebrfitimet kryesore:<\/strong><\/p>\n<ul>\n<li>Pastrues q\u00eb p\u00ebrthithet shpejt me Niacinamide, q\u00eb ndihmon n\u00eb zbulimin e nj\u00eb l\u00ebkure m\u00eb t\u00eb past\u00ebr<\/li>\n<li>Acidi Salicilik synon papast\u00ebrtit\u00eb dhe yndyr\u00ebn<\/li>\n<li>Vaji i Pem\u00ebs s\u00eb \u00c7ajit ndihmon n\u00eb luftimin e shp\u00ebrthimeve t\u00eb l\u00ebkur\u00ebs<\/li>\n<\/ul>\n<p>&nbsp;<\/p>\n<p>Pastruesi yn\u00eb p\u00ebr Trupin Clear Skin me Acid Salicilik \u00ebsht\u00eb shtesa perfekte n\u00eb rutin\u00ebn tuaj t\u00eb fuqishme, ve\u00e7an\u00ebrisht n\u00ebse p\u00ebrjetoni papast\u00ebrti dhe akne n\u00eb trup. Fuqizuar nga nj\u00eb kombinim i fort\u00eb i Acidit Salicilik dhe Niacinamide (Vitamina B3), ky pastrues ditor synon n\u00eb m\u00ebnyr\u00eb efektive papast\u00ebrtit\u00eb, shp\u00ebrthimet e l\u00ebkur\u00ebs dhe tepric\u00ebn e yndyr\u00ebs p\u00ebr t\u00eb promovuar nj\u00eb l\u00ebkur\u00eb m\u00eb t\u00eb past\u00ebr. I dizajnuar posa\u00e7\u00ebrisht p\u00ebr njer\u00ebzit q\u00eb kan\u00eb tendenc\u00eb p\u00ebr papast\u00ebrti n\u00eb trup, ky pastrues shume funksional \u00ebsht\u00eb gjithashtu i p\u00ebrshtatsh\u00ebm p\u00ebr l\u00ebkur\u00ebn me prirje akneike. Siguron nj\u00eb pastrim t\u00eb plot\u00eb q\u00eb ndihmon n\u00eb mbajtjen e shp\u00ebrthimeve larg. Pasuruar me Vaj t\u00eb Pem\u00ebs s\u00eb \u00c7ajit q\u00eb gjall\u00ebron dhe \u00ebsht\u00eb i njohur p\u00ebr vetit\u00eb e tij antibakteriale, ky pastrues jo vet\u00ebm ndihmon n\u00eb luftimin e shp\u00ebrthimeve t\u00eb l\u00ebkur\u00ebs, por gjithashtu l\u00eb l\u00ebkur\u00ebn tuaj t\u00eb ndjehet e fresk\u00ebt dhe e gjall\u00ebruar.<\/p>\n<p>&nbsp;<\/p>\n<p>Formuluar me p\u00ebrb\u00ebr\u00ebs t\u00eb besuesh\u00ebm q\u00eb synojn\u00eb papast\u00ebrtit\u00eb, si\u00e7 jan\u00eb Acidi Salicilik dhe Niacinamide, pastruesi yn\u00eb Clear Skin p\u00ebr Trup \u00ebsht\u00eb thelb\u00ebsor p\u00ebr k\u00ebdo q\u00eb p\u00ebrballet me shp\u00ebrthime t\u00eb shpeshta n\u00eb trup. P\u00ebr rezultate m\u00eb t\u00eb mira, kombinoni k\u00ebt\u00eb pastrues ditor me pastruesin ton\u00eb p\u00ebr Trup Clear Skin me Acid Salicilik p\u00ebr nj\u00eb rutin\u00eb t\u00eb p\u00ebrsosur p\u00ebr t\u00eb luftuar shp\u00ebrthimet. Kjo kombinim siguron q\u00eb l\u00ebkura juaj t\u00eb marr\u00eb kujdes t\u00eb vazhduesh\u00ebm, duke ndihmuar n\u00eb mbajtjen e nj\u00eb pamje t\u00eb qart\u00eb dhe t\u00eb sh\u00ebndetshme.<\/p>\n<p>&nbsp;<\/p>\n<p>100% vegan-miq\u00ebsor, Pastruesi yn\u00eb Clear Skin p\u00ebr Trup \u00ebsht\u00eb i paketuar n\u00eb materiale t\u00eb riciklueshme, t\u00eb prodhuara nga materiale t\u00eb ricikluara pas p\u00ebrdorimit nga konsumatori (PCR).<\/p>\n<p>&nbsp;<\/p>\n<p>Zbuloni bukurin\u00eb n\u00eb thjesht\u00ebsi me zgjidhje t\u00eb drejtp\u00ebrdrejta dhe t\u00eb efektshme p\u00ebr kujdesin e trupit q\u00eb shkojn\u00eb direkt te zgjidhja.<\/p>\n<p>&nbsp;<\/p>\n<p>I zhvilluar nga nj\u00eb ekip pasionant i ekspert\u00ebve dhe shkenc\u00ebtar\u00ebve t\u00eb kujdesit p\u00ebr l\u00ebkur\u00ebn, ne p\u00ebrdorim fuqin\u00eb e p\u00ebrb\u00ebr\u00ebsve aktiv\u00eb t\u00eb provuar n\u00eb nivele efektive p\u00ebr t\u00eb trajtuar shqet\u00ebsimet tuaja p\u00ebr l\u00ebkur\u00ebn dhe p\u00ebr t\u00eb ndihmuar n\u00eb promovimin e nj\u00eb l\u00ebkure m\u00eb t\u00eb sh\u00ebndetshme, n\u00eb m\u00ebnyr\u00eb q\u00eb t\u00eb ndiheni t\u00eb sigurt \u00e7do dit\u00eb.<\/p>\n<p>&nbsp;<\/p>\n<p><strong>Si ta p\u00ebrdorni:<\/strong> P\u00ebrdoreni \u00e7do dit\u00eb. Masazhojeni n\u00eb l\u00ebkur\u00eb t\u00eb lagur me duart tuaja. Shp\u00ebrlajeni plot\u00ebsisht. Fshijeni l\u00ebkur\u00ebn but\u00ebsisht.<\/p>","protected":false},"excerpt":{"rendered":"<p><strong>Papast\u00ebrti dhe Akne<\/strong><\/p>\n<p><span style=\"color: #ff0000;\" data-darkreader-inline-color=\"\"><strong>Me 1.55% p\u00ebrb\u00ebr\u00ebs aktiv\u00eb<\/strong><\/span><\/p>\n<p>Acid Salicilik, Niacinamide, Vaj Pem\u00ebs s\u00eb \u00c7ajit<\/p>\n<p>100% Vegan | Pa Testim n\u00eb Kafsh\u00eb | Testuar Dermatologjikisht<\/p>\n<p>&nbsp;<\/p>\n<style type=\"text\/css\">\n\t#foogallery-gallery-10060 .fg-image {\n        width: 150px;\n    }\n<\/style>\n<div class=\"foogallery foogallery-container foogallery-default foogallery-lightbox-foogallery fg-gutter-10 fg-center fg-default fg-light fg-border-thin fg-shadow-outline fg-loading-default fg-loaded-fade-in fg-caption-hover fg-hover-fade fg-hover-zoom fg-ready\" id=\"foogallery-gallery-10060\" data-foogallery=\"{&quot;item&quot;:{&quot;showCaptionTitle&quot;:true,&quot;showCaptionDescription&quot;:true},&quot;lazy&quot;:true}\" data-foogallery-lightbox=\"{&quot;thumbs&quot;:&quot;bottom&quot;,&quot;thumbsCaptions&quot;:false,&quot;thumbsBestFit&quot;:false,&quot;thumbsSmall&quot;:false,&quot;thumbsCaptionsAlign&quot;:&quot;default&quot;,&quot;info&quot;:&quot;bottom&quot;,&quot;infoVisible&quot;:true,&quot;infoOverlay&quot;:true,&quot;infoAlign&quot;:&quot;default&quot;,&quot;transition&quot;:&quot;fade&quot;,&quot;hoverButtons&quot;:false,&quot;fitMedia&quot;:false,&quot;noScrollbars&quot;:true,&quot;preserveButtonSpace&quot;:true,&quot;buttons&quot;:{&quot;fullscreen&quot;:true,&quot;info&quot;:true,&quot;thumbs&quot;:false},&quot;video&quot;:{&quot;autoPlay&quot;:true}}\" >\n<div class=\"fg-item fg-type-image fg-idle\">\n<figure class=\"fg-item-inner\"><a href=\"https:\/\/alcedrix.com\/wp-content\/uploads\/2024\/11\/The_Solution_Salicylic_Acid_Clear_Skin_Body_Cleanser_200ml_Model_holding_product1.jpg\" data-attachment-id=\"10061\" data-type=\"image\" class=\"fg-thumb\"><span class=\"fg-image-wrap\"><img decoding=\"async\" width=\"150\" height=\"150\" class=\"skip-lazy fg-image\" data-src-fg=\"https:\/\/alcedrix.com\/wp-content\/uploads\/cache\/2024\/11\/The_Solution_Salicylic_Acid_Clear_Skin_Body_Cleanser_200ml_Model_holding_product1\/288630823.jpg\" src=\"data:image\/svg+xml,%3Csvg%20xmlns%3D%22http%3A%2F%2Fwww.w3.org%2F2000%2Fsvg%22%20width%3D%22150%22%20height%3D%22150%22%20viewBox%3D%220%200%20150%20150%22%3E%3C%2Fsvg%3E\" loading=\"eager\"><\/span><span class=\"fg-image-overlay\"><\/span><\/a><figcaption class=\"fg-caption\">\n<div class=\"fg-caption-inner\"><\/div>\n<\/figcaption><\/figure>\n<div class=\"fg-loader\"><\/div>\n<\/div>\n<div class=\"fg-item fg-type-image fg-idle\">\n<figure class=\"fg-item-inner\"><a href=\"https:\/\/alcedrix.com\/wp-content\/uploads\/2024\/11\/The_Solution_Salicylic_Acid_Clear_Skin_Body_Cleanser_200ml_USPs1.jpg\" data-attachment-id=\"10062\" data-type=\"image\" class=\"fg-thumb\"><span class=\"fg-image-wrap\"><img decoding=\"async\" width=\"150\" height=\"150\" class=\"skip-lazy fg-image\" data-src-fg=\"https:\/\/alcedrix.com\/wp-content\/uploads\/cache\/2024\/11\/The_Solution_Salicylic_Acid_Clear_Skin_Body_Cleanser_200ml_USPs1\/841017554.jpg\" src=\"data:image\/svg+xml,%3Csvg%20xmlns%3D%22http%3A%2F%2Fwww.w3.org%2F2000%2Fsvg%22%20width%3D%22150%22%20height%3D%22150%22%20viewBox%3D%220%200%20150%20150%22%3E%3C%2Fsvg%3E\" loading=\"eager\"><\/span><span class=\"fg-image-overlay\"><\/span><\/a><figcaption class=\"fg-caption\">\n<div class=\"fg-caption-inner\"><\/div>\n<\/figcaption><\/figure>\n<div class=\"fg-loader\"><\/div>\n<\/div>\n<div class=\"fg-item fg-type-image fg-idle\">\n<figure class=\"fg-item-inner\"><a href=\"https:\/\/alcedrix.com\/wp-content\/uploads\/2024\/11\/The_Solution_Salicylic_Acid_Clear_Skin_Body_Cleanser_200ml_Model_holding_product_11.jpg\" data-attachment-id=\"10063\" data-type=\"image\" class=\"fg-thumb\"><span class=\"fg-image-wrap\"><img decoding=\"async\" width=\"150\" height=\"150\" class=\"skip-lazy fg-image\" data-src-fg=\"https:\/\/alcedrix.com\/wp-content\/uploads\/cache\/2024\/11\/The_Solution_Salicylic_Acid_Clear_Skin_Body_Cleanser_200ml_Model_holding_product_11\/1110662636.jpg\" src=\"data:image\/svg+xml,%3Csvg%20xmlns%3D%22http%3A%2F%2Fwww.w3.org%2F2000%2Fsvg%22%20width%3D%22150%22%20height%3D%22150%22%20viewBox%3D%220%200%20150%20150%22%3E%3C%2Fsvg%3E\" loading=\"eager\"><\/span><span class=\"fg-image-overlay\"><\/span><\/a><figcaption class=\"fg-caption\">\n<div class=\"fg-caption-inner\"><\/div>\n<\/figcaption><\/figure>\n<div class=\"fg-loader\"><\/div>\n<\/div>\n<div class=\"fg-item fg-type-image fg-idle\">\n<figure class=\"fg-item-inner\"><a href=\"https:\/\/alcedrix.com\/wp-content\/uploads\/2024\/11\/The_Solution_Salicylic_Acid_Clear_Skin_Body_Cleanser_200ml_Ingredient_call_outs1.jpg\" data-attachment-id=\"10064\" data-type=\"image\" class=\"fg-thumb\"><span class=\"fg-image-wrap\"><img decoding=\"async\" width=\"150\" height=\"150\" class=\"skip-lazy fg-image\" data-src-fg=\"https:\/\/alcedrix.com\/wp-content\/uploads\/cache\/2024\/11\/The_Solution_Salicylic_Acid_Clear_Skin_Body_Cleanser_200ml_Ingredient_call_outs1\/1809054708.jpg\" src=\"data:image\/svg+xml,%3Csvg%20xmlns%3D%22http%3A%2F%2Fwww.w3.org%2F2000%2Fsvg%22%20width%3D%22150%22%20height%3D%22150%22%20viewBox%3D%220%200%20150%20150%22%3E%3C%2Fsvg%3E\" loading=\"eager\"><\/span><span class=\"fg-image-overlay\"><\/span><\/a><figcaption class=\"fg-caption\">\n<div class=\"fg-caption-inner\"><\/div>\n<\/figcaption><\/figure>\n<div class=\"fg-loader\"><\/div>\n<\/div>\n<div class=\"fg-item fg-type-image fg-idle\">\n<figure class=\"fg-item-inner\"><a href=\"https:\/\/alcedrix.com\/wp-content\/uploads\/2024\/11\/The_Solution_Salicylic_Acid_Clear_Skin_Body_Cleanser_200ml_Ingredient_call_outs_11.jpg\" data-attachment-id=\"10065\" data-type=\"image\" class=\"fg-thumb\"><span class=\"fg-image-wrap\"><img decoding=\"async\" width=\"150\" height=\"150\" class=\"skip-lazy fg-image\" data-src-fg=\"https:\/\/alcedrix.com\/wp-content\/uploads\/cache\/2024\/11\/The_Solution_Salicylic_Acid_Clear_Skin_Body_Cleanser_200ml_Ingredient_call_outs_11\/2042583392.jpg\" src=\"data:image\/svg+xml,%3Csvg%20xmlns%3D%22http%3A%2F%2Fwww.w3.org%2F2000%2Fsvg%22%20width%3D%22150%22%20height%3D%22150%22%20viewBox%3D%220%200%20150%20150%22%3E%3C%2Fsvg%3E\" loading=\"eager\"><\/span><span class=\"fg-image-overlay\"><\/span><\/a><figcaption class=\"fg-caption\">\n<div class=\"fg-caption-inner\"><\/div>\n<\/figcaption><\/figure>\n<div class=\"fg-loader\"><\/div>\n<\/div>\n<div class=\"fg-item fg-type-image fg-idle\">\n<figure class=\"fg-item-inner\"><a href=\"https:\/\/alcedrix.com\/wp-content\/uploads\/2024\/11\/The_Solution_Salicylic_Acid_Clear_Skin_Body_Cleanser_200ml_Product_Lifestyle_image1.jpg\" data-attachment-id=\"10066\" data-type=\"image\" class=\"fg-thumb\"><span class=\"fg-image-wrap\"><img decoding=\"async\" width=\"150\" height=\"150\" class=\"skip-lazy fg-image\" data-src-fg=\"https:\/\/alcedrix.com\/wp-content\/uploads\/cache\/2024\/11\/The_Solution_Salicylic_Acid_Clear_Skin_Body_Cleanser_200ml_Product_Lifestyle_image1\/620537454.jpg\" src=\"data:image\/svg+xml,%3Csvg%20xmlns%3D%22http%3A%2F%2Fwww.w3.org%2F2000%2Fsvg%22%20width%3D%22150%22%20height%3D%22150%22%20viewBox%3D%220%200%20150%20150%22%3E%3C%2Fsvg%3E\" loading=\"eager\"><\/span><span class=\"fg-image-overlay\"><\/span><\/a><figcaption class=\"fg-caption\">\n<div class=\"fg-caption-inner\"><\/div>\n<\/figcaption><\/figure>\n<div class=\"fg-loader\"><\/div>\n<\/div>\n<\/div>","protected":false},"featured_media":9648,"template":"","meta":[],"product_cat":[156,153],"product_tag":[],"class_list":{"0":"post-9647","1":"product","2":"type-product","3":"status-publish","4":"has-post-thumbnail","6":"product_cat-skin-care","7":"product_cat-the-solution","9":"first","10":"instock","11":"taxable","12":"shipping-taxable","13":"purchasable","14":"product-type-simple"},"yoast_head":"<!-- This site is optimized with the Yoast SEO plugin v23.6 - https:\/\/yoast.com\/wordpress\/plugins\/seo\/ -->\n<title>The Solution Salicylic Acid Clear Skin Body Cleanser - Alcedrix<\/title>\n<meta name=\"robots\" content=\"index, follow, max-snippet:-1, max-image-preview:large, max-video-preview:-1\" \/>\n<link rel=\"canonical\" href=\"http:\/\/alcedrix.com\/sq\/shop\/the-solution-salicylic-acid-clear-skin-body-cleanser\/\" \/>\n<meta property=\"og:locale\" content=\"sq_AL\" \/>\n<meta property=\"og:type\" content=\"article\" \/>\n<meta property=\"og:title\" content=\"The Solution Salicylic Acid Clear Skin Body Cleanser - Alcedrix\" \/>\n<meta property=\"og:description\" content=\"Papast\u00ebrti dhe Akne  Me 1.55% p\u00ebrb\u00ebr\u00ebs aktiv\u00eb  Acid Salicilik, Niacinamide, Vaj Pem\u00ebs s\u00eb \u00c7ajit  100% Vegan | Pa Testim n\u00eb Kafsh\u00eb | Testuar Dermatologjikisht  &nbsp;\" \/>\n<meta property=\"og:url\" content=\"http:\/\/alcedrix.com\/sq\/shop\/the-solution-salicylic-acid-clear-skin-body-cleanser\/\" \/>\n<meta property=\"og:site_name\" content=\"Alcedrix\" \/>\n<meta property=\"article:publisher\" content=\"https:\/\/www.facebook.com\/alcedrix\" \/>\n<meta property=\"article:modified_time\" content=\"2024-11-15T09:33:13+00:00\" \/>\n<meta property=\"og:image\" content=\"http:\/\/alcedrix.com\/wp-content\/uploads\/2024\/11\/TheSolutionClearSkinSalicylicAcidBodyCleanser_2048x20481.jpg\" \/>\n\t<meta property=\"og:image:width\" content=\"1000\" \/>\n\t<meta property=\"og:image:height\" content=\"1000\" \/>\n\t<meta property=\"og:image:type\" content=\"image\/jpeg\" \/>\n<meta name=\"twitter:card\" content=\"summary_large_image\" \/>\n<meta name=\"twitter:label1\" content=\"Est. reading time\" \/>\n\t<meta name=\"twitter:data1\" content=\"2 minuta\" \/>\n<script type=\"application\/ld+json\" class=\"yoast-schema-graph\">{\"@context\":\"https:\/\/schema.org\",\"@graph\":[{\"@type\":\"WebPage\",\"@id\":\"http:\/\/alcedrix.com\/shop\/the-solution-salicylic-acid-clear-skin-body-cleanser\/\",\"url\":\"http:\/\/alcedrix.com\/shop\/the-solution-salicylic-acid-clear-skin-body-cleanser\/\",\"name\":\"The Solution Salicylic Acid Clear Skin Body Cleanser - Alcedrix\",\"isPartOf\":{\"@id\":\"https:\/\/alcedrix.com\/#website\"},\"primaryImageOfPage\":{\"@id\":\"http:\/\/alcedrix.com\/shop\/the-solution-salicylic-acid-clear-skin-body-cleanser\/#primaryimage\"},\"image\":{\"@id\":\"http:\/\/alcedrix.com\/shop\/the-solution-salicylic-acid-clear-skin-body-cleanser\/#primaryimage\"},\"thumbnailUrl\":\"https:\/\/alcedrix.com\/wp-content\/uploads\/2024\/11\/TheSolutionClearSkinSalicylicAcidBodyCleanser_2048x20481.jpg\",\"datePublished\":\"2024-11-06T13:32:07+00:00\",\"dateModified\":\"2024-11-15T09:33:13+00:00\",\"breadcrumb\":{\"@id\":\"http:\/\/alcedrix.com\/shop\/the-solution-salicylic-acid-clear-skin-body-cleanser\/#breadcrumb\"},\"inLanguage\":\"sq\",\"potentialAction\":[{\"@type\":\"ReadAction\",\"target\":[\"http:\/\/alcedrix.com\/shop\/the-solution-salicylic-acid-clear-skin-body-cleanser\/\"]}]},{\"@type\":\"ImageObject\",\"inLanguage\":\"sq\",\"@id\":\"http:\/\/alcedrix.com\/shop\/the-solution-salicylic-acid-clear-skin-body-cleanser\/#primaryimage\",\"url\":\"https:\/\/alcedrix.com\/wp-content\/uploads\/2024\/11\/TheSolutionClearSkinSalicylicAcidBodyCleanser_2048x20481.jpg\",\"contentUrl\":\"https:\/\/alcedrix.com\/wp-content\/uploads\/2024\/11\/TheSolutionClearSkinSalicylicAcidBodyCleanser_2048x20481.jpg\",\"width\":1000,\"height\":1000},{\"@type\":\"BreadcrumbList\",\"@id\":\"http:\/\/alcedrix.com\/shop\/the-solution-salicylic-acid-clear-skin-body-cleanser\/#breadcrumb\",\"itemListElement\":[{\"@type\":\"ListItem\",\"position\":1,\"name\":\"Home\",\"item\":\"https:\/\/alcedrix.com\/\"},{\"@type\":\"ListItem\",\"position\":2,\"name\":\"Shop\",\"item\":\"https:\/\/alcedrix.com\/shop\/\"},{\"@type\":\"ListItem\",\"position\":3,\"name\":\"The Solution Salicylic Acid Clear Skin Body Cleanser\"}]},{\"@type\":\"WebSite\",\"@id\":\"https:\/\/alcedrix.com\/#website\",\"url\":\"https:\/\/alcedrix.com\/\",\"name\":\"Alcedrix\",\"description\":\"Alcedrix\",\"publisher\":{\"@id\":\"https:\/\/alcedrix.com\/#organization\"},\"potentialAction\":[{\"@type\":\"SearchAction\",\"target\":{\"@type\":\"EntryPoint\",\"urlTemplate\":\"https:\/\/alcedrix.com\/?s={search_term_string}\"},\"query-input\":{\"@type\":\"PropertyValueSpecification\",\"valueRequired\":true,\"valueName\":\"search_term_string\"}}],\"inLanguage\":\"sq\"},{\"@type\":\"Organization\",\"@id\":\"https:\/\/alcedrix.com\/#organization\",\"name\":\"Alcedrix\",\"url\":\"https:\/\/alcedrix.com\/\",\"logo\":{\"@type\":\"ImageObject\",\"inLanguage\":\"sq\",\"@id\":\"https:\/\/alcedrix.com\/#\/schema\/logo\/image\/\",\"url\":\"http:\/\/3.126.27.25\/wp-content\/uploads\/2023\/08\/logo-web.png\",\"contentUrl\":\"http:\/\/3.126.27.25\/wp-content\/uploads\/2023\/08\/logo-web.png\",\"width\":492,\"height\":93,\"caption\":\"Alcedrix\"},\"image\":{\"@id\":\"https:\/\/alcedrix.com\/#\/schema\/logo\/image\/\"},\"sameAs\":[\"https:\/\/www.facebook.com\/alcedrix\",\"https:\/\/www.instagram.com\/alcedrix\"]}]}<\/script>\n<!-- \/ Yoast SEO plugin. -->","yoast_head_json":{"title":"The Solution Salicylic Acid Clear Skin Body Cleanser - Alcedrix","robots":{"index":"index","follow":"follow","max-snippet":"max-snippet:-1","max-image-preview":"max-image-preview:large","max-video-preview":"max-video-preview:-1"},"canonical":"http:\/\/alcedrix.com\/sq\/shop\/the-solution-salicylic-acid-clear-skin-body-cleanser\/","og_locale":"sq_AL","og_type":"article","og_title":"The Solution Salicylic Acid Clear Skin Body Cleanser - Alcedrix","og_description":"Papast\u00ebrti dhe Akne  Me 1.55% p\u00ebrb\u00ebr\u00ebs aktiv\u00eb  Acid Salicilik, Niacinamide, Vaj Pem\u00ebs s\u00eb \u00c7ajit  100% Vegan | Pa Testim n\u00eb Kafsh\u00eb | Testuar Dermatologjikisht  &nbsp;","og_url":"http:\/\/alcedrix.com\/sq\/shop\/the-solution-salicylic-acid-clear-skin-body-cleanser\/","og_site_name":"Alcedrix","article_publisher":"https:\/\/www.facebook.com\/alcedrix","article_modified_time":"2024-11-15T09:33:13+00:00","og_image":[{"width":1000,"height":1000,"url":"http:\/\/alcedrix.com\/wp-content\/uploads\/2024\/11\/TheSolutionClearSkinSalicylicAcidBodyCleanser_2048x20481.jpg","type":"image\/jpeg"}],"twitter_card":"summary_large_image","twitter_misc":{"Est. reading time":"2 minuta"},"schema":{"@context":"https:\/\/schema.org","@graph":[{"@type":"WebPage","@id":"http:\/\/alcedrix.com\/shop\/the-solution-salicylic-acid-clear-skin-body-cleanser\/","url":"http:\/\/alcedrix.com\/shop\/the-solution-salicylic-acid-clear-skin-body-cleanser\/","name":"The Solution Salicylic Acid Clear Skin Body Cleanser - Alcedrix","isPartOf":{"@id":"https:\/\/alcedrix.com\/#website"},"primaryImageOfPage":{"@id":"http:\/\/alcedrix.com\/shop\/the-solution-salicylic-acid-clear-skin-body-cleanser\/#primaryimage"},"image":{"@id":"http:\/\/alcedrix.com\/shop\/the-solution-salicylic-acid-clear-skin-body-cleanser\/#primaryimage"},"thumbnailUrl":"https:\/\/alcedrix.com\/wp-content\/uploads\/2024\/11\/TheSolutionClearSkinSalicylicAcidBodyCleanser_2048x20481.jpg","datePublished":"2024-11-06T13:32:07+00:00","dateModified":"2024-11-15T09:33:13+00:00","breadcrumb":{"@id":"http:\/\/alcedrix.com\/shop\/the-solution-salicylic-acid-clear-skin-body-cleanser\/#breadcrumb"},"inLanguage":"sq","potentialAction":[{"@type":"ReadAction","target":["http:\/\/alcedrix.com\/shop\/the-solution-salicylic-acid-clear-skin-body-cleanser\/"]}]},{"@type":"ImageObject","inLanguage":"sq","@id":"http:\/\/alcedrix.com\/shop\/the-solution-salicylic-acid-clear-skin-body-cleanser\/#primaryimage","url":"https:\/\/alcedrix.com\/wp-content\/uploads\/2024\/11\/TheSolutionClearSkinSalicylicAcidBodyCleanser_2048x20481.jpg","contentUrl":"https:\/\/alcedrix.com\/wp-content\/uploads\/2024\/11\/TheSolutionClearSkinSalicylicAcidBodyCleanser_2048x20481.jpg","width":1000,"height":1000},{"@type":"BreadcrumbList","@id":"http:\/\/alcedrix.com\/shop\/the-solution-salicylic-acid-clear-skin-body-cleanser\/#breadcrumb","itemListElement":[{"@type":"ListItem","position":1,"name":"Home","item":"https:\/\/alcedrix.com\/"},{"@type":"ListItem","position":2,"name":"Shop","item":"https:\/\/alcedrix.com\/shop\/"},{"@type":"ListItem","position":3,"name":"The Solution Salicylic Acid Clear Skin Body Cleanser"}]},{"@type":"WebSite","@id":"https:\/\/alcedrix.com\/#website","url":"https:\/\/alcedrix.com\/","name":"Alcedrix","description":"Alcedrix","publisher":{"@id":"https:\/\/alcedrix.com\/#organization"},"potentialAction":[{"@type":"SearchAction","target":{"@type":"EntryPoint","urlTemplate":"https:\/\/alcedrix.com\/?s={search_term_string}"},"query-input":{"@type":"PropertyValueSpecification","valueRequired":true,"valueName":"search_term_string"}}],"inLanguage":"sq"},{"@type":"Organization","@id":"https:\/\/alcedrix.com\/#organization","name":"Alcedrix","url":"https:\/\/alcedrix.com\/","logo":{"@type":"ImageObject","inLanguage":"sq","@id":"https:\/\/alcedrix.com\/#\/schema\/logo\/image\/","url":"http:\/\/3.126.27.25\/wp-content\/uploads\/2023\/08\/logo-web.png","contentUrl":"http:\/\/3.126.27.25\/wp-content\/uploads\/2023\/08\/logo-web.png","width":492,"height":93,"caption":"Alcedrix"},"image":{"@id":"https:\/\/alcedrix.com\/#\/schema\/logo\/image\/"},"sameAs":["https:\/\/www.facebook.com\/alcedrix","https:\/\/www.instagram.com\/alcedrix"]}]}},"_links":{"self":[{"href":"https:\/\/alcedrix.com\/sq\/wp-json\/wp\/v2\/product\/9647"}],"collection":[{"href":"https:\/\/alcedrix.com\/sq\/wp-json\/wp\/v2\/product"}],"about":[{"href":"https:\/\/alcedrix.com\/sq\/wp-json\/wp\/v2\/types\/product"}],"version-history":[{"count":1,"href":"https:\/\/alcedrix.com\/sq\/wp-json\/wp\/v2\/product\/9647\/revisions"}],"predecessor-version":[{"id":9651,"href":"https:\/\/alcedrix.com\/sq\/wp-json\/wp\/v2\/product\/9647\/revisions\/9651"}],"wp:featuredmedia":[{"embeddable":true,"href":"https:\/\/alcedrix.com\/sq\/wp-json\/wp\/v2\/media\/9648"}],"wp:attachment":[{"href":"https:\/\/alcedrix.com\/sq\/wp-json\/wp\/v2\/media?parent=9647"}],"wp:term":[{"taxonomy":"product_cat","embeddable":true,"href":"https:\/\/alcedrix.com\/sq\/wp-json\/wp\/v2\/product_cat?post=9647"},{"taxonomy":"product_tag","embeddable":true,"href":"https:\/\/alcedrix.com\/sq\/wp-json\/wp\/v2\/product_tag?post=9647"}],"curies":[{"name":"wp","href":"https:\/\/api.w.org\/{rel}","templated":true}]}}