{"id":9643,"date":"2024-11-06T13:24:41","date_gmt":"2024-11-06T13:24:41","guid":{"rendered":"http:\/\/3.126.27.25\/?post_type=product&#038;p=9643"},"modified":"2024-11-15T09:35:20","modified_gmt":"2024-11-15T09:35:20","slug":"the-solution-collagen-perfecting-body-lotion-200ml","status":"publish","type":"product","link":"https:\/\/alcedrix.com\/sq\/shop\/the-solution-collagen-perfecting-body-lotion-200ml\/","title":{"rendered":"The Solution Collagen Perfecting Body Lotion 200ml"},"content":{"rendered":"<p><span data-darkreader-inline-color=\"\"><b>P\u00ebrfitimet kryesore:<\/b><\/span><\/p>\n<ul>\n<li><span data-darkreader-inline-color=\"\">Rrit hidratimin dhe elasticitetin e l\u00ebkur\u00ebs<\/span><\/li>\n<li><span data-darkreader-inline-color=\"\">Pro Kolagjen p\u00ebr nj\u00eb ndjesi l\u00ebkure m\u00eb t\u00eb l\u00ebmuar dhe t\u00eb mbushur<\/span><\/li>\n<li><span data-darkreader-inline-color=\"\">E p\u00ebrshtatshme p\u00ebr t\u00eb gjitha llojet e l\u00ebkur\u00ebs<\/span><\/li>\n<\/ul>\n<p><span data-darkreader-inline-color=\"\">Kremi Perfecting Body me Kolagjen, i cili thahet shpejt, nuk \u00ebsht\u00eb yndyror dhe \u00ebsht\u00eb vegan-miq\u00ebsor, \u00ebsht\u00eb zgjidhja perfekte p\u00ebr l\u00ebkur\u00ebn e that\u00eb q\u00eb ka nevoj\u00eb p\u00ebr forcim. Ky krem i but\u00eb p\u00ebrmban 2.1% p\u00ebrb\u00ebr\u00ebs aktiv\u00eb, p\u00ebrfshir\u00eb Pro-Kolagjenin q\u00eb mbush l\u00ebkur\u00ebn, Sodium Laktatin q\u00eb rrit elasticitetin, dhe Kafein\u00ebn q\u00eb rigjall\u00ebron. P\u00ebrdoreni \u00e7do dit\u00eb si pjes\u00eb e rutin\u00ebs suaj t\u00eb kujdesit p\u00ebr l\u00ebkur\u00ebn p\u00ebr t\u00eb ndihmuar n\u00eb promovimin e nj\u00eb l\u00ebkure m\u00eb t\u00eb sh\u00ebndetshme dhe m\u00eb t\u00eb fort\u00eb.<\/span><\/p>\n<p>&nbsp;<\/p>\n<p><span data-darkreader-inline-color=\"\">Formuluar n\u00eb m\u00ebnyr\u00eb ekspert\u00ebsh p\u00ebr t\u00eb gjitha llojet e l\u00ebkur\u00ebs, Kremi Perfecting Body me Kolagjen \u00ebsht\u00eb dizajnuar p\u00ebr t\u00eb ndihmuar n\u00eb forcimin dhe barazimin e tonit t\u00eb l\u00ebkur\u00ebs, duke ndihmuar n\u00eb zbulimin e nj\u00eb l\u00ebkure m\u00eb t\u00eb l\u00ebmuar nga koka te k\u00ebmb\u00ebt. Formula e avancuar siguron p\u00ebrthithje t\u00eb shpejt\u00eb, duke l\u00ebn\u00eb l\u00ebkur\u00ebn tuaj t\u00eb ndjehet e mbushur, e l\u00ebmuar dhe e hidratuar pa l\u00ebn\u00eb mbetje yndyrore. P\u00ebr rezultate m\u00eb t\u00eb mira, p\u00ebrdoreni \u00e7do dit\u00eb n\u00eb m\u00ebngjes dhe n\u00eb mbr\u00ebmje p\u00ebr t\u00eb luftuar n\u00eb m\u00ebnyr\u00eb efektive tharjen dhe humbjen e elasticitetit.<\/span><\/p>\n<p>&nbsp;<\/p>\n<p><span data-darkreader-inline-color=\"\">100% vegan-miq\u00ebsor, Kremi Perfecting Body me Kolagjen \u00ebsht\u00eb i prodhuar me paketim t\u00eb ricikluesh\u00ebm nga materiali i ricikluar pas p\u00ebrdorimit nga konsumatori (PCR).<\/span><\/p>\n<p>&nbsp;<\/p>\n<p><span data-darkreader-inline-color=\"\">Zbuloni bukurin\u00eb n\u00eb thjesht\u00ebsi me nj\u00eb kujdes p\u00ebr trupin t\u00eb drejtp\u00ebrdrejt\u00eb dhe t\u00eb efektsh\u00ebm q\u00eb shkon direkt te zgjidhja.<\/span><\/p>\n<p>&nbsp;<\/p>\n<p><span data-darkreader-inline-color=\"\">I zhvilluar nga nj\u00eb ekip pasionant i ekspert\u00ebve dhe shkenc\u00ebtar\u00ebve t\u00eb kujdesit p\u00ebr l\u00ebkur\u00ebn, ne p\u00ebrdorim fuqin\u00eb e p\u00ebrb\u00ebr\u00ebsve aktiv\u00eb t\u00eb provuar n\u00eb nivele efektive p\u00ebr t\u00eb trajtuar shqet\u00ebsimet tuaja p\u00ebr l\u00ebkur\u00ebn dhe p\u00ebr t\u00eb ndihmuar n\u00eb promovimin e nj\u00eb l\u00ebkure m\u00eb t\u00eb sh\u00ebndetshme, n\u00eb m\u00ebnyr\u00eb q\u00eb t\u00eb ndiheni t\u00eb sigurt dhe rrezatues \u00e7do dit\u00eb.<\/span><\/p>\n<p>&nbsp;<\/p>\n<p><span data-darkreader-inline-color=\"\">Shijoni kremin e fundit p\u00ebr forcimin e l\u00ebkur\u00ebs dhe k\u00ebnaquni me ndjesin\u00eb e l\u00ebkur\u00ebs m\u00eb t\u00eb l\u00ebmuar dhe m\u00eb t\u00eb mbushur.<\/span><\/p>\n<p><span data-darkreader-inline-color=\"\">Si ta p\u00ebrdorni: P\u00ebrdoreni \u00e7do dit\u00eb. Aplikoni lirsh\u00ebm n\u00eb m\u00ebngjes ose n\u00eb mbr\u00ebmje n\u00eb zon\u00ebn e synuar, ose sipas nevoj\u00ebs. Masazhojeni derisa t\u00eb p\u00ebrthithet plot\u00ebsisht.<\/span><\/p>","protected":false},"excerpt":{"rendered":"<p><strong>L\u00ebkur\u00eb m\u00eb t\u00eb fort\u00eb<\/strong><\/p>\n<p><span style=\"color: #ff0000;\" data-darkreader-inline-color=\"\"><strong>Me 2.1% p\u00ebrb\u00ebr\u00ebs aktiv\u00eb<\/strong><\/span><\/p>\n<p>Pro Kolagjen, Kafein\u00eb, Sodium Laktat<\/p>\n<p>| VEGAN | PA TESTIM N\u00cb KAFSH\u00cb | PA ALKOHOL |<\/p>\n<p>&nbsp;<\/p>\n<style type=\"text\/css\">\n\t#foogallery-gallery-10067 .fg-image {\n        width: 150px;\n    }\n<\/style>\n<div class=\"foogallery foogallery-container foogallery-default foogallery-lightbox-foogallery fg-gutter-10 fg-center fg-default fg-light fg-border-thin fg-shadow-outline fg-loading-default fg-loaded-fade-in fg-caption-hover fg-hover-fade fg-hover-zoom fg-ready\" id=\"foogallery-gallery-10067\" data-foogallery=\"{&quot;item&quot;:{&quot;showCaptionTitle&quot;:true,&quot;showCaptionDescription&quot;:true},&quot;lazy&quot;:true}\" data-foogallery-lightbox=\"{&quot;thumbs&quot;:&quot;bottom&quot;,&quot;thumbsCaptions&quot;:false,&quot;thumbsBestFit&quot;:false,&quot;thumbsSmall&quot;:false,&quot;thumbsCaptionsAlign&quot;:&quot;default&quot;,&quot;info&quot;:&quot;bottom&quot;,&quot;infoVisible&quot;:true,&quot;infoOverlay&quot;:true,&quot;infoAlign&quot;:&quot;default&quot;,&quot;transition&quot;:&quot;fade&quot;,&quot;hoverButtons&quot;:false,&quot;fitMedia&quot;:false,&quot;noScrollbars&quot;:true,&quot;preserveButtonSpace&quot;:true,&quot;buttons&quot;:{&quot;fullscreen&quot;:true,&quot;info&quot;:true,&quot;thumbs&quot;:false},&quot;video&quot;:{&quot;autoPlay&quot;:true}}\" >\n<div class=\"fg-item fg-type-image fg-idle\">\n<figure class=\"fg-item-inner\"><a href=\"https:\/\/alcedrix.com\/wp-content\/uploads\/2024\/11\/The_Solution_Collagen_Perfecting_Body_Lotion_200ml_Model_holding_product_11.jpg\" data-attachment-id=\"10068\" data-type=\"image\" class=\"fg-thumb\"><span class=\"fg-image-wrap\"><img decoding=\"async\" width=\"150\" height=\"150\" class=\"skip-lazy fg-image\" data-src-fg=\"https:\/\/alcedrix.com\/wp-content\/uploads\/cache\/2024\/11\/The_Solution_Collagen_Perfecting_Body_Lotion_200ml_Model_holding_product_11\/2097637851.jpg\" src=\"data:image\/svg+xml,%3Csvg%20xmlns%3D%22http%3A%2F%2Fwww.w3.org%2F2000%2Fsvg%22%20width%3D%22150%22%20height%3D%22150%22%20viewBox%3D%220%200%20150%20150%22%3E%3C%2Fsvg%3E\" loading=\"eager\"><\/span><span class=\"fg-image-overlay\"><\/span><\/a><figcaption class=\"fg-caption\">\n<div class=\"fg-caption-inner\"><\/div>\n<\/figcaption><\/figure>\n<div class=\"fg-loader\"><\/div>\n<\/div>\n<div class=\"fg-item fg-type-image fg-idle\">\n<figure class=\"fg-item-inner\"><a href=\"https:\/\/alcedrix.com\/wp-content\/uploads\/2024\/11\/The_Solution_Collagen_Perfecting_Body_Lotion_200ml_USPs1.jpg\" data-attachment-id=\"10069\" data-type=\"image\" class=\"fg-thumb\"><span class=\"fg-image-wrap\"><img decoding=\"async\" width=\"150\" height=\"150\" class=\"skip-lazy fg-image\" data-src-fg=\"https:\/\/alcedrix.com\/wp-content\/uploads\/cache\/2024\/11\/The_Solution_Collagen_Perfecting_Body_Lotion_200ml_USPs1\/1433852611.jpg\" src=\"data:image\/svg+xml,%3Csvg%20xmlns%3D%22http%3A%2F%2Fwww.w3.org%2F2000%2Fsvg%22%20width%3D%22150%22%20height%3D%22150%22%20viewBox%3D%220%200%20150%20150%22%3E%3C%2Fsvg%3E\" loading=\"eager\"><\/span><span class=\"fg-image-overlay\"><\/span><\/a><figcaption class=\"fg-caption\">\n<div class=\"fg-caption-inner\"><\/div>\n<\/figcaption><\/figure>\n<div class=\"fg-loader\"><\/div>\n<\/div>\n<div class=\"fg-item fg-type-image fg-idle\">\n<figure class=\"fg-item-inner\"><a href=\"https:\/\/alcedrix.com\/wp-content\/uploads\/2024\/11\/The_Solution_Collagen_Perfecting_Body_Lotion_200ml_Before_and_after1.jpg\" data-attachment-id=\"10070\" data-type=\"image\" class=\"fg-thumb\"><span class=\"fg-image-wrap\"><img decoding=\"async\" width=\"150\" height=\"150\" class=\"skip-lazy fg-image\" data-src-fg=\"https:\/\/alcedrix.com\/wp-content\/uploads\/cache\/2024\/11\/The_Solution_Collagen_Perfecting_Body_Lotion_200ml_Before_and_after1\/2795938339.jpg\" src=\"data:image\/svg+xml,%3Csvg%20xmlns%3D%22http%3A%2F%2Fwww.w3.org%2F2000%2Fsvg%22%20width%3D%22150%22%20height%3D%22150%22%20viewBox%3D%220%200%20150%20150%22%3E%3C%2Fsvg%3E\" loading=\"eager\"><\/span><span class=\"fg-image-overlay\"><\/span><\/a><figcaption class=\"fg-caption\">\n<div class=\"fg-caption-inner\"><\/div>\n<\/figcaption><\/figure>\n<div class=\"fg-loader\"><\/div>\n<\/div>\n<div class=\"fg-item fg-type-image fg-idle\">\n<figure class=\"fg-item-inner\"><a href=\"https:\/\/alcedrix.com\/wp-content\/uploads\/2024\/11\/The_Solution_Collagen_Perfecting_Body_Lotion_200ml_Ingredients_call_outs1.jpg\" data-attachment-id=\"10071\" data-type=\"image\" class=\"fg-thumb\"><span class=\"fg-image-wrap\"><img decoding=\"async\" width=\"150\" height=\"150\" class=\"skip-lazy fg-image\" data-src-fg=\"https:\/\/alcedrix.com\/wp-content\/uploads\/cache\/2024\/11\/The_Solution_Collagen_Perfecting_Body_Lotion_200ml_Ingredients_call_outs1\/163552774.jpg\" src=\"data:image\/svg+xml,%3Csvg%20xmlns%3D%22http%3A%2F%2Fwww.w3.org%2F2000%2Fsvg%22%20width%3D%22150%22%20height%3D%22150%22%20viewBox%3D%220%200%20150%20150%22%3E%3C%2Fsvg%3E\" loading=\"eager\"><\/span><span class=\"fg-image-overlay\"><\/span><\/a><figcaption class=\"fg-caption\">\n<div class=\"fg-caption-inner\"><\/div>\n<\/figcaption><\/figure>\n<div class=\"fg-loader\"><\/div>\n<\/div>\n<div class=\"fg-item fg-type-image fg-idle\">\n<figure class=\"fg-item-inner\"><a href=\"https:\/\/alcedrix.com\/wp-content\/uploads\/2024\/11\/The_Solution_Collagen_Perfecting_Body_Lotion_200ml_Ingredients_call_outs_11.jpg\" data-attachment-id=\"10072\" data-type=\"image\" class=\"fg-thumb\"><span class=\"fg-image-wrap\"><img decoding=\"async\" width=\"150\" height=\"150\" class=\"skip-lazy fg-image\" data-src-fg=\"https:\/\/alcedrix.com\/wp-content\/uploads\/cache\/2024\/11\/The_Solution_Collagen_Perfecting_Body_Lotion_200ml_Ingredients_call_outs_11\/2273799530.jpg\" src=\"data:image\/svg+xml,%3Csvg%20xmlns%3D%22http%3A%2F%2Fwww.w3.org%2F2000%2Fsvg%22%20width%3D%22150%22%20height%3D%22150%22%20viewBox%3D%220%200%20150%20150%22%3E%3C%2Fsvg%3E\" loading=\"eager\"><\/span><span class=\"fg-image-overlay\"><\/span><\/a><figcaption class=\"fg-caption\">\n<div class=\"fg-caption-inner\"><\/div>\n<\/figcaption><\/figure>\n<div class=\"fg-loader\"><\/div>\n<\/div>\n<div class=\"fg-item fg-type-image fg-idle\">\n<figure class=\"fg-item-inner\"><a href=\"https:\/\/alcedrix.com\/wp-content\/uploads\/2024\/11\/The_Solution_Collagen_Perfecting_Body_Lotion_200ml_Product_lifestyle_image_11.jpg\" data-attachment-id=\"10073\" data-type=\"image\" class=\"fg-thumb\"><span class=\"fg-image-wrap\"><img decoding=\"async\" width=\"150\" height=\"150\" class=\"skip-lazy fg-image\" data-src-fg=\"https:\/\/alcedrix.com\/wp-content\/uploads\/cache\/2024\/11\/The_Solution_Collagen_Perfecting_Body_Lotion_200ml_Product_lifestyle_image_11\/1838037447.jpg\" src=\"data:image\/svg+xml,%3Csvg%20xmlns%3D%22http%3A%2F%2Fwww.w3.org%2F2000%2Fsvg%22%20width%3D%22150%22%20height%3D%22150%22%20viewBox%3D%220%200%20150%20150%22%3E%3C%2Fsvg%3E\" loading=\"eager\"><\/span><span class=\"fg-image-overlay\"><\/span><\/a><figcaption class=\"fg-caption\">\n<div class=\"fg-caption-inner\"><\/div>\n<\/figcaption><\/figure>\n<div class=\"fg-loader\"><\/div>\n<\/div>\n<div class=\"fg-item fg-type-image fg-idle\">\n<figure class=\"fg-item-inner\"><a href=\"https:\/\/alcedrix.com\/wp-content\/uploads\/2024\/11\/The_Solution_Collagen_Perfecting_Body_Lotion_200ml_Model_holding_product1.jpg\" data-attachment-id=\"10074\" data-type=\"image\" class=\"fg-thumb\"><span class=\"fg-image-wrap\"><img decoding=\"async\" width=\"150\" height=\"150\" class=\"skip-lazy fg-image\" data-src-fg=\"https:\/\/alcedrix.com\/wp-content\/uploads\/cache\/2024\/11\/The_Solution_Collagen_Perfecting_Body_Lotion_200ml_Model_holding_product1\/99271456.jpg\" src=\"data:image\/svg+xml,%3Csvg%20xmlns%3D%22http%3A%2F%2Fwww.w3.org%2F2000%2Fsvg%22%20width%3D%22150%22%20height%3D%22150%22%20viewBox%3D%220%200%20150%20150%22%3E%3C%2Fsvg%3E\" loading=\"eager\"><\/span><span class=\"fg-image-overlay\"><\/span><\/a><figcaption class=\"fg-caption\">\n<div class=\"fg-caption-inner\"><\/div>\n<\/figcaption><\/figure>\n<div class=\"fg-loader\"><\/div>\n<\/div>\n<div class=\"fg-item fg-type-image fg-idle\">\n<figure class=\"fg-item-inner\"><a href=\"https:\/\/alcedrix.com\/wp-content\/uploads\/2024\/11\/The_Solution_Collagen_Perfecting_Body_Lotion_200ml_Product_lifestyle_image1.jpg\" data-attachment-id=\"10075\" data-type=\"image\" class=\"fg-thumb\"><span class=\"fg-image-wrap\"><img decoding=\"async\" width=\"150\" height=\"150\" class=\"skip-lazy fg-image\" data-src-fg=\"https:\/\/alcedrix.com\/wp-content\/uploads\/cache\/2024\/11\/The_Solution_Collagen_Perfecting_Body_Lotion_200ml_Product_lifestyle_image1\/1093098171.jpg\" src=\"data:image\/svg+xml,%3Csvg%20xmlns%3D%22http%3A%2F%2Fwww.w3.org%2F2000%2Fsvg%22%20width%3D%22150%22%20height%3D%22150%22%20viewBox%3D%220%200%20150%20150%22%3E%3C%2Fsvg%3E\" loading=\"eager\"><\/span><span class=\"fg-image-overlay\"><\/span><\/a><figcaption class=\"fg-caption\">\n<div class=\"fg-caption-inner\"><\/div>\n<\/figcaption><\/figure>\n<div class=\"fg-loader\"><\/div>\n<\/div>\n<\/div>","protected":false},"featured_media":9636,"template":"","meta":[],"product_cat":[156,153],"product_tag":[],"class_list":{"0":"post-9643","1":"product","2":"type-product","3":"status-publish","4":"has-post-thumbnail","6":"product_cat-skin-care","7":"product_cat-the-solution","9":"first","10":"instock","11":"taxable","12":"shipping-taxable","13":"purchasable","14":"product-type-simple"},"yoast_head":"<!-- This site is optimized with the Yoast SEO plugin v23.6 - https:\/\/yoast.com\/wordpress\/plugins\/seo\/ -->\n<title>The Solution Collagen Perfecting Body Lotion 200ml - Alcedrix<\/title>\n<meta name=\"robots\" content=\"index, follow, max-snippet:-1, max-image-preview:large, max-video-preview:-1\" \/>\n<link rel=\"canonical\" href=\"http:\/\/alcedrix.com\/sq\/shop\/the-solution-collagen-perfecting-body-lotion-200ml\/\" \/>\n<meta property=\"og:locale\" content=\"sq_AL\" \/>\n<meta property=\"og:type\" content=\"article\" \/>\n<meta property=\"og:title\" content=\"The Solution Collagen Perfecting Body Lotion 200ml - Alcedrix\" \/>\n<meta property=\"og:description\" content=\"L\u00ebkur\u00eb m\u00eb t\u00eb fort\u00eb  Me 2.1% p\u00ebrb\u00ebr\u00ebs aktiv\u00eb  Pro Kolagjen, Kafein\u00eb, Sodium Laktat  | VEGAN | PA TESTIM N\u00cb KAFSH\u00cb | PA ALKOHOL |  &nbsp;\" \/>\n<meta property=\"og:url\" content=\"http:\/\/alcedrix.com\/sq\/shop\/the-solution-collagen-perfecting-body-lotion-200ml\/\" \/>\n<meta property=\"og:site_name\" content=\"Alcedrix\" \/>\n<meta property=\"article:publisher\" content=\"https:\/\/www.facebook.com\/alcedrix\" \/>\n<meta property=\"article:modified_time\" content=\"2024-11-15T09:35:20+00:00\" \/>\n<meta property=\"og:image\" content=\"http:\/\/alcedrix.com\/wp-content\/uploads\/2024\/11\/TheSolutionCollagenPerfectingBodyCreamproductimage_2048x20481.jpg\" \/>\n\t<meta property=\"og:image:width\" content=\"1000\" \/>\n\t<meta property=\"og:image:height\" content=\"1000\" \/>\n\t<meta property=\"og:image:type\" content=\"image\/jpeg\" \/>\n<meta name=\"twitter:card\" content=\"summary_large_image\" \/>\n<meta name=\"twitter:label1\" content=\"Est. reading time\" \/>\n\t<meta name=\"twitter:data1\" content=\"2 minuta\" \/>\n<script type=\"application\/ld+json\" class=\"yoast-schema-graph\">{\"@context\":\"https:\/\/schema.org\",\"@graph\":[{\"@type\":\"WebPage\",\"@id\":\"http:\/\/alcedrix.com\/shop\/the-solution-collagen-perfecting-body-lotion-200ml\/\",\"url\":\"http:\/\/alcedrix.com\/shop\/the-solution-collagen-perfecting-body-lotion-200ml\/\",\"name\":\"The Solution Collagen Perfecting Body Lotion 200ml - Alcedrix\",\"isPartOf\":{\"@id\":\"https:\/\/alcedrix.com\/#website\"},\"primaryImageOfPage\":{\"@id\":\"http:\/\/alcedrix.com\/shop\/the-solution-collagen-perfecting-body-lotion-200ml\/#primaryimage\"},\"image\":{\"@id\":\"http:\/\/alcedrix.com\/shop\/the-solution-collagen-perfecting-body-lotion-200ml\/#primaryimage\"},\"thumbnailUrl\":\"https:\/\/alcedrix.com\/wp-content\/uploads\/2024\/11\/TheSolutionCollagenPerfectingBodyCreamproductimage_2048x20481.jpg\",\"datePublished\":\"2024-11-06T13:24:41+00:00\",\"dateModified\":\"2024-11-15T09:35:20+00:00\",\"breadcrumb\":{\"@id\":\"http:\/\/alcedrix.com\/shop\/the-solution-collagen-perfecting-body-lotion-200ml\/#breadcrumb\"},\"inLanguage\":\"sq\",\"potentialAction\":[{\"@type\":\"ReadAction\",\"target\":[\"http:\/\/alcedrix.com\/shop\/the-solution-collagen-perfecting-body-lotion-200ml\/\"]}]},{\"@type\":\"ImageObject\",\"inLanguage\":\"sq\",\"@id\":\"http:\/\/alcedrix.com\/shop\/the-solution-collagen-perfecting-body-lotion-200ml\/#primaryimage\",\"url\":\"https:\/\/alcedrix.com\/wp-content\/uploads\/2024\/11\/TheSolutionCollagenPerfectingBodyCreamproductimage_2048x20481.jpg\",\"contentUrl\":\"https:\/\/alcedrix.com\/wp-content\/uploads\/2024\/11\/TheSolutionCollagenPerfectingBodyCreamproductimage_2048x20481.jpg\",\"width\":1000,\"height\":1000},{\"@type\":\"BreadcrumbList\",\"@id\":\"http:\/\/alcedrix.com\/shop\/the-solution-collagen-perfecting-body-lotion-200ml\/#breadcrumb\",\"itemListElement\":[{\"@type\":\"ListItem\",\"position\":1,\"name\":\"Home\",\"item\":\"https:\/\/alcedrix.com\/\"},{\"@type\":\"ListItem\",\"position\":2,\"name\":\"Shop\",\"item\":\"https:\/\/alcedrix.com\/shop\/\"},{\"@type\":\"ListItem\",\"position\":3,\"name\":\"The Solution Collagen Perfecting Body Lotion 200ml\"}]},{\"@type\":\"WebSite\",\"@id\":\"https:\/\/alcedrix.com\/#website\",\"url\":\"https:\/\/alcedrix.com\/\",\"name\":\"Alcedrix\",\"description\":\"Alcedrix\",\"publisher\":{\"@id\":\"https:\/\/alcedrix.com\/#organization\"},\"potentialAction\":[{\"@type\":\"SearchAction\",\"target\":{\"@type\":\"EntryPoint\",\"urlTemplate\":\"https:\/\/alcedrix.com\/?s={search_term_string}\"},\"query-input\":{\"@type\":\"PropertyValueSpecification\",\"valueRequired\":true,\"valueName\":\"search_term_string\"}}],\"inLanguage\":\"sq\"},{\"@type\":\"Organization\",\"@id\":\"https:\/\/alcedrix.com\/#organization\",\"name\":\"Alcedrix\",\"url\":\"https:\/\/alcedrix.com\/\",\"logo\":{\"@type\":\"ImageObject\",\"inLanguage\":\"sq\",\"@id\":\"https:\/\/alcedrix.com\/#\/schema\/logo\/image\/\",\"url\":\"http:\/\/3.126.27.25\/wp-content\/uploads\/2023\/08\/logo-web.png\",\"contentUrl\":\"http:\/\/3.126.27.25\/wp-content\/uploads\/2023\/08\/logo-web.png\",\"width\":492,\"height\":93,\"caption\":\"Alcedrix\"},\"image\":{\"@id\":\"https:\/\/alcedrix.com\/#\/schema\/logo\/image\/\"},\"sameAs\":[\"https:\/\/www.facebook.com\/alcedrix\",\"https:\/\/www.instagram.com\/alcedrix\"]}]}<\/script>\n<!-- \/ Yoast SEO plugin. -->","yoast_head_json":{"title":"The Solution Collagen Perfecting Body Lotion 200ml - Alcedrix","robots":{"index":"index","follow":"follow","max-snippet":"max-snippet:-1","max-image-preview":"max-image-preview:large","max-video-preview":"max-video-preview:-1"},"canonical":"http:\/\/alcedrix.com\/sq\/shop\/the-solution-collagen-perfecting-body-lotion-200ml\/","og_locale":"sq_AL","og_type":"article","og_title":"The Solution Collagen Perfecting Body Lotion 200ml - Alcedrix","og_description":"L\u00ebkur\u00eb m\u00eb t\u00eb fort\u00eb  Me 2.1% p\u00ebrb\u00ebr\u00ebs aktiv\u00eb  Pro Kolagjen, Kafein\u00eb, Sodium Laktat  | VEGAN | PA TESTIM N\u00cb KAFSH\u00cb | PA ALKOHOL |  &nbsp;","og_url":"http:\/\/alcedrix.com\/sq\/shop\/the-solution-collagen-perfecting-body-lotion-200ml\/","og_site_name":"Alcedrix","article_publisher":"https:\/\/www.facebook.com\/alcedrix","article_modified_time":"2024-11-15T09:35:20+00:00","og_image":[{"width":1000,"height":1000,"url":"http:\/\/alcedrix.com\/wp-content\/uploads\/2024\/11\/TheSolutionCollagenPerfectingBodyCreamproductimage_2048x20481.jpg","type":"image\/jpeg"}],"twitter_card":"summary_large_image","twitter_misc":{"Est. reading time":"2 minuta"},"schema":{"@context":"https:\/\/schema.org","@graph":[{"@type":"WebPage","@id":"http:\/\/alcedrix.com\/shop\/the-solution-collagen-perfecting-body-lotion-200ml\/","url":"http:\/\/alcedrix.com\/shop\/the-solution-collagen-perfecting-body-lotion-200ml\/","name":"The Solution Collagen Perfecting Body Lotion 200ml - Alcedrix","isPartOf":{"@id":"https:\/\/alcedrix.com\/#website"},"primaryImageOfPage":{"@id":"http:\/\/alcedrix.com\/shop\/the-solution-collagen-perfecting-body-lotion-200ml\/#primaryimage"},"image":{"@id":"http:\/\/alcedrix.com\/shop\/the-solution-collagen-perfecting-body-lotion-200ml\/#primaryimage"},"thumbnailUrl":"https:\/\/alcedrix.com\/wp-content\/uploads\/2024\/11\/TheSolutionCollagenPerfectingBodyCreamproductimage_2048x20481.jpg","datePublished":"2024-11-06T13:24:41+00:00","dateModified":"2024-11-15T09:35:20+00:00","breadcrumb":{"@id":"http:\/\/alcedrix.com\/shop\/the-solution-collagen-perfecting-body-lotion-200ml\/#breadcrumb"},"inLanguage":"sq","potentialAction":[{"@type":"ReadAction","target":["http:\/\/alcedrix.com\/shop\/the-solution-collagen-perfecting-body-lotion-200ml\/"]}]},{"@type":"ImageObject","inLanguage":"sq","@id":"http:\/\/alcedrix.com\/shop\/the-solution-collagen-perfecting-body-lotion-200ml\/#primaryimage","url":"https:\/\/alcedrix.com\/wp-content\/uploads\/2024\/11\/TheSolutionCollagenPerfectingBodyCreamproductimage_2048x20481.jpg","contentUrl":"https:\/\/alcedrix.com\/wp-content\/uploads\/2024\/11\/TheSolutionCollagenPerfectingBodyCreamproductimage_2048x20481.jpg","width":1000,"height":1000},{"@type":"BreadcrumbList","@id":"http:\/\/alcedrix.com\/shop\/the-solution-collagen-perfecting-body-lotion-200ml\/#breadcrumb","itemListElement":[{"@type":"ListItem","position":1,"name":"Home","item":"https:\/\/alcedrix.com\/"},{"@type":"ListItem","position":2,"name":"Shop","item":"https:\/\/alcedrix.com\/shop\/"},{"@type":"ListItem","position":3,"name":"The Solution Collagen Perfecting Body Lotion 200ml"}]},{"@type":"WebSite","@id":"https:\/\/alcedrix.com\/#website","url":"https:\/\/alcedrix.com\/","name":"Alcedrix","description":"Alcedrix","publisher":{"@id":"https:\/\/alcedrix.com\/#organization"},"potentialAction":[{"@type":"SearchAction","target":{"@type":"EntryPoint","urlTemplate":"https:\/\/alcedrix.com\/?s={search_term_string}"},"query-input":{"@type":"PropertyValueSpecification","valueRequired":true,"valueName":"search_term_string"}}],"inLanguage":"sq"},{"@type":"Organization","@id":"https:\/\/alcedrix.com\/#organization","name":"Alcedrix","url":"https:\/\/alcedrix.com\/","logo":{"@type":"ImageObject","inLanguage":"sq","@id":"https:\/\/alcedrix.com\/#\/schema\/logo\/image\/","url":"http:\/\/3.126.27.25\/wp-content\/uploads\/2023\/08\/logo-web.png","contentUrl":"http:\/\/3.126.27.25\/wp-content\/uploads\/2023\/08\/logo-web.png","width":492,"height":93,"caption":"Alcedrix"},"image":{"@id":"https:\/\/alcedrix.com\/#\/schema\/logo\/image\/"},"sameAs":["https:\/\/www.facebook.com\/alcedrix","https:\/\/www.instagram.com\/alcedrix"]}]}},"_links":{"self":[{"href":"https:\/\/alcedrix.com\/sq\/wp-json\/wp\/v2\/product\/9643"}],"collection":[{"href":"https:\/\/alcedrix.com\/sq\/wp-json\/wp\/v2\/product"}],"about":[{"href":"https:\/\/alcedrix.com\/sq\/wp-json\/wp\/v2\/types\/product"}],"version-history":[{"count":0,"href":"https:\/\/alcedrix.com\/sq\/wp-json\/wp\/v2\/product\/9643\/revisions"}],"wp:featuredmedia":[{"embeddable":true,"href":"https:\/\/alcedrix.com\/sq\/wp-json\/wp\/v2\/media\/9636"}],"wp:attachment":[{"href":"https:\/\/alcedrix.com\/sq\/wp-json\/wp\/v2\/media?parent=9643"}],"wp:term":[{"taxonomy":"product_cat","embeddable":true,"href":"https:\/\/alcedrix.com\/sq\/wp-json\/wp\/v2\/product_cat?post=9643"},{"taxonomy":"product_tag","embeddable":true,"href":"https:\/\/alcedrix.com\/sq\/wp-json\/wp\/v2\/product_tag?post=9643"}],"curies":[{"name":"wp","href":"https:\/\/api.w.org\/{rel}","templated":true}]}}