{"id":9435,"date":"2024-09-03T11:38:54","date_gmt":"2024-09-03T11:38:54","guid":{"rendered":"http:\/\/3.126.27.25\/?post_type=product&#038;p=9435"},"modified":"2024-10-16T09:10:27","modified_gmt":"2024-10-16T09:10:27","slug":"uro-complex-d-cranberry","status":"publish","type":"product","link":"https:\/\/alcedrix.com\/sq\/shop\/uro-complex-d-cranberry\/","title":{"rendered":"Uro complex D cranberry"},"content":{"rendered":"<p>Uro-kompleks D \u00ebsht\u00eb nj\u00eb p\u00ebrb\u00ebrje e gjasht\u00eb p\u00ebrb\u00ebr\u00ebsve aktiv\u00eb &#8211; D-manoza, ekstrakt i koncentruar i ka\u00e7ave (Vaccinium macrocarpon Aiton) i standardizuar n\u00eb 10% t\u00eb p\u00ebrmbajtjes s\u00eb proantocianidin\u00ebs (PAC), i pasuruar me nj\u00eb kompleks ekstraktesh bimore si \u00e7aji jeshil, t\u00ebrsh\u00ebra dhe bishti i kalit &#8211; e cila mb\u00ebshtet funksionin ekskretues t\u00eb veshkave dhe ekstraktit t\u00eb hithr\u00ebs q\u00eb ndihmon n\u00eb ruajtjen e funksionit normal t\u00eb traktit urinar.<\/p>\n<p>&nbsp;<\/p>\n<p>Pikat e forta t\u00eb produktit:<\/p>\n<p>&nbsp;<\/p>\n<p>Form\u00eb e leht\u00eb p\u00ebr t&#8217;u p\u00ebrdorur,<\/p>\n<p>Vet\u00ebm 1 qese n\u00eb dit\u00eb,<\/p>\n<p>6 p\u00ebrb\u00ebr\u00ebs aktiv\u00eb,<\/p>\n<p>Ekstrakte natyrale,<\/p>\n<p>Arom\u00eb e shijshme boronic\u00eb,<\/p>\n<p>Pluhur i tretsh\u00ebm n\u00eb uj\u00eb,<\/p>\n<p>&nbsp;<\/p>\n<p>D-manoza, e cila \u00ebsht\u00eb p\u00ebrb\u00ebr\u00ebsi kryesor i produktit, parandalon ngjitjen e mikroorganizmave q\u00eb dep\u00ebrtojn\u00eb n\u00eb sistemin gjenitourinar n\u00eb epitelin e traktit urinar, fal\u00eb t\u00eb cilit ato ekskretohen me urin\u00eb. P\u00ebrve\u00e7 k\u00ebsaj, produkti leht\u00ebson simptomat e infeksioneve urinare, si djegia gjat\u00eb urinimit, urinimi i shpesht\u00eb, urgjenca p\u00ebr t\u00eb urinuar.<\/p>\n<p>&nbsp;<\/p>\n<p>Ekstrakti i ka\u00e7\u00ebs (Vaccinium macrocarpon Aiton) i standardizuar n\u00eb 10% t\u00eb p\u00ebrmbajtjes s\u00eb proantocianidin\u00ebs (PAC) &#8211; \u00ebsht\u00eb nj\u00eb burim natyror i acideve t\u00eb shumta organike, polifenoleve, flavonoideve &#8211; kryesisht proantocianidinave, t\u00eb cilat kan\u00eb qen\u00eb objekt i shum\u00eb studimeve q\u00eb vler\u00ebsojn\u00eb ndikimin e tyre n\u00eb funksionimin e traktit urinar.<\/p>\n<p>Ekstrakti i bishtit t\u00eb kalit &#8211; Silic\u00eb e tretshme (7%), mb\u00ebshtet funksionin ekskretues t\u00eb veshkave dhe parandalon formimin e gur\u00ebve n\u00eb veshka.<\/p>\n<p>&nbsp;<\/p>\n<p>Ekstrakti i \u00e7ajit jeshil i standardizuar n\u00eb 55% t\u00eb EGCG (epigallocatechin gallate) &#8211; nj\u00eb antioksidant natyral, q\u00eb pastron organizmin nga metabolit\u00ebt e d\u00ebmsh\u00ebm, duke p\u00ebrfshir\u00eb radikalet e lira.<\/p>\n<p>&nbsp;<\/p>\n<p>Ekstrakti i hithr\u00ebs &#8211; p\u00ebr shkak t\u00eb vetive t\u00eb saj hithra nxit largimin e ujit nga trupi s\u00eb bashku me mbetjet metabolike q\u00eb p\u00ebrmban dhe k\u00ebshtu toksinat dhe bakteret patogjene largohen shpejt dhe leht\u00eb nga organizmi.<\/p>\n<p>&nbsp;<\/p>\n<p>Ekstrakti i t\u00ebrsh\u00ebr\u00ebs i standardizuar n\u00eb nj\u00eb p\u00ebrmbajtje flavonoid 7%. Zvog\u00eblon rrezikun e formimit t\u00eb depozitave t\u00eb patretshme n\u00eb traktin urinar (p\u00ebr shkak t\u00eb efektit diuretik), si dhe mbron sistemin urinar nga simptomat e p\u00ebrs\u00ebritura dhe shqet\u00ebsimet.<\/p>\n<p>&nbsp;<\/p>\n<p>Dedikohet:<\/p>\n<ul>\n<li>P\u00ebr t\u00eb ruajtur funksionimin normal t\u00eb traktit urinar.<\/li>\n<li>P\u00ebr t\u00eb mb\u00ebshtetur funksionin ekskretues t\u00eb veshkave.<\/li>\n<li>P\u00ebr t\u00eb parandaluar infeksionet e p\u00ebrs\u00ebritura t\u00eb traktit urinar (UTI).<\/li>\n<\/ul>\n<p>&nbsp;<\/p>\n<p>Doza e rekomanduar ditore: merrni 1 qese n\u00eb dit\u00eb gjat\u00eb shujt\u00ebs ose ndryshe pas konsultimit me mjekun tuaj. P\u00ebrzihet me af\u00ebrsisht 100 ml uj\u00eb. Konsumojeni direkt pas p\u00ebrgatitjes.<\/p>","protected":false},"excerpt":{"rendered":"<p>Mb\u00ebshtetje e traktit urinar.<\/p>","protected":false},"featured_media":9467,"template":"","meta":[],"product_cat":[106,96,104],"product_tag":[],"class_list":{"0":"post-9435","1":"product","2":"type-product","3":"status-publish","4":"has-post-thumbnail","6":"product_cat-mireqenie-mendore-dhe-fizike","7":"product_cat-olimp","8":"product_cat-shtese-ushqimore","10":"first","11":"instock","12":"taxable","13":"shipping-taxable","14":"purchasable","15":"product-type-simple"},"yoast_head":"<!-- This site is optimized with the Yoast SEO plugin v23.6 - https:\/\/yoast.com\/wordpress\/plugins\/seo\/ -->\n<title>Uro complex D cranberry - Alcedrix<\/title>\n<meta name=\"robots\" content=\"index, follow, max-snippet:-1, max-image-preview:large, max-video-preview:-1\" \/>\n<link rel=\"canonical\" href=\"https:\/\/alcedrix.com\/sq\/shop\/uro-complex-d-cranberry\/\" \/>\n<meta property=\"og:locale\" content=\"sq_AL\" \/>\n<meta property=\"og:type\" content=\"article\" \/>\n<meta property=\"og:title\" content=\"Uro complex D cranberry - Alcedrix\" \/>\n<meta property=\"og:description\" content=\"Mb\u00ebshtetje e traktit urinar.\" \/>\n<meta property=\"og:url\" content=\"https:\/\/alcedrix.com\/sq\/shop\/uro-complex-d-cranberry\/\" \/>\n<meta property=\"og:site_name\" content=\"Alcedrix\" \/>\n<meta property=\"article:publisher\" content=\"https:\/\/www.facebook.com\/alcedrix\" \/>\n<meta property=\"article:modified_time\" content=\"2024-10-16T09:10:27+00:00\" \/>\n<meta property=\"og:image\" content=\"https:\/\/alcedrix.com\/wp-content\/uploads\/2024\/09\/uro-complex_d_kartonik_en_0003_0001_1.png\" \/>\n\t<meta property=\"og:image:width\" content=\"700\" \/>\n\t<meta property=\"og:image:height\" content=\"700\" \/>\n\t<meta property=\"og:image:type\" content=\"image\/png\" \/>\n<meta name=\"twitter:card\" content=\"summary_large_image\" \/>\n<meta name=\"twitter:label1\" content=\"Est. reading time\" \/>\n\t<meta name=\"twitter:data1\" content=\"2 minuta\" \/>\n<script type=\"application\/ld+json\" class=\"yoast-schema-graph\">{\"@context\":\"https:\/\/schema.org\",\"@graph\":[{\"@type\":\"WebPage\",\"@id\":\"https:\/\/alcedrix.com\/shop\/uro-complex-d-cranberry\/\",\"url\":\"https:\/\/alcedrix.com\/shop\/uro-complex-d-cranberry\/\",\"name\":\"Uro complex D cranberry - Alcedrix\",\"isPartOf\":{\"@id\":\"http:\/\/alcedrix.com\/#website\"},\"primaryImageOfPage\":{\"@id\":\"https:\/\/alcedrix.com\/shop\/uro-complex-d-cranberry\/#primaryimage\"},\"image\":{\"@id\":\"https:\/\/alcedrix.com\/shop\/uro-complex-d-cranberry\/#primaryimage\"},\"thumbnailUrl\":\"https:\/\/alcedrix.com\/wp-content\/uploads\/2024\/09\/uro-complex_d_kartonik_en_0003_0001_1.png\",\"datePublished\":\"2024-09-03T11:38:54+00:00\",\"dateModified\":\"2024-10-16T09:10:27+00:00\",\"breadcrumb\":{\"@id\":\"https:\/\/alcedrix.com\/shop\/uro-complex-d-cranberry\/#breadcrumb\"},\"inLanguage\":\"sq\",\"potentialAction\":[{\"@type\":\"ReadAction\",\"target\":[\"https:\/\/alcedrix.com\/shop\/uro-complex-d-cranberry\/\"]}]},{\"@type\":\"ImageObject\",\"inLanguage\":\"sq\",\"@id\":\"https:\/\/alcedrix.com\/shop\/uro-complex-d-cranberry\/#primaryimage\",\"url\":\"https:\/\/alcedrix.com\/wp-content\/uploads\/2024\/09\/uro-complex_d_kartonik_en_0003_0001_1.png\",\"contentUrl\":\"https:\/\/alcedrix.com\/wp-content\/uploads\/2024\/09\/uro-complex_d_kartonik_en_0003_0001_1.png\",\"width\":700,\"height\":700},{\"@type\":\"BreadcrumbList\",\"@id\":\"https:\/\/alcedrix.com\/shop\/uro-complex-d-cranberry\/#breadcrumb\",\"itemListElement\":[{\"@type\":\"ListItem\",\"position\":1,\"name\":\"Home\",\"item\":\"https:\/\/alcedrix.com\/\"},{\"@type\":\"ListItem\",\"position\":2,\"name\":\"Shop\",\"item\":\"https:\/\/alcedrix.com\/shop\/\"},{\"@type\":\"ListItem\",\"position\":3,\"name\":\"Uro complex D cranberry\"}]},{\"@type\":\"WebSite\",\"@id\":\"http:\/\/alcedrix.com\/#website\",\"url\":\"http:\/\/alcedrix.com\/\",\"name\":\"Alcedrix\",\"description\":\"Alcedrix\",\"publisher\":{\"@id\":\"http:\/\/alcedrix.com\/#organization\"},\"potentialAction\":[{\"@type\":\"SearchAction\",\"target\":{\"@type\":\"EntryPoint\",\"urlTemplate\":\"http:\/\/alcedrix.com\/?s={search_term_string}\"},\"query-input\":{\"@type\":\"PropertyValueSpecification\",\"valueRequired\":true,\"valueName\":\"search_term_string\"}}],\"inLanguage\":\"sq\"},{\"@type\":\"Organization\",\"@id\":\"http:\/\/alcedrix.com\/#organization\",\"name\":\"Alcedrix\",\"url\":\"http:\/\/alcedrix.com\/\",\"logo\":{\"@type\":\"ImageObject\",\"inLanguage\":\"sq\",\"@id\":\"http:\/\/alcedrix.com\/#\/schema\/logo\/image\/\",\"url\":\"http:\/\/3.126.27.25\/wp-content\/uploads\/2023\/08\/logo-web.png\",\"contentUrl\":\"http:\/\/3.126.27.25\/wp-content\/uploads\/2023\/08\/logo-web.png\",\"width\":492,\"height\":93,\"caption\":\"Alcedrix\"},\"image\":{\"@id\":\"http:\/\/alcedrix.com\/#\/schema\/logo\/image\/\"},\"sameAs\":[\"https:\/\/www.facebook.com\/alcedrix\",\"https:\/\/www.instagram.com\/alcedrix\"]}]}<\/script>\n<!-- \/ Yoast SEO plugin. -->","yoast_head_json":{"title":"Uro complex D cranberry - Alcedrix","robots":{"index":"index","follow":"follow","max-snippet":"max-snippet:-1","max-image-preview":"max-image-preview:large","max-video-preview":"max-video-preview:-1"},"canonical":"https:\/\/alcedrix.com\/sq\/shop\/uro-complex-d-cranberry\/","og_locale":"sq_AL","og_type":"article","og_title":"Uro complex D cranberry - Alcedrix","og_description":"Mb\u00ebshtetje e traktit urinar.","og_url":"https:\/\/alcedrix.com\/sq\/shop\/uro-complex-d-cranberry\/","og_site_name":"Alcedrix","article_publisher":"https:\/\/www.facebook.com\/alcedrix","article_modified_time":"2024-10-16T09:10:27+00:00","og_image":[{"width":700,"height":700,"url":"https:\/\/alcedrix.com\/wp-content\/uploads\/2024\/09\/uro-complex_d_kartonik_en_0003_0001_1.png","type":"image\/png"}],"twitter_card":"summary_large_image","twitter_misc":{"Est. reading time":"2 minuta"},"schema":{"@context":"https:\/\/schema.org","@graph":[{"@type":"WebPage","@id":"https:\/\/alcedrix.com\/shop\/uro-complex-d-cranberry\/","url":"https:\/\/alcedrix.com\/shop\/uro-complex-d-cranberry\/","name":"Uro complex D cranberry - Alcedrix","isPartOf":{"@id":"http:\/\/alcedrix.com\/#website"},"primaryImageOfPage":{"@id":"https:\/\/alcedrix.com\/shop\/uro-complex-d-cranberry\/#primaryimage"},"image":{"@id":"https:\/\/alcedrix.com\/shop\/uro-complex-d-cranberry\/#primaryimage"},"thumbnailUrl":"https:\/\/alcedrix.com\/wp-content\/uploads\/2024\/09\/uro-complex_d_kartonik_en_0003_0001_1.png","datePublished":"2024-09-03T11:38:54+00:00","dateModified":"2024-10-16T09:10:27+00:00","breadcrumb":{"@id":"https:\/\/alcedrix.com\/shop\/uro-complex-d-cranberry\/#breadcrumb"},"inLanguage":"sq","potentialAction":[{"@type":"ReadAction","target":["https:\/\/alcedrix.com\/shop\/uro-complex-d-cranberry\/"]}]},{"@type":"ImageObject","inLanguage":"sq","@id":"https:\/\/alcedrix.com\/shop\/uro-complex-d-cranberry\/#primaryimage","url":"https:\/\/alcedrix.com\/wp-content\/uploads\/2024\/09\/uro-complex_d_kartonik_en_0003_0001_1.png","contentUrl":"https:\/\/alcedrix.com\/wp-content\/uploads\/2024\/09\/uro-complex_d_kartonik_en_0003_0001_1.png","width":700,"height":700},{"@type":"BreadcrumbList","@id":"https:\/\/alcedrix.com\/shop\/uro-complex-d-cranberry\/#breadcrumb","itemListElement":[{"@type":"ListItem","position":1,"name":"Home","item":"https:\/\/alcedrix.com\/"},{"@type":"ListItem","position":2,"name":"Shop","item":"https:\/\/alcedrix.com\/shop\/"},{"@type":"ListItem","position":3,"name":"Uro complex D cranberry"}]},{"@type":"WebSite","@id":"http:\/\/alcedrix.com\/#website","url":"http:\/\/alcedrix.com\/","name":"Alcedrix","description":"Alcedrix","publisher":{"@id":"http:\/\/alcedrix.com\/#organization"},"potentialAction":[{"@type":"SearchAction","target":{"@type":"EntryPoint","urlTemplate":"http:\/\/alcedrix.com\/?s={search_term_string}"},"query-input":{"@type":"PropertyValueSpecification","valueRequired":true,"valueName":"search_term_string"}}],"inLanguage":"sq"},{"@type":"Organization","@id":"http:\/\/alcedrix.com\/#organization","name":"Alcedrix","url":"http:\/\/alcedrix.com\/","logo":{"@type":"ImageObject","inLanguage":"sq","@id":"http:\/\/alcedrix.com\/#\/schema\/logo\/image\/","url":"http:\/\/3.126.27.25\/wp-content\/uploads\/2023\/08\/logo-web.png","contentUrl":"http:\/\/3.126.27.25\/wp-content\/uploads\/2023\/08\/logo-web.png","width":492,"height":93,"caption":"Alcedrix"},"image":{"@id":"http:\/\/alcedrix.com\/#\/schema\/logo\/image\/"},"sameAs":["https:\/\/www.facebook.com\/alcedrix","https:\/\/www.instagram.com\/alcedrix"]}]}},"_links":{"self":[{"href":"https:\/\/alcedrix.com\/sq\/wp-json\/wp\/v2\/product\/9435"}],"collection":[{"href":"https:\/\/alcedrix.com\/sq\/wp-json\/wp\/v2\/product"}],"about":[{"href":"https:\/\/alcedrix.com\/sq\/wp-json\/wp\/v2\/types\/product"}],"version-history":[{"count":1,"href":"https:\/\/alcedrix.com\/sq\/wp-json\/wp\/v2\/product\/9435\/revisions"}],"predecessor-version":[{"id":9468,"href":"https:\/\/alcedrix.com\/sq\/wp-json\/wp\/v2\/product\/9435\/revisions\/9468"}],"wp:featuredmedia":[{"embeddable":true,"href":"https:\/\/alcedrix.com\/sq\/wp-json\/wp\/v2\/media\/9467"}],"wp:attachment":[{"href":"https:\/\/alcedrix.com\/sq\/wp-json\/wp\/v2\/media?parent=9435"}],"wp:term":[{"taxonomy":"product_cat","embeddable":true,"href":"https:\/\/alcedrix.com\/sq\/wp-json\/wp\/v2\/product_cat?post=9435"},{"taxonomy":"product_tag","embeddable":true,"href":"https:\/\/alcedrix.com\/sq\/wp-json\/wp\/v2\/product_tag?post=9435"}],"curies":[{"name":"wp","href":"https:\/\/api.w.org\/{rel}","templated":true}]}}