{"id":9434,"date":"2024-09-03T11:38:45","date_gmt":"2024-09-03T11:38:45","guid":{"rendered":"http:\/\/3.126.27.25\/?post_type=product&#038;p=9434"},"modified":"2024-10-16T09:07:59","modified_gmt":"2024-10-16T09:07:59","slug":"stress-control","status":"publish","type":"product","link":"https:\/\/alcedrix.com\/sq\/shop\/stress-control\/","title":{"rendered":"Stress control"},"content":{"rendered":"<p>STRESS-CONTROL\u00ae wsht\u00eb produkt q\u00eb p\u00ebrmban p\u00ebrzierje adaptogjene \u2013 nj\u00eb kompleks ekstraktesh bimore t\u00eb standardizuara, duke p\u00ebrfshir\u00eb Rhodiola rosea, astragalus kinez, ashwagandha, xhensen siberian me veti adaptogjene \u2013 duke mb\u00ebshtetur trupin n\u00eb p\u00ebrshtatjen me jet\u00ebn n\u00eb stresin e p\u00ebrditsh\u00ebm, t\u00eb pasuruar me L-theanine, acid pantotenik, si dhe magnez dhe vitamin\u00eb B6, t\u00eb cilat ndihmojn\u00eb n\u00eb funksionimin e duhur t\u00eb sistemit nervor.<\/p>\n<p>&nbsp;<\/p>\n<p>Stresi \u00ebsht\u00eb mekanizmi natyror mbrojt\u00ebs i trupit. Funksionon shk\u00eblqyesh\u00ebm n\u00eb situata k\u00ebrc\u00ebnimesh t\u00eb papritura, at\u00ebher\u00eb kur \u00ebsht\u00eb e nevojshme nj\u00eb p\u00ebrgjigje e shpejt\u00eb ndaj stimujve (stresuesve). Kur zgjat shum\u00eb, mund t\u00eb shkaktoj\u00eb simptoma negative. Kur ajo nxitet nga sfidat e jet\u00ebs s\u00eb p\u00ebrditshme dhe trupi yn\u00eb punon p\u00ebrtej aft\u00ebsive t\u00eb tij, pa pasur koh\u00eb p\u00ebr t&#8217;u rigjeneruar, ne ndihemi t\u00eb shqet\u00ebsuar dhe t\u00eb stresuar, nervoz dhe t\u00eb lodhur vazhdimisht.<\/p>\n<p>&nbsp;<\/p>\n<p>N\u00eb dit\u00ebt e sotme, ne nuk jemi n\u00eb gjendje t\u00eb shmangim stresin, por mund t\u00eb m\u00ebsojm\u00eb se si ta p\u00ebrballojm\u00eb n\u00eb m\u00ebnyr\u00eb efektive dhe t\u00eb kontrollojm\u00eb simptomat e tij. Natyra na vjen n\u00eb ndihm\u00eb duke ofruar bar\u00ebra q\u00eb leht\u00ebsojn\u00eb p\u00ebrshtatjen e trupit me jet\u00ebn n\u00eb kushte t\u00eb pafavorshme, ku p\u00ebrfshihet edhe stresi.<\/p>\n<p>&nbsp;<\/p>\n<p>Hulumtimet shkencore kan\u00eb v\u00ebrtetuar se:<\/p>\n<p>&nbsp;<\/p>\n<ul>\n<li>Ekstrakti i Rhodiola rosea L. ka veti adaptogjene, rrit efikasitetin e organizmit, ka nj\u00eb efekt t\u00eb dobish\u00ebm n\u00eb aft\u00ebsin\u00eb fizike dhe mendore, rrit rezistenc\u00ebn ndaj stresit fizik dhe mendor, stimulon sistemin nervor, zvog\u00eblon ndjenj\u00ebn e lodhjes;<\/li>\n<li>Astragalusi kinez (Astragalus membranaceus L.) kontribuon n\u00eb rritjen e aft\u00ebsis\u00eb adaptive t\u00eb trupit, stimulon sistemin imunitar duke mb\u00ebshtetur mekanizmat natyror\u00eb t\u00eb mbrojtjes, rrit rezistenc\u00ebn natyrore t\u00eb trupit ndaj faktor\u00ebve t\u00eb jasht\u00ebm t\u00eb d\u00ebmsh\u00ebm;<\/li>\n<li>Ashwaganda (\u00cbithania somnifera L.) ka nj\u00eb efekt adaptogjen, rrit rezistenc\u00ebn e trupit ndaj stresit, ndihmon n\u00eb ruajtjen e ekuilibrit emocional, mb\u00ebshtet kujtes\u00ebn dhe p\u00ebrqendrimin, mb\u00ebshtet aft\u00ebsit\u00eb mendore dhe fizike n\u00eb kushtet e dob\u00ebsis\u00eb, rraskapitjes dhe lodhjes.<\/li>\n<li>Xhenseni siberian (Eleutherococcus senticosus Maxim.) ka veti adaptogjene, ndihmon n\u00eb arritjen e aktivitetit mendor optimal, mb\u00ebshtet aft\u00ebsit\u00eb fizike dhe mendore n\u00eb rastet e dob\u00ebsis\u00eb dhe lodhjes.<\/li>\n<li>Rr\u00ebnja maka (Lepidium meyenii \u00cbalp.) nxit energjin\u00eb dhe vitalitetin, rrit performanc\u00ebn fizike dhe mendore<\/li>\n<li>magnezi ndihmon n\u00eb ruajtjen e funksioneve normale psikologjike dhe funksionimin e duhur t\u00eb sistemit nervor dhe ndihmon n\u00eb uljen e ndjenj\u00ebs s\u00eb lodhjes dhe lodhjes<\/li>\n<li>Acidi pantotenik ndihmon n\u00eb ruajtjen e performanc\u00ebs mendore n\u00eb nivelin e duhur, kontribuon n\u00eb sintez\u00ebn korrekte t\u00eb disa neurotransmetuesve dhe redukton ndjenj\u00ebn e lodhjes dhe lodhjes.<\/li>\n<li>Vitamina B6 ndihmon n\u00eb funksionimin e duhur t\u00eb sistemit nervor dhe ruajtjen e funksioneve normale psikologjike, ndihmon n\u00eb uljen e ndjenj\u00ebs s\u00eb lodhjes dhe lodhjes.<\/li>\n<\/ul>\n<p>&nbsp;<\/p>\n<p>Produkt i destinuar dhe rekomanduar kryesisht p\u00ebr njer\u00ebzit e ekspozuar ndaj stresit t\u00eb jet\u00ebs s\u00eb p\u00ebrditshme.<\/p>\n<p>&nbsp;<\/p>\n<p>Doza e rekomanduar ditore: 1 kapsul\u00eb nj\u00eb her\u00eb n\u00eb dit\u00eb ose ndryshe pas konsultimit me mjekun.<\/p>","protected":false},"excerpt":{"rendered":"<p>STRESI N\u00cbN KONTROLL.<\/p>","protected":false},"featured_media":9466,"template":"","meta":[],"product_cat":[106,96,104],"product_tag":[],"class_list":{"0":"post-9434","1":"product","2":"type-product","3":"status-publish","4":"has-post-thumbnail","6":"product_cat-mireqenie-mendore-dhe-fizike","7":"product_cat-olimp","8":"product_cat-shtese-ushqimore","10":"first","11":"instock","12":"taxable","13":"shipping-taxable","14":"purchasable","15":"product-type-simple"},"yoast_head":"<!-- This site is optimized with the Yoast SEO plugin v23.6 - https:\/\/yoast.com\/wordpress\/plugins\/seo\/ -->\n<title>Stress control - Alcedrix<\/title>\n<meta name=\"robots\" content=\"index, follow, max-snippet:-1, max-image-preview:large, max-video-preview:-1\" \/>\n<link rel=\"canonical\" href=\"https:\/\/alcedrix.com\/sq\/shop\/stress-control\/\" \/>\n<meta property=\"og:locale\" content=\"sq_AL\" \/>\n<meta property=\"og:type\" content=\"article\" \/>\n<meta property=\"og:title\" content=\"Stress control - Alcedrix\" \/>\n<meta property=\"og:description\" content=\"STRESI N\u00cbN KONTROLL.\" \/>\n<meta property=\"og:url\" content=\"https:\/\/alcedrix.com\/sq\/shop\/stress-control\/\" \/>\n<meta property=\"og:site_name\" content=\"Alcedrix\" \/>\n<meta property=\"article:publisher\" content=\"https:\/\/www.facebook.com\/alcedrix\" \/>\n<meta property=\"article:modified_time\" content=\"2024-10-16T09:07:59+00:00\" \/>\n<meta property=\"og:image\" content=\"https:\/\/alcedrix.com\/wp-content\/uploads\/2024\/09\/Stress_Control.png\" \/>\n\t<meta property=\"og:image:width\" content=\"2000\" \/>\n\t<meta property=\"og:image:height\" content=\"2000\" \/>\n\t<meta property=\"og:image:type\" content=\"image\/png\" \/>\n<meta name=\"twitter:card\" content=\"summary_large_image\" \/>\n<meta name=\"twitter:label1\" content=\"Est. reading time\" \/>\n\t<meta name=\"twitter:data1\" content=\"3 minuta\" \/>\n<script type=\"application\/ld+json\" class=\"yoast-schema-graph\">{\"@context\":\"https:\/\/schema.org\",\"@graph\":[{\"@type\":\"WebPage\",\"@id\":\"https:\/\/alcedrix.com\/sq\/shop\/stress-control\/\",\"url\":\"https:\/\/alcedrix.com\/sq\/shop\/stress-control\/\",\"name\":\"Stress control - Alcedrix\",\"isPartOf\":{\"@id\":\"http:\/\/alcedrix.com\/#website\"},\"primaryImageOfPage\":{\"@id\":\"https:\/\/alcedrix.com\/sq\/shop\/stress-control\/#primaryimage\"},\"image\":{\"@id\":\"https:\/\/alcedrix.com\/sq\/shop\/stress-control\/#primaryimage\"},\"thumbnailUrl\":\"https:\/\/alcedrix.com\/wp-content\/uploads\/2024\/09\/Stress_Control.png\",\"datePublished\":\"2024-09-03T11:38:45+00:00\",\"dateModified\":\"2024-10-16T09:07:59+00:00\",\"breadcrumb\":{\"@id\":\"https:\/\/alcedrix.com\/sq\/shop\/stress-control\/#breadcrumb\"},\"inLanguage\":\"sq\",\"potentialAction\":[{\"@type\":\"ReadAction\",\"target\":[\"https:\/\/alcedrix.com\/sq\/shop\/stress-control\/\"]}]},{\"@type\":\"ImageObject\",\"inLanguage\":\"sq\",\"@id\":\"https:\/\/alcedrix.com\/sq\/shop\/stress-control\/#primaryimage\",\"url\":\"https:\/\/alcedrix.com\/wp-content\/uploads\/2024\/09\/Stress_Control.png\",\"contentUrl\":\"https:\/\/alcedrix.com\/wp-content\/uploads\/2024\/09\/Stress_Control.png\",\"width\":2000,\"height\":2000},{\"@type\":\"BreadcrumbList\",\"@id\":\"https:\/\/alcedrix.com\/sq\/shop\/stress-control\/#breadcrumb\",\"itemListElement\":[{\"@type\":\"ListItem\",\"position\":1,\"name\":\"Home\",\"item\":\"http:\/\/alcedrix.com\/\"},{\"@type\":\"ListItem\",\"position\":2,\"name\":\"Shop\",\"item\":\"https:\/\/alcedrix.com\/shop\/\"},{\"@type\":\"ListItem\",\"position\":3,\"name\":\"Stress control\"}]},{\"@type\":\"WebSite\",\"@id\":\"http:\/\/alcedrix.com\/#website\",\"url\":\"http:\/\/alcedrix.com\/\",\"name\":\"Alcedrix\",\"description\":\"Alcedrix\",\"publisher\":{\"@id\":\"http:\/\/alcedrix.com\/#organization\"},\"potentialAction\":[{\"@type\":\"SearchAction\",\"target\":{\"@type\":\"EntryPoint\",\"urlTemplate\":\"http:\/\/alcedrix.com\/?s={search_term_string}\"},\"query-input\":{\"@type\":\"PropertyValueSpecification\",\"valueRequired\":true,\"valueName\":\"search_term_string\"}}],\"inLanguage\":\"sq\"},{\"@type\":\"Organization\",\"@id\":\"http:\/\/alcedrix.com\/#organization\",\"name\":\"Alcedrix\",\"url\":\"http:\/\/alcedrix.com\/\",\"logo\":{\"@type\":\"ImageObject\",\"inLanguage\":\"sq\",\"@id\":\"http:\/\/alcedrix.com\/#\/schema\/logo\/image\/\",\"url\":\"http:\/\/3.126.27.25\/wp-content\/uploads\/2023\/08\/logo-web.png\",\"contentUrl\":\"http:\/\/3.126.27.25\/wp-content\/uploads\/2023\/08\/logo-web.png\",\"width\":492,\"height\":93,\"caption\":\"Alcedrix\"},\"image\":{\"@id\":\"http:\/\/alcedrix.com\/#\/schema\/logo\/image\/\"},\"sameAs\":[\"https:\/\/www.facebook.com\/alcedrix\",\"https:\/\/www.instagram.com\/alcedrix\"]}]}<\/script>\n<!-- \/ Yoast SEO plugin. -->","yoast_head_json":{"title":"Stress control - Alcedrix","robots":{"index":"index","follow":"follow","max-snippet":"max-snippet:-1","max-image-preview":"max-image-preview:large","max-video-preview":"max-video-preview:-1"},"canonical":"https:\/\/alcedrix.com\/sq\/shop\/stress-control\/","og_locale":"sq_AL","og_type":"article","og_title":"Stress control - Alcedrix","og_description":"STRESI N\u00cbN KONTROLL.","og_url":"https:\/\/alcedrix.com\/sq\/shop\/stress-control\/","og_site_name":"Alcedrix","article_publisher":"https:\/\/www.facebook.com\/alcedrix","article_modified_time":"2024-10-16T09:07:59+00:00","og_image":[{"width":2000,"height":2000,"url":"https:\/\/alcedrix.com\/wp-content\/uploads\/2024\/09\/Stress_Control.png","type":"image\/png"}],"twitter_card":"summary_large_image","twitter_misc":{"Est. reading time":"3 minuta"},"schema":{"@context":"https:\/\/schema.org","@graph":[{"@type":"WebPage","@id":"https:\/\/alcedrix.com\/sq\/shop\/stress-control\/","url":"https:\/\/alcedrix.com\/sq\/shop\/stress-control\/","name":"Stress control - Alcedrix","isPartOf":{"@id":"http:\/\/alcedrix.com\/#website"},"primaryImageOfPage":{"@id":"https:\/\/alcedrix.com\/sq\/shop\/stress-control\/#primaryimage"},"image":{"@id":"https:\/\/alcedrix.com\/sq\/shop\/stress-control\/#primaryimage"},"thumbnailUrl":"https:\/\/alcedrix.com\/wp-content\/uploads\/2024\/09\/Stress_Control.png","datePublished":"2024-09-03T11:38:45+00:00","dateModified":"2024-10-16T09:07:59+00:00","breadcrumb":{"@id":"https:\/\/alcedrix.com\/sq\/shop\/stress-control\/#breadcrumb"},"inLanguage":"sq","potentialAction":[{"@type":"ReadAction","target":["https:\/\/alcedrix.com\/sq\/shop\/stress-control\/"]}]},{"@type":"ImageObject","inLanguage":"sq","@id":"https:\/\/alcedrix.com\/sq\/shop\/stress-control\/#primaryimage","url":"https:\/\/alcedrix.com\/wp-content\/uploads\/2024\/09\/Stress_Control.png","contentUrl":"https:\/\/alcedrix.com\/wp-content\/uploads\/2024\/09\/Stress_Control.png","width":2000,"height":2000},{"@type":"BreadcrumbList","@id":"https:\/\/alcedrix.com\/sq\/shop\/stress-control\/#breadcrumb","itemListElement":[{"@type":"ListItem","position":1,"name":"Home","item":"http:\/\/alcedrix.com\/"},{"@type":"ListItem","position":2,"name":"Shop","item":"https:\/\/alcedrix.com\/shop\/"},{"@type":"ListItem","position":3,"name":"Stress control"}]},{"@type":"WebSite","@id":"http:\/\/alcedrix.com\/#website","url":"http:\/\/alcedrix.com\/","name":"Alcedrix","description":"Alcedrix","publisher":{"@id":"http:\/\/alcedrix.com\/#organization"},"potentialAction":[{"@type":"SearchAction","target":{"@type":"EntryPoint","urlTemplate":"http:\/\/alcedrix.com\/?s={search_term_string}"},"query-input":{"@type":"PropertyValueSpecification","valueRequired":true,"valueName":"search_term_string"}}],"inLanguage":"sq"},{"@type":"Organization","@id":"http:\/\/alcedrix.com\/#organization","name":"Alcedrix","url":"http:\/\/alcedrix.com\/","logo":{"@type":"ImageObject","inLanguage":"sq","@id":"http:\/\/alcedrix.com\/#\/schema\/logo\/image\/","url":"http:\/\/3.126.27.25\/wp-content\/uploads\/2023\/08\/logo-web.png","contentUrl":"http:\/\/3.126.27.25\/wp-content\/uploads\/2023\/08\/logo-web.png","width":492,"height":93,"caption":"Alcedrix"},"image":{"@id":"http:\/\/alcedrix.com\/#\/schema\/logo\/image\/"},"sameAs":["https:\/\/www.facebook.com\/alcedrix","https:\/\/www.instagram.com\/alcedrix"]}]}},"_links":{"self":[{"href":"https:\/\/alcedrix.com\/sq\/wp-json\/wp\/v2\/product\/9434"}],"collection":[{"href":"https:\/\/alcedrix.com\/sq\/wp-json\/wp\/v2\/product"}],"about":[{"href":"https:\/\/alcedrix.com\/sq\/wp-json\/wp\/v2\/types\/product"}],"version-history":[{"count":1,"href":"https:\/\/alcedrix.com\/sq\/wp-json\/wp\/v2\/product\/9434\/revisions"}],"predecessor-version":[{"id":9465,"href":"https:\/\/alcedrix.com\/sq\/wp-json\/wp\/v2\/product\/9434\/revisions\/9465"}],"wp:featuredmedia":[{"embeddable":true,"href":"https:\/\/alcedrix.com\/sq\/wp-json\/wp\/v2\/media\/9466"}],"wp:attachment":[{"href":"https:\/\/alcedrix.com\/sq\/wp-json\/wp\/v2\/media?parent=9434"}],"wp:term":[{"taxonomy":"product_cat","embeddable":true,"href":"https:\/\/alcedrix.com\/sq\/wp-json\/wp\/v2\/product_cat?post=9434"},{"taxonomy":"product_tag","embeddable":true,"href":"https:\/\/alcedrix.com\/sq\/wp-json\/wp\/v2\/product_tag?post=9434"}],"curies":[{"name":"wp","href":"https:\/\/api.w.org\/{rel}","templated":true}]}}