{"id":9433,"date":"2024-09-03T11:38:33","date_gmt":"2024-09-03T11:38:33","guid":{"rendered":"http:\/\/3.126.27.25\/?post_type=product&#038;p=9433"},"modified":"2024-10-16T09:04:28","modified_gmt":"2024-10-16T09:04:28","slug":"selen-110%c2%b5g","status":"publish","type":"product","link":"https:\/\/alcedrix.com\/sq\/shop\/selen-110%c2%b5g\/","title":{"rendered":"Selen 110\u00b5g"},"content":{"rendered":"<p>Seleni 110 \u00b5g \u00ebsht\u00eb shtes\u00eb ushqimore n\u00eb form\u00ebn e tabletave q\u00eb ofron nj\u00eb form\u00eb organike shum\u00eb t\u00eb absorbueshme t\u00eb selenit \u2013 element q\u00eb luan nj\u00eb rol t\u00eb r\u00ebnd\u00ebsish\u00ebm n\u00eb shum\u00eb procese biologjike q\u00eb ndodhin n\u00eb trup.<\/p>\n<p>&nbsp;<\/p>\n<p>Hulumtimet shkencore kan\u00eb v\u00ebrtetuar se seleni:<\/p>\n<p>&nbsp;<\/p>\n<ul>\n<li>si p\u00ebrb\u00ebr\u00ebs i enzimave oksido reduktuese dhe citokromit, merr pjes\u00eb n\u00eb shum\u00eb procese biologjike t\u00eb qeliz\u00ebs,<\/li>\n<li>ndihmon n\u00eb mbrojtjen e qelizave nga stresi oksidativ, i cili ka nj\u00eb efekt shkat\u00ebrrues n\u00eb qeliza dhe inde,<\/li>\n<li>ndihmon n\u00eb funksionimin e duhur t\u00eb sistemit imunitar dhe gj\u00ebndr\u00ebs tiroide,<\/li>\n<li>ndihmon n\u00eb ruajtjen e flok\u00ebve dhe thonjve t\u00eb sh\u00ebndetsh\u00ebm,<\/li>\n<li>kontribuon n\u00eb lwvizshmwrinw adekuate t\u00eb spermatogjenez\u00ebs, nd\u00ebr t\u00eb tjera duke ndikuar n\u00eb ruajtjen e l\u00ebvizshm\u00ebris\u00eb s\u00eb duhur t\u00eb sperm\u00ebs.<\/li>\n<\/ul>\n<p>&nbsp;<\/p>\n<p>Produk i destinuar p\u00ebr p\u00ebrdorim tek t\u00eb gjith\u00eb personat q\u00eb kan\u00eb nevoj\u00eb p\u00ebr mir\u00ebmbajtje t\u00eb niveleve t\u00eb selenit..<\/p>\n<p>&nbsp;<\/p>\n<p>Doza e rekomanduar ditore: 1 tablet\u00eb pas shujt\u00ebs.<\/p>","protected":false},"excerpt":{"rendered":"<p>L-SELENOMETHIONINE me dispuneshm\u00ebri t\u00eb lart\u00eb.<\/p>","protected":false},"featured_media":9464,"template":"","meta":[],"product_cat":[106,96,104],"product_tag":[],"class_list":{"0":"post-9433","1":"product","2":"type-product","3":"status-publish","4":"has-post-thumbnail","6":"product_cat-mireqenie-mendore-dhe-fizike","7":"product_cat-olimp","8":"product_cat-shtese-ushqimore","10":"first","11":"instock","12":"taxable","13":"shipping-taxable","14":"purchasable","15":"product-type-simple"},"yoast_head":"<!-- This site is optimized with the Yoast SEO plugin v23.6 - https:\/\/yoast.com\/wordpress\/plugins\/seo\/ -->\n<title>Selen 110\u00b5g - Alcedrix<\/title>\n<meta name=\"robots\" content=\"index, follow, max-snippet:-1, max-image-preview:large, max-video-preview:-1\" \/>\n<link rel=\"canonical\" href=\"http:\/\/alcedrix.com\/sq\/shop\/selen-110\u00b5g\/\" \/>\n<meta property=\"og:locale\" content=\"sq_AL\" \/>\n<meta property=\"og:type\" content=\"article\" \/>\n<meta property=\"og:title\" content=\"Selen 110\u00b5g - Alcedrix\" \/>\n<meta property=\"og:description\" content=\"L-SELENOMETHIONINE me dispuneshm\u00ebri t\u00eb lart\u00eb.\" \/>\n<meta property=\"og:url\" content=\"http:\/\/alcedrix.com\/sq\/shop\/selen-110\u00b5g\/\" \/>\n<meta property=\"og:site_name\" content=\"Alcedrix\" \/>\n<meta property=\"article:publisher\" content=\"https:\/\/www.facebook.com\/alcedrix\" \/>\n<meta property=\"article:modified_time\" content=\"2024-10-16T09:04:28+00:00\" \/>\n<meta property=\"og:image\" content=\"http:\/\/alcedrix.com\/wp-content\/uploads\/2024\/09\/selenium.png\" \/>\n\t<meta property=\"og:image:width\" content=\"700\" \/>\n\t<meta property=\"og:image:height\" content=\"700\" \/>\n\t<meta property=\"og:image:type\" content=\"image\/png\" \/>\n<meta name=\"twitter:card\" content=\"summary_large_image\" \/>\n<meta name=\"twitter:label1\" content=\"Est. reading time\" \/>\n\t<meta name=\"twitter:data1\" content=\"1 minut\u00eb\" \/>\n<script type=\"application\/ld+json\" class=\"yoast-schema-graph\">{\"@context\":\"https:\/\/schema.org\",\"@graph\":[{\"@type\":\"WebPage\",\"@id\":\"http:\/\/alcedrix.com\/shop\/selen-110%c2%b5g\/\",\"url\":\"http:\/\/alcedrix.com\/shop\/selen-110%c2%b5g\/\",\"name\":\"Selen 110\u00b5g - Alcedrix\",\"isPartOf\":{\"@id\":\"http:\/\/alcedrix.com\/#website\"},\"primaryImageOfPage\":{\"@id\":\"http:\/\/alcedrix.com\/shop\/selen-110%c2%b5g\/#primaryimage\"},\"image\":{\"@id\":\"http:\/\/alcedrix.com\/shop\/selen-110%c2%b5g\/#primaryimage\"},\"thumbnailUrl\":\"https:\/\/alcedrix.com\/wp-content\/uploads\/2024\/09\/selenium.png\",\"datePublished\":\"2024-09-03T11:38:33+00:00\",\"dateModified\":\"2024-10-16T09:04:28+00:00\",\"breadcrumb\":{\"@id\":\"http:\/\/alcedrix.com\/shop\/selen-110%c2%b5g\/#breadcrumb\"},\"inLanguage\":\"sq\",\"potentialAction\":[{\"@type\":\"ReadAction\",\"target\":[\"http:\/\/alcedrix.com\/shop\/selen-110%c2%b5g\/\"]}]},{\"@type\":\"ImageObject\",\"inLanguage\":\"sq\",\"@id\":\"http:\/\/alcedrix.com\/shop\/selen-110%c2%b5g\/#primaryimage\",\"url\":\"https:\/\/alcedrix.com\/wp-content\/uploads\/2024\/09\/selenium.png\",\"contentUrl\":\"https:\/\/alcedrix.com\/wp-content\/uploads\/2024\/09\/selenium.png\",\"width\":700,\"height\":700},{\"@type\":\"BreadcrumbList\",\"@id\":\"http:\/\/alcedrix.com\/shop\/selen-110%c2%b5g\/#breadcrumb\",\"itemListElement\":[{\"@type\":\"ListItem\",\"position\":1,\"name\":\"Home\",\"item\":\"http:\/\/alcedrix.com\/\"},{\"@type\":\"ListItem\",\"position\":2,\"name\":\"Shop\",\"item\":\"https:\/\/alcedrix.com\/shop\/\"},{\"@type\":\"ListItem\",\"position\":3,\"name\":\"Selen 110\u00b5g\"}]},{\"@type\":\"WebSite\",\"@id\":\"http:\/\/alcedrix.com\/#website\",\"url\":\"http:\/\/alcedrix.com\/\",\"name\":\"Alcedrix\",\"description\":\"Alcedrix\",\"publisher\":{\"@id\":\"http:\/\/alcedrix.com\/#organization\"},\"potentialAction\":[{\"@type\":\"SearchAction\",\"target\":{\"@type\":\"EntryPoint\",\"urlTemplate\":\"http:\/\/alcedrix.com\/?s={search_term_string}\"},\"query-input\":{\"@type\":\"PropertyValueSpecification\",\"valueRequired\":true,\"valueName\":\"search_term_string\"}}],\"inLanguage\":\"sq\"},{\"@type\":\"Organization\",\"@id\":\"http:\/\/alcedrix.com\/#organization\",\"name\":\"Alcedrix\",\"url\":\"http:\/\/alcedrix.com\/\",\"logo\":{\"@type\":\"ImageObject\",\"inLanguage\":\"sq\",\"@id\":\"http:\/\/alcedrix.com\/#\/schema\/logo\/image\/\",\"url\":\"http:\/\/3.126.27.25\/wp-content\/uploads\/2023\/08\/logo-web.png\",\"contentUrl\":\"http:\/\/3.126.27.25\/wp-content\/uploads\/2023\/08\/logo-web.png\",\"width\":492,\"height\":93,\"caption\":\"Alcedrix\"},\"image\":{\"@id\":\"http:\/\/alcedrix.com\/#\/schema\/logo\/image\/\"},\"sameAs\":[\"https:\/\/www.facebook.com\/alcedrix\",\"https:\/\/www.instagram.com\/alcedrix\"]}]}<\/script>\n<!-- \/ Yoast SEO plugin. -->","yoast_head_json":{"title":"Selen 110\u00b5g - Alcedrix","robots":{"index":"index","follow":"follow","max-snippet":"max-snippet:-1","max-image-preview":"max-image-preview:large","max-video-preview":"max-video-preview:-1"},"canonical":"http:\/\/alcedrix.com\/sq\/shop\/selen-110\u00b5g\/","og_locale":"sq_AL","og_type":"article","og_title":"Selen 110\u00b5g - Alcedrix","og_description":"L-SELENOMETHIONINE me dispuneshm\u00ebri t\u00eb lart\u00eb.","og_url":"http:\/\/alcedrix.com\/sq\/shop\/selen-110\u00b5g\/","og_site_name":"Alcedrix","article_publisher":"https:\/\/www.facebook.com\/alcedrix","article_modified_time":"2024-10-16T09:04:28+00:00","og_image":[{"width":700,"height":700,"url":"http:\/\/alcedrix.com\/wp-content\/uploads\/2024\/09\/selenium.png","type":"image\/png"}],"twitter_card":"summary_large_image","twitter_misc":{"Est. reading time":"1 minut\u00eb"},"schema":{"@context":"https:\/\/schema.org","@graph":[{"@type":"WebPage","@id":"http:\/\/alcedrix.com\/shop\/selen-110%c2%b5g\/","url":"http:\/\/alcedrix.com\/shop\/selen-110%c2%b5g\/","name":"Selen 110\u00b5g - Alcedrix","isPartOf":{"@id":"http:\/\/alcedrix.com\/#website"},"primaryImageOfPage":{"@id":"http:\/\/alcedrix.com\/shop\/selen-110%c2%b5g\/#primaryimage"},"image":{"@id":"http:\/\/alcedrix.com\/shop\/selen-110%c2%b5g\/#primaryimage"},"thumbnailUrl":"https:\/\/alcedrix.com\/wp-content\/uploads\/2024\/09\/selenium.png","datePublished":"2024-09-03T11:38:33+00:00","dateModified":"2024-10-16T09:04:28+00:00","breadcrumb":{"@id":"http:\/\/alcedrix.com\/shop\/selen-110%c2%b5g\/#breadcrumb"},"inLanguage":"sq","potentialAction":[{"@type":"ReadAction","target":["http:\/\/alcedrix.com\/shop\/selen-110%c2%b5g\/"]}]},{"@type":"ImageObject","inLanguage":"sq","@id":"http:\/\/alcedrix.com\/shop\/selen-110%c2%b5g\/#primaryimage","url":"https:\/\/alcedrix.com\/wp-content\/uploads\/2024\/09\/selenium.png","contentUrl":"https:\/\/alcedrix.com\/wp-content\/uploads\/2024\/09\/selenium.png","width":700,"height":700},{"@type":"BreadcrumbList","@id":"http:\/\/alcedrix.com\/shop\/selen-110%c2%b5g\/#breadcrumb","itemListElement":[{"@type":"ListItem","position":1,"name":"Home","item":"http:\/\/alcedrix.com\/"},{"@type":"ListItem","position":2,"name":"Shop","item":"https:\/\/alcedrix.com\/shop\/"},{"@type":"ListItem","position":3,"name":"Selen 110\u00b5g"}]},{"@type":"WebSite","@id":"http:\/\/alcedrix.com\/#website","url":"http:\/\/alcedrix.com\/","name":"Alcedrix","description":"Alcedrix","publisher":{"@id":"http:\/\/alcedrix.com\/#organization"},"potentialAction":[{"@type":"SearchAction","target":{"@type":"EntryPoint","urlTemplate":"http:\/\/alcedrix.com\/?s={search_term_string}"},"query-input":{"@type":"PropertyValueSpecification","valueRequired":true,"valueName":"search_term_string"}}],"inLanguage":"sq"},{"@type":"Organization","@id":"http:\/\/alcedrix.com\/#organization","name":"Alcedrix","url":"http:\/\/alcedrix.com\/","logo":{"@type":"ImageObject","inLanguage":"sq","@id":"http:\/\/alcedrix.com\/#\/schema\/logo\/image\/","url":"http:\/\/3.126.27.25\/wp-content\/uploads\/2023\/08\/logo-web.png","contentUrl":"http:\/\/3.126.27.25\/wp-content\/uploads\/2023\/08\/logo-web.png","width":492,"height":93,"caption":"Alcedrix"},"image":{"@id":"http:\/\/alcedrix.com\/#\/schema\/logo\/image\/"},"sameAs":["https:\/\/www.facebook.com\/alcedrix","https:\/\/www.instagram.com\/alcedrix"]}]}},"_links":{"self":[{"href":"https:\/\/alcedrix.com\/sq\/wp-json\/wp\/v2\/product\/9433"}],"collection":[{"href":"https:\/\/alcedrix.com\/sq\/wp-json\/wp\/v2\/product"}],"about":[{"href":"https:\/\/alcedrix.com\/sq\/wp-json\/wp\/v2\/types\/product"}],"version-history":[{"count":1,"href":"https:\/\/alcedrix.com\/sq\/wp-json\/wp\/v2\/product\/9433\/revisions"}],"predecessor-version":[{"id":9463,"href":"https:\/\/alcedrix.com\/sq\/wp-json\/wp\/v2\/product\/9433\/revisions\/9463"}],"wp:featuredmedia":[{"embeddable":true,"href":"https:\/\/alcedrix.com\/sq\/wp-json\/wp\/v2\/media\/9464"}],"wp:attachment":[{"href":"https:\/\/alcedrix.com\/sq\/wp-json\/wp\/v2\/media?parent=9433"}],"wp:term":[{"taxonomy":"product_cat","embeddable":true,"href":"https:\/\/alcedrix.com\/sq\/wp-json\/wp\/v2\/product_cat?post=9433"},{"taxonomy":"product_tag","embeddable":true,"href":"https:\/\/alcedrix.com\/sq\/wp-json\/wp\/v2\/product_tag?post=9433"}],"curies":[{"name":"wp","href":"https:\/\/api.w.org\/{rel}","templated":true}]}}