{"id":9432,"date":"2024-09-03T11:38:25","date_gmt":"2024-09-03T11:38:25","guid":{"rendered":"http:\/\/3.126.27.25\/?post_type=product&#038;p=9432"},"modified":"2024-11-04T13:17:14","modified_gmt":"2024-11-04T13:17:14","slug":"okeefees-lip-repair-qershi-4-2g","status":"publish","type":"product","link":"https:\/\/alcedrix.com\/sq\/shop\/okeefees-lip-repair-qershi-4-2g\/","title":{"rendered":"O`KEEFEE`S LIP REPAIR QERSHI 4.2g"},"content":{"rendered":"<p>Buz\u00ebt e thata dhe t\u00eb \u00e7ara jan\u00eb irrituese, shum\u00eb e zakonshme q\u00eb e p\u00ebrjetojn\u00eb shum\u00eb njer\u00ebz. Ato mund t\u00eb ndikojn\u00eb n\u00eb jet\u00ebn ton\u00eb personale, jav\u00ebn ton\u00eb t\u00eb pun\u00ebs, madje edhe gjumin ton\u00eb.<\/p>\n<p>Formula jon\u00eb shum\u00eb efektive leht\u00ebson, ndihmon n\u00eb riparimin dhe hidraton buz\u00ebt e thata p\u00ebr t&#8217;i l\u00ebn\u00eb ato t\u00eb ndjehen t\u00eb buta, t\u00eb l\u00ebmuara dhe t\u00eb sh\u00ebndetshme gjat\u00eb gjith\u00eb dit\u00ebs. Ka arom\u00eb t\u00eb lezetshme t\u00eb qershis\u00eb q\u00eb \u00ebsht\u00eb jasht\u00ebzakonisht e shijshme p\u00ebr buz\u00ebt dhe vitamin\u00eb E q\u00eb sh\u00ebrben vet\u00ebm p\u00ebr t\u00eb rritur vetit\u00eb zbut\u00ebse.<\/p>\n<p>Duke ofruar hidratim t\u00eb q\u00ebndruesh\u00ebm deri n\u00eb 24 or\u00eb, O&#8217;Keeffe&#8217;s Lip Repair Cherry \u00ebsht\u00eb v\u00ebrtetuar klinikisht se funksionon me vet\u00ebm nj\u00eb aplikim. Kjo \u00ebsht\u00eb 100% e sakt- nuk duhet t\u00eb aplikoni dhe riaplikoni gjat\u00eb gjith\u00eb dit\u00ebs, madje I reziton mire edhe kur jeni duke ngr\u00ebn\u00eb apo pir\u00eb!<\/p>\n<p>DETAJET E PRODUKTIT<\/p>\n<p>O\u2019Keeffe\u2019s Lip Repair krijon nj\u00eb mburoj\u00eb fleksibile q\u00eb l\u00ebviz me buz\u00ebt tuaja p\u00ebr t\u2019ju ndihmuar t\u00eb mbani buz\u00ebt e thata dhe t\u00eb plasaritura t\u00eb mbrojtura edhe nga mjediset m\u00eb t\u00eb v\u00ebshtira. Formula e tij me q\u00ebndrueshm\u00ebri afatgjate e b\u00ebn at\u00eb t\u00eb p\u00ebrsosur kur jeni n\u00eb l\u00ebvizje, duke siguruar lag\u00ebshti gjat\u00eb gjith\u00eb dit\u00ebs me vet\u00ebm nj\u00eb aplikim.<\/p>\n<p>Shum\u00eb balsame t\u00eb tjer\u00eb buz\u00ebsh p\u00ebrfshijn\u00eb vet\u00ebm nj\u00eb ose dy lloje p\u00ebrb\u00ebr\u00ebsish hidratues. O\u2019Keeffe\u2019s Lip Repair p\u00ebrmban shtat\u00eb t\u00eb till\u00eb. Jo vet\u00ebm kaq, por ne i p\u00ebrdorim p\u00ebrb\u00ebr\u00ebsit m\u00eb cil\u00ebsor\u00eb me p\u00ebrqendrim shum\u00eb m\u00eb t\u00eb lart\u00eb.<\/p>\n<p>Balsami vjen me vitamin\u00eb E ushqyese, nj\u00eb antioksidant i fuqish\u00ebm i njohur p\u00ebr vetit\u00eb e tij t\u00eb thella kondicionuese, nd\u00ebrsa aroma natyrale e qershis\u00eb ofron arom\u00ebn m\u00eb t\u00eb \u00ebmb\u00ebl t\u00eb frutave.<\/p>\n<p>P\u00ebr rezultate m\u00eb t\u00eb mira, aplikoni O&#8217;Keeffe&#8217;s Lip Cherry Repair n\u00eb buz\u00eb n\u00eb m\u00ebngjes dhe shijoni hidratim dhe mbrojtje qet\u00ebsuese gjat\u00eb gjith\u00eb dit\u00ebs.<\/p>","protected":false},"excerpt":{"rendered":"<p>Balsam p\u00ebr buz\u00ebt jasht\u00ebzakonisht t\u00eb thata dhe t\u00eb plasaritura.<\/p>","protected":false},"featured_media":9452,"template":"","meta":[],"product_cat":[117,118,150],"product_tag":[],"class_list":{"0":"post-9432","1":"product","2":"type-product","3":"status-publish","4":"has-post-thumbnail","6":"product_cat-hidratim","7":"product_cat-kozmetike","8":"product_cat-okeeffes","10":"first","11":"instock","12":"taxable","13":"shipping-taxable","14":"purchasable","15":"product-type-simple"},"yoast_head":"<!-- This site is optimized with the Yoast SEO plugin v23.6 - https:\/\/yoast.com\/wordpress\/plugins\/seo\/ -->\n<title>O`KEEFEE`S LIP REPAIR QERSHI 4.2g - Alcedrix<\/title>\n<meta name=\"robots\" content=\"index, follow, max-snippet:-1, max-image-preview:large, max-video-preview:-1\" \/>\n<link rel=\"canonical\" href=\"https:\/\/alcedrix.com\/sq\/shop\/okeefees-lip-repair-qershi-4-2g\/\" \/>\n<meta property=\"og:locale\" content=\"sq_AL\" \/>\n<meta property=\"og:type\" content=\"article\" \/>\n<meta property=\"og:title\" content=\"O`KEEFEE`S LIP REPAIR QERSHI 4.2g - Alcedrix\" \/>\n<meta property=\"og:description\" content=\"Balsam p\u00ebr buz\u00ebt jasht\u00ebzakonisht t\u00eb thata dhe t\u00eb plasaritura.\" \/>\n<meta property=\"og:url\" content=\"https:\/\/alcedrix.com\/sq\/shop\/okeefees-lip-repair-qershi-4-2g\/\" \/>\n<meta property=\"og:site_name\" content=\"Alcedrix\" \/>\n<meta property=\"article:publisher\" content=\"https:\/\/www.facebook.com\/alcedrix\" \/>\n<meta property=\"article:modified_time\" content=\"2024-11-04T13:17:14+00:00\" \/>\n<meta property=\"og:image\" content=\"https:\/\/alcedrix.com\/wp-content\/uploads\/2024\/09\/lip-repair-cherry-group.png\" \/>\n\t<meta property=\"og:image:width\" content=\"1300\" \/>\n\t<meta property=\"og:image:height\" content=\"1300\" \/>\n\t<meta property=\"og:image:type\" content=\"image\/png\" \/>\n<meta name=\"twitter:card\" content=\"summary_large_image\" \/>\n<meta name=\"twitter:label1\" content=\"Est. reading time\" \/>\n\t<meta name=\"twitter:data1\" content=\"2 minuta\" \/>\n<script type=\"application\/ld+json\" class=\"yoast-schema-graph\">{\"@context\":\"https:\/\/schema.org\",\"@graph\":[{\"@type\":\"WebPage\",\"@id\":\"https:\/\/alcedrix.com\/shop\/okeefees-lip-repair-qershi-4-2g\/\",\"url\":\"https:\/\/alcedrix.com\/shop\/okeefees-lip-repair-qershi-4-2g\/\",\"name\":\"O`KEEFEE`S LIP REPAIR QERSHI 4.2g - Alcedrix\",\"isPartOf\":{\"@id\":\"http:\/\/alcedrix.com\/#website\"},\"primaryImageOfPage\":{\"@id\":\"https:\/\/alcedrix.com\/shop\/okeefees-lip-repair-qershi-4-2g\/#primaryimage\"},\"image\":{\"@id\":\"https:\/\/alcedrix.com\/shop\/okeefees-lip-repair-qershi-4-2g\/#primaryimage\"},\"thumbnailUrl\":\"https:\/\/alcedrix.com\/wp-content\/uploads\/2024\/09\/lip-repair-cherry-group.png\",\"datePublished\":\"2024-09-03T11:38:25+00:00\",\"dateModified\":\"2024-11-04T13:17:14+00:00\",\"breadcrumb\":{\"@id\":\"https:\/\/alcedrix.com\/shop\/okeefees-lip-repair-qershi-4-2g\/#breadcrumb\"},\"inLanguage\":\"sq\",\"potentialAction\":[{\"@type\":\"ReadAction\",\"target\":[\"https:\/\/alcedrix.com\/shop\/okeefees-lip-repair-qershi-4-2g\/\"]}]},{\"@type\":\"ImageObject\",\"inLanguage\":\"sq\",\"@id\":\"https:\/\/alcedrix.com\/shop\/okeefees-lip-repair-qershi-4-2g\/#primaryimage\",\"url\":\"https:\/\/alcedrix.com\/wp-content\/uploads\/2024\/09\/lip-repair-cherry-group.png\",\"contentUrl\":\"https:\/\/alcedrix.com\/wp-content\/uploads\/2024\/09\/lip-repair-cherry-group.png\",\"width\":1300,\"height\":1300},{\"@type\":\"BreadcrumbList\",\"@id\":\"https:\/\/alcedrix.com\/shop\/okeefees-lip-repair-qershi-4-2g\/#breadcrumb\",\"itemListElement\":[{\"@type\":\"ListItem\",\"position\":1,\"name\":\"Home\",\"item\":\"http:\/\/alcedrix.com\/\"},{\"@type\":\"ListItem\",\"position\":2,\"name\":\"Shop\",\"item\":\"https:\/\/alcedrix.com\/shop\/\"},{\"@type\":\"ListItem\",\"position\":3,\"name\":\"O`KEEFEE`S LIP REPAIR QERSHI 4.2g\"}]},{\"@type\":\"WebSite\",\"@id\":\"http:\/\/alcedrix.com\/#website\",\"url\":\"http:\/\/alcedrix.com\/\",\"name\":\"Alcedrix\",\"description\":\"Alcedrix\",\"publisher\":{\"@id\":\"http:\/\/alcedrix.com\/#organization\"},\"potentialAction\":[{\"@type\":\"SearchAction\",\"target\":{\"@type\":\"EntryPoint\",\"urlTemplate\":\"http:\/\/alcedrix.com\/?s={search_term_string}\"},\"query-input\":{\"@type\":\"PropertyValueSpecification\",\"valueRequired\":true,\"valueName\":\"search_term_string\"}}],\"inLanguage\":\"sq\"},{\"@type\":\"Organization\",\"@id\":\"http:\/\/alcedrix.com\/#organization\",\"name\":\"Alcedrix\",\"url\":\"http:\/\/alcedrix.com\/\",\"logo\":{\"@type\":\"ImageObject\",\"inLanguage\":\"sq\",\"@id\":\"http:\/\/alcedrix.com\/#\/schema\/logo\/image\/\",\"url\":\"http:\/\/3.126.27.25\/wp-content\/uploads\/2023\/08\/logo-web.png\",\"contentUrl\":\"http:\/\/3.126.27.25\/wp-content\/uploads\/2023\/08\/logo-web.png\",\"width\":492,\"height\":93,\"caption\":\"Alcedrix\"},\"image\":{\"@id\":\"http:\/\/alcedrix.com\/#\/schema\/logo\/image\/\"},\"sameAs\":[\"https:\/\/www.facebook.com\/alcedrix\",\"https:\/\/www.instagram.com\/alcedrix\"]}]}<\/script>\n<!-- \/ Yoast SEO plugin. -->","yoast_head_json":{"title":"O`KEEFEE`S LIP REPAIR QERSHI 4.2g - Alcedrix","robots":{"index":"index","follow":"follow","max-snippet":"max-snippet:-1","max-image-preview":"max-image-preview:large","max-video-preview":"max-video-preview:-1"},"canonical":"https:\/\/alcedrix.com\/sq\/shop\/okeefees-lip-repair-qershi-4-2g\/","og_locale":"sq_AL","og_type":"article","og_title":"O`KEEFEE`S LIP REPAIR QERSHI 4.2g - Alcedrix","og_description":"Balsam p\u00ebr buz\u00ebt jasht\u00ebzakonisht t\u00eb thata dhe t\u00eb plasaritura.","og_url":"https:\/\/alcedrix.com\/sq\/shop\/okeefees-lip-repair-qershi-4-2g\/","og_site_name":"Alcedrix","article_publisher":"https:\/\/www.facebook.com\/alcedrix","article_modified_time":"2024-11-04T13:17:14+00:00","og_image":[{"width":1300,"height":1300,"url":"https:\/\/alcedrix.com\/wp-content\/uploads\/2024\/09\/lip-repair-cherry-group.png","type":"image\/png"}],"twitter_card":"summary_large_image","twitter_misc":{"Est. reading time":"2 minuta"},"schema":{"@context":"https:\/\/schema.org","@graph":[{"@type":"WebPage","@id":"https:\/\/alcedrix.com\/shop\/okeefees-lip-repair-qershi-4-2g\/","url":"https:\/\/alcedrix.com\/shop\/okeefees-lip-repair-qershi-4-2g\/","name":"O`KEEFEE`S LIP REPAIR QERSHI 4.2g - Alcedrix","isPartOf":{"@id":"http:\/\/alcedrix.com\/#website"},"primaryImageOfPage":{"@id":"https:\/\/alcedrix.com\/shop\/okeefees-lip-repair-qershi-4-2g\/#primaryimage"},"image":{"@id":"https:\/\/alcedrix.com\/shop\/okeefees-lip-repair-qershi-4-2g\/#primaryimage"},"thumbnailUrl":"https:\/\/alcedrix.com\/wp-content\/uploads\/2024\/09\/lip-repair-cherry-group.png","datePublished":"2024-09-03T11:38:25+00:00","dateModified":"2024-11-04T13:17:14+00:00","breadcrumb":{"@id":"https:\/\/alcedrix.com\/shop\/okeefees-lip-repair-qershi-4-2g\/#breadcrumb"},"inLanguage":"sq","potentialAction":[{"@type":"ReadAction","target":["https:\/\/alcedrix.com\/shop\/okeefees-lip-repair-qershi-4-2g\/"]}]},{"@type":"ImageObject","inLanguage":"sq","@id":"https:\/\/alcedrix.com\/shop\/okeefees-lip-repair-qershi-4-2g\/#primaryimage","url":"https:\/\/alcedrix.com\/wp-content\/uploads\/2024\/09\/lip-repair-cherry-group.png","contentUrl":"https:\/\/alcedrix.com\/wp-content\/uploads\/2024\/09\/lip-repair-cherry-group.png","width":1300,"height":1300},{"@type":"BreadcrumbList","@id":"https:\/\/alcedrix.com\/shop\/okeefees-lip-repair-qershi-4-2g\/#breadcrumb","itemListElement":[{"@type":"ListItem","position":1,"name":"Home","item":"http:\/\/alcedrix.com\/"},{"@type":"ListItem","position":2,"name":"Shop","item":"https:\/\/alcedrix.com\/shop\/"},{"@type":"ListItem","position":3,"name":"O`KEEFEE`S LIP REPAIR QERSHI 4.2g"}]},{"@type":"WebSite","@id":"http:\/\/alcedrix.com\/#website","url":"http:\/\/alcedrix.com\/","name":"Alcedrix","description":"Alcedrix","publisher":{"@id":"http:\/\/alcedrix.com\/#organization"},"potentialAction":[{"@type":"SearchAction","target":{"@type":"EntryPoint","urlTemplate":"http:\/\/alcedrix.com\/?s={search_term_string}"},"query-input":{"@type":"PropertyValueSpecification","valueRequired":true,"valueName":"search_term_string"}}],"inLanguage":"sq"},{"@type":"Organization","@id":"http:\/\/alcedrix.com\/#organization","name":"Alcedrix","url":"http:\/\/alcedrix.com\/","logo":{"@type":"ImageObject","inLanguage":"sq","@id":"http:\/\/alcedrix.com\/#\/schema\/logo\/image\/","url":"http:\/\/3.126.27.25\/wp-content\/uploads\/2023\/08\/logo-web.png","contentUrl":"http:\/\/3.126.27.25\/wp-content\/uploads\/2023\/08\/logo-web.png","width":492,"height":93,"caption":"Alcedrix"},"image":{"@id":"http:\/\/alcedrix.com\/#\/schema\/logo\/image\/"},"sameAs":["https:\/\/www.facebook.com\/alcedrix","https:\/\/www.instagram.com\/alcedrix"]}]}},"_links":{"self":[{"href":"https:\/\/alcedrix.com\/sq\/wp-json\/wp\/v2\/product\/9432"}],"collection":[{"href":"https:\/\/alcedrix.com\/sq\/wp-json\/wp\/v2\/product"}],"about":[{"href":"https:\/\/alcedrix.com\/sq\/wp-json\/wp\/v2\/types\/product"}],"version-history":[{"count":2,"href":"https:\/\/alcedrix.com\/sq\/wp-json\/wp\/v2\/product\/9432\/revisions"}],"predecessor-version":[{"id":9508,"href":"https:\/\/alcedrix.com\/sq\/wp-json\/wp\/v2\/product\/9432\/revisions\/9508"}],"wp:featuredmedia":[{"embeddable":true,"href":"https:\/\/alcedrix.com\/sq\/wp-json\/wp\/v2\/media\/9452"}],"wp:attachment":[{"href":"https:\/\/alcedrix.com\/sq\/wp-json\/wp\/v2\/media?parent=9432"}],"wp:term":[{"taxonomy":"product_cat","embeddable":true,"href":"https:\/\/alcedrix.com\/sq\/wp-json\/wp\/v2\/product_cat?post=9432"},{"taxonomy":"product_tag","embeddable":true,"href":"https:\/\/alcedrix.com\/sq\/wp-json\/wp\/v2\/product_tag?post=9432"}],"curies":[{"name":"wp","href":"https:\/\/api.w.org\/{rel}","templated":true}]}}