{"id":9430,"date":"2024-09-03T11:37:57","date_gmt":"2024-09-03T11:37:57","guid":{"rendered":"http:\/\/3.126.27.25\/?post_type=product&#038;p=9430"},"modified":"2024-10-16T09:01:29","modified_gmt":"2024-10-16T09:01:29","slug":"gold-ashwagandha","status":"publish","type":"product","link":"https:\/\/alcedrix.com\/sq\/shop\/gold-ashwagandha\/","title":{"rendered":"Gold Ashwagandha"},"content":{"rendered":"<p>Gold Ashwagandha \u00ebsht\u00eb shtes\u00eb ushqimore q\u00eb p\u00ebrmban ekstrakt t\u00eb rr\u00ebnj\u00ebs s\u00eb ash\u00ebagandha (Withania somnifera (L.) Dunal).<\/p>\n<p>&nbsp;<\/p>\n<p>Ash\u00ebagandha ka nj\u00eb efekt t\u00eb dobish\u00ebm n\u00eb nd\u00ebrtimin e rezistenc\u00ebs s\u00eb trupit ndaj faktor\u00ebve t\u00eb stresit.<\/p>\n<p>&nbsp;<\/p>\n<p>Ndihmon n\u00eb ruajtjen e vitalitetit, mir\u00ebqenies dhe ekuilibrit emocional, si dhe n\u00eb gjendjet e p\u00ebrqendrimit t\u00eb reduktuar, rraskapitjes, lodhjes dhe tensionit nervor.<\/p>\n<p>&nbsp;<\/p>\n<p>Ka nj\u00eb efekt t\u00eb dobish\u00ebm n\u00eb menaxhimin e energjis\u00eb s\u00eb trupit.<\/p>\n<p>&nbsp;<\/p>\n<p>Ndihmon n\u00eb mbrojtjen e indeve nga d\u00ebmtimi &#8211; vepron si nj\u00eb antioksidant dhe mb\u00ebshtet nd\u00ebrtimin e indeve t\u00eb muskujve.<\/p>\n<p>&nbsp;<\/p>\n<p>P\u00ebr m\u00eb tep\u00ebr, ndihmon shum\u00eb n\u00eb rritje t\u00eb p\u00ebrqendrimit gjat\u00eb studimeve, kujtes\u00ebs dhe mbajtjes s\u00eb gjendjes s\u00eb mir\u00eb mendore tek t\u00eb moshuarit.<\/p>\n<p>&nbsp;<\/p>\n<p>Produkt i dizajnuar p\u00ebr njer\u00ebzit q\u00eb kan\u00eb m\u00ebnyr\u00eb jetese intensive, q\u00eb jetojn\u00eb n\u00ebn presion, t\u00eb ekspozuar ndaj stresit t\u00eb jet\u00ebs s\u00eb p\u00ebrditshme, si dhe n\u00eb periudha t\u00eb imunitetit t\u00eb komprometuar dhe p\u00ebr mb\u00ebshtetjen e p\u00ebrgjithshme t\u00eb trupit.<\/p>\n<p>&nbsp;<\/p>\n<p>Doza e rekomanduar ditore: 1 kapsul\u00eb gjat\u00eb cili\u00ebs do shujt\u00eb, t\u00eb konsumohet duke pir\u00eb shum\u00eb uj\u00eb.<\/p>","protected":false},"excerpt":{"rendered":"<p>Ashwagandha, p\u00ebrb\u00ebr\u00ebs revolucionar n\u00eb shitm t\u00eb energjis\u00eb dhe largim t\u00eb lodhjes.<\/p>","protected":false},"featured_media":9461,"template":"","meta":[],"product_cat":[115,116,96,104],"product_tag":[],"class_list":{"0":"post-9430","1":"product","2":"type-product","3":"status-publish","4":"has-post-thumbnail","6":"product_cat-energji","7":"product_cat-koncentrim","8":"product_cat-olimp","9":"product_cat-shtese-ushqimore","11":"first","12":"instock","13":"taxable","14":"shipping-taxable","15":"purchasable","16":"product-type-simple"},"yoast_head":"<!-- This site is optimized with the Yoast SEO plugin v23.6 - https:\/\/yoast.com\/wordpress\/plugins\/seo\/ -->\n<title>Gold Ashwagandha - Alcedrix<\/title>\n<meta name=\"robots\" content=\"index, follow, max-snippet:-1, max-image-preview:large, max-video-preview:-1\" \/>\n<link rel=\"canonical\" href=\"https:\/\/alcedrix.com\/sq\/shop\/gold-ashwagandha\/\" \/>\n<meta property=\"og:locale\" content=\"sq_AL\" \/>\n<meta property=\"og:type\" content=\"article\" \/>\n<meta property=\"og:title\" content=\"Gold Ashwagandha - Alcedrix\" \/>\n<meta property=\"og:description\" content=\"Ashwagandha, p\u00ebrb\u00ebr\u00ebs revolucionar n\u00eb shitm t\u00eb energjis\u00eb dhe largim t\u00eb lodhjes.\" \/>\n<meta property=\"og:url\" content=\"https:\/\/alcedrix.com\/sq\/shop\/gold-ashwagandha\/\" \/>\n<meta property=\"og:site_name\" content=\"Alcedrix\" \/>\n<meta property=\"article:publisher\" content=\"https:\/\/www.facebook.com\/alcedrix\" \/>\n<meta property=\"article:modified_time\" content=\"2024-10-16T09:01:29+00:00\" \/>\n<meta property=\"og:image\" content=\"https:\/\/alcedrix.com\/wp-content\/uploads\/2024\/09\/gold_ashwagandha.png\" \/>\n\t<meta property=\"og:image:width\" content=\"2000\" \/>\n\t<meta property=\"og:image:height\" content=\"2000\" \/>\n\t<meta property=\"og:image:type\" content=\"image\/png\" \/>\n<meta name=\"twitter:card\" content=\"summary_large_image\" \/>\n<meta name=\"twitter:label1\" content=\"Est. reading time\" \/>\n\t<meta name=\"twitter:data1\" content=\"1 minut\u00eb\" \/>\n<script type=\"application\/ld+json\" class=\"yoast-schema-graph\">{\"@context\":\"https:\/\/schema.org\",\"@graph\":[{\"@type\":\"WebPage\",\"@id\":\"https:\/\/alcedrix.com\/shop\/gold-ashwagandha\/\",\"url\":\"https:\/\/alcedrix.com\/shop\/gold-ashwagandha\/\",\"name\":\"Gold Ashwagandha - Alcedrix\",\"isPartOf\":{\"@id\":\"http:\/\/alcedrix.com\/#website\"},\"primaryImageOfPage\":{\"@id\":\"https:\/\/alcedrix.com\/shop\/gold-ashwagandha\/#primaryimage\"},\"image\":{\"@id\":\"https:\/\/alcedrix.com\/shop\/gold-ashwagandha\/#primaryimage\"},\"thumbnailUrl\":\"https:\/\/alcedrix.com\/wp-content\/uploads\/2024\/09\/gold_ashwagandha.png\",\"datePublished\":\"2024-09-03T11:37:57+00:00\",\"dateModified\":\"2024-10-16T09:01:29+00:00\",\"breadcrumb\":{\"@id\":\"https:\/\/alcedrix.com\/shop\/gold-ashwagandha\/#breadcrumb\"},\"inLanguage\":\"sq\",\"potentialAction\":[{\"@type\":\"ReadAction\",\"target\":[\"https:\/\/alcedrix.com\/shop\/gold-ashwagandha\/\"]}]},{\"@type\":\"ImageObject\",\"inLanguage\":\"sq\",\"@id\":\"https:\/\/alcedrix.com\/shop\/gold-ashwagandha\/#primaryimage\",\"url\":\"https:\/\/alcedrix.com\/wp-content\/uploads\/2024\/09\/gold_ashwagandha.png\",\"contentUrl\":\"https:\/\/alcedrix.com\/wp-content\/uploads\/2024\/09\/gold_ashwagandha.png\",\"width\":2000,\"height\":2000},{\"@type\":\"BreadcrumbList\",\"@id\":\"https:\/\/alcedrix.com\/shop\/gold-ashwagandha\/#breadcrumb\",\"itemListElement\":[{\"@type\":\"ListItem\",\"position\":1,\"name\":\"Home\",\"item\":\"https:\/\/alcedrix.com\/\"},{\"@type\":\"ListItem\",\"position\":2,\"name\":\"Shop\",\"item\":\"https:\/\/alcedrix.com\/shop\/\"},{\"@type\":\"ListItem\",\"position\":3,\"name\":\"Gold Ashwagandha\"}]},{\"@type\":\"WebSite\",\"@id\":\"http:\/\/alcedrix.com\/#website\",\"url\":\"http:\/\/alcedrix.com\/\",\"name\":\"Alcedrix\",\"description\":\"Alcedrix\",\"publisher\":{\"@id\":\"http:\/\/alcedrix.com\/#organization\"},\"potentialAction\":[{\"@type\":\"SearchAction\",\"target\":{\"@type\":\"EntryPoint\",\"urlTemplate\":\"http:\/\/alcedrix.com\/?s={search_term_string}\"},\"query-input\":{\"@type\":\"PropertyValueSpecification\",\"valueRequired\":true,\"valueName\":\"search_term_string\"}}],\"inLanguage\":\"sq\"},{\"@type\":\"Organization\",\"@id\":\"http:\/\/alcedrix.com\/#organization\",\"name\":\"Alcedrix\",\"url\":\"http:\/\/alcedrix.com\/\",\"logo\":{\"@type\":\"ImageObject\",\"inLanguage\":\"sq\",\"@id\":\"http:\/\/alcedrix.com\/#\/schema\/logo\/image\/\",\"url\":\"http:\/\/3.126.27.25\/wp-content\/uploads\/2023\/08\/logo-web.png\",\"contentUrl\":\"http:\/\/3.126.27.25\/wp-content\/uploads\/2023\/08\/logo-web.png\",\"width\":492,\"height\":93,\"caption\":\"Alcedrix\"},\"image\":{\"@id\":\"http:\/\/alcedrix.com\/#\/schema\/logo\/image\/\"},\"sameAs\":[\"https:\/\/www.facebook.com\/alcedrix\",\"https:\/\/www.instagram.com\/alcedrix\"]}]}<\/script>\n<!-- \/ Yoast SEO plugin. -->","yoast_head_json":{"title":"Gold Ashwagandha - Alcedrix","robots":{"index":"index","follow":"follow","max-snippet":"max-snippet:-1","max-image-preview":"max-image-preview:large","max-video-preview":"max-video-preview:-1"},"canonical":"https:\/\/alcedrix.com\/sq\/shop\/gold-ashwagandha\/","og_locale":"sq_AL","og_type":"article","og_title":"Gold Ashwagandha - Alcedrix","og_description":"Ashwagandha, p\u00ebrb\u00ebr\u00ebs revolucionar n\u00eb shitm t\u00eb energjis\u00eb dhe largim t\u00eb lodhjes.","og_url":"https:\/\/alcedrix.com\/sq\/shop\/gold-ashwagandha\/","og_site_name":"Alcedrix","article_publisher":"https:\/\/www.facebook.com\/alcedrix","article_modified_time":"2024-10-16T09:01:29+00:00","og_image":[{"width":2000,"height":2000,"url":"https:\/\/alcedrix.com\/wp-content\/uploads\/2024\/09\/gold_ashwagandha.png","type":"image\/png"}],"twitter_card":"summary_large_image","twitter_misc":{"Est. reading time":"1 minut\u00eb"},"schema":{"@context":"https:\/\/schema.org","@graph":[{"@type":"WebPage","@id":"https:\/\/alcedrix.com\/shop\/gold-ashwagandha\/","url":"https:\/\/alcedrix.com\/shop\/gold-ashwagandha\/","name":"Gold Ashwagandha - Alcedrix","isPartOf":{"@id":"http:\/\/alcedrix.com\/#website"},"primaryImageOfPage":{"@id":"https:\/\/alcedrix.com\/shop\/gold-ashwagandha\/#primaryimage"},"image":{"@id":"https:\/\/alcedrix.com\/shop\/gold-ashwagandha\/#primaryimage"},"thumbnailUrl":"https:\/\/alcedrix.com\/wp-content\/uploads\/2024\/09\/gold_ashwagandha.png","datePublished":"2024-09-03T11:37:57+00:00","dateModified":"2024-10-16T09:01:29+00:00","breadcrumb":{"@id":"https:\/\/alcedrix.com\/shop\/gold-ashwagandha\/#breadcrumb"},"inLanguage":"sq","potentialAction":[{"@type":"ReadAction","target":["https:\/\/alcedrix.com\/shop\/gold-ashwagandha\/"]}]},{"@type":"ImageObject","inLanguage":"sq","@id":"https:\/\/alcedrix.com\/shop\/gold-ashwagandha\/#primaryimage","url":"https:\/\/alcedrix.com\/wp-content\/uploads\/2024\/09\/gold_ashwagandha.png","contentUrl":"https:\/\/alcedrix.com\/wp-content\/uploads\/2024\/09\/gold_ashwagandha.png","width":2000,"height":2000},{"@type":"BreadcrumbList","@id":"https:\/\/alcedrix.com\/shop\/gold-ashwagandha\/#breadcrumb","itemListElement":[{"@type":"ListItem","position":1,"name":"Home","item":"https:\/\/alcedrix.com\/"},{"@type":"ListItem","position":2,"name":"Shop","item":"https:\/\/alcedrix.com\/shop\/"},{"@type":"ListItem","position":3,"name":"Gold Ashwagandha"}]},{"@type":"WebSite","@id":"http:\/\/alcedrix.com\/#website","url":"http:\/\/alcedrix.com\/","name":"Alcedrix","description":"Alcedrix","publisher":{"@id":"http:\/\/alcedrix.com\/#organization"},"potentialAction":[{"@type":"SearchAction","target":{"@type":"EntryPoint","urlTemplate":"http:\/\/alcedrix.com\/?s={search_term_string}"},"query-input":{"@type":"PropertyValueSpecification","valueRequired":true,"valueName":"search_term_string"}}],"inLanguage":"sq"},{"@type":"Organization","@id":"http:\/\/alcedrix.com\/#organization","name":"Alcedrix","url":"http:\/\/alcedrix.com\/","logo":{"@type":"ImageObject","inLanguage":"sq","@id":"http:\/\/alcedrix.com\/#\/schema\/logo\/image\/","url":"http:\/\/3.126.27.25\/wp-content\/uploads\/2023\/08\/logo-web.png","contentUrl":"http:\/\/3.126.27.25\/wp-content\/uploads\/2023\/08\/logo-web.png","width":492,"height":93,"caption":"Alcedrix"},"image":{"@id":"http:\/\/alcedrix.com\/#\/schema\/logo\/image\/"},"sameAs":["https:\/\/www.facebook.com\/alcedrix","https:\/\/www.instagram.com\/alcedrix"]}]}},"_links":{"self":[{"href":"https:\/\/alcedrix.com\/sq\/wp-json\/wp\/v2\/product\/9430"}],"collection":[{"href":"https:\/\/alcedrix.com\/sq\/wp-json\/wp\/v2\/product"}],"about":[{"href":"https:\/\/alcedrix.com\/sq\/wp-json\/wp\/v2\/types\/product"}],"version-history":[{"count":1,"href":"https:\/\/alcedrix.com\/sq\/wp-json\/wp\/v2\/product\/9430\/revisions"}],"predecessor-version":[{"id":9462,"href":"https:\/\/alcedrix.com\/sq\/wp-json\/wp\/v2\/product\/9430\/revisions\/9462"}],"wp:featuredmedia":[{"embeddable":true,"href":"https:\/\/alcedrix.com\/sq\/wp-json\/wp\/v2\/media\/9461"}],"wp:attachment":[{"href":"https:\/\/alcedrix.com\/sq\/wp-json\/wp\/v2\/media?parent=9430"}],"wp:term":[{"taxonomy":"product_cat","embeddable":true,"href":"https:\/\/alcedrix.com\/sq\/wp-json\/wp\/v2\/product_cat?post=9430"},{"taxonomy":"product_tag","embeddable":true,"href":"https:\/\/alcedrix.com\/sq\/wp-json\/wp\/v2\/product_tag?post=9430"}],"curies":[{"name":"wp","href":"https:\/\/api.w.org\/{rel}","templated":true}]}}