{"id":9429,"date":"2024-09-03T11:37:35","date_gmt":"2024-09-03T11:37:35","guid":{"rendered":"http:\/\/3.126.27.25\/?post_type=product&#038;p=9429"},"modified":"2024-10-16T08:58:42","modified_gmt":"2024-10-16T08:58:42","slug":"fish-collagen-shot-10000mg-25ml","status":"publish","type":"product","link":"https:\/\/alcedrix.com\/sq\/shop\/fish-collagen-shot-10000mg-25ml\/","title":{"rendered":"Fish Collagen Shot 10000mg 25ml"},"content":{"rendered":"<p>Olimp Collagen\u00ae shot \u00ebsht\u00eb shtes\u00eb ushqimore n\u00eb form\u00eb t\u00eb l\u00ebngshme, me p\u00ebrmbajtje dhe p\u00ebrthithshm\u00ebri t\u00eb lart\u00eb t\u00eb kolagjenit me origjin\u00eb marine (nga peshku), I pasuruar me acid hialuronik dhe vitamina t\u00eb zgjedhura me kujdes p\u00ebr shkak t\u00eb vetive t\u00eb tyre unike. Produkti \u00ebsht\u00eb p\u00ebrshtatur n\u00eb m\u00ebnyr\u00eb t\u00eb p\u00ebrkryer p\u00ebr nevojat e grave q\u00eb \u00ebnd\u00ebrrojn\u00eb p\u00ebr l\u00ebkur\u00eb t\u00eb shndritshme dhe me pamje t\u00eb sh\u00ebndetshme, flok\u00eb t\u00eb bukur dhe thonj t\u00eb fort\u00eb.<\/p>\n<p>&nbsp;<\/p>\n<p>P\u00ebrb\u00ebrja e kolagjenit Olimp p\u00ebrfshin:<\/p>\n<p>&nbsp;<\/p>\n<ul>\n<li>Kolagjen \u2013 10 000 mg hidroliz kolagjeni peshku me pesh\u00eb t\u00eb ul\u00ebt molekulare (1000-2000 Da),<\/li>\n<li>Acidi hialuronik \u2013 p\u00ebrdoret gjer\u00ebsisht n\u00eb procedurat hidratuese t\u00eb kujdesit t\u00eb l\u00ebkur\u00ebs p\u00ebr shkak t\u00eb vetive t\u00eb tij nd\u00ebrvepruese me uj\u00eb,<\/li>\n<li>Vitamina C \u2013 kontribuon n\u00eb formimin normal t\u00eb kolagjenit,<\/li>\n<li>Riboflavina dhe niacina \u2013 ndihmojn\u00eb n\u00eb ruajtjen e l\u00ebkur\u00ebs s\u00eb sh\u00ebndetshme,<\/li>\n<li>Biotina \u2013 ndihmon n\u00eb ruajtjen e flok\u00ebve t\u00eb sh\u00ebndetsh\u00ebm,<\/li>\n<li>Zinku \u2013 ndihmon n\u00eb ruajtjen e l\u00ebkur\u00ebs, flok\u00ebve dhe thonjve t\u00eb sh\u00ebndetsh\u00ebm.<\/li>\n<\/ul>\n<p>.<\/p>\n<p>Ky produkt \u00ebsht\u00eb i destinuar p\u00ebr t\u00eb rriturit q\u00eb duan t\u00eb ruajn\u00eb pamjen e bukur dhe t\u00eb sh\u00ebndetshme t\u00eb l\u00ebkur\u00ebs, flok\u00ebve dhe thonjve t\u00eb tyre.<\/p>\n<p>&nbsp;<\/p>\n<p>Doza e rekomanduar ditore: pihet 1 porcion (25 ml = 1 ampul\u00eb) n\u00eb dit\u00eb, pas vaktit kryesor. Tundeni para p\u00ebrdorimit.<\/p>","protected":false},"excerpt":{"rendered":"<p>Olimp Collagen shot \u00ebsht\u00eb nj\u00eb produkt bukurie me nj\u00eb p\u00ebrb\u00ebrje unike t\u00eb p\u00ebrb\u00ebr\u00ebsve aktiv\u00eb dhe me nj\u00eb arom\u00eb t\u00eb shijshme ananasi. Me \u00ebmb\u00eblsues. Pa sheqer.<\/p>","protected":false},"featured_media":9458,"template":"","meta":[],"product_cat":[114,102,96,104],"product_tag":[],"class_list":{"0":"post-9429","1":"product","2":"type-product","3":"status-publish","4":"has-post-thumbnail","6":"product_cat-eshtra-dhe-nyje","7":"product_cat-lekura-dhe-floku","8":"product_cat-olimp","9":"product_cat-shtese-ushqimore","11":"first","12":"instock","13":"taxable","14":"shipping-taxable","15":"purchasable","16":"product-type-simple"},"yoast_head":"<!-- This site is optimized with the Yoast SEO plugin v23.6 - https:\/\/yoast.com\/wordpress\/plugins\/seo\/ -->\n<title>Fish Collagen Shot 10000mg 25ml - Alcedrix<\/title>\n<meta name=\"robots\" content=\"index, follow, max-snippet:-1, max-image-preview:large, max-video-preview:-1\" \/>\n<link rel=\"canonical\" href=\"http:\/\/alcedrix.com\/sq\/shop\/fish-collagen-shot-10000mg-25ml\/\" \/>\n<meta property=\"og:locale\" content=\"sq_AL\" \/>\n<meta property=\"og:type\" content=\"article\" \/>\n<meta property=\"og:title\" content=\"Fish Collagen Shot 10000mg 25ml - Alcedrix\" \/>\n<meta property=\"og:description\" content=\"Olimp Collagen shot \u00ebsht\u00eb nj\u00eb produkt bukurie me nj\u00eb p\u00ebrb\u00ebrje unike t\u00eb p\u00ebrb\u00ebr\u00ebsve aktiv\u00eb dhe me nj\u00eb arom\u00eb t\u00eb shijshme ananasi. Me \u00ebmb\u00eblsues. Pa sheqer.\" \/>\n<meta property=\"og:url\" content=\"http:\/\/alcedrix.com\/sq\/shop\/fish-collagen-shot-10000mg-25ml\/\" \/>\n<meta property=\"og:site_name\" content=\"Alcedrix\" \/>\n<meta property=\"article:publisher\" content=\"https:\/\/www.facebook.com\/alcedrix\" \/>\n<meta property=\"article:modified_time\" content=\"2024-10-16T08:58:42+00:00\" \/>\n<meta property=\"og:image\" content=\"http:\/\/alcedrix.com\/wp-content\/uploads\/2024\/09\/Fish_Collagen_Shot.png\" \/>\n\t<meta property=\"og:image:width\" content=\"2000\" \/>\n\t<meta property=\"og:image:height\" content=\"2000\" \/>\n\t<meta property=\"og:image:type\" content=\"image\/png\" \/>\n<meta name=\"twitter:card\" content=\"summary_large_image\" \/>\n<meta name=\"twitter:label1\" content=\"Est. reading time\" \/>\n\t<meta name=\"twitter:data1\" content=\"1 minut\u00eb\" \/>\n<script type=\"application\/ld+json\" class=\"yoast-schema-graph\">{\"@context\":\"https:\/\/schema.org\",\"@graph\":[{\"@type\":\"WebPage\",\"@id\":\"http:\/\/alcedrix.com\/sq\/shop\/fish-collagen-shot-10000mg-25ml\/\",\"url\":\"http:\/\/alcedrix.com\/sq\/shop\/fish-collagen-shot-10000mg-25ml\/\",\"name\":\"Fish Collagen Shot 10000mg 25ml - Alcedrix\",\"isPartOf\":{\"@id\":\"http:\/\/alcedrix.com\/#website\"},\"primaryImageOfPage\":{\"@id\":\"http:\/\/alcedrix.com\/sq\/shop\/fish-collagen-shot-10000mg-25ml\/#primaryimage\"},\"image\":{\"@id\":\"http:\/\/alcedrix.com\/sq\/shop\/fish-collagen-shot-10000mg-25ml\/#primaryimage\"},\"thumbnailUrl\":\"https:\/\/alcedrix.com\/wp-content\/uploads\/2024\/09\/Fish_Collagen_Shot.png\",\"datePublished\":\"2024-09-03T11:37:35+00:00\",\"dateModified\":\"2024-10-16T08:58:42+00:00\",\"breadcrumb\":{\"@id\":\"http:\/\/alcedrix.com\/sq\/shop\/fish-collagen-shot-10000mg-25ml\/#breadcrumb\"},\"inLanguage\":\"sq\",\"potentialAction\":[{\"@type\":\"ReadAction\",\"target\":[\"http:\/\/alcedrix.com\/sq\/shop\/fish-collagen-shot-10000mg-25ml\/\"]}]},{\"@type\":\"ImageObject\",\"inLanguage\":\"sq\",\"@id\":\"http:\/\/alcedrix.com\/sq\/shop\/fish-collagen-shot-10000mg-25ml\/#primaryimage\",\"url\":\"https:\/\/alcedrix.com\/wp-content\/uploads\/2024\/09\/Fish_Collagen_Shot.png\",\"contentUrl\":\"https:\/\/alcedrix.com\/wp-content\/uploads\/2024\/09\/Fish_Collagen_Shot.png\",\"width\":2000,\"height\":2000},{\"@type\":\"BreadcrumbList\",\"@id\":\"http:\/\/alcedrix.com\/sq\/shop\/fish-collagen-shot-10000mg-25ml\/#breadcrumb\",\"itemListElement\":[{\"@type\":\"ListItem\",\"position\":1,\"name\":\"Home\",\"item\":\"http:\/\/alcedrix.com\/\"},{\"@type\":\"ListItem\",\"position\":2,\"name\":\"Shop\",\"item\":\"https:\/\/alcedrix.com\/shop\/\"},{\"@type\":\"ListItem\",\"position\":3,\"name\":\"Fish Collagen Shot 10000mg 25ml\"}]},{\"@type\":\"WebSite\",\"@id\":\"http:\/\/alcedrix.com\/#website\",\"url\":\"http:\/\/alcedrix.com\/\",\"name\":\"Alcedrix\",\"description\":\"Alcedrix\",\"publisher\":{\"@id\":\"http:\/\/alcedrix.com\/#organization\"},\"potentialAction\":[{\"@type\":\"SearchAction\",\"target\":{\"@type\":\"EntryPoint\",\"urlTemplate\":\"http:\/\/alcedrix.com\/?s={search_term_string}\"},\"query-input\":{\"@type\":\"PropertyValueSpecification\",\"valueRequired\":true,\"valueName\":\"search_term_string\"}}],\"inLanguage\":\"sq\"},{\"@type\":\"Organization\",\"@id\":\"http:\/\/alcedrix.com\/#organization\",\"name\":\"Alcedrix\",\"url\":\"http:\/\/alcedrix.com\/\",\"logo\":{\"@type\":\"ImageObject\",\"inLanguage\":\"sq\",\"@id\":\"http:\/\/alcedrix.com\/#\/schema\/logo\/image\/\",\"url\":\"http:\/\/3.126.27.25\/wp-content\/uploads\/2023\/08\/logo-web.png\",\"contentUrl\":\"http:\/\/3.126.27.25\/wp-content\/uploads\/2023\/08\/logo-web.png\",\"width\":492,\"height\":93,\"caption\":\"Alcedrix\"},\"image\":{\"@id\":\"http:\/\/alcedrix.com\/#\/schema\/logo\/image\/\"},\"sameAs\":[\"https:\/\/www.facebook.com\/alcedrix\",\"https:\/\/www.instagram.com\/alcedrix\"]}]}<\/script>\n<!-- \/ Yoast SEO plugin. -->","yoast_head_json":{"title":"Fish Collagen Shot 10000mg 25ml - Alcedrix","robots":{"index":"index","follow":"follow","max-snippet":"max-snippet:-1","max-image-preview":"max-image-preview:large","max-video-preview":"max-video-preview:-1"},"canonical":"http:\/\/alcedrix.com\/sq\/shop\/fish-collagen-shot-10000mg-25ml\/","og_locale":"sq_AL","og_type":"article","og_title":"Fish Collagen Shot 10000mg 25ml - Alcedrix","og_description":"Olimp Collagen shot \u00ebsht\u00eb nj\u00eb produkt bukurie me nj\u00eb p\u00ebrb\u00ebrje unike t\u00eb p\u00ebrb\u00ebr\u00ebsve aktiv\u00eb dhe me nj\u00eb arom\u00eb t\u00eb shijshme ananasi. Me \u00ebmb\u00eblsues. Pa sheqer.","og_url":"http:\/\/alcedrix.com\/sq\/shop\/fish-collagen-shot-10000mg-25ml\/","og_site_name":"Alcedrix","article_publisher":"https:\/\/www.facebook.com\/alcedrix","article_modified_time":"2024-10-16T08:58:42+00:00","og_image":[{"width":2000,"height":2000,"url":"http:\/\/alcedrix.com\/wp-content\/uploads\/2024\/09\/Fish_Collagen_Shot.png","type":"image\/png"}],"twitter_card":"summary_large_image","twitter_misc":{"Est. reading time":"1 minut\u00eb"},"schema":{"@context":"https:\/\/schema.org","@graph":[{"@type":"WebPage","@id":"http:\/\/alcedrix.com\/sq\/shop\/fish-collagen-shot-10000mg-25ml\/","url":"http:\/\/alcedrix.com\/sq\/shop\/fish-collagen-shot-10000mg-25ml\/","name":"Fish Collagen Shot 10000mg 25ml - Alcedrix","isPartOf":{"@id":"http:\/\/alcedrix.com\/#website"},"primaryImageOfPage":{"@id":"http:\/\/alcedrix.com\/sq\/shop\/fish-collagen-shot-10000mg-25ml\/#primaryimage"},"image":{"@id":"http:\/\/alcedrix.com\/sq\/shop\/fish-collagen-shot-10000mg-25ml\/#primaryimage"},"thumbnailUrl":"https:\/\/alcedrix.com\/wp-content\/uploads\/2024\/09\/Fish_Collagen_Shot.png","datePublished":"2024-09-03T11:37:35+00:00","dateModified":"2024-10-16T08:58:42+00:00","breadcrumb":{"@id":"http:\/\/alcedrix.com\/sq\/shop\/fish-collagen-shot-10000mg-25ml\/#breadcrumb"},"inLanguage":"sq","potentialAction":[{"@type":"ReadAction","target":["http:\/\/alcedrix.com\/sq\/shop\/fish-collagen-shot-10000mg-25ml\/"]}]},{"@type":"ImageObject","inLanguage":"sq","@id":"http:\/\/alcedrix.com\/sq\/shop\/fish-collagen-shot-10000mg-25ml\/#primaryimage","url":"https:\/\/alcedrix.com\/wp-content\/uploads\/2024\/09\/Fish_Collagen_Shot.png","contentUrl":"https:\/\/alcedrix.com\/wp-content\/uploads\/2024\/09\/Fish_Collagen_Shot.png","width":2000,"height":2000},{"@type":"BreadcrumbList","@id":"http:\/\/alcedrix.com\/sq\/shop\/fish-collagen-shot-10000mg-25ml\/#breadcrumb","itemListElement":[{"@type":"ListItem","position":1,"name":"Home","item":"http:\/\/alcedrix.com\/"},{"@type":"ListItem","position":2,"name":"Shop","item":"https:\/\/alcedrix.com\/shop\/"},{"@type":"ListItem","position":3,"name":"Fish Collagen Shot 10000mg 25ml"}]},{"@type":"WebSite","@id":"http:\/\/alcedrix.com\/#website","url":"http:\/\/alcedrix.com\/","name":"Alcedrix","description":"Alcedrix","publisher":{"@id":"http:\/\/alcedrix.com\/#organization"},"potentialAction":[{"@type":"SearchAction","target":{"@type":"EntryPoint","urlTemplate":"http:\/\/alcedrix.com\/?s={search_term_string}"},"query-input":{"@type":"PropertyValueSpecification","valueRequired":true,"valueName":"search_term_string"}}],"inLanguage":"sq"},{"@type":"Organization","@id":"http:\/\/alcedrix.com\/#organization","name":"Alcedrix","url":"http:\/\/alcedrix.com\/","logo":{"@type":"ImageObject","inLanguage":"sq","@id":"http:\/\/alcedrix.com\/#\/schema\/logo\/image\/","url":"http:\/\/3.126.27.25\/wp-content\/uploads\/2023\/08\/logo-web.png","contentUrl":"http:\/\/3.126.27.25\/wp-content\/uploads\/2023\/08\/logo-web.png","width":492,"height":93,"caption":"Alcedrix"},"image":{"@id":"http:\/\/alcedrix.com\/#\/schema\/logo\/image\/"},"sameAs":["https:\/\/www.facebook.com\/alcedrix","https:\/\/www.instagram.com\/alcedrix"]}]}},"_links":{"self":[{"href":"https:\/\/alcedrix.com\/sq\/wp-json\/wp\/v2\/product\/9429"}],"collection":[{"href":"https:\/\/alcedrix.com\/sq\/wp-json\/wp\/v2\/product"}],"about":[{"href":"https:\/\/alcedrix.com\/sq\/wp-json\/wp\/v2\/types\/product"}],"version-history":[{"count":1,"href":"https:\/\/alcedrix.com\/sq\/wp-json\/wp\/v2\/product\/9429\/revisions"}],"predecessor-version":[{"id":9460,"href":"https:\/\/alcedrix.com\/sq\/wp-json\/wp\/v2\/product\/9429\/revisions\/9460"}],"wp:featuredmedia":[{"embeddable":true,"href":"https:\/\/alcedrix.com\/sq\/wp-json\/wp\/v2\/media\/9458"}],"wp:attachment":[{"href":"https:\/\/alcedrix.com\/sq\/wp-json\/wp\/v2\/media?parent=9429"}],"wp:term":[{"taxonomy":"product_cat","embeddable":true,"href":"https:\/\/alcedrix.com\/sq\/wp-json\/wp\/v2\/product_cat?post=9429"},{"taxonomy":"product_tag","embeddable":true,"href":"https:\/\/alcedrix.com\/sq\/wp-json\/wp\/v2\/product_tag?post=9429"}],"curies":[{"name":"wp","href":"https:\/\/api.w.org\/{rel}","templated":true}]}}