{"id":9333,"date":"2024-07-12T11:03:11","date_gmt":"2024-07-12T11:03:11","guid":{"rendered":"http:\/\/3.126.27.25\/?post_type=product&#038;p=9333"},"modified":"2024-11-04T13:17:59","modified_gmt":"2024-11-04T13:17:59","slug":"drinks-for-life-magnesium","status":"publish","type":"product","link":"https:\/\/alcedrix.com\/sq\/shop\/drinks-for-life-magnesium\/","title":{"rendered":"Drinks For Life &#8211; Magnesium"},"content":{"rendered":"<p>Drinks for Life Magnesium p\u00ebrmban magnez n\u00eb form\u00ebn e citratit i cili \u00ebsht\u00eb nj\u00eb burim me p\u00ebrthithshm\u00ebri t\u00eb lart\u00eb t\u00eb k\u00ebtij minerali dhe vitamin\u00ebs B6. Magnezi ndihmon n\u00eb funksionimin e duhur t\u00eb sistemit nervor, muskujve dhe kontribuon n\u00eb uljen e ndjenj\u00ebs s\u00eb lodhjes dhe rraskapitjes. Vitamina B6 si magnezi kontribuon n\u00eb ruajtjen e metabolizmit t\u00eb duhur t\u00eb energjis\u00eb.<\/p>\n<p>&nbsp;<\/p>\n<p>Dedikohet p\u00ebr njer\u00ebzit q\u00eb p\u00ebrjetojn\u00eb dob\u00ebsi, p\u00ebr t\u00eb ndihmuar n\u00eb plot\u00ebsimin e nevoj\u00ebs s\u00eb trupit p\u00ebr magnez dhe vitamin\u00eb B6, lodhje dhe nervoziz\u00ebm t\u00eb shtuar, p\u00ebr njer\u00ebzit q\u00eb p\u00ebrjetojn\u00eb dob\u00ebsi, jetojn\u00eb n\u00eb situata stresuese q\u00eb i n\u00ebnshtrohen rritjes s\u00eb k\u00ebrkesave mendore ose fizike.<\/p>\n<p>&nbsp;<\/p>\n<p>Doza e rekomanduar ditore: 1 qese n\u00eb dit\u00eb. P\u00ebrmbajtja e qesk\u00ebs shp\u00ebrndahet n\u00eb 400 ml uj\u00eb. P\u00ebr shkak t\u00eb p\u00ebrb\u00ebr\u00ebsve t\u00eb p\u00ebrdorur, fillimisht mund t\u00eb formohen gunga. Tundeni shishen fuqish\u00ebm derisa t\u00eb treten plot\u00ebsisht. Konsumojeni menj\u00ebher\u00eb pas p\u00ebrgaditjes.<\/p>","protected":false},"excerpt":{"rendered":"<p>Shtes\u00eb ushqimore me p\u00ebrmbajtje magnezi dhe vitamin\u00ebs B6. Produkti vjen n\u00eb form\u00eb t\u00eb pluhurit t\u00eb paketuar n\u00eb qese.<\/p>","protected":false},"featured_media":9334,"template":"","meta":[],"product_cat":[115,126,96,104,112],"product_tag":[],"class_list":{"0":"post-9333","1":"product","2":"type-product","3":"status-publish","4":"has-post-thumbnail","6":"product_cat-energji","7":"product_cat-lodhje","8":"product_cat-olimp","9":"product_cat-shtese-ushqimore","10":"product_cat-sistemi-muskulor-skeletor","12":"first","13":"instock","14":"taxable","15":"shipping-taxable","16":"purchasable","17":"product-type-simple"},"yoast_head":"<!-- This site is optimized with the Yoast SEO plugin v23.6 - https:\/\/yoast.com\/wordpress\/plugins\/seo\/ -->\n<title>Drinks For Life - Magnesium - Alcedrix<\/title>\n<meta name=\"robots\" content=\"index, follow, max-snippet:-1, max-image-preview:large, max-video-preview:-1\" \/>\n<link rel=\"canonical\" href=\"https:\/\/alcedrix.com\/sq\/shop\/drinks-for-life-magnesium\/\" \/>\n<meta property=\"og:locale\" content=\"sq_AL\" \/>\n<meta property=\"og:type\" content=\"article\" \/>\n<meta property=\"og:title\" content=\"Drinks For Life - Magnesium - Alcedrix\" \/>\n<meta property=\"og:description\" content=\"Shtes\u00eb ushqimore me p\u00ebrmbajtje magnezi dhe vitamin\u00ebs B6. Produkti vjen n\u00eb form\u00eb t\u00eb pluhurit t\u00eb paketuar n\u00eb qese.\" \/>\n<meta property=\"og:url\" content=\"https:\/\/alcedrix.com\/sq\/shop\/drinks-for-life-magnesium\/\" \/>\n<meta property=\"og:site_name\" content=\"Alcedrix\" \/>\n<meta property=\"article:publisher\" content=\"https:\/\/www.facebook.com\/alcedrix\" \/>\n<meta property=\"article:modified_time\" content=\"2024-11-04T13:17:59+00:00\" \/>\n<meta property=\"og:image\" content=\"https:\/\/alcedrix.com\/wp-content\/uploads\/2024\/07\/Drinks_for_life_Magnesium_display_0003_0002-1.png\" \/>\n\t<meta property=\"og:image:width\" content=\"2000\" \/>\n\t<meta property=\"og:image:height\" content=\"2000\" \/>\n\t<meta property=\"og:image:type\" content=\"image\/png\" \/>\n<meta name=\"twitter:card\" content=\"summary_large_image\" \/>\n<meta name=\"twitter:label1\" content=\"Est. reading time\" \/>\n\t<meta name=\"twitter:data1\" content=\"1 minut\u00eb\" \/>\n<script type=\"application\/ld+json\" class=\"yoast-schema-graph\">{\"@context\":\"https:\/\/schema.org\",\"@graph\":[{\"@type\":\"WebPage\",\"@id\":\"https:\/\/alcedrix.com\/shop\/drinks-for-life-magnesium\/\",\"url\":\"https:\/\/alcedrix.com\/shop\/drinks-for-life-magnesium\/\",\"name\":\"Drinks For Life - Magnesium - Alcedrix\",\"isPartOf\":{\"@id\":\"http:\/\/alcedrix.com\/#website\"},\"primaryImageOfPage\":{\"@id\":\"https:\/\/alcedrix.com\/shop\/drinks-for-life-magnesium\/#primaryimage\"},\"image\":{\"@id\":\"https:\/\/alcedrix.com\/shop\/drinks-for-life-magnesium\/#primaryimage\"},\"thumbnailUrl\":\"https:\/\/alcedrix.com\/wp-content\/uploads\/2024\/07\/Drinks_for_life_Magnesium_display_0003_0002-1.png\",\"datePublished\":\"2024-07-12T11:03:11+00:00\",\"dateModified\":\"2024-11-04T13:17:59+00:00\",\"breadcrumb\":{\"@id\":\"https:\/\/alcedrix.com\/shop\/drinks-for-life-magnesium\/#breadcrumb\"},\"inLanguage\":\"sq\",\"potentialAction\":[{\"@type\":\"ReadAction\",\"target\":[\"https:\/\/alcedrix.com\/shop\/drinks-for-life-magnesium\/\"]}]},{\"@type\":\"ImageObject\",\"inLanguage\":\"sq\",\"@id\":\"https:\/\/alcedrix.com\/shop\/drinks-for-life-magnesium\/#primaryimage\",\"url\":\"https:\/\/alcedrix.com\/wp-content\/uploads\/2024\/07\/Drinks_for_life_Magnesium_display_0003_0002-1.png\",\"contentUrl\":\"https:\/\/alcedrix.com\/wp-content\/uploads\/2024\/07\/Drinks_for_life_Magnesium_display_0003_0002-1.png\",\"width\":2000,\"height\":2000},{\"@type\":\"BreadcrumbList\",\"@id\":\"https:\/\/alcedrix.com\/shop\/drinks-for-life-magnesium\/#breadcrumb\",\"itemListElement\":[{\"@type\":\"ListItem\",\"position\":1,\"name\":\"Home\",\"item\":\"https:\/\/alcedrix.com\/\"},{\"@type\":\"ListItem\",\"position\":2,\"name\":\"Shop\",\"item\":\"https:\/\/alcedrix.com\/shop\/\"},{\"@type\":\"ListItem\",\"position\":3,\"name\":\"Drinks For Life &#8211; Magnesium\"}]},{\"@type\":\"WebSite\",\"@id\":\"http:\/\/alcedrix.com\/#website\",\"url\":\"http:\/\/alcedrix.com\/\",\"name\":\"Alcedrix\",\"description\":\"Alcedrix\",\"publisher\":{\"@id\":\"http:\/\/alcedrix.com\/#organization\"},\"potentialAction\":[{\"@type\":\"SearchAction\",\"target\":{\"@type\":\"EntryPoint\",\"urlTemplate\":\"http:\/\/alcedrix.com\/?s={search_term_string}\"},\"query-input\":{\"@type\":\"PropertyValueSpecification\",\"valueRequired\":true,\"valueName\":\"search_term_string\"}}],\"inLanguage\":\"sq\"},{\"@type\":\"Organization\",\"@id\":\"http:\/\/alcedrix.com\/#organization\",\"name\":\"Alcedrix\",\"url\":\"http:\/\/alcedrix.com\/\",\"logo\":{\"@type\":\"ImageObject\",\"inLanguage\":\"sq\",\"@id\":\"http:\/\/alcedrix.com\/#\/schema\/logo\/image\/\",\"url\":\"http:\/\/3.126.27.25\/wp-content\/uploads\/2023\/08\/logo-web.png\",\"contentUrl\":\"http:\/\/3.126.27.25\/wp-content\/uploads\/2023\/08\/logo-web.png\",\"width\":492,\"height\":93,\"caption\":\"Alcedrix\"},\"image\":{\"@id\":\"http:\/\/alcedrix.com\/#\/schema\/logo\/image\/\"},\"sameAs\":[\"https:\/\/www.facebook.com\/alcedrix\",\"https:\/\/www.instagram.com\/alcedrix\"]}]}<\/script>\n<!-- \/ Yoast SEO plugin. -->","yoast_head_json":{"title":"Drinks For Life - Magnesium - Alcedrix","robots":{"index":"index","follow":"follow","max-snippet":"max-snippet:-1","max-image-preview":"max-image-preview:large","max-video-preview":"max-video-preview:-1"},"canonical":"https:\/\/alcedrix.com\/sq\/shop\/drinks-for-life-magnesium\/","og_locale":"sq_AL","og_type":"article","og_title":"Drinks For Life - Magnesium - Alcedrix","og_description":"Shtes\u00eb ushqimore me p\u00ebrmbajtje magnezi dhe vitamin\u00ebs B6. Produkti vjen n\u00eb form\u00eb t\u00eb pluhurit t\u00eb paketuar n\u00eb qese.","og_url":"https:\/\/alcedrix.com\/sq\/shop\/drinks-for-life-magnesium\/","og_site_name":"Alcedrix","article_publisher":"https:\/\/www.facebook.com\/alcedrix","article_modified_time":"2024-11-04T13:17:59+00:00","og_image":[{"width":2000,"height":2000,"url":"https:\/\/alcedrix.com\/wp-content\/uploads\/2024\/07\/Drinks_for_life_Magnesium_display_0003_0002-1.png","type":"image\/png"}],"twitter_card":"summary_large_image","twitter_misc":{"Est. reading time":"1 minut\u00eb"},"schema":{"@context":"https:\/\/schema.org","@graph":[{"@type":"WebPage","@id":"https:\/\/alcedrix.com\/shop\/drinks-for-life-magnesium\/","url":"https:\/\/alcedrix.com\/shop\/drinks-for-life-magnesium\/","name":"Drinks For Life - Magnesium - Alcedrix","isPartOf":{"@id":"http:\/\/alcedrix.com\/#website"},"primaryImageOfPage":{"@id":"https:\/\/alcedrix.com\/shop\/drinks-for-life-magnesium\/#primaryimage"},"image":{"@id":"https:\/\/alcedrix.com\/shop\/drinks-for-life-magnesium\/#primaryimage"},"thumbnailUrl":"https:\/\/alcedrix.com\/wp-content\/uploads\/2024\/07\/Drinks_for_life_Magnesium_display_0003_0002-1.png","datePublished":"2024-07-12T11:03:11+00:00","dateModified":"2024-11-04T13:17:59+00:00","breadcrumb":{"@id":"https:\/\/alcedrix.com\/shop\/drinks-for-life-magnesium\/#breadcrumb"},"inLanguage":"sq","potentialAction":[{"@type":"ReadAction","target":["https:\/\/alcedrix.com\/shop\/drinks-for-life-magnesium\/"]}]},{"@type":"ImageObject","inLanguage":"sq","@id":"https:\/\/alcedrix.com\/shop\/drinks-for-life-magnesium\/#primaryimage","url":"https:\/\/alcedrix.com\/wp-content\/uploads\/2024\/07\/Drinks_for_life_Magnesium_display_0003_0002-1.png","contentUrl":"https:\/\/alcedrix.com\/wp-content\/uploads\/2024\/07\/Drinks_for_life_Magnesium_display_0003_0002-1.png","width":2000,"height":2000},{"@type":"BreadcrumbList","@id":"https:\/\/alcedrix.com\/shop\/drinks-for-life-magnesium\/#breadcrumb","itemListElement":[{"@type":"ListItem","position":1,"name":"Home","item":"https:\/\/alcedrix.com\/"},{"@type":"ListItem","position":2,"name":"Shop","item":"https:\/\/alcedrix.com\/shop\/"},{"@type":"ListItem","position":3,"name":"Drinks For Life &#8211; Magnesium"}]},{"@type":"WebSite","@id":"http:\/\/alcedrix.com\/#website","url":"http:\/\/alcedrix.com\/","name":"Alcedrix","description":"Alcedrix","publisher":{"@id":"http:\/\/alcedrix.com\/#organization"},"potentialAction":[{"@type":"SearchAction","target":{"@type":"EntryPoint","urlTemplate":"http:\/\/alcedrix.com\/?s={search_term_string}"},"query-input":{"@type":"PropertyValueSpecification","valueRequired":true,"valueName":"search_term_string"}}],"inLanguage":"sq"},{"@type":"Organization","@id":"http:\/\/alcedrix.com\/#organization","name":"Alcedrix","url":"http:\/\/alcedrix.com\/","logo":{"@type":"ImageObject","inLanguage":"sq","@id":"http:\/\/alcedrix.com\/#\/schema\/logo\/image\/","url":"http:\/\/3.126.27.25\/wp-content\/uploads\/2023\/08\/logo-web.png","contentUrl":"http:\/\/3.126.27.25\/wp-content\/uploads\/2023\/08\/logo-web.png","width":492,"height":93,"caption":"Alcedrix"},"image":{"@id":"http:\/\/alcedrix.com\/#\/schema\/logo\/image\/"},"sameAs":["https:\/\/www.facebook.com\/alcedrix","https:\/\/www.instagram.com\/alcedrix"]}]}},"_links":{"self":[{"href":"https:\/\/alcedrix.com\/sq\/wp-json\/wp\/v2\/product\/9333"}],"collection":[{"href":"https:\/\/alcedrix.com\/sq\/wp-json\/wp\/v2\/product"}],"about":[{"href":"https:\/\/alcedrix.com\/sq\/wp-json\/wp\/v2\/types\/product"}],"version-history":[{"count":2,"href":"https:\/\/alcedrix.com\/sq\/wp-json\/wp\/v2\/product\/9333\/revisions"}],"predecessor-version":[{"id":9509,"href":"https:\/\/alcedrix.com\/sq\/wp-json\/wp\/v2\/product\/9333\/revisions\/9509"}],"wp:featuredmedia":[{"embeddable":true,"href":"https:\/\/alcedrix.com\/sq\/wp-json\/wp\/v2\/media\/9334"}],"wp:attachment":[{"href":"https:\/\/alcedrix.com\/sq\/wp-json\/wp\/v2\/media?parent=9333"}],"wp:term":[{"taxonomy":"product_cat","embeddable":true,"href":"https:\/\/alcedrix.com\/sq\/wp-json\/wp\/v2\/product_cat?post=9333"},{"taxonomy":"product_tag","embeddable":true,"href":"https:\/\/alcedrix.com\/sq\/wp-json\/wp\/v2\/product_tag?post=9333"}],"curies":[{"name":"wp","href":"https:\/\/api.w.org\/{rel}","templated":true}]}}