{"id":9314,"date":"2024-06-13T14:00:00","date_gmt":"2024-06-13T14:00:00","guid":{"rendered":"http:\/\/3.126.27.25\/?post_type=product&#038;p=9314"},"modified":"2024-11-04T13:19:40","modified_gmt":"2024-11-04T13:19:40","slug":"okeefees-healthy-feet-exfoliating-tubete-60g","status":"publish","type":"product","link":"https:\/\/alcedrix.com\/sq\/shop\/okeefees-healthy-feet-exfoliating-tubete-60g\/","title":{"rendered":"O`KEEFFE`S HEALTHY FEET EXFOLIATING TUBETE 60g"},"content":{"rendered":"<p>DETAJET E PRODUKTIT<\/p>\n<p>Kremi eksfoliues i k\u00ebmb\u00ebve nga O&#8217;Keeffe&#8217;s p\u00ebrmban nj\u00eb p\u00ebrqendrim t\u00eb lart\u00eb t\u00eb glicerin\u00ebs q\u00eb t\u00ebrheq dhe ruan lag\u00ebshtin\u00eb q\u00eb ju nevojitet p\u00ebr nj\u00eb l\u00ebkur\u00eb t\u00eb sh\u00ebndetshme dhe t\u00eb hidratuar.<\/p>\n<p>Formula jon\u00eb unike eksfolon but\u00ebsisht l\u00ebkur\u00ebn pa pasur nevoj\u00eb t\u00eb p\u00ebrfshij\u00eb ndonj\u00eb eksfoliant fizik g\u00ebrryes. M\u00eb e mira nga t\u00eb gjitha, funksionon shpejt.<\/p>\n<p>K\u00ebmb\u00ebt tuaja do t\u00eb jen\u00eb n\u00eb gjendje t\u00eb mir\u00eb brenda pak dit\u00ebve.<\/p>\n<p>P\u00ebrdorimi i produktit \u00ebsht\u00eb\u00a0 pastrim &#8211; nuk ka nevoj\u00eb ta lani at\u00eb.\u00a0 Thjesht aplikoni nj\u00eb sasi t\u00eb vog\u00ebl dhe l\u00ebreni formul\u00ebn e but\u00eb eksfoluese t\u00eb funksionoj\u00eb. Zbut k\u00ebmb\u00ebt vet\u00ebm me nj\u00eb p\u00ebrdorim.<\/p>","protected":false},"excerpt":{"rendered":"<p><img decoding=\"async\" class=\"alignnone wp-image-9318 size-medium\" src=\"http:\/\/3.126.27.25\/wp-content\/uploads\/2024\/06\/71y8NiQCBL._AC_UF10001000_QL80_-109x300.jpg\" alt=\"\" width=\"109\" height=\"300\" srcset=\"https:\/\/alcedrix.com\/wp-content\/uploads\/2024\/06\/71y8NiQCBL._AC_UF10001000_QL80_-109x300.jpg 109w, https:\/\/alcedrix.com\/wp-content\/uploads\/2024\/06\/71y8NiQCBL._AC_UF10001000_QL80_-4x12.jpg 4w, https:\/\/alcedrix.com\/wp-content\/uploads\/2024\/06\/71y8NiQCBL._AC_UF10001000_QL80_.jpg 363w\" sizes=\"(max-width: 109px) 100vw, 109px\" \/><\/p>\n<p>Leht\u00ebsim i garantuar p\u00ebr k\u00ebmb\u00ebt e plasaritura dhe jasht\u00ebzakonisht t\u00eb thata.<\/p>\n<p>Me gjith\u00eb mir\u00ebsin\u00eb zbut\u00ebse t\u00eb l\u00ebkur\u00ebs q\u00eb e mund\u00ebson O&#8217;Keeffe&#8217;s Healthy Feet, kremi i k\u00ebmb\u00ebve p\u00ebr eksfoliim nga O&#8217;Keeffe&#8217;s e \u00e7on nj\u00eb hap m\u00eb tej. Ne krijuam kremin ton\u00eb eksfolues t\u00eb k\u00ebmb\u00ebve posa\u00e7\u00ebrisht p\u00ebr l\u00ebkur\u00eb t\u00eb that\u00eb, t\u00eb fort\u00eb dhe t\u00eb ashp\u00ebr t\u00eb k\u00ebmb\u00ebve. Formula shum\u00eb e p\u00ebrqendruar dhe me efekt afatgjat\u00eb heq n\u00eb m\u00ebnyr\u00eb efektive grumbullimin e qelizave t\u00eb vdekura t\u00eb l\u00ebkur\u00ebs s\u00eb that\u00eb dhe siguron k\u00ebmb\u00eb m\u00eb t\u00eb buta. Ky podukt ofron zgjidhje dy n\u00eb nj\u00eb p\u00ebr t&#8217;i mbajtur k\u00ebmb\u00ebt tuaja t\u00eb sh\u00ebndetshme dhe p\u00ebr t&#8217;u ndjer\u00eb shk\u00eblqyesh\u00ebm.<\/p>","protected":false},"featured_media":9317,"template":"","meta":[],"product_cat":[118,102,150],"product_tag":[],"class_list":{"0":"post-9314","1":"product","2":"type-product","3":"status-publish","4":"has-post-thumbnail","6":"product_cat-kozmetike","7":"product_cat-lekura-dhe-floku","8":"product_cat-okeeffes","10":"first","11":"instock","12":"taxable","13":"shipping-taxable","14":"purchasable","15":"product-type-simple"},"yoast_head":"<!-- This site is optimized with the Yoast SEO plugin v23.6 - https:\/\/yoast.com\/wordpress\/plugins\/seo\/ -->\n<title>O`KEEFFE`S HEALTHY FEET EXFOLIATING TUBETE 60g - Alcedrix<\/title>\n<meta name=\"robots\" content=\"index, follow, max-snippet:-1, max-image-preview:large, max-video-preview:-1\" \/>\n<link rel=\"canonical\" href=\"https:\/\/alcedrix.com\/sq\/shop\/okeefees-healthy-feet-exfoliating-tubete-60g\/\" \/>\n<meta property=\"og:locale\" content=\"sq_AL\" \/>\n<meta property=\"og:type\" content=\"article\" \/>\n<meta property=\"og:title\" content=\"O`KEEFFE`S HEALTHY FEET EXFOLIATING TUBETE 60g - Alcedrix\" \/>\n<meta property=\"og:description\" content=\"Leht\u00ebsim i garantuar p\u00ebr k\u00ebmb\u00ebt e plasaritura dhe jasht\u00ebzakonisht t\u00eb thata.  Me gjith\u00eb mir\u00ebsin\u00eb zbut\u00ebse t\u00eb l\u00ebkur\u00ebs q\u00eb e mund\u00ebson O&#039;Keeffe&#039;s Healthy Feet, kremi i k\u00ebmb\u00ebve p\u00ebr eksfoliim nga O&#039;Keeffe&#039;s e \u00e7on nj\u00eb hap m\u00eb tej. Ne krijuam kremin ton\u00eb eksfolues t\u00eb k\u00ebmb\u00ebve posa\u00e7\u00ebrisht p\u00ebr l\u00ebkur\u00eb t\u00eb that\u00eb, t\u00eb fort\u00eb dhe t\u00eb ashp\u00ebr t\u00eb k\u00ebmb\u00ebve. Formula shum\u00eb e p\u00ebrqendruar dhe me efekt afatgjat\u00eb heq n\u00eb m\u00ebnyr\u00eb efektive grumbullimin e qelizave t\u00eb vdekura t\u00eb l\u00ebkur\u00ebs s\u00eb that\u00eb dhe siguron k\u00ebmb\u00eb m\u00eb t\u00eb buta. Ky podukt ofron zgjidhje dy n\u00eb nj\u00eb p\u00ebr t&#039;i mbajtur k\u00ebmb\u00ebt tuaja t\u00eb sh\u00ebndetshme dhe p\u00ebr t&#039;u ndjer\u00eb shk\u00eblqyesh\u00ebm.\" \/>\n<meta property=\"og:url\" content=\"https:\/\/alcedrix.com\/sq\/shop\/okeefees-healthy-feet-exfoliating-tubete-60g\/\" \/>\n<meta property=\"og:site_name\" content=\"Alcedrix\" \/>\n<meta property=\"article:publisher\" content=\"https:\/\/www.facebook.com\/alcedrix\" \/>\n<meta property=\"article:modified_time\" content=\"2024-11-04T13:19:40+00:00\" \/>\n<meta property=\"og:image\" content=\"https:\/\/alcedrix.com\/wp-content\/uploads\/2024\/06\/OK_HF_EX_Tube_85g_Front_RGB-copy-2.png\" \/>\n\t<meta property=\"og:image:width\" content=\"700\" \/>\n\t<meta property=\"og:image:height\" content=\"700\" \/>\n\t<meta property=\"og:image:type\" content=\"image\/png\" \/>\n<meta name=\"twitter:card\" content=\"summary_large_image\" \/>\n<meta name=\"twitter:label1\" content=\"Est. reading time\" \/>\n\t<meta name=\"twitter:data1\" content=\"1 minut\u00eb\" \/>\n<script type=\"application\/ld+json\" class=\"yoast-schema-graph\">{\"@context\":\"https:\/\/schema.org\",\"@graph\":[{\"@type\":\"WebPage\",\"@id\":\"https:\/\/alcedrix.com\/shop\/okeefees-healthy-feet-exfoliating-tubete-60g\/\",\"url\":\"https:\/\/alcedrix.com\/shop\/okeefees-healthy-feet-exfoliating-tubete-60g\/\",\"name\":\"O`KEEFFE`S HEALTHY FEET EXFOLIATING TUBETE 60g - Alcedrix\",\"isPartOf\":{\"@id\":\"http:\/\/alcedrix.com\/#website\"},\"primaryImageOfPage\":{\"@id\":\"https:\/\/alcedrix.com\/shop\/okeefees-healthy-feet-exfoliating-tubete-60g\/#primaryimage\"},\"image\":{\"@id\":\"https:\/\/alcedrix.com\/shop\/okeefees-healthy-feet-exfoliating-tubete-60g\/#primaryimage\"},\"thumbnailUrl\":\"https:\/\/alcedrix.com\/wp-content\/uploads\/2024\/06\/OK_HF_EX_Tube_85g_Front_RGB-copy-2.png\",\"datePublished\":\"2024-06-13T14:00:00+00:00\",\"dateModified\":\"2024-11-04T13:19:40+00:00\",\"breadcrumb\":{\"@id\":\"https:\/\/alcedrix.com\/shop\/okeefees-healthy-feet-exfoliating-tubete-60g\/#breadcrumb\"},\"inLanguage\":\"sq\",\"potentialAction\":[{\"@type\":\"ReadAction\",\"target\":[\"https:\/\/alcedrix.com\/shop\/okeefees-healthy-feet-exfoliating-tubete-60g\/\"]}]},{\"@type\":\"ImageObject\",\"inLanguage\":\"sq\",\"@id\":\"https:\/\/alcedrix.com\/shop\/okeefees-healthy-feet-exfoliating-tubete-60g\/#primaryimage\",\"url\":\"https:\/\/alcedrix.com\/wp-content\/uploads\/2024\/06\/OK_HF_EX_Tube_85g_Front_RGB-copy-2.png\",\"contentUrl\":\"https:\/\/alcedrix.com\/wp-content\/uploads\/2024\/06\/OK_HF_EX_Tube_85g_Front_RGB-copy-2.png\",\"width\":700,\"height\":700},{\"@type\":\"BreadcrumbList\",\"@id\":\"https:\/\/alcedrix.com\/shop\/okeefees-healthy-feet-exfoliating-tubete-60g\/#breadcrumb\",\"itemListElement\":[{\"@type\":\"ListItem\",\"position\":1,\"name\":\"Home\",\"item\":\"http:\/\/alcedrix.com\/\"},{\"@type\":\"ListItem\",\"position\":2,\"name\":\"Shop\",\"item\":\"https:\/\/alcedrix.com\/shop\/\"},{\"@type\":\"ListItem\",\"position\":3,\"name\":\"O`KEEFFE`S HEALTHY FEET EXFOLIATING TUBETE 60g\"}]},{\"@type\":\"WebSite\",\"@id\":\"http:\/\/alcedrix.com\/#website\",\"url\":\"http:\/\/alcedrix.com\/\",\"name\":\"Alcedrix\",\"description\":\"Alcedrix\",\"publisher\":{\"@id\":\"http:\/\/alcedrix.com\/#organization\"},\"potentialAction\":[{\"@type\":\"SearchAction\",\"target\":{\"@type\":\"EntryPoint\",\"urlTemplate\":\"http:\/\/alcedrix.com\/?s={search_term_string}\"},\"query-input\":{\"@type\":\"PropertyValueSpecification\",\"valueRequired\":true,\"valueName\":\"search_term_string\"}}],\"inLanguage\":\"sq\"},{\"@type\":\"Organization\",\"@id\":\"http:\/\/alcedrix.com\/#organization\",\"name\":\"Alcedrix\",\"url\":\"http:\/\/alcedrix.com\/\",\"logo\":{\"@type\":\"ImageObject\",\"inLanguage\":\"sq\",\"@id\":\"http:\/\/alcedrix.com\/#\/schema\/logo\/image\/\",\"url\":\"http:\/\/3.126.27.25\/wp-content\/uploads\/2023\/08\/logo-web.png\",\"contentUrl\":\"http:\/\/3.126.27.25\/wp-content\/uploads\/2023\/08\/logo-web.png\",\"width\":492,\"height\":93,\"caption\":\"Alcedrix\"},\"image\":{\"@id\":\"http:\/\/alcedrix.com\/#\/schema\/logo\/image\/\"},\"sameAs\":[\"https:\/\/www.facebook.com\/alcedrix\",\"https:\/\/www.instagram.com\/alcedrix\"]}]}<\/script>\n<!-- \/ Yoast SEO plugin. -->","yoast_head_json":{"title":"O`KEEFFE`S HEALTHY FEET EXFOLIATING TUBETE 60g - Alcedrix","robots":{"index":"index","follow":"follow","max-snippet":"max-snippet:-1","max-image-preview":"max-image-preview:large","max-video-preview":"max-video-preview:-1"},"canonical":"https:\/\/alcedrix.com\/sq\/shop\/okeefees-healthy-feet-exfoliating-tubete-60g\/","og_locale":"sq_AL","og_type":"article","og_title":"O`KEEFFE`S HEALTHY FEET EXFOLIATING TUBETE 60g - Alcedrix","og_description":"Leht\u00ebsim i garantuar p\u00ebr k\u00ebmb\u00ebt e plasaritura dhe jasht\u00ebzakonisht t\u00eb thata.  Me gjith\u00eb mir\u00ebsin\u00eb zbut\u00ebse t\u00eb l\u00ebkur\u00ebs q\u00eb e mund\u00ebson O'Keeffe's Healthy Feet, kremi i k\u00ebmb\u00ebve p\u00ebr eksfoliim nga O'Keeffe's e \u00e7on nj\u00eb hap m\u00eb tej. Ne krijuam kremin ton\u00eb eksfolues t\u00eb k\u00ebmb\u00ebve posa\u00e7\u00ebrisht p\u00ebr l\u00ebkur\u00eb t\u00eb that\u00eb, t\u00eb fort\u00eb dhe t\u00eb ashp\u00ebr t\u00eb k\u00ebmb\u00ebve. Formula shum\u00eb e p\u00ebrqendruar dhe me efekt afatgjat\u00eb heq n\u00eb m\u00ebnyr\u00eb efektive grumbullimin e qelizave t\u00eb vdekura t\u00eb l\u00ebkur\u00ebs s\u00eb that\u00eb dhe siguron k\u00ebmb\u00eb m\u00eb t\u00eb buta. Ky podukt ofron zgjidhje dy n\u00eb nj\u00eb p\u00ebr t'i mbajtur k\u00ebmb\u00ebt tuaja t\u00eb sh\u00ebndetshme dhe p\u00ebr t'u ndjer\u00eb shk\u00eblqyesh\u00ebm.","og_url":"https:\/\/alcedrix.com\/sq\/shop\/okeefees-healthy-feet-exfoliating-tubete-60g\/","og_site_name":"Alcedrix","article_publisher":"https:\/\/www.facebook.com\/alcedrix","article_modified_time":"2024-11-04T13:19:40+00:00","og_image":[{"width":700,"height":700,"url":"https:\/\/alcedrix.com\/wp-content\/uploads\/2024\/06\/OK_HF_EX_Tube_85g_Front_RGB-copy-2.png","type":"image\/png"}],"twitter_card":"summary_large_image","twitter_misc":{"Est. reading time":"1 minut\u00eb"},"schema":{"@context":"https:\/\/schema.org","@graph":[{"@type":"WebPage","@id":"https:\/\/alcedrix.com\/shop\/okeefees-healthy-feet-exfoliating-tubete-60g\/","url":"https:\/\/alcedrix.com\/shop\/okeefees-healthy-feet-exfoliating-tubete-60g\/","name":"O`KEEFFE`S HEALTHY FEET EXFOLIATING TUBETE 60g - Alcedrix","isPartOf":{"@id":"http:\/\/alcedrix.com\/#website"},"primaryImageOfPage":{"@id":"https:\/\/alcedrix.com\/shop\/okeefees-healthy-feet-exfoliating-tubete-60g\/#primaryimage"},"image":{"@id":"https:\/\/alcedrix.com\/shop\/okeefees-healthy-feet-exfoliating-tubete-60g\/#primaryimage"},"thumbnailUrl":"https:\/\/alcedrix.com\/wp-content\/uploads\/2024\/06\/OK_HF_EX_Tube_85g_Front_RGB-copy-2.png","datePublished":"2024-06-13T14:00:00+00:00","dateModified":"2024-11-04T13:19:40+00:00","breadcrumb":{"@id":"https:\/\/alcedrix.com\/shop\/okeefees-healthy-feet-exfoliating-tubete-60g\/#breadcrumb"},"inLanguage":"sq","potentialAction":[{"@type":"ReadAction","target":["https:\/\/alcedrix.com\/shop\/okeefees-healthy-feet-exfoliating-tubete-60g\/"]}]},{"@type":"ImageObject","inLanguage":"sq","@id":"https:\/\/alcedrix.com\/shop\/okeefees-healthy-feet-exfoliating-tubete-60g\/#primaryimage","url":"https:\/\/alcedrix.com\/wp-content\/uploads\/2024\/06\/OK_HF_EX_Tube_85g_Front_RGB-copy-2.png","contentUrl":"https:\/\/alcedrix.com\/wp-content\/uploads\/2024\/06\/OK_HF_EX_Tube_85g_Front_RGB-copy-2.png","width":700,"height":700},{"@type":"BreadcrumbList","@id":"https:\/\/alcedrix.com\/shop\/okeefees-healthy-feet-exfoliating-tubete-60g\/#breadcrumb","itemListElement":[{"@type":"ListItem","position":1,"name":"Home","item":"http:\/\/alcedrix.com\/"},{"@type":"ListItem","position":2,"name":"Shop","item":"https:\/\/alcedrix.com\/shop\/"},{"@type":"ListItem","position":3,"name":"O`KEEFFE`S HEALTHY FEET EXFOLIATING TUBETE 60g"}]},{"@type":"WebSite","@id":"http:\/\/alcedrix.com\/#website","url":"http:\/\/alcedrix.com\/","name":"Alcedrix","description":"Alcedrix","publisher":{"@id":"http:\/\/alcedrix.com\/#organization"},"potentialAction":[{"@type":"SearchAction","target":{"@type":"EntryPoint","urlTemplate":"http:\/\/alcedrix.com\/?s={search_term_string}"},"query-input":{"@type":"PropertyValueSpecification","valueRequired":true,"valueName":"search_term_string"}}],"inLanguage":"sq"},{"@type":"Organization","@id":"http:\/\/alcedrix.com\/#organization","name":"Alcedrix","url":"http:\/\/alcedrix.com\/","logo":{"@type":"ImageObject","inLanguage":"sq","@id":"http:\/\/alcedrix.com\/#\/schema\/logo\/image\/","url":"http:\/\/3.126.27.25\/wp-content\/uploads\/2023\/08\/logo-web.png","contentUrl":"http:\/\/3.126.27.25\/wp-content\/uploads\/2023\/08\/logo-web.png","width":492,"height":93,"caption":"Alcedrix"},"image":{"@id":"http:\/\/alcedrix.com\/#\/schema\/logo\/image\/"},"sameAs":["https:\/\/www.facebook.com\/alcedrix","https:\/\/www.instagram.com\/alcedrix"]}]}},"_links":{"self":[{"href":"https:\/\/alcedrix.com\/sq\/wp-json\/wp\/v2\/product\/9314"}],"collection":[{"href":"https:\/\/alcedrix.com\/sq\/wp-json\/wp\/v2\/product"}],"about":[{"href":"https:\/\/alcedrix.com\/sq\/wp-json\/wp\/v2\/types\/product"}],"version-history":[{"count":2,"href":"https:\/\/alcedrix.com\/sq\/wp-json\/wp\/v2\/product\/9314\/revisions"}],"predecessor-version":[{"id":9512,"href":"https:\/\/alcedrix.com\/sq\/wp-json\/wp\/v2\/product\/9314\/revisions\/9512"}],"wp:featuredmedia":[{"embeddable":true,"href":"https:\/\/alcedrix.com\/sq\/wp-json\/wp\/v2\/media\/9317"}],"wp:attachment":[{"href":"https:\/\/alcedrix.com\/sq\/wp-json\/wp\/v2\/media?parent=9314"}],"wp:term":[{"taxonomy":"product_cat","embeddable":true,"href":"https:\/\/alcedrix.com\/sq\/wp-json\/wp\/v2\/product_cat?post=9314"},{"taxonomy":"product_tag","embeddable":true,"href":"https:\/\/alcedrix.com\/sq\/wp-json\/wp\/v2\/product_tag?post=9314"}],"curies":[{"name":"wp","href":"https:\/\/api.w.org\/{rel}","templated":true}]}}