{"id":8955,"date":"2024-05-16T12:27:28","date_gmt":"2024-05-16T12:27:28","guid":{"rendered":"http:\/\/3.126.27.25\/?post_type=product&#038;p=8955"},"modified":"2024-07-26T12:46:38","modified_gmt":"2024-07-26T12:46:38","slug":"okeefees-working-hands-tubete-60g","status":"publish","type":"product","link":"https:\/\/alcedrix.com\/sq\/shop\/okeefees-working-hands-tubete-60g\/","title":{"rendered":"O`KEEFFE`S WORKING HANDS TUBETE 60g"},"content":{"rendered":"<p>We developed O\u2019Keeffe\u2019s Working Hands specifically for the people who need it most. Our highly-concentrated unique formula was developed to hydrate and\u00a0relieve\u00a0the skin to provide long-lasting moisturisation for even the most severe cases of dry, cracked hands.<\/p>\n<p>When the skin\u2019s upper layers are disrupted and damaged, it has a much harder time holding onto the hydration it needs to stay healthy. This leads to dry, cracked and painful skin. O\u2019Keeffe\u2019s Working Hands not only prevents moisture loss from occurring, but it also draws moisture into the skin to get your hands back into working shape, quickly. The protective barrier seals in the hydration for long-lasting relief.<\/p>\n<p>For best results, use O\u2019Keeffe\u2019s Working Hands throughout the day as needed. Apply sparingly, a little goes a long way!<\/p>\n<p><img fetchpriority=\"high\" decoding=\"async\" class=\"alignnone size-full wp-image-8959\" src=\"http:\/\/3.126.27.25\/wp-content\/uploads\/2024\/05\/WH-unscented1.png\" alt=\"\" width=\"234\" height=\"290\" data-wp-editing=\"1\" srcset=\"https:\/\/alcedrix.com\/wp-content\/uploads\/2024\/05\/WH-unscented1.png 234w, https:\/\/alcedrix.com\/wp-content\/uploads\/2024\/05\/WH-unscented1-10x12.png 10w\" sizes=\"(max-width: 234px) 100vw, 234px\" \/> <img decoding=\"async\" class=\"alignnone size-full wp-image-8960\" src=\"http:\/\/3.126.27.25\/wp-content\/uploads\/2024\/05\/WH-protects1.png\" alt=\"\" width=\"234\" height=\"290\" srcset=\"https:\/\/alcedrix.com\/wp-content\/uploads\/2024\/05\/WH-protects1.png 234w, https:\/\/alcedrix.com\/wp-content\/uploads\/2024\/05\/WH-protects1-10x12.png 10w\" sizes=\"(max-width: 234px) 100vw, 234px\" \/> <img decoding=\"async\" class=\"alignnone size-full wp-image-8961\" src=\"http:\/\/3.126.27.25\/wp-content\/uploads\/2024\/05\/WH-moisture-loss1.png\" alt=\"\" width=\"234\" height=\"290\" srcset=\"https:\/\/alcedrix.com\/wp-content\/uploads\/2024\/05\/WH-moisture-loss1.png 234w, https:\/\/alcedrix.com\/wp-content\/uploads\/2024\/05\/WH-moisture-loss1-10x12.png 10w\" sizes=\"(max-width: 234px) 100vw, 234px\" \/><\/p>\n<p>Guaranteed Relief for Extremely Dry, Cracked Hands.<\/p>\n<p>From builders to nurses, busy parents to beauticians; working with your hands all day, every day can be pretty tough on the skin. Dry, cracked skin can cause discomfort especially for workers who rely day-to-day on their hands. That\u2019s why we set out to make a product specifically for those people.<\/p>\n<p>O&#8217;Keeffe&#8217;s Working Hands hand cream not only replenishes the moisture levels in the skin, but also provides the skin with the protection it needs. Non-greasy and unscented, our seriously hydrating formula works as hard as you do.<\/p>\n<p>&nbsp;<\/p>\n<h1 style=\"text-align: center;\">PARA<\/h1>\n<p><img loading=\"lazy\" decoding=\"async\" class=\"size-medium wp-image-8919 aligncenter\" src=\"http:\/\/3.126.27.25\/wp-content\/uploads\/2024\/05\/Slider-Before-photo1-300x235.png\" alt=\"\" width=\"300\" height=\"235\" srcset=\"https:\/\/alcedrix.com\/wp-content\/uploads\/2024\/05\/Slider-Before-photo1-300x235.png 300w, https:\/\/alcedrix.com\/wp-content\/uploads\/2024\/05\/Slider-Before-photo1-15x12.png 15w, https:\/\/alcedrix.com\/wp-content\/uploads\/2024\/05\/Slider-Before-photo1-600x470.png 600w, https:\/\/alcedrix.com\/wp-content\/uploads\/2024\/05\/Slider-Before-photo1.png 674w\" sizes=\"(max-width: 300px) 100vw, 300px\" \/><\/p>\n<h1 style=\"text-align: center;\">PAS<\/h1>\n<p><img loading=\"lazy\" decoding=\"async\" class=\"size-medium wp-image-8920 aligncenter\" src=\"http:\/\/3.126.27.25\/wp-content\/uploads\/2024\/05\/Slider-After-photo1-300x235.png\" alt=\"\" width=\"300\" height=\"235\" srcset=\"https:\/\/alcedrix.com\/wp-content\/uploads\/2024\/05\/Slider-After-photo1-300x235.png 300w, https:\/\/alcedrix.com\/wp-content\/uploads\/2024\/05\/Slider-After-photo1-15x12.png 15w, https:\/\/alcedrix.com\/wp-content\/uploads\/2024\/05\/Slider-After-photo1-600x470.png 600w, https:\/\/alcedrix.com\/wp-content\/uploads\/2024\/05\/Slider-After-photo1.png 674w\" sizes=\"(max-width: 300px) 100vw, 300px\" \/><\/p>","protected":false},"excerpt":{"rendered":"<p>Leht\u00ebsim i garantuar p\u00ebr duar jasht\u00ebzakonisht t\u00eb thata dhe t\u00eb plasaritura.<\/p>\n<p>L\u00ebkura e that\u00eb dhe e plasaritur mund t\u00eb shkaktoj\u00eb shqet\u00ebsim ve\u00e7an\u00ebrisht p\u00ebr pun\u00ebtor\u00ebt t\u00eb cil\u00ebt \u00e7do dit\u00eb i sforcojn\u00eb duart e tyre dhe n\u00eb asnj\u00eb moment nuk mund ti ken\u00eb ato t\u00eb sh\u00ebndetshme. Kjo \u00ebsht\u00eb arsyeja pse ne kemi vendosur t\u00eb b\u00ebjm\u00eb nj\u00eb produkt posa\u00e7\u00ebrisht p\u00ebr ata njer\u00ebz.<\/p>\n<p>Kremi i duarve O&#8217;Keeffe&#8217;s Working Hands jo vet\u00ebm q\u00eb plot\u00ebson nivelet e lag\u00ebshtis\u00eb n\u00eb l\u00ebkur\u00eb duke e hidratuar at\u00eb, por gjithashtu i siguron l\u00ebkur\u00ebs mbrojtjen q\u00eb i nevojitet. Pa yndyr\u00eb dhe pa arom\u00eb, formula jon\u00eb hidratuese funksionon aq fort sa mund t\u00eb keni rezultate shum\u00eb t\u00eb k\u00ebnaqshme.<\/p>","protected":false},"featured_media":8914,"template":"","meta":[],"product_cat":[102,150],"product_tag":[],"class_list":{"0":"post-8955","1":"product","2":"type-product","3":"status-publish","4":"has-post-thumbnail","6":"product_cat-lekura-dhe-floku","7":"product_cat-okeeffes","9":"first","10":"instock","11":"taxable","12":"shipping-taxable","13":"purchasable","14":"product-type-simple"},"yoast_head":"<!-- This site is optimized with the Yoast SEO plugin v23.6 - https:\/\/yoast.com\/wordpress\/plugins\/seo\/ -->\n<title>O`KEEFFE`S WORKING HANDS TUBETE 60g - Alcedrix<\/title>\n<meta name=\"robots\" content=\"index, follow, max-snippet:-1, max-image-preview:large, max-video-preview:-1\" \/>\n<link rel=\"canonical\" href=\"https:\/\/alcedrix.com\/sq\/shop\/okeefees-working-hands-tubete-60g\/\" \/>\n<meta property=\"og:locale\" content=\"sq_AL\" \/>\n<meta property=\"og:type\" content=\"article\" \/>\n<meta property=\"og:title\" content=\"O`KEEFFE`S WORKING HANDS TUBETE 60g - Alcedrix\" \/>\n<meta property=\"og:description\" content=\"Leht\u00ebsim i garantuar p\u00ebr duar jasht\u00ebzakonisht t\u00eb thata dhe t\u00eb plasaritura.  L\u00ebkura e that\u00eb dhe e plasaritur mund t\u00eb shkaktoj\u00eb shqet\u00ebsim ve\u00e7an\u00ebrisht p\u00ebr pun\u00ebtor\u00ebt t\u00eb cil\u00ebt \u00e7do dit\u00eb i sforcojn\u00eb duart e tyre dhe n\u00eb asnj\u00eb moment nuk mund ti ken\u00eb ato t\u00eb sh\u00ebndetshme. Kjo \u00ebsht\u00eb arsyeja pse ne kemi vendosur t\u00eb b\u00ebjm\u00eb nj\u00eb produkt posa\u00e7\u00ebrisht p\u00ebr ata njer\u00ebz.  Kremi i duarve O&#039;Keeffe&#039;s Working Hands jo vet\u00ebm q\u00eb plot\u00ebson nivelet e lag\u00ebshtis\u00eb n\u00eb l\u00ebkur\u00eb duke e hidratuar at\u00eb, por gjithashtu i siguron l\u00ebkur\u00ebs mbrojtjen q\u00eb i nevojitet. Pa yndyr\u00eb dhe pa arom\u00eb, formula jon\u00eb hidratuese funksionon aq fort sa mund t\u00eb keni rezultate shum\u00eb t\u00eb k\u00ebnaqshme.\" \/>\n<meta property=\"og:url\" content=\"https:\/\/alcedrix.com\/sq\/shop\/okeefees-working-hands-tubete-60g\/\" \/>\n<meta property=\"og:site_name\" content=\"Alcedrix\" \/>\n<meta property=\"article:publisher\" content=\"https:\/\/www.facebook.com\/alcedrix\" \/>\n<meta property=\"article:modified_time\" content=\"2024-07-26T12:46:38+00:00\" \/>\n<meta property=\"og:image\" content=\"https:\/\/alcedrix.com\/wp-content\/uploads\/2024\/05\/WH_TUBE_60.png\" \/>\n\t<meta property=\"og:image:width\" content=\"700\" \/>\n\t<meta property=\"og:image:height\" content=\"700\" \/>\n\t<meta property=\"og:image:type\" content=\"image\/png\" \/>\n<meta name=\"twitter:card\" content=\"summary_large_image\" \/>\n<script type=\"application\/ld+json\" class=\"yoast-schema-graph\">{\"@context\":\"https:\/\/schema.org\",\"@graph\":[{\"@type\":\"WebPage\",\"@id\":\"https:\/\/alcedrix.com\/shop\/okeefees-working-hands-tubete-60g\/\",\"url\":\"https:\/\/alcedrix.com\/shop\/okeefees-working-hands-tubete-60g\/\",\"name\":\"O`KEEFFE`S WORKING HANDS TUBETE 60g - Alcedrix\",\"isPartOf\":{\"@id\":\"http:\/\/alcedrix.com\/#website\"},\"primaryImageOfPage\":{\"@id\":\"https:\/\/alcedrix.com\/shop\/okeefees-working-hands-tubete-60g\/#primaryimage\"},\"image\":{\"@id\":\"https:\/\/alcedrix.com\/shop\/okeefees-working-hands-tubete-60g\/#primaryimage\"},\"thumbnailUrl\":\"https:\/\/alcedrix.com\/wp-content\/uploads\/2024\/05\/WH_TUBE_60.png\",\"datePublished\":\"2024-05-16T12:27:28+00:00\",\"dateModified\":\"2024-07-26T12:46:38+00:00\",\"breadcrumb\":{\"@id\":\"https:\/\/alcedrix.com\/shop\/okeefees-working-hands-tubete-60g\/#breadcrumb\"},\"inLanguage\":\"sq\",\"potentialAction\":[{\"@type\":\"ReadAction\",\"target\":[\"https:\/\/alcedrix.com\/shop\/okeefees-working-hands-tubete-60g\/\"]}]},{\"@type\":\"ImageObject\",\"inLanguage\":\"sq\",\"@id\":\"https:\/\/alcedrix.com\/shop\/okeefees-working-hands-tubete-60g\/#primaryimage\",\"url\":\"https:\/\/alcedrix.com\/wp-content\/uploads\/2024\/05\/WH_TUBE_60.png\",\"contentUrl\":\"https:\/\/alcedrix.com\/wp-content\/uploads\/2024\/05\/WH_TUBE_60.png\",\"width\":700,\"height\":700},{\"@type\":\"BreadcrumbList\",\"@id\":\"https:\/\/alcedrix.com\/shop\/okeefees-working-hands-tubete-60g\/#breadcrumb\",\"itemListElement\":[{\"@type\":\"ListItem\",\"position\":1,\"name\":\"Home\",\"item\":\"http:\/\/alcedrix.com\/\"},{\"@type\":\"ListItem\",\"position\":2,\"name\":\"Shop\",\"item\":\"http:\/\/alcedrix.com\/shop\/\"},{\"@type\":\"ListItem\",\"position\":3,\"name\":\"O`KEEFFE`S WORKING HANDS TUBETE 60g\"}]},{\"@type\":\"WebSite\",\"@id\":\"http:\/\/alcedrix.com\/#website\",\"url\":\"http:\/\/alcedrix.com\/\",\"name\":\"Alcedrix\",\"description\":\"Alcedrix\",\"publisher\":{\"@id\":\"http:\/\/alcedrix.com\/#organization\"},\"potentialAction\":[{\"@type\":\"SearchAction\",\"target\":{\"@type\":\"EntryPoint\",\"urlTemplate\":\"http:\/\/alcedrix.com\/?s={search_term_string}\"},\"query-input\":{\"@type\":\"PropertyValueSpecification\",\"valueRequired\":true,\"valueName\":\"search_term_string\"}}],\"inLanguage\":\"sq\"},{\"@type\":\"Organization\",\"@id\":\"http:\/\/alcedrix.com\/#organization\",\"name\":\"Alcedrix\",\"url\":\"http:\/\/alcedrix.com\/\",\"logo\":{\"@type\":\"ImageObject\",\"inLanguage\":\"sq\",\"@id\":\"http:\/\/alcedrix.com\/#\/schema\/logo\/image\/\",\"url\":\"http:\/\/3.126.27.25\/wp-content\/uploads\/2023\/08\/logo-web.png\",\"contentUrl\":\"http:\/\/3.126.27.25\/wp-content\/uploads\/2023\/08\/logo-web.png\",\"width\":492,\"height\":93,\"caption\":\"Alcedrix\"},\"image\":{\"@id\":\"http:\/\/alcedrix.com\/#\/schema\/logo\/image\/\"},\"sameAs\":[\"https:\/\/www.facebook.com\/alcedrix\",\"https:\/\/www.instagram.com\/alcedrix\"]}]}<\/script>\n<!-- \/ Yoast SEO plugin. -->","yoast_head_json":{"title":"O`KEEFFE`S WORKING HANDS TUBETE 60g - Alcedrix","robots":{"index":"index","follow":"follow","max-snippet":"max-snippet:-1","max-image-preview":"max-image-preview:large","max-video-preview":"max-video-preview:-1"},"canonical":"https:\/\/alcedrix.com\/sq\/shop\/okeefees-working-hands-tubete-60g\/","og_locale":"sq_AL","og_type":"article","og_title":"O`KEEFFE`S WORKING HANDS TUBETE 60g - Alcedrix","og_description":"Leht\u00ebsim i garantuar p\u00ebr duar jasht\u00ebzakonisht t\u00eb thata dhe t\u00eb plasaritura.  L\u00ebkura e that\u00eb dhe e plasaritur mund t\u00eb shkaktoj\u00eb shqet\u00ebsim ve\u00e7an\u00ebrisht p\u00ebr pun\u00ebtor\u00ebt t\u00eb cil\u00ebt \u00e7do dit\u00eb i sforcojn\u00eb duart e tyre dhe n\u00eb asnj\u00eb moment nuk mund ti ken\u00eb ato t\u00eb sh\u00ebndetshme. Kjo \u00ebsht\u00eb arsyeja pse ne kemi vendosur t\u00eb b\u00ebjm\u00eb nj\u00eb produkt posa\u00e7\u00ebrisht p\u00ebr ata njer\u00ebz.  Kremi i duarve O'Keeffe's Working Hands jo vet\u00ebm q\u00eb plot\u00ebson nivelet e lag\u00ebshtis\u00eb n\u00eb l\u00ebkur\u00eb duke e hidratuar at\u00eb, por gjithashtu i siguron l\u00ebkur\u00ebs mbrojtjen q\u00eb i nevojitet. Pa yndyr\u00eb dhe pa arom\u00eb, formula jon\u00eb hidratuese funksionon aq fort sa mund t\u00eb keni rezultate shum\u00eb t\u00eb k\u00ebnaqshme.","og_url":"https:\/\/alcedrix.com\/sq\/shop\/okeefees-working-hands-tubete-60g\/","og_site_name":"Alcedrix","article_publisher":"https:\/\/www.facebook.com\/alcedrix","article_modified_time":"2024-07-26T12:46:38+00:00","og_image":[{"width":700,"height":700,"url":"https:\/\/alcedrix.com\/wp-content\/uploads\/2024\/05\/WH_TUBE_60.png","type":"image\/png"}],"twitter_card":"summary_large_image","schema":{"@context":"https:\/\/schema.org","@graph":[{"@type":"WebPage","@id":"https:\/\/alcedrix.com\/shop\/okeefees-working-hands-tubete-60g\/","url":"https:\/\/alcedrix.com\/shop\/okeefees-working-hands-tubete-60g\/","name":"O`KEEFFE`S WORKING HANDS TUBETE 60g - Alcedrix","isPartOf":{"@id":"http:\/\/alcedrix.com\/#website"},"primaryImageOfPage":{"@id":"https:\/\/alcedrix.com\/shop\/okeefees-working-hands-tubete-60g\/#primaryimage"},"image":{"@id":"https:\/\/alcedrix.com\/shop\/okeefees-working-hands-tubete-60g\/#primaryimage"},"thumbnailUrl":"https:\/\/alcedrix.com\/wp-content\/uploads\/2024\/05\/WH_TUBE_60.png","datePublished":"2024-05-16T12:27:28+00:00","dateModified":"2024-07-26T12:46:38+00:00","breadcrumb":{"@id":"https:\/\/alcedrix.com\/shop\/okeefees-working-hands-tubete-60g\/#breadcrumb"},"inLanguage":"sq","potentialAction":[{"@type":"ReadAction","target":["https:\/\/alcedrix.com\/shop\/okeefees-working-hands-tubete-60g\/"]}]},{"@type":"ImageObject","inLanguage":"sq","@id":"https:\/\/alcedrix.com\/shop\/okeefees-working-hands-tubete-60g\/#primaryimage","url":"https:\/\/alcedrix.com\/wp-content\/uploads\/2024\/05\/WH_TUBE_60.png","contentUrl":"https:\/\/alcedrix.com\/wp-content\/uploads\/2024\/05\/WH_TUBE_60.png","width":700,"height":700},{"@type":"BreadcrumbList","@id":"https:\/\/alcedrix.com\/shop\/okeefees-working-hands-tubete-60g\/#breadcrumb","itemListElement":[{"@type":"ListItem","position":1,"name":"Home","item":"http:\/\/alcedrix.com\/"},{"@type":"ListItem","position":2,"name":"Shop","item":"http:\/\/alcedrix.com\/shop\/"},{"@type":"ListItem","position":3,"name":"O`KEEFFE`S WORKING HANDS TUBETE 60g"}]},{"@type":"WebSite","@id":"http:\/\/alcedrix.com\/#website","url":"http:\/\/alcedrix.com\/","name":"Alcedrix","description":"Alcedrix","publisher":{"@id":"http:\/\/alcedrix.com\/#organization"},"potentialAction":[{"@type":"SearchAction","target":{"@type":"EntryPoint","urlTemplate":"http:\/\/alcedrix.com\/?s={search_term_string}"},"query-input":{"@type":"PropertyValueSpecification","valueRequired":true,"valueName":"search_term_string"}}],"inLanguage":"sq"},{"@type":"Organization","@id":"http:\/\/alcedrix.com\/#organization","name":"Alcedrix","url":"http:\/\/alcedrix.com\/","logo":{"@type":"ImageObject","inLanguage":"sq","@id":"http:\/\/alcedrix.com\/#\/schema\/logo\/image\/","url":"http:\/\/3.126.27.25\/wp-content\/uploads\/2023\/08\/logo-web.png","contentUrl":"http:\/\/3.126.27.25\/wp-content\/uploads\/2023\/08\/logo-web.png","width":492,"height":93,"caption":"Alcedrix"},"image":{"@id":"http:\/\/alcedrix.com\/#\/schema\/logo\/image\/"},"sameAs":["https:\/\/www.facebook.com\/alcedrix","https:\/\/www.instagram.com\/alcedrix"]}]}},"_links":{"self":[{"href":"https:\/\/alcedrix.com\/sq\/wp-json\/wp\/v2\/product\/8955"}],"collection":[{"href":"https:\/\/alcedrix.com\/sq\/wp-json\/wp\/v2\/product"}],"about":[{"href":"https:\/\/alcedrix.com\/sq\/wp-json\/wp\/v2\/types\/product"}],"version-history":[{"count":13,"href":"https:\/\/alcedrix.com\/sq\/wp-json\/wp\/v2\/product\/8955\/revisions"}],"predecessor-version":[{"id":9083,"href":"https:\/\/alcedrix.com\/sq\/wp-json\/wp\/v2\/product\/8955\/revisions\/9083"}],"wp:featuredmedia":[{"embeddable":true,"href":"https:\/\/alcedrix.com\/sq\/wp-json\/wp\/v2\/media\/8914"}],"wp:attachment":[{"href":"https:\/\/alcedrix.com\/sq\/wp-json\/wp\/v2\/media?parent=8955"}],"wp:term":[{"taxonomy":"product_cat","embeddable":true,"href":"https:\/\/alcedrix.com\/sq\/wp-json\/wp\/v2\/product_cat?post=8955"},{"taxonomy":"product_tag","embeddable":true,"href":"https:\/\/alcedrix.com\/sq\/wp-json\/wp\/v2\/product_tag?post=8955"}],"curies":[{"name":"wp","href":"https:\/\/api.w.org\/{rel}","templated":true}]}}