{"id":8934,"date":"2024-05-15T11:33:52","date_gmt":"2024-05-15T11:33:52","guid":{"rendered":"http:\/\/3.126.27.25\/?post_type=product&#038;p=8934"},"modified":"2024-11-04T13:18:37","modified_gmt":"2024-11-04T13:18:37","slug":"okeefees-lip-repair-spf-4-2g","status":"publish","type":"product","link":"https:\/\/alcedrix.com\/sq\/shop\/okeefees-lip-repair-spf-4-2g\/","title":{"rendered":"O`KEEFFE`S LIP REPAIR SPF 4.2g"},"content":{"rendered":"<p>DETAJET E PRODUKTIT<\/p>\n<p>O&#8217;Keeffe&#8217;s Lip Repair krijon nj\u00eb mburoj\u00eb fleksibile q\u00eb l\u00ebviz me buz\u00ebt tuaja p\u00ebr t&#8217;ju ndihmuar t\u00eb mbani buz\u00ebt e thata dhe t\u00eb plasaritura t\u00eb mbrojtura edhe nga mjediset m\u00eb t\u00eb v\u00ebshtira. Formula e tij me q\u00ebndrueshm\u00ebri afatgjate e b\u00ebn at\u00eb t\u00eb p\u00ebrsosur kur jeni n\u00eb l\u00ebvizje, duke siguruar lag\u00ebshti gjat\u00eb gjith\u00eb dit\u00ebs me vet\u00ebm nj\u00eb aplikim.<\/p>\n<p>Shum\u00eb balsame t\u00eb tjer\u00eb buz\u00ebsh p\u00ebrfshijn\u00eb vet\u00ebm nj\u00eb ose dy lloje p\u00ebrb\u00ebr\u00ebsish hidratues. O&#8217;Keeffe&#8217;s Lip Repair p\u00ebrmban shtat\u00eb t\u00eb till\u00eb. Jo vet\u00ebm kaq, por ne i p\u00ebrdorim p\u00ebrb\u00ebr\u00ebsit m\u00eb cil\u00ebsor\u00eb me p\u00ebrqendrim shum\u00eb m\u00eb t\u00eb lart\u00eb.<\/p>\n<p>P\u00ebr rezultate m\u00eb t\u00eb mira, aplikoni O&#8217;Keeffe&#8217;s Lip Repair n\u00eb m\u00ebngjes dhe shijoni hidratim dhe mbrojtje qet\u00ebsuese gjat\u00eb gjith\u00eb dit\u00ebs. Zgjidhni midis versioneve tona pa arom\u00eb ose me SPF.<\/p>","protected":false},"excerpt":{"rendered":"<p>Leht\u00ebsim i garantuar p\u00ebr buz\u00ebt jasht\u00ebzakonisht t\u00eb thata dhe t\u00eb plasaritura<\/p>\n<p>P\u00ebr buz\u00ebt e plasaritura, O&#8217;Keeffe&#8217;s Lip Repair \u00ebsht\u00eb zgjidhja perfekte. Formula jon\u00eb shum\u00eb efektive leht\u00ebson, ndihmon n\u00eb riparimin dhe hidraton buz\u00ebt e thata p\u00ebr duke i kthyer ato n\u00eb t\u00eb buta, t\u00eb l\u00ebmuara dhe t\u00eb sh\u00ebndetshme gjat\u00eb gjith\u00eb dit\u00ebs. Duke ofruar hidratim t\u00eb q\u00ebndruesh\u00ebm deri n\u00eb 24 or\u00eb, O&#8217;Keeffe&#8217;s Lip Repair \u00ebsht\u00eb v\u00ebrtetuar klinikisht se funksionon vet\u00ebm me nj\u00eb aplikim. Kjo \u00ebsht\u00eb e sakt, nuk ka m\u00eb nevoj\u00eb t\u00eb aplikoni dhe t\u00eb riaplikoni gjat\u00eb gjith\u00eb dit\u00ebs, as pasi t\u00eb keni ngr\u00ebn\u00eb ose pir\u00eb di\u00e7ka!<\/p>","protected":false},"featured_media":8935,"template":"","meta":[],"product_cat":[102,150],"product_tag":[],"class_list":{"0":"post-8934","1":"product","2":"type-product","3":"status-publish","4":"has-post-thumbnail","6":"product_cat-lekura-dhe-floku","7":"product_cat-okeeffes","9":"first","10":"instock","11":"taxable","12":"shipping-taxable","13":"purchasable","14":"product-type-simple"},"yoast_head":"<!-- This site is optimized with the Yoast SEO plugin v23.6 - https:\/\/yoast.com\/wordpress\/plugins\/seo\/ -->\n<title>O`KEEFFE`S LIP REPAIR SPF 4.2g - Alcedrix<\/title>\n<meta name=\"robots\" content=\"index, follow, max-snippet:-1, max-image-preview:large, max-video-preview:-1\" \/>\n<link rel=\"canonical\" href=\"https:\/\/alcedrix.com\/sq\/shop\/okeefees-lip-repair-spf-4-2g\/\" \/>\n<meta property=\"og:locale\" content=\"sq_AL\" \/>\n<meta property=\"og:type\" content=\"article\" \/>\n<meta property=\"og:title\" content=\"O`KEEFFE`S LIP REPAIR SPF 4.2g - Alcedrix\" \/>\n<meta property=\"og:description\" content=\"Leht\u00ebsim i garantuar p\u00ebr buz\u00ebt jasht\u00ebzakonisht t\u00eb thata dhe t\u00eb plasaritura  P\u00ebr buz\u00ebt e plasaritura, O&#039;Keeffe&#039;s Lip Repair \u00ebsht\u00eb zgjidhja perfekte. Formula jon\u00eb shum\u00eb efektive leht\u00ebson, ndihmon n\u00eb riparimin dhe hidraton buz\u00ebt e thata p\u00ebr duke i kthyer ato n\u00eb t\u00eb buta, t\u00eb l\u00ebmuara dhe t\u00eb sh\u00ebndetshme gjat\u00eb gjith\u00eb dit\u00ebs. Duke ofruar hidratim t\u00eb q\u00ebndruesh\u00ebm deri n\u00eb 24 or\u00eb, O&#039;Keeffe&#039;s Lip Repair \u00ebsht\u00eb v\u00ebrtetuar klinikisht se funksionon vet\u00ebm me nj\u00eb aplikim. Kjo \u00ebsht\u00eb e sakt, nuk ka m\u00eb nevoj\u00eb t\u00eb aplikoni dhe t\u00eb riaplikoni gjat\u00eb gjith\u00eb dit\u00ebs, as pasi t\u00eb keni ngr\u00ebn\u00eb ose pir\u00eb di\u00e7ka!\" \/>\n<meta property=\"og:url\" content=\"https:\/\/alcedrix.com\/sq\/shop\/okeefees-lip-repair-spf-4-2g\/\" \/>\n<meta property=\"og:site_name\" content=\"Alcedrix\" \/>\n<meta property=\"article:publisher\" content=\"https:\/\/www.facebook.com\/alcedrix\" \/>\n<meta property=\"article:modified_time\" content=\"2024-11-04T13:18:37+00:00\" \/>\n<meta property=\"og:image\" content=\"https:\/\/alcedrix.com\/wp-content\/uploads\/2024\/05\/LR_SPF.png\" \/>\n\t<meta property=\"og:image:width\" content=\"1300\" \/>\n\t<meta property=\"og:image:height\" content=\"1300\" \/>\n\t<meta property=\"og:image:type\" content=\"image\/png\" \/>\n<meta name=\"twitter:card\" content=\"summary_large_image\" \/>\n<meta name=\"twitter:label1\" content=\"Est. reading time\" \/>\n\t<meta name=\"twitter:data1\" content=\"1 minut\u00eb\" \/>\n<script type=\"application\/ld+json\" class=\"yoast-schema-graph\">{\"@context\":\"https:\/\/schema.org\",\"@graph\":[{\"@type\":\"WebPage\",\"@id\":\"https:\/\/alcedrix.com\/shop\/okeefees-lip-repair-spf-4-2g\/\",\"url\":\"https:\/\/alcedrix.com\/shop\/okeefees-lip-repair-spf-4-2g\/\",\"name\":\"O`KEEFFE`S LIP REPAIR SPF 4.2g - Alcedrix\",\"isPartOf\":{\"@id\":\"http:\/\/alcedrix.com\/#website\"},\"primaryImageOfPage\":{\"@id\":\"https:\/\/alcedrix.com\/shop\/okeefees-lip-repair-spf-4-2g\/#primaryimage\"},\"image\":{\"@id\":\"https:\/\/alcedrix.com\/shop\/okeefees-lip-repair-spf-4-2g\/#primaryimage\"},\"thumbnailUrl\":\"https:\/\/alcedrix.com\/wp-content\/uploads\/2024\/05\/LR_SPF.png\",\"datePublished\":\"2024-05-15T11:33:52+00:00\",\"dateModified\":\"2024-11-04T13:18:37+00:00\",\"breadcrumb\":{\"@id\":\"https:\/\/alcedrix.com\/shop\/okeefees-lip-repair-spf-4-2g\/#breadcrumb\"},\"inLanguage\":\"sq\",\"potentialAction\":[{\"@type\":\"ReadAction\",\"target\":[\"https:\/\/alcedrix.com\/shop\/okeefees-lip-repair-spf-4-2g\/\"]}]},{\"@type\":\"ImageObject\",\"inLanguage\":\"sq\",\"@id\":\"https:\/\/alcedrix.com\/shop\/okeefees-lip-repair-spf-4-2g\/#primaryimage\",\"url\":\"https:\/\/alcedrix.com\/wp-content\/uploads\/2024\/05\/LR_SPF.png\",\"contentUrl\":\"https:\/\/alcedrix.com\/wp-content\/uploads\/2024\/05\/LR_SPF.png\",\"width\":1300,\"height\":1300},{\"@type\":\"BreadcrumbList\",\"@id\":\"https:\/\/alcedrix.com\/shop\/okeefees-lip-repair-spf-4-2g\/#breadcrumb\",\"itemListElement\":[{\"@type\":\"ListItem\",\"position\":1,\"name\":\"Home\",\"item\":\"http:\/\/alcedrix.com\/\"},{\"@type\":\"ListItem\",\"position\":2,\"name\":\"Shop\",\"item\":\"https:\/\/alcedrix.com\/shop\/\"},{\"@type\":\"ListItem\",\"position\":3,\"name\":\"O`KEEFFE`S LIP REPAIR SPF 4.2g\"}]},{\"@type\":\"WebSite\",\"@id\":\"http:\/\/alcedrix.com\/#website\",\"url\":\"http:\/\/alcedrix.com\/\",\"name\":\"Alcedrix\",\"description\":\"Alcedrix\",\"publisher\":{\"@id\":\"http:\/\/alcedrix.com\/#organization\"},\"potentialAction\":[{\"@type\":\"SearchAction\",\"target\":{\"@type\":\"EntryPoint\",\"urlTemplate\":\"http:\/\/alcedrix.com\/?s={search_term_string}\"},\"query-input\":{\"@type\":\"PropertyValueSpecification\",\"valueRequired\":true,\"valueName\":\"search_term_string\"}}],\"inLanguage\":\"sq\"},{\"@type\":\"Organization\",\"@id\":\"http:\/\/alcedrix.com\/#organization\",\"name\":\"Alcedrix\",\"url\":\"http:\/\/alcedrix.com\/\",\"logo\":{\"@type\":\"ImageObject\",\"inLanguage\":\"sq\",\"@id\":\"http:\/\/alcedrix.com\/#\/schema\/logo\/image\/\",\"url\":\"http:\/\/3.126.27.25\/wp-content\/uploads\/2023\/08\/logo-web.png\",\"contentUrl\":\"http:\/\/3.126.27.25\/wp-content\/uploads\/2023\/08\/logo-web.png\",\"width\":492,\"height\":93,\"caption\":\"Alcedrix\"},\"image\":{\"@id\":\"http:\/\/alcedrix.com\/#\/schema\/logo\/image\/\"},\"sameAs\":[\"https:\/\/www.facebook.com\/alcedrix\",\"https:\/\/www.instagram.com\/alcedrix\"]}]}<\/script>\n<!-- \/ Yoast SEO plugin. -->","yoast_head_json":{"title":"O`KEEFFE`S LIP REPAIR SPF 4.2g - Alcedrix","robots":{"index":"index","follow":"follow","max-snippet":"max-snippet:-1","max-image-preview":"max-image-preview:large","max-video-preview":"max-video-preview:-1"},"canonical":"https:\/\/alcedrix.com\/sq\/shop\/okeefees-lip-repair-spf-4-2g\/","og_locale":"sq_AL","og_type":"article","og_title":"O`KEEFFE`S LIP REPAIR SPF 4.2g - Alcedrix","og_description":"Leht\u00ebsim i garantuar p\u00ebr buz\u00ebt jasht\u00ebzakonisht t\u00eb thata dhe t\u00eb plasaritura  P\u00ebr buz\u00ebt e plasaritura, O'Keeffe's Lip Repair \u00ebsht\u00eb zgjidhja perfekte. Formula jon\u00eb shum\u00eb efektive leht\u00ebson, ndihmon n\u00eb riparimin dhe hidraton buz\u00ebt e thata p\u00ebr duke i kthyer ato n\u00eb t\u00eb buta, t\u00eb l\u00ebmuara dhe t\u00eb sh\u00ebndetshme gjat\u00eb gjith\u00eb dit\u00ebs. Duke ofruar hidratim t\u00eb q\u00ebndruesh\u00ebm deri n\u00eb 24 or\u00eb, O'Keeffe's Lip Repair \u00ebsht\u00eb v\u00ebrtetuar klinikisht se funksionon vet\u00ebm me nj\u00eb aplikim. Kjo \u00ebsht\u00eb e sakt, nuk ka m\u00eb nevoj\u00eb t\u00eb aplikoni dhe t\u00eb riaplikoni gjat\u00eb gjith\u00eb dit\u00ebs, as pasi t\u00eb keni ngr\u00ebn\u00eb ose pir\u00eb di\u00e7ka!","og_url":"https:\/\/alcedrix.com\/sq\/shop\/okeefees-lip-repair-spf-4-2g\/","og_site_name":"Alcedrix","article_publisher":"https:\/\/www.facebook.com\/alcedrix","article_modified_time":"2024-11-04T13:18:37+00:00","og_image":[{"width":1300,"height":1300,"url":"https:\/\/alcedrix.com\/wp-content\/uploads\/2024\/05\/LR_SPF.png","type":"image\/png"}],"twitter_card":"summary_large_image","twitter_misc":{"Est. reading time":"1 minut\u00eb"},"schema":{"@context":"https:\/\/schema.org","@graph":[{"@type":"WebPage","@id":"https:\/\/alcedrix.com\/shop\/okeefees-lip-repair-spf-4-2g\/","url":"https:\/\/alcedrix.com\/shop\/okeefees-lip-repair-spf-4-2g\/","name":"O`KEEFFE`S LIP REPAIR SPF 4.2g - Alcedrix","isPartOf":{"@id":"http:\/\/alcedrix.com\/#website"},"primaryImageOfPage":{"@id":"https:\/\/alcedrix.com\/shop\/okeefees-lip-repair-spf-4-2g\/#primaryimage"},"image":{"@id":"https:\/\/alcedrix.com\/shop\/okeefees-lip-repair-spf-4-2g\/#primaryimage"},"thumbnailUrl":"https:\/\/alcedrix.com\/wp-content\/uploads\/2024\/05\/LR_SPF.png","datePublished":"2024-05-15T11:33:52+00:00","dateModified":"2024-11-04T13:18:37+00:00","breadcrumb":{"@id":"https:\/\/alcedrix.com\/shop\/okeefees-lip-repair-spf-4-2g\/#breadcrumb"},"inLanguage":"sq","potentialAction":[{"@type":"ReadAction","target":["https:\/\/alcedrix.com\/shop\/okeefees-lip-repair-spf-4-2g\/"]}]},{"@type":"ImageObject","inLanguage":"sq","@id":"https:\/\/alcedrix.com\/shop\/okeefees-lip-repair-spf-4-2g\/#primaryimage","url":"https:\/\/alcedrix.com\/wp-content\/uploads\/2024\/05\/LR_SPF.png","contentUrl":"https:\/\/alcedrix.com\/wp-content\/uploads\/2024\/05\/LR_SPF.png","width":1300,"height":1300},{"@type":"BreadcrumbList","@id":"https:\/\/alcedrix.com\/shop\/okeefees-lip-repair-spf-4-2g\/#breadcrumb","itemListElement":[{"@type":"ListItem","position":1,"name":"Home","item":"http:\/\/alcedrix.com\/"},{"@type":"ListItem","position":2,"name":"Shop","item":"https:\/\/alcedrix.com\/shop\/"},{"@type":"ListItem","position":3,"name":"O`KEEFFE`S LIP REPAIR SPF 4.2g"}]},{"@type":"WebSite","@id":"http:\/\/alcedrix.com\/#website","url":"http:\/\/alcedrix.com\/","name":"Alcedrix","description":"Alcedrix","publisher":{"@id":"http:\/\/alcedrix.com\/#organization"},"potentialAction":[{"@type":"SearchAction","target":{"@type":"EntryPoint","urlTemplate":"http:\/\/alcedrix.com\/?s={search_term_string}"},"query-input":{"@type":"PropertyValueSpecification","valueRequired":true,"valueName":"search_term_string"}}],"inLanguage":"sq"},{"@type":"Organization","@id":"http:\/\/alcedrix.com\/#organization","name":"Alcedrix","url":"http:\/\/alcedrix.com\/","logo":{"@type":"ImageObject","inLanguage":"sq","@id":"http:\/\/alcedrix.com\/#\/schema\/logo\/image\/","url":"http:\/\/3.126.27.25\/wp-content\/uploads\/2023\/08\/logo-web.png","contentUrl":"http:\/\/3.126.27.25\/wp-content\/uploads\/2023\/08\/logo-web.png","width":492,"height":93,"caption":"Alcedrix"},"image":{"@id":"http:\/\/alcedrix.com\/#\/schema\/logo\/image\/"},"sameAs":["https:\/\/www.facebook.com\/alcedrix","https:\/\/www.instagram.com\/alcedrix"]}]}},"_links":{"self":[{"href":"https:\/\/alcedrix.com\/sq\/wp-json\/wp\/v2\/product\/8934"}],"collection":[{"href":"https:\/\/alcedrix.com\/sq\/wp-json\/wp\/v2\/product"}],"about":[{"href":"https:\/\/alcedrix.com\/sq\/wp-json\/wp\/v2\/types\/product"}],"version-history":[{"count":2,"href":"https:\/\/alcedrix.com\/sq\/wp-json\/wp\/v2\/product\/8934\/revisions"}],"predecessor-version":[{"id":9510,"href":"https:\/\/alcedrix.com\/sq\/wp-json\/wp\/v2\/product\/8934\/revisions\/9510"}],"wp:featuredmedia":[{"embeddable":true,"href":"https:\/\/alcedrix.com\/sq\/wp-json\/wp\/v2\/media\/8935"}],"wp:attachment":[{"href":"https:\/\/alcedrix.com\/sq\/wp-json\/wp\/v2\/media?parent=8934"}],"wp:term":[{"taxonomy":"product_cat","embeddable":true,"href":"https:\/\/alcedrix.com\/sq\/wp-json\/wp\/v2\/product_cat?post=8934"},{"taxonomy":"product_tag","embeddable":true,"href":"https:\/\/alcedrix.com\/sq\/wp-json\/wp\/v2\/product_tag?post=8934"}],"curies":[{"name":"wp","href":"https:\/\/api.w.org\/{rel}","templated":true}]}}