{"id":8929,"date":"2024-05-15T11:27:13","date_gmt":"2024-05-15T11:27:13","guid":{"rendered":"http:\/\/3.126.27.25\/?post_type=product&#038;p=8929"},"modified":"2024-11-05T11:21:21","modified_gmt":"2024-11-05T11:21:21","slug":"okeefees-healthy-feet-pomade-91g","status":"publish","type":"product","link":"https:\/\/alcedrix.com\/sq\/shop\/okeefees-healthy-feet-pomade-91g\/","title":{"rendered":"O`KEEFFE`S HEALTHY FEET POMADE 91g"},"content":{"rendered":"<p>Pasi mbajm\u00eb pesh\u00ebn e gjith\u00e7kaje q\u00eb b\u00ebjm\u00eb gjat\u00eb gjith\u00eb dit\u00ebs, \u00e7do dit\u00eb &#8211; nuk \u00ebsht\u00eb \u00e7udi q\u00eb k\u00ebmb\u00ebt tona shpesh kan\u00eb nevoj\u00eb p\u00ebr nj\u00eb ndihm\u00eb t\u00eb vog\u00ebl shtes\u00eb. Hidratoni shputat tuaja me nj\u00eb formul\u00eb unike t\u00eb p\u00ebrb\u00ebr\u00ebsve hidratues q\u00eb garanton p\u00ebrmir\u00ebsim t\u00eb gjendjes t\u00eb shputave t\u00eb thata dhe t\u00eb plasaritura.<\/p>\n<p>Kremi i k\u00ebmb\u00ebve Healthy Feet O&#8217;Keeffe \u00ebsht\u00eb mjaft i but\u00eb p\u00ebr nj\u00eb hidratues t\u00eb p\u00ebrditsh\u00ebm, por mjaftuesh\u00ebm i fort\u00eb p\u00ebr leht\u00ebsimin e k\u00ebmb\u00ebve jasht\u00ebzakonisht t\u00eb thata dhe t\u00eb plasaritura. Jo vet\u00ebm q\u00eb ndihmon n\u00eb riparimin e l\u00ebkur\u00ebs s\u00eb that\u00eb dhe t\u00eb ashp\u00ebr duke rritur lag\u00ebshtin\u00eb dhe duke e mbyllur at\u00eb, por gjithashtu siguron hidratim afatgjat\u00eb p\u00ebr t\u00eb ndihmuar q\u00eb k\u00ebmb\u00ebt t\u00eb duken dhe t\u00eb ndjehen t\u00eb shk\u00eblqyera p\u00ebr m\u00eb gjat\u00eb.<\/p>\n<p>\u00c7el\u00ebsi p\u00ebr nj\u00eb l\u00ebkur\u00eb t\u00eb sh\u00ebndetshme dhe t\u00eb hidratuar \u00ebsht\u00eb lag\u00ebshtia. Kur shtresat sip\u00ebrfaq\u00ebsore t\u00eb l\u00ebkur\u00ebs jan\u00eb t\u00eb varf\u00ebruar nga p\u00ebrmbajtja thelb\u00ebsore e l\u00ebngjeve p\u00ebr t\u00eb cil\u00ebn kan\u00eb nevoj\u00eb, ato thjesht nuk mund t\u00eb funksionojn\u00eb si\u00e7 duhet &#8211; kjo \u00ebsht\u00eb kur fillojm\u00eb t\u00eb shohim tharje dhe \u00e7arje n\u00eb l\u00ebkur\u00eb.<\/p>\n<p>O&#8217;Keeffe&#8217;s Healthy Feet p\u00ebrmban p\u00ebrqendrim t\u00eb lart\u00eb t\u00eb glicerin\u00ebs e cila ndihmon n\u00eb p\u00ebrthithjen dhe ruajtjen e lag\u00ebshtir\u00ebs. Formulimi yn\u00eb p\u00ebrmban gjithashtu nj\u00eb agjent hidratues t\u00eb quajtur Allantoin, i cili ndihmon p\u00ebr t\u00eb rivendosur n\u00eb m\u00ebnyr\u00eb efektive lag\u00ebshtin\u00eb p\u00ebrmes l\u00ebkur\u00ebs m\u00eb t\u00eb ashp\u00ebr n\u00eb themb\u00ebr dhe k\u00ebmb\u00eb. M\u00eb e mira nga t\u00eb gjitha, formulimi yn\u00eb funksionon shpejt. N\u00eb vet\u00ebm dy dit\u00eb, k\u00ebmb\u00ebt e thata dhe t\u00eb plasaritura do t\u00eb jen\u00eb nj\u00eb gj\u00eb e s\u00eb kaluar\u00ebs.<\/p>\n<p>Aplikoni O\u2019Keeffe\u2019s Healthy Feet sipas nevoj\u00ebs gjat\u00eb gjith\u00eb dit\u00ebs. P\u00ebr rezultate m\u00eb t\u00eb mira, aplikojeni pas eksfolimit \u00a0\u2013 kjo do t\u00eb lejoj\u00eb q\u00eb hidratuesi t\u00eb dep\u00ebrtoj\u00eb n\u00eb l\u00ebkur\u00ebn m\u00eb t\u00eb trash\u00eb n\u00eb shputat e k\u00ebmb\u00ebve dhe t\u00eb funksionoj\u00eb n\u00eb m\u00ebnyr\u00eb m\u00eb efektive.<\/p>","protected":false},"excerpt":{"rendered":"<p>Leht\u00ebsim i garantuar p\u00ebr k\u00ebmb\u00ebt e plasaritura jasht\u00ebzakonisht t\u00eb thata.<\/p>","protected":false},"featured_media":8925,"template":"","meta":[],"product_cat":[102,150],"product_tag":[],"class_list":{"0":"post-8929","1":"product","2":"type-product","3":"status-publish","4":"has-post-thumbnail","6":"product_cat-lekura-dhe-floku","7":"product_cat-okeeffes","9":"first","10":"instock","11":"taxable","12":"shipping-taxable","13":"purchasable","14":"product-type-simple"},"yoast_head":"<!-- This site is optimized with the Yoast SEO plugin v23.6 - https:\/\/yoast.com\/wordpress\/plugins\/seo\/ -->\n<title>O`KEEFFE`S HEALTHY FEET POMADE 91g - Alcedrix<\/title>\n<meta name=\"robots\" content=\"index, follow, max-snippet:-1, max-image-preview:large, max-video-preview:-1\" \/>\n<link rel=\"canonical\" href=\"https:\/\/alcedrix.com\/sq\/shop\/okeefees-healthy-feet-pomade-91g\/\" \/>\n<meta property=\"og:locale\" content=\"sq_AL\" \/>\n<meta property=\"og:type\" content=\"article\" \/>\n<meta property=\"og:title\" content=\"O`KEEFFE`S HEALTHY FEET POMADE 91g - Alcedrix\" \/>\n<meta property=\"og:description\" content=\"Leht\u00ebsim i garantuar p\u00ebr k\u00ebmb\u00ebt e plasaritura jasht\u00ebzakonisht t\u00eb thata.\" \/>\n<meta property=\"og:url\" content=\"https:\/\/alcedrix.com\/sq\/shop\/okeefees-healthy-feet-pomade-91g\/\" \/>\n<meta property=\"og:site_name\" content=\"Alcedrix\" \/>\n<meta property=\"article:publisher\" content=\"https:\/\/www.facebook.com\/alcedrix\" \/>\n<meta property=\"article:modified_time\" content=\"2024-11-05T11:21:21+00:00\" \/>\n<meta property=\"og:image\" content=\"https:\/\/alcedrix.com\/wp-content\/uploads\/2024\/05\/HF_JAR.png\" \/>\n\t<meta property=\"og:image:width\" content=\"700\" \/>\n\t<meta property=\"og:image:height\" content=\"700\" \/>\n\t<meta property=\"og:image:type\" content=\"image\/png\" \/>\n<meta name=\"twitter:card\" content=\"summary_large_image\" \/>\n<meta name=\"twitter:label1\" content=\"Est. reading time\" \/>\n\t<meta name=\"twitter:data1\" content=\"2 minuta\" \/>\n<script type=\"application\/ld+json\" class=\"yoast-schema-graph\">{\"@context\":\"https:\/\/schema.org\",\"@graph\":[{\"@type\":\"WebPage\",\"@id\":\"https:\/\/alcedrix.com\/shop\/okeefees-healthy-feet-pomade-91g\/\",\"url\":\"https:\/\/alcedrix.com\/shop\/okeefees-healthy-feet-pomade-91g\/\",\"name\":\"O`KEEFFE`S HEALTHY FEET POMADE 91g - Alcedrix\",\"isPartOf\":{\"@id\":\"http:\/\/alcedrix.com\/#website\"},\"primaryImageOfPage\":{\"@id\":\"https:\/\/alcedrix.com\/shop\/okeefees-healthy-feet-pomade-91g\/#primaryimage\"},\"image\":{\"@id\":\"https:\/\/alcedrix.com\/shop\/okeefees-healthy-feet-pomade-91g\/#primaryimage\"},\"thumbnailUrl\":\"https:\/\/alcedrix.com\/wp-content\/uploads\/2024\/05\/HF_JAR.png\",\"datePublished\":\"2024-05-15T11:27:13+00:00\",\"dateModified\":\"2024-11-05T11:21:21+00:00\",\"breadcrumb\":{\"@id\":\"https:\/\/alcedrix.com\/shop\/okeefees-healthy-feet-pomade-91g\/#breadcrumb\"},\"inLanguage\":\"sq\",\"potentialAction\":[{\"@type\":\"ReadAction\",\"target\":[\"https:\/\/alcedrix.com\/shop\/okeefees-healthy-feet-pomade-91g\/\"]}]},{\"@type\":\"ImageObject\",\"inLanguage\":\"sq\",\"@id\":\"https:\/\/alcedrix.com\/shop\/okeefees-healthy-feet-pomade-91g\/#primaryimage\",\"url\":\"https:\/\/alcedrix.com\/wp-content\/uploads\/2024\/05\/HF_JAR.png\",\"contentUrl\":\"https:\/\/alcedrix.com\/wp-content\/uploads\/2024\/05\/HF_JAR.png\",\"width\":700,\"height\":700},{\"@type\":\"BreadcrumbList\",\"@id\":\"https:\/\/alcedrix.com\/shop\/okeefees-healthy-feet-pomade-91g\/#breadcrumb\",\"itemListElement\":[{\"@type\":\"ListItem\",\"position\":1,\"name\":\"Home\",\"item\":\"http:\/\/alcedrix.com\/\"},{\"@type\":\"ListItem\",\"position\":2,\"name\":\"Shop\",\"item\":\"https:\/\/alcedrix.com\/shop\/\"},{\"@type\":\"ListItem\",\"position\":3,\"name\":\"O`KEEFFE`S HEALTHY FEET POMADE 91g\"}]},{\"@type\":\"WebSite\",\"@id\":\"http:\/\/alcedrix.com\/#website\",\"url\":\"http:\/\/alcedrix.com\/\",\"name\":\"Alcedrix\",\"description\":\"Alcedrix\",\"publisher\":{\"@id\":\"http:\/\/alcedrix.com\/#organization\"},\"potentialAction\":[{\"@type\":\"SearchAction\",\"target\":{\"@type\":\"EntryPoint\",\"urlTemplate\":\"http:\/\/alcedrix.com\/?s={search_term_string}\"},\"query-input\":{\"@type\":\"PropertyValueSpecification\",\"valueRequired\":true,\"valueName\":\"search_term_string\"}}],\"inLanguage\":\"sq\"},{\"@type\":\"Organization\",\"@id\":\"http:\/\/alcedrix.com\/#organization\",\"name\":\"Alcedrix\",\"url\":\"http:\/\/alcedrix.com\/\",\"logo\":{\"@type\":\"ImageObject\",\"inLanguage\":\"sq\",\"@id\":\"http:\/\/alcedrix.com\/#\/schema\/logo\/image\/\",\"url\":\"http:\/\/3.126.27.25\/wp-content\/uploads\/2023\/08\/logo-web.png\",\"contentUrl\":\"http:\/\/3.126.27.25\/wp-content\/uploads\/2023\/08\/logo-web.png\",\"width\":492,\"height\":93,\"caption\":\"Alcedrix\"},\"image\":{\"@id\":\"http:\/\/alcedrix.com\/#\/schema\/logo\/image\/\"},\"sameAs\":[\"https:\/\/www.facebook.com\/alcedrix\",\"https:\/\/www.instagram.com\/alcedrix\"]}]}<\/script>\n<!-- \/ Yoast SEO plugin. -->","yoast_head_json":{"title":"O`KEEFFE`S HEALTHY FEET POMADE 91g - Alcedrix","robots":{"index":"index","follow":"follow","max-snippet":"max-snippet:-1","max-image-preview":"max-image-preview:large","max-video-preview":"max-video-preview:-1"},"canonical":"https:\/\/alcedrix.com\/sq\/shop\/okeefees-healthy-feet-pomade-91g\/","og_locale":"sq_AL","og_type":"article","og_title":"O`KEEFFE`S HEALTHY FEET POMADE 91g - Alcedrix","og_description":"Leht\u00ebsim i garantuar p\u00ebr k\u00ebmb\u00ebt e plasaritura jasht\u00ebzakonisht t\u00eb thata.","og_url":"https:\/\/alcedrix.com\/sq\/shop\/okeefees-healthy-feet-pomade-91g\/","og_site_name":"Alcedrix","article_publisher":"https:\/\/www.facebook.com\/alcedrix","article_modified_time":"2024-11-05T11:21:21+00:00","og_image":[{"width":700,"height":700,"url":"https:\/\/alcedrix.com\/wp-content\/uploads\/2024\/05\/HF_JAR.png","type":"image\/png"}],"twitter_card":"summary_large_image","twitter_misc":{"Est. reading time":"2 minuta"},"schema":{"@context":"https:\/\/schema.org","@graph":[{"@type":"WebPage","@id":"https:\/\/alcedrix.com\/shop\/okeefees-healthy-feet-pomade-91g\/","url":"https:\/\/alcedrix.com\/shop\/okeefees-healthy-feet-pomade-91g\/","name":"O`KEEFFE`S HEALTHY FEET POMADE 91g - Alcedrix","isPartOf":{"@id":"http:\/\/alcedrix.com\/#website"},"primaryImageOfPage":{"@id":"https:\/\/alcedrix.com\/shop\/okeefees-healthy-feet-pomade-91g\/#primaryimage"},"image":{"@id":"https:\/\/alcedrix.com\/shop\/okeefees-healthy-feet-pomade-91g\/#primaryimage"},"thumbnailUrl":"https:\/\/alcedrix.com\/wp-content\/uploads\/2024\/05\/HF_JAR.png","datePublished":"2024-05-15T11:27:13+00:00","dateModified":"2024-11-05T11:21:21+00:00","breadcrumb":{"@id":"https:\/\/alcedrix.com\/shop\/okeefees-healthy-feet-pomade-91g\/#breadcrumb"},"inLanguage":"sq","potentialAction":[{"@type":"ReadAction","target":["https:\/\/alcedrix.com\/shop\/okeefees-healthy-feet-pomade-91g\/"]}]},{"@type":"ImageObject","inLanguage":"sq","@id":"https:\/\/alcedrix.com\/shop\/okeefees-healthy-feet-pomade-91g\/#primaryimage","url":"https:\/\/alcedrix.com\/wp-content\/uploads\/2024\/05\/HF_JAR.png","contentUrl":"https:\/\/alcedrix.com\/wp-content\/uploads\/2024\/05\/HF_JAR.png","width":700,"height":700},{"@type":"BreadcrumbList","@id":"https:\/\/alcedrix.com\/shop\/okeefees-healthy-feet-pomade-91g\/#breadcrumb","itemListElement":[{"@type":"ListItem","position":1,"name":"Home","item":"http:\/\/alcedrix.com\/"},{"@type":"ListItem","position":2,"name":"Shop","item":"https:\/\/alcedrix.com\/shop\/"},{"@type":"ListItem","position":3,"name":"O`KEEFFE`S HEALTHY FEET POMADE 91g"}]},{"@type":"WebSite","@id":"http:\/\/alcedrix.com\/#website","url":"http:\/\/alcedrix.com\/","name":"Alcedrix","description":"Alcedrix","publisher":{"@id":"http:\/\/alcedrix.com\/#organization"},"potentialAction":[{"@type":"SearchAction","target":{"@type":"EntryPoint","urlTemplate":"http:\/\/alcedrix.com\/?s={search_term_string}"},"query-input":{"@type":"PropertyValueSpecification","valueRequired":true,"valueName":"search_term_string"}}],"inLanguage":"sq"},{"@type":"Organization","@id":"http:\/\/alcedrix.com\/#organization","name":"Alcedrix","url":"http:\/\/alcedrix.com\/","logo":{"@type":"ImageObject","inLanguage":"sq","@id":"http:\/\/alcedrix.com\/#\/schema\/logo\/image\/","url":"http:\/\/3.126.27.25\/wp-content\/uploads\/2023\/08\/logo-web.png","contentUrl":"http:\/\/3.126.27.25\/wp-content\/uploads\/2023\/08\/logo-web.png","width":492,"height":93,"caption":"Alcedrix"},"image":{"@id":"http:\/\/alcedrix.com\/#\/schema\/logo\/image\/"},"sameAs":["https:\/\/www.facebook.com\/alcedrix","https:\/\/www.instagram.com\/alcedrix"]}]}},"_links":{"self":[{"href":"https:\/\/alcedrix.com\/sq\/wp-json\/wp\/v2\/product\/8929"}],"collection":[{"href":"https:\/\/alcedrix.com\/sq\/wp-json\/wp\/v2\/product"}],"about":[{"href":"https:\/\/alcedrix.com\/sq\/wp-json\/wp\/v2\/types\/product"}],"version-history":[{"count":1,"href":"https:\/\/alcedrix.com\/sq\/wp-json\/wp\/v2\/product\/8929\/revisions"}],"predecessor-version":[{"id":8947,"href":"https:\/\/alcedrix.com\/sq\/wp-json\/wp\/v2\/product\/8929\/revisions\/8947"}],"wp:featuredmedia":[{"embeddable":true,"href":"https:\/\/alcedrix.com\/sq\/wp-json\/wp\/v2\/media\/8925"}],"wp:attachment":[{"href":"https:\/\/alcedrix.com\/sq\/wp-json\/wp\/v2\/media?parent=8929"}],"wp:term":[{"taxonomy":"product_cat","embeddable":true,"href":"https:\/\/alcedrix.com\/sq\/wp-json\/wp\/v2\/product_cat?post=8929"},{"taxonomy":"product_tag","embeddable":true,"href":"https:\/\/alcedrix.com\/sq\/wp-json\/wp\/v2\/product_tag?post=8929"}],"curies":[{"name":"wp","href":"https:\/\/api.w.org\/{rel}","templated":true}]}}