{"id":8926,"date":"2024-05-15T11:25:15","date_gmt":"2024-05-15T11:25:15","guid":{"rendered":"http:\/\/3.126.27.25\/?post_type=product&#038;p=8926"},"modified":"2024-07-26T12:49:58","modified_gmt":"2024-07-26T12:49:58","slug":"okeefees-working-hands-pomade-96g","status":"publish","type":"product","link":"https:\/\/alcedrix.com\/sq\/shop\/okeefees-working-hands-pomade-96g\/","title":{"rendered":"O`KEEFFE`S WORKING HANDS POMADE 96g"},"content":{"rendered":"<p>Ne zhvilluam krem\u00ebn O\u2019Keeffe\u2019s Working Hands posa\u00e7\u00ebrisht p\u00ebr njer\u00ebzit q\u00eb kan\u00eb m\u00eb shum\u00eb nevoj\u00eb p\u00ebr t\u00eb. Formula jon\u00eb unike shum\u00eb e p\u00ebrqendruar \u00ebsht\u00eb zhvilluar p\u00ebr t\u00eb hidratuar dhe leht\u00ebsuar l\u00ebkur\u00ebn p\u00ebr t\u00eb siguruar hidratim afatgjat\u00eb edhe p\u00ebr rastet m\u00eb t\u00eb r\u00ebnda t\u00eb duarve t\u00eb thata dhe t\u00eb \u00e7ara. Kur shtresat e sip\u00ebrme t\u00eb l\u00ebkur\u00ebs d\u00ebmtohen, \u00ebsht\u00eb shum\u00eb m\u00eb e v\u00ebshtir\u00eb t\u00eb mbaj\u00eb hidratimin e nevojsh\u00ebm dhe ta mbajm\u00eb at\u00eb t\u00eb sh\u00ebndetshme. Kjo \u00e7on n\u00eb l\u00ebkur\u00eb t\u00eb that\u00eb, t\u00eb plasaritur dhe shpesh me dhimbje. Kremi i duarve O\u2019Keeffe\u2019s Working Hands jo vet\u00ebm q\u00eb parandalonhumbjen e lag\u00ebshtis\u00eb, por gjithashtu t\u00ebrheq lag\u00ebshtin\u00eb n\u00eb l\u00ebkur\u00eb p\u00ebr t\u2019i kthyer duart tuaja n\u00eb form\u00ebn e pun\u00ebs, shpejt. Barriera mbrojt\u00ebse q\u00eb krijohet, mund\u00ebson hidratim dhe leht\u00ebsim afatgjat\u00eb. P\u00ebr rezultate m\u00eb t\u00eb mira, p\u00ebrdorni krem\u00ebn e duarve O\u2019Keeffe\u2019s Working Hands gjat\u00eb gjith\u00eb dit\u00ebs sipas nevoj\u00ebs. Mjafton sasi e vog\u00ebl n\u00eb m\u00ebnyr\u00eb q\u00eb ta arrini efektin e d\u00ebshiruar!<\/p>","protected":false},"excerpt":{"rendered":"<p>Leht\u00ebsim i garantuar p\u00ebr duar jasht\u00ebzakonisht t\u00eb thata dhe t\u00eb plasaritura.<\/p>\n<p>L\u00ebkura e that\u00eb dhe e plasaritur mund t\u00eb shkaktoj\u00eb shqet\u00ebsim ve\u00e7an\u00ebrisht p\u00ebr pun\u00ebtor\u00ebt t\u00eb cil\u00ebt \u00e7do dit\u00eb i sforcojn\u00eb duart e tyre dhe n\u00eb asnj\u00eb moment nuk mund ti ken\u00eb ato t\u00eb sh\u00ebndetshme. Kjo \u00ebsht\u00eb arsyeja pse ne kemi vendosur t\u00eb b\u00ebjm\u00eb nj\u00eb produkt posa\u00e7\u00ebrisht p\u00ebr ata njer\u00ebz.<\/p>\n<p>Kremi i duarve O\u2019Keeffe\u2019s Working Hands jo vet\u00ebm q\u00eb plot\u00ebson nivelet e lag\u00ebshtis\u00eb n\u00eb l\u00ebkur\u00eb duke e hidratuar at\u00eb, por gjithashtu i siguron l\u00ebkur\u00ebs mbrojtjen q\u00eb i nevojitet. Pa yndyr\u00eb dhe pa arom\u00eb, formula jon\u00eb hidratuese funksionon aq fort sa mund t\u00eb keni rezultate shum\u00eb t\u00eb k\u00ebnaqshme.<\/p>","protected":false},"featured_media":8927,"template":"","meta":[],"product_cat":[102,150],"product_tag":[],"class_list":{"0":"post-8926","1":"product","2":"type-product","3":"status-publish","4":"has-post-thumbnail","6":"product_cat-lekura-dhe-floku","7":"product_cat-okeeffes","9":"first","10":"instock","11":"taxable","12":"shipping-taxable","13":"purchasable","14":"product-type-simple"},"yoast_head":"<!-- This site is optimized with the Yoast SEO plugin v23.6 - https:\/\/yoast.com\/wordpress\/plugins\/seo\/ -->\n<title>O`KEEFFE`S WORKING HANDS POMADE 96g - Alcedrix<\/title>\n<meta name=\"robots\" content=\"index, follow, max-snippet:-1, max-image-preview:large, max-video-preview:-1\" \/>\n<link rel=\"canonical\" href=\"https:\/\/alcedrix.com\/sq\/shop\/okeefees-working-hands-pomade-96g\/\" \/>\n<meta property=\"og:locale\" content=\"sq_AL\" \/>\n<meta property=\"og:type\" content=\"article\" \/>\n<meta property=\"og:title\" content=\"O`KEEFFE`S WORKING HANDS POMADE 96g - Alcedrix\" \/>\n<meta property=\"og:description\" content=\"Leht\u00ebsim i garantuar p\u00ebr duar jasht\u00ebzakonisht t\u00eb thata dhe t\u00eb plasaritura.  L\u00ebkura e that\u00eb dhe e plasaritur mund t\u00eb shkaktoj\u00eb shqet\u00ebsim ve\u00e7an\u00ebrisht p\u00ebr pun\u00ebtor\u00ebt t\u00eb cil\u00ebt \u00e7do dit\u00eb i sforcojn\u00eb duart e tyre dhe n\u00eb asnj\u00eb moment nuk mund ti ken\u00eb ato t\u00eb sh\u00ebndetshme. Kjo \u00ebsht\u00eb arsyeja pse ne kemi vendosur t\u00eb b\u00ebjm\u00eb nj\u00eb produkt posa\u00e7\u00ebrisht p\u00ebr ata njer\u00ebz.  Kremi i duarve O\u2019Keeffe\u2019s Working Hands jo vet\u00ebm q\u00eb plot\u00ebson nivelet e lag\u00ebshtis\u00eb n\u00eb l\u00ebkur\u00eb duke e hidratuar at\u00eb, por gjithashtu i siguron l\u00ebkur\u00ebs mbrojtjen q\u00eb i nevojitet. Pa yndyr\u00eb dhe pa arom\u00eb, formula jon\u00eb hidratuese funksionon aq fort sa mund t\u00eb keni rezultate shum\u00eb t\u00eb k\u00ebnaqshme.\" \/>\n<meta property=\"og:url\" content=\"https:\/\/alcedrix.com\/sq\/shop\/okeefees-working-hands-pomade-96g\/\" \/>\n<meta property=\"og:site_name\" content=\"Alcedrix\" \/>\n<meta property=\"article:publisher\" content=\"https:\/\/www.facebook.com\/alcedrix\" \/>\n<meta property=\"article:modified_time\" content=\"2024-07-26T12:49:58+00:00\" \/>\n<meta property=\"og:image\" content=\"https:\/\/alcedrix.com\/wp-content\/uploads\/2024\/05\/WH_JAR.png\" \/>\n\t<meta property=\"og:image:width\" content=\"700\" \/>\n\t<meta property=\"og:image:height\" content=\"700\" \/>\n\t<meta property=\"og:image:type\" content=\"image\/png\" \/>\n<meta name=\"twitter:card\" content=\"summary_large_image\" \/>\n<meta name=\"twitter:label1\" content=\"Est. reading time\" \/>\n\t<meta name=\"twitter:data1\" content=\"1 minut\u00eb\" \/>\n<script type=\"application\/ld+json\" class=\"yoast-schema-graph\">{\"@context\":\"https:\/\/schema.org\",\"@graph\":[{\"@type\":\"WebPage\",\"@id\":\"https:\/\/alcedrix.com\/shop\/okeefees-working-hands-pomade-96g\/\",\"url\":\"https:\/\/alcedrix.com\/shop\/okeefees-working-hands-pomade-96g\/\",\"name\":\"O`KEEFFE`S WORKING HANDS POMADE 96g - Alcedrix\",\"isPartOf\":{\"@id\":\"http:\/\/alcedrix.com\/#website\"},\"primaryImageOfPage\":{\"@id\":\"https:\/\/alcedrix.com\/shop\/okeefees-working-hands-pomade-96g\/#primaryimage\"},\"image\":{\"@id\":\"https:\/\/alcedrix.com\/shop\/okeefees-working-hands-pomade-96g\/#primaryimage\"},\"thumbnailUrl\":\"https:\/\/alcedrix.com\/wp-content\/uploads\/2024\/05\/WH_JAR.png\",\"datePublished\":\"2024-05-15T11:25:15+00:00\",\"dateModified\":\"2024-07-26T12:49:58+00:00\",\"breadcrumb\":{\"@id\":\"https:\/\/alcedrix.com\/shop\/okeefees-working-hands-pomade-96g\/#breadcrumb\"},\"inLanguage\":\"sq\",\"potentialAction\":[{\"@type\":\"ReadAction\",\"target\":[\"https:\/\/alcedrix.com\/shop\/okeefees-working-hands-pomade-96g\/\"]}]},{\"@type\":\"ImageObject\",\"inLanguage\":\"sq\",\"@id\":\"https:\/\/alcedrix.com\/shop\/okeefees-working-hands-pomade-96g\/#primaryimage\",\"url\":\"https:\/\/alcedrix.com\/wp-content\/uploads\/2024\/05\/WH_JAR.png\",\"contentUrl\":\"https:\/\/alcedrix.com\/wp-content\/uploads\/2024\/05\/WH_JAR.png\",\"width\":700,\"height\":700},{\"@type\":\"BreadcrumbList\",\"@id\":\"https:\/\/alcedrix.com\/shop\/okeefees-working-hands-pomade-96g\/#breadcrumb\",\"itemListElement\":[{\"@type\":\"ListItem\",\"position\":1,\"name\":\"Home\",\"item\":\"http:\/\/alcedrix.com\/\"},{\"@type\":\"ListItem\",\"position\":2,\"name\":\"Shop\",\"item\":\"https:\/\/alcedrix.com\/shop\/\"},{\"@type\":\"ListItem\",\"position\":3,\"name\":\"O`KEEFFE`S WORKING HANDS POMADE 96g\"}]},{\"@type\":\"WebSite\",\"@id\":\"http:\/\/alcedrix.com\/#website\",\"url\":\"http:\/\/alcedrix.com\/\",\"name\":\"Alcedrix\",\"description\":\"Alcedrix\",\"publisher\":{\"@id\":\"http:\/\/alcedrix.com\/#organization\"},\"potentialAction\":[{\"@type\":\"SearchAction\",\"target\":{\"@type\":\"EntryPoint\",\"urlTemplate\":\"http:\/\/alcedrix.com\/?s={search_term_string}\"},\"query-input\":{\"@type\":\"PropertyValueSpecification\",\"valueRequired\":true,\"valueName\":\"search_term_string\"}}],\"inLanguage\":\"sq\"},{\"@type\":\"Organization\",\"@id\":\"http:\/\/alcedrix.com\/#organization\",\"name\":\"Alcedrix\",\"url\":\"http:\/\/alcedrix.com\/\",\"logo\":{\"@type\":\"ImageObject\",\"inLanguage\":\"sq\",\"@id\":\"http:\/\/alcedrix.com\/#\/schema\/logo\/image\/\",\"url\":\"http:\/\/3.126.27.25\/wp-content\/uploads\/2023\/08\/logo-web.png\",\"contentUrl\":\"http:\/\/3.126.27.25\/wp-content\/uploads\/2023\/08\/logo-web.png\",\"width\":492,\"height\":93,\"caption\":\"Alcedrix\"},\"image\":{\"@id\":\"http:\/\/alcedrix.com\/#\/schema\/logo\/image\/\"},\"sameAs\":[\"https:\/\/www.facebook.com\/alcedrix\",\"https:\/\/www.instagram.com\/alcedrix\"]}]}<\/script>\n<!-- \/ Yoast SEO plugin. -->","yoast_head_json":{"title":"O`KEEFFE`S WORKING HANDS POMADE 96g - Alcedrix","robots":{"index":"index","follow":"follow","max-snippet":"max-snippet:-1","max-image-preview":"max-image-preview:large","max-video-preview":"max-video-preview:-1"},"canonical":"https:\/\/alcedrix.com\/sq\/shop\/okeefees-working-hands-pomade-96g\/","og_locale":"sq_AL","og_type":"article","og_title":"O`KEEFFE`S WORKING HANDS POMADE 96g - Alcedrix","og_description":"Leht\u00ebsim i garantuar p\u00ebr duar jasht\u00ebzakonisht t\u00eb thata dhe t\u00eb plasaritura.  L\u00ebkura e that\u00eb dhe e plasaritur mund t\u00eb shkaktoj\u00eb shqet\u00ebsim ve\u00e7an\u00ebrisht p\u00ebr pun\u00ebtor\u00ebt t\u00eb cil\u00ebt \u00e7do dit\u00eb i sforcojn\u00eb duart e tyre dhe n\u00eb asnj\u00eb moment nuk mund ti ken\u00eb ato t\u00eb sh\u00ebndetshme. Kjo \u00ebsht\u00eb arsyeja pse ne kemi vendosur t\u00eb b\u00ebjm\u00eb nj\u00eb produkt posa\u00e7\u00ebrisht p\u00ebr ata njer\u00ebz.  Kremi i duarve O\u2019Keeffe\u2019s Working Hands jo vet\u00ebm q\u00eb plot\u00ebson nivelet e lag\u00ebshtis\u00eb n\u00eb l\u00ebkur\u00eb duke e hidratuar at\u00eb, por gjithashtu i siguron l\u00ebkur\u00ebs mbrojtjen q\u00eb i nevojitet. Pa yndyr\u00eb dhe pa arom\u00eb, formula jon\u00eb hidratuese funksionon aq fort sa mund t\u00eb keni rezultate shum\u00eb t\u00eb k\u00ebnaqshme.","og_url":"https:\/\/alcedrix.com\/sq\/shop\/okeefees-working-hands-pomade-96g\/","og_site_name":"Alcedrix","article_publisher":"https:\/\/www.facebook.com\/alcedrix","article_modified_time":"2024-07-26T12:49:58+00:00","og_image":[{"width":700,"height":700,"url":"https:\/\/alcedrix.com\/wp-content\/uploads\/2024\/05\/WH_JAR.png","type":"image\/png"}],"twitter_card":"summary_large_image","twitter_misc":{"Est. reading time":"1 minut\u00eb"},"schema":{"@context":"https:\/\/schema.org","@graph":[{"@type":"WebPage","@id":"https:\/\/alcedrix.com\/shop\/okeefees-working-hands-pomade-96g\/","url":"https:\/\/alcedrix.com\/shop\/okeefees-working-hands-pomade-96g\/","name":"O`KEEFFE`S WORKING HANDS POMADE 96g - Alcedrix","isPartOf":{"@id":"http:\/\/alcedrix.com\/#website"},"primaryImageOfPage":{"@id":"https:\/\/alcedrix.com\/shop\/okeefees-working-hands-pomade-96g\/#primaryimage"},"image":{"@id":"https:\/\/alcedrix.com\/shop\/okeefees-working-hands-pomade-96g\/#primaryimage"},"thumbnailUrl":"https:\/\/alcedrix.com\/wp-content\/uploads\/2024\/05\/WH_JAR.png","datePublished":"2024-05-15T11:25:15+00:00","dateModified":"2024-07-26T12:49:58+00:00","breadcrumb":{"@id":"https:\/\/alcedrix.com\/shop\/okeefees-working-hands-pomade-96g\/#breadcrumb"},"inLanguage":"sq","potentialAction":[{"@type":"ReadAction","target":["https:\/\/alcedrix.com\/shop\/okeefees-working-hands-pomade-96g\/"]}]},{"@type":"ImageObject","inLanguage":"sq","@id":"https:\/\/alcedrix.com\/shop\/okeefees-working-hands-pomade-96g\/#primaryimage","url":"https:\/\/alcedrix.com\/wp-content\/uploads\/2024\/05\/WH_JAR.png","contentUrl":"https:\/\/alcedrix.com\/wp-content\/uploads\/2024\/05\/WH_JAR.png","width":700,"height":700},{"@type":"BreadcrumbList","@id":"https:\/\/alcedrix.com\/shop\/okeefees-working-hands-pomade-96g\/#breadcrumb","itemListElement":[{"@type":"ListItem","position":1,"name":"Home","item":"http:\/\/alcedrix.com\/"},{"@type":"ListItem","position":2,"name":"Shop","item":"https:\/\/alcedrix.com\/shop\/"},{"@type":"ListItem","position":3,"name":"O`KEEFFE`S WORKING HANDS POMADE 96g"}]},{"@type":"WebSite","@id":"http:\/\/alcedrix.com\/#website","url":"http:\/\/alcedrix.com\/","name":"Alcedrix","description":"Alcedrix","publisher":{"@id":"http:\/\/alcedrix.com\/#organization"},"potentialAction":[{"@type":"SearchAction","target":{"@type":"EntryPoint","urlTemplate":"http:\/\/alcedrix.com\/?s={search_term_string}"},"query-input":{"@type":"PropertyValueSpecification","valueRequired":true,"valueName":"search_term_string"}}],"inLanguage":"sq"},{"@type":"Organization","@id":"http:\/\/alcedrix.com\/#organization","name":"Alcedrix","url":"http:\/\/alcedrix.com\/","logo":{"@type":"ImageObject","inLanguage":"sq","@id":"http:\/\/alcedrix.com\/#\/schema\/logo\/image\/","url":"http:\/\/3.126.27.25\/wp-content\/uploads\/2023\/08\/logo-web.png","contentUrl":"http:\/\/3.126.27.25\/wp-content\/uploads\/2023\/08\/logo-web.png","width":492,"height":93,"caption":"Alcedrix"},"image":{"@id":"http:\/\/alcedrix.com\/#\/schema\/logo\/image\/"},"sameAs":["https:\/\/www.facebook.com\/alcedrix","https:\/\/www.instagram.com\/alcedrix"]}]}},"_links":{"self":[{"href":"https:\/\/alcedrix.com\/sq\/wp-json\/wp\/v2\/product\/8926"}],"collection":[{"href":"https:\/\/alcedrix.com\/sq\/wp-json\/wp\/v2\/product"}],"about":[{"href":"https:\/\/alcedrix.com\/sq\/wp-json\/wp\/v2\/types\/product"}],"version-history":[{"count":1,"href":"https:\/\/alcedrix.com\/sq\/wp-json\/wp\/v2\/product\/8926\/revisions"}],"predecessor-version":[{"id":8946,"href":"https:\/\/alcedrix.com\/sq\/wp-json\/wp\/v2\/product\/8926\/revisions\/8946"}],"wp:featuredmedia":[{"embeddable":true,"href":"https:\/\/alcedrix.com\/sq\/wp-json\/wp\/v2\/media\/8927"}],"wp:attachment":[{"href":"https:\/\/alcedrix.com\/sq\/wp-json\/wp\/v2\/media?parent=8926"}],"wp:term":[{"taxonomy":"product_cat","embeddable":true,"href":"https:\/\/alcedrix.com\/sq\/wp-json\/wp\/v2\/product_cat?post=8926"},{"taxonomy":"product_tag","embeddable":true,"href":"https:\/\/alcedrix.com\/sq\/wp-json\/wp\/v2\/product_tag?post=8926"}],"curies":[{"name":"wp","href":"https:\/\/api.w.org\/{rel}","templated":true}]}}