{"id":8911,"date":"2024-05-14T10:35:18","date_gmt":"2024-05-14T10:35:18","guid":{"rendered":"http:\/\/3.126.27.25\/?post_type=product&#038;p=8911"},"modified":"2024-11-04T13:19:16","modified_gmt":"2024-11-04T13:19:16","slug":"vitaminum-d3k2-2000iu-30-kapsula-te-buta","status":"publish","type":"product","link":"https:\/\/alcedrix.com\/sq\/shop\/vitaminum-d3k2-2000iu-30-kapsula-te-buta\/","title":{"rendered":"Vitaminum D3+K2 2000IU 30 kapsula t\u00eb buta"},"content":{"rendered":"<p>Vitaminum D3+K2 Strong:<\/p>\n<p>Ndihmon n\u00eb mir\u00ebmbajtjen e sh\u00ebndetshme t\u00eb eshtrave dhe dh\u00ebmb\u00ebve,<\/p>\n<p>Kontribuon n\u00eb thithjen normale t\u00eb kalciumit dhe fosforit,<\/p>\n<p>Ndihmon n\u00eb ruajtjen e niveleve t\u00eb duhura t\u00eb kalciumit n\u00eb gjak,<\/p>\n<p>Merr pjes\u00eb n\u00eb procesin e ndarjes s\u00eb qelizave,<\/p>\n<p>\u00cbsht\u00eb i nevojsh\u00ebm p\u00ebr rritjen normale dhe zhvillimin e eshtrave te f\u00ebmij\u00ebt,<\/p>\n<p>Mb\u00ebshtet funksionimin e duhur t\u00eb sistemit imunitar<\/p>\n<p>Vitamina D q\u00eb p\u00ebrftohet nga trupi si rezultat i sintez\u00ebs endogjene \u00ebsht\u00eb subjekt i luhatjeve t\u00eb konsiderueshme, t\u00eb cilat varen nga ekspozimi ndaj rrezatimit diellor, p\u00ebrthithja e tij \u00ebsht\u00eb e kufizuar, ve\u00e7an\u00ebrisht gjat\u00eb vjesht\u00ebs dhe dimrit.<\/p>\n<p>Trupi yn\u00eb ka nevoj\u00eb p\u00ebr kalcium p\u00ebr t\u00eb nd\u00ebrtuar dhe mbajtur kockat. Kur zb\u00ebrthehet kalciumi n\u00eb trupin ton\u00eb, vitamina K2 aktivizon nj\u00eb protein\u00eb q\u00eb ndihmon mineralin t\u00eb lidhet me kockat tona p\u00ebr t\u00eb b\u00ebr\u00eb pun\u00ebn e tij. Studimet tregojn\u00eb se p\u00ebrdorimi i vitamin\u00ebs K2 p\u00ebrmir\u00ebson densitetin e kockave dhe zvog\u00eblon rrezikun e frakturave t\u00eb tyre.<\/p>\n<p><strong>M\u00ebnyra e p\u00ebrdorimit:<\/strong> 1 kapsul\u00eb n\u00eb dit\u00eb. T\u00eb shoq\u00ebrohet me nj\u00eb got\u00eb me uj\u00eb.<\/p>","protected":false},"excerpt":{"rendered":"<p>Vitaminum D3+K2 Strong \u00ebsht\u00eb shtes\u00eb ushqimore e dedikuar p\u00ebr t\u00eb rriturit q\u00eb duan t\u00eb plot\u00ebsojn\u00eb diet\u00ebn e tyre me vitamin\u00eb D dhe K2, p\u00ebrfshir\u00eb grat\u00eb shtatz\u00ebna dhe ato me gjidh\u00ebnie, grat\u00eb gjat\u00eb menopauz\u00ebs ose njer\u00ebz fizikisht aktiv dhe n\u00eb mosh\u00eb t\u00eb shtyer.<\/p>","protected":false},"featured_media":8912,"template":"","meta":[],"product_cat":[110,109,104,112,143,121],"product_tag":[],"class_list":{"0":"post-8911","1":"product","2":"type-product","3":"status-publish","4":"has-post-thumbnail","6":"product_cat-imunitet","7":"product_cat-mbrojtje","8":"product_cat-shtese-ushqimore","9":"product_cat-sistemi-muskulor-skeletor","10":"product_cat-starpharma","11":"product_cat-zemra","13":"first","14":"instock","15":"taxable","16":"shipping-taxable","17":"purchasable","18":"product-type-simple"},"yoast_head":"<!-- This site is optimized with the Yoast SEO plugin v23.6 - https:\/\/yoast.com\/wordpress\/plugins\/seo\/ -->\n<title>Vitaminum D3+K2 2000IU 30 kapsula t\u00eb buta - Alcedrix<\/title>\n<meta name=\"robots\" content=\"index, follow, max-snippet:-1, max-image-preview:large, max-video-preview:-1\" \/>\n<link rel=\"canonical\" href=\"https:\/\/alcedrix.com\/sq\/shop\/vitaminum-d3k2-2000iu-30-kapsula-te-buta\/\" \/>\n<meta property=\"og:locale\" content=\"sq_AL\" \/>\n<meta property=\"og:type\" content=\"article\" \/>\n<meta property=\"og:title\" content=\"Vitaminum D3+K2 2000IU 30 kapsula t\u00eb buta - Alcedrix\" \/>\n<meta property=\"og:description\" content=\"Vitaminum D3+K2 Strong \u00ebsht\u00eb shtes\u00eb ushqimore e dedikuar p\u00ebr t\u00eb rriturit q\u00eb duan t\u00eb plot\u00ebsojn\u00eb diet\u00ebn e tyre me vitamin\u00eb D dhe K2, p\u00ebrfshir\u00eb grat\u00eb shtatz\u00ebna dhe ato me gjidh\u00ebnie, grat\u00eb gjat\u00eb menopauz\u00ebs ose njer\u00ebz fizikisht aktiv dhe n\u00eb mosh\u00eb t\u00eb shtyer.\" \/>\n<meta property=\"og:url\" content=\"https:\/\/alcedrix.com\/sq\/shop\/vitaminum-d3k2-2000iu-30-kapsula-te-buta\/\" \/>\n<meta property=\"og:site_name\" content=\"Alcedrix\" \/>\n<meta property=\"article:publisher\" content=\"https:\/\/www.facebook.com\/alcedrix\" \/>\n<meta property=\"article:modified_time\" content=\"2024-11-04T13:19:16+00:00\" \/>\n<meta property=\"og:image\" content=\"https:\/\/alcedrix.com\/wp-content\/uploads\/2024\/05\/packshot_Vitaminum-D3K2.jpg\" \/>\n\t<meta property=\"og:image:width\" content=\"700\" \/>\n\t<meta property=\"og:image:height\" content=\"800\" \/>\n\t<meta property=\"og:image:type\" content=\"image\/jpeg\" \/>\n<meta name=\"twitter:card\" content=\"summary_large_image\" \/>\n<meta name=\"twitter:label1\" content=\"Est. reading time\" \/>\n\t<meta name=\"twitter:data1\" content=\"1 minut\u00eb\" \/>\n<script type=\"application\/ld+json\" class=\"yoast-schema-graph\">{\"@context\":\"https:\/\/schema.org\",\"@graph\":[{\"@type\":\"WebPage\",\"@id\":\"https:\/\/alcedrix.com\/shop\/vitaminum-d3k2-2000iu-30-kapsula-te-buta\/\",\"url\":\"https:\/\/alcedrix.com\/shop\/vitaminum-d3k2-2000iu-30-kapsula-te-buta\/\",\"name\":\"Vitaminum D3+K2 2000IU 30 kapsula t\u00eb buta - Alcedrix\",\"isPartOf\":{\"@id\":\"http:\/\/alcedrix.com\/#website\"},\"primaryImageOfPage\":{\"@id\":\"https:\/\/alcedrix.com\/shop\/vitaminum-d3k2-2000iu-30-kapsula-te-buta\/#primaryimage\"},\"image\":{\"@id\":\"https:\/\/alcedrix.com\/shop\/vitaminum-d3k2-2000iu-30-kapsula-te-buta\/#primaryimage\"},\"thumbnailUrl\":\"https:\/\/alcedrix.com\/wp-content\/uploads\/2024\/05\/packshot_Vitaminum-D3K2.jpg\",\"datePublished\":\"2024-05-14T10:35:18+00:00\",\"dateModified\":\"2024-11-04T13:19:16+00:00\",\"breadcrumb\":{\"@id\":\"https:\/\/alcedrix.com\/shop\/vitaminum-d3k2-2000iu-30-kapsula-te-buta\/#breadcrumb\"},\"inLanguage\":\"sq\",\"potentialAction\":[{\"@type\":\"ReadAction\",\"target\":[\"https:\/\/alcedrix.com\/shop\/vitaminum-d3k2-2000iu-30-kapsula-te-buta\/\"]}]},{\"@type\":\"ImageObject\",\"inLanguage\":\"sq\",\"@id\":\"https:\/\/alcedrix.com\/shop\/vitaminum-d3k2-2000iu-30-kapsula-te-buta\/#primaryimage\",\"url\":\"https:\/\/alcedrix.com\/wp-content\/uploads\/2024\/05\/packshot_Vitaminum-D3K2.jpg\",\"contentUrl\":\"https:\/\/alcedrix.com\/wp-content\/uploads\/2024\/05\/packshot_Vitaminum-D3K2.jpg\",\"width\":700,\"height\":800,\"caption\":\"mockups-design.com\"},{\"@type\":\"BreadcrumbList\",\"@id\":\"https:\/\/alcedrix.com\/shop\/vitaminum-d3k2-2000iu-30-kapsula-te-buta\/#breadcrumb\",\"itemListElement\":[{\"@type\":\"ListItem\",\"position\":1,\"name\":\"Home\",\"item\":\"http:\/\/alcedrix.com\/\"},{\"@type\":\"ListItem\",\"position\":2,\"name\":\"Shop\",\"item\":\"https:\/\/alcedrix.com\/shop\/\"},{\"@type\":\"ListItem\",\"position\":3,\"name\":\"Vitaminum D3+K2 2000IU 30 kapsula t\u00eb buta\"}]},{\"@type\":\"WebSite\",\"@id\":\"http:\/\/alcedrix.com\/#website\",\"url\":\"http:\/\/alcedrix.com\/\",\"name\":\"Alcedrix\",\"description\":\"Alcedrix\",\"publisher\":{\"@id\":\"http:\/\/alcedrix.com\/#organization\"},\"potentialAction\":[{\"@type\":\"SearchAction\",\"target\":{\"@type\":\"EntryPoint\",\"urlTemplate\":\"http:\/\/alcedrix.com\/?s={search_term_string}\"},\"query-input\":{\"@type\":\"PropertyValueSpecification\",\"valueRequired\":true,\"valueName\":\"search_term_string\"}}],\"inLanguage\":\"sq\"},{\"@type\":\"Organization\",\"@id\":\"http:\/\/alcedrix.com\/#organization\",\"name\":\"Alcedrix\",\"url\":\"http:\/\/alcedrix.com\/\",\"logo\":{\"@type\":\"ImageObject\",\"inLanguage\":\"sq\",\"@id\":\"http:\/\/alcedrix.com\/#\/schema\/logo\/image\/\",\"url\":\"http:\/\/3.126.27.25\/wp-content\/uploads\/2023\/08\/logo-web.png\",\"contentUrl\":\"http:\/\/3.126.27.25\/wp-content\/uploads\/2023\/08\/logo-web.png\",\"width\":492,\"height\":93,\"caption\":\"Alcedrix\"},\"image\":{\"@id\":\"http:\/\/alcedrix.com\/#\/schema\/logo\/image\/\"},\"sameAs\":[\"https:\/\/www.facebook.com\/alcedrix\",\"https:\/\/www.instagram.com\/alcedrix\"]}]}<\/script>\n<!-- \/ Yoast SEO plugin. -->","yoast_head_json":{"title":"Vitaminum D3+K2 2000IU 30 kapsula t\u00eb buta - Alcedrix","robots":{"index":"index","follow":"follow","max-snippet":"max-snippet:-1","max-image-preview":"max-image-preview:large","max-video-preview":"max-video-preview:-1"},"canonical":"https:\/\/alcedrix.com\/sq\/shop\/vitaminum-d3k2-2000iu-30-kapsula-te-buta\/","og_locale":"sq_AL","og_type":"article","og_title":"Vitaminum D3+K2 2000IU 30 kapsula t\u00eb buta - Alcedrix","og_description":"Vitaminum D3+K2 Strong \u00ebsht\u00eb shtes\u00eb ushqimore e dedikuar p\u00ebr t\u00eb rriturit q\u00eb duan t\u00eb plot\u00ebsojn\u00eb diet\u00ebn e tyre me vitamin\u00eb D dhe K2, p\u00ebrfshir\u00eb grat\u00eb shtatz\u00ebna dhe ato me gjidh\u00ebnie, grat\u00eb gjat\u00eb menopauz\u00ebs ose njer\u00ebz fizikisht aktiv dhe n\u00eb mosh\u00eb t\u00eb shtyer.","og_url":"https:\/\/alcedrix.com\/sq\/shop\/vitaminum-d3k2-2000iu-30-kapsula-te-buta\/","og_site_name":"Alcedrix","article_publisher":"https:\/\/www.facebook.com\/alcedrix","article_modified_time":"2024-11-04T13:19:16+00:00","og_image":[{"width":700,"height":800,"url":"https:\/\/alcedrix.com\/wp-content\/uploads\/2024\/05\/packshot_Vitaminum-D3K2.jpg","type":"image\/jpeg"}],"twitter_card":"summary_large_image","twitter_misc":{"Est. reading time":"1 minut\u00eb"},"schema":{"@context":"https:\/\/schema.org","@graph":[{"@type":"WebPage","@id":"https:\/\/alcedrix.com\/shop\/vitaminum-d3k2-2000iu-30-kapsula-te-buta\/","url":"https:\/\/alcedrix.com\/shop\/vitaminum-d3k2-2000iu-30-kapsula-te-buta\/","name":"Vitaminum D3+K2 2000IU 30 kapsula t\u00eb buta - Alcedrix","isPartOf":{"@id":"http:\/\/alcedrix.com\/#website"},"primaryImageOfPage":{"@id":"https:\/\/alcedrix.com\/shop\/vitaminum-d3k2-2000iu-30-kapsula-te-buta\/#primaryimage"},"image":{"@id":"https:\/\/alcedrix.com\/shop\/vitaminum-d3k2-2000iu-30-kapsula-te-buta\/#primaryimage"},"thumbnailUrl":"https:\/\/alcedrix.com\/wp-content\/uploads\/2024\/05\/packshot_Vitaminum-D3K2.jpg","datePublished":"2024-05-14T10:35:18+00:00","dateModified":"2024-11-04T13:19:16+00:00","breadcrumb":{"@id":"https:\/\/alcedrix.com\/shop\/vitaminum-d3k2-2000iu-30-kapsula-te-buta\/#breadcrumb"},"inLanguage":"sq","potentialAction":[{"@type":"ReadAction","target":["https:\/\/alcedrix.com\/shop\/vitaminum-d3k2-2000iu-30-kapsula-te-buta\/"]}]},{"@type":"ImageObject","inLanguage":"sq","@id":"https:\/\/alcedrix.com\/shop\/vitaminum-d3k2-2000iu-30-kapsula-te-buta\/#primaryimage","url":"https:\/\/alcedrix.com\/wp-content\/uploads\/2024\/05\/packshot_Vitaminum-D3K2.jpg","contentUrl":"https:\/\/alcedrix.com\/wp-content\/uploads\/2024\/05\/packshot_Vitaminum-D3K2.jpg","width":700,"height":800,"caption":"mockups-design.com"},{"@type":"BreadcrumbList","@id":"https:\/\/alcedrix.com\/shop\/vitaminum-d3k2-2000iu-30-kapsula-te-buta\/#breadcrumb","itemListElement":[{"@type":"ListItem","position":1,"name":"Home","item":"http:\/\/alcedrix.com\/"},{"@type":"ListItem","position":2,"name":"Shop","item":"https:\/\/alcedrix.com\/shop\/"},{"@type":"ListItem","position":3,"name":"Vitaminum D3+K2 2000IU 30 kapsula t\u00eb buta"}]},{"@type":"WebSite","@id":"http:\/\/alcedrix.com\/#website","url":"http:\/\/alcedrix.com\/","name":"Alcedrix","description":"Alcedrix","publisher":{"@id":"http:\/\/alcedrix.com\/#organization"},"potentialAction":[{"@type":"SearchAction","target":{"@type":"EntryPoint","urlTemplate":"http:\/\/alcedrix.com\/?s={search_term_string}"},"query-input":{"@type":"PropertyValueSpecification","valueRequired":true,"valueName":"search_term_string"}}],"inLanguage":"sq"},{"@type":"Organization","@id":"http:\/\/alcedrix.com\/#organization","name":"Alcedrix","url":"http:\/\/alcedrix.com\/","logo":{"@type":"ImageObject","inLanguage":"sq","@id":"http:\/\/alcedrix.com\/#\/schema\/logo\/image\/","url":"http:\/\/3.126.27.25\/wp-content\/uploads\/2023\/08\/logo-web.png","contentUrl":"http:\/\/3.126.27.25\/wp-content\/uploads\/2023\/08\/logo-web.png","width":492,"height":93,"caption":"Alcedrix"},"image":{"@id":"http:\/\/alcedrix.com\/#\/schema\/logo\/image\/"},"sameAs":["https:\/\/www.facebook.com\/alcedrix","https:\/\/www.instagram.com\/alcedrix"]}]}},"_links":{"self":[{"href":"https:\/\/alcedrix.com\/sq\/wp-json\/wp\/v2\/product\/8911"}],"collection":[{"href":"https:\/\/alcedrix.com\/sq\/wp-json\/wp\/v2\/product"}],"about":[{"href":"https:\/\/alcedrix.com\/sq\/wp-json\/wp\/v2\/types\/product"}],"version-history":[{"count":2,"href":"https:\/\/alcedrix.com\/sq\/wp-json\/wp\/v2\/product\/8911\/revisions"}],"predecessor-version":[{"id":9511,"href":"https:\/\/alcedrix.com\/sq\/wp-json\/wp\/v2\/product\/8911\/revisions\/9511"}],"wp:featuredmedia":[{"embeddable":true,"href":"https:\/\/alcedrix.com\/sq\/wp-json\/wp\/v2\/media\/8912"}],"wp:attachment":[{"href":"https:\/\/alcedrix.com\/sq\/wp-json\/wp\/v2\/media?parent=8911"}],"wp:term":[{"taxonomy":"product_cat","embeddable":true,"href":"https:\/\/alcedrix.com\/sq\/wp-json\/wp\/v2\/product_cat?post=8911"},{"taxonomy":"product_tag","embeddable":true,"href":"https:\/\/alcedrix.com\/sq\/wp-json\/wp\/v2\/product_tag?post=8911"}],"curies":[{"name":"wp","href":"https:\/\/api.w.org\/{rel}","templated":true}]}}