{"id":8899,"date":"2024-04-17T10:38:01","date_gmt":"2024-04-17T10:38:01","guid":{"rendered":"http:\/\/3.126.27.25\/?post_type=product&#038;p=8899"},"modified":"2024-11-07T09:41:51","modified_gmt":"2024-11-07T09:41:51","slug":"oliovita-balm-protect-spf-30","status":"publish","type":"product","link":"https:\/\/alcedrix.com\/sq\/shop\/oliovita-balm-protect-spf-30\/","title":{"rendered":"OlioVita\u00ae Balm Protect SPF 30+"},"content":{"rendered":"<p>Balsam riparues p\u00ebr buz\u00ebt me ekstrakt t\u00eb gjembave t\u00eb detit (Hippophae rhamnoides), ekstrakt Centella Asiatica (Centella asiatica), acid hialuronik dhe aloe vera (Aloe vera).<\/p>\n<p>&nbsp;<\/p>\n<p>Ushqen, riparon dhe mbron buz\u00ebt e thata dhe t\u00eb \u00e7ara, si dhe hund\u00ebn e irrituar p\u00ebr shkak t\u00eb funksionit t\u00eb saj rigjenerues n\u00eb l\u00ebkur\u00eb, hidratues, antioksidant dhe sh\u00ebrues, kontribuon duksh\u00ebm n\u00eb sh\u00ebndetin e l\u00ebkur\u00ebs.<\/p>\n<p>&nbsp;<\/p>\n<p><strong>Efektet e p\u00ebrb\u00ebr\u00ebsve aktiv:<\/strong><\/p>\n<p>&nbsp;<\/p>\n<p>EKSTRAKTI I GJEMA\u00c7IT T\u00cb DETIT (Hippophae rhamnoides):<\/p>\n<ul>\n<li>Hidraton dhe promovon rigjenerimin dhe mbrojtjen e buz\u00ebve dhe t\u00eb hund\u00ebs<\/li>\n<\/ul>\n<p>EKSTRAKTI I ALOE VER\u00cbS<\/p>\n<ul>\n<li>Veti anti-inflamatore dhe antioksiduese p\u00ebr shkak t\u00eb komponimeve fenolike,<\/li>\n<li>Veti antibakteriale dhe antifungale.<\/li>\n<\/ul>\n<p>EKSTRAKTI I CENTELL\u00cbS AZIATIKE (Centella Asiatica Extract)<\/p>\n<ul>\n<li>Veti sh\u00ebruese,<\/li>\n<li>Veti anti-inflamatore, antioksiduese dhe hidratuese,<\/li>\n<\/ul>\n<p>ACIDI HIALURONIK<\/p>\n<ul>\n<li>Kontribuon n\u00eb rigjenerimin e l\u00ebkur\u00ebs dhe ndihmon n\u00eb p\u00ebrshpejtimin e sh\u00ebrimit t\u00eb plag\u00ebve t\u00eb vogla.<\/li>\n<li>Ka veprim t\u00eb trefisht\u00eb: lubrifikon, hidraton dhe qet\u00ebson l\u00ebkur\u00ebn.<\/li>\n<\/ul>\n<p>ABORBENTET ORGANIKE UV<\/p>\n<ul>\n<li>Ofrojn\u00eb mbrojtje kund\u00ebr rrezeve UVA n\u00eb intervalin 290-350 nm.<\/li>\n<li>Ofrojn\u00eb fotostabilitet t\u00eb lart\u00eb dhe mbrojtje ndaj diellit m\u00eb t\u00eb madhe se 30 (SPF).<\/li>\n<\/ul>\n<p>FILTRA UV T\u00cb GJENERAT\u00cbS S\u00cb RI<\/p>\n<ul>\n<li>Sigurojn\u00eb thithje t\u00eb lart\u00eb fotostabile n\u00eb rrezet UV, ve\u00e7an\u00ebrisht UVB.<\/li>\n<li>Jan\u00eb nj\u00eb opsion mbrojt\u00ebs nga dielli i q\u00ebndruesh\u00ebm dhe i provuar (ISO 24444:2019).<\/li>\n<\/ul>\n<p><strong>M\u00ebnyra e p\u00ebrdorimit:<\/strong>\u00a0Aplikoni n\u00eb buz\u00eb dhe hund\u00eb, sipas nevoj\u00ebs. Mos aplikoni mbi ulcerat, plag\u00ebt e hapura ose t\u00eb infektuara. Shmangni kontaktin me syrin.<\/p>","protected":false},"excerpt":{"rendered":"<p>Ushqen, riparon dhe mbron buz\u00ebt.<\/p>","protected":false},"featured_media":9737,"template":"","meta":[],"product_cat":[118,109,101,95],"product_tag":[128],"class_list":{"0":"post-8899","1":"product","2":"type-product","3":"status-publish","4":"has-post-thumbnail","6":"product_cat-kozmetike","7":"product_cat-mbrojtje","8":"product_cat-te-rritur","9":"product_cat-vitae","10":"product_tag-new1","12":"first","13":"instock","14":"taxable","15":"shipping-taxable","16":"purchasable","17":"product-type-simple"},"yoast_head":"<!-- This site is optimized with the Yoast SEO plugin v23.6 - https:\/\/yoast.com\/wordpress\/plugins\/seo\/ -->\n<title>OlioVita\u00ae Balm Protect SPF 30+ - Alcedrix<\/title>\n<meta name=\"robots\" content=\"index, follow, max-snippet:-1, max-image-preview:large, max-video-preview:-1\" \/>\n<link rel=\"canonical\" href=\"https:\/\/alcedrix.com\/sq\/shop\/oliovita-balm-protect-spf-30\/\" \/>\n<meta property=\"og:locale\" content=\"sq_AL\" \/>\n<meta property=\"og:type\" content=\"article\" \/>\n<meta property=\"og:title\" content=\"OlioVita\u00ae Balm Protect SPF 30+ - Alcedrix\" \/>\n<meta property=\"og:description\" content=\"Ushqen, riparon dhe mbron buz\u00ebt.\" \/>\n<meta property=\"og:url\" content=\"https:\/\/alcedrix.com\/sq\/shop\/oliovita-balm-protect-spf-30\/\" \/>\n<meta property=\"og:site_name\" content=\"Alcedrix\" \/>\n<meta property=\"article:publisher\" content=\"https:\/\/www.facebook.com\/alcedrix\" \/>\n<meta property=\"article:modified_time\" content=\"2024-11-07T09:41:51+00:00\" \/>\n<meta property=\"og:image\" content=\"https:\/\/alcedrix.com\/wp-content\/uploads\/2024\/04\/Untitled.png\" \/>\n\t<meta property=\"og:image:width\" content=\"700\" \/>\n\t<meta property=\"og:image:height\" content=\"700\" \/>\n\t<meta property=\"og:image:type\" content=\"image\/png\" \/>\n<meta name=\"twitter:card\" content=\"summary_large_image\" \/>\n<meta name=\"twitter:label1\" content=\"Est. reading time\" \/>\n\t<meta name=\"twitter:data1\" content=\"1 minut\u00eb\" \/>\n<script type=\"application\/ld+json\" class=\"yoast-schema-graph\">{\"@context\":\"https:\/\/schema.org\",\"@graph\":[{\"@type\":\"WebPage\",\"@id\":\"https:\/\/alcedrix.com\/shop\/oliovita-balm-protect-spf-30\/\",\"url\":\"https:\/\/alcedrix.com\/shop\/oliovita-balm-protect-spf-30\/\",\"name\":\"OlioVita\u00ae Balm Protect SPF 30+ - Alcedrix\",\"isPartOf\":{\"@id\":\"https:\/\/alcedrix.com\/#website\"},\"primaryImageOfPage\":{\"@id\":\"https:\/\/alcedrix.com\/shop\/oliovita-balm-protect-spf-30\/#primaryimage\"},\"image\":{\"@id\":\"https:\/\/alcedrix.com\/shop\/oliovita-balm-protect-spf-30\/#primaryimage\"},\"thumbnailUrl\":\"https:\/\/alcedrix.com\/wp-content\/uploads\/2024\/04\/Untitled.png\",\"datePublished\":\"2024-04-17T10:38:01+00:00\",\"dateModified\":\"2024-11-07T09:41:51+00:00\",\"breadcrumb\":{\"@id\":\"https:\/\/alcedrix.com\/shop\/oliovita-balm-protect-spf-30\/#breadcrumb\"},\"inLanguage\":\"sq\",\"potentialAction\":[{\"@type\":\"ReadAction\",\"target\":[\"https:\/\/alcedrix.com\/shop\/oliovita-balm-protect-spf-30\/\"]}]},{\"@type\":\"ImageObject\",\"inLanguage\":\"sq\",\"@id\":\"https:\/\/alcedrix.com\/shop\/oliovita-balm-protect-spf-30\/#primaryimage\",\"url\":\"https:\/\/alcedrix.com\/wp-content\/uploads\/2024\/04\/Untitled.png\",\"contentUrl\":\"https:\/\/alcedrix.com\/wp-content\/uploads\/2024\/04\/Untitled.png\",\"width\":700,\"height\":700},{\"@type\":\"BreadcrumbList\",\"@id\":\"https:\/\/alcedrix.com\/shop\/oliovita-balm-protect-spf-30\/#breadcrumb\",\"itemListElement\":[{\"@type\":\"ListItem\",\"position\":1,\"name\":\"Home\",\"item\":\"https:\/\/alcedrix.com\/\"},{\"@type\":\"ListItem\",\"position\":2,\"name\":\"Shop\",\"item\":\"https:\/\/alcedrix.com\/shop\/\"},{\"@type\":\"ListItem\",\"position\":3,\"name\":\"OlioVita\u00ae Balm Protect SPF 30+\"}]},{\"@type\":\"WebSite\",\"@id\":\"https:\/\/alcedrix.com\/#website\",\"url\":\"https:\/\/alcedrix.com\/\",\"name\":\"Alcedrix\",\"description\":\"Alcedrix\",\"publisher\":{\"@id\":\"https:\/\/alcedrix.com\/#organization\"},\"potentialAction\":[{\"@type\":\"SearchAction\",\"target\":{\"@type\":\"EntryPoint\",\"urlTemplate\":\"https:\/\/alcedrix.com\/?s={search_term_string}\"},\"query-input\":{\"@type\":\"PropertyValueSpecification\",\"valueRequired\":true,\"valueName\":\"search_term_string\"}}],\"inLanguage\":\"sq\"},{\"@type\":\"Organization\",\"@id\":\"https:\/\/alcedrix.com\/#organization\",\"name\":\"Alcedrix\",\"url\":\"https:\/\/alcedrix.com\/\",\"logo\":{\"@type\":\"ImageObject\",\"inLanguage\":\"sq\",\"@id\":\"https:\/\/alcedrix.com\/#\/schema\/logo\/image\/\",\"url\":\"http:\/\/3.126.27.25\/wp-content\/uploads\/2023\/08\/logo-web.png\",\"contentUrl\":\"http:\/\/3.126.27.25\/wp-content\/uploads\/2023\/08\/logo-web.png\",\"width\":492,\"height\":93,\"caption\":\"Alcedrix\"},\"image\":{\"@id\":\"https:\/\/alcedrix.com\/#\/schema\/logo\/image\/\"},\"sameAs\":[\"https:\/\/www.facebook.com\/alcedrix\",\"https:\/\/www.instagram.com\/alcedrix\"]}]}<\/script>\n<!-- \/ Yoast SEO plugin. -->","yoast_head_json":{"title":"OlioVita\u00ae Balm Protect SPF 30+ - Alcedrix","robots":{"index":"index","follow":"follow","max-snippet":"max-snippet:-1","max-image-preview":"max-image-preview:large","max-video-preview":"max-video-preview:-1"},"canonical":"https:\/\/alcedrix.com\/sq\/shop\/oliovita-balm-protect-spf-30\/","og_locale":"sq_AL","og_type":"article","og_title":"OlioVita\u00ae Balm Protect SPF 30+ - Alcedrix","og_description":"Ushqen, riparon dhe mbron buz\u00ebt.","og_url":"https:\/\/alcedrix.com\/sq\/shop\/oliovita-balm-protect-spf-30\/","og_site_name":"Alcedrix","article_publisher":"https:\/\/www.facebook.com\/alcedrix","article_modified_time":"2024-11-07T09:41:51+00:00","og_image":[{"width":700,"height":700,"url":"https:\/\/alcedrix.com\/wp-content\/uploads\/2024\/04\/Untitled.png","type":"image\/png"}],"twitter_card":"summary_large_image","twitter_misc":{"Est. reading time":"1 minut\u00eb"},"schema":{"@context":"https:\/\/schema.org","@graph":[{"@type":"WebPage","@id":"https:\/\/alcedrix.com\/shop\/oliovita-balm-protect-spf-30\/","url":"https:\/\/alcedrix.com\/shop\/oliovita-balm-protect-spf-30\/","name":"OlioVita\u00ae Balm Protect SPF 30+ - Alcedrix","isPartOf":{"@id":"https:\/\/alcedrix.com\/#website"},"primaryImageOfPage":{"@id":"https:\/\/alcedrix.com\/shop\/oliovita-balm-protect-spf-30\/#primaryimage"},"image":{"@id":"https:\/\/alcedrix.com\/shop\/oliovita-balm-protect-spf-30\/#primaryimage"},"thumbnailUrl":"https:\/\/alcedrix.com\/wp-content\/uploads\/2024\/04\/Untitled.png","datePublished":"2024-04-17T10:38:01+00:00","dateModified":"2024-11-07T09:41:51+00:00","breadcrumb":{"@id":"https:\/\/alcedrix.com\/shop\/oliovita-balm-protect-spf-30\/#breadcrumb"},"inLanguage":"sq","potentialAction":[{"@type":"ReadAction","target":["https:\/\/alcedrix.com\/shop\/oliovita-balm-protect-spf-30\/"]}]},{"@type":"ImageObject","inLanguage":"sq","@id":"https:\/\/alcedrix.com\/shop\/oliovita-balm-protect-spf-30\/#primaryimage","url":"https:\/\/alcedrix.com\/wp-content\/uploads\/2024\/04\/Untitled.png","contentUrl":"https:\/\/alcedrix.com\/wp-content\/uploads\/2024\/04\/Untitled.png","width":700,"height":700},{"@type":"BreadcrumbList","@id":"https:\/\/alcedrix.com\/shop\/oliovita-balm-protect-spf-30\/#breadcrumb","itemListElement":[{"@type":"ListItem","position":1,"name":"Home","item":"https:\/\/alcedrix.com\/"},{"@type":"ListItem","position":2,"name":"Shop","item":"https:\/\/alcedrix.com\/shop\/"},{"@type":"ListItem","position":3,"name":"OlioVita\u00ae Balm Protect SPF 30+"}]},{"@type":"WebSite","@id":"https:\/\/alcedrix.com\/#website","url":"https:\/\/alcedrix.com\/","name":"Alcedrix","description":"Alcedrix","publisher":{"@id":"https:\/\/alcedrix.com\/#organization"},"potentialAction":[{"@type":"SearchAction","target":{"@type":"EntryPoint","urlTemplate":"https:\/\/alcedrix.com\/?s={search_term_string}"},"query-input":{"@type":"PropertyValueSpecification","valueRequired":true,"valueName":"search_term_string"}}],"inLanguage":"sq"},{"@type":"Organization","@id":"https:\/\/alcedrix.com\/#organization","name":"Alcedrix","url":"https:\/\/alcedrix.com\/","logo":{"@type":"ImageObject","inLanguage":"sq","@id":"https:\/\/alcedrix.com\/#\/schema\/logo\/image\/","url":"http:\/\/3.126.27.25\/wp-content\/uploads\/2023\/08\/logo-web.png","contentUrl":"http:\/\/3.126.27.25\/wp-content\/uploads\/2023\/08\/logo-web.png","width":492,"height":93,"caption":"Alcedrix"},"image":{"@id":"https:\/\/alcedrix.com\/#\/schema\/logo\/image\/"},"sameAs":["https:\/\/www.facebook.com\/alcedrix","https:\/\/www.instagram.com\/alcedrix"]}]}},"_links":{"self":[{"href":"https:\/\/alcedrix.com\/sq\/wp-json\/wp\/v2\/product\/8899"}],"collection":[{"href":"https:\/\/alcedrix.com\/sq\/wp-json\/wp\/v2\/product"}],"about":[{"href":"https:\/\/alcedrix.com\/sq\/wp-json\/wp\/v2\/types\/product"}],"version-history":[{"count":1,"href":"https:\/\/alcedrix.com\/sq\/wp-json\/wp\/v2\/product\/8899\/revisions"}],"predecessor-version":[{"id":9382,"href":"https:\/\/alcedrix.com\/sq\/wp-json\/wp\/v2\/product\/8899\/revisions\/9382"}],"wp:featuredmedia":[{"embeddable":true,"href":"https:\/\/alcedrix.com\/sq\/wp-json\/wp\/v2\/media\/9737"}],"wp:attachment":[{"href":"https:\/\/alcedrix.com\/sq\/wp-json\/wp\/v2\/media?parent=8899"}],"wp:term":[{"taxonomy":"product_cat","embeddable":true,"href":"https:\/\/alcedrix.com\/sq\/wp-json\/wp\/v2\/product_cat?post=8899"},{"taxonomy":"product_tag","embeddable":true,"href":"https:\/\/alcedrix.com\/sq\/wp-json\/wp\/v2\/product_tag?post=8899"}],"curies":[{"name":"wp","href":"https:\/\/api.w.org\/{rel}","templated":true}]}}