{"id":8897,"date":"2024-04-17T10:32:33","date_gmt":"2024-04-17T10:32:33","guid":{"rendered":"http:\/\/3.126.27.25\/?post_type=product&#038;p=8897"},"modified":"2024-07-26T12:25:30","modified_gmt":"2024-07-26T12:25:30","slug":"urinvita-30-kapsula","status":"publish","type":"product","link":"https:\/\/alcedrix.com\/sq\/shop\/urinvita-30-kapsula\/","title":{"rendered":"Urinvita 30 Kapsula"},"content":{"rendered":"<p>UrinVita\u00ae \u00ebsht\u00eb nj\u00eb suplement ushqimor natyral i bazuar n\u00eb ekstraktin e sheg\u00ebs, rrushit, boronic\u00ebs s\u00eb kuqe dhe rozmarin\u00ebs. Fal\u00eb p\u00ebrmbajtjes s\u00eb tij n\u00eb proantocianidina dhe procyanidins, ai kontribuon n\u00eb mir\u00ebqenien e sistemit urinar.<\/p>\n<p>REKOMANDOHET P\u00cbR:<\/p>\n<ul>\n<li>Parandalimin e problemeve urinare.<\/li>\n<li>Promovonin e funksionit t\u00eb duhur urinar.<\/li>\n<li>Mbron trupin, duke pastruar traktin urinar.<\/li>\n<li>Ndihmon n\u00eb arritjen e efektit diuretik dhe pastrues.<\/li>\n<li>Ofron antioksidant\u00eb dhe ndihmon n\u00eb shkurtimin e proceseve infektive.<\/li>\n<li>Kontribuon n\u00eb parandalimin formimit t\u00eb rezistenc\u00ebs bakteriale n\u00eb form\u00ebn e biofilmit.<\/li>\n<\/ul>\n<p>&nbsp;<\/p>\n<p>P\u00cbRFITIMET:<\/p>\n<ul>\n<li>Efekt mbrojt\u00ebs i traktit urinar.<\/li>\n<li>Veprim sinergjik i proantocianidinave, procyanidinave dhe punicalaginave.<\/li>\n<li>Veprim mbrojt\u00ebs i acidit elagjik dhe acidit rosmarinik.<\/li>\n<li>Kombinim sinergjik i ekstrakteve p\u00ebr t\u00eb penguar prodhimin e biofilmit.<\/li>\n<\/ul>\n<p>&nbsp;<\/p>\n<p>UDH\u00cbZIME P\u00cbR P\u00cbRDORIM: Merrni 2 deri n\u00eb 4 kapsula n\u00eb dit\u00eb ndaras nga vaktet.<\/p>","protected":false},"excerpt":{"rendered":"<p>Sistemi urinar i sh\u00ebndetsh\u00ebm.<\/p>","protected":false},"featured_media":8898,"template":"","meta":[],"product_cat":[109,104,101],"product_tag":[128],"class_list":{"0":"post-8897","1":"product","2":"type-product","3":"status-publish","4":"has-post-thumbnail","6":"product_cat-mbrojtje","7":"product_cat-shtese-ushqimore","8":"product_cat-te-rritur","9":"product_tag-new1","11":"first","12":"instock","13":"taxable","14":"shipping-taxable","15":"purchasable","16":"product-type-simple"},"yoast_head":"<!-- This site is optimized with the Yoast SEO plugin v23.6 - https:\/\/yoast.com\/wordpress\/plugins\/seo\/ -->\n<title>Urinvita 30 Kapsula - Alcedrix<\/title>\n<meta name=\"robots\" content=\"index, follow, max-snippet:-1, max-image-preview:large, max-video-preview:-1\" \/>\n<link rel=\"canonical\" href=\"http:\/\/alcedrix.com\/sq\/shop\/urinvita-30-kapsula\/\" \/>\n<meta property=\"og:locale\" content=\"sq_AL\" \/>\n<meta property=\"og:type\" content=\"article\" \/>\n<meta property=\"og:title\" content=\"Urinvita 30 Kapsula - Alcedrix\" \/>\n<meta property=\"og:description\" content=\"Sistemi urinar i sh\u00ebndetsh\u00ebm.\" \/>\n<meta property=\"og:url\" content=\"http:\/\/alcedrix.com\/sq\/shop\/urinvita-30-kapsula\/\" \/>\n<meta property=\"og:site_name\" content=\"Alcedrix\" \/>\n<meta property=\"article:publisher\" content=\"https:\/\/www.facebook.com\/alcedrix\" \/>\n<meta property=\"article:modified_time\" content=\"2024-07-26T12:25:30+00:00\" \/>\n<meta property=\"og:image\" content=\"http:\/\/alcedrix.com\/wp-content\/uploads\/2024\/04\/UrinVita-30_exp.png\" \/>\n\t<meta property=\"og:image:width\" content=\"2800\" \/>\n\t<meta property=\"og:image:height\" content=\"2800\" \/>\n\t<meta property=\"og:image:type\" content=\"image\/png\" \/>\n<meta name=\"twitter:card\" content=\"summary_large_image\" \/>\n<meta name=\"twitter:label1\" content=\"Est. reading time\" \/>\n\t<meta name=\"twitter:data1\" content=\"1 minut\u00eb\" \/>\n<script type=\"application\/ld+json\" class=\"yoast-schema-graph\">{\"@context\":\"https:\/\/schema.org\",\"@graph\":[{\"@type\":\"WebPage\",\"@id\":\"http:\/\/alcedrix.com\/shop\/urinvita-30-kapsula\/\",\"url\":\"http:\/\/alcedrix.com\/shop\/urinvita-30-kapsula\/\",\"name\":\"Urinvita 30 Kapsula - Alcedrix\",\"isPartOf\":{\"@id\":\"https:\/\/alcedrix.com\/#website\"},\"primaryImageOfPage\":{\"@id\":\"http:\/\/alcedrix.com\/shop\/urinvita-30-kapsula\/#primaryimage\"},\"image\":{\"@id\":\"http:\/\/alcedrix.com\/shop\/urinvita-30-kapsula\/#primaryimage\"},\"thumbnailUrl\":\"https:\/\/alcedrix.com\/wp-content\/uploads\/2024\/04\/UrinVita-30_exp.png\",\"datePublished\":\"2024-04-17T10:32:33+00:00\",\"dateModified\":\"2024-07-26T12:25:30+00:00\",\"breadcrumb\":{\"@id\":\"http:\/\/alcedrix.com\/shop\/urinvita-30-kapsula\/#breadcrumb\"},\"inLanguage\":\"sq\",\"potentialAction\":[{\"@type\":\"ReadAction\",\"target\":[\"http:\/\/alcedrix.com\/shop\/urinvita-30-kapsula\/\"]}]},{\"@type\":\"ImageObject\",\"inLanguage\":\"sq\",\"@id\":\"http:\/\/alcedrix.com\/shop\/urinvita-30-kapsula\/#primaryimage\",\"url\":\"https:\/\/alcedrix.com\/wp-content\/uploads\/2024\/04\/UrinVita-30_exp.png\",\"contentUrl\":\"https:\/\/alcedrix.com\/wp-content\/uploads\/2024\/04\/UrinVita-30_exp.png\",\"width\":2800,\"height\":2800},{\"@type\":\"BreadcrumbList\",\"@id\":\"http:\/\/alcedrix.com\/shop\/urinvita-30-kapsula\/#breadcrumb\",\"itemListElement\":[{\"@type\":\"ListItem\",\"position\":1,\"name\":\"Home\",\"item\":\"https:\/\/alcedrix.com\/\"},{\"@type\":\"ListItem\",\"position\":2,\"name\":\"Shop\",\"item\":\"https:\/\/alcedrix.com\/shop\/\"},{\"@type\":\"ListItem\",\"position\":3,\"name\":\"Urinvita 30 Kapsula\"}]},{\"@type\":\"WebSite\",\"@id\":\"https:\/\/alcedrix.com\/#website\",\"url\":\"https:\/\/alcedrix.com\/\",\"name\":\"Alcedrix\",\"description\":\"Alcedrix\",\"publisher\":{\"@id\":\"https:\/\/alcedrix.com\/#organization\"},\"potentialAction\":[{\"@type\":\"SearchAction\",\"target\":{\"@type\":\"EntryPoint\",\"urlTemplate\":\"https:\/\/alcedrix.com\/?s={search_term_string}\"},\"query-input\":{\"@type\":\"PropertyValueSpecification\",\"valueRequired\":true,\"valueName\":\"search_term_string\"}}],\"inLanguage\":\"sq\"},{\"@type\":\"Organization\",\"@id\":\"https:\/\/alcedrix.com\/#organization\",\"name\":\"Alcedrix\",\"url\":\"https:\/\/alcedrix.com\/\",\"logo\":{\"@type\":\"ImageObject\",\"inLanguage\":\"sq\",\"@id\":\"https:\/\/alcedrix.com\/#\/schema\/logo\/image\/\",\"url\":\"http:\/\/3.126.27.25\/wp-content\/uploads\/2023\/08\/logo-web.png\",\"contentUrl\":\"http:\/\/3.126.27.25\/wp-content\/uploads\/2023\/08\/logo-web.png\",\"width\":492,\"height\":93,\"caption\":\"Alcedrix\"},\"image\":{\"@id\":\"https:\/\/alcedrix.com\/#\/schema\/logo\/image\/\"},\"sameAs\":[\"https:\/\/www.facebook.com\/alcedrix\",\"https:\/\/www.instagram.com\/alcedrix\"]}]}<\/script>\n<!-- \/ Yoast SEO plugin. -->","yoast_head_json":{"title":"Urinvita 30 Kapsula - Alcedrix","robots":{"index":"index","follow":"follow","max-snippet":"max-snippet:-1","max-image-preview":"max-image-preview:large","max-video-preview":"max-video-preview:-1"},"canonical":"http:\/\/alcedrix.com\/sq\/shop\/urinvita-30-kapsula\/","og_locale":"sq_AL","og_type":"article","og_title":"Urinvita 30 Kapsula - Alcedrix","og_description":"Sistemi urinar i sh\u00ebndetsh\u00ebm.","og_url":"http:\/\/alcedrix.com\/sq\/shop\/urinvita-30-kapsula\/","og_site_name":"Alcedrix","article_publisher":"https:\/\/www.facebook.com\/alcedrix","article_modified_time":"2024-07-26T12:25:30+00:00","og_image":[{"width":2800,"height":2800,"url":"http:\/\/alcedrix.com\/wp-content\/uploads\/2024\/04\/UrinVita-30_exp.png","type":"image\/png"}],"twitter_card":"summary_large_image","twitter_misc":{"Est. reading time":"1 minut\u00eb"},"schema":{"@context":"https:\/\/schema.org","@graph":[{"@type":"WebPage","@id":"http:\/\/alcedrix.com\/shop\/urinvita-30-kapsula\/","url":"http:\/\/alcedrix.com\/shop\/urinvita-30-kapsula\/","name":"Urinvita 30 Kapsula - Alcedrix","isPartOf":{"@id":"https:\/\/alcedrix.com\/#website"},"primaryImageOfPage":{"@id":"http:\/\/alcedrix.com\/shop\/urinvita-30-kapsula\/#primaryimage"},"image":{"@id":"http:\/\/alcedrix.com\/shop\/urinvita-30-kapsula\/#primaryimage"},"thumbnailUrl":"https:\/\/alcedrix.com\/wp-content\/uploads\/2024\/04\/UrinVita-30_exp.png","datePublished":"2024-04-17T10:32:33+00:00","dateModified":"2024-07-26T12:25:30+00:00","breadcrumb":{"@id":"http:\/\/alcedrix.com\/shop\/urinvita-30-kapsula\/#breadcrumb"},"inLanguage":"sq","potentialAction":[{"@type":"ReadAction","target":["http:\/\/alcedrix.com\/shop\/urinvita-30-kapsula\/"]}]},{"@type":"ImageObject","inLanguage":"sq","@id":"http:\/\/alcedrix.com\/shop\/urinvita-30-kapsula\/#primaryimage","url":"https:\/\/alcedrix.com\/wp-content\/uploads\/2024\/04\/UrinVita-30_exp.png","contentUrl":"https:\/\/alcedrix.com\/wp-content\/uploads\/2024\/04\/UrinVita-30_exp.png","width":2800,"height":2800},{"@type":"BreadcrumbList","@id":"http:\/\/alcedrix.com\/shop\/urinvita-30-kapsula\/#breadcrumb","itemListElement":[{"@type":"ListItem","position":1,"name":"Home","item":"https:\/\/alcedrix.com\/"},{"@type":"ListItem","position":2,"name":"Shop","item":"https:\/\/alcedrix.com\/shop\/"},{"@type":"ListItem","position":3,"name":"Urinvita 30 Kapsula"}]},{"@type":"WebSite","@id":"https:\/\/alcedrix.com\/#website","url":"https:\/\/alcedrix.com\/","name":"Alcedrix","description":"Alcedrix","publisher":{"@id":"https:\/\/alcedrix.com\/#organization"},"potentialAction":[{"@type":"SearchAction","target":{"@type":"EntryPoint","urlTemplate":"https:\/\/alcedrix.com\/?s={search_term_string}"},"query-input":{"@type":"PropertyValueSpecification","valueRequired":true,"valueName":"search_term_string"}}],"inLanguage":"sq"},{"@type":"Organization","@id":"https:\/\/alcedrix.com\/#organization","name":"Alcedrix","url":"https:\/\/alcedrix.com\/","logo":{"@type":"ImageObject","inLanguage":"sq","@id":"https:\/\/alcedrix.com\/#\/schema\/logo\/image\/","url":"http:\/\/3.126.27.25\/wp-content\/uploads\/2023\/08\/logo-web.png","contentUrl":"http:\/\/3.126.27.25\/wp-content\/uploads\/2023\/08\/logo-web.png","width":492,"height":93,"caption":"Alcedrix"},"image":{"@id":"https:\/\/alcedrix.com\/#\/schema\/logo\/image\/"},"sameAs":["https:\/\/www.facebook.com\/alcedrix","https:\/\/www.instagram.com\/alcedrix"]}]}},"_links":{"self":[{"href":"https:\/\/alcedrix.com\/sq\/wp-json\/wp\/v2\/product\/8897"}],"collection":[{"href":"https:\/\/alcedrix.com\/sq\/wp-json\/wp\/v2\/product"}],"about":[{"href":"https:\/\/alcedrix.com\/sq\/wp-json\/wp\/v2\/types\/product"}],"version-history":[{"count":1,"href":"https:\/\/alcedrix.com\/sq\/wp-json\/wp\/v2\/product\/8897\/revisions"}],"predecessor-version":[{"id":9377,"href":"https:\/\/alcedrix.com\/sq\/wp-json\/wp\/v2\/product\/8897\/revisions\/9377"}],"wp:featuredmedia":[{"embeddable":true,"href":"https:\/\/alcedrix.com\/sq\/wp-json\/wp\/v2\/media\/8898"}],"wp:attachment":[{"href":"https:\/\/alcedrix.com\/sq\/wp-json\/wp\/v2\/media?parent=8897"}],"wp:term":[{"taxonomy":"product_cat","embeddable":true,"href":"https:\/\/alcedrix.com\/sq\/wp-json\/wp\/v2\/product_cat?post=8897"},{"taxonomy":"product_tag","embeddable":true,"href":"https:\/\/alcedrix.com\/sq\/wp-json\/wp\/v2\/product_tag?post=8897"}],"curies":[{"name":"wp","href":"https:\/\/api.w.org\/{rel}","templated":true}]}}