{"id":8886,"date":"2024-04-08T13:27:35","date_gmt":"2024-04-08T13:27:35","guid":{"rendered":"http:\/\/3.126.27.25\/?post_type=product&#038;p=8886"},"modified":"2024-07-29T13:44:06","modified_gmt":"2024-07-29T13:44:06","slug":"halitofast-30-pastile","status":"publish","type":"product","link":"https:\/\/alcedrix.com\/sq\/shop\/halitofast-30-pastile\/","title":{"rendered":"Halitofast 30 pastile"},"content":{"rendered":"<p>Halitofast \u00ebsht\u00eb nj\u00eb produkt n\u00eb form\u00ebn e tabletave pastile q\u00eb p\u00ebrmban zink n\u00eb form\u00ebn shum\u00eb t\u00eb absorbueshme t\u00eb kelatit t\u00eb aminoacideve dhe ekstraktit t\u00eb trumz\u00ebs (Thymus vulgaris L.).<\/p>\n<p>Zinku ndihmon n\u00eb ruajtjen e ekuilibrit t\u00eb duhur acid-baz\u00eb, nd\u00ebrsa ekstrakti i trumz\u00ebs mb\u00ebshtet frym\u00ebmarrjen e fresk\u00ebt dhe gjithashtu ka nj\u00eb efekt qet\u00ebsues n\u00eb fyt.<\/p>\n<p>Dedikohet p\u00ebr njer\u00ebzit q\u00eb duan t\u00eb mbajn\u00eb frym\u00ebn e tyre t\u00eb fresk\u00ebt.<\/p>\n<p><strong>Doza e rekomanduar ditore:<\/strong> N\u00eb var\u00ebsi t\u00eb nevojave tuaja 1-2 tableta n\u00eb dit\u00eb pas vaktit. Pas marrjes s\u00eb tablet\u00ebs duhet t\u00eb p\u00ebrmbaheni nga ngr\u00ebnia dhe pirja p\u00ebr rreth 30 minuta. Mos e g\u00eblltitni deri sa t\u00eb shkrihet plot\u00ebsisht.<\/p>","protected":false},"excerpt":{"rendered":"<p>P\u00ebr njer\u00ebzit q\u00eb luftojn\u00eb me problemin e er\u00ebs s\u00eb keqe t\u00eb goj\u00ebs.<\/p>","protected":false},"featured_media":8887,"template":"","meta":[],"product_cat":[109,96,104,101],"product_tag":[128],"class_list":{"0":"post-8886","1":"product","2":"type-product","3":"status-publish","4":"has-post-thumbnail","6":"product_cat-mbrojtje","7":"product_cat-olimp","8":"product_cat-shtese-ushqimore","9":"product_cat-te-rritur","10":"product_tag-new1","12":"first","13":"instock","14":"taxable","15":"shipping-taxable","16":"purchasable","17":"product-type-simple"},"yoast_head":"<!-- This site is optimized with the Yoast SEO plugin v23.6 - https:\/\/yoast.com\/wordpress\/plugins\/seo\/ -->\n<title>Halitofast 30 pastile - Alcedrix<\/title>\n<meta name=\"robots\" content=\"index, follow, max-snippet:-1, max-image-preview:large, max-video-preview:-1\" \/>\n<link rel=\"canonical\" href=\"https:\/\/alcedrix.com\/sq\/shop\/halitofast-30-pastile\/\" \/>\n<meta property=\"og:locale\" content=\"sq_AL\" \/>\n<meta property=\"og:type\" content=\"article\" \/>\n<meta property=\"og:title\" content=\"Halitofast 30 pastile - Alcedrix\" \/>\n<meta property=\"og:description\" content=\"P\u00ebr njer\u00ebzit q\u00eb luftojn\u00eb me problemin e er\u00ebs s\u00eb keqe t\u00eb goj\u00ebs.\" \/>\n<meta property=\"og:url\" content=\"https:\/\/alcedrix.com\/sq\/shop\/halitofast-30-pastile\/\" \/>\n<meta property=\"og:site_name\" content=\"Alcedrix\" \/>\n<meta property=\"article:publisher\" content=\"https:\/\/www.facebook.com\/alcedrix\" \/>\n<meta property=\"article:modified_time\" content=\"2024-07-29T13:44:06+00:00\" \/>\n<meta property=\"og:image\" content=\"https:\/\/alcedrix.com\/wp-content\/uploads\/2024\/04\/halitofast_kartonik_0012_0001.jpg\" \/>\n\t<meta property=\"og:image:width\" content=\"2000\" \/>\n\t<meta property=\"og:image:height\" content=\"2000\" \/>\n\t<meta property=\"og:image:type\" content=\"image\/jpeg\" \/>\n<meta name=\"twitter:card\" content=\"summary_large_image\" \/>\n<meta name=\"twitter:label1\" content=\"Est. reading time\" \/>\n\t<meta name=\"twitter:data1\" content=\"1 minut\u00eb\" \/>\n<script type=\"application\/ld+json\" class=\"yoast-schema-graph\">{\"@context\":\"https:\/\/schema.org\",\"@graph\":[{\"@type\":\"WebPage\",\"@id\":\"https:\/\/alcedrix.com\/shop\/halitofast-30-pastile\/\",\"url\":\"https:\/\/alcedrix.com\/shop\/halitofast-30-pastile\/\",\"name\":\"Halitofast 30 pastile - Alcedrix\",\"isPartOf\":{\"@id\":\"https:\/\/alcedrix.com\/#website\"},\"primaryImageOfPage\":{\"@id\":\"https:\/\/alcedrix.com\/shop\/halitofast-30-pastile\/#primaryimage\"},\"image\":{\"@id\":\"https:\/\/alcedrix.com\/shop\/halitofast-30-pastile\/#primaryimage\"},\"thumbnailUrl\":\"https:\/\/alcedrix.com\/wp-content\/uploads\/2024\/04\/halitofast_kartonik_0012_0001.jpg\",\"datePublished\":\"2024-04-08T13:27:35+00:00\",\"dateModified\":\"2024-07-29T13:44:06+00:00\",\"breadcrumb\":{\"@id\":\"https:\/\/alcedrix.com\/shop\/halitofast-30-pastile\/#breadcrumb\"},\"inLanguage\":\"sq\",\"potentialAction\":[{\"@type\":\"ReadAction\",\"target\":[\"https:\/\/alcedrix.com\/shop\/halitofast-30-pastile\/\"]}]},{\"@type\":\"ImageObject\",\"inLanguage\":\"sq\",\"@id\":\"https:\/\/alcedrix.com\/shop\/halitofast-30-pastile\/#primaryimage\",\"url\":\"https:\/\/alcedrix.com\/wp-content\/uploads\/2024\/04\/halitofast_kartonik_0012_0001.jpg\",\"contentUrl\":\"https:\/\/alcedrix.com\/wp-content\/uploads\/2024\/04\/halitofast_kartonik_0012_0001.jpg\",\"width\":2000,\"height\":2000},{\"@type\":\"BreadcrumbList\",\"@id\":\"https:\/\/alcedrix.com\/shop\/halitofast-30-pastile\/#breadcrumb\",\"itemListElement\":[{\"@type\":\"ListItem\",\"position\":1,\"name\":\"Home\",\"item\":\"https:\/\/alcedrix.com\/\"},{\"@type\":\"ListItem\",\"position\":2,\"name\":\"Shop\",\"item\":\"https:\/\/alcedrix.com\/shop\/\"},{\"@type\":\"ListItem\",\"position\":3,\"name\":\"Halitofast 30 pastile\"}]},{\"@type\":\"WebSite\",\"@id\":\"https:\/\/alcedrix.com\/#website\",\"url\":\"https:\/\/alcedrix.com\/\",\"name\":\"Alcedrix\",\"description\":\"Alcedrix\",\"publisher\":{\"@id\":\"https:\/\/alcedrix.com\/#organization\"},\"potentialAction\":[{\"@type\":\"SearchAction\",\"target\":{\"@type\":\"EntryPoint\",\"urlTemplate\":\"https:\/\/alcedrix.com\/?s={search_term_string}\"},\"query-input\":{\"@type\":\"PropertyValueSpecification\",\"valueRequired\":true,\"valueName\":\"search_term_string\"}}],\"inLanguage\":\"sq\"},{\"@type\":\"Organization\",\"@id\":\"https:\/\/alcedrix.com\/#organization\",\"name\":\"Alcedrix\",\"url\":\"https:\/\/alcedrix.com\/\",\"logo\":{\"@type\":\"ImageObject\",\"inLanguage\":\"sq\",\"@id\":\"https:\/\/alcedrix.com\/#\/schema\/logo\/image\/\",\"url\":\"http:\/\/3.126.27.25\/wp-content\/uploads\/2023\/08\/logo-web.png\",\"contentUrl\":\"http:\/\/3.126.27.25\/wp-content\/uploads\/2023\/08\/logo-web.png\",\"width\":492,\"height\":93,\"caption\":\"Alcedrix\"},\"image\":{\"@id\":\"https:\/\/alcedrix.com\/#\/schema\/logo\/image\/\"},\"sameAs\":[\"https:\/\/www.facebook.com\/alcedrix\",\"https:\/\/www.instagram.com\/alcedrix\"]}]}<\/script>\n<!-- \/ Yoast SEO plugin. -->","yoast_head_json":{"title":"Halitofast 30 pastile - Alcedrix","robots":{"index":"index","follow":"follow","max-snippet":"max-snippet:-1","max-image-preview":"max-image-preview:large","max-video-preview":"max-video-preview:-1"},"canonical":"https:\/\/alcedrix.com\/sq\/shop\/halitofast-30-pastile\/","og_locale":"sq_AL","og_type":"article","og_title":"Halitofast 30 pastile - Alcedrix","og_description":"P\u00ebr njer\u00ebzit q\u00eb luftojn\u00eb me problemin e er\u00ebs s\u00eb keqe t\u00eb goj\u00ebs.","og_url":"https:\/\/alcedrix.com\/sq\/shop\/halitofast-30-pastile\/","og_site_name":"Alcedrix","article_publisher":"https:\/\/www.facebook.com\/alcedrix","article_modified_time":"2024-07-29T13:44:06+00:00","og_image":[{"width":2000,"height":2000,"url":"https:\/\/alcedrix.com\/wp-content\/uploads\/2024\/04\/halitofast_kartonik_0012_0001.jpg","type":"image\/jpeg"}],"twitter_card":"summary_large_image","twitter_misc":{"Est. reading time":"1 minut\u00eb"},"schema":{"@context":"https:\/\/schema.org","@graph":[{"@type":"WebPage","@id":"https:\/\/alcedrix.com\/shop\/halitofast-30-pastile\/","url":"https:\/\/alcedrix.com\/shop\/halitofast-30-pastile\/","name":"Halitofast 30 pastile - Alcedrix","isPartOf":{"@id":"https:\/\/alcedrix.com\/#website"},"primaryImageOfPage":{"@id":"https:\/\/alcedrix.com\/shop\/halitofast-30-pastile\/#primaryimage"},"image":{"@id":"https:\/\/alcedrix.com\/shop\/halitofast-30-pastile\/#primaryimage"},"thumbnailUrl":"https:\/\/alcedrix.com\/wp-content\/uploads\/2024\/04\/halitofast_kartonik_0012_0001.jpg","datePublished":"2024-04-08T13:27:35+00:00","dateModified":"2024-07-29T13:44:06+00:00","breadcrumb":{"@id":"https:\/\/alcedrix.com\/shop\/halitofast-30-pastile\/#breadcrumb"},"inLanguage":"sq","potentialAction":[{"@type":"ReadAction","target":["https:\/\/alcedrix.com\/shop\/halitofast-30-pastile\/"]}]},{"@type":"ImageObject","inLanguage":"sq","@id":"https:\/\/alcedrix.com\/shop\/halitofast-30-pastile\/#primaryimage","url":"https:\/\/alcedrix.com\/wp-content\/uploads\/2024\/04\/halitofast_kartonik_0012_0001.jpg","contentUrl":"https:\/\/alcedrix.com\/wp-content\/uploads\/2024\/04\/halitofast_kartonik_0012_0001.jpg","width":2000,"height":2000},{"@type":"BreadcrumbList","@id":"https:\/\/alcedrix.com\/shop\/halitofast-30-pastile\/#breadcrumb","itemListElement":[{"@type":"ListItem","position":1,"name":"Home","item":"https:\/\/alcedrix.com\/"},{"@type":"ListItem","position":2,"name":"Shop","item":"https:\/\/alcedrix.com\/shop\/"},{"@type":"ListItem","position":3,"name":"Halitofast 30 pastile"}]},{"@type":"WebSite","@id":"https:\/\/alcedrix.com\/#website","url":"https:\/\/alcedrix.com\/","name":"Alcedrix","description":"Alcedrix","publisher":{"@id":"https:\/\/alcedrix.com\/#organization"},"potentialAction":[{"@type":"SearchAction","target":{"@type":"EntryPoint","urlTemplate":"https:\/\/alcedrix.com\/?s={search_term_string}"},"query-input":{"@type":"PropertyValueSpecification","valueRequired":true,"valueName":"search_term_string"}}],"inLanguage":"sq"},{"@type":"Organization","@id":"https:\/\/alcedrix.com\/#organization","name":"Alcedrix","url":"https:\/\/alcedrix.com\/","logo":{"@type":"ImageObject","inLanguage":"sq","@id":"https:\/\/alcedrix.com\/#\/schema\/logo\/image\/","url":"http:\/\/3.126.27.25\/wp-content\/uploads\/2023\/08\/logo-web.png","contentUrl":"http:\/\/3.126.27.25\/wp-content\/uploads\/2023\/08\/logo-web.png","width":492,"height":93,"caption":"Alcedrix"},"image":{"@id":"https:\/\/alcedrix.com\/#\/schema\/logo\/image\/"},"sameAs":["https:\/\/www.facebook.com\/alcedrix","https:\/\/www.instagram.com\/alcedrix"]}]}},"_links":{"self":[{"href":"https:\/\/alcedrix.com\/sq\/wp-json\/wp\/v2\/product\/8886"}],"collection":[{"href":"https:\/\/alcedrix.com\/sq\/wp-json\/wp\/v2\/product"}],"about":[{"href":"https:\/\/alcedrix.com\/sq\/wp-json\/wp\/v2\/types\/product"}],"version-history":[{"count":1,"href":"https:\/\/alcedrix.com\/sq\/wp-json\/wp\/v2\/product\/8886\/revisions"}],"predecessor-version":[{"id":9391,"href":"https:\/\/alcedrix.com\/sq\/wp-json\/wp\/v2\/product\/8886\/revisions\/9391"}],"wp:featuredmedia":[{"embeddable":true,"href":"https:\/\/alcedrix.com\/sq\/wp-json\/wp\/v2\/media\/8887"}],"wp:attachment":[{"href":"https:\/\/alcedrix.com\/sq\/wp-json\/wp\/v2\/media?parent=8886"}],"wp:term":[{"taxonomy":"product_cat","embeddable":true,"href":"https:\/\/alcedrix.com\/sq\/wp-json\/wp\/v2\/product_cat?post=8886"},{"taxonomy":"product_tag","embeddable":true,"href":"https:\/\/alcedrix.com\/sq\/wp-json\/wp\/v2\/product_tag?post=8886"}],"curies":[{"name":"wp","href":"https:\/\/api.w.org\/{rel}","templated":true}]}}