{"id":8884,"date":"2024-04-08T13:25:26","date_gmt":"2024-04-08T13:25:26","guid":{"rendered":"http:\/\/3.126.27.25\/?post_type=product&#038;p=8884"},"modified":"2024-07-29T14:18:53","modified_gmt":"2024-07-29T14:18:53","slug":"gold-d3k2-forte-4000iu-shot","status":"publish","type":"product","link":"https:\/\/alcedrix.com\/sq\/shop\/gold-d3k2-forte-4000iu-shot\/","title":{"rendered":"Gold D3+K2 Forte 4000IU Shot"},"content":{"rendered":"<p>Shtes\u00eb ushqimore n\u00eb form\u00eb t\u00eb l\u00ebngshme. Produkti p\u00ebrmban vitamin\u00eb D (D3) n\u00eb koncentrim t\u00eb lart\u00eb prej 4000IU dhe vitamin\u00eb K q\u00eb gjendet n\u00eb form\u00ebn m\u00eb t\u00eb absorbueshme dhe m\u00eb aktive t\u00eb 1 &#8211; menaquinone-7 (vitamina K2).<\/p>\n<p>Vitamina D ndihmon n\u00eb funksionimin e duhur t\u00eb sistemit imunitar, kontribuon n\u00eb p\u00ebrthithjen e duhur t\u00eb kalciumit dhe fosforit dhe ndihmon n\u00eb ruajtjen e kockave dhe dh\u00ebmb\u00ebve t\u00eb sh\u00ebndetsh\u00ebm. Vitamina K kontribuon n\u00eb koagulimin e duhur t\u00eb gjakut si dhe vitamina D q\u00eb ndihmon n\u00eb ruajtjen e kockave t\u00eb sh\u00ebndetshme.<\/p>\n<p><strong>Doza e rekomanduar ditore:<\/strong> Doza e rekomanduar ditore: P\u00ebrmbajtja e \u00bd ampule (12,5 ml) nj\u00eb her\u00eb n\u00eb dit\u00eb. Tundeni para p\u00ebrdorimit. 1 ampul\u00eb p\u00ebrmban 2 porcione p\u00ebr 2 dit\u00eb p\u00ebrdorim.<\/p>\n<p>Pas hapjes, ruajeni n\u00eb frigorifer duke e mbyllur mir\u00eb kapakun dhe konsumojeni brenda 48 or\u00ebve. Mos e tejkaloni doz\u00ebn e rekomanduar ditore.<\/p>\n<p><strong>Sh\u00ebnim:<\/strong> Doza ditore \u00ebsht\u00eb 2000 IU. 1 ampul\u00eb p\u00ebrmban dy porcione ditore (4000 IU). Mos konsumoni m\u00eb shum\u00eb se gjysm\u00ebn e ampul\u00ebs \u00e7do dit\u00eb, pra sasin\u00eb e sh\u00ebnuar qart\u00eb me shigjeta t\u00eb kuqe dhe nj\u00eb vij\u00eb t\u00eb trash\u00eb t\u00eb kuqe (shigjetat dhe vija jan\u00eb t\u00eb dukshme n\u00eb etiket\u00ebn e jashtme dhe t\u00eb brendshme).<\/p>","protected":false},"excerpt":{"rendered":"<p>Kombinim fantastik i vitamin\u00ebs D3 dhe K2 me shije t\u00eb k\u00ebndshme mjedre.<\/p>","protected":false},"featured_media":8892,"template":"","meta":[],"product_cat":[115,114,116,109,96,104],"product_tag":[128],"class_list":{"0":"post-8884","1":"product","2":"type-product","3":"status-publish","4":"has-post-thumbnail","6":"product_cat-energji","7":"product_cat-eshtra-dhe-nyje","8":"product_cat-koncentrim","9":"product_cat-mbrojtje","10":"product_cat-olimp","11":"product_cat-shtese-ushqimore","12":"product_tag-new1","14":"first","15":"instock","16":"taxable","17":"shipping-taxable","18":"purchasable","19":"product-type-simple"},"yoast_head":"<!-- This site is optimized with the Yoast SEO plugin v23.6 - https:\/\/yoast.com\/wordpress\/plugins\/seo\/ -->\n<title>Gold D3+K2 Forte 4000IU Shot - Alcedrix<\/title>\n<meta name=\"robots\" content=\"index, follow, max-snippet:-1, max-image-preview:large, max-video-preview:-1\" \/>\n<link rel=\"canonical\" href=\"https:\/\/alcedrix.com\/sq\/shop\/gold-d3k2-forte-4000iu-shot\/\" \/>\n<meta property=\"og:locale\" content=\"sq_AL\" \/>\n<meta property=\"og:type\" content=\"article\" \/>\n<meta property=\"og:title\" content=\"Gold D3+K2 Forte 4000IU Shot - Alcedrix\" \/>\n<meta property=\"og:description\" content=\"Kombinim fantastik i vitamin\u00ebs D3 dhe K2 me shije t\u00eb k\u00ebndshme mjedre.\" \/>\n<meta property=\"og:url\" content=\"https:\/\/alcedrix.com\/sq\/shop\/gold-d3k2-forte-4000iu-shot\/\" \/>\n<meta property=\"og:site_name\" content=\"Alcedrix\" \/>\n<meta property=\"article:publisher\" content=\"https:\/\/www.facebook.com\/alcedrix\" \/>\n<meta property=\"article:modified_time\" content=\"2024-07-29T14:18:53+00:00\" \/>\n<meta property=\"og:image\" content=\"https:\/\/alcedrix.com\/wp-content\/uploads\/2024\/04\/D3K2-Forte-Shot_Web.png\" \/>\n\t<meta property=\"og:image:width\" content=\"801\" \/>\n\t<meta property=\"og:image:height\" content=\"802\" \/>\n\t<meta property=\"og:image:type\" content=\"image\/png\" \/>\n<meta name=\"twitter:card\" content=\"summary_large_image\" \/>\n<meta name=\"twitter:label1\" content=\"Est. reading time\" \/>\n\t<meta name=\"twitter:data1\" content=\"1 minut\u00eb\" \/>\n<script type=\"application\/ld+json\" class=\"yoast-schema-graph\">{\"@context\":\"https:\/\/schema.org\",\"@graph\":[{\"@type\":\"WebPage\",\"@id\":\"https:\/\/alcedrix.com\/sq\/shop\/gold-d3k2-forte-4000iu-shot\/\",\"url\":\"https:\/\/alcedrix.com\/sq\/shop\/gold-d3k2-forte-4000iu-shot\/\",\"name\":\"Gold D3+K2 Forte 4000IU Shot - Alcedrix\",\"isPartOf\":{\"@id\":\"https:\/\/alcedrix.com\/#website\"},\"primaryImageOfPage\":{\"@id\":\"https:\/\/alcedrix.com\/sq\/shop\/gold-d3k2-forte-4000iu-shot\/#primaryimage\"},\"image\":{\"@id\":\"https:\/\/alcedrix.com\/sq\/shop\/gold-d3k2-forte-4000iu-shot\/#primaryimage\"},\"thumbnailUrl\":\"https:\/\/alcedrix.com\/wp-content\/uploads\/2024\/04\/D3K2-Forte-Shot_Web.png\",\"datePublished\":\"2024-04-08T13:25:26+00:00\",\"dateModified\":\"2024-07-29T14:18:53+00:00\",\"breadcrumb\":{\"@id\":\"https:\/\/alcedrix.com\/sq\/shop\/gold-d3k2-forte-4000iu-shot\/#breadcrumb\"},\"inLanguage\":\"sq\",\"potentialAction\":[{\"@type\":\"ReadAction\",\"target\":[\"https:\/\/alcedrix.com\/sq\/shop\/gold-d3k2-forte-4000iu-shot\/\"]}]},{\"@type\":\"ImageObject\",\"inLanguage\":\"sq\",\"@id\":\"https:\/\/alcedrix.com\/sq\/shop\/gold-d3k2-forte-4000iu-shot\/#primaryimage\",\"url\":\"https:\/\/alcedrix.com\/wp-content\/uploads\/2024\/04\/D3K2-Forte-Shot_Web.png\",\"contentUrl\":\"https:\/\/alcedrix.com\/wp-content\/uploads\/2024\/04\/D3K2-Forte-Shot_Web.png\",\"width\":801,\"height\":802},{\"@type\":\"BreadcrumbList\",\"@id\":\"https:\/\/alcedrix.com\/sq\/shop\/gold-d3k2-forte-4000iu-shot\/#breadcrumb\",\"itemListElement\":[{\"@type\":\"ListItem\",\"position\":1,\"name\":\"Home\",\"item\":\"https:\/\/alcedrix.com\/\"},{\"@type\":\"ListItem\",\"position\":2,\"name\":\"Shop\",\"item\":\"https:\/\/alcedrix.com\/shop\/\"},{\"@type\":\"ListItem\",\"position\":3,\"name\":\"Gold D3+K2 Forte 4000IU Shot\"}]},{\"@type\":\"WebSite\",\"@id\":\"https:\/\/alcedrix.com\/#website\",\"url\":\"https:\/\/alcedrix.com\/\",\"name\":\"Alcedrix\",\"description\":\"Alcedrix\",\"publisher\":{\"@id\":\"https:\/\/alcedrix.com\/#organization\"},\"potentialAction\":[{\"@type\":\"SearchAction\",\"target\":{\"@type\":\"EntryPoint\",\"urlTemplate\":\"https:\/\/alcedrix.com\/?s={search_term_string}\"},\"query-input\":{\"@type\":\"PropertyValueSpecification\",\"valueRequired\":true,\"valueName\":\"search_term_string\"}}],\"inLanguage\":\"sq\"},{\"@type\":\"Organization\",\"@id\":\"https:\/\/alcedrix.com\/#organization\",\"name\":\"Alcedrix\",\"url\":\"https:\/\/alcedrix.com\/\",\"logo\":{\"@type\":\"ImageObject\",\"inLanguage\":\"sq\",\"@id\":\"https:\/\/alcedrix.com\/#\/schema\/logo\/image\/\",\"url\":\"http:\/\/3.126.27.25\/wp-content\/uploads\/2023\/08\/logo-web.png\",\"contentUrl\":\"http:\/\/3.126.27.25\/wp-content\/uploads\/2023\/08\/logo-web.png\",\"width\":492,\"height\":93,\"caption\":\"Alcedrix\"},\"image\":{\"@id\":\"https:\/\/alcedrix.com\/#\/schema\/logo\/image\/\"},\"sameAs\":[\"https:\/\/www.facebook.com\/alcedrix\",\"https:\/\/www.instagram.com\/alcedrix\"]}]}<\/script>\n<!-- \/ Yoast SEO plugin. -->","yoast_head_json":{"title":"Gold D3+K2 Forte 4000IU Shot - Alcedrix","robots":{"index":"index","follow":"follow","max-snippet":"max-snippet:-1","max-image-preview":"max-image-preview:large","max-video-preview":"max-video-preview:-1"},"canonical":"https:\/\/alcedrix.com\/sq\/shop\/gold-d3k2-forte-4000iu-shot\/","og_locale":"sq_AL","og_type":"article","og_title":"Gold D3+K2 Forte 4000IU Shot - Alcedrix","og_description":"Kombinim fantastik i vitamin\u00ebs D3 dhe K2 me shije t\u00eb k\u00ebndshme mjedre.","og_url":"https:\/\/alcedrix.com\/sq\/shop\/gold-d3k2-forte-4000iu-shot\/","og_site_name":"Alcedrix","article_publisher":"https:\/\/www.facebook.com\/alcedrix","article_modified_time":"2024-07-29T14:18:53+00:00","og_image":[{"width":801,"height":802,"url":"https:\/\/alcedrix.com\/wp-content\/uploads\/2024\/04\/D3K2-Forte-Shot_Web.png","type":"image\/png"}],"twitter_card":"summary_large_image","twitter_misc":{"Est. reading time":"1 minut\u00eb"},"schema":{"@context":"https:\/\/schema.org","@graph":[{"@type":"WebPage","@id":"https:\/\/alcedrix.com\/sq\/shop\/gold-d3k2-forte-4000iu-shot\/","url":"https:\/\/alcedrix.com\/sq\/shop\/gold-d3k2-forte-4000iu-shot\/","name":"Gold D3+K2 Forte 4000IU Shot - Alcedrix","isPartOf":{"@id":"https:\/\/alcedrix.com\/#website"},"primaryImageOfPage":{"@id":"https:\/\/alcedrix.com\/sq\/shop\/gold-d3k2-forte-4000iu-shot\/#primaryimage"},"image":{"@id":"https:\/\/alcedrix.com\/sq\/shop\/gold-d3k2-forte-4000iu-shot\/#primaryimage"},"thumbnailUrl":"https:\/\/alcedrix.com\/wp-content\/uploads\/2024\/04\/D3K2-Forte-Shot_Web.png","datePublished":"2024-04-08T13:25:26+00:00","dateModified":"2024-07-29T14:18:53+00:00","breadcrumb":{"@id":"https:\/\/alcedrix.com\/sq\/shop\/gold-d3k2-forte-4000iu-shot\/#breadcrumb"},"inLanguage":"sq","potentialAction":[{"@type":"ReadAction","target":["https:\/\/alcedrix.com\/sq\/shop\/gold-d3k2-forte-4000iu-shot\/"]}]},{"@type":"ImageObject","inLanguage":"sq","@id":"https:\/\/alcedrix.com\/sq\/shop\/gold-d3k2-forte-4000iu-shot\/#primaryimage","url":"https:\/\/alcedrix.com\/wp-content\/uploads\/2024\/04\/D3K2-Forte-Shot_Web.png","contentUrl":"https:\/\/alcedrix.com\/wp-content\/uploads\/2024\/04\/D3K2-Forte-Shot_Web.png","width":801,"height":802},{"@type":"BreadcrumbList","@id":"https:\/\/alcedrix.com\/sq\/shop\/gold-d3k2-forte-4000iu-shot\/#breadcrumb","itemListElement":[{"@type":"ListItem","position":1,"name":"Home","item":"https:\/\/alcedrix.com\/"},{"@type":"ListItem","position":2,"name":"Shop","item":"https:\/\/alcedrix.com\/shop\/"},{"@type":"ListItem","position":3,"name":"Gold D3+K2 Forte 4000IU Shot"}]},{"@type":"WebSite","@id":"https:\/\/alcedrix.com\/#website","url":"https:\/\/alcedrix.com\/","name":"Alcedrix","description":"Alcedrix","publisher":{"@id":"https:\/\/alcedrix.com\/#organization"},"potentialAction":[{"@type":"SearchAction","target":{"@type":"EntryPoint","urlTemplate":"https:\/\/alcedrix.com\/?s={search_term_string}"},"query-input":{"@type":"PropertyValueSpecification","valueRequired":true,"valueName":"search_term_string"}}],"inLanguage":"sq"},{"@type":"Organization","@id":"https:\/\/alcedrix.com\/#organization","name":"Alcedrix","url":"https:\/\/alcedrix.com\/","logo":{"@type":"ImageObject","inLanguage":"sq","@id":"https:\/\/alcedrix.com\/#\/schema\/logo\/image\/","url":"http:\/\/3.126.27.25\/wp-content\/uploads\/2023\/08\/logo-web.png","contentUrl":"http:\/\/3.126.27.25\/wp-content\/uploads\/2023\/08\/logo-web.png","width":492,"height":93,"caption":"Alcedrix"},"image":{"@id":"https:\/\/alcedrix.com\/#\/schema\/logo\/image\/"},"sameAs":["https:\/\/www.facebook.com\/alcedrix","https:\/\/www.instagram.com\/alcedrix"]}]}},"_links":{"self":[{"href":"https:\/\/alcedrix.com\/sq\/wp-json\/wp\/v2\/product\/8884"}],"collection":[{"href":"https:\/\/alcedrix.com\/sq\/wp-json\/wp\/v2\/product"}],"about":[{"href":"https:\/\/alcedrix.com\/sq\/wp-json\/wp\/v2\/types\/product"}],"version-history":[{"count":1,"href":"https:\/\/alcedrix.com\/sq\/wp-json\/wp\/v2\/product\/8884\/revisions"}],"predecessor-version":[{"id":8893,"href":"https:\/\/alcedrix.com\/sq\/wp-json\/wp\/v2\/product\/8884\/revisions\/8893"}],"wp:featuredmedia":[{"embeddable":true,"href":"https:\/\/alcedrix.com\/sq\/wp-json\/wp\/v2\/media\/8892"}],"wp:attachment":[{"href":"https:\/\/alcedrix.com\/sq\/wp-json\/wp\/v2\/media?parent=8884"}],"wp:term":[{"taxonomy":"product_cat","embeddable":true,"href":"https:\/\/alcedrix.com\/sq\/wp-json\/wp\/v2\/product_cat?post=8884"},{"taxonomy":"product_tag","embeddable":true,"href":"https:\/\/alcedrix.com\/sq\/wp-json\/wp\/v2\/product_tag?post=8884"}],"curies":[{"name":"wp","href":"https:\/\/api.w.org\/{rel}","templated":true}]}}