{"id":8825,"date":"2024-02-15T13:17:57","date_gmt":"2024-02-15T13:17:57","guid":{"rendered":"http:\/\/3.126.27.25\/?post_type=product&#038;p=8825"},"modified":"2024-07-26T14:11:51","modified_gmt":"2024-07-26T14:11:51","slug":"lutein-max-complex-30-tableta","status":"publish","type":"product","link":"https:\/\/alcedrix.com\/sq\/shop\/lutein-max-complex-30-tableta\/","title":{"rendered":"Lutein Max-Complex 30 tableta"},"content":{"rendered":"<p><strong>Lutein max-complex<\/strong> \u2013 \u00ebsht\u00eb shtes\u00eb ushqimore n\u00eb form\u00ebn e tabletave t\u00eb mb\u00ebshtjella q\u00eb p\u00ebrmbajn\u00eb lutein\u00eb natyrale dhe zeaksantin\u00eb, si dhe ekstrakt t\u00eb frutit t\u00eb boronic\u00ebs.<\/p>\n<p>Ekstrakti i frutit t\u00eb boronic\u00ebs p\u00ebrmban antocianidin\u00eb e cila ndikon n\u00eb m\u00ebnyr\u00eb t\u00eb favorshme n\u00eb shikim. Ka veti antioksiduese duke e mund\u00ebsuar neutralizimin e efektit t\u00eb radikaleve t\u00eb lira t\u00eb prodhuara n\u00eb trup.<br \/>\nLuteina \u00ebsht\u00eb nj\u00eb karotenoid natyral q\u00eb mund t\u00eb gjendet n\u00eb sy. Natyrisht, p\u00ebrqendrimi m\u00eb i madh gjendet n\u00eb makul\u00ebn e syrit, por edhe n\u00eb retin\u00eb dhe thjerr\u00ebza.<\/p>\n<p>Makula e retin\u00ebs p\u00ebr shkak t\u00eb struktur\u00ebs s\u00eb saj specifike mund\u00ebson t\u00eb ashtuquajturin vizion qendror dhe \u00ebsht\u00eb p\u00ebrgjegj\u00ebse p\u00ebr mpreht\u00ebsin\u00eb vizuale.<\/p>\n<p>Produkti dedikohet p\u00ebr t\u00eb rriturit q\u00eb duan t\u00eb kujdesen p\u00ebr shikimin e tyre. Rekomandohet ve\u00e7an\u00ebrisht p\u00ebr njer\u00ebzit q\u00eb punojn\u00eb n\u00eb drit\u00eb artificiale, pun\u00eb, n\u00eb zyr\u00eb, n\u00eb kompjuter, t\u00eb cil\u00ebt jan\u00eb t\u00eb ekspozuar ndaj rrezeve intensive t\u00eb diellit, q\u00eb p\u00ebrjetojn\u00eb lodhje t\u00eb syve si dhe p\u00ebr njer\u00ebzit e mosh\u00ebs s\u00eb mesme dhe t\u00eb shtyer q\u00eb kujdesen p\u00ebr t\u00eb mbajtur shikimin e tyre n\u00eb gjendje t\u00eb mir\u00eb.<\/p>\n<p><strong>M\u00ebnyra e p\u00ebrdorimit<\/strong>: 1 tablet\u00eb n\u00eb dit\u00eb gjat\u00eb shujt\u00ebs kryesore. T\u00eb konsumohet me nj\u00eb got\u00eb me uj\u00eb.<\/p>","protected":false},"excerpt":{"rendered":"<p>Mb\u00ebshtetje e dyfisht\u00eb p\u00ebr syt\u00eb tuaj. 30mg lutein\u00eb n\u00eb nj\u00eb tablet\u00eb t\u00eb vetme.<\/p>","protected":false},"featured_media":8826,"template":"","meta":[],"product_cat":[115,116,109,96,104,101],"product_tag":[],"class_list":{"0":"post-8825","1":"product","2":"type-product","3":"status-publish","4":"has-post-thumbnail","6":"product_cat-energji","7":"product_cat-koncentrim","8":"product_cat-mbrojtje","9":"product_cat-olimp","10":"product_cat-shtese-ushqimore","11":"product_cat-te-rritur","13":"first","14":"instock","15":"taxable","16":"shipping-taxable","17":"purchasable","18":"product-type-simple"},"yoast_head":"<!-- This site is optimized with the Yoast SEO plugin v23.6 - https:\/\/yoast.com\/wordpress\/plugins\/seo\/ -->\n<title>Lutein Max-Complex 30 tableta - Alcedrix<\/title>\n<meta name=\"robots\" content=\"index, follow, max-snippet:-1, max-image-preview:large, max-video-preview:-1\" \/>\n<link rel=\"canonical\" href=\"https:\/\/alcedrix.com\/sq\/shop\/lutein-max-complex-30-tableta\/\" \/>\n<meta property=\"og:locale\" content=\"sq_AL\" \/>\n<meta property=\"og:type\" content=\"article\" \/>\n<meta property=\"og:title\" content=\"Lutein Max-Complex 30 tableta - Alcedrix\" \/>\n<meta property=\"og:description\" content=\"Mb\u00ebshtetje e dyfisht\u00eb p\u00ebr syt\u00eb tuaj. 30mg lutein\u00eb n\u00eb nj\u00eb tablet\u00eb t\u00eb vetme.\" \/>\n<meta property=\"og:url\" content=\"https:\/\/alcedrix.com\/sq\/shop\/lutein-max-complex-30-tableta\/\" \/>\n<meta property=\"og:site_name\" content=\"Alcedrix\" \/>\n<meta property=\"article:publisher\" content=\"https:\/\/www.facebook.com\/alcedrix\" \/>\n<meta property=\"article:modified_time\" content=\"2024-07-26T14:11:51+00:00\" \/>\n<meta property=\"og:image\" content=\"https:\/\/alcedrix.com\/wp-content\/uploads\/2024\/02\/1463139019_luteina1.png\" \/>\n\t<meta property=\"og:image:width\" content=\"700\" \/>\n\t<meta property=\"og:image:height\" content=\"700\" \/>\n\t<meta property=\"og:image:type\" content=\"image\/png\" \/>\n<meta name=\"twitter:card\" content=\"summary_large_image\" \/>\n<meta name=\"twitter:label1\" content=\"Est. reading time\" \/>\n\t<meta name=\"twitter:data1\" content=\"1 minut\u00eb\" \/>\n<script type=\"application\/ld+json\" class=\"yoast-schema-graph\">{\"@context\":\"https:\/\/schema.org\",\"@graph\":[{\"@type\":\"WebPage\",\"@id\":\"https:\/\/alcedrix.com\/shop\/lutein-max-complex-30-tableta\/\",\"url\":\"https:\/\/alcedrix.com\/shop\/lutein-max-complex-30-tableta\/\",\"name\":\"Lutein Max-Complex 30 tableta - Alcedrix\",\"isPartOf\":{\"@id\":\"http:\/\/alcedrix.com\/#website\"},\"primaryImageOfPage\":{\"@id\":\"https:\/\/alcedrix.com\/shop\/lutein-max-complex-30-tableta\/#primaryimage\"},\"image\":{\"@id\":\"https:\/\/alcedrix.com\/shop\/lutein-max-complex-30-tableta\/#primaryimage\"},\"thumbnailUrl\":\"https:\/\/alcedrix.com\/wp-content\/uploads\/2024\/02\/1463139019_luteina1.png\",\"datePublished\":\"2024-02-15T13:17:57+00:00\",\"dateModified\":\"2024-07-26T14:11:51+00:00\",\"breadcrumb\":{\"@id\":\"https:\/\/alcedrix.com\/shop\/lutein-max-complex-30-tableta\/#breadcrumb\"},\"inLanguage\":\"sq\",\"potentialAction\":[{\"@type\":\"ReadAction\",\"target\":[\"https:\/\/alcedrix.com\/shop\/lutein-max-complex-30-tableta\/\"]}]},{\"@type\":\"ImageObject\",\"inLanguage\":\"sq\",\"@id\":\"https:\/\/alcedrix.com\/shop\/lutein-max-complex-30-tableta\/#primaryimage\",\"url\":\"https:\/\/alcedrix.com\/wp-content\/uploads\/2024\/02\/1463139019_luteina1.png\",\"contentUrl\":\"https:\/\/alcedrix.com\/wp-content\/uploads\/2024\/02\/1463139019_luteina1.png\",\"width\":700,\"height\":700},{\"@type\":\"BreadcrumbList\",\"@id\":\"https:\/\/alcedrix.com\/shop\/lutein-max-complex-30-tableta\/#breadcrumb\",\"itemListElement\":[{\"@type\":\"ListItem\",\"position\":1,\"name\":\"Home\",\"item\":\"http:\/\/alcedrix.com\/\"},{\"@type\":\"ListItem\",\"position\":2,\"name\":\"Shop\",\"item\":\"https:\/\/alcedrix.com\/shop\/\"},{\"@type\":\"ListItem\",\"position\":3,\"name\":\"Lutein Max-Complex 30 tableta\"}]},{\"@type\":\"WebSite\",\"@id\":\"http:\/\/alcedrix.com\/#website\",\"url\":\"http:\/\/alcedrix.com\/\",\"name\":\"Alcedrix\",\"description\":\"Alcedrix\",\"publisher\":{\"@id\":\"http:\/\/alcedrix.com\/#organization\"},\"potentialAction\":[{\"@type\":\"SearchAction\",\"target\":{\"@type\":\"EntryPoint\",\"urlTemplate\":\"http:\/\/alcedrix.com\/?s={search_term_string}\"},\"query-input\":{\"@type\":\"PropertyValueSpecification\",\"valueRequired\":true,\"valueName\":\"search_term_string\"}}],\"inLanguage\":\"sq\"},{\"@type\":\"Organization\",\"@id\":\"http:\/\/alcedrix.com\/#organization\",\"name\":\"Alcedrix\",\"url\":\"http:\/\/alcedrix.com\/\",\"logo\":{\"@type\":\"ImageObject\",\"inLanguage\":\"sq\",\"@id\":\"http:\/\/alcedrix.com\/#\/schema\/logo\/image\/\",\"url\":\"http:\/\/3.126.27.25\/wp-content\/uploads\/2023\/08\/logo-web.png\",\"contentUrl\":\"http:\/\/3.126.27.25\/wp-content\/uploads\/2023\/08\/logo-web.png\",\"width\":492,\"height\":93,\"caption\":\"Alcedrix\"},\"image\":{\"@id\":\"http:\/\/alcedrix.com\/#\/schema\/logo\/image\/\"},\"sameAs\":[\"https:\/\/www.facebook.com\/alcedrix\",\"https:\/\/www.instagram.com\/alcedrix\"]}]}<\/script>\n<!-- \/ Yoast SEO plugin. -->","yoast_head_json":{"title":"Lutein Max-Complex 30 tableta - Alcedrix","robots":{"index":"index","follow":"follow","max-snippet":"max-snippet:-1","max-image-preview":"max-image-preview:large","max-video-preview":"max-video-preview:-1"},"canonical":"https:\/\/alcedrix.com\/sq\/shop\/lutein-max-complex-30-tableta\/","og_locale":"sq_AL","og_type":"article","og_title":"Lutein Max-Complex 30 tableta - Alcedrix","og_description":"Mb\u00ebshtetje e dyfisht\u00eb p\u00ebr syt\u00eb tuaj. 30mg lutein\u00eb n\u00eb nj\u00eb tablet\u00eb t\u00eb vetme.","og_url":"https:\/\/alcedrix.com\/sq\/shop\/lutein-max-complex-30-tableta\/","og_site_name":"Alcedrix","article_publisher":"https:\/\/www.facebook.com\/alcedrix","article_modified_time":"2024-07-26T14:11:51+00:00","og_image":[{"width":700,"height":700,"url":"https:\/\/alcedrix.com\/wp-content\/uploads\/2024\/02\/1463139019_luteina1.png","type":"image\/png"}],"twitter_card":"summary_large_image","twitter_misc":{"Est. reading time":"1 minut\u00eb"},"schema":{"@context":"https:\/\/schema.org","@graph":[{"@type":"WebPage","@id":"https:\/\/alcedrix.com\/shop\/lutein-max-complex-30-tableta\/","url":"https:\/\/alcedrix.com\/shop\/lutein-max-complex-30-tableta\/","name":"Lutein Max-Complex 30 tableta - Alcedrix","isPartOf":{"@id":"http:\/\/alcedrix.com\/#website"},"primaryImageOfPage":{"@id":"https:\/\/alcedrix.com\/shop\/lutein-max-complex-30-tableta\/#primaryimage"},"image":{"@id":"https:\/\/alcedrix.com\/shop\/lutein-max-complex-30-tableta\/#primaryimage"},"thumbnailUrl":"https:\/\/alcedrix.com\/wp-content\/uploads\/2024\/02\/1463139019_luteina1.png","datePublished":"2024-02-15T13:17:57+00:00","dateModified":"2024-07-26T14:11:51+00:00","breadcrumb":{"@id":"https:\/\/alcedrix.com\/shop\/lutein-max-complex-30-tableta\/#breadcrumb"},"inLanguage":"sq","potentialAction":[{"@type":"ReadAction","target":["https:\/\/alcedrix.com\/shop\/lutein-max-complex-30-tableta\/"]}]},{"@type":"ImageObject","inLanguage":"sq","@id":"https:\/\/alcedrix.com\/shop\/lutein-max-complex-30-tableta\/#primaryimage","url":"https:\/\/alcedrix.com\/wp-content\/uploads\/2024\/02\/1463139019_luteina1.png","contentUrl":"https:\/\/alcedrix.com\/wp-content\/uploads\/2024\/02\/1463139019_luteina1.png","width":700,"height":700},{"@type":"BreadcrumbList","@id":"https:\/\/alcedrix.com\/shop\/lutein-max-complex-30-tableta\/#breadcrumb","itemListElement":[{"@type":"ListItem","position":1,"name":"Home","item":"http:\/\/alcedrix.com\/"},{"@type":"ListItem","position":2,"name":"Shop","item":"https:\/\/alcedrix.com\/shop\/"},{"@type":"ListItem","position":3,"name":"Lutein Max-Complex 30 tableta"}]},{"@type":"WebSite","@id":"http:\/\/alcedrix.com\/#website","url":"http:\/\/alcedrix.com\/","name":"Alcedrix","description":"Alcedrix","publisher":{"@id":"http:\/\/alcedrix.com\/#organization"},"potentialAction":[{"@type":"SearchAction","target":{"@type":"EntryPoint","urlTemplate":"http:\/\/alcedrix.com\/?s={search_term_string}"},"query-input":{"@type":"PropertyValueSpecification","valueRequired":true,"valueName":"search_term_string"}}],"inLanguage":"sq"},{"@type":"Organization","@id":"http:\/\/alcedrix.com\/#organization","name":"Alcedrix","url":"http:\/\/alcedrix.com\/","logo":{"@type":"ImageObject","inLanguage":"sq","@id":"http:\/\/alcedrix.com\/#\/schema\/logo\/image\/","url":"http:\/\/3.126.27.25\/wp-content\/uploads\/2023\/08\/logo-web.png","contentUrl":"http:\/\/3.126.27.25\/wp-content\/uploads\/2023\/08\/logo-web.png","width":492,"height":93,"caption":"Alcedrix"},"image":{"@id":"http:\/\/alcedrix.com\/#\/schema\/logo\/image\/"},"sameAs":["https:\/\/www.facebook.com\/alcedrix","https:\/\/www.instagram.com\/alcedrix"]}]}},"_links":{"self":[{"href":"https:\/\/alcedrix.com\/sq\/wp-json\/wp\/v2\/product\/8825"}],"collection":[{"href":"https:\/\/alcedrix.com\/sq\/wp-json\/wp\/v2\/product"}],"about":[{"href":"https:\/\/alcedrix.com\/sq\/wp-json\/wp\/v2\/types\/product"}],"version-history":[{"count":1,"href":"https:\/\/alcedrix.com\/sq\/wp-json\/wp\/v2\/product\/8825\/revisions"}],"predecessor-version":[{"id":9387,"href":"https:\/\/alcedrix.com\/sq\/wp-json\/wp\/v2\/product\/8825\/revisions\/9387"}],"wp:featuredmedia":[{"embeddable":true,"href":"https:\/\/alcedrix.com\/sq\/wp-json\/wp\/v2\/media\/8826"}],"wp:attachment":[{"href":"https:\/\/alcedrix.com\/sq\/wp-json\/wp\/v2\/media?parent=8825"}],"wp:term":[{"taxonomy":"product_cat","embeddable":true,"href":"https:\/\/alcedrix.com\/sq\/wp-json\/wp\/v2\/product_cat?post=8825"},{"taxonomy":"product_tag","embeddable":true,"href":"https:\/\/alcedrix.com\/sq\/wp-json\/wp\/v2\/product_tag?post=8825"}],"curies":[{"name":"wp","href":"https:\/\/api.w.org\/{rel}","templated":true}]}}