{"id":8809,"date":"2024-01-04T13:06:40","date_gmt":"2024-01-04T13:06:40","guid":{"rendered":"http:\/\/3.126.27.25\/?post_type=product&#038;p=8809"},"modified":"2024-07-25T13:48:17","modified_gmt":"2024-07-25T13:48:17","slug":"vitaminum-b12-100mcg-30-tableta","status":"publish","type":"product","link":"https:\/\/alcedrix.com\/sq\/shop\/vitaminum-b12-100mcg-30-tableta\/","title":{"rendered":"Vitaminum B12 100mcg 30 Tableta"},"content":{"rendered":"<p>Vitaminum\u00a0 B12 100 \u03bcg Strong \u00ebsht\u00eb nj\u00eb kombinim i 3 vitaminave t\u00eb grupit B-B6, B12 dhe acidit folik i pasuruar me vitamin\u00eb E. Vitaminat B6, B12 dhe acidi folik ndihmojn\u00eb n\u00eb ruajtjen e niveleve normale t\u00eb homocistein\u00ebs dhe prodhojn\u00eb qeliza t\u00eb sh\u00ebndetshme t\u00eb kuqe t\u00eb gjakut.<\/p>\n<p>P\u00ebr m\u00eb tep\u00ebr, vitaminat B6 dhe B12 ndihmojn\u00eb n\u00eb mb\u00ebshtetjen e metabolizmit duke reduktuar ndjenjat e lodhjes dhe raskapitjes si dhe mb\u00ebshtet sistemin imunitar dhe nervor. P\u00ebrve\u00e7 k\u00ebsaj, vitamina B6 ndihmon n\u00eb rregullimin e aktivitetit hormonal. Folatet nxisin sintez\u00ebn normale t\u00eb aminoacideve dhe kan\u00eb nj\u00eb rol n\u00eb procesin e ndarjes s\u00eb qelizave. Vitamina E ndihmon n\u00eb mbrojtjen e qelizave nga stresi oksidativ.<\/p>\n<p>&nbsp;<\/p>\n<p><strong>Indikacionet:<\/strong><\/p>\n<p>Ndihmon n\u00eb mb\u00ebshtetjen e metabolizmit normal t\u00eb energjis\u00eb.<\/p>\n<p>Mb\u00ebshtet nj\u00eb sistem nervor t\u00eb sh\u00ebndetsh\u00ebm.<\/p>\n<p>Ndihmon n\u00eb reduktimin e ndjenjave t\u00eb lodhjes dhe rraskapitjes.<\/p>\n<p>&nbsp;<\/p>\n<p><strong>M\u00ebnyra e p\u00ebrdorimit:<\/strong> 1 tablet\u00eb n\u00eb dit\u00eb. T\u00eb shoq\u00ebrohet me nj\u00eb got\u00eb me uj\u00eb.<\/p>","protected":false},"excerpt":{"rendered":"<p>Vitaminum\u00a0 B12 100\u03bcg Strong \u00ebsht\u00eb nj\u00eb kombinim i 3 vitaminave t\u00eb grupit B-B6, B12 dhe acidit folik i pasuruar me vitamin\u00eb E.<\/p>","protected":false},"featured_media":8810,"template":"","meta":[],"product_cat":[114,109,104,143,101],"product_tag":[],"class_list":{"0":"post-8809","1":"product","2":"type-product","3":"status-publish","4":"has-post-thumbnail","6":"product_cat-eshtra-dhe-nyje","7":"product_cat-mbrojtje","8":"product_cat-shtese-ushqimore","9":"product_cat-starpharma","10":"product_cat-te-rritur","12":"first","13":"instock","14":"taxable","15":"shipping-taxable","16":"purchasable","17":"product-type-simple"},"yoast_head":"<!-- This site is optimized with the Yoast SEO plugin v23.6 - https:\/\/yoast.com\/wordpress\/plugins\/seo\/ -->\n<title>Vitaminum B12 100mcg 30 Tableta - Alcedrix<\/title>\n<meta name=\"robots\" content=\"index, follow, max-snippet:-1, max-image-preview:large, max-video-preview:-1\" \/>\n<link rel=\"canonical\" href=\"https:\/\/alcedrix.com\/sq\/shop\/vitaminum-b12-100mcg-30-tableta\/\" \/>\n<meta property=\"og:locale\" content=\"sq_AL\" \/>\n<meta property=\"og:type\" content=\"article\" \/>\n<meta property=\"og:title\" content=\"Vitaminum B12 100mcg 30 Tableta - Alcedrix\" \/>\n<meta property=\"og:description\" content=\"Vitaminum\u00a0 B12 100\u03bcg Strong \u00ebsht\u00eb nj\u00eb kombinim i 3 vitaminave t\u00eb grupit B-B6, B12 dhe acidit folik i pasuruar me vitamin\u00eb E.\" \/>\n<meta property=\"og:url\" content=\"https:\/\/alcedrix.com\/sq\/shop\/vitaminum-b12-100mcg-30-tableta\/\" \/>\n<meta property=\"og:site_name\" content=\"Alcedrix\" \/>\n<meta property=\"article:publisher\" content=\"https:\/\/www.facebook.com\/alcedrix\" \/>\n<meta property=\"article:modified_time\" content=\"2024-07-25T13:48:17+00:00\" \/>\n<meta property=\"og:image\" content=\"https:\/\/alcedrix.com\/wp-content\/uploads\/2024\/01\/vitaminum-b12.png\" \/>\n\t<meta property=\"og:image:width\" content=\"600\" \/>\n\t<meta property=\"og:image:height\" content=\"600\" \/>\n\t<meta property=\"og:image:type\" content=\"image\/png\" \/>\n<meta name=\"twitter:card\" content=\"summary_large_image\" \/>\n<meta name=\"twitter:label1\" content=\"Est. reading time\" \/>\n\t<meta name=\"twitter:data1\" content=\"1 minut\u00eb\" \/>\n<script type=\"application\/ld+json\" class=\"yoast-schema-graph\">{\"@context\":\"https:\/\/schema.org\",\"@graph\":[{\"@type\":\"WebPage\",\"@id\":\"https:\/\/alcedrix.com\/shop\/vitaminum-b12-100mcg-30-tableta\/\",\"url\":\"https:\/\/alcedrix.com\/shop\/vitaminum-b12-100mcg-30-tableta\/\",\"name\":\"Vitaminum B12 100mcg 30 Tableta - Alcedrix\",\"isPartOf\":{\"@id\":\"http:\/\/alcedrix.com\/#website\"},\"primaryImageOfPage\":{\"@id\":\"https:\/\/alcedrix.com\/shop\/vitaminum-b12-100mcg-30-tableta\/#primaryimage\"},\"image\":{\"@id\":\"https:\/\/alcedrix.com\/shop\/vitaminum-b12-100mcg-30-tableta\/#primaryimage\"},\"thumbnailUrl\":\"https:\/\/alcedrix.com\/wp-content\/uploads\/2024\/01\/vitaminum-b12.png\",\"datePublished\":\"2024-01-04T13:06:40+00:00\",\"dateModified\":\"2024-07-25T13:48:17+00:00\",\"breadcrumb\":{\"@id\":\"https:\/\/alcedrix.com\/shop\/vitaminum-b12-100mcg-30-tableta\/#breadcrumb\"},\"inLanguage\":\"sq\",\"potentialAction\":[{\"@type\":\"ReadAction\",\"target\":[\"https:\/\/alcedrix.com\/shop\/vitaminum-b12-100mcg-30-tableta\/\"]}]},{\"@type\":\"ImageObject\",\"inLanguage\":\"sq\",\"@id\":\"https:\/\/alcedrix.com\/shop\/vitaminum-b12-100mcg-30-tableta\/#primaryimage\",\"url\":\"https:\/\/alcedrix.com\/wp-content\/uploads\/2024\/01\/vitaminum-b12.png\",\"contentUrl\":\"https:\/\/alcedrix.com\/wp-content\/uploads\/2024\/01\/vitaminum-b12.png\",\"width\":600,\"height\":600},{\"@type\":\"BreadcrumbList\",\"@id\":\"https:\/\/alcedrix.com\/shop\/vitaminum-b12-100mcg-30-tableta\/#breadcrumb\",\"itemListElement\":[{\"@type\":\"ListItem\",\"position\":1,\"name\":\"Home\",\"item\":\"https:\/\/alcedrix.com\/\"},{\"@type\":\"ListItem\",\"position\":2,\"name\":\"Shop\",\"item\":\"https:\/\/alcedrix.com\/shop\/\"},{\"@type\":\"ListItem\",\"position\":3,\"name\":\"Vitaminum B12 100mcg 30 Tableta\"}]},{\"@type\":\"WebSite\",\"@id\":\"http:\/\/alcedrix.com\/#website\",\"url\":\"http:\/\/alcedrix.com\/\",\"name\":\"Alcedrix\",\"description\":\"Alcedrix\",\"publisher\":{\"@id\":\"http:\/\/alcedrix.com\/#organization\"},\"potentialAction\":[{\"@type\":\"SearchAction\",\"target\":{\"@type\":\"EntryPoint\",\"urlTemplate\":\"http:\/\/alcedrix.com\/?s={search_term_string}\"},\"query-input\":{\"@type\":\"PropertyValueSpecification\",\"valueRequired\":true,\"valueName\":\"search_term_string\"}}],\"inLanguage\":\"sq\"},{\"@type\":\"Organization\",\"@id\":\"http:\/\/alcedrix.com\/#organization\",\"name\":\"Alcedrix\",\"url\":\"http:\/\/alcedrix.com\/\",\"logo\":{\"@type\":\"ImageObject\",\"inLanguage\":\"sq\",\"@id\":\"http:\/\/alcedrix.com\/#\/schema\/logo\/image\/\",\"url\":\"http:\/\/3.126.27.25\/wp-content\/uploads\/2023\/08\/logo-web.png\",\"contentUrl\":\"http:\/\/3.126.27.25\/wp-content\/uploads\/2023\/08\/logo-web.png\",\"width\":492,\"height\":93,\"caption\":\"Alcedrix\"},\"image\":{\"@id\":\"http:\/\/alcedrix.com\/#\/schema\/logo\/image\/\"},\"sameAs\":[\"https:\/\/www.facebook.com\/alcedrix\",\"https:\/\/www.instagram.com\/alcedrix\"]}]}<\/script>\n<!-- \/ Yoast SEO plugin. -->","yoast_head_json":{"title":"Vitaminum B12 100mcg 30 Tableta - Alcedrix","robots":{"index":"index","follow":"follow","max-snippet":"max-snippet:-1","max-image-preview":"max-image-preview:large","max-video-preview":"max-video-preview:-1"},"canonical":"https:\/\/alcedrix.com\/sq\/shop\/vitaminum-b12-100mcg-30-tableta\/","og_locale":"sq_AL","og_type":"article","og_title":"Vitaminum B12 100mcg 30 Tableta - Alcedrix","og_description":"Vitaminum\u00a0 B12 100\u03bcg Strong \u00ebsht\u00eb nj\u00eb kombinim i 3 vitaminave t\u00eb grupit B-B6, B12 dhe acidit folik i pasuruar me vitamin\u00eb E.","og_url":"https:\/\/alcedrix.com\/sq\/shop\/vitaminum-b12-100mcg-30-tableta\/","og_site_name":"Alcedrix","article_publisher":"https:\/\/www.facebook.com\/alcedrix","article_modified_time":"2024-07-25T13:48:17+00:00","og_image":[{"width":600,"height":600,"url":"https:\/\/alcedrix.com\/wp-content\/uploads\/2024\/01\/vitaminum-b12.png","type":"image\/png"}],"twitter_card":"summary_large_image","twitter_misc":{"Est. reading time":"1 minut\u00eb"},"schema":{"@context":"https:\/\/schema.org","@graph":[{"@type":"WebPage","@id":"https:\/\/alcedrix.com\/shop\/vitaminum-b12-100mcg-30-tableta\/","url":"https:\/\/alcedrix.com\/shop\/vitaminum-b12-100mcg-30-tableta\/","name":"Vitaminum B12 100mcg 30 Tableta - Alcedrix","isPartOf":{"@id":"http:\/\/alcedrix.com\/#website"},"primaryImageOfPage":{"@id":"https:\/\/alcedrix.com\/shop\/vitaminum-b12-100mcg-30-tableta\/#primaryimage"},"image":{"@id":"https:\/\/alcedrix.com\/shop\/vitaminum-b12-100mcg-30-tableta\/#primaryimage"},"thumbnailUrl":"https:\/\/alcedrix.com\/wp-content\/uploads\/2024\/01\/vitaminum-b12.png","datePublished":"2024-01-04T13:06:40+00:00","dateModified":"2024-07-25T13:48:17+00:00","breadcrumb":{"@id":"https:\/\/alcedrix.com\/shop\/vitaminum-b12-100mcg-30-tableta\/#breadcrumb"},"inLanguage":"sq","potentialAction":[{"@type":"ReadAction","target":["https:\/\/alcedrix.com\/shop\/vitaminum-b12-100mcg-30-tableta\/"]}]},{"@type":"ImageObject","inLanguage":"sq","@id":"https:\/\/alcedrix.com\/shop\/vitaminum-b12-100mcg-30-tableta\/#primaryimage","url":"https:\/\/alcedrix.com\/wp-content\/uploads\/2024\/01\/vitaminum-b12.png","contentUrl":"https:\/\/alcedrix.com\/wp-content\/uploads\/2024\/01\/vitaminum-b12.png","width":600,"height":600},{"@type":"BreadcrumbList","@id":"https:\/\/alcedrix.com\/shop\/vitaminum-b12-100mcg-30-tableta\/#breadcrumb","itemListElement":[{"@type":"ListItem","position":1,"name":"Home","item":"https:\/\/alcedrix.com\/"},{"@type":"ListItem","position":2,"name":"Shop","item":"https:\/\/alcedrix.com\/shop\/"},{"@type":"ListItem","position":3,"name":"Vitaminum B12 100mcg 30 Tableta"}]},{"@type":"WebSite","@id":"http:\/\/alcedrix.com\/#website","url":"http:\/\/alcedrix.com\/","name":"Alcedrix","description":"Alcedrix","publisher":{"@id":"http:\/\/alcedrix.com\/#organization"},"potentialAction":[{"@type":"SearchAction","target":{"@type":"EntryPoint","urlTemplate":"http:\/\/alcedrix.com\/?s={search_term_string}"},"query-input":{"@type":"PropertyValueSpecification","valueRequired":true,"valueName":"search_term_string"}}],"inLanguage":"sq"},{"@type":"Organization","@id":"http:\/\/alcedrix.com\/#organization","name":"Alcedrix","url":"http:\/\/alcedrix.com\/","logo":{"@type":"ImageObject","inLanguage":"sq","@id":"http:\/\/alcedrix.com\/#\/schema\/logo\/image\/","url":"http:\/\/3.126.27.25\/wp-content\/uploads\/2023\/08\/logo-web.png","contentUrl":"http:\/\/3.126.27.25\/wp-content\/uploads\/2023\/08\/logo-web.png","width":492,"height":93,"caption":"Alcedrix"},"image":{"@id":"http:\/\/alcedrix.com\/#\/schema\/logo\/image\/"},"sameAs":["https:\/\/www.facebook.com\/alcedrix","https:\/\/www.instagram.com\/alcedrix"]}]}},"_links":{"self":[{"href":"https:\/\/alcedrix.com\/sq\/wp-json\/wp\/v2\/product\/8809"}],"collection":[{"href":"https:\/\/alcedrix.com\/sq\/wp-json\/wp\/v2\/product"}],"about":[{"href":"https:\/\/alcedrix.com\/sq\/wp-json\/wp\/v2\/types\/product"}],"version-history":[{"count":2,"href":"https:\/\/alcedrix.com\/sq\/wp-json\/wp\/v2\/product\/8809\/revisions"}],"predecessor-version":[{"id":9372,"href":"https:\/\/alcedrix.com\/sq\/wp-json\/wp\/v2\/product\/8809\/revisions\/9372"}],"wp:featuredmedia":[{"embeddable":true,"href":"https:\/\/alcedrix.com\/sq\/wp-json\/wp\/v2\/media\/8810"}],"wp:attachment":[{"href":"https:\/\/alcedrix.com\/sq\/wp-json\/wp\/v2\/media?parent=8809"}],"wp:term":[{"taxonomy":"product_cat","embeddable":true,"href":"https:\/\/alcedrix.com\/sq\/wp-json\/wp\/v2\/product_cat?post=8809"},{"taxonomy":"product_tag","embeddable":true,"href":"https:\/\/alcedrix.com\/sq\/wp-json\/wp\/v2\/product_tag?post=8809"}],"curies":[{"name":"wp","href":"https:\/\/api.w.org\/{rel}","templated":true}]}}