{"id":8794,"date":"2024-01-04T12:38:22","date_gmt":"2024-01-04T12:38:22","guid":{"rendered":"http:\/\/3.126.27.25\/?post_type=product&#038;p=8794"},"modified":"2024-07-18T12:20:53","modified_gmt":"2024-07-18T12:20:53","slug":"denti-pop-cherry-lepirese-pa-sheqer-me-12viatmina-dhe-2-minerale","status":"publish","type":"product","link":"https:\/\/alcedrix.com\/sq\/shop\/denti-pop-cherry-lepirese-pa-sheqer-me-12viatmina-dhe-2-minerale\/","title":{"rendered":"Denti Pop Cherry \u2013 L\u00ebpir\u00ebse pa sheqer me 12 vitamina dhe 2 Minerale"},"content":{"rendered":"<p>Pa sheqer, pa shurup misri me fruktoz\u00eb t\u00eb lart\u00eb, pa konservues, pa laktoz\u00eb, pa gluten dhe alergjen\u00eb t\u00eb tjer\u00eb.<\/p>\n<p>P\u00ebrmban fruta t\u00eb thata, arom\u00eb natyrale dhe ksilitol finlandez.<\/p>\n<p>&nbsp;<\/p>\n<p><strong>Pse Denti-Pop \u00ebsht\u00eb i mir\u00eb p\u00ebr ju dhe f\u00ebmiun t\u00ebnd?<\/strong><\/p>\n<p>Denti-Pop \u00ebsht\u00eb e vetmja l\u00ebpir\u00ebse e disponuesh\u00ebm n\u00eb tregun e Mbret\u00ebris\u00eb s\u00eb Bashkuar, e cila ka marr\u00eb miratimin zyrtar n\u00eb Evrop\u00eb pas nj\u00eb studimi klinik q\u00eb konfirmon se me t\u00eb v\u00ebrtet\u00eb ndihmon n\u00eb mbajtjen e dh\u00ebmb\u00ebve tuaj t\u00eb sh\u00ebndetsh\u00ebm.<\/p>\n<p>Studimi ka konfirmuar se l\u00ebpir\u00ebsja pa sheqer Denti-Pop mb\u00ebshtet pastrimin fiziologjik t\u00eb sip\u00ebrfaqes s\u00eb dh\u00ebmbit duke rritur rrjedhjen e p\u00ebshtym\u00ebs parandalon r\u00ebnien e pH t\u00eb p\u00ebshtym\u00ebs dhe rrit alkalinitetin e saj, duke ndihmuar n\u00eb mbrojtjen e sip\u00ebrfaqes s\u00eb dh\u00ebmb\u00ebve tuaj nga efektet e d\u00ebmshme t\u00eb acideve zvog\u00eblon nivelin e glukoz\u00ebs n\u00eb p\u00ebshtym\u00eb dhe fal\u00eb z\u00ebvend\u00ebsimit t\u00eb sheqerit me ksilitol, ndihmon n\u00eb ruajtjen e mineralizimit t\u00eb dh\u00ebmb\u00ebve pasi sheqeri i rregullt \u00ebsht\u00eb z\u00ebvend\u00ebsuar me ksilitol, ai ndihmon n\u00eb ruajtjen e mineralizimit t\u00eb dh\u00ebmb\u00ebve tuaj.<\/p>\n<p>&nbsp;<\/p>\n<p><strong>P\u00ebrpar\u00ebsit\u00eb e ksilitolit finlandez:<\/strong><\/p>\n<p>L\u00ebpir\u00ebset tona jan\u00eb t\u00eb vetmet n\u00eb tregun e Mbret\u00ebris\u00eb s\u00eb Bashkuar me ksilitolin finlandez si p\u00ebrb\u00ebr\u00ebsin kryesor q\u00eb \u00ebsht\u00eb elementi kryesor dhe m\u00eb i r\u00ebnd\u00ebsish\u00ebm i tij!<\/p>\n<p>Ndryshe nga saharoza (sheqeri), ksilitoli ka efekt baktericidal, q\u00eb do t\u00eb thot\u00eb se nuk \u00ebsht\u00eb terren kultivues i baktereve q\u00eb shkaktojn\u00eb prishjen e dh\u00ebmb\u00ebve.<\/p>\n<p>Z\u00ebvend\u00ebsimi i sheqerit me ksilitol ndihmon n\u00eb ruajtjen e mineralizimit t\u00eb dh\u00ebmb\u00ebve tuaj.<\/p>\n<p>Ka nj\u00eb indeks glicemik shum\u00eb m\u00eb t\u00eb ul\u00ebt se sheqeri dhe ka shum\u00eb m\u00eb pak kalori.<\/p>\n<p>Kur hani ushqime q\u00eb p\u00ebrmbajn\u00eb xylitol n\u00eb vend t\u00eb sheqerit, kjo shkakton nj\u00eb rritje m\u00eb t\u00eb vog\u00ebl t\u00eb glukoz\u00ebs n\u00eb gjak sesa n\u00ebse e krahasoni at\u00eb me ngr\u00ebnien e ushqimeve standarde me sheqer.<\/p>\n<p>&nbsp;<\/p>\n<p><strong>Doza e rekomanduar ditore:<\/strong> 1-2 l\u00ebpir\u00ebse gjat\u00eb dit\u00ebs.<\/p>","protected":false},"excerpt":{"rendered":"<p>L\u00ebpir\u00ebset tona jan\u00eb pasuruar me nj\u00eb kompleks prej 12 vitaminash dhe 2 mineralesh.<\/p>","protected":false},"featured_media":8795,"template":"","meta":[],"product_cat":[114,108,104,143],"product_tag":[128],"class_list":{"0":"post-8794","1":"product","2":"type-product","3":"status-publish","4":"has-post-thumbnail","6":"product_cat-eshtra-dhe-nyje","7":"product_cat-femije","8":"product_cat-shtese-ushqimore","9":"product_cat-starpharma","10":"product_tag-new1","12":"first","13":"instock","14":"taxable","15":"shipping-taxable","16":"purchasable","17":"product-type-simple"},"yoast_head":"<!-- This site is optimized with the Yoast SEO plugin v23.6 - https:\/\/yoast.com\/wordpress\/plugins\/seo\/ -->\n<title>Denti Pop Cherry \u2013 L\u00ebpir\u00ebse pa sheqer me 12 vitamina dhe 2 Minerale - Alcedrix<\/title>\n<meta name=\"robots\" content=\"index, follow, max-snippet:-1, max-image-preview:large, max-video-preview:-1\" \/>\n<link rel=\"canonical\" href=\"https:\/\/alcedrix.com\/sq\/shop\/denti-pop-cherry-lepirese-pa-sheqer-me-12viatmina-dhe-2-minerale\/\" \/>\n<meta property=\"og:locale\" content=\"sq_AL\" \/>\n<meta property=\"og:type\" content=\"article\" \/>\n<meta property=\"og:title\" content=\"Denti Pop Cherry \u2013 L\u00ebpir\u00ebse pa sheqer me 12 vitamina dhe 2 Minerale - Alcedrix\" \/>\n<meta property=\"og:description\" content=\"L\u00ebpir\u00ebset tona jan\u00eb pasuruar me nj\u00eb kompleks prej 12 vitaminash dhe 2 mineralesh.\" \/>\n<meta property=\"og:url\" content=\"https:\/\/alcedrix.com\/sq\/shop\/denti-pop-cherry-lepirese-pa-sheqer-me-12viatmina-dhe-2-minerale\/\" \/>\n<meta property=\"og:site_name\" content=\"Alcedrix\" \/>\n<meta property=\"article:publisher\" content=\"https:\/\/www.facebook.com\/alcedrix\" \/>\n<meta property=\"article:modified_time\" content=\"2024-07-18T12:20:53+00:00\" \/>\n<meta property=\"og:image\" content=\"https:\/\/alcedrix.com\/wp-content\/uploads\/2024\/01\/H-denti-cherry.png\" \/>\n\t<meta property=\"og:image:width\" content=\"600\" \/>\n\t<meta property=\"og:image:height\" content=\"600\" \/>\n\t<meta property=\"og:image:type\" content=\"image\/png\" \/>\n<meta name=\"twitter:card\" content=\"summary_large_image\" \/>\n<meta name=\"twitter:label1\" content=\"Est. reading time\" \/>\n\t<meta name=\"twitter:data1\" content=\"2 minuta\" \/>\n<script type=\"application\/ld+json\" class=\"yoast-schema-graph\">{\"@context\":\"https:\/\/schema.org\",\"@graph\":[{\"@type\":\"WebPage\",\"@id\":\"https:\/\/alcedrix.com\/sq\/shop\/denti-pop-cherry-lepirese-pa-sheqer-me-12viatmina-dhe-2-minerale\/\",\"url\":\"https:\/\/alcedrix.com\/sq\/shop\/denti-pop-cherry-lepirese-pa-sheqer-me-12viatmina-dhe-2-minerale\/\",\"name\":\"Denti Pop Cherry \u2013 L\u00ebpir\u00ebse pa sheqer me 12 vitamina dhe 2 Minerale - Alcedrix\",\"isPartOf\":{\"@id\":\"http:\/\/alcedrix.com\/#website\"},\"primaryImageOfPage\":{\"@id\":\"https:\/\/alcedrix.com\/sq\/shop\/denti-pop-cherry-lepirese-pa-sheqer-me-12viatmina-dhe-2-minerale\/#primaryimage\"},\"image\":{\"@id\":\"https:\/\/alcedrix.com\/sq\/shop\/denti-pop-cherry-lepirese-pa-sheqer-me-12viatmina-dhe-2-minerale\/#primaryimage\"},\"thumbnailUrl\":\"https:\/\/alcedrix.com\/wp-content\/uploads\/2024\/01\/H-denti-cherry.png\",\"datePublished\":\"2024-01-04T12:38:22+00:00\",\"dateModified\":\"2024-07-18T12:20:53+00:00\",\"breadcrumb\":{\"@id\":\"https:\/\/alcedrix.com\/sq\/shop\/denti-pop-cherry-lepirese-pa-sheqer-me-12viatmina-dhe-2-minerale\/#breadcrumb\"},\"inLanguage\":\"sq\",\"potentialAction\":[{\"@type\":\"ReadAction\",\"target\":[\"https:\/\/alcedrix.com\/sq\/shop\/denti-pop-cherry-lepirese-pa-sheqer-me-12viatmina-dhe-2-minerale\/\"]}]},{\"@type\":\"ImageObject\",\"inLanguage\":\"sq\",\"@id\":\"https:\/\/alcedrix.com\/sq\/shop\/denti-pop-cherry-lepirese-pa-sheqer-me-12viatmina-dhe-2-minerale\/#primaryimage\",\"url\":\"https:\/\/alcedrix.com\/wp-content\/uploads\/2024\/01\/H-denti-cherry.png\",\"contentUrl\":\"https:\/\/alcedrix.com\/wp-content\/uploads\/2024\/01\/H-denti-cherry.png\",\"width\":600,\"height\":600},{\"@type\":\"BreadcrumbList\",\"@id\":\"https:\/\/alcedrix.com\/sq\/shop\/denti-pop-cherry-lepirese-pa-sheqer-me-12viatmina-dhe-2-minerale\/#breadcrumb\",\"itemListElement\":[{\"@type\":\"ListItem\",\"position\":1,\"name\":\"Home\",\"item\":\"http:\/\/alcedrix.com\/\"},{\"@type\":\"ListItem\",\"position\":2,\"name\":\"Shop\",\"item\":\"https:\/\/alcedrix.com\/shop\/\"},{\"@type\":\"ListItem\",\"position\":3,\"name\":\"Denti Pop Cherry \u2013 L\u00ebpir\u00ebse pa sheqer me 12 vitamina dhe 2 Minerale\"}]},{\"@type\":\"WebSite\",\"@id\":\"http:\/\/alcedrix.com\/#website\",\"url\":\"http:\/\/alcedrix.com\/\",\"name\":\"Alcedrix\",\"description\":\"Alcedrix\",\"publisher\":{\"@id\":\"http:\/\/alcedrix.com\/#organization\"},\"potentialAction\":[{\"@type\":\"SearchAction\",\"target\":{\"@type\":\"EntryPoint\",\"urlTemplate\":\"http:\/\/alcedrix.com\/?s={search_term_string}\"},\"query-input\":{\"@type\":\"PropertyValueSpecification\",\"valueRequired\":true,\"valueName\":\"search_term_string\"}}],\"inLanguage\":\"sq\"},{\"@type\":\"Organization\",\"@id\":\"http:\/\/alcedrix.com\/#organization\",\"name\":\"Alcedrix\",\"url\":\"http:\/\/alcedrix.com\/\",\"logo\":{\"@type\":\"ImageObject\",\"inLanguage\":\"sq\",\"@id\":\"http:\/\/alcedrix.com\/#\/schema\/logo\/image\/\",\"url\":\"http:\/\/3.126.27.25\/wp-content\/uploads\/2023\/08\/logo-web.png\",\"contentUrl\":\"http:\/\/3.126.27.25\/wp-content\/uploads\/2023\/08\/logo-web.png\",\"width\":492,\"height\":93,\"caption\":\"Alcedrix\"},\"image\":{\"@id\":\"http:\/\/alcedrix.com\/#\/schema\/logo\/image\/\"},\"sameAs\":[\"https:\/\/www.facebook.com\/alcedrix\",\"https:\/\/www.instagram.com\/alcedrix\"]}]}<\/script>\n<!-- \/ Yoast SEO plugin. -->","yoast_head_json":{"title":"Denti Pop Cherry \u2013 L\u00ebpir\u00ebse pa sheqer me 12 vitamina dhe 2 Minerale - Alcedrix","robots":{"index":"index","follow":"follow","max-snippet":"max-snippet:-1","max-image-preview":"max-image-preview:large","max-video-preview":"max-video-preview:-1"},"canonical":"https:\/\/alcedrix.com\/sq\/shop\/denti-pop-cherry-lepirese-pa-sheqer-me-12viatmina-dhe-2-minerale\/","og_locale":"sq_AL","og_type":"article","og_title":"Denti Pop Cherry \u2013 L\u00ebpir\u00ebse pa sheqer me 12 vitamina dhe 2 Minerale - Alcedrix","og_description":"L\u00ebpir\u00ebset tona jan\u00eb pasuruar me nj\u00eb kompleks prej 12 vitaminash dhe 2 mineralesh.","og_url":"https:\/\/alcedrix.com\/sq\/shop\/denti-pop-cherry-lepirese-pa-sheqer-me-12viatmina-dhe-2-minerale\/","og_site_name":"Alcedrix","article_publisher":"https:\/\/www.facebook.com\/alcedrix","article_modified_time":"2024-07-18T12:20:53+00:00","og_image":[{"width":600,"height":600,"url":"https:\/\/alcedrix.com\/wp-content\/uploads\/2024\/01\/H-denti-cherry.png","type":"image\/png"}],"twitter_card":"summary_large_image","twitter_misc":{"Est. reading time":"2 minuta"},"schema":{"@context":"https:\/\/schema.org","@graph":[{"@type":"WebPage","@id":"https:\/\/alcedrix.com\/sq\/shop\/denti-pop-cherry-lepirese-pa-sheqer-me-12viatmina-dhe-2-minerale\/","url":"https:\/\/alcedrix.com\/sq\/shop\/denti-pop-cherry-lepirese-pa-sheqer-me-12viatmina-dhe-2-minerale\/","name":"Denti Pop Cherry \u2013 L\u00ebpir\u00ebse pa sheqer me 12 vitamina dhe 2 Minerale - Alcedrix","isPartOf":{"@id":"http:\/\/alcedrix.com\/#website"},"primaryImageOfPage":{"@id":"https:\/\/alcedrix.com\/sq\/shop\/denti-pop-cherry-lepirese-pa-sheqer-me-12viatmina-dhe-2-minerale\/#primaryimage"},"image":{"@id":"https:\/\/alcedrix.com\/sq\/shop\/denti-pop-cherry-lepirese-pa-sheqer-me-12viatmina-dhe-2-minerale\/#primaryimage"},"thumbnailUrl":"https:\/\/alcedrix.com\/wp-content\/uploads\/2024\/01\/H-denti-cherry.png","datePublished":"2024-01-04T12:38:22+00:00","dateModified":"2024-07-18T12:20:53+00:00","breadcrumb":{"@id":"https:\/\/alcedrix.com\/sq\/shop\/denti-pop-cherry-lepirese-pa-sheqer-me-12viatmina-dhe-2-minerale\/#breadcrumb"},"inLanguage":"sq","potentialAction":[{"@type":"ReadAction","target":["https:\/\/alcedrix.com\/sq\/shop\/denti-pop-cherry-lepirese-pa-sheqer-me-12viatmina-dhe-2-minerale\/"]}]},{"@type":"ImageObject","inLanguage":"sq","@id":"https:\/\/alcedrix.com\/sq\/shop\/denti-pop-cherry-lepirese-pa-sheqer-me-12viatmina-dhe-2-minerale\/#primaryimage","url":"https:\/\/alcedrix.com\/wp-content\/uploads\/2024\/01\/H-denti-cherry.png","contentUrl":"https:\/\/alcedrix.com\/wp-content\/uploads\/2024\/01\/H-denti-cherry.png","width":600,"height":600},{"@type":"BreadcrumbList","@id":"https:\/\/alcedrix.com\/sq\/shop\/denti-pop-cherry-lepirese-pa-sheqer-me-12viatmina-dhe-2-minerale\/#breadcrumb","itemListElement":[{"@type":"ListItem","position":1,"name":"Home","item":"http:\/\/alcedrix.com\/"},{"@type":"ListItem","position":2,"name":"Shop","item":"https:\/\/alcedrix.com\/shop\/"},{"@type":"ListItem","position":3,"name":"Denti Pop Cherry \u2013 L\u00ebpir\u00ebse pa sheqer me 12 vitamina dhe 2 Minerale"}]},{"@type":"WebSite","@id":"http:\/\/alcedrix.com\/#website","url":"http:\/\/alcedrix.com\/","name":"Alcedrix","description":"Alcedrix","publisher":{"@id":"http:\/\/alcedrix.com\/#organization"},"potentialAction":[{"@type":"SearchAction","target":{"@type":"EntryPoint","urlTemplate":"http:\/\/alcedrix.com\/?s={search_term_string}"},"query-input":{"@type":"PropertyValueSpecification","valueRequired":true,"valueName":"search_term_string"}}],"inLanguage":"sq"},{"@type":"Organization","@id":"http:\/\/alcedrix.com\/#organization","name":"Alcedrix","url":"http:\/\/alcedrix.com\/","logo":{"@type":"ImageObject","inLanguage":"sq","@id":"http:\/\/alcedrix.com\/#\/schema\/logo\/image\/","url":"http:\/\/3.126.27.25\/wp-content\/uploads\/2023\/08\/logo-web.png","contentUrl":"http:\/\/3.126.27.25\/wp-content\/uploads\/2023\/08\/logo-web.png","width":492,"height":93,"caption":"Alcedrix"},"image":{"@id":"http:\/\/alcedrix.com\/#\/schema\/logo\/image\/"},"sameAs":["https:\/\/www.facebook.com\/alcedrix","https:\/\/www.instagram.com\/alcedrix"]}]}},"_links":{"self":[{"href":"https:\/\/alcedrix.com\/sq\/wp-json\/wp\/v2\/product\/8794"}],"collection":[{"href":"https:\/\/alcedrix.com\/sq\/wp-json\/wp\/v2\/product"}],"about":[{"href":"https:\/\/alcedrix.com\/sq\/wp-json\/wp\/v2\/types\/product"}],"version-history":[{"count":1,"href":"https:\/\/alcedrix.com\/sq\/wp-json\/wp\/v2\/product\/8794\/revisions"}],"predecessor-version":[{"id":9337,"href":"https:\/\/alcedrix.com\/sq\/wp-json\/wp\/v2\/product\/8794\/revisions\/9337"}],"wp:featuredmedia":[{"embeddable":true,"href":"https:\/\/alcedrix.com\/sq\/wp-json\/wp\/v2\/media\/8795"}],"wp:attachment":[{"href":"https:\/\/alcedrix.com\/sq\/wp-json\/wp\/v2\/media?parent=8794"}],"wp:term":[{"taxonomy":"product_cat","embeddable":true,"href":"https:\/\/alcedrix.com\/sq\/wp-json\/wp\/v2\/product_cat?post=8794"},{"taxonomy":"product_tag","embeddable":true,"href":"https:\/\/alcedrix.com\/sq\/wp-json\/wp\/v2\/product_tag?post=8794"}],"curies":[{"name":"wp","href":"https:\/\/api.w.org\/{rel}","templated":true}]}}