{"id":8094,"date":"2023-09-12T16:34:46","date_gmt":"2023-09-12T16:34:46","guid":{"rendered":"http:\/\/3.126.27.25\/?post_type=product&#038;p=8094"},"modified":"2024-07-18T12:05:22","modified_gmt":"2024-07-18T12:05:22","slug":"chela-mag-b6-forte-shot","status":"publish","type":"product","link":"https:\/\/alcedrix.com\/sq\/shop\/chela-mag-b6-forte-shot\/","title":{"rendered":"Chela Mag B6\u00ae Forte SHOT"},"content":{"rendered":"<p><strong>Chela Mag B6\u00ae Forte SHOT<\/strong> \u00ebsht\u00eb shtes\u00eb ushqimore me p\u00ebrmbajtje t\u00eb magnezit t\u00eb l\u00ebngsh\u00ebm n\u00eb form\u00ebn e kelatit t\u00eb aminoacideve Albion\u00ae, me p\u00ebrthithshm\u00ebri t\u00eb lart\u00eb. Nj\u00eb doz\u00eb e vetme p\u00ebrmban- 375mg jone t\u00eb pastra magnezi, t\u00eb pasuruar me vitamin\u00eb B6.<\/p>\n<p>Nj\u00eb ampul\u00eb Chela-Mag B6\u00ae Forte SHOT mbulon 100% t\u00eb k\u00ebrkes\u00ebs ditore t\u00eb trupit p\u00ebr magnez. P\u00ebrdorimi i formul\u00ebs inovative Liquid Technology lejon p\u00ebrthithjen e menj\u00ebhershme t\u00eb p\u00ebrb\u00ebr\u00ebsve. E gjith\u00eb kjo n\u00eb nj\u00eb ampul\u00eb 25ml, duke siguruar leht\u00ebsi t\u00eb jasht\u00ebzakonshme p\u00ebrdorimi dhe mund\u00ebsin\u00eb p\u00ebr ta p\u00ebrdorur at\u00eb n\u00eb \u00e7do koh\u00eb.<\/p>\n<p>Hulumtimet shkencore, kan\u00eb v\u00ebrtetuar se magnezi:<\/p>\n<ul>\n<li>Ndihmon n\u00eb funksionimin e duhur t\u00eb muskujve,<\/li>\n<li>Kontribuon n\u00eb funksionimin e duhur t\u00eb sistemit nervor,<\/li>\n<li>Merr pjes\u00eb n\u00eb ruajtjen e funksioneve t\u00eb duhura psikologjike,<\/li>\n<li>Ndihmon n\u00eb reduktimin e ndjenj\u00ebs s\u00eb lodhjes dhe rraskapitjes;<\/li>\n<li>Merr pjes\u00eb n\u00eb ruajtjen e kockave dhe dh\u00ebmb\u00ebve t\u00eb sh\u00ebndetsh\u00ebm;<\/li>\n<li>Merr pjes\u00eb n\u00eb ruajtjen e ekuilibrit t\u00eb elektroliteve;<\/li>\n<li>\u00cbsht\u00eb i p\u00ebrfshir\u00eb n\u00eb metabolizmin e duhur t\u00eb energjis\u00eb dhe ndihmon n\u00eb sintez\u00ebn e duhur t\u00eb proteinave.<\/li>\n<\/ul>\n<p><strong>M\u00ebnyra e p\u00ebrdorimit:<\/strong> 1 ampul\u00eb (25 ml) n\u00eb dit\u00eb pas ushqimit ose n\u00ebse u \u00ebsht\u00eb rekomanduar ndryshe nga mjeku juaj. Tundeni para p\u00ebrdorimit.<\/p>","protected":false},"excerpt":{"rendered":"<p>Magnez i gjenerat\u00ebs s\u00eb re n\u00eb form\u00eb Bisglicinat.<\/p>","protected":false},"featured_media":8816,"template":"","meta":[],"product_cat":[115,116,109,96,104,101],"product_tag":[128],"class_list":{"0":"post-8094","1":"product","2":"type-product","3":"status-publish","4":"has-post-thumbnail","6":"product_cat-energji","7":"product_cat-koncentrim","8":"product_cat-mbrojtje","9":"product_cat-olimp","10":"product_cat-shtese-ushqimore","11":"product_cat-te-rritur","12":"product_tag-new1","14":"first","15":"instock","16":"taxable","17":"shipping-taxable","18":"purchasable","19":"product-type-simple"},"yoast_head":"<!-- This site is optimized with the Yoast SEO plugin v23.6 - https:\/\/yoast.com\/wordpress\/plugins\/seo\/ -->\n<title>Chela Mag B6\u00ae Forte SHOT - Alcedrix<\/title>\n<meta name=\"robots\" content=\"index, follow, max-snippet:-1, max-image-preview:large, max-video-preview:-1\" \/>\n<link rel=\"canonical\" href=\"https:\/\/alcedrix.com\/sq\/shop\/chela-mag-b6-forte-shot\/\" \/>\n<meta property=\"og:locale\" content=\"sq_AL\" \/>\n<meta property=\"og:type\" content=\"article\" \/>\n<meta property=\"og:title\" content=\"Chela Mag B6\u00ae Forte SHOT - Alcedrix\" \/>\n<meta property=\"og:description\" content=\"Magnez i gjenerat\u00ebs s\u00eb re n\u00eb form\u00eb Bisglicinat.\" \/>\n<meta property=\"og:url\" content=\"https:\/\/alcedrix.com\/sq\/shop\/chela-mag-b6-forte-shot\/\" \/>\n<meta property=\"og:site_name\" content=\"Alcedrix\" \/>\n<meta property=\"article:publisher\" content=\"https:\/\/www.facebook.com\/alcedrix\" \/>\n<meta property=\"article:modified_time\" content=\"2024-07-18T12:05:22+00:00\" \/>\n<meta property=\"og:image\" content=\"https:\/\/alcedrix.com\/wp-content\/uploads\/2023\/09\/chela-mag-shot-9x1-1.png\" \/>\n\t<meta property=\"og:image:width\" content=\"600\" \/>\n\t<meta property=\"og:image:height\" content=\"600\" \/>\n\t<meta property=\"og:image:type\" content=\"image\/png\" \/>\n<meta name=\"twitter:card\" content=\"summary_large_image\" \/>\n<meta name=\"twitter:label1\" content=\"Est. reading time\" \/>\n\t<meta name=\"twitter:data1\" content=\"1 minut\u00eb\" \/>\n<script type=\"application\/ld+json\" class=\"yoast-schema-graph\">{\"@context\":\"https:\/\/schema.org\",\"@graph\":[{\"@type\":\"WebPage\",\"@id\":\"https:\/\/alcedrix.com\/shop\/chela-mag-b6-forte-shot\/\",\"url\":\"https:\/\/alcedrix.com\/shop\/chela-mag-b6-forte-shot\/\",\"name\":\"Chela Mag B6\u00ae Forte SHOT - Alcedrix\",\"isPartOf\":{\"@id\":\"http:\/\/alcedrix.com\/#website\"},\"primaryImageOfPage\":{\"@id\":\"https:\/\/alcedrix.com\/shop\/chela-mag-b6-forte-shot\/#primaryimage\"},\"image\":{\"@id\":\"https:\/\/alcedrix.com\/shop\/chela-mag-b6-forte-shot\/#primaryimage\"},\"thumbnailUrl\":\"https:\/\/alcedrix.com\/wp-content\/uploads\/2023\/09\/chela-mag-shot-9x1-1.png\",\"datePublished\":\"2023-09-12T16:34:46+00:00\",\"dateModified\":\"2024-07-18T12:05:22+00:00\",\"breadcrumb\":{\"@id\":\"https:\/\/alcedrix.com\/shop\/chela-mag-b6-forte-shot\/#breadcrumb\"},\"inLanguage\":\"sq\",\"potentialAction\":[{\"@type\":\"ReadAction\",\"target\":[\"https:\/\/alcedrix.com\/shop\/chela-mag-b6-forte-shot\/\"]}]},{\"@type\":\"ImageObject\",\"inLanguage\":\"sq\",\"@id\":\"https:\/\/alcedrix.com\/shop\/chela-mag-b6-forte-shot\/#primaryimage\",\"url\":\"https:\/\/alcedrix.com\/wp-content\/uploads\/2023\/09\/chela-mag-shot-9x1-1.png\",\"contentUrl\":\"https:\/\/alcedrix.com\/wp-content\/uploads\/2023\/09\/chela-mag-shot-9x1-1.png\",\"width\":600,\"height\":600},{\"@type\":\"BreadcrumbList\",\"@id\":\"https:\/\/alcedrix.com\/shop\/chela-mag-b6-forte-shot\/#breadcrumb\",\"itemListElement\":[{\"@type\":\"ListItem\",\"position\":1,\"name\":\"Home\",\"item\":\"http:\/\/alcedrix.com\/\"},{\"@type\":\"ListItem\",\"position\":2,\"name\":\"Shop\",\"item\":\"https:\/\/alcedrix.com\/shop\/\"},{\"@type\":\"ListItem\",\"position\":3,\"name\":\"Chela Mag B6\u00ae Forte SHOT\"}]},{\"@type\":\"WebSite\",\"@id\":\"http:\/\/alcedrix.com\/#website\",\"url\":\"http:\/\/alcedrix.com\/\",\"name\":\"Alcedrix\",\"description\":\"Alcedrix\",\"publisher\":{\"@id\":\"http:\/\/alcedrix.com\/#organization\"},\"potentialAction\":[{\"@type\":\"SearchAction\",\"target\":{\"@type\":\"EntryPoint\",\"urlTemplate\":\"http:\/\/alcedrix.com\/?s={search_term_string}\"},\"query-input\":{\"@type\":\"PropertyValueSpecification\",\"valueRequired\":true,\"valueName\":\"search_term_string\"}}],\"inLanguage\":\"sq\"},{\"@type\":\"Organization\",\"@id\":\"http:\/\/alcedrix.com\/#organization\",\"name\":\"Alcedrix\",\"url\":\"http:\/\/alcedrix.com\/\",\"logo\":{\"@type\":\"ImageObject\",\"inLanguage\":\"sq\",\"@id\":\"http:\/\/alcedrix.com\/#\/schema\/logo\/image\/\",\"url\":\"http:\/\/3.126.27.25\/wp-content\/uploads\/2023\/08\/logo-web.png\",\"contentUrl\":\"http:\/\/3.126.27.25\/wp-content\/uploads\/2023\/08\/logo-web.png\",\"width\":492,\"height\":93,\"caption\":\"Alcedrix\"},\"image\":{\"@id\":\"http:\/\/alcedrix.com\/#\/schema\/logo\/image\/\"},\"sameAs\":[\"https:\/\/www.facebook.com\/alcedrix\",\"https:\/\/www.instagram.com\/alcedrix\"]}]}<\/script>\n<!-- \/ Yoast SEO plugin. -->","yoast_head_json":{"title":"Chela Mag B6\u00ae Forte SHOT - Alcedrix","robots":{"index":"index","follow":"follow","max-snippet":"max-snippet:-1","max-image-preview":"max-image-preview:large","max-video-preview":"max-video-preview:-1"},"canonical":"https:\/\/alcedrix.com\/sq\/shop\/chela-mag-b6-forte-shot\/","og_locale":"sq_AL","og_type":"article","og_title":"Chela Mag B6\u00ae Forte SHOT - Alcedrix","og_description":"Magnez i gjenerat\u00ebs s\u00eb re n\u00eb form\u00eb Bisglicinat.","og_url":"https:\/\/alcedrix.com\/sq\/shop\/chela-mag-b6-forte-shot\/","og_site_name":"Alcedrix","article_publisher":"https:\/\/www.facebook.com\/alcedrix","article_modified_time":"2024-07-18T12:05:22+00:00","og_image":[{"width":600,"height":600,"url":"https:\/\/alcedrix.com\/wp-content\/uploads\/2023\/09\/chela-mag-shot-9x1-1.png","type":"image\/png"}],"twitter_card":"summary_large_image","twitter_misc":{"Est. reading time":"1 minut\u00eb"},"schema":{"@context":"https:\/\/schema.org","@graph":[{"@type":"WebPage","@id":"https:\/\/alcedrix.com\/shop\/chela-mag-b6-forte-shot\/","url":"https:\/\/alcedrix.com\/shop\/chela-mag-b6-forte-shot\/","name":"Chela Mag B6\u00ae Forte SHOT - Alcedrix","isPartOf":{"@id":"http:\/\/alcedrix.com\/#website"},"primaryImageOfPage":{"@id":"https:\/\/alcedrix.com\/shop\/chela-mag-b6-forte-shot\/#primaryimage"},"image":{"@id":"https:\/\/alcedrix.com\/shop\/chela-mag-b6-forte-shot\/#primaryimage"},"thumbnailUrl":"https:\/\/alcedrix.com\/wp-content\/uploads\/2023\/09\/chela-mag-shot-9x1-1.png","datePublished":"2023-09-12T16:34:46+00:00","dateModified":"2024-07-18T12:05:22+00:00","breadcrumb":{"@id":"https:\/\/alcedrix.com\/shop\/chela-mag-b6-forte-shot\/#breadcrumb"},"inLanguage":"sq","potentialAction":[{"@type":"ReadAction","target":["https:\/\/alcedrix.com\/shop\/chela-mag-b6-forte-shot\/"]}]},{"@type":"ImageObject","inLanguage":"sq","@id":"https:\/\/alcedrix.com\/shop\/chela-mag-b6-forte-shot\/#primaryimage","url":"https:\/\/alcedrix.com\/wp-content\/uploads\/2023\/09\/chela-mag-shot-9x1-1.png","contentUrl":"https:\/\/alcedrix.com\/wp-content\/uploads\/2023\/09\/chela-mag-shot-9x1-1.png","width":600,"height":600},{"@type":"BreadcrumbList","@id":"https:\/\/alcedrix.com\/shop\/chela-mag-b6-forte-shot\/#breadcrumb","itemListElement":[{"@type":"ListItem","position":1,"name":"Home","item":"http:\/\/alcedrix.com\/"},{"@type":"ListItem","position":2,"name":"Shop","item":"https:\/\/alcedrix.com\/shop\/"},{"@type":"ListItem","position":3,"name":"Chela Mag B6\u00ae Forte SHOT"}]},{"@type":"WebSite","@id":"http:\/\/alcedrix.com\/#website","url":"http:\/\/alcedrix.com\/","name":"Alcedrix","description":"Alcedrix","publisher":{"@id":"http:\/\/alcedrix.com\/#organization"},"potentialAction":[{"@type":"SearchAction","target":{"@type":"EntryPoint","urlTemplate":"http:\/\/alcedrix.com\/?s={search_term_string}"},"query-input":{"@type":"PropertyValueSpecification","valueRequired":true,"valueName":"search_term_string"}}],"inLanguage":"sq"},{"@type":"Organization","@id":"http:\/\/alcedrix.com\/#organization","name":"Alcedrix","url":"http:\/\/alcedrix.com\/","logo":{"@type":"ImageObject","inLanguage":"sq","@id":"http:\/\/alcedrix.com\/#\/schema\/logo\/image\/","url":"http:\/\/3.126.27.25\/wp-content\/uploads\/2023\/08\/logo-web.png","contentUrl":"http:\/\/3.126.27.25\/wp-content\/uploads\/2023\/08\/logo-web.png","width":492,"height":93,"caption":"Alcedrix"},"image":{"@id":"http:\/\/alcedrix.com\/#\/schema\/logo\/image\/"},"sameAs":["https:\/\/www.facebook.com\/alcedrix","https:\/\/www.instagram.com\/alcedrix"]}]}},"_links":{"self":[{"href":"https:\/\/alcedrix.com\/sq\/wp-json\/wp\/v2\/product\/8094"}],"collection":[{"href":"https:\/\/alcedrix.com\/sq\/wp-json\/wp\/v2\/product"}],"about":[{"href":"https:\/\/alcedrix.com\/sq\/wp-json\/wp\/v2\/types\/product"}],"version-history":[{"count":0,"href":"https:\/\/alcedrix.com\/sq\/wp-json\/wp\/v2\/product\/8094\/revisions"}],"wp:featuredmedia":[{"embeddable":true,"href":"https:\/\/alcedrix.com\/sq\/wp-json\/wp\/v2\/media\/8816"}],"wp:attachment":[{"href":"https:\/\/alcedrix.com\/sq\/wp-json\/wp\/v2\/media?parent=8094"}],"wp:term":[{"taxonomy":"product_cat","embeddable":true,"href":"https:\/\/alcedrix.com\/sq\/wp-json\/wp\/v2\/product_cat?post=8094"},{"taxonomy":"product_tag","embeddable":true,"href":"https:\/\/alcedrix.com\/sq\/wp-json\/wp\/v2\/product_tag?post=8094"}],"curies":[{"name":"wp","href":"https:\/\/api.w.org\/{rel}","templated":true}]}}