{"id":8067,"date":"2023-09-12T12:57:26","date_gmt":"2023-09-12T12:57:26","guid":{"rendered":"http:\/\/3.126.27.25\/?post_type=product&#038;p=8067"},"modified":"2024-07-25T13:32:07","modified_gmt":"2024-07-25T13:32:07","slug":"vitadigest-15cps","status":"publish","type":"product","link":"https:\/\/alcedrix.com\/sq\/shop\/vitadigest-15cps\/","title":{"rendered":"Vitadigest\u00ae Enzymes"},"content":{"rendered":"<p><strong>Vitadigest\u00ae Enzymes<\/strong> \u00ebsht\u00eb kombinim i tre shtameve bakteriale t\u00eb pranishme n\u00eb zorr\u00ebn e njeriut (Lactobacillus gasseri, Bifidobacterium bifidum dhe Bifidobacterium longum) me kat\u00ebr enzima q\u00eb ndihmojn\u00eb tretjen e ushqimit (lipaza, laktaza, proteaza dhe amilaza) dhe n\u00eb nxitjen e tretjes dhe rigjenerimin e dobish\u00ebm t\u00eb flor\u00ebs s\u00eb zorr\u00ebve.<\/p>\n<p>Rekomandohet t\u00eb p\u00ebrdoret p\u00ebr:<\/p>\n<ul>\n<li>Tretjen e ushqimeve t\u00eb r\u00ebnda.<\/li>\n<li>Trajtimin e Diarres akute t\u00eb shkaktuar nga p\u00ebrdorimi i antibiotik\u00ebve.<\/li>\n<li>Eliminimin e gazrave.<\/li>\n<li>Largimin e gjendjes s\u00eb fryerjes.<\/li>\n<li>Mir\u00ebmbajtjen e balancit adekuat n\u00eb flor\u00ebn intestinale.<\/li>\n<li>P\u00ebrmir\u00ebsimin e tranzitit intestinal.<\/li>\n<\/ul>\n<p>Vitadigest\u00aeEnzymes \u00ebsht\u00eb nj\u00eb kombinim i tre shtameve bakteriale t\u00eb pranishme n\u00eb zorr\u00ebn e njeriut me kat\u00ebr enzima tret\u00ebse t\u00eb cilat ndihmojn\u00eb n\u00eb promovimin e tretjes dhe rigjenerimin e flor\u00ebs s\u00eb dobishme t\u00eb zorr\u00ebve.<\/p>\n<p>Enzimat tret\u00ebse leht\u00ebsojn\u00eb tretjen e ushqimit dhe p\u00ebrthithjen e l\u00ebnd\u00ebve ushqyese. P\u00ebrve\u00e7 k\u00ebsaj, kombinimi me probiotik\u00ebt (bakteret q\u00eb gjenden n\u00eb zorr\u00eb) nxit tretjen dhe ndihmon n\u00eb rigjenerimin e flor\u00ebs s\u00eb dobishme t\u00eb zorr\u00ebve. Tretja e keqe \u00ebsht\u00eb situat\u00eb e zakonshme dhe mund t\u00eb shfaqet n\u00eb m\u00ebnyra t\u00eb ndryshme: kur ndihemi t\u00eb r\u00ebnduar pas \u00e7do vakti, kemi fryrje, diarre ose \u00ebnjtje t\u00eb barkut, me siguri po p\u00ebrjetojm\u00eb tretje t\u00eb keqe. Nj\u00eb nga shenjat kryesore q\u00eb tregon se tretja nuk funksionon si\u00e7 duhet \u00ebsht\u00eb shfaqja e fryrjeve.<\/p>\n<p>Sistemi yn\u00eb tret\u00ebs \u00ebsht\u00eb p\u00ebrgjegj\u00ebs p\u00ebr procesin e tretjes, i cili p\u00ebrdoret p\u00ebr t\u00eb kthyer ushqimin n\u00eb energji. Ndonj\u00ebher\u00eb mund t\u00eb ket\u00eb disa shqet\u00ebsime specifike si urth, refluks, nauze, t\u00eb vjella, diarre, kapsll\u00ebk, fryrje, etj. Mund t\u00eb shkaktohet nga ushqimi i tep\u00ebrt dhe ndryshimi i zakoneve. Tani, n\u00ebse k\u00ebto simptoma nuk jan\u00eb t\u00eb p\u00ebrkohshme dhe vazhdojn\u00eb me kalimin e koh\u00ebs, mund t\u00eb jet\u00eb tregues i nj\u00eb \u00e7ekuilibri. Bilanci i sistemit ton\u00eb t\u00eb tretjes \u00ebsht\u00eb i nj\u00eb r\u00ebnd\u00ebsie jetike p\u00ebr mir\u00ebqenien ton\u00eb t\u00eb p\u00ebrgjithshme. Mosfunksionimi i sistemit tret\u00ebs, p\u00ebrve\u00e7 tjerash mund t\u00eb ndikoj\u00eb n\u00eb sistemin ton\u00eb t\u00eb mbrojtjes, disponimin, etj. Ushqimi, n\u00ebse nuk p\u00ebrpunohet si\u00e7 duhet n\u00eb nivelin e stomakut, mund t\u00eb arrij\u00eb i p\u00ebrpunuar pjes\u00ebrisht n\u00eb zorr\u00eb, ku mikrobiota do t\u00eb duhet t\u00eb punoj\u00eb jasht\u00eb orarit p\u00ebr t\u00eb tretur at\u00eb q\u00eb vjen, duke kryer procese t\u00eb tipit fermentimi n\u00eb vend t\u00eb tretjes.<\/p>\n<p><strong>M\u00ebnyra e p\u00ebrdorimit:<\/strong> 1 kapsul\u00eb, dy her\u00eb n\u00eb dit\u00eb me ushqimet kryesore.<\/p>","protected":false},"excerpt":{"rendered":"<p>Tretje t\u00eb leht\u00eb fal\u00eb p\u00ebrzierjes s\u00eb baktereve t\u00eb dobishme dhe enzimave tret\u00ebse.<\/p>","protected":false},"featured_media":8068,"template":"","meta":[],"product_cat":[104,101,124,95],"product_tag":[],"class_list":{"0":"post-8067","1":"product","2":"type-product","3":"status-publish","4":"has-post-thumbnail","6":"product_cat-shtese-ushqimore","7":"product_cat-te-rritur","8":"product_cat-tretje","9":"product_cat-vitae","11":"first","12":"instock","13":"taxable","14":"shipping-taxable","15":"purchasable","16":"product-type-simple"},"yoast_head":"<!-- This site is optimized with the Yoast SEO plugin v23.6 - https:\/\/yoast.com\/wordpress\/plugins\/seo\/ -->\n<title>Vitadigest\u00ae Enzymes - Alcedrix<\/title>\n<meta name=\"robots\" content=\"index, follow, max-snippet:-1, max-image-preview:large, max-video-preview:-1\" \/>\n<link rel=\"canonical\" href=\"https:\/\/alcedrix.com\/sq\/shop\/vitadigest-15cps\/\" \/>\n<meta property=\"og:locale\" content=\"sq_AL\" \/>\n<meta property=\"og:type\" content=\"article\" \/>\n<meta property=\"og:title\" content=\"Vitadigest\u00ae Enzymes - Alcedrix\" \/>\n<meta property=\"og:description\" content=\"Tretje t\u00eb leht\u00eb fal\u00eb p\u00ebrzierjes s\u00eb baktereve t\u00eb dobishme dhe enzimave tret\u00ebse.\" \/>\n<meta property=\"og:url\" content=\"https:\/\/alcedrix.com\/sq\/shop\/vitadigest-15cps\/\" \/>\n<meta property=\"og:site_name\" content=\"Alcedrix\" \/>\n<meta property=\"article:publisher\" content=\"https:\/\/www.facebook.com\/alcedrix\" \/>\n<meta property=\"article:modified_time\" content=\"2024-07-25T13:32:07+00:00\" \/>\n<meta property=\"og:image\" content=\"https:\/\/alcedrix.com\/wp-content\/uploads\/2023\/09\/vitadigest-enzymes-1.png\" \/>\n\t<meta property=\"og:image:width\" content=\"600\" \/>\n\t<meta property=\"og:image:height\" content=\"600\" \/>\n\t<meta property=\"og:image:type\" content=\"image\/png\" \/>\n<meta name=\"twitter:card\" content=\"summary_large_image\" \/>\n<meta name=\"twitter:label1\" content=\"Est. reading time\" \/>\n\t<meta name=\"twitter:data1\" content=\"2 minuta\" \/>\n<script type=\"application\/ld+json\" class=\"yoast-schema-graph\">{\"@context\":\"https:\/\/schema.org\",\"@graph\":[{\"@type\":\"WebPage\",\"@id\":\"https:\/\/alcedrix.com\/shop\/vitadigest-15cps\/\",\"url\":\"https:\/\/alcedrix.com\/shop\/vitadigest-15cps\/\",\"name\":\"Vitadigest\u00ae Enzymes - Alcedrix\",\"isPartOf\":{\"@id\":\"http:\/\/alcedrix.com\/#website\"},\"primaryImageOfPage\":{\"@id\":\"https:\/\/alcedrix.com\/shop\/vitadigest-15cps\/#primaryimage\"},\"image\":{\"@id\":\"https:\/\/alcedrix.com\/shop\/vitadigest-15cps\/#primaryimage\"},\"thumbnailUrl\":\"https:\/\/alcedrix.com\/wp-content\/uploads\/2023\/09\/vitadigest-enzymes-1.png\",\"datePublished\":\"2023-09-12T12:57:26+00:00\",\"dateModified\":\"2024-07-25T13:32:07+00:00\",\"breadcrumb\":{\"@id\":\"https:\/\/alcedrix.com\/shop\/vitadigest-15cps\/#breadcrumb\"},\"inLanguage\":\"sq\",\"potentialAction\":[{\"@type\":\"ReadAction\",\"target\":[\"https:\/\/alcedrix.com\/shop\/vitadigest-15cps\/\"]}]},{\"@type\":\"ImageObject\",\"inLanguage\":\"sq\",\"@id\":\"https:\/\/alcedrix.com\/shop\/vitadigest-15cps\/#primaryimage\",\"url\":\"https:\/\/alcedrix.com\/wp-content\/uploads\/2023\/09\/vitadigest-enzymes-1.png\",\"contentUrl\":\"https:\/\/alcedrix.com\/wp-content\/uploads\/2023\/09\/vitadigest-enzymes-1.png\",\"width\":600,\"height\":600},{\"@type\":\"BreadcrumbList\",\"@id\":\"https:\/\/alcedrix.com\/shop\/vitadigest-15cps\/#breadcrumb\",\"itemListElement\":[{\"@type\":\"ListItem\",\"position\":1,\"name\":\"Home\",\"item\":\"https:\/\/alcedrix.com\/\"},{\"@type\":\"ListItem\",\"position\":2,\"name\":\"Shop\",\"item\":\"https:\/\/alcedrix.com\/sq\/shop\/\"},{\"@type\":\"ListItem\",\"position\":3,\"name\":\"Vitadigest\u00ae Enzymes\"}]},{\"@type\":\"WebSite\",\"@id\":\"http:\/\/alcedrix.com\/#website\",\"url\":\"http:\/\/alcedrix.com\/\",\"name\":\"Alcedrix\",\"description\":\"Alcedrix\",\"publisher\":{\"@id\":\"http:\/\/alcedrix.com\/#organization\"},\"potentialAction\":[{\"@type\":\"SearchAction\",\"target\":{\"@type\":\"EntryPoint\",\"urlTemplate\":\"http:\/\/alcedrix.com\/?s={search_term_string}\"},\"query-input\":{\"@type\":\"PropertyValueSpecification\",\"valueRequired\":true,\"valueName\":\"search_term_string\"}}],\"inLanguage\":\"sq\"},{\"@type\":\"Organization\",\"@id\":\"http:\/\/alcedrix.com\/#organization\",\"name\":\"Alcedrix\",\"url\":\"http:\/\/alcedrix.com\/\",\"logo\":{\"@type\":\"ImageObject\",\"inLanguage\":\"sq\",\"@id\":\"http:\/\/alcedrix.com\/#\/schema\/logo\/image\/\",\"url\":\"http:\/\/3.126.27.25\/wp-content\/uploads\/2023\/08\/logo-web.png\",\"contentUrl\":\"http:\/\/3.126.27.25\/wp-content\/uploads\/2023\/08\/logo-web.png\",\"width\":492,\"height\":93,\"caption\":\"Alcedrix\"},\"image\":{\"@id\":\"http:\/\/alcedrix.com\/#\/schema\/logo\/image\/\"},\"sameAs\":[\"https:\/\/www.facebook.com\/alcedrix\",\"https:\/\/www.instagram.com\/alcedrix\"]}]}<\/script>\n<!-- \/ Yoast SEO plugin. -->","yoast_head_json":{"title":"Vitadigest\u00ae Enzymes - Alcedrix","robots":{"index":"index","follow":"follow","max-snippet":"max-snippet:-1","max-image-preview":"max-image-preview:large","max-video-preview":"max-video-preview:-1"},"canonical":"https:\/\/alcedrix.com\/sq\/shop\/vitadigest-15cps\/","og_locale":"sq_AL","og_type":"article","og_title":"Vitadigest\u00ae Enzymes - Alcedrix","og_description":"Tretje t\u00eb leht\u00eb fal\u00eb p\u00ebrzierjes s\u00eb baktereve t\u00eb dobishme dhe enzimave tret\u00ebse.","og_url":"https:\/\/alcedrix.com\/sq\/shop\/vitadigest-15cps\/","og_site_name":"Alcedrix","article_publisher":"https:\/\/www.facebook.com\/alcedrix","article_modified_time":"2024-07-25T13:32:07+00:00","og_image":[{"width":600,"height":600,"url":"https:\/\/alcedrix.com\/wp-content\/uploads\/2023\/09\/vitadigest-enzymes-1.png","type":"image\/png"}],"twitter_card":"summary_large_image","twitter_misc":{"Est. reading time":"2 minuta"},"schema":{"@context":"https:\/\/schema.org","@graph":[{"@type":"WebPage","@id":"https:\/\/alcedrix.com\/shop\/vitadigest-15cps\/","url":"https:\/\/alcedrix.com\/shop\/vitadigest-15cps\/","name":"Vitadigest\u00ae Enzymes - Alcedrix","isPartOf":{"@id":"http:\/\/alcedrix.com\/#website"},"primaryImageOfPage":{"@id":"https:\/\/alcedrix.com\/shop\/vitadigest-15cps\/#primaryimage"},"image":{"@id":"https:\/\/alcedrix.com\/shop\/vitadigest-15cps\/#primaryimage"},"thumbnailUrl":"https:\/\/alcedrix.com\/wp-content\/uploads\/2023\/09\/vitadigest-enzymes-1.png","datePublished":"2023-09-12T12:57:26+00:00","dateModified":"2024-07-25T13:32:07+00:00","breadcrumb":{"@id":"https:\/\/alcedrix.com\/shop\/vitadigest-15cps\/#breadcrumb"},"inLanguage":"sq","potentialAction":[{"@type":"ReadAction","target":["https:\/\/alcedrix.com\/shop\/vitadigest-15cps\/"]}]},{"@type":"ImageObject","inLanguage":"sq","@id":"https:\/\/alcedrix.com\/shop\/vitadigest-15cps\/#primaryimage","url":"https:\/\/alcedrix.com\/wp-content\/uploads\/2023\/09\/vitadigest-enzymes-1.png","contentUrl":"https:\/\/alcedrix.com\/wp-content\/uploads\/2023\/09\/vitadigest-enzymes-1.png","width":600,"height":600},{"@type":"BreadcrumbList","@id":"https:\/\/alcedrix.com\/shop\/vitadigest-15cps\/#breadcrumb","itemListElement":[{"@type":"ListItem","position":1,"name":"Home","item":"https:\/\/alcedrix.com\/"},{"@type":"ListItem","position":2,"name":"Shop","item":"https:\/\/alcedrix.com\/sq\/shop\/"},{"@type":"ListItem","position":3,"name":"Vitadigest\u00ae Enzymes"}]},{"@type":"WebSite","@id":"http:\/\/alcedrix.com\/#website","url":"http:\/\/alcedrix.com\/","name":"Alcedrix","description":"Alcedrix","publisher":{"@id":"http:\/\/alcedrix.com\/#organization"},"potentialAction":[{"@type":"SearchAction","target":{"@type":"EntryPoint","urlTemplate":"http:\/\/alcedrix.com\/?s={search_term_string}"},"query-input":{"@type":"PropertyValueSpecification","valueRequired":true,"valueName":"search_term_string"}}],"inLanguage":"sq"},{"@type":"Organization","@id":"http:\/\/alcedrix.com\/#organization","name":"Alcedrix","url":"http:\/\/alcedrix.com\/","logo":{"@type":"ImageObject","inLanguage":"sq","@id":"http:\/\/alcedrix.com\/#\/schema\/logo\/image\/","url":"http:\/\/3.126.27.25\/wp-content\/uploads\/2023\/08\/logo-web.png","contentUrl":"http:\/\/3.126.27.25\/wp-content\/uploads\/2023\/08\/logo-web.png","width":492,"height":93,"caption":"Alcedrix"},"image":{"@id":"http:\/\/alcedrix.com\/#\/schema\/logo\/image\/"},"sameAs":["https:\/\/www.facebook.com\/alcedrix","https:\/\/www.instagram.com\/alcedrix"]}]}},"_links":{"self":[{"href":"https:\/\/alcedrix.com\/sq\/wp-json\/wp\/v2\/product\/8067"}],"collection":[{"href":"https:\/\/alcedrix.com\/sq\/wp-json\/wp\/v2\/product"}],"about":[{"href":"https:\/\/alcedrix.com\/sq\/wp-json\/wp\/v2\/types\/product"}],"version-history":[{"count":1,"href":"https:\/\/alcedrix.com\/sq\/wp-json\/wp\/v2\/product\/8067\/revisions"}],"predecessor-version":[{"id":9373,"href":"https:\/\/alcedrix.com\/sq\/wp-json\/wp\/v2\/product\/8067\/revisions\/9373"}],"wp:featuredmedia":[{"embeddable":true,"href":"https:\/\/alcedrix.com\/sq\/wp-json\/wp\/v2\/media\/8068"}],"wp:attachment":[{"href":"https:\/\/alcedrix.com\/sq\/wp-json\/wp\/v2\/media?parent=8067"}],"wp:term":[{"taxonomy":"product_cat","embeddable":true,"href":"https:\/\/alcedrix.com\/sq\/wp-json\/wp\/v2\/product_cat?post=8067"},{"taxonomy":"product_tag","embeddable":true,"href":"https:\/\/alcedrix.com\/sq\/wp-json\/wp\/v2\/product_tag?post=8067"}],"curies":[{"name":"wp","href":"https:\/\/api.w.org\/{rel}","templated":true}]}}