{"id":8065,"date":"2023-09-12T12:53:15","date_gmt":"2023-09-12T12:53:15","guid":{"rendered":"http:\/\/3.126.27.25\/?post_type=product&#038;p=8065"},"modified":"2024-07-25T13:41:32","modified_gmt":"2024-07-25T13:41:32","slug":"vita-min-plus-senior","status":"publish","type":"product","link":"https:\/\/alcedrix.com\/sq\/shop\/vita-min-plus-senior\/","title":{"rendered":"Vita-min plus\u00ae Senior"},"content":{"rendered":"<p><strong>Vita-min plus\u00ae Senior<\/strong> \u00ebsht\u00eb nj\u00eb suplement vitaminash dhe mineralesh i pasuruar me lutein\u00eb, acid hialuronik dhe ekstrakt t\u00eb xhensenit korean.<\/p>\n<p>Nj\u00eb p\u00ebrb\u00ebrje komplekse e vitaminave dhe p\u00ebrb\u00ebr\u00ebsve mineral t\u00eb kelatuar, shum\u00eb t\u00eb absorbuesh\u00ebm nga Albion\u00ae i zhvilluar posa\u00e7\u00ebrisht p\u00ebr t\u00eb moshuarit, duke e b\u00ebr\u00eb t\u00eb leht\u00eb p\u00ebrmbushjen e marrjes s\u00eb rekomanduar ditore t\u00eb mikronutrient\u00ebve t\u00eb nevojsh\u00ebm; i pasuruar me lutein\u00eb, ekstrakt t\u00eb xhensenit korean dhe acid hialuronik p\u00ebr ruajtjen e pamjes s\u00eb sh\u00ebndetshme t\u00eb l\u00ebkur\u00ebs.<\/p>\n<p><strong>M\u00ebnyra e p\u00ebrdorimit:<\/strong> 1 kapsul\u00eb n\u00eb dit\u00eb. Konsumojeni me nj\u00eb sasi t\u00eb madhe uji.<\/p>","protected":false},"excerpt":{"rendered":"<p>Kompleks i vitaminave dedikuar gjinis\u00eb mashkullore.<\/p>","protected":false},"featured_media":8066,"template":"","meta":[],"product_cat":[109,106,96,104,101],"product_tag":[],"class_list":{"0":"post-8065","1":"product","2":"type-product","3":"status-publish","4":"has-post-thumbnail","6":"product_cat-mbrojtje","7":"product_cat-mireqenie-mendore-dhe-fizike","8":"product_cat-olimp","9":"product_cat-shtese-ushqimore","10":"product_cat-te-rritur","12":"first","13":"instock","14":"taxable","15":"shipping-taxable","16":"purchasable","17":"product-type-simple"},"yoast_head":"<!-- This site is optimized with the Yoast SEO plugin v23.6 - https:\/\/yoast.com\/wordpress\/plugins\/seo\/ -->\n<title>Vita-min plus\u00ae Senior - Alcedrix<\/title>\n<meta name=\"robots\" content=\"index, follow, max-snippet:-1, max-image-preview:large, max-video-preview:-1\" \/>\n<link rel=\"canonical\" href=\"https:\/\/alcedrix.com\/sq\/shop\/vita-min-plus-senior\/\" \/>\n<meta property=\"og:locale\" content=\"sq_AL\" \/>\n<meta property=\"og:type\" content=\"article\" \/>\n<meta property=\"og:title\" content=\"Vita-min plus\u00ae Senior - Alcedrix\" \/>\n<meta property=\"og:description\" content=\"Kompleks i vitaminave dedikuar gjinis\u00eb mashkullore.\" \/>\n<meta property=\"og:url\" content=\"https:\/\/alcedrix.com\/sq\/shop\/vita-min-plus-senior\/\" \/>\n<meta property=\"og:site_name\" content=\"Alcedrix\" \/>\n<meta property=\"article:publisher\" content=\"https:\/\/www.facebook.com\/alcedrix\" \/>\n<meta property=\"article:modified_time\" content=\"2024-07-25T13:41:32+00:00\" \/>\n<meta property=\"og:image\" content=\"https:\/\/alcedrix.com\/wp-content\/uploads\/2023\/09\/vitamin-senior.png\" \/>\n\t<meta property=\"og:image:width\" content=\"600\" \/>\n\t<meta property=\"og:image:height\" content=\"600\" \/>\n\t<meta property=\"og:image:type\" content=\"image\/png\" \/>\n<meta name=\"twitter:card\" content=\"summary_large_image\" \/>\n<meta name=\"twitter:label1\" content=\"Est. reading time\" \/>\n\t<meta name=\"twitter:data1\" content=\"1 minut\u00eb\" \/>\n<script type=\"application\/ld+json\" class=\"yoast-schema-graph\">{\"@context\":\"https:\/\/schema.org\",\"@graph\":[{\"@type\":\"WebPage\",\"@id\":\"https:\/\/alcedrix.com\/shop\/vita-min-plus-senior\/\",\"url\":\"https:\/\/alcedrix.com\/shop\/vita-min-plus-senior\/\",\"name\":\"Vita-min plus\u00ae Senior - Alcedrix\",\"isPartOf\":{\"@id\":\"http:\/\/alcedrix.com\/#website\"},\"primaryImageOfPage\":{\"@id\":\"https:\/\/alcedrix.com\/shop\/vita-min-plus-senior\/#primaryimage\"},\"image\":{\"@id\":\"https:\/\/alcedrix.com\/shop\/vita-min-plus-senior\/#primaryimage\"},\"thumbnailUrl\":\"https:\/\/alcedrix.com\/wp-content\/uploads\/2023\/09\/vitamin-senior.png\",\"datePublished\":\"2023-09-12T12:53:15+00:00\",\"dateModified\":\"2024-07-25T13:41:32+00:00\",\"breadcrumb\":{\"@id\":\"https:\/\/alcedrix.com\/shop\/vita-min-plus-senior\/#breadcrumb\"},\"inLanguage\":\"sq\",\"potentialAction\":[{\"@type\":\"ReadAction\",\"target\":[\"https:\/\/alcedrix.com\/shop\/vita-min-plus-senior\/\"]}]},{\"@type\":\"ImageObject\",\"inLanguage\":\"sq\",\"@id\":\"https:\/\/alcedrix.com\/shop\/vita-min-plus-senior\/#primaryimage\",\"url\":\"https:\/\/alcedrix.com\/wp-content\/uploads\/2023\/09\/vitamin-senior.png\",\"contentUrl\":\"https:\/\/alcedrix.com\/wp-content\/uploads\/2023\/09\/vitamin-senior.png\",\"width\":600,\"height\":600},{\"@type\":\"BreadcrumbList\",\"@id\":\"https:\/\/alcedrix.com\/shop\/vita-min-plus-senior\/#breadcrumb\",\"itemListElement\":[{\"@type\":\"ListItem\",\"position\":1,\"name\":\"Home\",\"item\":\"https:\/\/alcedrix.com\/\"},{\"@type\":\"ListItem\",\"position\":2,\"name\":\"Shop\",\"item\":\"https:\/\/alcedrix.com\/shop\/\"},{\"@type\":\"ListItem\",\"position\":3,\"name\":\"Vita-min plus\u00ae Senior\"}]},{\"@type\":\"WebSite\",\"@id\":\"http:\/\/alcedrix.com\/#website\",\"url\":\"http:\/\/alcedrix.com\/\",\"name\":\"Alcedrix\",\"description\":\"Alcedrix\",\"publisher\":{\"@id\":\"http:\/\/alcedrix.com\/#organization\"},\"potentialAction\":[{\"@type\":\"SearchAction\",\"target\":{\"@type\":\"EntryPoint\",\"urlTemplate\":\"http:\/\/alcedrix.com\/?s={search_term_string}\"},\"query-input\":{\"@type\":\"PropertyValueSpecification\",\"valueRequired\":true,\"valueName\":\"search_term_string\"}}],\"inLanguage\":\"sq\"},{\"@type\":\"Organization\",\"@id\":\"http:\/\/alcedrix.com\/#organization\",\"name\":\"Alcedrix\",\"url\":\"http:\/\/alcedrix.com\/\",\"logo\":{\"@type\":\"ImageObject\",\"inLanguage\":\"sq\",\"@id\":\"http:\/\/alcedrix.com\/#\/schema\/logo\/image\/\",\"url\":\"http:\/\/3.126.27.25\/wp-content\/uploads\/2023\/08\/logo-web.png\",\"contentUrl\":\"http:\/\/3.126.27.25\/wp-content\/uploads\/2023\/08\/logo-web.png\",\"width\":492,\"height\":93,\"caption\":\"Alcedrix\"},\"image\":{\"@id\":\"http:\/\/alcedrix.com\/#\/schema\/logo\/image\/\"},\"sameAs\":[\"https:\/\/www.facebook.com\/alcedrix\",\"https:\/\/www.instagram.com\/alcedrix\"]}]}<\/script>\n<!-- \/ Yoast SEO plugin. -->","yoast_head_json":{"title":"Vita-min plus\u00ae Senior - Alcedrix","robots":{"index":"index","follow":"follow","max-snippet":"max-snippet:-1","max-image-preview":"max-image-preview:large","max-video-preview":"max-video-preview:-1"},"canonical":"https:\/\/alcedrix.com\/sq\/shop\/vita-min-plus-senior\/","og_locale":"sq_AL","og_type":"article","og_title":"Vita-min plus\u00ae Senior - Alcedrix","og_description":"Kompleks i vitaminave dedikuar gjinis\u00eb mashkullore.","og_url":"https:\/\/alcedrix.com\/sq\/shop\/vita-min-plus-senior\/","og_site_name":"Alcedrix","article_publisher":"https:\/\/www.facebook.com\/alcedrix","article_modified_time":"2024-07-25T13:41:32+00:00","og_image":[{"width":600,"height":600,"url":"https:\/\/alcedrix.com\/wp-content\/uploads\/2023\/09\/vitamin-senior.png","type":"image\/png"}],"twitter_card":"summary_large_image","twitter_misc":{"Est. reading time":"1 minut\u00eb"},"schema":{"@context":"https:\/\/schema.org","@graph":[{"@type":"WebPage","@id":"https:\/\/alcedrix.com\/shop\/vita-min-plus-senior\/","url":"https:\/\/alcedrix.com\/shop\/vita-min-plus-senior\/","name":"Vita-min plus\u00ae Senior - Alcedrix","isPartOf":{"@id":"http:\/\/alcedrix.com\/#website"},"primaryImageOfPage":{"@id":"https:\/\/alcedrix.com\/shop\/vita-min-plus-senior\/#primaryimage"},"image":{"@id":"https:\/\/alcedrix.com\/shop\/vita-min-plus-senior\/#primaryimage"},"thumbnailUrl":"https:\/\/alcedrix.com\/wp-content\/uploads\/2023\/09\/vitamin-senior.png","datePublished":"2023-09-12T12:53:15+00:00","dateModified":"2024-07-25T13:41:32+00:00","breadcrumb":{"@id":"https:\/\/alcedrix.com\/shop\/vita-min-plus-senior\/#breadcrumb"},"inLanguage":"sq","potentialAction":[{"@type":"ReadAction","target":["https:\/\/alcedrix.com\/shop\/vita-min-plus-senior\/"]}]},{"@type":"ImageObject","inLanguage":"sq","@id":"https:\/\/alcedrix.com\/shop\/vita-min-plus-senior\/#primaryimage","url":"https:\/\/alcedrix.com\/wp-content\/uploads\/2023\/09\/vitamin-senior.png","contentUrl":"https:\/\/alcedrix.com\/wp-content\/uploads\/2023\/09\/vitamin-senior.png","width":600,"height":600},{"@type":"BreadcrumbList","@id":"https:\/\/alcedrix.com\/shop\/vita-min-plus-senior\/#breadcrumb","itemListElement":[{"@type":"ListItem","position":1,"name":"Home","item":"https:\/\/alcedrix.com\/"},{"@type":"ListItem","position":2,"name":"Shop","item":"https:\/\/alcedrix.com\/shop\/"},{"@type":"ListItem","position":3,"name":"Vita-min plus\u00ae Senior"}]},{"@type":"WebSite","@id":"http:\/\/alcedrix.com\/#website","url":"http:\/\/alcedrix.com\/","name":"Alcedrix","description":"Alcedrix","publisher":{"@id":"http:\/\/alcedrix.com\/#organization"},"potentialAction":[{"@type":"SearchAction","target":{"@type":"EntryPoint","urlTemplate":"http:\/\/alcedrix.com\/?s={search_term_string}"},"query-input":{"@type":"PropertyValueSpecification","valueRequired":true,"valueName":"search_term_string"}}],"inLanguage":"sq"},{"@type":"Organization","@id":"http:\/\/alcedrix.com\/#organization","name":"Alcedrix","url":"http:\/\/alcedrix.com\/","logo":{"@type":"ImageObject","inLanguage":"sq","@id":"http:\/\/alcedrix.com\/#\/schema\/logo\/image\/","url":"http:\/\/3.126.27.25\/wp-content\/uploads\/2023\/08\/logo-web.png","contentUrl":"http:\/\/3.126.27.25\/wp-content\/uploads\/2023\/08\/logo-web.png","width":492,"height":93,"caption":"Alcedrix"},"image":{"@id":"http:\/\/alcedrix.com\/#\/schema\/logo\/image\/"},"sameAs":["https:\/\/www.facebook.com\/alcedrix","https:\/\/www.instagram.com\/alcedrix"]}]}},"_links":{"self":[{"href":"https:\/\/alcedrix.com\/sq\/wp-json\/wp\/v2\/product\/8065"}],"collection":[{"href":"https:\/\/alcedrix.com\/sq\/wp-json\/wp\/v2\/product"}],"about":[{"href":"https:\/\/alcedrix.com\/sq\/wp-json\/wp\/v2\/types\/product"}],"version-history":[{"count":1,"href":"https:\/\/alcedrix.com\/sq\/wp-json\/wp\/v2\/product\/8065\/revisions"}],"predecessor-version":[{"id":9374,"href":"https:\/\/alcedrix.com\/sq\/wp-json\/wp\/v2\/product\/8065\/revisions\/9374"}],"wp:featuredmedia":[{"embeddable":true,"href":"https:\/\/alcedrix.com\/sq\/wp-json\/wp\/v2\/media\/8066"}],"wp:attachment":[{"href":"https:\/\/alcedrix.com\/sq\/wp-json\/wp\/v2\/media?parent=8065"}],"wp:term":[{"taxonomy":"product_cat","embeddable":true,"href":"https:\/\/alcedrix.com\/sq\/wp-json\/wp\/v2\/product_cat?post=8065"},{"taxonomy":"product_tag","embeddable":true,"href":"https:\/\/alcedrix.com\/sq\/wp-json\/wp\/v2\/product_tag?post=8065"}],"curies":[{"name":"wp","href":"https:\/\/api.w.org\/{rel}","templated":true}]}}