{"id":8063,"date":"2023-09-12T12:48:10","date_gmt":"2023-09-12T12:48:10","guid":{"rendered":"http:\/\/3.126.27.25\/?post_type=product&#038;p=8063"},"modified":"2024-07-25T13:57:40","modified_gmt":"2024-07-25T13:57:40","slug":"vita-min-plus-mother-30-kapsula","status":"publish","type":"product","link":"https:\/\/alcedrix.com\/sq\/shop\/vita-min-plus-mother-30-kapsula\/","title":{"rendered":"Vita-min plus\u00ae Mother"},"content":{"rendered":"<p><strong>Vita-min plus\u00ae Mother<\/strong> \u00ebsht\u00eb shtes\u00eb ushqimore (p\u00ebrzierje e vitaminave dhe mineraleve) me p\u00ebrb\u00ebrje novatore dhe komplekse. P\u00ebrb\u00ebrja komplekse e vitaminave dhe forma Kelate e mineraleve, garantona bsorbim maksimal duke i p\u00ebrmbush nevojat p\u00ebr suplementim me mikroelemente, nevoja n\u00eb rritje e sip\u00ebr gjat\u00eb koh\u00ebs s\u00eb shtatz\u00ebnis\u00eb dhe gjidh\u00ebnies. Formulimi \u00ebsht\u00eb avancuar akoma me shtimin e ekstraktit t\u00eb boronic\u00ebs s\u00eb kuqe dhe acidit folik, t\u00eb cilat kontribuojn\u00eb n\u00eb rritjen normale t\u00eb indeve tek femrat q\u00eb planifikojn\u00eb apo jan\u00eb shtatz\u00ebna si dhe gjat\u00eb gjidh\u00ebnies.<\/p>\n<p>Produkti rekomandohet t\u00eb p\u00ebrdoret si shtes\u00eb e rregullt ditore:<\/p>\n<ul>\n<li>Gjat\u00eb shtatz\u00ebnis\u00eb dhe gjidh\u00ebnies.<\/li>\n<li>Me q\u00ebllim t\u00eb korrigjimit t\u00eb mang\u00ebsive t\u00eb vitaminave dhe mineraleve .<\/li>\n<li>N\u00ebse p\u00ebsoni gjendje depresioni, apatie ose form\u00eb fizike dhe mendore t\u00eb p\u00ebrkeq\u00ebsuar.<\/li>\n<li>N\u00eb rastet e ushqyerjes s\u00eb parregullt.<\/li>\n<li>Kur merret sasi e tep\u00ebrt e ila\u00e7eve dhe lloje t\u00eb caktuara t\u00eb er\u00ebzave dhe pijeve (kafe, cigare, pije alkoolike).<\/li>\n<li>Pas s\u00ebmundjeve dhe gjat\u00eb periudh\u00ebs s\u00eb rikuperimit.<\/li>\n<\/ul>\n<p>K\u00ebrkimet shkencore kan\u00eb v\u00ebrtetuar se:<\/p>\n<ul>\n<li><strong>Vitamina A<\/strong> ndihmon n\u00eb mir\u00ebmbajtje t\u00eb l\u00ebkur\u00ebs s\u00eb sh\u00ebndosh\u00eb, shikimit t\u00eb past\u00ebr dhe mir\u00ebmbajtjes s\u00eb sistemit imunitar. Gjithashtu mund\u00ebson mir\u00ebmbajtjen adekuate t\u00eb metabolizmit t\u00eb hekurit n\u00eb organiz\u00ebm.<\/li>\n<li><strong>Vitamina D<\/strong> ndihmon n\u00eb mir\u00ebqenien e sistemit skeletor, rregullimin e nivelit t\u00eb kalciumit n\u00eb organiz\u00ebm dhe mir\u00ebqenien e sistemit muskulor.<\/li>\n<li><strong>Vitamina E<\/strong> ndihmon n\u00eb mbrojtjen e e qelizave kund\u00ebr stresit oksidativ duke mbrojtur organizmin nga toksifikimi dhe duke ul sasin\u00eb e radikaleve t\u00eb lira.<\/li>\n<li><strong>Vitamina C<\/strong> nd\u00ebr t\u00eb tjera \u00ebsht\u00eb kontribusi m\u00eb i madh\u00eb i funksionimit normal t\u00eb sistemit imunitar, duke mbrojtur sistemin qelizor nga oksidimi. Vitamina C \u00ebsht\u00eb skajshm\u00ebrisht e r\u00ebnd\u00ebsishme n\u00eb shum\u00eb procese biokimike dhe metabolike, kontribuon n\u00eb formimin e kolagjenit duke ndihmuar funksionimin normal t\u00eb en\u00ebve t\u00eb gjakut.<\/li>\n<li><strong>Vitamina B1<\/strong> ndihmon n\u00eb funksionim normal t\u00eb sistemit nervor, metabolizmit energjik, zemr\u00ebs dhe funksioneve psikologjike.<\/li>\n<li><strong>Vitamina B2<\/strong> ndihmon n\u00eb uljen e nivelit t\u00eb lodhjes kronike, mir\u00ebmbajtjen e l\u00ebkur\u00ebs s\u00eb<br \/>\nsh\u00ebndosh\u00eb dhe funksionimin normal t\u00eb sistemit nervor dhe membran\u00ebs s\u00eb mukoz\u00ebs.<\/li>\n<li><strong>Vitamina B6<\/strong> ka shum\u00eb funksione t\u00eb r\u00ebnd\u00ebsishme n\u00eb organizmin ton\u00eb: \u00ebsht\u00eb p\u00ebrgjegj\u00ebs p\u00ebr mir\u00ebmbajtjen e metabolizmit t\u00eb proteinave, glikogjenit dhe homocistein\u00ebs. Ndihmon n\u00eb prodhimin e rruzave t\u00eb kuqe t\u00eb gjakut si dhe n\u00eb funksionimin normal t\u00eb sistemit nervor. \u00cbsht\u00eb nj\u00ebra prej vitaminave kryesore q\u00eb ndihmon n\u00eb rregullimin e proceseve hormonale.<\/li>\n<li><strong>Acidi Folik<\/strong> ndihmon n\u00eb prodhimin e indeve tek shtat\u00ebz\u00ebnat dhe n\u00ebnave gjat\u00eb gjidh\u00ebnies.<\/li>\n<li><strong>Vitamina B12<\/strong> Ndihmon n\u00eb prodhimin e rruzave t\u00eb kuqe t\u00eb gjakut si dhe n\u00eb funksionimin normal<br \/>\nt\u00eb sistemit nervor. Gjithashtu ndihmon n\u00eb uljen e nivelit t\u00eb lodhjes kronike.<\/li>\n<li><strong>Biotina<\/strong> ndihmon n\u00eb mir\u00ebmbajtjen e flok\u00ebve t\u00eb sh\u00ebndetshme, rregullimin e gjendjes s\u00eb l\u00ebkur\u00ebs dhe<br \/>\nmembran\u00ebs s\u00eb mukoz\u00ebs.<\/li>\n<li><strong>Acidi Pantotenik<\/strong> ndihmon n\u00eb funksionimin e sintez\u00ebs dhe metabolizmit t\u00eb vitamin\u00ebs D dhe disa neurotransmetuesve. Ndihmon n\u00eb mir\u00ebmbajtjen e nivelit t\u00eb aktivitetit mental.<\/li>\n<li><strong>Kalciumi<\/strong> \u00ebsht\u00eb mineral thelb\u00ebsor (kryesor) n\u00eb mir\u00ebqenien e sistemit skeletor (eshtrave, nyjeve dhe dh\u00ebmb\u00ebve).<\/li>\n<li><strong>Magnezi<\/strong> ul nivelin e lodhjes dhe rraskapitjes. Ndihmon n\u00eb funksionim normal t\u00eb sistemit nervor, relakson sistemin muskulor, ndihmon edhe n\u00eb sintez\u00ebn e proteinave dhe mir\u00ebmbajtjen e sh\u00ebndetit t\u00eb eshtrave dhe dh\u00ebmb\u00ebve.<\/li>\n<li><strong>Hekuri<\/strong> \u00ebsht\u00eb p\u00ebrgjegj\u00ebs p\u00ebr transportimin e oksigjenit gjat\u00eb gjith\u00eb trupit. Ndihmon n\u00eb prodhimin e rruzave t\u00eb kuqe dhe hemoglobin\u00ebs s\u00eb gjakut.<\/li>\n<li><strong>Zinku<\/strong> ka shum\u00eb funksione t\u00eb r\u00ebnd\u00ebsishme n\u00eb organiz\u00ebm: Ndihmon n\u00eb menaxhimin e sh\u00ebndetit t\u00eb eshtrave, thonj\u00ebve, flok\u00ebve dhe l\u00ebkur\u00ebs. Kontribuon n\u00eb sintez\u00eb t\u00eb proteinave dhe ADN-s\u00eb, ndihmon shum\u00eb n\u00eb funksionimin normal t\u00eb sistemit t\u00eb riprodhimit q\u00eb \u00ebsht\u00eb shum\u00eb me r\u00ebnd\u00ebsi p\u00ebr femrat q\u00eb planifikojn\u00eb shtatzani dhe meshkujt q\u00eb kan\u00eb sperm\u00eb m\u00eb t\u00eb dob\u00ebt.<\/li>\n<li><strong>Mangani<\/strong> ndihmon n\u00eb nd\u00ebrtimin e indeve lidh\u00ebse dhe mbrojtjen e tyre ndaj radikaleve t\u00eb lira.<\/li>\n<li><strong>Bakri<\/strong> ndihmon transportimin e hekurit n\u00eb organiz\u00ebm. Ka rol ky\u00e7 n\u00eb sh\u00ebndetin e flokut dhe pigmentit t\u00eb l\u00ebkur\u00ebs.<\/li>\n<li><strong>Jodi<\/strong> ndihmon n\u00eb prodhimin normal hormonal nga tiroidet dhe funksionimin e tyre. Nd\u00ebr t\u00eb tjera, ndihmon n\u00eb funksionimin normal t\u00eb sistemit kognitiv.<\/li>\n<\/ul>\n<p><strong>Sh\u00ebnim:<\/strong> P\u00ebr sigurin\u00eb e foshnj\u00ebs dhe n\u00ebn\u00ebs ne p\u00ebrdorim mineralet e kualitetit superior, amino-acidet kelat nga Albion\u00ae me absorbim t\u00eb lart\u00eb (Ferrochel\u00ae), me bioaktivitet dhe toleranc\u00eb t\u00eb lart\u00eb, t\u00eb v\u00ebrtetuara shkenc\u00ebrisht me studime disa vje\u00e7are. Kur t\u00eb k\u00ebrkoni minerale, shikoni vul\u00ebn Albion\u00ae Minerals sepse \u00ebsht\u00eb garanc\u00eb p\u00ebr produkt t\u00eb kualitetit t\u00eb lart\u00eb, me vlera t\u00eb v\u00ebrtetuara.<\/p>\n<p><strong>M\u00ebnyra e p\u00ebrdorimit:<\/strong> 1 kapsul\u00eb n\u00eb dit\u00eb. Konsumojeni me nj\u00eb sasi t\u00eb madhe uji.<\/p>","protected":false},"excerpt":{"rendered":"<p>Planifikim, shtatzani, gjidh\u00ebnie.<\/p>","protected":false},"featured_media":8064,"template":"","meta":[],"product_cat":[96,120,104,101],"product_tag":[],"class_list":{"0":"post-8063","1":"product","2":"type-product","3":"status-publish","4":"has-post-thumbnail","6":"product_cat-olimp","7":"product_cat-shtatzani","8":"product_cat-shtese-ushqimore","9":"product_cat-te-rritur","11":"first","12":"instock","13":"taxable","14":"shipping-taxable","15":"purchasable","16":"product-type-simple"},"yoast_head":"<!-- This site is optimized with the Yoast SEO plugin v23.6 - https:\/\/yoast.com\/wordpress\/plugins\/seo\/ -->\n<title>Vita-min plus\u00ae Mother - Alcedrix<\/title>\n<meta name=\"robots\" content=\"index, follow, max-snippet:-1, max-image-preview:large, max-video-preview:-1\" \/>\n<link rel=\"canonical\" href=\"https:\/\/alcedrix.com\/sq\/shop\/vita-min-plus-mother-30-kapsula\/\" \/>\n<meta property=\"og:locale\" content=\"sq_AL\" \/>\n<meta property=\"og:type\" content=\"article\" \/>\n<meta property=\"og:title\" content=\"Vita-min plus\u00ae Mother - Alcedrix\" \/>\n<meta property=\"og:description\" content=\"Planifikim, shtatzani, gjidh\u00ebnie.\" \/>\n<meta property=\"og:url\" content=\"https:\/\/alcedrix.com\/sq\/shop\/vita-min-plus-mother-30-kapsula\/\" \/>\n<meta property=\"og:site_name\" content=\"Alcedrix\" \/>\n<meta property=\"article:publisher\" content=\"https:\/\/www.facebook.com\/alcedrix\" \/>\n<meta property=\"article:modified_time\" content=\"2024-07-25T13:57:40+00:00\" \/>\n<meta property=\"og:image\" content=\"https:\/\/alcedrix.com\/wp-content\/uploads\/2023\/09\/vitamin-plus-mother.png\" \/>\n\t<meta property=\"og:image:width\" content=\"600\" \/>\n\t<meta property=\"og:image:height\" content=\"600\" \/>\n\t<meta property=\"og:image:type\" content=\"image\/png\" \/>\n<meta name=\"twitter:card\" content=\"summary_large_image\" \/>\n<meta name=\"twitter:label1\" content=\"Est. reading time\" \/>\n\t<meta name=\"twitter:data1\" content=\"4 minuta\" \/>\n<script type=\"application\/ld+json\" class=\"yoast-schema-graph\">{\"@context\":\"https:\/\/schema.org\",\"@graph\":[{\"@type\":\"WebPage\",\"@id\":\"https:\/\/alcedrix.com\/shop\/vita-min-plus-mother-30-kapsula\/\",\"url\":\"https:\/\/alcedrix.com\/shop\/vita-min-plus-mother-30-kapsula\/\",\"name\":\"Vita-min plus\u00ae Mother - Alcedrix\",\"isPartOf\":{\"@id\":\"http:\/\/alcedrix.com\/#website\"},\"primaryImageOfPage\":{\"@id\":\"https:\/\/alcedrix.com\/shop\/vita-min-plus-mother-30-kapsula\/#primaryimage\"},\"image\":{\"@id\":\"https:\/\/alcedrix.com\/shop\/vita-min-plus-mother-30-kapsula\/#primaryimage\"},\"thumbnailUrl\":\"https:\/\/alcedrix.com\/wp-content\/uploads\/2023\/09\/vitamin-plus-mother.png\",\"datePublished\":\"2023-09-12T12:48:10+00:00\",\"dateModified\":\"2024-07-25T13:57:40+00:00\",\"breadcrumb\":{\"@id\":\"https:\/\/alcedrix.com\/shop\/vita-min-plus-mother-30-kapsula\/#breadcrumb\"},\"inLanguage\":\"sq\",\"potentialAction\":[{\"@type\":\"ReadAction\",\"target\":[\"https:\/\/alcedrix.com\/shop\/vita-min-plus-mother-30-kapsula\/\"]}]},{\"@type\":\"ImageObject\",\"inLanguage\":\"sq\",\"@id\":\"https:\/\/alcedrix.com\/shop\/vita-min-plus-mother-30-kapsula\/#primaryimage\",\"url\":\"https:\/\/alcedrix.com\/wp-content\/uploads\/2023\/09\/vitamin-plus-mother.png\",\"contentUrl\":\"https:\/\/alcedrix.com\/wp-content\/uploads\/2023\/09\/vitamin-plus-mother.png\",\"width\":600,\"height\":600},{\"@type\":\"BreadcrumbList\",\"@id\":\"https:\/\/alcedrix.com\/shop\/vita-min-plus-mother-30-kapsula\/#breadcrumb\",\"itemListElement\":[{\"@type\":\"ListItem\",\"position\":1,\"name\":\"Home\",\"item\":\"https:\/\/alcedrix.com\/\"},{\"@type\":\"ListItem\",\"position\":2,\"name\":\"Shop\",\"item\":\"https:\/\/alcedrix.com\/shop\/\"},{\"@type\":\"ListItem\",\"position\":3,\"name\":\"Vita-min plus\u00ae Mother\"}]},{\"@type\":\"WebSite\",\"@id\":\"http:\/\/alcedrix.com\/#website\",\"url\":\"http:\/\/alcedrix.com\/\",\"name\":\"Alcedrix\",\"description\":\"Alcedrix\",\"publisher\":{\"@id\":\"http:\/\/alcedrix.com\/#organization\"},\"potentialAction\":[{\"@type\":\"SearchAction\",\"target\":{\"@type\":\"EntryPoint\",\"urlTemplate\":\"http:\/\/alcedrix.com\/?s={search_term_string}\"},\"query-input\":{\"@type\":\"PropertyValueSpecification\",\"valueRequired\":true,\"valueName\":\"search_term_string\"}}],\"inLanguage\":\"sq\"},{\"@type\":\"Organization\",\"@id\":\"http:\/\/alcedrix.com\/#organization\",\"name\":\"Alcedrix\",\"url\":\"http:\/\/alcedrix.com\/\",\"logo\":{\"@type\":\"ImageObject\",\"inLanguage\":\"sq\",\"@id\":\"http:\/\/alcedrix.com\/#\/schema\/logo\/image\/\",\"url\":\"http:\/\/3.126.27.25\/wp-content\/uploads\/2023\/08\/logo-web.png\",\"contentUrl\":\"http:\/\/3.126.27.25\/wp-content\/uploads\/2023\/08\/logo-web.png\",\"width\":492,\"height\":93,\"caption\":\"Alcedrix\"},\"image\":{\"@id\":\"http:\/\/alcedrix.com\/#\/schema\/logo\/image\/\"},\"sameAs\":[\"https:\/\/www.facebook.com\/alcedrix\",\"https:\/\/www.instagram.com\/alcedrix\"]}]}<\/script>\n<!-- \/ Yoast SEO plugin. -->","yoast_head_json":{"title":"Vita-min plus\u00ae Mother - Alcedrix","robots":{"index":"index","follow":"follow","max-snippet":"max-snippet:-1","max-image-preview":"max-image-preview:large","max-video-preview":"max-video-preview:-1"},"canonical":"https:\/\/alcedrix.com\/sq\/shop\/vita-min-plus-mother-30-kapsula\/","og_locale":"sq_AL","og_type":"article","og_title":"Vita-min plus\u00ae Mother - Alcedrix","og_description":"Planifikim, shtatzani, gjidh\u00ebnie.","og_url":"https:\/\/alcedrix.com\/sq\/shop\/vita-min-plus-mother-30-kapsula\/","og_site_name":"Alcedrix","article_publisher":"https:\/\/www.facebook.com\/alcedrix","article_modified_time":"2024-07-25T13:57:40+00:00","og_image":[{"width":600,"height":600,"url":"https:\/\/alcedrix.com\/wp-content\/uploads\/2023\/09\/vitamin-plus-mother.png","type":"image\/png"}],"twitter_card":"summary_large_image","twitter_misc":{"Est. reading time":"4 minuta"},"schema":{"@context":"https:\/\/schema.org","@graph":[{"@type":"WebPage","@id":"https:\/\/alcedrix.com\/shop\/vita-min-plus-mother-30-kapsula\/","url":"https:\/\/alcedrix.com\/shop\/vita-min-plus-mother-30-kapsula\/","name":"Vita-min plus\u00ae Mother - Alcedrix","isPartOf":{"@id":"http:\/\/alcedrix.com\/#website"},"primaryImageOfPage":{"@id":"https:\/\/alcedrix.com\/shop\/vita-min-plus-mother-30-kapsula\/#primaryimage"},"image":{"@id":"https:\/\/alcedrix.com\/shop\/vita-min-plus-mother-30-kapsula\/#primaryimage"},"thumbnailUrl":"https:\/\/alcedrix.com\/wp-content\/uploads\/2023\/09\/vitamin-plus-mother.png","datePublished":"2023-09-12T12:48:10+00:00","dateModified":"2024-07-25T13:57:40+00:00","breadcrumb":{"@id":"https:\/\/alcedrix.com\/shop\/vita-min-plus-mother-30-kapsula\/#breadcrumb"},"inLanguage":"sq","potentialAction":[{"@type":"ReadAction","target":["https:\/\/alcedrix.com\/shop\/vita-min-plus-mother-30-kapsula\/"]}]},{"@type":"ImageObject","inLanguage":"sq","@id":"https:\/\/alcedrix.com\/shop\/vita-min-plus-mother-30-kapsula\/#primaryimage","url":"https:\/\/alcedrix.com\/wp-content\/uploads\/2023\/09\/vitamin-plus-mother.png","contentUrl":"https:\/\/alcedrix.com\/wp-content\/uploads\/2023\/09\/vitamin-plus-mother.png","width":600,"height":600},{"@type":"BreadcrumbList","@id":"https:\/\/alcedrix.com\/shop\/vita-min-plus-mother-30-kapsula\/#breadcrumb","itemListElement":[{"@type":"ListItem","position":1,"name":"Home","item":"https:\/\/alcedrix.com\/"},{"@type":"ListItem","position":2,"name":"Shop","item":"https:\/\/alcedrix.com\/shop\/"},{"@type":"ListItem","position":3,"name":"Vita-min plus\u00ae Mother"}]},{"@type":"WebSite","@id":"http:\/\/alcedrix.com\/#website","url":"http:\/\/alcedrix.com\/","name":"Alcedrix","description":"Alcedrix","publisher":{"@id":"http:\/\/alcedrix.com\/#organization"},"potentialAction":[{"@type":"SearchAction","target":{"@type":"EntryPoint","urlTemplate":"http:\/\/alcedrix.com\/?s={search_term_string}"},"query-input":{"@type":"PropertyValueSpecification","valueRequired":true,"valueName":"search_term_string"}}],"inLanguage":"sq"},{"@type":"Organization","@id":"http:\/\/alcedrix.com\/#organization","name":"Alcedrix","url":"http:\/\/alcedrix.com\/","logo":{"@type":"ImageObject","inLanguage":"sq","@id":"http:\/\/alcedrix.com\/#\/schema\/logo\/image\/","url":"http:\/\/3.126.27.25\/wp-content\/uploads\/2023\/08\/logo-web.png","contentUrl":"http:\/\/3.126.27.25\/wp-content\/uploads\/2023\/08\/logo-web.png","width":492,"height":93,"caption":"Alcedrix"},"image":{"@id":"http:\/\/alcedrix.com\/#\/schema\/logo\/image\/"},"sameAs":["https:\/\/www.facebook.com\/alcedrix","https:\/\/www.instagram.com\/alcedrix"]}]}},"_links":{"self":[{"href":"https:\/\/alcedrix.com\/sq\/wp-json\/wp\/v2\/product\/8063"}],"collection":[{"href":"https:\/\/alcedrix.com\/sq\/wp-json\/wp\/v2\/product"}],"about":[{"href":"https:\/\/alcedrix.com\/sq\/wp-json\/wp\/v2\/types\/product"}],"version-history":[{"count":1,"href":"https:\/\/alcedrix.com\/sq\/wp-json\/wp\/v2\/product\/8063\/revisions"}],"predecessor-version":[{"id":9375,"href":"https:\/\/alcedrix.com\/sq\/wp-json\/wp\/v2\/product\/8063\/revisions\/9375"}],"wp:featuredmedia":[{"embeddable":true,"href":"https:\/\/alcedrix.com\/sq\/wp-json\/wp\/v2\/media\/8064"}],"wp:attachment":[{"href":"https:\/\/alcedrix.com\/sq\/wp-json\/wp\/v2\/media?parent=8063"}],"wp:term":[{"taxonomy":"product_cat","embeddable":true,"href":"https:\/\/alcedrix.com\/sq\/wp-json\/wp\/v2\/product_cat?post=8063"},{"taxonomy":"product_tag","embeddable":true,"href":"https:\/\/alcedrix.com\/sq\/wp-json\/wp\/v2\/product_tag?post=8063"}],"curies":[{"name":"wp","href":"https:\/\/api.w.org\/{rel}","templated":true}]}}